{"id":3644,"date":"2020-10-05T15:31:50","date_gmt":"2020-10-05T15:31:50","guid":{"rendered":"https:\/\/distribucionarc.com\/?post_type=product&#038;p=3644"},"modified":"2025-05-08T22:52:56","modified_gmt":"2025-05-08T20:52:56","slug":"polnilni-stroj-viskozne-tekocine-oljni-detergent-500-do-5000ml-2","status":"publish","type":"product","link":"https:\/\/distribucionarc.com\/sl\/producto\/embotelladora-de-agua-liquidos-lejia-reactivos-zumo-1000-5000ml\/","title":{"rendered":"Polnilni stroj za vodo, teko\u010dine, belilo, reagente, sok 1000-5000 ml"},"content":{"rendered":"<h2 data-start=\"380\" data-end=\"461\">\ud83e\uddf4 Pnevmatski sesalni polnilnik za \u017eivilske teko\u010dine \u2013 1000 do 5000 ml<\/h2>\n<p data-start=\"463\" data-end=\"882\">The <strong data-start=\"466\" data-end=\"512\">sesalno polnilo s pnevmatskim batom<\/strong> Gre za stroj, zasnovan za <strong data-start=\"545\" data-end=\"618\">Polnjenje \u017eivilskih teko\u010din in izdelkov srednje do nizke viskoznosti<\/strong>, brez usedlin. Idealen je za pakiranje velikih koli\u010din, kot so 1-litrske steklenice, 3-litrske karafe ali posode do 5 litrov, in omogo\u010da <strong data-start=\"769\" data-end=\"817\">neposredno povezavo z zunanjimi repozitoriji<\/strong> s cevjo ali integrirano v linearne polnilne sisteme.<\/p>\n<p data-start=\"884\" data-end=\"1215\">Zaradi svoje strukture v <strong data-start=\"911\" data-end=\"967\">Polirano nerjave\u010de jeklo \u017eivilske kakovosti (SS304)<\/strong>To polnilo ustreza standardom GMP in je odporno proti koroziji, enostavno za \u010di\u0161\u010denje in vzdr\u017eevanje. Visoko natan\u010den pnevmatski bat omogo\u010da nastavitev tako <strong data-start=\"1138\" data-end=\"1178\">prostornina kot hitrost polnjenja<\/strong> glede na proizvodne potrebe.<\/p>\n<p data-start=\"1217\" data-end=\"1472\">Priporo\u010dljivo je za izdelke <strong data-start=\"1246\" data-end=\"1282\">brez delcev ali trdnih sledi<\/strong>, saj je sistem sesalnih in rotacijskih ventilov optimiziran za homogene teko\u010dine. Ta stroj ni primeren za izdelke z visoko viskoznostjo ali izdelke, ki lahko povzro\u010dijo zama\u0161itev.<\/p>\n<h3 data-start=\"1474\" data-end=\"1508\">Primeri idealnih izdelkov:<\/h3>\n<ul data-start=\"1510\" data-end=\"1805\">\n<li data-start=\"1510\" data-end=\"1534\">\n<p data-start=\"1512\" data-end=\"1534\">\ud83e\udd64 <strong data-start=\"1515\" data-end=\"1534\">Sokovi brez pulpe<\/strong><\/p>\n<\/li>\n<li data-start=\"1535\" data-end=\"1585\">\n<p data-start=\"1537\" data-end=\"1585\">\ud83e\udd5b <strong data-start=\"1540\" data-end=\"1585\">Zelenjavne pija\u010de (sojine, ovsene, mandljeve)<\/strong><\/p>\n<\/li>\n<li data-start=\"1586\" data-end=\"1618\">\n<p data-start=\"1588\" data-end=\"1618\">\ud83c\udf76 <strong data-start=\"1591\" data-end=\"1618\">Rafinirano rastlinsko olje<\/strong><\/p>\n<\/li>\n<li data-start=\"1619\" data-end=\"1651\">\n<p data-start=\"1621\" data-end=\"1651\">\ud83e\uddc3 <strong data-start=\"1624\" data-end=\"1651\">Bistri teko\u010di sirupi<\/strong><\/p>\n<\/li>\n<li data-start=\"1652\" data-end=\"1686\">\n<p data-start=\"1654\" data-end=\"1686\">\ud83d\udca7 <strong data-start=\"1657\" data-end=\"1686\">Aromatizirana ali mineralna voda<\/strong><\/p>\n<\/li>\n<li data-start=\"1687\" data-end=\"1715\">\n<p data-start=\"1689\" data-end=\"1715\">\ud83e\uddf4 <strong data-start=\"1692\" data-end=\"1715\">Hidroalkoholni gel<\/strong><\/p>\n<\/li>\n<li data-start=\"1716\" data-end=\"1747\">\n<p data-start=\"1718\" data-end=\"1747\">\ud83c\udf77 <strong data-start=\"1721\" data-end=\"1747\">Vina in brezalkoholne \u017egane pija\u010de<\/strong><\/p>\n<\/li>\n<li data-start=\"1748\" data-end=\"1805\">\n<p data-start=\"1750\" data-end=\"1805\">\ud83e\uddea <strong data-start=\"1753\" data-end=\"1805\">Teko\u010de raztopine za \u017eivila in farmacevtske izdelke<\/strong><\/p>\n<\/li>\n<\/ul>\n<h3 data-start=\"1807\" data-end=\"1836\">Primeri prakti\u010dne uporabe:<\/h3>\n<ul data-start=\"1838\" data-end=\"2098\">\n<li data-start=\"1838\" data-end=\"1923\">\n<p data-start=\"1840\" data-end=\"1923\">Polnjenje <strong data-start=\"1851\" data-end=\"1878\">1-litrske PET steklenice<\/strong> na polavtomatski polnilni liniji<\/p>\n<\/li>\n<li data-start=\"1924\" data-end=\"2021\">\n<p data-start=\"1926\" data-end=\"2021\">Odmerjanje <strong data-start=\"1940\" data-end=\"1959\">rafinirano olje<\/strong> iz 1000-litrskega IBC rezervoarja, priklju\u010denega s cevjo<\/p>\n<\/li>\n<li data-start=\"2022\" data-end=\"2098\">\n<p data-start=\"2024\" data-end=\"2098\">Embala\u017ea <strong data-start=\"2036\" data-end=\"2068\">sirupi ali teko\u010di ekstrakti<\/strong> v steklenicah od 3 do 5 litrov<\/p>\n<\/li>\n<\/ul>\n<p data-start=\"2100\" data-end=\"2293\">Zaradi majhne te\u017ee (25 kg) in kompaktnih dimenzij je ta stroj idealen za podjetja, ki potrebujejo prilagodljivo, ekonomi\u010dno in natan\u010dno re\u0161itev za polnjenje teko\u010din v velikih koli\u010dinah.<\/p>\n<p data-start=\"2295\" data-end=\"2519\">Vklju\u010duje <strong data-start=\"2303\" data-end=\"2336\">nastavljiva glava \u0161obe<\/strong>, sistem proti kapljanju, regulacija zra\u010dnega tlaka in lahko deluje v na\u010dinu <strong data-start=\"2413\" data-end=\"2444\">avtomatski ali polavtomatski<\/strong>. Certificiranje <strong data-start=\"2460\" data-end=\"2466\">ES<\/strong>, 2-letna garancija in prilagojena tehni\u010dna podpora.<\/p>\n<hr data-start=\"2521\" data-end=\"2524\" \/>\n<h3 data-start=\"2526\" data-end=\"2555\">Tehni\u010dne specifikacije<\/h3>\n<div class=\"_tableContainer_16hzy_1\">\n<div class=\"_tableWrapper_16hzy_14 group flex w-fit flex-col-reverse\" tabindex=\"-1\">\n<table class=\"w-fit min-w-(--thread-content-width)\" data-start=\"2557\" data-end=\"4281\">\n<thead data-start=\"2557\" data-end=\"2632\">\n<tr data-start=\"2557\" data-end=\"2632\">\n<th data-start=\"2557\" data-end=\"2591\" data-col-size=\"sm\">Funkcija<\/th>\n<th data-start=\"2591\" data-end=\"2632\" data-col-size=\"md\">Podrobnost<\/th>\n<\/tr>\n<\/thead>\n<tbody data-start=\"2709\" data-end=\"4281\">\n<tr data-start=\"2709\" data-end=\"2785\">\n<td data-start=\"2709\" data-end=\"2743\" data-col-size=\"sm\">Vrsta stroja<\/td>\n<td data-col-size=\"md\" data-start=\"2743\" data-end=\"2785\">Pnevmatsko sesalno polnilo<\/td>\n<\/tr>\n<tr data-start=\"2786\" data-end=\"2862\">\n<td data-start=\"2786\" data-end=\"2820\" data-col-size=\"sm\">Vrsta izdelkov<\/td>\n<td data-col-size=\"md\" data-start=\"2820\" data-end=\"2862\">Teko\u010de jedi brez usedlin<\/td>\n<\/tr>\n<tr data-start=\"2863\" data-end=\"2940\">\n<td data-start=\"2863\" data-end=\"2897\" data-col-size=\"sm\">Aplikacije<\/td>\n<td data-col-size=\"md\" data-start=\"2897\" data-end=\"2940\">Hrana, pija\u010da, farmacevtski izdelki<\/td>\n<\/tr>\n<tr data-start=\"2941\" data-end=\"3039\">\n<td data-start=\"2941\" data-end=\"2975\" data-col-size=\"sm\">Zdru\u017eljivi izdelki<\/td>\n<td data-col-size=\"md\" data-start=\"2975\" data-end=\"3039\">Sokovi, zelenjavne pija\u010de, sirupi, voda, hidroalkoholni gel<\/td>\n<\/tr>\n<tr data-start=\"3040\" data-end=\"3116\">\n<td data-start=\"3040\" data-end=\"3074\" data-col-size=\"sm\">Polnilni sistem<\/td>\n<td data-col-size=\"md\" data-start=\"3074\" data-end=\"3116\">Pnevmatski bat z rotacijskim ventilom<\/td>\n<\/tr>\n<tr data-start=\"3117\" data-end=\"3192\">\n<td data-start=\"3117\" data-end=\"3151\" data-col-size=\"sm\">Natan\u010dnost polnjenja<\/td>\n<td data-col-size=\"md\" data-start=\"3151\" data-end=\"3192\">\u00b11%<\/td>\n<\/tr>\n<tr data-start=\"3193\" data-end=\"3269\">\n<td data-start=\"3193\" data-end=\"3227\" data-col-size=\"sm\">Razpon polnjenja<\/td>\n<td data-col-size=\"md\" data-start=\"3227\" data-end=\"3269\">1000 ml \u2013 5000 ml<\/td>\n<\/tr>\n<tr data-start=\"3270\" data-end=\"3345\">\n<td data-start=\"3270\" data-end=\"3304\" data-col-size=\"sm\">Hitrost proizvodnje<\/td>\n<td data-col-size=\"md\" data-start=\"3304\" data-end=\"3345\">Do 40 posod na minuto<\/td>\n<\/tr>\n<tr data-start=\"3346\" data-end=\"3425\">\n<td data-start=\"3346\" data-end=\"3380\" data-col-size=\"sm\">Polnilna glava<\/td>\n<td data-col-size=\"md\" data-start=\"3380\" data-end=\"3425\">1 enota, nastavljiva s sistemom proti kapljanju<\/td>\n<\/tr>\n<tr data-start=\"3426\" data-end=\"3502\">\n<td data-start=\"3426\" data-end=\"3460\" data-col-size=\"sm\">Napajalnik<\/td>\n<td data-col-size=\"md\" data-start=\"3460\" data-end=\"3502\">220 V<\/td>\n<\/tr>\n<tr data-start=\"3503\" data-end=\"3579\">\n<td data-start=\"3503\" data-end=\"3537\" data-col-size=\"sm\">Delovni tlak<\/td>\n<td data-col-size=\"md\" data-start=\"3537\" data-end=\"3579\">0,4\u20130,9 MPa<\/td>\n<\/tr>\n<tr data-start=\"3580\" data-end=\"3655\">\n<td data-start=\"3580\" data-end=\"3614\" data-col-size=\"sm\">Material v stiku<\/td>\n<td data-col-size=\"md\" data-start=\"3614\" data-end=\"3655\">Polirano nerjave\u010de jeklo (SS304)<\/td>\n<\/tr>\n<tr data-start=\"3656\" data-end=\"3739\">\n<td data-start=\"3656\" data-end=\"3690\" data-col-size=\"sm\">Notranja povr\u0161ina<\/td>\n<td data-col-size=\"md\" data-start=\"3690\" data-end=\"3739\">Hrapavost Ra \u2264 0,2\u20130,4 \u03bcm (GMP certifikat)<\/td>\n<\/tr>\n<tr data-start=\"3740\" data-end=\"3815\">\n<td data-start=\"3740\" data-end=\"3774\" data-col-size=\"sm\">Na\u010dini delovanja<\/td>\n<td data-col-size=\"md\" data-start=\"3774\" data-end=\"3815\">Polavtomatsko \/ avtomatsko<\/td>\n<\/tr>\n<tr data-start=\"3816\" data-end=\"3896\">\n<td data-start=\"3816\" data-end=\"3850\" data-col-size=\"sm\">Vnos izdelka<\/td>\n<td data-col-size=\"md\" data-start=\"3850\" data-end=\"3896\">Lijak ali neposredna povezava prek cevi<\/td>\n<\/tr>\n<tr data-start=\"3897\" data-end=\"3973\">\n<td data-start=\"3897\" data-end=\"3931\" data-col-size=\"sm\">Dimenzije stroja<\/td>\n<td data-col-size=\"md\" data-start=\"3931\" data-end=\"3973\">1260 \u00d7 370 \u00d7 550 mm<\/td>\n<\/tr>\n<tr data-start=\"3974\" data-end=\"4050\">\n<td data-start=\"3974\" data-end=\"4008\" data-col-size=\"sm\">Te\u017ea<\/td>\n<td data-col-size=\"md\" data-start=\"4008\" data-end=\"4050\">25 kg<\/td>\n<\/tr>\n<tr data-start=\"4051\" data-end=\"4127\">\n<td data-start=\"4051\" data-end=\"4085\" data-col-size=\"sm\">Certificiranje<\/td>\n<td data-col-size=\"md\" data-start=\"4085\" data-end=\"4127\">ES<\/td>\n<\/tr>\n<tr data-start=\"4128\" data-end=\"4204\">\n<td data-start=\"4128\" data-end=\"4162\" data-col-size=\"sm\">Garancija<\/td>\n<td data-col-size=\"md\" data-start=\"4162\" data-end=\"4204\">2 leti<\/td>\n<\/tr>\n<tr data-start=\"4205\" data-end=\"4281\">\n<td data-start=\"4205\" data-end=\"4239\" data-col-size=\"sm\">Tehni\u010dna podpora<\/td>\n<td data-col-size=\"md\" data-start=\"4239\" data-end=\"4281\">Vklju\u010dno z<\/td>\n<\/tr>\n<\/tbody>\n<\/table>\n<\/div>\n<\/div>","protected":false},"excerpt":{"rendered":"<h2>Pnevmatsko sesalno batno polnjenje teko\u010dine za polnjenje, to\u010denje 1000-5000 ml?<\/h2>\n<p>1000ML \u27a1\ufe0f5000ML pnevmatski polnilni stroj za polnjenje \u0161amponov, olj, vode, parfumov<\/p>\n<p>polavtomatsko polnilo steklenic<\/p>\n<p>PNEVMATSKI POLNILNI STROJ ZA TEKO\u010cINE ZA \u0160AMPONE, OLJA, GELE ZA PARFUMSKO VODO<\/p>\n<p>1000ML \u27a1\ufe0f5000ML<\/p>\n<p>Dozirate lahko razli\u010dne vrste teko\u010din, kot so \u0161ampon, olje, voda, parfum in kemi\u010dni gel. Dozirate lahko razli\u010dne koli\u010dine izdelka od 1000 ml \u27a1\ufe0f5000 ml<\/p>","protected":false},"featured_media":3645,"comment_status":"open","ping_status":"closed","template":"","meta":{"wds_primary_product_brand":0,"wds_primary_product_cat":0},"product_brand":[],"product_cat":[18,19,321,21],"product_tag":[],"class_list":{"0":"post-3644","1":"product","2":"type-product","3":"status-publish","4":"has-post-thumbnail","6":"product_cat-dosificadoras","7":"product_cat-dosificadoras-de-liquidos","8":"product_cat-llenadoras-de-piston","9":"product_cat-maquinas-llenadoras","10":"product_shipping_class-express","12":"first","13":"instock","14":"sale","15":"taxable","16":"shipping-taxable","17":"purchasable","18":"product-type-simple"},"yoast_head":"<!-- This site is optimized with the Yoast SEO Premium plugin v24.9 (Yoast SEO v26.1) - https:\/\/yoast.com\/wordpress\/plugins\/seo\/ -->\n<title>Embotelladora de agua, l\u00edquidos, lej\u00eda, reactivos, zumo 1000-5000ml - distribuci\u00f3n ARC<\/title>\n<meta name=\"robots\" content=\"index, follow, max-snippet:-1, max-image-preview:large, max-video-preview:-1\" \/>\n<link rel=\"canonical\" href=\"https:\/\/distribucionarc.com\/sl\/izdelek\/polnilni-stroj-viskozne-tekocine-oljni-detergent-500-do-5000ml-2\/\" \/>\n<meta property=\"og:locale\" content=\"sl_SI\" \/>\n<meta property=\"og:type\" content=\"article\" \/>\n<meta property=\"og:title\" content=\"Embotelladora de agua, l\u00edquidos, lej\u00eda, reactivos, zumo 1000-5000ml\" \/>\n<meta property=\"og:description\" content=\"Llenadora de L\u00edquidos Pist\u00f3n Neum\u00e1tico por Succi\u00f3n Embotelladora, Dosificadora 1000-5000 ml? Dispositivo de embotellado neum\u00e1tico 1000ML \u27a1\ufe0f 5000ML m\u00e1quina de rellenar para el champ\u00fa, aceite, agua, perfume  llenadora de botellas semiautom\u00e1tica  MAQUINA DE LLENADO DE LIQUIDO NEUMATICA PARA CHAMPU, ACEITE, PERFUME DE AGUA GEL  1000 ML \u27a1\ufe0f 5000 ML  Usted puede dosificar diversas clases de l\u00edquidos como champ\u00fa, aceite, agua, perfume, y gel el producto qu\u00edmico. Puede dosificar diferentes cantidades de producto que van desde los 1000 Ml \u27a1\ufe0f5000 Ml\" \/>\n<meta property=\"og:url\" content=\"https:\/\/distribucionarc.com\/sl\/izdelek\/polnilni-stroj-viskozne-tekocine-oljni-detergent-500-do-5000ml-2\/\" \/>\n<meta property=\"og:site_name\" content=\"distribuci\u00f3n ARC\" \/>\n<meta property=\"article:modified_time\" content=\"2025-05-08T20:52:56+00:00\" \/>\n<meta property=\"og:image\" content=\"https:\/\/distribucionarc.com\/wp-content\/uploads\/2020\/10\/Llenadora-de-L\u00edquidos-Pist\u00f3n-Neum\u00e1tico-por-Succi\u00f3n-Embotelladora-Dosificadora-1000-5000-ml-0.jpg\" \/>\n\t<meta property=\"og:image:width\" content=\"1600\" \/>\n\t<meta property=\"og:image:height\" content=\"1600\" \/>\n\t<meta property=\"og:image:type\" content=\"image\/jpeg\" \/>\n<meta name=\"twitter:card\" content=\"summary_large_image\" \/>\n<meta name=\"twitter:label1\" content=\"Est. reading time\" \/>\n\t<meta name=\"twitter:data1\" content=\"3 minute\" \/>\n<script type=\"application\/ld+json\" class=\"yoast-schema-graph\">{\"@context\":\"https:\/\/schema.org\",\"@graph\":[{\"@type\":\"WebPage\",\"@id\":\"https:\/\/distribucionarc.com\/pt\/producto\/embotelladora-de-agua-liquidos-lejia-reactivos-zumo-1000-5000ml\/\",\"url\":\"https:\/\/distribucionarc.com\/pt\/producto\/embotelladora-de-agua-liquidos-lejia-reactivos-zumo-1000-5000ml\/\",\"name\":\"Embotelladora de agua, l\u00edquidos, lej\u00eda, reactivos, zumo 1000-5000ml - distribuci\u00f3n ARC\",\"isPartOf\":{\"@id\":\"https:\/\/www.distribucionarc.com\/tr\/#website\"},\"primaryImageOfPage\":{\"@id\":\"https:\/\/distribucionarc.com\/pt\/producto\/embotelladora-de-agua-liquidos-lejia-reactivos-zumo-1000-5000ml\/#primaryimage\"},\"image\":{\"@id\":\"https:\/\/distribucionarc.com\/pt\/producto\/embotelladora-de-agua-liquidos-lejia-reactivos-zumo-1000-5000ml\/#primaryimage\"},\"thumbnailUrl\":\"https:\/\/distribucionarc.com\/wp-content\/uploads\/2020\/10\/Llenadora-de-L\u00edquidos-Pist\u00f3n-Neum\u00e1tico-por-Succi\u00f3n-Embotelladora-Dosificadora-1000-5000-ml-0.jpg\",\"datePublished\":\"2020-10-05T15:31:50+00:00\",\"dateModified\":\"2025-05-08T20:52:56+00:00\",\"breadcrumb\":{\"@id\":\"https:\/\/distribucionarc.com\/pt\/producto\/embotelladora-de-agua-liquidos-lejia-reactivos-zumo-1000-5000ml\/#breadcrumb\"},\"inLanguage\":\"sl-SI\",\"potentialAction\":[{\"@type\":\"ReadAction\",\"target\":[\"https:\/\/distribucionarc.com\/pt\/producto\/embotelladora-de-agua-liquidos-lejia-reactivos-zumo-1000-5000ml\/\"]}]},{\"@type\":\"ImageObject\",\"inLanguage\":\"sl-SI\",\"@id\":\"https:\/\/distribucionarc.com\/pt\/producto\/embotelladora-de-agua-liquidos-lejia-reactivos-zumo-1000-5000ml\/#primaryimage\",\"url\":\"https:\/\/distribucionarc.com\/wp-content\/uploads\/2020\/10\/Llenadora-de-L\u00edquidos-Pist\u00f3n-Neum\u00e1tico-por-Succi\u00f3n-Embotelladora-Dosificadora-1000-5000-ml-0.jpg\",\"contentUrl\":\"https:\/\/distribucionarc.com\/wp-content\/uploads\/2020\/10\/Llenadora-de-L\u00edquidos-Pist\u00f3n-Neum\u00e1tico-por-Succi\u00f3n-Embotelladora-Dosificadora-1000-5000-ml-0.jpg\",\"width\":1600,\"height\":1600,\"caption\":\"liquid filling machine liquid filling machine automatic manual liquid filling machine pneumatic machine filling machine for liquid filling machine bottle filling machine filling machine rotary filling machine 50-500ml cream filling machine\"},{\"@type\":\"BreadcrumbList\",\"@id\":\"https:\/\/distribucionarc.com\/pt\/producto\/embotelladora-de-agua-liquidos-lejia-reactivos-zumo-1000-5000ml\/#breadcrumb\",\"itemListElement\":[{\"@type\":\"ListItem\",\"position\":1,\"name\":\"Portada\",\"item\":\"https:\/\/www.distribucionarc.com\/tr\/\"},{\"@type\":\"ListItem\",\"position\":2,\"name\":\"Produktai\",\"item\":\"https:\/\/distribucionarc.com\/lt\/parduotuve\/\"},{\"@type\":\"ListItem\",\"position\":3,\"name\":\"Embotelladora de agua, l\u00edquidos, lej\u00eda, reactivos, zumo 1000-5000ml\"}]},{\"@type\":\"WebSite\",\"@id\":\"https:\/\/www.distribucionarc.com\/tr\/#website\",\"url\":\"https:\/\/www.distribucionarc.com\/tr\/\",\"name\":\"distribuci\u00f3n ARC\",\"description\":\"Empresa especializada en la fabricaci\u00f3n y distribuci\u00f3n de maquinaria industrial, selladoras de latas, Maquinas de hacer pastillas, Maquinas de cortar carne...\",\"publisher\":{\"@id\":\"https:\/\/www.distribucionarc.com\/tr\/#organization\"},\"potentialAction\":[{\"@type\":\"SearchAction\",\"target\":{\"@type\":\"EntryPoint\",\"urlTemplate\":\"https:\/\/www.distribucionarc.com\/tr\/?s={search_term_string}\"},\"query-input\":{\"@type\":\"PropertyValueSpecification\",\"valueRequired\":true,\"valueName\":\"search_term_string\"}}],\"inLanguage\":\"sl-SI\"},{\"@type\":\"Organization\",\"@id\":\"https:\/\/www.distribucionarc.com\/tr\/#organization\",\"name\":\"Distribuci\u00f3n ARC\",\"url\":\"https:\/\/www.distribucionarc.com\/tr\/\",\"logo\":{\"@type\":\"ImageObject\",\"inLanguage\":\"sl-SI\",\"@id\":\"https:\/\/www.distribucionarc.com\/tr\/#\/schema\/logo\/image\/\",\"url\":\"https:\/\/distribucionarc.com\/wp-content\/uploads\/2024\/10\/distribucion-ARC-COLOR-SIN-FONDO-e1732295305345.png\",\"contentUrl\":\"https:\/\/distribucionarc.com\/wp-content\/uploads\/2024\/10\/distribucion-ARC-COLOR-SIN-FONDO-e1732295305345.png\",\"width\":1164,\"height\":558,\"caption\":\"Distribuci\u00f3n ARC\"},\"image\":{\"@id\":\"https:\/\/www.distribucionarc.com\/tr\/#\/schema\/logo\/image\/\"},\"description\":\"Empresa especializada en la fabricaci\u00f3n y distribuci\u00f3n de maquinaria industrial para los sectores alimentario y farmac\u00e9utico. Nos especializamos en: M\u00e1quinas de cortar carne Fabricaci\u00f3n de comprimidos Sistemas de transporte industrial L\u00edneas de embotellado Dosificadores Y mucho m\u00e1s... Ofrecemos soluciones innovadoras y personalizadas para optimizar los procesos productivos de tu empresa.\",\"email\":\"Admistracion@distribucionarc.com\",\"telephone\":\"+34 643496664\",\"legalName\":\"ARC TECH SOLUTIONS\",\"foundingDate\":\"2024-04-09\",\"vatID\":\"B55480172\",\"numberOfEmployees\":{\"@type\":\"QuantitativeValue\",\"minValue\":\"1\",\"maxValue\":\"10\"}}]}<\/script>\n<!-- \/ Yoast SEO Premium plugin. -->","yoast_head_json":{"title":"Stekleni\u010denje vode, teko\u010din, belil, reagentov, sokov 1000-5000ml - distribucija ARC","robots":{"index":"index","follow":"follow","max-snippet":"max-snippet:-1","max-image-preview":"max-image-preview:large","max-video-preview":"max-video-preview:-1"},"canonical":"https:\/\/distribucionarc.com\/sl\/izdelek\/polnilni-stroj-viskozne-tekocine-oljni-detergent-500-do-5000ml-2\/","og_locale":"sl_SI","og_type":"article","og_title":"Embotelladora de agua, l\u00edquidos, lej\u00eda, reactivos, zumo 1000-5000ml","og_description":"Llenadora de L\u00edquidos Pist\u00f3n Neum\u00e1tico por Succi\u00f3n Embotelladora, Dosificadora 1000-5000 ml? Dispositivo de embotellado neum\u00e1tico 1000ML \u27a1\ufe0f 5000ML m\u00e1quina de rellenar para el champ\u00fa, aceite, agua, perfume  llenadora de botellas semiautom\u00e1tica  MAQUINA DE LLENADO DE LIQUIDO NEUMATICA PARA CHAMPU, ACEITE, PERFUME DE AGUA GEL  1000 ML \u27a1\ufe0f 5000 ML  Usted puede dosificar diversas clases de l\u00edquidos como champ\u00fa, aceite, agua, perfume, y gel el producto qu\u00edmico. Puede dosificar diferentes cantidades de producto que van desde los 1000 Ml \u27a1\ufe0f5000 Ml","og_url":"https:\/\/distribucionarc.com\/sl\/izdelek\/polnilni-stroj-viskozne-tekocine-oljni-detergent-500-do-5000ml-2\/","og_site_name":"distribuci\u00f3n ARC","article_modified_time":"2025-05-08T20:52:56+00:00","og_image":[{"width":1600,"height":1600,"url":"https:\/\/distribucionarc.com\/wp-content\/uploads\/2020\/10\/Llenadora-de-L\u00edquidos-Pist\u00f3n-Neum\u00e1tico-por-Succi\u00f3n-Embotelladora-Dosificadora-1000-5000-ml-0.jpg","type":"image\/jpeg"}],"twitter_card":"summary_large_image","twitter_misc":{"Est. reading time":"3 minute"},"schema":{"@context":"https:\/\/schema.org","@graph":[{"@type":"WebPage","@id":"https:\/\/distribucionarc.com\/pt\/producto\/embotelladora-de-agua-liquidos-lejia-reactivos-zumo-1000-5000ml\/","url":"https:\/\/distribucionarc.com\/pt\/producto\/embotelladora-de-agua-liquidos-lejia-reactivos-zumo-1000-5000ml\/","name":"Stekleni\u010denje vode, teko\u010din, belil, reagentov, sokov 1000-5000ml - distribucija ARC","isPartOf":{"@id":"https:\/\/www.distribucionarc.com\/tr\/#website"},"primaryImageOfPage":{"@id":"https:\/\/distribucionarc.com\/pt\/producto\/embotelladora-de-agua-liquidos-lejia-reactivos-zumo-1000-5000ml\/#primaryimage"},"image":{"@id":"https:\/\/distribucionarc.com\/pt\/producto\/embotelladora-de-agua-liquidos-lejia-reactivos-zumo-1000-5000ml\/#primaryimage"},"thumbnailUrl":"https:\/\/distribucionarc.com\/wp-content\/uploads\/2020\/10\/Llenadora-de-L\u00edquidos-Pist\u00f3n-Neum\u00e1tico-por-Succi\u00f3n-Embotelladora-Dosificadora-1000-5000-ml-0.jpg","datePublished":"2020-10-05T15:31:50+00:00","dateModified":"2025-05-08T20:52:56+00:00","breadcrumb":{"@id":"https:\/\/distribucionarc.com\/pt\/producto\/embotelladora-de-agua-liquidos-lejia-reactivos-zumo-1000-5000ml\/#breadcrumb"},"inLanguage":"sl-SI","potentialAction":[{"@type":"ReadAction","target":["https:\/\/distribucionarc.com\/pt\/producto\/embotelladora-de-agua-liquidos-lejia-reactivos-zumo-1000-5000ml\/"]}]},{"@type":"ImageObject","inLanguage":"sl-SI","@id":"https:\/\/distribucionarc.com\/pt\/producto\/embotelladora-de-agua-liquidos-lejia-reactivos-zumo-1000-5000ml\/#primaryimage","url":"https:\/\/distribucionarc.com\/wp-content\/uploads\/2020\/10\/Llenadora-de-L\u00edquidos-Pist\u00f3n-Neum\u00e1tico-por-Succi\u00f3n-Embotelladora-Dosificadora-1000-5000-ml-0.jpg","contentUrl":"https:\/\/distribucionarc.com\/wp-content\/uploads\/2020\/10\/Llenadora-de-L\u00edquidos-Pist\u00f3n-Neum\u00e1tico-por-Succi\u00f3n-Embotelladora-Dosificadora-1000-5000-ml-0.jpg","width":1600,"height":1600,"caption":"liquid filling machine liquid filling machine automatic manual liquid filling machine pneumatic machine filling machine for liquid filling machine bottle filling machine filling machine rotary filling machine 50-500ml cream filling machine"},{"@type":"BreadcrumbList","@id":"https:\/\/distribucionarc.com\/pt\/producto\/embotelladora-de-agua-liquidos-lejia-reactivos-zumo-1000-5000ml\/#breadcrumb","itemListElement":[{"@type":"ListItem","position":1,"name":"Portada","item":"https:\/\/www.distribucionarc.com\/tr\/"},{"@type":"ListItem","position":2,"name":"Produktai","item":"https:\/\/distribucionarc.com\/lt\/parduotuve\/"},{"@type":"ListItem","position":3,"name":"Embotelladora de agua, l\u00edquidos, lej\u00eda, reactivos, zumo 1000-5000ml"}]},{"@type":"WebSite","@id":"https:\/\/www.distribucionarc.com\/tr\/#website","url":"https:\/\/www.distribucionarc.com\/tr\/","name":"ARC porazdelitev","description":"Podjetje je specializirano za proizvodnjo in distribucijo industrijskih strojev, strojev za zapiranje plo\u010devink, strojev za izdelavo tablet, strojev za rezanje mesa...","publisher":{"@id":"https:\/\/www.distribucionarc.com\/tr\/#organization"},"potentialAction":[{"@type":"SearchAction","target":{"@type":"EntryPoint","urlTemplate":"https:\/\/www.distribucionarc.com\/tr\/?s={search_term_string}"},"query-input":{"@type":"PropertyValueSpecification","valueRequired":true,"valueName":"search_term_string"}}],"inLanguage":"sl-SI"},{"@type":"Organization","@id":"https:\/\/www.distribucionarc.com\/tr\/#organization","name":"Distribucija ARC","url":"https:\/\/www.distribucionarc.com\/tr\/","logo":{"@type":"ImageObject","inLanguage":"sl-SI","@id":"https:\/\/www.distribucionarc.com\/tr\/#\/schema\/logo\/image\/","url":"https:\/\/distribucionarc.com\/wp-content\/uploads\/2024\/10\/distribucion-ARC-COLOR-SIN-FONDO-e1732295305345.png","contentUrl":"https:\/\/distribucionarc.com\/wp-content\/uploads\/2024\/10\/distribucion-ARC-COLOR-SIN-FONDO-e1732295305345.png","width":1164,"height":558,"caption":"Distribuci\u00f3n ARC"},"image":{"@id":"https:\/\/www.distribucionarc.com\/tr\/#\/schema\/logo\/image\/"},"description":"Podjetje, specializirano za proizvodnjo in distribucijo industrijskih strojev za \u017eivilski in farmacevtski sektor. Specializirani smo za: Stroji za rezanje mesa Proizvodnja tablet Industrijski transportni sistemi Stekleni\u010darske linije Dozirni stroji In \u0161e veliko ve\u010d... Ponujamo inovativne in prilagojene re\u0161itve za optimizacijo proizvodnih procesov va\u0161ega podjetja.","email":"Admistracion@distribucionarc.com","telephone":"+34 643496664","legalName":"ARC TECH SOLUTIONS","foundingDate":"2024-04-09","vatID":"B55480172","numberOfEmployees":{"@type":"QuantitativeValue","minValue":"1","maxValue":"10"}}]}},"_links":{"self":[{"href":"https:\/\/distribucionarc.com\/sl\/wp-json\/wp\/v2\/product\/3644","targetHints":{"allow":["GET"]}}],"collection":[{"href":"https:\/\/distribucionarc.com\/sl\/wp-json\/wp\/v2\/product"}],"about":[{"href":"https:\/\/distribucionarc.com\/sl\/wp-json\/wp\/v2\/types\/product"}],"replies":[{"embeddable":true,"href":"https:\/\/distribucionarc.com\/sl\/wp-json\/wp\/v2\/comments?post=3644"}],"version-history":[{"count":2,"href":"https:\/\/distribucionarc.com\/sl\/wp-json\/wp\/v2\/product\/3644\/revisions"}],"predecessor-version":[{"id":17471,"href":"https:\/\/distribucionarc.com\/sl\/wp-json\/wp\/v2\/product\/3644\/revisions\/17471"}],"wp:featuredmedia":[{"embeddable":true,"href":"https:\/\/distribucionarc.com\/sl\/wp-json\/wp\/v2\/media\/3645"}],"wp:attachment":[{"href":"https:\/\/distribucionarc.com\/sl\/wp-json\/wp\/v2\/media?parent=3644"}],"wp:term":[{"taxonomy":"product_brand","embeddable":true,"href":"https:\/\/distribucionarc.com\/sl\/wp-json\/wp\/v2\/product_brand?post=3644"},{"taxonomy":"product_cat","embeddable":true,"href":"https:\/\/distribucionarc.com\/sl\/wp-json\/wp\/v2\/product_cat?post=3644"},{"taxonomy":"product_tag","embeddable":true,"href":"https:\/\/distribucionarc.com\/sl\/wp-json\/wp\/v2\/product_tag?post=3644"}],"curies":[{"name":"delovni list","href":"https:\/\/api.w.org\/{rel}","templated":true}]}}