{"id":3679,"date":"2020-10-06T11:17:17","date_gmt":"2020-10-06T11:17:17","guid":{"rendered":"https:\/\/distribucionarc.com\/?post_type=product&#038;p=3679"},"modified":"2023-01-11T18:35:32","modified_gmt":"2023-01-11T18:35:32","slug":"razrezovalnik-industrijskih-tkanin","status":"publish","type":"product","link":"https:\/\/distribucionarc.com\/sl\/producto\/cortadora-de-tela-industrial\/","title":{"rendered":"industrijski stroj za rezanje blaga"},"content":{"rendered":"<h3>industrijski stroj za rezanje blaga<\/h3>\n<p>The<strong> stroj za rezanje blaga<\/strong> Opremljen je z napravo za bru\u0161enje. Po potrebi ga je mogo\u010de hitro in enostavno zamenjati brez razstavljanja rezila. On<strong> elektri\u010dni rezalnik rob\u010dkov <span style=\"color: #ff0000;\">TO<\/span><span style=\"color: #0000ff;\">R<\/span>c<\/strong> Uporablja visokokakovostna jeklena rezila, ki so ostra, trpe\u017ena in \u010dvrsta. Zunanji rob rezila je opremljen z za\u0161\u010ditnim pokrovom, ki zagotavlja varnost uporabnika.<\/p>\n<p>Ro\u010daj za <strong>rotacijski stroj za rezanje blaga<span style=\"color: #ff0000;\"> TO<\/span><span style=\"color: #0000ff;\">R<\/span>CCTE90<\/strong> Ima ergonomsko obliko, ki olaj\u0161a oprijem in postopek rezanja. Struktura, zasnovana za uporabo z eno roko, vam omogo\u010da ve\u010d udobja za natan\u010dnej\u0161e reze. Odebeljena podlaga je bolj stabilna in varna. Poleg tega prispeva k natan\u010dnej\u0161emu rezu brez napora.<\/p>\n<p>Elektri\u010dni rezalnik blaga je bistvena oprema za obla\u010dila in je primeren za natan\u010dno rezanje serij bomba\u017ea, volne, lanu, usnja itd.<\/p>\n<h6><strong>Garancija\u00a0<span style=\"color: #ff0000;\">TO<\/span><span style=\"color: #0000ff;\">R<\/span>C 2 LETI<\/strong><\/h6>\n<h6><span style=\"color: #008000;\">U\u010dinkovit rezalnik blaga, nizka poraba 165 W<\/span><\/h6>\n<h6><strong>vklju\u010dena tehni\u010dna podpora<\/strong><\/h6>\n<p>&nbsp;<\/p>\n<table role=\"presentation\" width=\"100%\" cellspacing=\"0\" cellpadding=\"0\">\n<tbody>\n<tr>\n<td class=\"attrLabels\">Znamka:<\/td>\n<td width=\"50.0%\">ARC<\/td>\n<\/tr>\n<tr>\n<td class=\"attrLabels\">Dr\u017eava distribucije:<\/td>\n<td width=\"50.0%\">\u0160panija, Nem\u010dija, ZDA<\/td>\n<td class=\"attrLabels\">Te\u017ea:<\/td>\n<td width=\"50.0%\">2,4 kg<\/td>\n<\/tr>\n<tr>\n<td class=\"attrLabels\">Garancija:<\/td>\n<td width=\"50.0%\">2 leti<\/td>\n<td class=\"attrLabels\">Vi\u0161ina:<\/td>\n<td width=\"50.0%\">21,8 cm<\/td>\n<\/tr>\n<tr>\n<td class=\"attrLabels\">barva:<\/td>\n<td width=\"50.0%\">Srebrna<\/td>\n<td class=\"attrLabels\">dolgo:<\/td>\n<td width=\"50.0%\">17,9 cm<\/td>\n<\/tr>\n<tr>\n<td class=\"attrLabels\">Vrsta izdelka:<\/td>\n<td width=\"50.0%\">Elektri\u010dni rezalnik blaga<\/td>\n<td class=\"attrLabels\">\u0160iroko:<\/td>\n<td width=\"50.0%\">8,9 cm<\/td>\n<\/tr>\n<tr>\n<td class=\"attrLabels\">\u0160tevilka proizvajalca:<\/td>\n<td width=\"50.0%\">ARCCTE90<\/td>\n<td class=\"attrLabels\">mo\u010d:<\/td>\n<td width=\"50.0%\">165 W<\/td>\n<\/tr>\n<tr>\n<td class=\"attrLabels\">Material:<\/td>\n<td width=\"50.0%\">nerjave\u010de jeklo, u\u010dinkovit motor,<\/td>\n<td class=\"attrLabels\">vhodna napetost<\/td>\n<td width=\"50.0%\">220V \u2013 60Hz<\/td>\n<\/tr>\n<tr>\n<td class=\"attrLabels\">Orodja za namestitev:<\/td>\n<td width=\"50.0%\">ja<\/td>\n<td class=\"attrLabels\">Velikost lista:<\/td>\n<td width=\"50.0%\">90 mm<\/td>\n<\/tr>\n<tr>\n<td class=\"attrLabels\">Delovanje:<\/td>\n<td width=\"50.0%\">Elektri\u010dni\/ro\u010dni<\/td>\n<td class=\"attrLabels\">Zmogljivost rezanja:<\/td>\n<td width=\"50.0%\">\u00a023 mm<\/td>\n<\/tr>\n<\/tbody>\n<\/table>","protected":false},"excerpt":{"rendered":"<h2>industrijski stroj za rezanje blaga<\/h2>\n<p>On <strong>ARC elektri\u010dni rotacijski rezalnik<\/strong> Odlikuje ga visokokakovostna ostra jeklena rezila. Miniaturni pogon in nereduktorji omogo\u010dajo <span style=\"color: #008000;\"><strong>motor<\/strong><\/span> biti<span style=\"color: #008000;\"><strong> energetsko u\u010dinkovita<\/strong><\/span>; hitro in enostavno rezanje tekstila. Pogosto se uporablja v industriji obla\u010dil, papirja, preprog, obrti, daril, pohi\u0161tva, oblazinjenja itd.<\/p>\n<h6><strong>Garancija\u00a0<span style=\"color: #ff0000;\">TO<\/span><span style=\"color: #0000ff;\">R<\/span>C 2 LETI<\/strong><\/h6>\n<h6><span style=\"color: #008000;\">U\u010dinkovit rezalnik blaga, nizka poraba 165 W<\/span><\/h6>\n<h6><strong>vklju\u010dena tehni\u010dna podpora<\/strong><\/h6>\n<p>&nbsp;<\/p>","protected":false},"featured_media":3686,"comment_status":"open","ping_status":"closed","template":"","meta":{"wds_primary_product_brand":0,"wds_primary_product_cat":0},"product_brand":[],"product_cat":[69],"product_tag":[],"class_list":{"0":"post-3679","1":"product","2":"type-product","3":"status-publish","4":"has-post-thumbnail","6":"product_cat-maquinas-variadas","7":"product_shipping_class-hosteleria","9":"first","10":"instock","11":"taxable","12":"shipping-taxable","13":"purchasable","14":"product-type-simple"},"yoast_head":"<!-- This site is optimized with the Yoast SEO Premium plugin v24.9 (Yoast SEO v26.1) - https:\/\/yoast.com\/wordpress\/plugins\/seo\/ -->\n<title>Cortadora de tela industrial - distribuci\u00f3n ARC<\/title>\n<meta name=\"robots\" content=\"index, follow, max-snippet:-1, max-image-preview:large, max-video-preview:-1\" \/>\n<link rel=\"canonical\" href=\"https:\/\/distribucionarc.com\/sl\/izdelek\/razrezovalnik-industrijskih-tkanin\/\" \/>\n<meta property=\"og:locale\" content=\"sl_SI\" \/>\n<meta property=\"og:type\" content=\"article\" \/>\n<meta property=\"og:title\" content=\"Cortadora de tela industrial\" \/>\n<meta property=\"og:description\" content=\"Cortadora de tela industrial El cortador rotatorio el\u00e9ctrico ARC cuenta con cuchillas de acero afiladas de alta calidad. El accionamiento en miniatura y engranajes sin reducci\u00f3n hacen que el motor sea energ\u00e9ticamente eficiente; cortando la materia textil r\u00e1pidamente y sin esfuerzo. Ampliamente utilizado en la industria de prendas de vestir, papel, alfombras, manualidades, regalos, muebles, tapizados, etc. Garant\u00eda\u00a0ARC 2 A\u00d1OS Cortadora de tela eficiente, bajo consumo 165w soporte t\u00e9cnico incluido &nbsp;\" \/>\n<meta property=\"og:url\" content=\"https:\/\/distribucionarc.com\/sl\/izdelek\/razrezovalnik-industrijskih-tkanin\/\" \/>\n<meta property=\"og:site_name\" content=\"distribuci\u00f3n ARC\" \/>\n<meta property=\"article:modified_time\" content=\"2023-01-11T18:35:32+00:00\" \/>\n<meta property=\"og:image\" content=\"https:\/\/distribucionarc.com\/wp-content\/uploads\/2020\/10\/Cortadora-de-tela-industrial-0.jpg\" \/>\n\t<meta property=\"og:image:width\" content=\"1600\" \/>\n\t<meta property=\"og:image:height\" content=\"1600\" \/>\n\t<meta property=\"og:image:type\" content=\"image\/jpeg\" \/>\n<meta name=\"twitter:card\" content=\"summary_large_image\" \/>\n<meta name=\"twitter:label1\" content=\"Est. reading time\" \/>\n\t<meta name=\"twitter:data1\" content=\"1 minuta\" \/>\n<script type=\"application\/ld+json\" class=\"yoast-schema-graph\">{\"@context\":\"https:\/\/schema.org\",\"@graph\":[{\"@type\":\"WebPage\",\"@id\":\"https:\/\/distribucionarc.com\/pt\/producto\/cortadora-de-tela-industrial\/\",\"url\":\"https:\/\/distribucionarc.com\/pt\/producto\/cortadora-de-tela-industrial\/\",\"name\":\"Cortadora de tela industrial - distribuci\u00f3n ARC\",\"isPartOf\":{\"@id\":\"https:\/\/distribucionarc.com\/de\/#website\"},\"primaryImageOfPage\":{\"@id\":\"https:\/\/distribucionarc.com\/pt\/producto\/cortadora-de-tela-industrial\/#primaryimage\"},\"image\":{\"@id\":\"https:\/\/distribucionarc.com\/pt\/producto\/cortadora-de-tela-industrial\/#primaryimage\"},\"thumbnailUrl\":\"https:\/\/distribucionarc.com\/wp-content\/uploads\/2020\/10\/Cortadora-de-tela-industrial-0.jpg\",\"datePublished\":\"2020-10-06T11:17:17+00:00\",\"dateModified\":\"2023-01-11T18:35:32+00:00\",\"breadcrumb\":{\"@id\":\"https:\/\/distribucionarc.com\/pt\/producto\/cortadora-de-tela-industrial\/#breadcrumb\"},\"inLanguage\":\"sl-SI\",\"potentialAction\":[{\"@type\":\"ReadAction\",\"target\":[\"https:\/\/distribucionarc.com\/pt\/producto\/cortadora-de-tela-industrial\/\"]}]},{\"@type\":\"ImageObject\",\"inLanguage\":\"sl-SI\",\"@id\":\"https:\/\/distribucionarc.com\/pt\/producto\/cortadora-de-tela-industrial\/#primaryimage\",\"url\":\"https:\/\/distribucionarc.com\/wp-content\/uploads\/2020\/10\/Cortadora-de-tela-industrial-0.jpg\",\"contentUrl\":\"https:\/\/distribucionarc.com\/wp-content\/uploads\/2020\/10\/Cortadora-de-tela-industrial-0.jpg\",\"width\":1600,\"height\":1600,\"caption\":\"Cortadora de tela industrial\"},{\"@type\":\"BreadcrumbList\",\"@id\":\"https:\/\/distribucionarc.com\/pt\/producto\/cortadora-de-tela-industrial\/#breadcrumb\",\"itemListElement\":[{\"@type\":\"ListItem\",\"position\":1,\"name\":\"Portada\",\"item\":\"https:\/\/distribucionarc.com\/pl\/\"},{\"@type\":\"ListItem\",\"position\":2,\"name\":\"Produkty\",\"item\":\"https:\/\/distribucionarc.com\/pl\/shop\/\"},{\"@type\":\"ListItem\",\"position\":3,\"name\":\"Cortadora de tela industrial\"}]},{\"@type\":\"WebSite\",\"@id\":\"https:\/\/distribucionarc.com\/de\/#website\",\"url\":\"https:\/\/distribucionarc.com\/de\/\",\"name\":\"distribuci\u00f3n ARC\",\"description\":\"Empresa especializada en la fabricaci\u00f3n y distribuci\u00f3n de maquinaria industrial, selladoras de latas, Maquinas de hacer pastillas, Maquinas de cortar carne...\",\"publisher\":{\"@id\":\"https:\/\/distribucionarc.com\/de\/#organization\"},\"potentialAction\":[{\"@type\":\"SearchAction\",\"target\":{\"@type\":\"EntryPoint\",\"urlTemplate\":\"https:\/\/distribucionarc.com\/de\/?s={search_term_string}\"},\"query-input\":{\"@type\":\"PropertyValueSpecification\",\"valueRequired\":true,\"valueName\":\"search_term_string\"}}],\"inLanguage\":\"sl-SI\"},{\"@type\":\"Organization\",\"@id\":\"https:\/\/distribucionarc.com\/de\/#organization\",\"name\":\"Distribuci\u00f3n ARC\",\"url\":\"https:\/\/distribucionarc.com\/de\/\",\"logo\":{\"@type\":\"ImageObject\",\"inLanguage\":\"sl-SI\",\"@id\":\"https:\/\/distribucionarc.com\/de\/#\/schema\/logo\/image\/\",\"url\":\"https:\/\/distribucionarc.com\/wp-content\/uploads\/2024\/10\/distribucion-ARC-COLOR-SIN-FONDO-e1732295305345.png\",\"contentUrl\":\"https:\/\/distribucionarc.com\/wp-content\/uploads\/2024\/10\/distribucion-ARC-COLOR-SIN-FONDO-e1732295305345.png\",\"width\":1164,\"height\":558,\"caption\":\"Distribuci\u00f3n ARC\"},\"image\":{\"@id\":\"https:\/\/distribucionarc.com\/de\/#\/schema\/logo\/image\/\"},\"description\":\"Empresa especializada en la fabricaci\u00f3n y distribuci\u00f3n de maquinaria industrial para los sectores alimentario y farmac\u00e9utico. Nos especializamos en: M\u00e1quinas de cortar carne Fabricaci\u00f3n de comprimidos Sistemas de transporte industrial L\u00edneas de embotellado Dosificadores Y mucho m\u00e1s... Ofrecemos soluciones innovadoras y personalizadas para optimizar los procesos productivos de tu empresa.\",\"email\":\"Admistracion@distribucionarc.com\",\"telephone\":\"+34 643496664\",\"legalName\":\"ARC TECH SOLUTIONS\",\"foundingDate\":\"2024-04-09\",\"vatID\":\"B55480172\",\"numberOfEmployees\":{\"@type\":\"QuantitativeValue\",\"minValue\":\"1\",\"maxValue\":\"10\"}}]}<\/script>\n<!-- \/ Yoast SEO Premium plugin. -->","yoast_head_json":{"title":"Industrijski stroj za rezanje blaga - ARC distribucija","robots":{"index":"index","follow":"follow","max-snippet":"max-snippet:-1","max-image-preview":"max-image-preview:large","max-video-preview":"max-video-preview:-1"},"canonical":"https:\/\/distribucionarc.com\/sl\/izdelek\/razrezovalnik-industrijskih-tkanin\/","og_locale":"sl_SI","og_type":"article","og_title":"Cortadora de tela industrial","og_description":"Cortadora de tela industrial El cortador rotatorio el\u00e9ctrico ARC cuenta con cuchillas de acero afiladas de alta calidad. El accionamiento en miniatura y engranajes sin reducci\u00f3n hacen que el motor sea energ\u00e9ticamente eficiente; cortando la materia textil r\u00e1pidamente y sin esfuerzo. Ampliamente utilizado en la industria de prendas de vestir, papel, alfombras, manualidades, regalos, muebles, tapizados, etc. Garant\u00eda\u00a0ARC 2 A\u00d1OS Cortadora de tela eficiente, bajo consumo 165w soporte t\u00e9cnico incluido &nbsp;","og_url":"https:\/\/distribucionarc.com\/sl\/izdelek\/razrezovalnik-industrijskih-tkanin\/","og_site_name":"distribuci\u00f3n ARC","article_modified_time":"2023-01-11T18:35:32+00:00","og_image":[{"width":1600,"height":1600,"url":"https:\/\/distribucionarc.com\/wp-content\/uploads\/2020\/10\/Cortadora-de-tela-industrial-0.jpg","type":"image\/jpeg"}],"twitter_card":"summary_large_image","twitter_misc":{"Est. reading time":"1 minuta"},"schema":{"@context":"https:\/\/schema.org","@graph":[{"@type":"WebPage","@id":"https:\/\/distribucionarc.com\/pt\/producto\/cortadora-de-tela-industrial\/","url":"https:\/\/distribucionarc.com\/pt\/producto\/cortadora-de-tela-industrial\/","name":"Industrijski stroj za rezanje blaga - ARC distribucija","isPartOf":{"@id":"https:\/\/distribucionarc.com\/de\/#website"},"primaryImageOfPage":{"@id":"https:\/\/distribucionarc.com\/pt\/producto\/cortadora-de-tela-industrial\/#primaryimage"},"image":{"@id":"https:\/\/distribucionarc.com\/pt\/producto\/cortadora-de-tela-industrial\/#primaryimage"},"thumbnailUrl":"https:\/\/distribucionarc.com\/wp-content\/uploads\/2020\/10\/Cortadora-de-tela-industrial-0.jpg","datePublished":"2020-10-06T11:17:17+00:00","dateModified":"2023-01-11T18:35:32+00:00","breadcrumb":{"@id":"https:\/\/distribucionarc.com\/pt\/producto\/cortadora-de-tela-industrial\/#breadcrumb"},"inLanguage":"sl-SI","potentialAction":[{"@type":"ReadAction","target":["https:\/\/distribucionarc.com\/pt\/producto\/cortadora-de-tela-industrial\/"]}]},{"@type":"ImageObject","inLanguage":"sl-SI","@id":"https:\/\/distribucionarc.com\/pt\/producto\/cortadora-de-tela-industrial\/#primaryimage","url":"https:\/\/distribucionarc.com\/wp-content\/uploads\/2020\/10\/Cortadora-de-tela-industrial-0.jpg","contentUrl":"https:\/\/distribucionarc.com\/wp-content\/uploads\/2020\/10\/Cortadora-de-tela-industrial-0.jpg","width":1600,"height":1600,"caption":"Cortadora de tela industrial"},{"@type":"BreadcrumbList","@id":"https:\/\/distribucionarc.com\/pt\/producto\/cortadora-de-tela-industrial\/#breadcrumb","itemListElement":[{"@type":"ListItem","position":1,"name":"Portada","item":"https:\/\/distribucionarc.com\/pl\/"},{"@type":"ListItem","position":2,"name":"Produkty","item":"https:\/\/distribucionarc.com\/pl\/shop\/"},{"@type":"ListItem","position":3,"name":"Cortadora de tela industrial"}]},{"@type":"WebSite","@id":"https:\/\/distribucionarc.com\/de\/#website","url":"https:\/\/distribucionarc.com\/de\/","name":"ARC porazdelitev","description":"Podjetje je specializirano za proizvodnjo in distribucijo industrijskih strojev, strojev za zapiranje plo\u010devink, strojev za izdelavo tablet, strojev za rezanje mesa...","publisher":{"@id":"https:\/\/distribucionarc.com\/de\/#organization"},"potentialAction":[{"@type":"SearchAction","target":{"@type":"EntryPoint","urlTemplate":"https:\/\/distribucionarc.com\/de\/?s={search_term_string}"},"query-input":{"@type":"PropertyValueSpecification","valueRequired":true,"valueName":"search_term_string"}}],"inLanguage":"sl-SI"},{"@type":"Organization","@id":"https:\/\/distribucionarc.com\/de\/#organization","name":"Distribucija ARC","url":"https:\/\/distribucionarc.com\/de\/","logo":{"@type":"ImageObject","inLanguage":"sl-SI","@id":"https:\/\/distribucionarc.com\/de\/#\/schema\/logo\/image\/","url":"https:\/\/distribucionarc.com\/wp-content\/uploads\/2024\/10\/distribucion-ARC-COLOR-SIN-FONDO-e1732295305345.png","contentUrl":"https:\/\/distribucionarc.com\/wp-content\/uploads\/2024\/10\/distribucion-ARC-COLOR-SIN-FONDO-e1732295305345.png","width":1164,"height":558,"caption":"Distribuci\u00f3n ARC"},"image":{"@id":"https:\/\/distribucionarc.com\/de\/#\/schema\/logo\/image\/"},"description":"Podjetje, specializirano za proizvodnjo in distribucijo industrijskih strojev za \u017eivilski in farmacevtski sektor. Specializirani smo za: Stroji za rezanje mesa Proizvodnja tablet Industrijski transportni sistemi Stekleni\u010darske linije Dozirni stroji In \u0161e veliko ve\u010d... Ponujamo inovativne in prilagojene re\u0161itve za optimizacijo proizvodnih procesov va\u0161ega podjetja.","email":"Admistracion@distribucionarc.com","telephone":"+34 643496664","legalName":"ARC TECH SOLUTIONS","foundingDate":"2024-04-09","vatID":"B55480172","numberOfEmployees":{"@type":"QuantitativeValue","minValue":"1","maxValue":"10"}}]}},"_links":{"self":[{"href":"https:\/\/distribucionarc.com\/sl\/wp-json\/wp\/v2\/product\/3679","targetHints":{"allow":["GET"]}}],"collection":[{"href":"https:\/\/distribucionarc.com\/sl\/wp-json\/wp\/v2\/product"}],"about":[{"href":"https:\/\/distribucionarc.com\/sl\/wp-json\/wp\/v2\/types\/product"}],"replies":[{"embeddable":true,"href":"https:\/\/distribucionarc.com\/sl\/wp-json\/wp\/v2\/comments?post=3679"}],"version-history":[{"count":0,"href":"https:\/\/distribucionarc.com\/sl\/wp-json\/wp\/v2\/product\/3679\/revisions"}],"wp:featuredmedia":[{"embeddable":true,"href":"https:\/\/distribucionarc.com\/sl\/wp-json\/wp\/v2\/media\/3686"}],"wp:attachment":[{"href":"https:\/\/distribucionarc.com\/sl\/wp-json\/wp\/v2\/media?parent=3679"}],"wp:term":[{"taxonomy":"product_brand","embeddable":true,"href":"https:\/\/distribucionarc.com\/sl\/wp-json\/wp\/v2\/product_brand?post=3679"},{"taxonomy":"product_cat","embeddable":true,"href":"https:\/\/distribucionarc.com\/sl\/wp-json\/wp\/v2\/product_cat?post=3679"},{"taxonomy":"product_tag","embeddable":true,"href":"https:\/\/distribucionarc.com\/sl\/wp-json\/wp\/v2\/product_tag?post=3679"}],"curies":[{"name":"delovni list","href":"https:\/\/api.w.org\/{rel}","templated":true}]}}