{"id":3777,"date":"2020-10-08T10:21:14","date_gmt":"2020-10-08T10:21:14","guid":{"rendered":"https:\/\/distribucionarc.com\/?post_type=product&#038;p=3777"},"modified":"2020-10-08T10:21:14","modified_gmt":"2020-10-08T10:21:14","slug":"digitalna-vakuumska-susilna-pec","status":"publish","type":"product","link":"https:\/\/distribucionarc.com\/sl\/producto\/horno-de-secado-al-vacio-digital\/","title":{"rendered":"Digitalna vakuumska su\u0161ilna pe\u010dica\u00a0"},"content":{"rendered":"<h3>Digitalna vakuumska su\u0161ilna pe\u010dica<\/h3>\n<p>On <strong><span style=\"color: #ff0000;\">TO<\/span><span style=\"color: #0000ff;\">R<\/span>CHS6020<\/strong> Opremljen je z novim visoko zmogljivim inteligentnim regulatorjem temperature na osnovi MCU z naprednim algoritmom PID, ki samodejno izbere najbolj\u0161i parameter glede na temperaturo in tako ne zahteva nobenega posega v nastavitev parametrov. to<strong> vakuumski peka\u010d<\/strong> Ima visoko trdno vakuumsko komoro z elektri\u010dnim poliranjem, ki jo je enostavno \u010distiti. Z dobro toplotno izolacijo za doseganje nizke porabe energije. Zahvaljujo\u010d vgrajenemu tesnilu vrat iz silikonske gume, komora vzdr\u017euje konstanten nivo vakuuma tudi med dolgotrajnim delovanjem. Dvonivojska steklena blindirana vrata olaj\u0161ajo opazovanje v delovno komoro. Odlikuje ga velik LCD zaslon, ki lahko prikazuje podatke iz ve\u010d skupin.<\/p>\n<p>to<strong> vakuumska su\u0161ilna pe\u010d <span style=\"color: #ff0000;\">TO<\/span><span style=\"color: #0000ff;\">R<\/span>c<\/strong> Zasnovan je za ne\u017eno su\u0161enje s svojo homogeno porazdelitvijo temperature, kar zagotavlja optimalen prenos toplote in minimalne temperaturne razlike v prostoru. S regulatorjem temperature s spremenljivim oja\u010danjem lahko vzdr\u017euje natan\u010dnost +\/-0,5 \u00b0C od temperature okolja do 250 \u00b0C. Polica iz \u017eigosanega aluminija s posebnimi tehnikami lahko hitro prevaja toploto in je odporna na oksidacijo pri visoki temperaturi.<\/p>\n<p>Pogosto se uporablja v biokemi\u010dni industriji, farmacevtski kemiji, zdravju v medicini, kmetijskih raziskavah, varstvu okolja in drugih raziskovalnih podro\u010djih. Posebej primeren za hitro in u\u010dinkovito su\u0161enje izdelkov iz toplotno ob\u010dutljivih, lahko razgradljivih ali mo\u010dno oksidativnih suhih snovi ter drugih izdelkov s kompleksnimi komponentami.<\/p>\n<h6><strong>Garancija\u00a0<span style=\"color: #ff0000;\">TO<\/span><span style=\"color: #0000ff;\">R<\/span>C 2 LETI<\/strong><\/h6>\n<h6><span style=\"color: #008000;\">U\u010dinkovita vakuumska su\u0161ilna pe\u010d, nizka poraba 350w<\/span><\/h6>\n<h6><strong>vklju\u010dena tehni\u010dna podpora<\/strong><\/h6>\n<p>&nbsp;<\/p>\n<table role=\"presentation\" width=\"100%\" cellspacing=\"0\" cellpadding=\"0\">\n<tbody>\n<tr>\n<td class=\"attrLabels\">Znamka:<\/td>\n<td width=\"50.0%\">ARC<\/td>\n<\/tr>\n<tr>\n<td class=\"attrLabels\">Dr\u017eava distribucije:<\/td>\n<td width=\"50.0%\">\u0160panija, Nem\u010dija, ZDA<\/td>\n<td class=\"attrLabels\">Dimenzije stroja:<\/td>\n<td width=\"50.0%\">58,5 x 47,2 x 45 cm<\/td>\n<\/tr>\n<tr>\n<td class=\"attrLabels\">Garancija:<\/td>\n<td width=\"50.0%\">2 leti<\/td>\n<td class=\"attrLabels\">mo\u010d:<\/td>\n<td width=\"50.0%\">350 W<\/td>\n<\/tr>\n<tr>\n<td class=\"attrLabels\">barva:<\/td>\n<td width=\"50.0%\">Srebrna<\/td>\n<td class=\"attrLabels\">Napetost:<\/td>\n<td width=\"50.0%\">220V \u2013 60Hz<\/td>\n<\/tr>\n<tr>\n<td class=\"attrLabels\">Vrsta izdelka:<\/td>\n<td width=\"50.0%\">Vakuumska su\u0161ilna pe\u010d<\/td>\n<td class=\"attrLabels\">Prostornina komore:<\/td>\n<td width=\"50.0%\">25L<\/td>\n<\/tr>\n<tr>\n<td class=\"attrLabels\">\u0160tevilka proizvajalca:<\/td>\n<td width=\"50.0%\">ARCHS6020<\/td>\n<td class=\"attrLabels\">Velikost podloge:<\/td>\n<td width=\"50.0%\">30 x 29,5 x 27,5 cm<\/td>\n<\/tr>\n<tr>\n<td class=\"attrLabels\">Material:<\/td>\n<td width=\"50.0%\">\u0160tancan aluminij, inteligentni regulator temperature, blindirana vrata, LCD zaslon, elektropolirana komora<\/td>\n<td class=\"attrLabels\">Kon\u010dna stopnja vakuuma:<\/td>\n<td width=\"50.0%\">&lt; 133 Pascalov<\/td>\n<\/tr>\n<tr>\n<td class=\"attrLabels\">Orodja za namestitev:<\/td>\n<td width=\"50.0%\">ja<\/td>\n<td class=\"attrLabels\">Temperaturno obmo\u010dje:<\/td>\n<td width=\"50.0%\">RT + 10 \u2013 250\u00ba C<\/td>\n<\/tr>\n<tr>\n<td class=\"attrLabels\">Te\u017ea:<\/td>\n<td width=\"50.0%\">35,5 kg<\/td>\n<td class=\"attrLabels\">Stalna temperaturna nihanja:<\/td>\n<td width=\"50.0%\">\u00b1 1%<\/td>\n<\/tr>\n<\/tbody>\n<\/table>\n<p>&nbsp;<\/p>\n<p>&nbsp;<\/p>","protected":false},"excerpt":{"rendered":"<h2>Digitalna vakuumska su\u0161ilna pe\u010dica<\/h2>\n<p>to <strong>znanstvena vakuumska su\u0161ilna pe\u010d <span style=\"color: #ff0000;\">TO<\/span><span style=\"color: #0000ff;\">R<\/span>c<\/strong> Zasnovan je za ne\u017eno su\u0161enje s homogeno porazdelitvijo temperature, kar zagotavlja optimalen prenos toplote, hkrati pa se izogiba najmanj\u0161im temperaturnim nihanjem v prostoru. Orodje je primerno za hitro in u\u010dinkovito su\u0161enje ali pe\u010denje toplotno ob\u010dutljivih suhih predmetov, kot tudi za dezinfekcijo in sterilizacijo razli\u010dnih vrst steklenih posod.<\/p>\n<h6><strong>Garancija\u00a0<span style=\"color: #ff0000;\">TO<\/span><span style=\"color: #0000ff;\">R<\/span>C 2 LETI<\/strong><\/h6>\n<h6><span style=\"color: #008000;\">U\u010dinkovita vakuumska su\u0161ilna pe\u010d, nizka poraba 350w<\/span><\/h6>\n<h6><strong>vklju\u010dena tehni\u010dna podpora<\/strong><\/h6>","protected":false},"featured_media":3786,"comment_status":"open","ping_status":"closed","template":"","meta":{"wds_primary_product_brand":0,"wds_primary_product_cat":0},"product_brand":[],"product_cat":[29],"product_tag":[],"class_list":{"0":"post-3777","1":"product","2":"type-product","3":"status-publish","4":"has-post-thumbnail","6":"product_cat-maquinas-industria-quimica","7":"product_shipping_class-express","9":"first","10":"outofstock","11":"sale","12":"taxable","13":"shipping-taxable","14":"purchasable","15":"product-type-simple"},"yoast_head":"<!-- This site is optimized with the Yoast SEO Premium plugin v24.9 (Yoast SEO v26.1) - https:\/\/yoast.com\/wordpress\/plugins\/seo\/ -->\n<title>Horno de secado al vac\u00edo digital\u00a0 - distribuci\u00f3n ARC<\/title>\n<meta name=\"robots\" content=\"index, follow, max-snippet:-1, max-image-preview:large, max-video-preview:-1\" \/>\n<link rel=\"canonical\" href=\"https:\/\/distribucionarc.com\/sl\/izdelek\/digitalna-vakuumska-susilna-pec\/\" \/>\n<meta property=\"og:locale\" content=\"sl_SI\" \/>\n<meta property=\"og:type\" content=\"article\" \/>\n<meta property=\"og:title\" content=\"Horno de secado al vac\u00edo digital\u00a0\" \/>\n<meta property=\"og:description\" content=\"Horno de secado al vac\u00edo digital Este horno de secado al vac\u00edo cient\u00edfico ARC est\u00e1 dise\u00f1ado para secar suavemente con una distribuci\u00f3n de temperatura homog\u00e9nea, lo que garantiza una transferencia de calor \u00f3ptima a su vez que evita la m\u00ednima variaci\u00f3n de temperatura en el espacio. Esta herramienta es adecuada para el secado u horneado r\u00e1pido y eficaz de art\u00edculos de sustancias secas sensibles al calor, adem\u00e1s de usarse para la desinfecci\u00f3n y esterilizaci\u00f3n de varios tipos de envases de vidrio. Garant\u00eda\u00a0ARC 2 A\u00d1OS Horno de secado al vac\u00edo eficiente, bajo consumo 350w soporte t\u00e9cnico incluido\" \/>\n<meta property=\"og:url\" content=\"https:\/\/distribucionarc.com\/sl\/izdelek\/digitalna-vakuumska-susilna-pec\/\" \/>\n<meta property=\"og:site_name\" content=\"distribuci\u00f3n ARC\" \/>\n<meta property=\"og:image\" content=\"https:\/\/distribucionarc.com\/wp-content\/uploads\/2020\/10\/Horno-de-secado-al-vac\u00edo-digital-0.jpg\" \/>\n\t<meta property=\"og:image:width\" content=\"1001\" \/>\n\t<meta property=\"og:image:height\" content=\"1001\" \/>\n\t<meta property=\"og:image:type\" content=\"image\/jpeg\" \/>\n<meta name=\"twitter:card\" content=\"summary_large_image\" \/>\n<meta name=\"twitter:label1\" content=\"Est. reading time\" \/>\n\t<meta name=\"twitter:data1\" content=\"2 minuti\" \/>\n<script type=\"application\/ld+json\" class=\"yoast-schema-graph\">{\"@context\":\"https:\/\/schema.org\",\"@graph\":[{\"@type\":\"WebPage\",\"@id\":\"https:\/\/distribucionarc.com\/tr\/producto\/horno-de-secado-al-vacio-digital\/\",\"url\":\"https:\/\/distribucionarc.com\/tr\/producto\/horno-de-secado-al-vacio-digital\/\",\"name\":\"Horno de secado al vac\u00edo digital\u00a0 - distribuci\u00f3n ARC\",\"isPartOf\":{\"@id\":\"https:\/\/distribucionarc.com\/bg\/#website\"},\"primaryImageOfPage\":{\"@id\":\"https:\/\/distribucionarc.com\/tr\/producto\/horno-de-secado-al-vacio-digital\/#primaryimage\"},\"image\":{\"@id\":\"https:\/\/distribucionarc.com\/tr\/producto\/horno-de-secado-al-vacio-digital\/#primaryimage\"},\"thumbnailUrl\":\"https:\/\/distribucionarc.com\/wp-content\/uploads\/2020\/10\/Horno-de-secado-al-vac\u00edo-digital-0.jpg\",\"datePublished\":\"2020-10-08T10:21:14+00:00\",\"breadcrumb\":{\"@id\":\"https:\/\/distribucionarc.com\/tr\/producto\/horno-de-secado-al-vacio-digital\/#breadcrumb\"},\"inLanguage\":\"sl-SI\",\"potentialAction\":[{\"@type\":\"ReadAction\",\"target\":[\"https:\/\/distribucionarc.com\/tr\/producto\/horno-de-secado-al-vacio-digital\/\"]}]},{\"@type\":\"ImageObject\",\"inLanguage\":\"sl-SI\",\"@id\":\"https:\/\/distribucionarc.com\/tr\/producto\/horno-de-secado-al-vacio-digital\/#primaryimage\",\"url\":\"https:\/\/distribucionarc.com\/wp-content\/uploads\/2020\/10\/Horno-de-secado-al-vac\u00edo-digital-0.jpg\",\"contentUrl\":\"https:\/\/distribucionarc.com\/wp-content\/uploads\/2020\/10\/Horno-de-secado-al-vac\u00edo-digital-0.jpg\",\"width\":1001,\"height\":1001,\"caption\":\"Horno de secado al vac\u00edo digital\u00a0\"},{\"@type\":\"BreadcrumbList\",\"@id\":\"https:\/\/distribucionarc.com\/tr\/producto\/horno-de-secado-al-vacio-digital\/#breadcrumb\",\"itemListElement\":[{\"@type\":\"ListItem\",\"position\":1,\"name\":\"Portada\",\"item\":\"https:\/\/distribucionarc.com\/el\/\"},{\"@type\":\"ListItem\",\"position\":2,\"name\":\"Proizvodi\",\"item\":\"https:\/\/www.distribucionarc.com\/hr\/ducan\/\"},{\"@type\":\"ListItem\",\"position\":3,\"name\":\"Horno de secado al vac\u00edo digital\u00a0\"}]},{\"@type\":\"WebSite\",\"@id\":\"https:\/\/distribucionarc.com\/bg\/#website\",\"url\":\"https:\/\/distribucionarc.com\/bg\/\",\"name\":\"distribuci\u00f3n ARC\",\"description\":\"Empresa especializada en la fabricaci\u00f3n y distribuci\u00f3n de maquinaria industrial, selladoras de latas, Maquinas de hacer pastillas, Maquinas de cortar carne...\",\"publisher\":{\"@id\":\"https:\/\/distribucionarc.com\/bg\/#organization\"},\"potentialAction\":[{\"@type\":\"SearchAction\",\"target\":{\"@type\":\"EntryPoint\",\"urlTemplate\":\"https:\/\/distribucionarc.com\/bg\/?s={search_term_string}\"},\"query-input\":{\"@type\":\"PropertyValueSpecification\",\"valueRequired\":true,\"valueName\":\"search_term_string\"}}],\"inLanguage\":\"sl-SI\"},{\"@type\":\"Organization\",\"@id\":\"https:\/\/distribucionarc.com\/bg\/#organization\",\"name\":\"Distribuci\u00f3n ARC\",\"url\":\"https:\/\/distribucionarc.com\/bg\/\",\"logo\":{\"@type\":\"ImageObject\",\"inLanguage\":\"sl-SI\",\"@id\":\"https:\/\/distribucionarc.com\/bg\/#\/schema\/logo\/image\/\",\"url\":\"https:\/\/distribucionarc.com\/wp-content\/uploads\/2024\/10\/distribucion-ARC-COLOR-SIN-FONDO-e1732295305345.png\",\"contentUrl\":\"https:\/\/distribucionarc.com\/wp-content\/uploads\/2024\/10\/distribucion-ARC-COLOR-SIN-FONDO-e1732295305345.png\",\"width\":1164,\"height\":558,\"caption\":\"Distribuci\u00f3n ARC\"},\"image\":{\"@id\":\"https:\/\/distribucionarc.com\/bg\/#\/schema\/logo\/image\/\"},\"description\":\"Empresa especializada en la fabricaci\u00f3n y distribuci\u00f3n de maquinaria industrial para los sectores alimentario y farmac\u00e9utico. Nos especializamos en: M\u00e1quinas de cortar carne Fabricaci\u00f3n de comprimidos Sistemas de transporte industrial L\u00edneas de embotellado Dosificadores Y mucho m\u00e1s... Ofrecemos soluciones innovadoras y personalizadas para optimizar los procesos productivos de tu empresa.\",\"email\":\"Admistracion@distribucionarc.com\",\"telephone\":\"+34 643496664\",\"legalName\":\"ARC TECH SOLUTIONS\",\"foundingDate\":\"2024-04-09\",\"vatID\":\"B55480172\",\"numberOfEmployees\":{\"@type\":\"QuantitativeValue\",\"minValue\":\"1\",\"maxValue\":\"10\"}}]}<\/script>\n<!-- \/ Yoast SEO Premium plugin. -->","yoast_head_json":{"title":"Digitalna vakuumska su\u0161ilnica - ARC distribucija","robots":{"index":"index","follow":"follow","max-snippet":"max-snippet:-1","max-image-preview":"max-image-preview:large","max-video-preview":"max-video-preview:-1"},"canonical":"https:\/\/distribucionarc.com\/sl\/izdelek\/digitalna-vakuumska-susilna-pec\/","og_locale":"sl_SI","og_type":"article","og_title":"Horno de secado al vac\u00edo digital\u00a0","og_description":"Horno de secado al vac\u00edo digital Este horno de secado al vac\u00edo cient\u00edfico ARC est\u00e1 dise\u00f1ado para secar suavemente con una distribuci\u00f3n de temperatura homog\u00e9nea, lo que garantiza una transferencia de calor \u00f3ptima a su vez que evita la m\u00ednima variaci\u00f3n de temperatura en el espacio. Esta herramienta es adecuada para el secado u horneado r\u00e1pido y eficaz de art\u00edculos de sustancias secas sensibles al calor, adem\u00e1s de usarse para la desinfecci\u00f3n y esterilizaci\u00f3n de varios tipos de envases de vidrio. Garant\u00eda\u00a0ARC 2 A\u00d1OS Horno de secado al vac\u00edo eficiente, bajo consumo 350w soporte t\u00e9cnico incluido","og_url":"https:\/\/distribucionarc.com\/sl\/izdelek\/digitalna-vakuumska-susilna-pec\/","og_site_name":"distribuci\u00f3n ARC","og_image":[{"width":1001,"height":1001,"url":"https:\/\/distribucionarc.com\/wp-content\/uploads\/2020\/10\/Horno-de-secado-al-vac\u00edo-digital-0.jpg","type":"image\/jpeg"}],"twitter_card":"summary_large_image","twitter_misc":{"Est. reading time":"2 minuti"},"schema":{"@context":"https:\/\/schema.org","@graph":[{"@type":"WebPage","@id":"https:\/\/distribucionarc.com\/tr\/producto\/horno-de-secado-al-vacio-digital\/","url":"https:\/\/distribucionarc.com\/tr\/producto\/horno-de-secado-al-vacio-digital\/","name":"Digitalna vakuumska su\u0161ilnica - ARC distribucija","isPartOf":{"@id":"https:\/\/distribucionarc.com\/bg\/#website"},"primaryImageOfPage":{"@id":"https:\/\/distribucionarc.com\/tr\/producto\/horno-de-secado-al-vacio-digital\/#primaryimage"},"image":{"@id":"https:\/\/distribucionarc.com\/tr\/producto\/horno-de-secado-al-vacio-digital\/#primaryimage"},"thumbnailUrl":"https:\/\/distribucionarc.com\/wp-content\/uploads\/2020\/10\/Horno-de-secado-al-vac\u00edo-digital-0.jpg","datePublished":"2020-10-08T10:21:14+00:00","breadcrumb":{"@id":"https:\/\/distribucionarc.com\/tr\/producto\/horno-de-secado-al-vacio-digital\/#breadcrumb"},"inLanguage":"sl-SI","potentialAction":[{"@type":"ReadAction","target":["https:\/\/distribucionarc.com\/tr\/producto\/horno-de-secado-al-vacio-digital\/"]}]},{"@type":"ImageObject","inLanguage":"sl-SI","@id":"https:\/\/distribucionarc.com\/tr\/producto\/horno-de-secado-al-vacio-digital\/#primaryimage","url":"https:\/\/distribucionarc.com\/wp-content\/uploads\/2020\/10\/Horno-de-secado-al-vac\u00edo-digital-0.jpg","contentUrl":"https:\/\/distribucionarc.com\/wp-content\/uploads\/2020\/10\/Horno-de-secado-al-vac\u00edo-digital-0.jpg","width":1001,"height":1001,"caption":"Horno de secado al vac\u00edo digital\u00a0"},{"@type":"BreadcrumbList","@id":"https:\/\/distribucionarc.com\/tr\/producto\/horno-de-secado-al-vacio-digital\/#breadcrumb","itemListElement":[{"@type":"ListItem","position":1,"name":"Portada","item":"https:\/\/distribucionarc.com\/el\/"},{"@type":"ListItem","position":2,"name":"Proizvodi","item":"https:\/\/www.distribucionarc.com\/hr\/ducan\/"},{"@type":"ListItem","position":3,"name":"Horno de secado al vac\u00edo digital\u00a0"}]},{"@type":"WebSite","@id":"https:\/\/distribucionarc.com\/bg\/#website","url":"https:\/\/distribucionarc.com\/bg\/","name":"ARC porazdelitev","description":"Podjetje je specializirano za proizvodnjo in distribucijo industrijskih strojev, strojev za zapiranje plo\u010devink, strojev za izdelavo tablet, strojev za rezanje mesa...","publisher":{"@id":"https:\/\/distribucionarc.com\/bg\/#organization"},"potentialAction":[{"@type":"SearchAction","target":{"@type":"EntryPoint","urlTemplate":"https:\/\/distribucionarc.com\/bg\/?s={search_term_string}"},"query-input":{"@type":"PropertyValueSpecification","valueRequired":true,"valueName":"search_term_string"}}],"inLanguage":"sl-SI"},{"@type":"Organization","@id":"https:\/\/distribucionarc.com\/bg\/#organization","name":"Distribucija ARC","url":"https:\/\/distribucionarc.com\/bg\/","logo":{"@type":"ImageObject","inLanguage":"sl-SI","@id":"https:\/\/distribucionarc.com\/bg\/#\/schema\/logo\/image\/","url":"https:\/\/distribucionarc.com\/wp-content\/uploads\/2024\/10\/distribucion-ARC-COLOR-SIN-FONDO-e1732295305345.png","contentUrl":"https:\/\/distribucionarc.com\/wp-content\/uploads\/2024\/10\/distribucion-ARC-COLOR-SIN-FONDO-e1732295305345.png","width":1164,"height":558,"caption":"Distribuci\u00f3n ARC"},"image":{"@id":"https:\/\/distribucionarc.com\/bg\/#\/schema\/logo\/image\/"},"description":"Podjetje, specializirano za proizvodnjo in distribucijo industrijskih strojev za \u017eivilski in farmacevtski sektor. Specializirani smo za: Stroji za rezanje mesa Proizvodnja tablet Industrijski transportni sistemi Stekleni\u010darske linije Dozirni stroji In \u0161e veliko ve\u010d... Ponujamo inovativne in prilagojene re\u0161itve za optimizacijo proizvodnih procesov va\u0161ega podjetja.","email":"Admistracion@distribucionarc.com","telephone":"+34 643496664","legalName":"ARC TECH SOLUTIONS","foundingDate":"2024-04-09","vatID":"B55480172","numberOfEmployees":{"@type":"QuantitativeValue","minValue":"1","maxValue":"10"}}]}},"_links":{"self":[{"href":"https:\/\/distribucionarc.com\/sl\/wp-json\/wp\/v2\/product\/3777","targetHints":{"allow":["GET"]}}],"collection":[{"href":"https:\/\/distribucionarc.com\/sl\/wp-json\/wp\/v2\/product"}],"about":[{"href":"https:\/\/distribucionarc.com\/sl\/wp-json\/wp\/v2\/types\/product"}],"replies":[{"embeddable":true,"href":"https:\/\/distribucionarc.com\/sl\/wp-json\/wp\/v2\/comments?post=3777"}],"version-history":[{"count":0,"href":"https:\/\/distribucionarc.com\/sl\/wp-json\/wp\/v2\/product\/3777\/revisions"}],"wp:featuredmedia":[{"embeddable":true,"href":"https:\/\/distribucionarc.com\/sl\/wp-json\/wp\/v2\/media\/3786"}],"wp:attachment":[{"href":"https:\/\/distribucionarc.com\/sl\/wp-json\/wp\/v2\/media?parent=3777"}],"wp:term":[{"taxonomy":"product_brand","embeddable":true,"href":"https:\/\/distribucionarc.com\/sl\/wp-json\/wp\/v2\/product_brand?post=3777"},{"taxonomy":"product_cat","embeddable":true,"href":"https:\/\/distribucionarc.com\/sl\/wp-json\/wp\/v2\/product_cat?post=3777"},{"taxonomy":"product_tag","embeddable":true,"href":"https:\/\/distribucionarc.com\/sl\/wp-json\/wp\/v2\/product_tag?post=3777"}],"curies":[{"name":"delovni list","href":"https:\/\/api.w.org\/{rel}","templated":true}]}}