{"id":4012,"date":"2020-10-15T10:29:55","date_gmt":"2020-10-15T10:29:55","guid":{"rendered":"https:\/\/distribucionarc.com\/?post_type=product&#038;p=4012"},"modified":"2020-10-15T10:29:56","modified_gmt":"2020-10-15T10:29:56","slug":"centrifugalna-crpalka-za-hrano","status":"publish","type":"product","link":"https:\/\/distribucionarc.com\/sl\/producto\/bomba-centrifuga-para-alimentacion\/","title":{"rendered":"Centrifugalna dovodna \u010drpalka\u00a0\u00a0"},"content":{"rendered":"<h2>Centrifugalna dovodna \u010drpalka<\/h2>\n<p>to <strong>centrifugalna \u010drpalka <span style=\"color: #ff0000;\">TO<\/span><span style=\"color: #0000ff;\">R<\/span>c<\/strong> Izdelan je iz nerjave\u010dega jekla 304, primernega za \u017eivilsko industrijo. Je robusten in odporen proti rji. Odporen je na teko\u010dine s temperaturo do 80\u00baC. Mo\u010dna mo\u010d tega stroja je sposobna preto\u010diti do 3 tone teko\u010dine na uro.<\/p>\n<p>Ta stroj ne more delovati brez teko\u010din. Priporo\u010dljivo je, da po\u010dakate, da se glava \u010drpalke napolni s teko\u010dino, in jo nato priklju\u010dite. Hvala za to <b>centrifugalna pogonska naprava <span style=\"color: #ff0000;\">TO<\/span><span style=\"color: #0000ff;\">R<\/span>CBIC3T<\/b> Lahko pripravi, filtrira, o\u010disti, sterilizira in polni izdelke \u017eivilske industrije, kot so voda, \u017eivalsko ali rastlinsko mleko, sokovi itd. Veliko se uporablja tudi v kozmeti\u010dni industriji.<\/p>\n<h6><strong>Garancija\u00a0<span style=\"color: #ff0000;\">TO<\/span><span style=\"color: #0000ff;\">R<\/span>c<\/strong><strong>\u00a02 LETI<\/strong><\/h6>\n<h6><span style=\"color: #008000;\">U\u010dinkovita centrifugalna \u010drpalka, nizka poraba 650w<\/span><\/h6>\n<h6><strong>vklju\u010dena tehni\u010dna podpora<\/strong><\/h6>\n<p>&nbsp;<\/p>\n<p>&nbsp;<\/p>\n<table role=\"presentation\" width=\"100%\" cellspacing=\"0\" cellpadding=\"0\">\n<tbody>\n<tr>\n<td class=\"attrLabels\">Znamka:<\/td>\n<td width=\"50.0%\">ARC<\/td>\n<\/tr>\n<tr>\n<td class=\"attrLabels\">Dr\u017eava distribucije:<\/td>\n<td width=\"50.0%\">\u0160panija, Nem\u010dija, ZDA<\/td>\n<td class=\"attrLabels\">Dimenzije stroja:<\/td>\n<td width=\"50.0%\">40 x 28 x 30 cm (D x \u0160 x V)<\/td>\n<\/tr>\n<tr>\n<td class=\"attrLabels\">Garancija:<\/td>\n<td width=\"50.0%\">2 leti<\/td>\n<td class=\"attrLabels\">mo\u010d:<\/td>\n<td width=\"50.0%\">650 W<\/td>\n<\/tr>\n<tr>\n<td class=\"attrLabels\">barva:<\/td>\n<td width=\"50.0%\">Srebrna<\/td>\n<td class=\"attrLabels\">Napetost:<\/td>\n<td width=\"50.0%\">220V \u2013 50Hz 60Hz<\/td>\n<\/tr>\n<tr>\n<td class=\"attrLabels\">Vrsta izdelka:<\/td>\n<td width=\"50.0%\">centrifugalna \u010drpalka<\/td>\n<td class=\"attrLabels\">Koli\u010dina pretoka:<\/td>\n<td width=\"50.0%\">3T\/h<\/td>\n<\/tr>\n<tr>\n<td class=\"attrLabels\">\u0160tevilka proizvajalca:<\/td>\n<td width=\"50.0%\">ARCBIC3T<\/td>\n<td class=\"attrLabels\">Temperatura teko\u010dine:<\/td>\n<td width=\"50.0%\">0 \u2013 80\u00baC<\/td>\n<\/tr>\n<tr>\n<td class=\"attrLabels\">Material:<\/td>\n<td width=\"50.0%\">304 nerjave\u010de jeklo<\/td>\n<td class=\"attrLabels\">Vhodni premer:<\/td>\n<td width=\"50.0%\">38 mm<\/td>\n<\/tr>\n<tr>\n<td class=\"attrLabels\">Orodja za namestitev:<\/td>\n<td width=\"50.0%\">ja<\/td>\n<td class=\"attrLabels\">Premer izhoda:<\/td>\n<td width=\"50.0%\">32 mm<\/td>\n<\/tr>\n<tr>\n<td class=\"attrLabels\">Te\u017ea:<\/td>\n<td width=\"50.0%\">26,4 kg<\/td>\n<td class=\"attrLabels\">Vrsta teko\u010dine:<\/td>\n<td width=\"50.0%\">nejedko<\/td>\n<\/tr>\n<\/tbody>\n<\/table>\n<p>&nbsp;<\/p>","protected":false},"excerpt":{"rendered":"<h2>Centrifugalna dovodna \u010drpalka<\/h2>\n<p>to <strong>centrifugalna \u010drpalka <span style=\"color: #ff0000;\">TO<\/span><span style=\"color: #0000ff;\">R<\/span>c<\/strong> Izdelan je iz nerjave\u010dega jekla, specifi\u010dnega za prehrambeno industrijo. Zasnovan je za pripravo, filtracijo, \u010di\u0161\u010denje, polnjenje in sterilizacijo mle\u010dnih izdelkov, pija\u010d, hrane, kozmetike, aditivov za \u017eivila, finih kemikalij itd. Ta \u010drpalka uporablja centrifugalno silo za ustvarjanje hitrosti, uporablja rotirajo\u010de rotorje za pove\u010danje hitrosti in potiskanje teko\u010dine skozi izhodni ventil.<\/p>\n<h6><strong>Garancija\u00a0<span style=\"color: #ff0000;\">TO<\/span><span style=\"color: #0000ff;\">R<\/span>c<\/strong><strong>\u00a02 LETI<\/strong><\/h6>\n<h6><span style=\"color: #008000;\">U\u010dinkovita centrifugalna \u010drpalka, nizka poraba 650w<\/span><\/h6>\n<h6><strong>vklju\u010dena tehni\u010dna podpora<\/strong><\/h6>","protected":false},"featured_media":4020,"comment_status":"open","ping_status":"closed","template":"","meta":{"wds_primary_product_brand":0,"wds_primary_product_cat":0},"product_brand":[],"product_cat":[18,19],"product_tag":[],"class_list":{"0":"post-4012","1":"product","2":"type-product","3":"status-publish","4":"has-post-thumbnail","6":"product_cat-dosificadoras","7":"product_cat-dosificadoras-de-liquidos","8":"product_shipping_class-express","10":"first","11":"instock","12":"sale","13":"taxable","14":"shipping-taxable","15":"purchasable","16":"product-type-simple"},"yoast_head":"<!-- This site is optimized with the Yoast SEO Premium plugin v24.9 (Yoast SEO v26.1) - https:\/\/yoast.com\/wordpress\/plugins\/seo\/ -->\n<title>Bomba centr\u00edfuga para alimentaci\u00f3n\u00a0\u00a0 - distribuci\u00f3n ARC<\/title>\n<meta name=\"robots\" content=\"index, follow, max-snippet:-1, max-image-preview:large, max-video-preview:-1\" \/>\n<link rel=\"canonical\" href=\"https:\/\/www.distribucionarc.com\/nl\/producto\/bomba-centrifuga-para-alimentacion\/\" \/>\n<meta property=\"og:locale\" content=\"sl_SI\" \/>\n<meta property=\"og:type\" content=\"article\" \/>\n<meta property=\"og:title\" content=\"Bomba centr\u00edfuga para alimentaci\u00f3n\u00a0\u00a0\" \/>\n<meta property=\"og:description\" content=\"Bomba centr\u00edfuga para alimentaci\u00f3n Esta bomba centrifuga ARC est\u00e1 fabricada de acero inoxidable espec\u00edfico para la industria alimentaria. Est\u00e1 dise\u00f1ada para la elaboraci\u00f3n, filtraci\u00f3n, limpieza, llenado y esterilizaci\u00f3n de productos l\u00e1cteos, bebidas, alimentos, cosm\u00e9ticos, aditivos alimentarios, productos qu\u00edmicos finos, etc. Esta bomba aplica fuerza centr\u00edfuga para producir velocidad, utiliza un impulsor giratorio para aumentar la velocidad y empujar el fluido a trav\u00e9s de la v\u00e1lvula de salida. Garant\u00eda\u00a0ARC\u00a02 A\u00d1OS Bomba centr\u00edfuga eficiente, bajo consumo 650w soporte t\u00e9cnico incluido\" \/>\n<meta property=\"og:url\" content=\"https:\/\/www.distribucionarc.com\/nl\/producto\/bomba-centrifuga-para-alimentacion\/\" \/>\n<meta property=\"og:site_name\" content=\"distribuci\u00f3n ARC\" \/>\n<meta property=\"article:modified_time\" content=\"2020-10-15T10:29:56+00:00\" \/>\n<meta property=\"og:image\" content=\"https:\/\/distribucionarc.com\/wp-content\/uploads\/2020\/10\/Bomba-centr\u00edfuga-para-alimentaci\u00f3n-0.jpg\" \/>\n\t<meta property=\"og:image:width\" content=\"1001\" \/>\n\t<meta property=\"og:image:height\" content=\"1001\" \/>\n\t<meta property=\"og:image:type\" content=\"image\/jpeg\" \/>\n<meta name=\"twitter:card\" content=\"summary_large_image\" \/>\n<meta name=\"twitter:label1\" content=\"Est. reading time\" \/>\n\t<meta name=\"twitter:data1\" content=\"1 minuta\" \/>\n<script type=\"application\/ld+json\" class=\"yoast-schema-graph\">{\"@context\":\"https:\/\/schema.org\",\"@graph\":[{\"@type\":\"WebPage\",\"@id\":\"https:\/\/www.distribucionarc.com\/nl\/producto\/bomba-centrifuga-para-alimentacion\/\",\"url\":\"https:\/\/www.distribucionarc.com\/nl\/producto\/bomba-centrifuga-para-alimentacion\/\",\"name\":\"Bomba centr\u00edfuga para alimentaci\u00f3n\u00a0\u00a0 - distribuci\u00f3n ARC\",\"isPartOf\":{\"@id\":\"https:\/\/distribucionarc.com\/ro\/#website\"},\"primaryImageOfPage\":{\"@id\":\"https:\/\/www.distribucionarc.com\/nl\/producto\/bomba-centrifuga-para-alimentacion\/#primaryimage\"},\"image\":{\"@id\":\"https:\/\/www.distribucionarc.com\/nl\/producto\/bomba-centrifuga-para-alimentacion\/#primaryimage\"},\"thumbnailUrl\":\"https:\/\/distribucionarc.com\/wp-content\/uploads\/2020\/10\/Bomba-centr\u00edfuga-para-alimentaci\u00f3n-0.jpg\",\"datePublished\":\"2020-10-15T10:29:55+00:00\",\"dateModified\":\"2020-10-15T10:29:56+00:00\",\"breadcrumb\":{\"@id\":\"https:\/\/www.distribucionarc.com\/nl\/producto\/bomba-centrifuga-para-alimentacion\/#breadcrumb\"},\"inLanguage\":\"sl-SI\",\"potentialAction\":[{\"@type\":\"ReadAction\",\"target\":[\"https:\/\/www.distribucionarc.com\/nl\/producto\/bomba-centrifuga-para-alimentacion\/\"]}]},{\"@type\":\"ImageObject\",\"inLanguage\":\"sl-SI\",\"@id\":\"https:\/\/www.distribucionarc.com\/nl\/producto\/bomba-centrifuga-para-alimentacion\/#primaryimage\",\"url\":\"https:\/\/distribucionarc.com\/wp-content\/uploads\/2020\/10\/Bomba-centr\u00edfuga-para-alimentaci\u00f3n-0.jpg\",\"contentUrl\":\"https:\/\/distribucionarc.com\/wp-content\/uploads\/2020\/10\/Bomba-centr\u00edfuga-para-alimentaci\u00f3n-0.jpg\",\"width\":1001,\"height\":1001,\"caption\":\"Bomba centr\u00edfuga para alimentaci\u00f3n\u00a0\u00a0\"},{\"@type\":\"BreadcrumbList\",\"@id\":\"https:\/\/www.distribucionarc.com\/nl\/producto\/bomba-centrifuga-para-alimentacion\/#breadcrumb\",\"itemListElement\":[{\"@type\":\"ListItem\",\"position\":1,\"name\":\"Portada\",\"item\":\"https:\/\/distribucionarc.com\/ar\/\"},{\"@type\":\"ListItem\",\"position\":2,\"name\":\"Proizvodi\",\"item\":\"https:\/\/www.distribucionarc.com\/hr\/ducan\/\"},{\"@type\":\"ListItem\",\"position\":3,\"name\":\"Bomba centr\u00edfuga para alimentaci\u00f3n\u00a0\u00a0\"}]},{\"@type\":\"WebSite\",\"@id\":\"https:\/\/distribucionarc.com\/ro\/#website\",\"url\":\"https:\/\/distribucionarc.com\/ro\/\",\"name\":\"distribuci\u00f3n ARC\",\"description\":\"Empresa especializada en la fabricaci\u00f3n y distribuci\u00f3n de maquinaria industrial, selladoras de latas, Maquinas de hacer pastillas, Maquinas de cortar carne...\",\"publisher\":{\"@id\":\"https:\/\/distribucionarc.com\/ro\/#organization\"},\"potentialAction\":[{\"@type\":\"SearchAction\",\"target\":{\"@type\":\"EntryPoint\",\"urlTemplate\":\"https:\/\/distribucionarc.com\/ro\/?s={search_term_string}\"},\"query-input\":{\"@type\":\"PropertyValueSpecification\",\"valueRequired\":true,\"valueName\":\"search_term_string\"}}],\"inLanguage\":\"sl-SI\"},{\"@type\":\"Organization\",\"@id\":\"https:\/\/distribucionarc.com\/ro\/#organization\",\"name\":\"Distribuci\u00f3n ARC\",\"url\":\"https:\/\/distribucionarc.com\/ro\/\",\"logo\":{\"@type\":\"ImageObject\",\"inLanguage\":\"sl-SI\",\"@id\":\"https:\/\/distribucionarc.com\/ro\/#\/schema\/logo\/image\/\",\"url\":\"https:\/\/distribucionarc.com\/wp-content\/uploads\/2024\/10\/distribucion-ARC-COLOR-SIN-FONDO-e1732295305345.png\",\"contentUrl\":\"https:\/\/distribucionarc.com\/wp-content\/uploads\/2024\/10\/distribucion-ARC-COLOR-SIN-FONDO-e1732295305345.png\",\"width\":1164,\"height\":558,\"caption\":\"Distribuci\u00f3n ARC\"},\"image\":{\"@id\":\"https:\/\/distribucionarc.com\/ro\/#\/schema\/logo\/image\/\"},\"description\":\"Empresa especializada en la fabricaci\u00f3n y distribuci\u00f3n de maquinaria industrial para los sectores alimentario y farmac\u00e9utico. Nos especializamos en: M\u00e1quinas de cortar carne Fabricaci\u00f3n de comprimidos Sistemas de transporte industrial L\u00edneas de embotellado Dosificadores Y mucho m\u00e1s... Ofrecemos soluciones innovadoras y personalizadas para optimizar los procesos productivos de tu empresa.\",\"email\":\"Admistracion@distribucionarc.com\",\"telephone\":\"+34 643496664\",\"legalName\":\"ARC TECH SOLUTIONS\",\"foundingDate\":\"2024-04-09\",\"vatID\":\"B55480172\",\"numberOfEmployees\":{\"@type\":\"QuantitativeValue\",\"minValue\":\"1\",\"maxValue\":\"10\"}}]}<\/script>\n<!-- \/ Yoast SEO Premium plugin. -->","yoast_head_json":{"title":"Centrifugalna \u010drpalka za krmljenje - distribucijo ARC","robots":{"index":"index","follow":"follow","max-snippet":"max-snippet:-1","max-image-preview":"max-image-preview:large","max-video-preview":"max-video-preview:-1"},"canonical":"https:\/\/www.distribucionarc.com\/nl\/producto\/bomba-centrifuga-para-alimentacion\/","og_locale":"sl_SI","og_type":"article","og_title":"Bomba centr\u00edfuga para alimentaci\u00f3n\u00a0\u00a0","og_description":"Bomba centr\u00edfuga para alimentaci\u00f3n Esta bomba centrifuga ARC est\u00e1 fabricada de acero inoxidable espec\u00edfico para la industria alimentaria. Est\u00e1 dise\u00f1ada para la elaboraci\u00f3n, filtraci\u00f3n, limpieza, llenado y esterilizaci\u00f3n de productos l\u00e1cteos, bebidas, alimentos, cosm\u00e9ticos, aditivos alimentarios, productos qu\u00edmicos finos, etc. Esta bomba aplica fuerza centr\u00edfuga para producir velocidad, utiliza un impulsor giratorio para aumentar la velocidad y empujar el fluido a trav\u00e9s de la v\u00e1lvula de salida. Garant\u00eda\u00a0ARC\u00a02 A\u00d1OS Bomba centr\u00edfuga eficiente, bajo consumo 650w soporte t\u00e9cnico incluido","og_url":"https:\/\/www.distribucionarc.com\/nl\/producto\/bomba-centrifuga-para-alimentacion\/","og_site_name":"distribuci\u00f3n ARC","article_modified_time":"2020-10-15T10:29:56+00:00","og_image":[{"width":1001,"height":1001,"url":"https:\/\/distribucionarc.com\/wp-content\/uploads\/2020\/10\/Bomba-centr\u00edfuga-para-alimentaci\u00f3n-0.jpg","type":"image\/jpeg"}],"twitter_card":"summary_large_image","twitter_misc":{"Est. reading time":"1 minuta"},"schema":{"@context":"https:\/\/schema.org","@graph":[{"@type":"WebPage","@id":"https:\/\/www.distribucionarc.com\/nl\/producto\/bomba-centrifuga-para-alimentacion\/","url":"https:\/\/www.distribucionarc.com\/nl\/producto\/bomba-centrifuga-para-alimentacion\/","name":"Centrifugalna \u010drpalka za krmljenje - distribucijo ARC","isPartOf":{"@id":"https:\/\/distribucionarc.com\/ro\/#website"},"primaryImageOfPage":{"@id":"https:\/\/www.distribucionarc.com\/nl\/producto\/bomba-centrifuga-para-alimentacion\/#primaryimage"},"image":{"@id":"https:\/\/www.distribucionarc.com\/nl\/producto\/bomba-centrifuga-para-alimentacion\/#primaryimage"},"thumbnailUrl":"https:\/\/distribucionarc.com\/wp-content\/uploads\/2020\/10\/Bomba-centr\u00edfuga-para-alimentaci\u00f3n-0.jpg","datePublished":"2020-10-15T10:29:55+00:00","dateModified":"2020-10-15T10:29:56+00:00","breadcrumb":{"@id":"https:\/\/www.distribucionarc.com\/nl\/producto\/bomba-centrifuga-para-alimentacion\/#breadcrumb"},"inLanguage":"sl-SI","potentialAction":[{"@type":"ReadAction","target":["https:\/\/www.distribucionarc.com\/nl\/producto\/bomba-centrifuga-para-alimentacion\/"]}]},{"@type":"ImageObject","inLanguage":"sl-SI","@id":"https:\/\/www.distribucionarc.com\/nl\/producto\/bomba-centrifuga-para-alimentacion\/#primaryimage","url":"https:\/\/distribucionarc.com\/wp-content\/uploads\/2020\/10\/Bomba-centr\u00edfuga-para-alimentaci\u00f3n-0.jpg","contentUrl":"https:\/\/distribucionarc.com\/wp-content\/uploads\/2020\/10\/Bomba-centr\u00edfuga-para-alimentaci\u00f3n-0.jpg","width":1001,"height":1001,"caption":"Bomba centr\u00edfuga para alimentaci\u00f3n\u00a0\u00a0"},{"@type":"BreadcrumbList","@id":"https:\/\/www.distribucionarc.com\/nl\/producto\/bomba-centrifuga-para-alimentacion\/#breadcrumb","itemListElement":[{"@type":"ListItem","position":1,"name":"Portada","item":"https:\/\/distribucionarc.com\/ar\/"},{"@type":"ListItem","position":2,"name":"Proizvodi","item":"https:\/\/www.distribucionarc.com\/hr\/ducan\/"},{"@type":"ListItem","position":3,"name":"Bomba centr\u00edfuga para alimentaci\u00f3n\u00a0\u00a0"}]},{"@type":"WebSite","@id":"https:\/\/distribucionarc.com\/ro\/#website","url":"https:\/\/distribucionarc.com\/ro\/","name":"ARC porazdelitev","description":"Podjetje je specializirano za proizvodnjo in distribucijo industrijskih strojev, strojev za zapiranje plo\u010devink, strojev za izdelavo tablet, strojev za rezanje mesa...","publisher":{"@id":"https:\/\/distribucionarc.com\/ro\/#organization"},"potentialAction":[{"@type":"SearchAction","target":{"@type":"EntryPoint","urlTemplate":"https:\/\/distribucionarc.com\/ro\/?s={search_term_string}"},"query-input":{"@type":"PropertyValueSpecification","valueRequired":true,"valueName":"search_term_string"}}],"inLanguage":"sl-SI"},{"@type":"Organization","@id":"https:\/\/distribucionarc.com\/ro\/#organization","name":"Distribucija ARC","url":"https:\/\/distribucionarc.com\/ro\/","logo":{"@type":"ImageObject","inLanguage":"sl-SI","@id":"https:\/\/distribucionarc.com\/ro\/#\/schema\/logo\/image\/","url":"https:\/\/distribucionarc.com\/wp-content\/uploads\/2024\/10\/distribucion-ARC-COLOR-SIN-FONDO-e1732295305345.png","contentUrl":"https:\/\/distribucionarc.com\/wp-content\/uploads\/2024\/10\/distribucion-ARC-COLOR-SIN-FONDO-e1732295305345.png","width":1164,"height":558,"caption":"Distribuci\u00f3n ARC"},"image":{"@id":"https:\/\/distribucionarc.com\/ro\/#\/schema\/logo\/image\/"},"description":"Podjetje, specializirano za proizvodnjo in distribucijo industrijskih strojev za \u017eivilski in farmacevtski sektor. Specializirani smo za: Stroji za rezanje mesa Proizvodnja tablet Industrijski transportni sistemi Stekleni\u010darske linije Dozirni stroji In \u0161e veliko ve\u010d... Ponujamo inovativne in prilagojene re\u0161itve za optimizacijo proizvodnih procesov va\u0161ega podjetja.","email":"Admistracion@distribucionarc.com","telephone":"+34 643496664","legalName":"ARC TECH SOLUTIONS","foundingDate":"2024-04-09","vatID":"B55480172","numberOfEmployees":{"@type":"QuantitativeValue","minValue":"1","maxValue":"10"}}]}},"_links":{"self":[{"href":"https:\/\/distribucionarc.com\/sl\/wp-json\/wp\/v2\/product\/4012","targetHints":{"allow":["GET"]}}],"collection":[{"href":"https:\/\/distribucionarc.com\/sl\/wp-json\/wp\/v2\/product"}],"about":[{"href":"https:\/\/distribucionarc.com\/sl\/wp-json\/wp\/v2\/types\/product"}],"replies":[{"embeddable":true,"href":"https:\/\/distribucionarc.com\/sl\/wp-json\/wp\/v2\/comments?post=4012"}],"version-history":[{"count":0,"href":"https:\/\/distribucionarc.com\/sl\/wp-json\/wp\/v2\/product\/4012\/revisions"}],"wp:featuredmedia":[{"embeddable":true,"href":"https:\/\/distribucionarc.com\/sl\/wp-json\/wp\/v2\/media\/4020"}],"wp:attachment":[{"href":"https:\/\/distribucionarc.com\/sl\/wp-json\/wp\/v2\/media?parent=4012"}],"wp:term":[{"taxonomy":"product_brand","embeddable":true,"href":"https:\/\/distribucionarc.com\/sl\/wp-json\/wp\/v2\/product_brand?post=4012"},{"taxonomy":"product_cat","embeddable":true,"href":"https:\/\/distribucionarc.com\/sl\/wp-json\/wp\/v2\/product_cat?post=4012"},{"taxonomy":"product_tag","embeddable":true,"href":"https:\/\/distribucionarc.com\/sl\/wp-json\/wp\/v2\/product_tag?post=4012"}],"curies":[{"name":"delovni list","href":"https:\/\/api.w.org\/{rel}","templated":true}]}}