{"id":4057,"date":"2020-10-28T16:17:57","date_gmt":"2020-10-28T16:17:57","guid":{"rendered":"https:\/\/distribucionarc.com\/?post_type=product&#038;p=4057"},"modified":"2021-01-26T09:21:13","modified_gmt":"2021-01-26T09:21:13","slug":"pekac-za-vaflje-mehurcki-vafelj-mehurcek","status":"publish","type":"product","link":"https:\/\/distribucionarc.com\/sl\/producto\/gofrera-burbujas-waffle-bubble\/","title":{"rendered":"Bubble peka\u010d za vaflje Waffle bubble"},"content":{"rendered":"<h3>Bubble peka\u010d za vaflje Waffle bubble<\/h3>\n<p>The\u00a0<strong>Profesionalni peka\u010d za vaflje\u00a0<\/strong>\u00a0od\u00a0<strong><span style=\"color: #ff0000;\">TO<\/span><span style=\"color: #0000ff;\">R<\/span>c<\/strong>, ima zasnovo z dvojno glavo, zaradi \u010desar je postopek kuhanja\u00a0<strong>vaflji<\/strong> biti u\u010dinkovitej\u0161i in donosnej\u0161i. Zadostna mo\u010d 1250 W na vsak kalup zagotavlja 360-stopinjsko neprekinjeno segrevanje in bolj\u0161o izku\u0161njo peke. Prav tako \u0161e vedno prispevajo <span style=\"color: #008000;\">r<strong>u\u010dinkovito energetsko u\u010dinkovitost<\/strong><\/span>.<\/p>\n<p>Glava se krmili neodvisno z lesenimi gumbi, ki prepre\u010dujejo segrevanje. Temperatura se giblje med 50 in 300\u00baC z LED lu\u010dko, ki prikazuje stanje delovanja. The <strong>Profesionalni peka\u010d za vaflje <span style=\"color: #ff0000;\">TO<\/span><span style=\"color: #0000ff;\">R<\/span>CMGEB75<\/strong>\u00a0Ima natan\u010den \u010dasovnik za najve\u010d 5 minut, z jasnim in melodi\u010dnim alarmom, ko so vaflji pripravljeni.<\/p>\n<p>Vsak vodja\u00a0\u00a0<strong>Stroj za vaflje<\/strong>\u00a0Uporablja dva kalupa (zgornji in spodnji). Skupaj tvorijo slastne vaflje. Oba kalupa vam zagotavljata enakomerno segrevanje. Kuhalna povr\u0161ina s teflonsko prevleko je proti prijemanju in omogo\u010da enostavno \u010di\u0161\u010denje aparata.\u00a0<strong>vaflji<\/strong>. Set debelih lesenih jeklenih ro\u010dajev za enostaven oprijem in enostavno uporabo. Uporaba materiala, ki dobro odvaja toploto, zagotavlja, da njegova temperatura ni previsoka. \u0160\u010diti uporabnika pred opeklinami.<\/p>\n<p>z\u00a0<strong>Profesionalni peka\u010d za vaflje<\/strong>\u00a0od\u00a0<strong><span style=\"color: #ff0000;\">TO<\/span><span style=\"color: #0000ff;\">R<\/span>c<\/strong>\u00a0nekaj jih bo\u0161 dobil\u00a0<strong>Vaflji<\/strong> <strong>okrogla in z gobastimi mehur\u010dki,<\/strong> mehka notranjost in hrustljava zunanjost z neskon\u010dnim pookusom. \u010cokolado, sladkarije in druge okraske lahko poljubno dodate, da dodate okus.<\/p>\n<p>&nbsp;<\/p>\n<h6><strong>Garancija\u00a0<span style=\"color: #ff0000;\">TO<\/span><span style=\"color: #0000ff;\">R<\/span>C 2 LETI<\/strong><\/h6>\n<h6><span style=\"color: #008000;\">Profesionalni peka\u010d vafljev nizka poraba 1250w<\/span><\/h6>\n<h6><strong>vklju\u010dena tehni\u010dna podpora.<\/strong><\/h6>\n<p>&nbsp;<\/p>\n<table role=\"presentation\" width=\"100%\" cellspacing=\"0\" cellpadding=\"0\">\n<tbody>\n<tr>\n<td class=\"attrLabels\">Temperatura:<\/td>\n<td width=\"50.0%\">30-300\u00baC<\/td>\n<\/tr>\n<tr>\n<td class=\"attrLabels\">Dr\u017eava distribucije:<\/td>\n<td width=\"50.0%\">\u0160panija, Nem\u010dija, ZDA<\/td>\n<td class=\"attrLabels\">Te\u017ea:<\/td>\n<td width=\"50.0%\">6 kg<\/td>\n<\/tr>\n<tr>\n<td class=\"attrLabels\">Znamka:<\/td>\n<td width=\"50.0%\">ARC<\/td>\n<td class=\"attrLabels\">Vi\u0161ina:<\/td>\n<td width=\"50.0%\">50 cm<\/td>\n<\/tr>\n<tr>\n<td class=\"attrLabels\">barva:<\/td>\n<td width=\"50.0%\">Srebrna<\/td>\n<td class=\"attrLabels\">dolgo:<\/td>\n<td width=\"50.0%\">22 cm<\/td>\n<\/tr>\n<tr>\n<td class=\"attrLabels\">Vrsta izdelka:<\/td>\n<td width=\"50.0%\">Profesionalni peka\u010d za vaflje<\/td>\n<td class=\"attrLabels\">\u0160iroko:<\/td>\n<td width=\"50.0%\">37 cm<\/td>\n<\/tr>\n<tr>\n<td class=\"attrLabels\">\u0160tevilka proizvajalca:<\/td>\n<td width=\"50.0%\">ARCMGEB75<\/td>\n<td class=\"attrLabels\">mo\u010d:<\/td>\n<td width=\"50.0%\">950 W<\/td>\n<\/tr>\n<tr>\n<td class=\"attrLabels\">Material:<\/td>\n<td width=\"50.0%\">nerjave\u010de jeklo, teflonska plo\u0161\u010da, nadzor temperature<\/td>\n<td class=\"attrLabels\">vhodna napetost<\/td>\n<td width=\"50.0%\">220V \u2013 60Hz<\/td>\n<\/tr>\n<tr>\n<td class=\"attrLabels\">Velikost vaflja:<\/td>\n<td width=\"50.0%\">\u00a020 cm premera (30 mm mehur\u010dki)<\/td>\n<td class=\"attrLabels\">Garancija:<\/td>\n<td width=\"50.0%\">2 LETI<\/td>\n<\/tr>\n<tr>\n<td class=\"attrLabels\">Orodja za namestitev:<\/td>\n<td width=\"50.0%\">ja<\/td>\n<td class=\"attrLabels\">produkcija:<\/td>\n<td width=\"50.0%\">1 kos na minuto<\/td>\n<\/tr>\n<\/tbody>\n<\/table>\n<p>&nbsp;<\/p>\n<p>&nbsp;<\/p>\n<p>&nbsp;<\/p>","protected":false},"excerpt":{"rendered":"<h2>Bubble peka\u010d za vaflje Waffle bubble<\/h2>\n<p>Na\u0161\u00a0<strong>Peka\u010d za mehur\u010dke vaflje<\/strong>\u00a0od\u00a0<strong><span style=\"color: #ff0000;\">\u00a0TO<\/span><span style=\"color: #0000ff;\">R<\/span>c<\/strong>\u00a0je najbolj\u0161a mo\u017enost\u00a0<strong>vaflji<\/strong>,\u00a0<strong>vaflji, napolitanke<\/strong>, <strong>sladoledne lu\u010dke\u00a0<\/strong> ker je ve\u010dnamensko. Idealen je za profesionalce in mala podjetja.<\/p>\n<p>The\u00a0<strong>Elektri\u010dni peka\u010d za vaflje<\/strong>\u00a0od\u00a0<strong><span style=\"color: #ff0000;\">TO<\/span><span style=\"color: #0000ff;\">R<\/span>c<\/strong>\u00a0Izdelana je iz nerjave\u010dega jekla, ki je odporno na praske in trpe\u017eno. Plo\u0161\u010da iz litega \u017eeleza vam zagotavlja posebno tehnologijo proti prijemanju.\u00a0<strong>Stroj za vaflje <span style=\"color: #ff0000;\">TO<\/span><span style=\"color: #0000ff;\">R<\/span>CMGEB75<\/strong>\u00a0je enostaven za uporabo. The\u00a0<strong>Peka\u010d za puhaste vaflje<\/strong> Hitro se segreje zahvaljujo\u010d mo\u010di 1250 vatov, kar ga dodatno pove\u010da <span style=\"color: #008000;\"><strong>u\u010dinkovit pri porabi elektri\u010dne energije<\/strong><\/span>. Pod plo\u0161\u010do ima pladenj za kapljanje za enostavno \u010di\u0161\u010denje.<\/p>\n<h6><strong>Garancija\u00a0<span style=\"color: #ff0000;\">TO<\/span><span style=\"color: #0000ff;\">R<\/span>C 2 LETI<\/strong><\/h6>\n<h6><span style=\"color: #008000;\">Profesionalni peka\u010d vafljev nizka poraba 1250w<\/span><\/h6>\n<h6><strong>vklju\u010dena tehni\u010dna podpora.<\/strong><\/h6>\n<p>&nbsp;<\/p>\n<p>&nbsp;<\/p>","protected":false},"featured_media":4064,"comment_status":"open","ping_status":"closed","template":"","meta":{"wds_primary_product_brand":0,"wds_primary_product_cat":0},"product_brand":[],"product_cat":[51],"product_tag":[],"class_list":{"0":"post-4057","1":"product","2":"type-product","3":"status-publish","4":"has-post-thumbnail","6":"product_cat-gofreras-profesionales","7":"product_shipping_class-hosteleria","9":"first","10":"instock","11":"sale","12":"taxable","13":"shipping-taxable","14":"purchasable","15":"product-type-simple"},"yoast_head":"<!-- This site is optimized with the Yoast SEO Premium plugin v24.9 (Yoast SEO v26.1) - https:\/\/yoast.com\/wordpress\/plugins\/seo\/ -->\n<title>Gofrera burbujas Waffle bubble - distribuci\u00f3n ARC<\/title>\n<meta name=\"robots\" content=\"index, follow, max-snippet:-1, max-image-preview:large, max-video-preview:-1\" \/>\n<link rel=\"canonical\" href=\"https:\/\/distribucionarc.com\/sl\/izdelek\/pekac-za-vaflje-mehurcki-vafelj-mehurcek\/\" \/>\n<meta property=\"og:locale\" content=\"sl_SI\" \/>\n<meta property=\"og:type\" content=\"article\" \/>\n<meta property=\"og:title\" content=\"Gofrera burbujas Waffle bubble\" \/>\n<meta property=\"og:description\" content=\"Gofrera burbujas Waffle bubble Nuestra\u00a0Gofrera Bubble\u00a0de\u00a0\u00a0ARC\u00a0es la mejor opci\u00f3n para hacer\u00a0gofres,\u00a0waffles, barquillos, conos de helado\u00a0 porque es multifuncional. Es ideal para profesionales y peque\u00f1os comercios .  La\u00a0Maquina de waffles el\u00e9ctrica\u00a0de\u00a0ARC\u00a0est\u00e1 hecha de acero inoxidable, que es resistente a los ara\u00f1azos y duradero. La placa de hierro fundido le proporciona una tecnolog\u00eda especial antiadherente.\u00a0La m\u00e1quina de gofres ARCMGEB75\u00a0es f\u00e1cil de usar. La\u00a0m\u00e1quina para hacer Waffles Esponjosos se calienta r\u00e1pidamente gracias a su potencia de 1250 vatios que la vuelven a su vez m\u00e1s eficiente por su consumo el\u00e9ctrico. Tiene una bandeja de goteo debajo de la placa para facilitar la limpieza. Garant\u00eda\u00a0ARC 2 A\u00d1OS Gofrera profesional , bajo consumo 1250w soporte t\u00e9cnico incluido. &nbsp;  &nbsp;\" \/>\n<meta property=\"og:url\" content=\"https:\/\/distribucionarc.com\/sl\/izdelek\/pekac-za-vaflje-mehurcki-vafelj-mehurcek\/\" \/>\n<meta property=\"og:site_name\" content=\"distribuci\u00f3n ARC\" \/>\n<meta property=\"article:modified_time\" content=\"2021-01-26T09:21:13+00:00\" \/>\n<meta property=\"og:image\" content=\"https:\/\/distribucionarc.com\/wp-content\/uploads\/2020\/10\/Gofrera-burbujas-Waffle-bubble-0.jpg\" \/>\n\t<meta property=\"og:image:width\" content=\"1600\" \/>\n\t<meta property=\"og:image:height\" content=\"1600\" \/>\n\t<meta property=\"og:image:type\" content=\"image\/jpeg\" \/>\n<meta name=\"twitter:card\" content=\"summary_large_image\" \/>\n<meta name=\"twitter:label1\" content=\"Est. reading time\" \/>\n\t<meta name=\"twitter:data1\" content=\"2 minuti\" \/>\n<script type=\"application\/ld+json\" class=\"yoast-schema-graph\">{\"@context\":\"https:\/\/schema.org\",\"@graph\":[{\"@type\":\"WebPage\",\"@id\":\"https:\/\/distribucionarc.com\/nb\/producto\/gofrera-burbujas-waffle-bubble\/\",\"url\":\"https:\/\/distribucionarc.com\/nb\/producto\/gofrera-burbujas-waffle-bubble\/\",\"name\":\"Gofrera burbujas Waffle bubble - distribuci\u00f3n ARC\",\"isPartOf\":{\"@id\":\"https:\/\/distribucionarc.com\/bg\/#website\"},\"primaryImageOfPage\":{\"@id\":\"https:\/\/distribucionarc.com\/nb\/producto\/gofrera-burbujas-waffle-bubble\/#primaryimage\"},\"image\":{\"@id\":\"https:\/\/distribucionarc.com\/nb\/producto\/gofrera-burbujas-waffle-bubble\/#primaryimage\"},\"thumbnailUrl\":\"https:\/\/distribucionarc.com\/wp-content\/uploads\/2020\/10\/Gofrera-burbujas-Waffle-bubble-0.jpg\",\"datePublished\":\"2020-10-28T16:17:57+00:00\",\"dateModified\":\"2021-01-26T09:21:13+00:00\",\"breadcrumb\":{\"@id\":\"https:\/\/distribucionarc.com\/nb\/producto\/gofrera-burbujas-waffle-bubble\/#breadcrumb\"},\"inLanguage\":\"sl-SI\",\"potentialAction\":[{\"@type\":\"ReadAction\",\"target\":[\"https:\/\/distribucionarc.com\/nb\/producto\/gofrera-burbujas-waffle-bubble\/\"]}]},{\"@type\":\"ImageObject\",\"inLanguage\":\"sl-SI\",\"@id\":\"https:\/\/distribucionarc.com\/nb\/producto\/gofrera-burbujas-waffle-bubble\/#primaryimage\",\"url\":\"https:\/\/distribucionarc.com\/wp-content\/uploads\/2020\/10\/Gofrera-burbujas-Waffle-bubble-0.jpg\",\"contentUrl\":\"https:\/\/distribucionarc.com\/wp-content\/uploads\/2020\/10\/Gofrera-burbujas-Waffle-bubble-0.jpg\",\"width\":1600,\"height\":1600,\"caption\":\"Gofrera burbujas Waffle bubble\"},{\"@type\":\"BreadcrumbList\",\"@id\":\"https:\/\/distribucionarc.com\/nb\/producto\/gofrera-burbujas-waffle-bubble\/#breadcrumb\",\"itemListElement\":[{\"@type\":\"ListItem\",\"position\":1,\"name\":\"Portada\",\"item\":\"https:\/\/distribucionarc.com\/nb\/\"},{\"@type\":\"ListItem\",\"position\":2,\"name\":\"Products\",\"item\":\"https:\/\/www.distribucionarc.com\/en\/shop\/\"},{\"@type\":\"ListItem\",\"position\":3,\"name\":\"Gofrera burbujas Waffle bubble\"}]},{\"@type\":\"WebSite\",\"@id\":\"https:\/\/distribucionarc.com\/bg\/#website\",\"url\":\"https:\/\/distribucionarc.com\/bg\/\",\"name\":\"distribuci\u00f3n ARC\",\"description\":\"Empresa especializada en la fabricaci\u00f3n y distribuci\u00f3n de maquinaria industrial, selladoras de latas, Maquinas de hacer pastillas, Maquinas de cortar carne...\",\"publisher\":{\"@id\":\"https:\/\/distribucionarc.com\/bg\/#organization\"},\"potentialAction\":[{\"@type\":\"SearchAction\",\"target\":{\"@type\":\"EntryPoint\",\"urlTemplate\":\"https:\/\/distribucionarc.com\/bg\/?s={search_term_string}\"},\"query-input\":{\"@type\":\"PropertyValueSpecification\",\"valueRequired\":true,\"valueName\":\"search_term_string\"}}],\"inLanguage\":\"sl-SI\"},{\"@type\":\"Organization\",\"@id\":\"https:\/\/distribucionarc.com\/bg\/#organization\",\"name\":\"Distribuci\u00f3n ARC\",\"url\":\"https:\/\/distribucionarc.com\/bg\/\",\"logo\":{\"@type\":\"ImageObject\",\"inLanguage\":\"sl-SI\",\"@id\":\"https:\/\/distribucionarc.com\/bg\/#\/schema\/logo\/image\/\",\"url\":\"https:\/\/distribucionarc.com\/wp-content\/uploads\/2024\/10\/distribucion-ARC-COLOR-SIN-FONDO-e1732295305345.png\",\"contentUrl\":\"https:\/\/distribucionarc.com\/wp-content\/uploads\/2024\/10\/distribucion-ARC-COLOR-SIN-FONDO-e1732295305345.png\",\"width\":1164,\"height\":558,\"caption\":\"Distribuci\u00f3n ARC\"},\"image\":{\"@id\":\"https:\/\/distribucionarc.com\/bg\/#\/schema\/logo\/image\/\"},\"description\":\"Empresa especializada en la fabricaci\u00f3n y distribuci\u00f3n de maquinaria industrial para los sectores alimentario y farmac\u00e9utico. Nos especializamos en: M\u00e1quinas de cortar carne Fabricaci\u00f3n de comprimidos Sistemas de transporte industrial L\u00edneas de embotellado Dosificadores Y mucho m\u00e1s... Ofrecemos soluciones innovadoras y personalizadas para optimizar los procesos productivos de tu empresa.\",\"email\":\"Admistracion@distribucionarc.com\",\"telephone\":\"+34 643496664\",\"legalName\":\"ARC TECH SOLUTIONS\",\"foundingDate\":\"2024-04-09\",\"vatID\":\"B55480172\",\"numberOfEmployees\":{\"@type\":\"QuantitativeValue\",\"minValue\":\"1\",\"maxValue\":\"10\"}}]}<\/script>\n<!-- \/ Yoast SEO Premium plugin. -->","yoast_head_json":{"title":"Bubble aparat za vaflje Waffle bubble - distribucija ARC","robots":{"index":"index","follow":"follow","max-snippet":"max-snippet:-1","max-image-preview":"max-image-preview:large","max-video-preview":"max-video-preview:-1"},"canonical":"https:\/\/distribucionarc.com\/sl\/izdelek\/pekac-za-vaflje-mehurcki-vafelj-mehurcek\/","og_locale":"sl_SI","og_type":"article","og_title":"Gofrera burbujas Waffle bubble","og_description":"Gofrera burbujas Waffle bubble Nuestra\u00a0Gofrera Bubble\u00a0de\u00a0\u00a0ARC\u00a0es la mejor opci\u00f3n para hacer\u00a0gofres,\u00a0waffles, barquillos, conos de helado\u00a0 porque es multifuncional. Es ideal para profesionales y peque\u00f1os comercios .  La\u00a0Maquina de waffles el\u00e9ctrica\u00a0de\u00a0ARC\u00a0est\u00e1 hecha de acero inoxidable, que es resistente a los ara\u00f1azos y duradero. La placa de hierro fundido le proporciona una tecnolog\u00eda especial antiadherente.\u00a0La m\u00e1quina de gofres ARCMGEB75\u00a0es f\u00e1cil de usar. La\u00a0m\u00e1quina para hacer Waffles Esponjosos se calienta r\u00e1pidamente gracias a su potencia de 1250 vatios que la vuelven a su vez m\u00e1s eficiente por su consumo el\u00e9ctrico. Tiene una bandeja de goteo debajo de la placa para facilitar la limpieza. Garant\u00eda\u00a0ARC 2 A\u00d1OS Gofrera profesional , bajo consumo 1250w soporte t\u00e9cnico incluido. &nbsp;  &nbsp;","og_url":"https:\/\/distribucionarc.com\/sl\/izdelek\/pekac-za-vaflje-mehurcki-vafelj-mehurcek\/","og_site_name":"distribuci\u00f3n ARC","article_modified_time":"2021-01-26T09:21:13+00:00","og_image":[{"width":1600,"height":1600,"url":"https:\/\/distribucionarc.com\/wp-content\/uploads\/2020\/10\/Gofrera-burbujas-Waffle-bubble-0.jpg","type":"image\/jpeg"}],"twitter_card":"summary_large_image","twitter_misc":{"Est. reading time":"2 minuti"},"schema":{"@context":"https:\/\/schema.org","@graph":[{"@type":"WebPage","@id":"https:\/\/distribucionarc.com\/nb\/producto\/gofrera-burbujas-waffle-bubble\/","url":"https:\/\/distribucionarc.com\/nb\/producto\/gofrera-burbujas-waffle-bubble\/","name":"Bubble aparat za vaflje Waffle bubble - distribucija ARC","isPartOf":{"@id":"https:\/\/distribucionarc.com\/bg\/#website"},"primaryImageOfPage":{"@id":"https:\/\/distribucionarc.com\/nb\/producto\/gofrera-burbujas-waffle-bubble\/#primaryimage"},"image":{"@id":"https:\/\/distribucionarc.com\/nb\/producto\/gofrera-burbujas-waffle-bubble\/#primaryimage"},"thumbnailUrl":"https:\/\/distribucionarc.com\/wp-content\/uploads\/2020\/10\/Gofrera-burbujas-Waffle-bubble-0.jpg","datePublished":"2020-10-28T16:17:57+00:00","dateModified":"2021-01-26T09:21:13+00:00","breadcrumb":{"@id":"https:\/\/distribucionarc.com\/nb\/producto\/gofrera-burbujas-waffle-bubble\/#breadcrumb"},"inLanguage":"sl-SI","potentialAction":[{"@type":"ReadAction","target":["https:\/\/distribucionarc.com\/nb\/producto\/gofrera-burbujas-waffle-bubble\/"]}]},{"@type":"ImageObject","inLanguage":"sl-SI","@id":"https:\/\/distribucionarc.com\/nb\/producto\/gofrera-burbujas-waffle-bubble\/#primaryimage","url":"https:\/\/distribucionarc.com\/wp-content\/uploads\/2020\/10\/Gofrera-burbujas-Waffle-bubble-0.jpg","contentUrl":"https:\/\/distribucionarc.com\/wp-content\/uploads\/2020\/10\/Gofrera-burbujas-Waffle-bubble-0.jpg","width":1600,"height":1600,"caption":"Gofrera burbujas Waffle bubble"},{"@type":"BreadcrumbList","@id":"https:\/\/distribucionarc.com\/nb\/producto\/gofrera-burbujas-waffle-bubble\/#breadcrumb","itemListElement":[{"@type":"ListItem","position":1,"name":"Portada","item":"https:\/\/distribucionarc.com\/nb\/"},{"@type":"ListItem","position":2,"name":"Products","item":"https:\/\/www.distribucionarc.com\/en\/shop\/"},{"@type":"ListItem","position":3,"name":"Gofrera burbujas Waffle bubble"}]},{"@type":"WebSite","@id":"https:\/\/distribucionarc.com\/bg\/#website","url":"https:\/\/distribucionarc.com\/bg\/","name":"ARC porazdelitev","description":"Podjetje je specializirano za proizvodnjo in distribucijo industrijskih strojev, strojev za zapiranje plo\u010devink, strojev za izdelavo tablet, strojev za rezanje mesa...","publisher":{"@id":"https:\/\/distribucionarc.com\/bg\/#organization"},"potentialAction":[{"@type":"SearchAction","target":{"@type":"EntryPoint","urlTemplate":"https:\/\/distribucionarc.com\/bg\/?s={search_term_string}"},"query-input":{"@type":"PropertyValueSpecification","valueRequired":true,"valueName":"search_term_string"}}],"inLanguage":"sl-SI"},{"@type":"Organization","@id":"https:\/\/distribucionarc.com\/bg\/#organization","name":"Distribucija ARC","url":"https:\/\/distribucionarc.com\/bg\/","logo":{"@type":"ImageObject","inLanguage":"sl-SI","@id":"https:\/\/distribucionarc.com\/bg\/#\/schema\/logo\/image\/","url":"https:\/\/distribucionarc.com\/wp-content\/uploads\/2024\/10\/distribucion-ARC-COLOR-SIN-FONDO-e1732295305345.png","contentUrl":"https:\/\/distribucionarc.com\/wp-content\/uploads\/2024\/10\/distribucion-ARC-COLOR-SIN-FONDO-e1732295305345.png","width":1164,"height":558,"caption":"Distribuci\u00f3n ARC"},"image":{"@id":"https:\/\/distribucionarc.com\/bg\/#\/schema\/logo\/image\/"},"description":"Podjetje, specializirano za proizvodnjo in distribucijo industrijskih strojev za \u017eivilski in farmacevtski sektor. Specializirani smo za: Stroji za rezanje mesa Proizvodnja tablet Industrijski transportni sistemi Stekleni\u010darske linije Dozirni stroji In \u0161e veliko ve\u010d... Ponujamo inovativne in prilagojene re\u0161itve za optimizacijo proizvodnih procesov va\u0161ega podjetja.","email":"Admistracion@distribucionarc.com","telephone":"+34 643496664","legalName":"ARC TECH SOLUTIONS","foundingDate":"2024-04-09","vatID":"B55480172","numberOfEmployees":{"@type":"QuantitativeValue","minValue":"1","maxValue":"10"}}]}},"_links":{"self":[{"href":"https:\/\/distribucionarc.com\/sl\/wp-json\/wp\/v2\/product\/4057","targetHints":{"allow":["GET"]}}],"collection":[{"href":"https:\/\/distribucionarc.com\/sl\/wp-json\/wp\/v2\/product"}],"about":[{"href":"https:\/\/distribucionarc.com\/sl\/wp-json\/wp\/v2\/types\/product"}],"replies":[{"embeddable":true,"href":"https:\/\/distribucionarc.com\/sl\/wp-json\/wp\/v2\/comments?post=4057"}],"version-history":[{"count":0,"href":"https:\/\/distribucionarc.com\/sl\/wp-json\/wp\/v2\/product\/4057\/revisions"}],"wp:featuredmedia":[{"embeddable":true,"href":"https:\/\/distribucionarc.com\/sl\/wp-json\/wp\/v2\/media\/4064"}],"wp:attachment":[{"href":"https:\/\/distribucionarc.com\/sl\/wp-json\/wp\/v2\/media?parent=4057"}],"wp:term":[{"taxonomy":"product_brand","embeddable":true,"href":"https:\/\/distribucionarc.com\/sl\/wp-json\/wp\/v2\/product_brand?post=4057"},{"taxonomy":"product_cat","embeddable":true,"href":"https:\/\/distribucionarc.com\/sl\/wp-json\/wp\/v2\/product_cat?post=4057"},{"taxonomy":"product_tag","embeddable":true,"href":"https:\/\/distribucionarc.com\/sl\/wp-json\/wp\/v2\/product_tag?post=4057"}],"curies":[{"name":"delovni list","href":"https:\/\/api.w.org\/{rel}","templated":true}]}}