{"id":4167,"date":"2020-12-20T18:40:47","date_gmt":"2020-12-20T18:40:47","guid":{"rendered":"https:\/\/distribucionarc.com\/?post_type=product&#038;p=4167"},"modified":"2020-12-20T18:40:47","modified_gmt":"2020-12-20T18:40:47","slug":"elektricni-invalidski-vozicek-za-vzpon-po-stopnicah-2","status":"publish","type":"product","link":"https:\/\/distribucionarc.com\/sl\/producto\/silla-ruedas-electrica-para-subir-escaleras-2\/","title":{"rendered":"Elektri\u010dni invalidski vozi\u010dek za vzpenjanje po stopnicah"},"content":{"rendered":"<h3 class=\"product_title entry-title\">Elektri\u010dni invalidski vozi\u010dek za vzpenjanje po stopnicah<\/h3>\n<p>S tem\u00a0<strong>elektri\u010dni invalidski vozi\u010dek\u00a0<span style=\"color: #ff0000;\">TO<\/span><span style=\"color: #0000ff;\">R<\/span>c<\/strong>\u00a0lahko varno in u\u010dinkovito preva\u017ea paciente skozi ozke prostore ter po stopnicah navzgor ali navzdol, zahvaljujo\u010d\u00a0<strong>mo\u010dan 120W motor<\/strong>\u00a0lahko naredi prevoz varnej\u0161i tako za uporabnika stola kot za osebo, ki je odgovorna za izvedbo prevoza. Opremljen s \u010dvrstim aluminijastim okvirjem je dovolj mo\u010dan, da podpira do\u00a0<strong>160 kg<\/strong>. Varnostni pas za telo in druge ergonomske oblike zagotavljajo udobje in varnost uporabnikov. Ro\u010daji z razli\u010dnimi funkcijami vam omogo\u010dajo manevriranje\u00a0<strong>stopni\u0161\u010dni stol<\/strong>\u00a0zlahka.<\/p>\n<h6><strong>Garancija\u00a0<\/strong><span style=\"color: #ff0000;\"><strong>TO<\/strong><\/span><span style=\"color: #0000ff;\"><strong>R<\/strong><\/span><strong>C 2 LETI<\/strong><\/h6>\n<h6><span style=\"color: #008000;\">U\u010dinkovit elektri\u010dni invalidski vozi\u010dek, elektri\u010dna poraba 100W<\/span><\/h6>\n<h6><strong>vklju\u010dena tehni\u010dna podpora<\/strong><\/h6>\n<p>&nbsp;<\/p>\n<table width=\"100%\">\n<tbody>\n<tr>\n<td>fant:<\/td>\n<td width=\"50%\">Elektri\u010dni\/ro\u010dni<\/td>\n<td colspan=\"2\" width=\"327\"><\/td>\n<\/tr>\n<tr>\n<td>Dr\u017eava distribucije:<\/td>\n<td width=\"50%\">\u0160panija, Nem\u010dija, ZDA<\/td>\n<td>Te\u017ea:<\/td>\n<td width=\"50%\">30 kg<\/td>\n<\/tr>\n<tr>\n<td>Znamka:<\/td>\n<td width=\"50%\">ARC<\/td>\n<td>Vi\u0161ina:<\/td>\n<td width=\"50%\">115 cm<\/td>\n<\/tr>\n<tr>\n<td>barva:<\/td>\n<td width=\"50%\">Zelena, \u010drna<\/td>\n<td>dolgo:<\/td>\n<td width=\"50%\">65 cm<\/td>\n<\/tr>\n<tr>\n<td>Vrsta izdelka:<\/td>\n<td width=\"50%\">stopni\u0161\u010dni invalidski vozi\u010dek<\/td>\n<td>\u0160iroko:<\/td>\n<td width=\"50%\">50 cm<\/td>\n<\/tr>\n<tr>\n<td>\u0160tevilka proizvajalca:<\/td>\n<td width=\"50%\">ARCSRE3<\/td>\n<td>Vrsta plezalca:<\/td>\n<td width=\"50%\">oja\u010dane gosenice<\/td>\n<\/tr>\n<tr>\n<td>Material:<\/td>\n<td width=\"50%\">\u00a0aluminijeva zlitina, odebeljena guma, u\u010dinkovit motor<\/td>\n<td>Najve\u010dja vi\u0161ina:<\/td>\n<td width=\"50%\">162 cm<\/td>\n<\/tr>\n<tr>\n<td>Garancija:<\/td>\n<td width=\"50%\">2 LETI<\/td>\n<td>Material sede\u017ea:<\/td>\n<td width=\"50%\">Podlo\u017eena pena<\/td>\n<\/tr>\n<tr>\n<td>Orodja za namestitev:<\/td>\n<td width=\"50%\">ja<\/td>\n<td>Material kolesa:<\/td>\n<td width=\"50%\">guma<\/td>\n<\/tr>\n<\/tbody>\n<\/table>","protected":false},"excerpt":{"rendered":"<h2 class=\"product_title entry-title\">Elektri\u010dni invalidski vozi\u010dek za vzpenjanje po stopnicah<\/h2>\n<p><!--more--><\/p>\n<p><!--more--><\/p>\n<p>Sede\u017e in hrbet\u00a0<strong>invalidski vozi\u010dek\u00a0<span style=\"color: #ff0000;\">TO<\/span><span style=\"color: #0000ff;\">R<\/span>c<\/strong>\u00a0So puhasti, mehki in udobni, enostavni za sterilizacijo in \u010di\u0161\u010denje. Dva pasova zagotavljata varnost uporabnikov pri vzponu\/spustu po stopnicah. Zlo\u017eljivi naslon za roke in noge sta ergonomska.  Podpira veliko nosilnost do 160 kg<\/p>\n<p>Gumijaste gosenice so se odebelile in podalj\u0161ale. Odpirajo in zapirajo se preprosto z rahlim pritiskom. Zasnovane so za prepre\u010devanje gravitacije in po\u010dasnega spu\u0161\u010danja s trenjem; Ti izvajajo trenje, ki ga poganja 120 W motor za minimalen napor in ve\u010djo varnost. Ima 24 V litijevo baterijo, ki se lahko 15-krat dvigne in spusti po 15 nadstropij z najve\u010djo zmogljivostjo, kar zagotavlja\u00a0<strong>Trajanje 2-3H<\/strong>. Kolesa so izdelana iz gume, odporna na praske in trpe\u017ena.<\/p>\n<p>Zadnji del\u00a0<strong>evakuacijski stol <span style=\"color: #ff0000;\">TO<\/span><span style=\"color: #0000ff;\">R<\/span>CSRE3<\/strong>\u00a0Zasnovan je z dvema zlo\u017eenima ro\u010dajema, ki se zasko\u010dita v polo\u017eaj, kar operaterju omogo\u010da nedrse\u010de prijeme za varno rokovanje in enostavno krmiljenje. Sprednji ro\u010daji so zlo\u017eljivi s pritiskom na rde\u010di gumb, s katerim dvignete stol.<\/p>\n<h6><strong>Garancija\u00a0<\/strong><span style=\"color: #ff0000;\"><strong>TO<\/strong><\/span><span style=\"color: #0000ff;\"><strong>R<\/strong><\/span><strong>C 2 LETI<\/strong><\/h6>\n<h6><span style=\"color: #008000;\">U\u010dinkovit elektri\u010dni invalidski vozi\u010dek, elektri\u010dna poraba 100W<\/span><\/h6>\n<h6><strong>vklju\u010dena tehni\u010dna podpora<\/strong><\/h6>\n<p>&nbsp;<\/p>","protected":false},"featured_media":4177,"comment_status":"open","ping_status":"closed","template":"","meta":{"wds_primary_product_brand":0,"wds_primary_product_cat":0},"product_brand":[],"product_cat":[69],"product_tag":[],"class_list":{"0":"post-4167","1":"product","2":"type-product","3":"status-publish","4":"has-post-thumbnail","6":"product_cat-maquinas-variadas","7":"product_shipping_class-express","9":"first","10":"instock","11":"sale","12":"taxable","13":"shipping-taxable","14":"purchasable","15":"product-type-simple"},"yoast_head":"<!-- This site is optimized with the Yoast SEO Premium plugin v24.9 (Yoast SEO v26.1) - https:\/\/yoast.com\/wordpress\/plugins\/seo\/ -->\n<title>Silla ruedas el\u00e9ctrica para subir escaleras - distribuci\u00f3n ARC<\/title>\n<meta name=\"robots\" content=\"index, follow, max-snippet:-1, max-image-preview:large, max-video-preview:-1\" \/>\n<link rel=\"canonical\" href=\"https:\/\/distribucionarc.com\/sl\/izdelek\/elektricni-invalidski-vozicek-za-vzpon-po-stopnicah-2\/\" \/>\n<meta property=\"og:locale\" content=\"sl_SI\" \/>\n<meta property=\"og:type\" content=\"article\" \/>\n<meta property=\"og:title\" content=\"Silla ruedas el\u00e9ctrica para subir escaleras\" \/>\n<meta property=\"og:description\" content=\"Silla ruedas el\u00e9ctrica para subir escaleras     El asiento y el respaldo de la\u00a0silla de ruedas\u00a0ARC\u00a0son esponjosos, suaves y c\u00f3modos tambi\u00e9n f\u00e1ciles de esterilizar y limpiar. Dos cinturones garantizan la seguridad de los usuarios cuando suben \/ bajan escaleras. El reposabrazos y el reposapi\u00e9s plegables son ergon\u00f3micos. \u00a0Soporta gran capacidad de hasta 160 kg  Las orugas de goma engrosadas y alargadas. Se abren y cierran sencillamente con una prensa ligera. Est\u00e1n dise\u00f1adas para contrarrestar la gravedad y ralentizar el descenso con fricci\u00f3n; estas realizan el movimiento de fricci\u00f3n impulsadas por un motor de 120W para un m\u00ednimo esfuerzo y mayor seguridad. Dispone una una bater\u00eda de litio 24V capaz de subir y bajar 15 pisos 15 veces a m\u00e1ximo rendimiento aportandole de\u00a02-3 H duraci\u00f3n. Las ruedas est\u00e1n hechas de goma, son resistentes a los ara\u00f1azos y duraderas.  La parte posterior de la\u00a0silla de evacuaci\u00f3n ARCSRE3\u00a0est\u00e1 dise\u00f1ada con dos manijas plegadas que se bloquean en su posici\u00f3n, lo que permite a los operadores agarres antideslizantes para un manejo seguro y una direcci\u00f3n f\u00e1cil. Las manijas delanteras son retr\u00e1ctiles presionando el bot\u00f3n rojo, usado para levantar la silla. Garant\u00eda\u00a0ARC 2 A\u00d1OS Silla de ruedas el\u00e9ctrica eficiente,\u00a0 consumo el\u00e9ctrico 100W soporte t\u00e9cnico\u00a0incluido &nbsp;\" \/>\n<meta property=\"og:url\" content=\"https:\/\/distribucionarc.com\/sl\/izdelek\/elektricni-invalidski-vozicek-za-vzpon-po-stopnicah-2\/\" \/>\n<meta property=\"og:site_name\" content=\"distribuci\u00f3n ARC\" \/>\n<meta property=\"og:image\" content=\"https:\/\/distribucionarc.com\/wp-content\/uploads\/2020\/12\/Silla-electrica-ARC-1.jpg\" \/>\n\t<meta property=\"og:image:width\" content=\"1001\" \/>\n\t<meta property=\"og:image:height\" content=\"1001\" \/>\n\t<meta property=\"og:image:type\" content=\"image\/jpeg\" \/>\n<meta name=\"twitter:card\" content=\"summary_large_image\" \/>\n<meta name=\"twitter:label1\" content=\"Est. reading time\" \/>\n\t<meta name=\"twitter:data1\" content=\"1 minuta\" \/>\n<script type=\"application\/ld+json\" class=\"yoast-schema-graph\">{\"@context\":\"https:\/\/schema.org\",\"@graph\":[{\"@type\":\"WebPage\",\"@id\":\"https:\/\/distribucionarc.com\/en\/producto\/silla-ruedas-electrica-para-subir-escaleras-2\/\",\"url\":\"https:\/\/distribucionarc.com\/en\/producto\/silla-ruedas-electrica-para-subir-escaleras-2\/\",\"name\":\"Silla ruedas el\u00e9ctrica para subir escaleras - distribuci\u00f3n ARC\",\"isPartOf\":{\"@id\":\"https:\/\/www.distribucionarc.com\/sl\/#website\"},\"primaryImageOfPage\":{\"@id\":\"https:\/\/distribucionarc.com\/en\/producto\/silla-ruedas-electrica-para-subir-escaleras-2\/#primaryimage\"},\"image\":{\"@id\":\"https:\/\/distribucionarc.com\/en\/producto\/silla-ruedas-electrica-para-subir-escaleras-2\/#primaryimage\"},\"thumbnailUrl\":\"https:\/\/distribucionarc.com\/wp-content\/uploads\/2020\/12\/Silla-electrica-ARC-1.jpg\",\"datePublished\":\"2020-12-20T18:40:47+00:00\",\"breadcrumb\":{\"@id\":\"https:\/\/distribucionarc.com\/en\/producto\/silla-ruedas-electrica-para-subir-escaleras-2\/#breadcrumb\"},\"inLanguage\":\"sl-SI\",\"potentialAction\":[{\"@type\":\"ReadAction\",\"target\":[\"https:\/\/distribucionarc.com\/en\/producto\/silla-ruedas-electrica-para-subir-escaleras-2\/\"]}]},{\"@type\":\"ImageObject\",\"inLanguage\":\"sl-SI\",\"@id\":\"https:\/\/distribucionarc.com\/en\/producto\/silla-ruedas-electrica-para-subir-escaleras-2\/#primaryimage\",\"url\":\"https:\/\/distribucionarc.com\/wp-content\/uploads\/2020\/12\/Silla-electrica-ARC-1.jpg\",\"contentUrl\":\"https:\/\/distribucionarc.com\/wp-content\/uploads\/2020\/12\/Silla-electrica-ARC-1.jpg\",\"width\":1001,\"height\":1001},{\"@type\":\"BreadcrumbList\",\"@id\":\"https:\/\/distribucionarc.com\/en\/producto\/silla-ruedas-electrica-para-subir-escaleras-2\/#breadcrumb\",\"itemListElement\":[{\"@type\":\"ListItem\",\"position\":1,\"name\":\"Portada\",\"item\":\"https:\/\/www.distribucionarc.com\/\"},{\"@type\":\"ListItem\",\"position\":2,\"name\":\"\u00dcr\u00fcnler\",\"item\":\"https:\/\/www.distribucionarc.com\/tr\/magaza\/\"},{\"@type\":\"ListItem\",\"position\":3,\"name\":\"Silla ruedas el\u00e9ctrica para subir escaleras\"}]},{\"@type\":\"WebSite\",\"@id\":\"https:\/\/www.distribucionarc.com\/sl\/#website\",\"url\":\"https:\/\/www.distribucionarc.com\/sl\/\",\"name\":\"distribuci\u00f3n ARC\",\"description\":\"Empresa especializada en la fabricaci\u00f3n y distribuci\u00f3n de maquinaria industrial, selladoras de latas, Maquinas de hacer pastillas, Maquinas de cortar carne...\",\"publisher\":{\"@id\":\"https:\/\/www.distribucionarc.com\/sl\/#organization\"},\"potentialAction\":[{\"@type\":\"SearchAction\",\"target\":{\"@type\":\"EntryPoint\",\"urlTemplate\":\"https:\/\/www.distribucionarc.com\/sl\/?s={search_term_string}\"},\"query-input\":{\"@type\":\"PropertyValueSpecification\",\"valueRequired\":true,\"valueName\":\"search_term_string\"}}],\"inLanguage\":\"sl-SI\"},{\"@type\":\"Organization\",\"@id\":\"https:\/\/www.distribucionarc.com\/sl\/#organization\",\"name\":\"Distribuci\u00f3n ARC\",\"url\":\"https:\/\/www.distribucionarc.com\/sl\/\",\"logo\":{\"@type\":\"ImageObject\",\"inLanguage\":\"sl-SI\",\"@id\":\"https:\/\/www.distribucionarc.com\/sl\/#\/schema\/logo\/image\/\",\"url\":\"https:\/\/distribucionarc.com\/wp-content\/uploads\/2024\/10\/distribucion-ARC-COLOR-SIN-FONDO-e1732295305345.png\",\"contentUrl\":\"https:\/\/distribucionarc.com\/wp-content\/uploads\/2024\/10\/distribucion-ARC-COLOR-SIN-FONDO-e1732295305345.png\",\"width\":1164,\"height\":558,\"caption\":\"Distribuci\u00f3n ARC\"},\"image\":{\"@id\":\"https:\/\/www.distribucionarc.com\/sl\/#\/schema\/logo\/image\/\"},\"description\":\"Empresa especializada en la fabricaci\u00f3n y distribuci\u00f3n de maquinaria industrial para los sectores alimentario y farmac\u00e9utico. Nos especializamos en: M\u00e1quinas de cortar carne Fabricaci\u00f3n de comprimidos Sistemas de transporte industrial L\u00edneas de embotellado Dosificadores Y mucho m\u00e1s... Ofrecemos soluciones innovadoras y personalizadas para optimizar los procesos productivos de tu empresa.\",\"email\":\"Admistracion@distribucionarc.com\",\"telephone\":\"+34 643496664\",\"legalName\":\"ARC TECH SOLUTIONS\",\"foundingDate\":\"2024-04-09\",\"vatID\":\"B55480172\",\"numberOfEmployees\":{\"@type\":\"QuantitativeValue\",\"minValue\":\"1\",\"maxValue\":\"10\"}}]}<\/script>\n<!-- \/ Yoast SEO Premium plugin. -->","yoast_head_json":{"title":"Elektri\u010dni invalidski vozi\u010dek za vzpenjanje po stopnicah - ARC distribucija","robots":{"index":"index","follow":"follow","max-snippet":"max-snippet:-1","max-image-preview":"max-image-preview:large","max-video-preview":"max-video-preview:-1"},"canonical":"https:\/\/distribucionarc.com\/sl\/izdelek\/elektricni-invalidski-vozicek-za-vzpon-po-stopnicah-2\/","og_locale":"sl_SI","og_type":"article","og_title":"Silla ruedas el\u00e9ctrica para subir escaleras","og_description":"Silla ruedas el\u00e9ctrica para subir escaleras     El asiento y el respaldo de la\u00a0silla de ruedas\u00a0ARC\u00a0son esponjosos, suaves y c\u00f3modos tambi\u00e9n f\u00e1ciles de esterilizar y limpiar. Dos cinturones garantizan la seguridad de los usuarios cuando suben \/ bajan escaleras. El reposabrazos y el reposapi\u00e9s plegables son ergon\u00f3micos. \u00a0Soporta gran capacidad de hasta 160 kg  Las orugas de goma engrosadas y alargadas. Se abren y cierran sencillamente con una prensa ligera. Est\u00e1n dise\u00f1adas para contrarrestar la gravedad y ralentizar el descenso con fricci\u00f3n; estas realizan el movimiento de fricci\u00f3n impulsadas por un motor de 120W para un m\u00ednimo esfuerzo y mayor seguridad. Dispone una una bater\u00eda de litio 24V capaz de subir y bajar 15 pisos 15 veces a m\u00e1ximo rendimiento aportandole de\u00a02-3 H duraci\u00f3n. Las ruedas est\u00e1n hechas de goma, son resistentes a los ara\u00f1azos y duraderas.  La parte posterior de la\u00a0silla de evacuaci\u00f3n ARCSRE3\u00a0est\u00e1 dise\u00f1ada con dos manijas plegadas que se bloquean en su posici\u00f3n, lo que permite a los operadores agarres antideslizantes para un manejo seguro y una direcci\u00f3n f\u00e1cil. Las manijas delanteras son retr\u00e1ctiles presionando el bot\u00f3n rojo, usado para levantar la silla. Garant\u00eda\u00a0ARC 2 A\u00d1OS Silla de ruedas el\u00e9ctrica eficiente,\u00a0 consumo el\u00e9ctrico 100W soporte t\u00e9cnico\u00a0incluido &nbsp;","og_url":"https:\/\/distribucionarc.com\/sl\/izdelek\/elektricni-invalidski-vozicek-za-vzpon-po-stopnicah-2\/","og_site_name":"distribuci\u00f3n ARC","og_image":[{"width":1001,"height":1001,"url":"https:\/\/distribucionarc.com\/wp-content\/uploads\/2020\/12\/Silla-electrica-ARC-1.jpg","type":"image\/jpeg"}],"twitter_card":"summary_large_image","twitter_misc":{"Est. reading time":"1 minuta"},"schema":{"@context":"https:\/\/schema.org","@graph":[{"@type":"WebPage","@id":"https:\/\/distribucionarc.com\/en\/producto\/silla-ruedas-electrica-para-subir-escaleras-2\/","url":"https:\/\/distribucionarc.com\/en\/producto\/silla-ruedas-electrica-para-subir-escaleras-2\/","name":"Elektri\u010dni invalidski vozi\u010dek za vzpenjanje po stopnicah - ARC distribucija","isPartOf":{"@id":"https:\/\/www.distribucionarc.com\/sl\/#website"},"primaryImageOfPage":{"@id":"https:\/\/distribucionarc.com\/en\/producto\/silla-ruedas-electrica-para-subir-escaleras-2\/#primaryimage"},"image":{"@id":"https:\/\/distribucionarc.com\/en\/producto\/silla-ruedas-electrica-para-subir-escaleras-2\/#primaryimage"},"thumbnailUrl":"https:\/\/distribucionarc.com\/wp-content\/uploads\/2020\/12\/Silla-electrica-ARC-1.jpg","datePublished":"2020-12-20T18:40:47+00:00","breadcrumb":{"@id":"https:\/\/distribucionarc.com\/en\/producto\/silla-ruedas-electrica-para-subir-escaleras-2\/#breadcrumb"},"inLanguage":"sl-SI","potentialAction":[{"@type":"ReadAction","target":["https:\/\/distribucionarc.com\/en\/producto\/silla-ruedas-electrica-para-subir-escaleras-2\/"]}]},{"@type":"ImageObject","inLanguage":"sl-SI","@id":"https:\/\/distribucionarc.com\/en\/producto\/silla-ruedas-electrica-para-subir-escaleras-2\/#primaryimage","url":"https:\/\/distribucionarc.com\/wp-content\/uploads\/2020\/12\/Silla-electrica-ARC-1.jpg","contentUrl":"https:\/\/distribucionarc.com\/wp-content\/uploads\/2020\/12\/Silla-electrica-ARC-1.jpg","width":1001,"height":1001},{"@type":"BreadcrumbList","@id":"https:\/\/distribucionarc.com\/en\/producto\/silla-ruedas-electrica-para-subir-escaleras-2\/#breadcrumb","itemListElement":[{"@type":"ListItem","position":1,"name":"Portada","item":"https:\/\/www.distribucionarc.com\/"},{"@type":"ListItem","position":2,"name":"\u00dcr\u00fcnler","item":"https:\/\/www.distribucionarc.com\/tr\/magaza\/"},{"@type":"ListItem","position":3,"name":"Silla ruedas el\u00e9ctrica para subir escaleras"}]},{"@type":"WebSite","@id":"https:\/\/www.distribucionarc.com\/sl\/#website","url":"https:\/\/www.distribucionarc.com\/sl\/","name":"ARC porazdelitev","description":"Podjetje je specializirano za proizvodnjo in distribucijo industrijskih strojev, strojev za zapiranje plo\u010devink, strojev za izdelavo tablet, strojev za rezanje mesa...","publisher":{"@id":"https:\/\/www.distribucionarc.com\/sl\/#organization"},"potentialAction":[{"@type":"SearchAction","target":{"@type":"EntryPoint","urlTemplate":"https:\/\/www.distribucionarc.com\/sl\/?s={search_term_string}"},"query-input":{"@type":"PropertyValueSpecification","valueRequired":true,"valueName":"search_term_string"}}],"inLanguage":"sl-SI"},{"@type":"Organization","@id":"https:\/\/www.distribucionarc.com\/sl\/#organization","name":"Distribucija ARC","url":"https:\/\/www.distribucionarc.com\/sl\/","logo":{"@type":"ImageObject","inLanguage":"sl-SI","@id":"https:\/\/www.distribucionarc.com\/sl\/#\/schema\/logo\/image\/","url":"https:\/\/distribucionarc.com\/wp-content\/uploads\/2024\/10\/distribucion-ARC-COLOR-SIN-FONDO-e1732295305345.png","contentUrl":"https:\/\/distribucionarc.com\/wp-content\/uploads\/2024\/10\/distribucion-ARC-COLOR-SIN-FONDO-e1732295305345.png","width":1164,"height":558,"caption":"Distribuci\u00f3n ARC"},"image":{"@id":"https:\/\/www.distribucionarc.com\/sl\/#\/schema\/logo\/image\/"},"description":"Podjetje, specializirano za proizvodnjo in distribucijo industrijskih strojev za \u017eivilski in farmacevtski sektor. Specializirani smo za: Stroji za rezanje mesa Proizvodnja tablet Industrijski transportni sistemi Stekleni\u010darske linije Dozirni stroji In \u0161e veliko ve\u010d... Ponujamo inovativne in prilagojene re\u0161itve za optimizacijo proizvodnih procesov va\u0161ega podjetja.","email":"Admistracion@distribucionarc.com","telephone":"+34 643496664","legalName":"ARC TECH SOLUTIONS","foundingDate":"2024-04-09","vatID":"B55480172","numberOfEmployees":{"@type":"QuantitativeValue","minValue":"1","maxValue":"10"}}]}},"_links":{"self":[{"href":"https:\/\/distribucionarc.com\/sl\/wp-json\/wp\/v2\/product\/4167","targetHints":{"allow":["GET"]}}],"collection":[{"href":"https:\/\/distribucionarc.com\/sl\/wp-json\/wp\/v2\/product"}],"about":[{"href":"https:\/\/distribucionarc.com\/sl\/wp-json\/wp\/v2\/types\/product"}],"replies":[{"embeddable":true,"href":"https:\/\/distribucionarc.com\/sl\/wp-json\/wp\/v2\/comments?post=4167"}],"version-history":[{"count":0,"href":"https:\/\/distribucionarc.com\/sl\/wp-json\/wp\/v2\/product\/4167\/revisions"}],"wp:featuredmedia":[{"embeddable":true,"href":"https:\/\/distribucionarc.com\/sl\/wp-json\/wp\/v2\/media\/4177"}],"wp:attachment":[{"href":"https:\/\/distribucionarc.com\/sl\/wp-json\/wp\/v2\/media?parent=4167"}],"wp:term":[{"taxonomy":"product_brand","embeddable":true,"href":"https:\/\/distribucionarc.com\/sl\/wp-json\/wp\/v2\/product_brand?post=4167"},{"taxonomy":"product_cat","embeddable":true,"href":"https:\/\/distribucionarc.com\/sl\/wp-json\/wp\/v2\/product_cat?post=4167"},{"taxonomy":"product_tag","embeddable":true,"href":"https:\/\/distribucionarc.com\/sl\/wp-json\/wp\/v2\/product_tag?post=4167"}],"curies":[{"name":"delovni list","href":"https:\/\/api.w.org\/{rel}","templated":true}]}}