{"id":425,"date":"2020-04-18T16:38:10","date_gmt":"2020-04-18T16:38:10","guid":{"rendered":"https:\/\/distribucionarc.com\/?post_type=product&#038;p=425"},"modified":"2023-04-02T10:06:45","modified_gmt":"2023-04-02T10:06:45","slug":"polavtomatski-pnevmatski-dozirnik-za-lepilo","status":"publish","type":"product","link":"https:\/\/distribucionarc.com\/sl\/producto\/dosificadora-de-adesivos-llenadora-neumatica-semiautomatica\/","title":{"rendered":"Dozirnik lepila Pnevmatski ali polavtomatski polnilnik"},"content":{"rendered":"<h3>Dozirnik teko\u010dega lepila Pnevmatski in polavtomatski polnilnik<\/h3>\n<p>&nbsp;<\/p>\n<p>Stroj za ro\u010dno ali samodejno doziranje lepila s \u010dasovnikom, ima pedal, s tem strojem lahko dobite natan\u010dnej\u0161e rezultate, bolj\u0161e kon\u010dne obdelave va\u0161ih kosov in pove\u010danje proizvodnje, \u017eivljenjska doba tega stroja je do ? let ima sistem proti kapljanju. Zasnovan za \u0161iroko paleto aplikacij, kot so EFD, I&amp;J Fisnar.<\/p>\n<p>V kompletu s priborom za doziranje.<\/p>\n<p>\u010cas doziranja v na\u010dinu \u010dasovnika 0,01\u201399,99 sekund.<\/p>\n<p>\u010cas cikla na\u010dina \u010dasovnika 0,1\u20139,9 sekunde.<\/p>\n<p>Ro\u010dni na\u010din, materiali se lahko dozirajo neprekinjeno, dokler operater ne spusti pedala.<\/p>\n<p>to <strong>razpr\u0161ilnik lepila<\/strong> mora biti priklju\u010den na zra\u010dni kompresor (1,5 KM ali ve\u010d).<\/p>\n<p>On <strong>razpr\u0161ilnik lepila<\/strong>\u00a0<b>strokovno,<\/b>\u00a0Precise uporablja najnovej\u0161i digitalni nadzorni sistem,<\/p>\n<p>1. Vrsta to\u010denja: Prosta nastavitev 16 vrst oblik s prikazom \u010dasa to\u010denja<\/p>\n<p>2. Samodejni dozirni \u010dasovnik: 00.01S-99.99S<\/p>\n<p>3. Ro\u010dno doziranje \u010dasa: lahko dozira premaz ali neprekinjeno linijo<\/p>\n<p>4. Najmanj\u0161i odmerek lepila: 0,0001 ml<\/p>\n<p>5. \u010casovni razpon doziranja: 0,1-9,9 S (funkcija samodejnega merjenja \u010dasa)<\/p>\n<p>6. Vhodna napetost: 220V -10% 50 Hz \/ 110V -10% 60 Hz (220V za Evropo; 110V za Ameriko itd.)<\/p>\n<p>7. Notranja napetost: 12V DC \/ 24V DC<\/p>\n<p>8. Vhodni zra\u010dni tlak: 10-100 pSi<\/p>\n<p>9. Izhodni zra\u010dni tlak: 1-80 pSi<\/p>\n<p>10. Skupna dimenzija: 235 * 225 * 63 mm<\/p>\n<p>11. Neto te\u017ea: 2,2 Kg<\/p>\n<p>1. Stikalo za vklop: lu\u010dka za namestitev prikazuje &quot;Vklopljeno&quot;, lu\u010dka za izklop prikazuje &quot;Izklopljeno&quot;<\/p>\n<p>2. Prikaz \u010dasa to\u010denja: Nastavitev \u010dasa na zaslonu<\/p>\n<p>3. Regulator tlaka vstopnega zraka: najprej izvlecite, vzvratno je ni\u017eji tlak, odzra\u010devanje je vi\u0161ji tlak<\/p>\n<p>4. Barometer: obmo\u010dje prikaza: 0-100 pSi<\/p>\n<p>5. Vakuumska krmilna enota: preobrat je visoka vakuumska \u010drpalka, hitrost je nizka vakuumska \u010drpalka<\/p>\n<p>6. Testni gumb: Med testiranjem lahko zamenjate no\u017eno stikalo<\/p>\n<p>7. Gumb za klicno kodo \u010dasa to\u010denja: prikaz \u010dasa nastavitve, sprejme obliko se\u0161tevanja in od\u0161tevanja 00,01S-99,99S<\/p>\n<p>8. Gumb za klicno kodo za nastavitev \u010dasovnega intervala: Prikaz \u010dasa nastavitve, sprejme na\u010din se\u0161tevanja in od\u0161tevanja 0,1S-9,9S<\/p>\n<p>9. Izhodni vmesnik za odmerjanje: Pove\u017eite se z valjem za dozirno iglo.<\/p>\n<p>10. Vhodni vmesnik za zra\u010dni tlak: Pove\u017eite se s \u010distim visokotla\u010dnim virom (kompresorjem)<\/p>\n<p>11. Na\u010din izdajanja: 16 vrst brezpla\u010dnih<\/p>\n<p>12. Vmesnik no\u017enega krmilnika: Pove\u017eite se z no\u017enim stikalom<\/p>\n<p>13. Vhodna vti\u010dnica za napajanje<\/p>\n<p>14. Dr\u017ealo za pu\u0161ko<\/p>\n<p><strong>VSEBINA:<\/strong><\/p>\n<p>1 <strong>stroj za doziranje lepila<\/strong><\/p>\n<p>1 no\u017eno stikalo<\/p>\n<p>1 ro\u010dno stikalo<\/p>\n<p>1 dr\u017ealo za razpr\u0161ilnik<\/p>\n<p>2 30 cc teko\u010de brizge<\/p>\n<p>1 zra\u010dna cev za brizgo<\/p>\n<p>1 Zra\u010dna cev do vira zraka<\/p>\n<p>1 komplet jeklenih in plasti\u010dnih igel<\/p>\n<p>1 napajalni kabel<\/p>\n<p><strong>V tem videu si lahko ogledate, kako stroj deluje<\/strong><\/p>\n<p><iframe loading=\"lazy\" src=\"https:\/\/www.youtube.com\/embed\/XuHbrKqcgD8\" width=\"560\" height=\"315\" frameborder=\"0\" allowfullscreen=\"allowfullscreen\"><\/iframe><\/p>","protected":false},"excerpt":{"rendered":"<p>Stroj za razdeljevanje lepila se uporablja na razli\u010dnih podro\u010djih industrije, elektronika, letalstvo, optika, kemija, avtomobili, zdravljenje, nafta, embala\u017ea,<\/p>\n<p>Industrija nakita in strojev.<\/p>\n<p>Na\u0161i stroji prestanejo zahteven nadzor kakovosti, na ta na\u010din zagotavljamo 2\ufe0f\u20e3 letno garancijo in tehni\u010dno podporo v primeru okvare<\/p>","protected":false},"featured_media":426,"comment_status":"open","ping_status":"closed","template":"","meta":{"wds_primary_product_brand":0,"wds_primary_product_cat":0},"product_brand":[],"product_cat":[18,19,20],"product_tag":[],"class_list":{"0":"post-425","1":"product","2":"type-product","3":"status-publish","4":"has-post-thumbnail","6":"product_cat-dosificadoras","7":"product_cat-dosificadoras-de-liquidos","8":"product_cat-dosificadoras-de-pastosos","10":"first","11":"instock","12":"taxable","13":"shipping-taxable","14":"purchasable","15":"product-type-simple"},"yoast_head":"<!-- This site is optimized with the Yoast SEO Premium plugin v24.9 (Yoast SEO v26.1) - https:\/\/yoast.com\/wordpress\/plugins\/seo\/ -->\n<title>Dosificadora de adhesivo Llenadora Neum\u00e1tica o Semiautom\u00e1tica - distribuci\u00f3n ARC<\/title>\n<meta name=\"robots\" content=\"index, follow, max-snippet:-1, max-image-preview:large, max-video-preview:-1\" \/>\n<link rel=\"canonical\" href=\"https:\/\/distribucionarc.com\/sl\/izdelek\/polavtomatski-pnevmatski-dozirnik-za-lepilo\/\" \/>\n<meta property=\"og:locale\" content=\"sl_SI\" \/>\n<meta property=\"og:type\" content=\"article\" \/>\n<meta property=\"og:title\" content=\"Dosificadora de adhesivo Llenadora Neum\u00e1tica o Semiautom\u00e1tica\" \/>\n<meta property=\"og:description\" content=\"M\u00e1quina dosificadora de adhesivo se utilizada en diferentes campos de la industrias, electr\u00f3nica, aviaci\u00f3n, \u00f3ptica, qu\u00edmica, autom\u00f3vil, tratamiento m\u00e9dico, petr\u00f3leo, embalaje,  Industria de joyer\u00eda y maquinaria.  Nuestras m\u00e1quinas pasan un exigente control de calidad de esta forma garantizamos 2\ufe0f\u20e3 a\u00f1os de garant\u00eda y soporte t\u00e9cnico en caso de aver\u00eda\" \/>\n<meta property=\"og:url\" content=\"https:\/\/distribucionarc.com\/sl\/izdelek\/polavtomatski-pnevmatski-dozirnik-za-lepilo\/\" \/>\n<meta property=\"og:site_name\" content=\"distribuci\u00f3n ARC\" \/>\n<meta property=\"article:modified_time\" content=\"2023-04-02T10:06:45+00:00\" \/>\n<meta property=\"og:image\" content=\"https:\/\/distribucionarc.com\/wp-content\/uploads\/2020\/04\/dosificadora_de_adesivos_llenadora_neumatica_0.jpg\" \/>\n\t<meta property=\"og:image:width\" content=\"800\" \/>\n\t<meta property=\"og:image:height\" content=\"800\" \/>\n\t<meta property=\"og:image:type\" content=\"image\/jpeg\" \/>\n<meta name=\"twitter:card\" content=\"summary_large_image\" \/>\n<meta name=\"twitter:label1\" content=\"Est. reading time\" \/>\n\t<meta name=\"twitter:data1\" content=\"3 minute\" \/>\n<script type=\"application\/ld+json\" class=\"yoast-schema-graph\">{\"@context\":\"https:\/\/schema.org\",\"@graph\":[{\"@type\":\"WebPage\",\"@id\":\"https:\/\/distribucionarc.com\/tr\/producto\/dosificadora-de-adesivos-llenadora-neumatica-semiautomatica\/\",\"url\":\"https:\/\/distribucionarc.com\/tr\/producto\/dosificadora-de-adesivos-llenadora-neumatica-semiautomatica\/\",\"name\":\"Dosificadora de adhesivo Llenadora Neum\u00e1tica o Semiautom\u00e1tica - distribuci\u00f3n ARC\",\"isPartOf\":{\"@id\":\"https:\/\/www.distribucionarc.com\/de\/#website\"},\"primaryImageOfPage\":{\"@id\":\"https:\/\/distribucionarc.com\/tr\/producto\/dosificadora-de-adesivos-llenadora-neumatica-semiautomatica\/#primaryimage\"},\"image\":{\"@id\":\"https:\/\/distribucionarc.com\/tr\/producto\/dosificadora-de-adesivos-llenadora-neumatica-semiautomatica\/#primaryimage\"},\"thumbnailUrl\":\"https:\/\/distribucionarc.com\/wp-content\/uploads\/2020\/04\/dosificadora_de_adesivos_llenadora_neumatica_0.jpg\",\"datePublished\":\"2020-04-18T16:38:10+00:00\",\"dateModified\":\"2023-04-02T10:06:45+00:00\",\"breadcrumb\":{\"@id\":\"https:\/\/distribucionarc.com\/tr\/producto\/dosificadora-de-adesivos-llenadora-neumatica-semiautomatica\/#breadcrumb\"},\"inLanguage\":\"sl-SI\",\"potentialAction\":[{\"@type\":\"ReadAction\",\"target\":[\"https:\/\/distribucionarc.com\/tr\/producto\/dosificadora-de-adesivos-llenadora-neumatica-semiautomatica\/\"]}]},{\"@type\":\"ImageObject\",\"inLanguage\":\"sl-SI\",\"@id\":\"https:\/\/distribucionarc.com\/tr\/producto\/dosificadora-de-adesivos-llenadora-neumatica-semiautomatica\/#primaryimage\",\"url\":\"https:\/\/distribucionarc.com\/wp-content\/uploads\/2020\/04\/dosificadora_de_adesivos_llenadora_neumatica_0.jpg\",\"contentUrl\":\"https:\/\/distribucionarc.com\/wp-content\/uploads\/2020\/04\/dosificadora_de_adesivos_llenadora_neumatica_0.jpg\",\"width\":800,\"height\":800},{\"@type\":\"BreadcrumbList\",\"@id\":\"https:\/\/distribucionarc.com\/tr\/producto\/dosificadora-de-adesivos-llenadora-neumatica-semiautomatica\/#breadcrumb\",\"itemListElement\":[{\"@type\":\"ListItem\",\"position\":1,\"name\":\"Portada\",\"item\":\"https:\/\/www.distribucionarc.com\/en\/\"},{\"@type\":\"ListItem\",\"position\":2,\"name\":\"Products\",\"item\":\"https:\/\/www.distribucionarc.com\/en\/shop\/\"},{\"@type\":\"ListItem\",\"position\":3,\"name\":\"Dosificadora de adhesivo Llenadora Neum\u00e1tica o Semiautom\u00e1tica\"}]},{\"@type\":\"WebSite\",\"@id\":\"https:\/\/www.distribucionarc.com\/de\/#website\",\"url\":\"https:\/\/www.distribucionarc.com\/de\/\",\"name\":\"distribuci\u00f3n ARC\",\"description\":\"Empresa especializada en la fabricaci\u00f3n y distribuci\u00f3n de maquinaria industrial, selladoras de latas, Maquinas de hacer pastillas, Maquinas de cortar carne...\",\"publisher\":{\"@id\":\"https:\/\/www.distribucionarc.com\/de\/#organization\"},\"potentialAction\":[{\"@type\":\"SearchAction\",\"target\":{\"@type\":\"EntryPoint\",\"urlTemplate\":\"https:\/\/www.distribucionarc.com\/de\/?s={search_term_string}\"},\"query-input\":{\"@type\":\"PropertyValueSpecification\",\"valueRequired\":true,\"valueName\":\"search_term_string\"}}],\"inLanguage\":\"sl-SI\"},{\"@type\":\"Organization\",\"@id\":\"https:\/\/www.distribucionarc.com\/de\/#organization\",\"name\":\"Distribuci\u00f3n ARC\",\"url\":\"https:\/\/www.distribucionarc.com\/de\/\",\"logo\":{\"@type\":\"ImageObject\",\"inLanguage\":\"sl-SI\",\"@id\":\"https:\/\/www.distribucionarc.com\/de\/#\/schema\/logo\/image\/\",\"url\":\"https:\/\/distribucionarc.com\/wp-content\/uploads\/2024\/10\/distribucion-ARC-COLOR-SIN-FONDO-e1732295305345.png\",\"contentUrl\":\"https:\/\/distribucionarc.com\/wp-content\/uploads\/2024\/10\/distribucion-ARC-COLOR-SIN-FONDO-e1732295305345.png\",\"width\":1164,\"height\":558,\"caption\":\"Distribuci\u00f3n ARC\"},\"image\":{\"@id\":\"https:\/\/www.distribucionarc.com\/de\/#\/schema\/logo\/image\/\"},\"description\":\"Empresa especializada en la fabricaci\u00f3n y distribuci\u00f3n de maquinaria industrial para los sectores alimentario y farmac\u00e9utico. Nos especializamos en: M\u00e1quinas de cortar carne Fabricaci\u00f3n de comprimidos Sistemas de transporte industrial L\u00edneas de embotellado Dosificadores Y mucho m\u00e1s... Ofrecemos soluciones innovadoras y personalizadas para optimizar los procesos productivos de tu empresa.\",\"email\":\"Admistracion@distribucionarc.com\",\"telephone\":\"+34 643496664\",\"legalName\":\"ARC TECH SOLUTIONS\",\"foundingDate\":\"2024-04-09\",\"vatID\":\"B55480172\",\"numberOfEmployees\":{\"@type\":\"QuantitativeValue\",\"minValue\":\"1\",\"maxValue\":\"10\"}}]}<\/script>\n<!-- \/ Yoast SEO Premium plugin. -->","yoast_head_json":{"title":"Dozirnik lepila Pnevmatski ali polavtomatski Filler - ARC distribucija","robots":{"index":"index","follow":"follow","max-snippet":"max-snippet:-1","max-image-preview":"max-image-preview:large","max-video-preview":"max-video-preview:-1"},"canonical":"https:\/\/distribucionarc.com\/sl\/izdelek\/polavtomatski-pnevmatski-dozirnik-za-lepilo\/","og_locale":"sl_SI","og_type":"article","og_title":"Dosificadora de adhesivo Llenadora Neum\u00e1tica o Semiautom\u00e1tica","og_description":"M\u00e1quina dosificadora de adhesivo se utilizada en diferentes campos de la industrias, electr\u00f3nica, aviaci\u00f3n, \u00f3ptica, qu\u00edmica, autom\u00f3vil, tratamiento m\u00e9dico, petr\u00f3leo, embalaje,  Industria de joyer\u00eda y maquinaria.  Nuestras m\u00e1quinas pasan un exigente control de calidad de esta forma garantizamos 2\ufe0f\u20e3 a\u00f1os de garant\u00eda y soporte t\u00e9cnico en caso de aver\u00eda","og_url":"https:\/\/distribucionarc.com\/sl\/izdelek\/polavtomatski-pnevmatski-dozirnik-za-lepilo\/","og_site_name":"distribuci\u00f3n ARC","article_modified_time":"2023-04-02T10:06:45+00:00","og_image":[{"width":800,"height":800,"url":"https:\/\/distribucionarc.com\/wp-content\/uploads\/2020\/04\/dosificadora_de_adesivos_llenadora_neumatica_0.jpg","type":"image\/jpeg"}],"twitter_card":"summary_large_image","twitter_misc":{"Est. reading time":"3 minute"},"schema":{"@context":"https:\/\/schema.org","@graph":[{"@type":"WebPage","@id":"https:\/\/distribucionarc.com\/tr\/producto\/dosificadora-de-adesivos-llenadora-neumatica-semiautomatica\/","url":"https:\/\/distribucionarc.com\/tr\/producto\/dosificadora-de-adesivos-llenadora-neumatica-semiautomatica\/","name":"Dozirnik lepila Pnevmatski ali polavtomatski Filler - ARC distribucija","isPartOf":{"@id":"https:\/\/www.distribucionarc.com\/de\/#website"},"primaryImageOfPage":{"@id":"https:\/\/distribucionarc.com\/tr\/producto\/dosificadora-de-adesivos-llenadora-neumatica-semiautomatica\/#primaryimage"},"image":{"@id":"https:\/\/distribucionarc.com\/tr\/producto\/dosificadora-de-adesivos-llenadora-neumatica-semiautomatica\/#primaryimage"},"thumbnailUrl":"https:\/\/distribucionarc.com\/wp-content\/uploads\/2020\/04\/dosificadora_de_adesivos_llenadora_neumatica_0.jpg","datePublished":"2020-04-18T16:38:10+00:00","dateModified":"2023-04-02T10:06:45+00:00","breadcrumb":{"@id":"https:\/\/distribucionarc.com\/tr\/producto\/dosificadora-de-adesivos-llenadora-neumatica-semiautomatica\/#breadcrumb"},"inLanguage":"sl-SI","potentialAction":[{"@type":"ReadAction","target":["https:\/\/distribucionarc.com\/tr\/producto\/dosificadora-de-adesivos-llenadora-neumatica-semiautomatica\/"]}]},{"@type":"ImageObject","inLanguage":"sl-SI","@id":"https:\/\/distribucionarc.com\/tr\/producto\/dosificadora-de-adesivos-llenadora-neumatica-semiautomatica\/#primaryimage","url":"https:\/\/distribucionarc.com\/wp-content\/uploads\/2020\/04\/dosificadora_de_adesivos_llenadora_neumatica_0.jpg","contentUrl":"https:\/\/distribucionarc.com\/wp-content\/uploads\/2020\/04\/dosificadora_de_adesivos_llenadora_neumatica_0.jpg","width":800,"height":800},{"@type":"BreadcrumbList","@id":"https:\/\/distribucionarc.com\/tr\/producto\/dosificadora-de-adesivos-llenadora-neumatica-semiautomatica\/#breadcrumb","itemListElement":[{"@type":"ListItem","position":1,"name":"Portada","item":"https:\/\/www.distribucionarc.com\/en\/"},{"@type":"ListItem","position":2,"name":"Products","item":"https:\/\/www.distribucionarc.com\/en\/shop\/"},{"@type":"ListItem","position":3,"name":"Dosificadora de adhesivo Llenadora Neum\u00e1tica o Semiautom\u00e1tica"}]},{"@type":"WebSite","@id":"https:\/\/www.distribucionarc.com\/de\/#website","url":"https:\/\/www.distribucionarc.com\/de\/","name":"ARC porazdelitev","description":"Podjetje je specializirano za proizvodnjo in distribucijo industrijskih strojev, strojev za zapiranje plo\u010devink, strojev za izdelavo tablet, strojev za rezanje mesa...","publisher":{"@id":"https:\/\/www.distribucionarc.com\/de\/#organization"},"potentialAction":[{"@type":"SearchAction","target":{"@type":"EntryPoint","urlTemplate":"https:\/\/www.distribucionarc.com\/de\/?s={search_term_string}"},"query-input":{"@type":"PropertyValueSpecification","valueRequired":true,"valueName":"search_term_string"}}],"inLanguage":"sl-SI"},{"@type":"Organization","@id":"https:\/\/www.distribucionarc.com\/de\/#organization","name":"Distribucija ARC","url":"https:\/\/www.distribucionarc.com\/de\/","logo":{"@type":"ImageObject","inLanguage":"sl-SI","@id":"https:\/\/www.distribucionarc.com\/de\/#\/schema\/logo\/image\/","url":"https:\/\/distribucionarc.com\/wp-content\/uploads\/2024\/10\/distribucion-ARC-COLOR-SIN-FONDO-e1732295305345.png","contentUrl":"https:\/\/distribucionarc.com\/wp-content\/uploads\/2024\/10\/distribucion-ARC-COLOR-SIN-FONDO-e1732295305345.png","width":1164,"height":558,"caption":"Distribuci\u00f3n ARC"},"image":{"@id":"https:\/\/www.distribucionarc.com\/de\/#\/schema\/logo\/image\/"},"description":"Podjetje, specializirano za proizvodnjo in distribucijo industrijskih strojev za \u017eivilski in farmacevtski sektor. Specializirani smo za: Stroji za rezanje mesa Proizvodnja tablet Industrijski transportni sistemi Stekleni\u010darske linije Dozirni stroji In \u0161e veliko ve\u010d... Ponujamo inovativne in prilagojene re\u0161itve za optimizacijo proizvodnih procesov va\u0161ega podjetja.","email":"Admistracion@distribucionarc.com","telephone":"+34 643496664","legalName":"ARC TECH SOLUTIONS","foundingDate":"2024-04-09","vatID":"B55480172","numberOfEmployees":{"@type":"QuantitativeValue","minValue":"1","maxValue":"10"}}]}},"_links":{"self":[{"href":"https:\/\/distribucionarc.com\/sl\/wp-json\/wp\/v2\/product\/425","targetHints":{"allow":["GET"]}}],"collection":[{"href":"https:\/\/distribucionarc.com\/sl\/wp-json\/wp\/v2\/product"}],"about":[{"href":"https:\/\/distribucionarc.com\/sl\/wp-json\/wp\/v2\/types\/product"}],"replies":[{"embeddable":true,"href":"https:\/\/distribucionarc.com\/sl\/wp-json\/wp\/v2\/comments?post=425"}],"version-history":[{"count":0,"href":"https:\/\/distribucionarc.com\/sl\/wp-json\/wp\/v2\/product\/425\/revisions"}],"wp:featuredmedia":[{"embeddable":true,"href":"https:\/\/distribucionarc.com\/sl\/wp-json\/wp\/v2\/media\/426"}],"wp:attachment":[{"href":"https:\/\/distribucionarc.com\/sl\/wp-json\/wp\/v2\/media?parent=425"}],"wp:term":[{"taxonomy":"product_brand","embeddable":true,"href":"https:\/\/distribucionarc.com\/sl\/wp-json\/wp\/v2\/product_brand?post=425"},{"taxonomy":"product_cat","embeddable":true,"href":"https:\/\/distribucionarc.com\/sl\/wp-json\/wp\/v2\/product_cat?post=425"},{"taxonomy":"product_tag","embeddable":true,"href":"https:\/\/distribucionarc.com\/sl\/wp-json\/wp\/v2\/product_tag?post=425"}],"curies":[{"name":"delovni list","href":"https:\/\/api.w.org\/{rel}","templated":true}]}}