{"id":4288,"date":"2021-01-27T14:37:58","date_gmt":"2021-01-27T14:37:58","guid":{"rendered":"https:\/\/distribucionarc.com\/?post_type=product&#038;p=4288"},"modified":"2023-02-24T13:39:13","modified_gmt":"2023-02-24T13:39:13","slug":"termo-tisk-lotter","status":"publish","type":"product","link":"https:\/\/distribucionarc.com\/sl\/producto\/loteadora-de-impresion-termica\/","title":{"rendered":"Lot stroj za termi\u010dni tisk\u00a0"},"content":{"rendered":"<h3>Lot stroj za termi\u010dni tisk<\/h3>\n<p>Postavitev in postavitev tipkovnice tega<strong> termi\u010dni serijski tiskalnik<\/strong> So enostavni za uporabo, preprosto in intuitivno upravljanje vam olaj\u0161a postopek. The <strong>tiskarski lot stroj <span style=\"color: #ff0000;\">TO<\/span><span style=\"color: #0000ff;\">R<\/span>CLIT100<\/strong> Ima preprosto nadzorno plo\u0161\u010do, kjer lahko po potrebi prilagodite temperaturo in hitrost. Primerno za nizko, srednje in visoko temperaturne trakove.<\/p>\n<p>\u010crnilni trak za vro\u010de \u017eigosanje ima visokokakovosten vrhunski motor, ki zagotavlja stabilen izpis in zanesljivo delovanje ter tako zagotavlja vzdr\u017eljivost <strong>termi\u010dni dozirni stroj<\/strong>. Tiskalna glava je popolnoma bakrena <strong>oznaka kode<\/strong> Lahko se ga razstavi, da se olaj\u0161a spreminjanje znakov in kode za bolj priro\u010dno delo. Nastavljiva koda znakov izbolj\u0161a u\u010dinkovitost dela in jasnej\u0161i u\u010dinek tiskanja.<\/p>\n<p>The <strong>termi\u010dni tiskalnik s trakom<\/strong> ponuja dva na\u010dina kodiranja: samodejno in s pedalom za enostavno vsakodnevno uporabo. \u010ce neprekinjeno kodiranje ni uporabljeno, nastavite stikalo na premor. Za tiskanje kode lahko uporabite no\u017eni pedal. Razdaljo med trakovi lahko nastavite z matico, da prepre\u010dite obrabo trakov. Obrnite trak navzgor, da zmanj\u0161ate vrzel, in ga obrnite navzdol, da pove\u010date vrzel. Zahvaljujo\u010d temu <strong>tiskarski lot stroj<\/strong> Za bolj\u0161i vtis lahko prilagodite najprimernej\u0161e mesto.<\/p>\n<p>The<strong> stroj za tiskanje trakov <span style=\"color: #ff0000;\">TO<\/span><span style=\"color: #0000ff;\">R<\/span>CLIT100<\/strong> \u0160iroko se uporablja pri tiskanju hrane, pija\u010de, farmacevtskih izdelkov, vodnih izdelkov, naravnih izdelkov, kozmetike, elektronskih komponent, strojne opreme, kemi\u010dne in drugih industrij.<\/p>\n<hr \/>\n<ul>\n<li>Vrsta: Tiskarski stroj z vro\u010dim trakom<\/li>\n<li>Na\u010din kodiranja: polavtomatski<\/li>\n<li>Hitrost tiskanja: 10~100-krat\/min, brezstopenjska nastavljiva hitrost<\/li>\n<li>Podro\u010dje tiskanja: ena vrstica: najve\u010d 4 x 35 pribl. 15 kosov te vrste<\/li>\n<li>Dvojna linija: max 8 x 35 pribl. 30 kosov vrste<\/li>\n<li>Trojna linija: max 12 x 35 pribl. 45 kosov vrst<\/li>\n<li>Vrsta tiska: \u0161tevilke, \u010drke<\/li>\n<li>Trak za vro\u010de \u017eigosanje: standardna \u0161irina 35 mm, dol\u017eina 100 mm, premer koluta 25,4 mm<\/li>\n<li>Motor reduktor: 15W, 220V; Hitrost 140 vrt\/min<\/li>\n<li>Delovna temperatura: 0 ~ 200 \u00b0C.<\/li>\n<li>Velikost izdelka: 25,3 x 22,09 x 32 cm (D x \u0160 x V)<\/li>\n<\/ul>\n<h6><\/h6>\n<h6><strong>Garancija\u00a0<span style=\"color: #ff0000;\">TO<\/span><span style=\"color: #0000ff;\">R<\/span>C 2 LETI<\/strong><\/h6>\n<h6><span style=\"color: #008000;\">Zmogljiv tiskarski lot stroj, poraba 175 W<\/span><\/h6>\n<h6><strong>vklju\u010dena tehni\u010dna podpora<\/strong><\/h6>\n<p>&nbsp;<\/p>\n<p>&nbsp;<\/p>","protected":false},"excerpt":{"rendered":"<h2>Lot stroj za termi\u010dni tisk<\/h2>\n<p>kako si <strong>tiskanje nalepk<\/strong> polavtomatski <strong><span style=\"color: #ff0000;\">TO<\/span><span style=\"color: #0000ff;\">R<\/span>c<\/strong> bo serijsko seriral va\u0161e izdelke pri visoki hitrosti, pri \u010demer bo dajal prednost linearnemu procesu, <strong>elektri\u010dni \u0161tampiljalni stroj<\/strong> uporablja trak za vro\u010de \u017eigosanje namesto teko\u010dega \u010drnila; tako dose\u017eemo jasen tisk, ki se enostavno su\u0161i, \u010disti in je higieni\u010den. to <strong>termi\u010dni \u017eig<\/strong> Deluje na specifi\u010den na\u010din spreminjanja premikajo\u010dih se besed ali tiskanja \u0161tevilk. The <strong>tiskarski lot stroj <span style=\"color: #ff0000;\">TO<\/span><span style=\"color: #0000ff;\">R<\/span>c<\/strong> \u0160iroko se uporablja pri tiskanju hrane, pija\u010d, zdravil, vodnih izdelkov, naravnih izdelkov, kozmetike, elektronskih komponent, strojne opreme, kemikalij in drugih industrij.<\/p>\n<h6><strong>Garancija\u00a0<span style=\"color: #ff0000;\">TO<\/span><span style=\"color: #0000ff;\">R<\/span>C 2 LETI<\/strong><\/h6>\n<h6><span style=\"color: #008000;\">Zmogljiv tiskarski lot stroj, poraba 175 W<\/span><\/h6>\n<h6><strong>vklju\u010dena tehni\u010dna podpora<\/strong><\/h6>","protected":false},"featured_media":4289,"comment_status":"open","ping_status":"closed","template":"","meta":{"wds_primary_product_brand":0,"wds_primary_product_cat":0},"product_brand":[],"product_cat":[44],"product_tag":[],"class_list":{"0":"post-4288","1":"product","2":"type-product","3":"status-publish","4":"has-post-thumbnail","6":"product_cat-etiquetadoras-de-botellas","8":"first","9":"instock","10":"taxable","11":"shipping-taxable","12":"purchasable","13":"product-type-simple"},"yoast_head":"<!-- This site is optimized with the Yoast SEO Premium plugin v24.9 (Yoast SEO v26.1) - https:\/\/yoast.com\/wordpress\/plugins\/seo\/ -->\n<title>Loteadora de impresi\u00f3n t\u00e9rmica\u00a0 - distribuci\u00f3n ARC<\/title>\n<meta name=\"robots\" content=\"index, follow, max-snippet:-1, max-image-preview:large, max-video-preview:-1\" \/>\n<link rel=\"canonical\" href=\"https:\/\/distribucionarc.com\/sl\/izdelek\/termo-tisk-lotter\/\" \/>\n<meta property=\"og:locale\" content=\"sl_SI\" \/>\n<meta property=\"og:type\" content=\"article\" \/>\n<meta property=\"og:title\" content=\"Loteadora de impresi\u00f3n t\u00e9rmica\u00a0\" \/>\n<meta property=\"og:description\" content=\"Loteadora de impresi\u00f3n t\u00e9rmica Como esta etiquetadora de impresi\u00f3n semiautom\u00e1tica ARC realizar\u00e1 el loteado de sus productos a una gran velocidad favoreciendo el proceso lineal, la m\u00e1quina de estampaci\u00f3n el\u00e9ctrica utiliza cinta de estampaci\u00f3n en caliente en lugar de tinta l\u00edquida; logrando as\u00ed una impresi\u00f3n clara y f\u00e1cil de secar, limpiar e higi\u00e9nica. Esta estampadora t\u00e9rmica funciona mediante la forma espec\u00edfica de cambiar palabras en movimiento o n\u00fameros de impresi\u00f3n. La loteadora de impresi\u00f3n ARC es ampliamente utilizada en la impresi\u00f3n de alimentos, bebidas, medicamentos, productos acu\u00e1ticos, productos naturales, cosm\u00e9ticos, componentes electr\u00f3nicos, hardware, productos qu\u00edmicos y otras industrias. Garant\u00eda\u00a0ARC 2 A\u00d1OS Loteadora de impresi\u00f3n eficiente, consumo de 175 W soporte t\u00e9cnico incluido\" \/>\n<meta property=\"og:url\" content=\"https:\/\/distribucionarc.com\/sl\/izdelek\/termo-tisk-lotter\/\" \/>\n<meta property=\"og:site_name\" content=\"distribuci\u00f3n ARC\" \/>\n<meta property=\"article:modified_time\" content=\"2023-02-24T13:39:13+00:00\" \/>\n<meta property=\"og:image\" content=\"https:\/\/distribucionarc.com\/wp-content\/uploads\/2021\/01\/Loteadora-de-impresion-termica-0-.jpg\" \/>\n\t<meta property=\"og:image:width\" content=\"1600\" \/>\n\t<meta property=\"og:image:height\" content=\"1600\" \/>\n\t<meta property=\"og:image:type\" content=\"image\/jpeg\" \/>\n<meta name=\"twitter:card\" content=\"summary_large_image\" \/>\n<meta name=\"twitter:label1\" content=\"Est. reading time\" \/>\n\t<meta name=\"twitter:data1\" content=\"2 minuti\" \/>\n<script type=\"application\/ld+json\" class=\"yoast-schema-graph\">{\"@context\":\"https:\/\/schema.org\",\"@graph\":[{\"@type\":\"WebPage\",\"@id\":\"https:\/\/distribucionarc.com\/pt\/producto\/loteadora-de-impresion-termica\/\",\"url\":\"https:\/\/distribucionarc.com\/pt\/producto\/loteadora-de-impresion-termica\/\",\"name\":\"Loteadora de impresi\u00f3n t\u00e9rmica\u00a0 - distribuci\u00f3n ARC\",\"isPartOf\":{\"@id\":\"https:\/\/distribucionarc.com\/de\/#website\"},\"primaryImageOfPage\":{\"@id\":\"https:\/\/distribucionarc.com\/pt\/producto\/loteadora-de-impresion-termica\/#primaryimage\"},\"image\":{\"@id\":\"https:\/\/distribucionarc.com\/pt\/producto\/loteadora-de-impresion-termica\/#primaryimage\"},\"thumbnailUrl\":\"https:\/\/distribucionarc.com\/wp-content\/uploads\/2021\/01\/Loteadora-de-impresion-termica-0-.jpg\",\"datePublished\":\"2021-01-27T14:37:58+00:00\",\"dateModified\":\"2023-02-24T13:39:13+00:00\",\"breadcrumb\":{\"@id\":\"https:\/\/distribucionarc.com\/pt\/producto\/loteadora-de-impresion-termica\/#breadcrumb\"},\"inLanguage\":\"sl-SI\",\"potentialAction\":[{\"@type\":\"ReadAction\",\"target\":[\"https:\/\/distribucionarc.com\/pt\/producto\/loteadora-de-impresion-termica\/\"]}]},{\"@type\":\"ImageObject\",\"inLanguage\":\"sl-SI\",\"@id\":\"https:\/\/distribucionarc.com\/pt\/producto\/loteadora-de-impresion-termica\/#primaryimage\",\"url\":\"https:\/\/distribucionarc.com\/wp-content\/uploads\/2021\/01\/Loteadora-de-impresion-termica-0-.jpg\",\"contentUrl\":\"https:\/\/distribucionarc.com\/wp-content\/uploads\/2021\/01\/Loteadora-de-impresion-termica-0-.jpg\",\"width\":1600,\"height\":1600,\"caption\":\"Loteadora de impresi\u00f3n t\u00e9rmica\u00a0\"},{\"@type\":\"BreadcrumbList\",\"@id\":\"https:\/\/distribucionarc.com\/pt\/producto\/loteadora-de-impresion-termica\/#breadcrumb\",\"itemListElement\":[{\"@type\":\"ListItem\",\"position\":1,\"name\":\"Portada\",\"item\":\"https:\/\/distribucionarc.com\/pl\/\"},{\"@type\":\"ListItem\",\"position\":2,\"name\":\"Produkty\",\"item\":\"https:\/\/distribucionarc.com\/pl\/shop\/\"},{\"@type\":\"ListItem\",\"position\":3,\"name\":\"Loteadora de impresi\u00f3n t\u00e9rmica\u00a0\"}]},{\"@type\":\"WebSite\",\"@id\":\"https:\/\/distribucionarc.com\/de\/#website\",\"url\":\"https:\/\/distribucionarc.com\/de\/\",\"name\":\"distribuci\u00f3n ARC\",\"description\":\"Empresa especializada en la fabricaci\u00f3n y distribuci\u00f3n de maquinaria industrial, selladoras de latas, Maquinas de hacer pastillas, Maquinas de cortar carne...\",\"publisher\":{\"@id\":\"https:\/\/distribucionarc.com\/de\/#organization\"},\"potentialAction\":[{\"@type\":\"SearchAction\",\"target\":{\"@type\":\"EntryPoint\",\"urlTemplate\":\"https:\/\/distribucionarc.com\/de\/?s={search_term_string}\"},\"query-input\":{\"@type\":\"PropertyValueSpecification\",\"valueRequired\":true,\"valueName\":\"search_term_string\"}}],\"inLanguage\":\"sl-SI\"},{\"@type\":\"Organization\",\"@id\":\"https:\/\/distribucionarc.com\/de\/#organization\",\"name\":\"Distribuci\u00f3n ARC\",\"url\":\"https:\/\/distribucionarc.com\/de\/\",\"logo\":{\"@type\":\"ImageObject\",\"inLanguage\":\"sl-SI\",\"@id\":\"https:\/\/distribucionarc.com\/de\/#\/schema\/logo\/image\/\",\"url\":\"https:\/\/distribucionarc.com\/wp-content\/uploads\/2024\/10\/distribucion-ARC-COLOR-SIN-FONDO-e1732295305345.png\",\"contentUrl\":\"https:\/\/distribucionarc.com\/wp-content\/uploads\/2024\/10\/distribucion-ARC-COLOR-SIN-FONDO-e1732295305345.png\",\"width\":1164,\"height\":558,\"caption\":\"Distribuci\u00f3n ARC\"},\"image\":{\"@id\":\"https:\/\/distribucionarc.com\/de\/#\/schema\/logo\/image\/\"},\"description\":\"Empresa especializada en la fabricaci\u00f3n y distribuci\u00f3n de maquinaria industrial para los sectores alimentario y farmac\u00e9utico. Nos especializamos en: M\u00e1quinas de cortar carne Fabricaci\u00f3n de comprimidos Sistemas de transporte industrial L\u00edneas de embotellado Dosificadores Y mucho m\u00e1s... Ofrecemos soluciones innovadoras y personalizadas para optimizar los procesos productivos de tu empresa.\",\"email\":\"Admistracion@distribucionarc.com\",\"telephone\":\"+34 643496664\",\"legalName\":\"ARC TECH SOLUTIONS\",\"foundingDate\":\"2024-04-09\",\"vatID\":\"B55480172\",\"numberOfEmployees\":{\"@type\":\"QuantitativeValue\",\"minValue\":\"1\",\"maxValue\":\"10\"}}]}<\/script>\n<!-- \/ Yoast SEO Premium plugin. -->","yoast_head_json":{"title":"Sre\u010dka za termi\u010dni tisk - distribucija ARC","robots":{"index":"index","follow":"follow","max-snippet":"max-snippet:-1","max-image-preview":"max-image-preview:large","max-video-preview":"max-video-preview:-1"},"canonical":"https:\/\/distribucionarc.com\/sl\/izdelek\/termo-tisk-lotter\/","og_locale":"sl_SI","og_type":"article","og_title":"Loteadora de impresi\u00f3n t\u00e9rmica\u00a0","og_description":"Loteadora de impresi\u00f3n t\u00e9rmica Como esta etiquetadora de impresi\u00f3n semiautom\u00e1tica ARC realizar\u00e1 el loteado de sus productos a una gran velocidad favoreciendo el proceso lineal, la m\u00e1quina de estampaci\u00f3n el\u00e9ctrica utiliza cinta de estampaci\u00f3n en caliente en lugar de tinta l\u00edquida; logrando as\u00ed una impresi\u00f3n clara y f\u00e1cil de secar, limpiar e higi\u00e9nica. Esta estampadora t\u00e9rmica funciona mediante la forma espec\u00edfica de cambiar palabras en movimiento o n\u00fameros de impresi\u00f3n. La loteadora de impresi\u00f3n ARC es ampliamente utilizada en la impresi\u00f3n de alimentos, bebidas, medicamentos, productos acu\u00e1ticos, productos naturales, cosm\u00e9ticos, componentes electr\u00f3nicos, hardware, productos qu\u00edmicos y otras industrias. Garant\u00eda\u00a0ARC 2 A\u00d1OS Loteadora de impresi\u00f3n eficiente, consumo de 175 W soporte t\u00e9cnico incluido","og_url":"https:\/\/distribucionarc.com\/sl\/izdelek\/termo-tisk-lotter\/","og_site_name":"distribuci\u00f3n ARC","article_modified_time":"2023-02-24T13:39:13+00:00","og_image":[{"width":1600,"height":1600,"url":"https:\/\/distribucionarc.com\/wp-content\/uploads\/2021\/01\/Loteadora-de-impresion-termica-0-.jpg","type":"image\/jpeg"}],"twitter_card":"summary_large_image","twitter_misc":{"Est. reading time":"2 minuti"},"schema":{"@context":"https:\/\/schema.org","@graph":[{"@type":"WebPage","@id":"https:\/\/distribucionarc.com\/pt\/producto\/loteadora-de-impresion-termica\/","url":"https:\/\/distribucionarc.com\/pt\/producto\/loteadora-de-impresion-termica\/","name":"Sre\u010dka za termi\u010dni tisk - distribucija ARC","isPartOf":{"@id":"https:\/\/distribucionarc.com\/de\/#website"},"primaryImageOfPage":{"@id":"https:\/\/distribucionarc.com\/pt\/producto\/loteadora-de-impresion-termica\/#primaryimage"},"image":{"@id":"https:\/\/distribucionarc.com\/pt\/producto\/loteadora-de-impresion-termica\/#primaryimage"},"thumbnailUrl":"https:\/\/distribucionarc.com\/wp-content\/uploads\/2021\/01\/Loteadora-de-impresion-termica-0-.jpg","datePublished":"2021-01-27T14:37:58+00:00","dateModified":"2023-02-24T13:39:13+00:00","breadcrumb":{"@id":"https:\/\/distribucionarc.com\/pt\/producto\/loteadora-de-impresion-termica\/#breadcrumb"},"inLanguage":"sl-SI","potentialAction":[{"@type":"ReadAction","target":["https:\/\/distribucionarc.com\/pt\/producto\/loteadora-de-impresion-termica\/"]}]},{"@type":"ImageObject","inLanguage":"sl-SI","@id":"https:\/\/distribucionarc.com\/pt\/producto\/loteadora-de-impresion-termica\/#primaryimage","url":"https:\/\/distribucionarc.com\/wp-content\/uploads\/2021\/01\/Loteadora-de-impresion-termica-0-.jpg","contentUrl":"https:\/\/distribucionarc.com\/wp-content\/uploads\/2021\/01\/Loteadora-de-impresion-termica-0-.jpg","width":1600,"height":1600,"caption":"Loteadora de impresi\u00f3n t\u00e9rmica\u00a0"},{"@type":"BreadcrumbList","@id":"https:\/\/distribucionarc.com\/pt\/producto\/loteadora-de-impresion-termica\/#breadcrumb","itemListElement":[{"@type":"ListItem","position":1,"name":"Portada","item":"https:\/\/distribucionarc.com\/pl\/"},{"@type":"ListItem","position":2,"name":"Produkty","item":"https:\/\/distribucionarc.com\/pl\/shop\/"},{"@type":"ListItem","position":3,"name":"Loteadora de impresi\u00f3n t\u00e9rmica\u00a0"}]},{"@type":"WebSite","@id":"https:\/\/distribucionarc.com\/de\/#website","url":"https:\/\/distribucionarc.com\/de\/","name":"ARC porazdelitev","description":"Podjetje je specializirano za proizvodnjo in distribucijo industrijskih strojev, strojev za zapiranje plo\u010devink, strojev za izdelavo tablet, strojev za rezanje mesa...","publisher":{"@id":"https:\/\/distribucionarc.com\/de\/#organization"},"potentialAction":[{"@type":"SearchAction","target":{"@type":"EntryPoint","urlTemplate":"https:\/\/distribucionarc.com\/de\/?s={search_term_string}"},"query-input":{"@type":"PropertyValueSpecification","valueRequired":true,"valueName":"search_term_string"}}],"inLanguage":"sl-SI"},{"@type":"Organization","@id":"https:\/\/distribucionarc.com\/de\/#organization","name":"Distribucija ARC","url":"https:\/\/distribucionarc.com\/de\/","logo":{"@type":"ImageObject","inLanguage":"sl-SI","@id":"https:\/\/distribucionarc.com\/de\/#\/schema\/logo\/image\/","url":"https:\/\/distribucionarc.com\/wp-content\/uploads\/2024\/10\/distribucion-ARC-COLOR-SIN-FONDO-e1732295305345.png","contentUrl":"https:\/\/distribucionarc.com\/wp-content\/uploads\/2024\/10\/distribucion-ARC-COLOR-SIN-FONDO-e1732295305345.png","width":1164,"height":558,"caption":"Distribuci\u00f3n ARC"},"image":{"@id":"https:\/\/distribucionarc.com\/de\/#\/schema\/logo\/image\/"},"description":"Podjetje, specializirano za proizvodnjo in distribucijo industrijskih strojev za \u017eivilski in farmacevtski sektor. Specializirani smo za: Stroji za rezanje mesa Proizvodnja tablet Industrijski transportni sistemi Stekleni\u010darske linije Dozirni stroji In \u0161e veliko ve\u010d... Ponujamo inovativne in prilagojene re\u0161itve za optimizacijo proizvodnih procesov va\u0161ega podjetja.","email":"Admistracion@distribucionarc.com","telephone":"+34 643496664","legalName":"ARC TECH SOLUTIONS","foundingDate":"2024-04-09","vatID":"B55480172","numberOfEmployees":{"@type":"QuantitativeValue","minValue":"1","maxValue":"10"}}]}},"_links":{"self":[{"href":"https:\/\/distribucionarc.com\/sl\/wp-json\/wp\/v2\/product\/4288","targetHints":{"allow":["GET"]}}],"collection":[{"href":"https:\/\/distribucionarc.com\/sl\/wp-json\/wp\/v2\/product"}],"about":[{"href":"https:\/\/distribucionarc.com\/sl\/wp-json\/wp\/v2\/types\/product"}],"replies":[{"embeddable":true,"href":"https:\/\/distribucionarc.com\/sl\/wp-json\/wp\/v2\/comments?post=4288"}],"version-history":[{"count":0,"href":"https:\/\/distribucionarc.com\/sl\/wp-json\/wp\/v2\/product\/4288\/revisions"}],"wp:featuredmedia":[{"embeddable":true,"href":"https:\/\/distribucionarc.com\/sl\/wp-json\/wp\/v2\/media\/4289"}],"wp:attachment":[{"href":"https:\/\/distribucionarc.com\/sl\/wp-json\/wp\/v2\/media?parent=4288"}],"wp:term":[{"taxonomy":"product_brand","embeddable":true,"href":"https:\/\/distribucionarc.com\/sl\/wp-json\/wp\/v2\/product_brand?post=4288"},{"taxonomy":"product_cat","embeddable":true,"href":"https:\/\/distribucionarc.com\/sl\/wp-json\/wp\/v2\/product_cat?post=4288"},{"taxonomy":"product_tag","embeddable":true,"href":"https:\/\/distribucionarc.com\/sl\/wp-json\/wp\/v2\/product_tag?post=4288"}],"curies":[{"name":"delovni list","href":"https:\/\/api.w.org\/{rel}","templated":true}]}}