{"id":4303,"date":"2021-01-28T11:21:17","date_gmt":"2021-01-28T11:21:17","guid":{"rendered":"https:\/\/distribucionarc.com\/?post_type=product&#038;p=4303"},"modified":"2021-01-28T11:21:18","modified_gmt":"2021-01-28T11:21:18","slug":"toaster-grill-s-tekocim-trakom","status":"publish","type":"product","link":"https:\/\/distribucionarc.com\/sl\/producto\/tostador-grill-con-cinta-transportadora\/","title":{"rendered":"Toaster za \u017ear s teko\u010dim trakom"},"content":{"rendered":"<h3>Toaster za \u017ear s teko\u010dim trakom<\/h3>\n<p>to<strong> toaster s teko\u010dim trakom<\/strong> od <strong><span style=\"color: #ff0000;\">TO<\/span><span style=\"color: #0000ff;\">R<\/span>c<\/strong> Primeren je za skoraj vse komercialne kuhinje, hiter, u\u010dinkovit in enostaven za uporabo. Na uro lahko pripravi do 300 rezin kruha. to <strong>Toaster \u017ear<\/strong> Ima sedem nastavljivih hitrosti in tri na\u010dine pra\u017eenja za nadzor barve in sve\u017eine kruha. Naj neustavljiva aroma toplega, zlatega toasta premami va\u0161e stranke. to <strong>opeka\u010d kruha<\/strong> Idealen je za kavarne, bifeje in kavarne. Izognite se \u010dakanju va\u0161ih strank!<\/p>\n<p>On <strong>\u017ear s trakom <span style=\"color: #ff0000;\">TO<\/span><span style=\"color: #0000ff;\">R<\/span>CTPC300<\/strong> \u00a0Izdelan je iz materiala, varnega za \u017eivila, in je tudi utrjen za dolgotrajno uporabo in zagotavlja odpornost proti koroziji. S tem <strong>industrijski toaster<\/strong> Postopek kuhanja, vzdr\u017eevanja in \u010di\u0161\u010denja bo enostaven zahvaljujo\u010d odstranljivim delom.<\/p>\n<p>Na\u0161 <strong>pas za opeka\u010d kruha <span style=\"color: #ff0000;\">TO<\/span><span style=\"color: #0000ff;\">R<\/span>c<\/strong> Na uro lahko pope\u010de do 300 rezin kruha. Prilagodite lahko hitrost traku, da nadzirate pope\u010denost kruha, na izbiro je 7 razli\u010dnih tekstur kruha. On <strong>\u017ear s trakom<\/strong> Prilagojen je za 3 razli\u010dne na\u010dine pra\u017eenja, ki poskrbijo, da je kruh popolnoma hrustljav.<\/p>\n<p>Ima prezra\u010devalne odprtine za u\u010dinkovito odvajanje toplote. S tem <strong>opeka\u010d za \u017ear <span style=\"color: #ff0000;\">TO<\/span><span style=\"color: #0000ff;\">R<\/span>CTPC300<\/strong> Za enostavno \u010di\u0161\u010denje je prilo\u017een odstranljiv pladenj za drobtine. to <strong>pe\u010d za pra\u017eenje<\/strong> Opremljen je z veri\u017eno mre\u017eo, varno za \u017eivila, ki omogo\u010da hitro in gladko to\u010denje kruha. \u0160tiri nedrse\u010de noge, ki dr\u017eijo <strong>\u0161tedilnik s trakom<\/strong>. Odlikuje ga mo\u017enost to\u010denja kruha iz sprednjega ali zadnjega lijaka, uporabniki pa lahko poljubno preklapljajo, da zadovoljijo razli\u010dne potrebe.<\/p>\n<h6><strong>Garancija\u00a0<span style=\"color: #ff0000;\">TO<\/span><span style=\"color: #0000ff;\">R<\/span>C 2 LETI<\/strong><\/h6>\n<h6>\u00a0<span style=\"color: #008000;\">Toaster z u\u010dinkovitim trakom, nizka poraba 1800w<\/span><\/h6>\n<h6><strong>vklju\u010dena tehni\u010dna podpora<\/strong><\/h6>\n<p>&nbsp;<\/p>\n<table role=\"presentation\" width=\"100%\" cellspacing=\"0\" cellpadding=\"0\">\n<tbody>\n<tr>\n<td class=\"attrLabels\">Znamka:<\/td>\n<td width=\"50.0%\">ARC<\/td>\n<\/tr>\n<tr>\n<td class=\"attrLabels\">Garancija:<\/td>\n<td width=\"50.0%\">2 leti<\/td>\n<td class=\"attrLabels\">Te\u017ea:<\/td>\n<td width=\"50.0%\">16 kg<\/td>\n<\/tr>\n<tr>\n<td class=\"attrLabels\">Dr\u017eava distribucije:<\/td>\n<td width=\"50.0%\">\u0160panija, Nem\u010dija, ZDA<\/td>\n<td class=\"attrLabels\">Vi\u0161ina:<\/td>\n<td width=\"50.0%\">38,7 cm<\/td>\n<\/tr>\n<tr>\n<td class=\"attrLabels\">barva:<\/td>\n<td width=\"50.0%\">Srebrna<\/td>\n<td class=\"attrLabels\">dolgo:<\/td>\n<td width=\"50.0%\">36,8 cm<\/td>\n<\/tr>\n<tr>\n<td class=\"attrLabels\">Vrsta izdelka:<\/td>\n<td width=\"50.0%\">Toaster s trakom<\/td>\n<td class=\"attrLabels\">\u0160iroko:<\/td>\n<td width=\"50.0%\">\u00a041,8 cm<\/td>\n<\/tr>\n<tr>\n<td class=\"attrLabels\">\u0160tevilka proizvajalca:<\/td>\n<td width=\"50.0%\">ARCTPC300<\/td>\n<td class=\"attrLabels\">produkcija:<\/td>\n<td width=\"50.0%\">300 kosov na uro<\/td>\n<\/tr>\n<tr>\n<td class=\"attrLabels\">Material:<\/td>\n<td width=\"50.0%\">nerjave\u010de jeklo, teko\u010di trak, infrarde\u010di grelec, pladenj za drobtine<\/td>\n<td class=\"attrLabels\">Temperaturno obmo\u010dje:<\/td>\n<td width=\"50.0%\">30\u00baC \u2013 250\u00baC<\/td>\n<\/tr>\n<tr>\n<td class=\"attrLabels\">mo\u010d:<\/td>\n<td width=\"50.0%\">1800 W<\/td>\n<td class=\"attrLabels\">Uredba:<\/td>\n<td width=\"50.0%\">7 temperatur za razli\u010dno pe\u010denje<\/td>\n<\/tr>\n<tr>\n<td class=\"attrLabels\">Napetost:<\/td>\n<td width=\"50.0%\">220V 50Hz do 60Hz<\/td>\n<td class=\"attrLabels\">Orodja za namestitev:<\/td>\n<td width=\"50.0%\">ja<\/td>\n<\/tr>\n<\/tbody>\n<\/table>\n<p>&nbsp;<\/p>","protected":false},"excerpt":{"rendered":"<h2>Toaster za \u017ear s teko\u010dim trakom<\/h2>\n<p>to <strong>toaster s teko\u010dim trakom<\/strong> od <strong><span style=\"color: #ff0000;\">TO<\/span><span style=\"color: #0000ff;\">R<\/span>c<\/strong> Primeren je za skoraj vse komercialne kuhinje, hiter, u\u010dinkovit in enostaven za uporabo. Na uro lahko pripravi do 300 rezin kruha. to <strong>Toaster \u017ear<\/strong> Ima sedem nastavljivih hitrosti in tri na\u010dine pra\u017eenja za nadzor barve in sve\u017eine kruha. Naj neustavljiva aroma toplega, zlatega toasta premami va\u0161e stranke. to <strong>opeka\u010d kruha<\/strong> Idealen je za kavarne, bifeje in kavarne. Izognite se \u010dakanju va\u0161ih strank!<\/p>\n<h6><strong>Garancija\u00a0<span style=\"color: #ff0000;\">TO<\/span><span style=\"color: #0000ff;\">R<\/span>C 2 LETI<\/strong><\/h6>\n<h6>\u00a0<span style=\"color: #008000;\">Toaster z u\u010dinkovitim trakom, nizka poraba 1800w<\/span><\/h6>\n<h6><strong>vklju\u010dena tehni\u010dna podpora<\/strong><\/h6>","protected":false},"featured_media":4305,"comment_status":"open","ping_status":"closed","template":"","meta":{"wds_primary_product_brand":0,"wds_primary_product_cat":0},"product_brand":[],"product_cat":[40,53],"product_tag":[],"class_list":{"0":"post-4303","1":"product","2":"type-product","3":"status-publish","4":"has-post-thumbnail","6":"product_cat-hornos","7":"product_cat-panaderia-y-pasteleria-industrial","8":"product_shipping_class-hosteleria","10":"first","11":"instock","12":"sale","13":"taxable","14":"shipping-taxable","15":"purchasable","16":"product-type-simple"},"yoast_head":"<!-- This site is optimized with the Yoast SEO Premium plugin v24.9 (Yoast SEO v26.1) - https:\/\/yoast.com\/wordpress\/plugins\/seo\/ -->\n<title>Tostador grill con cinta transportadora - distribuci\u00f3n ARC<\/title>\n<meta name=\"robots\" content=\"index, follow, max-snippet:-1, max-image-preview:large, max-video-preview:-1\" \/>\n<link rel=\"canonical\" href=\"https:\/\/www.distribucionarc.com\/ro\/producto\/tostador-grill-con-cinta-transportadora\/\" \/>\n<meta property=\"og:locale\" content=\"sl_SI\" \/>\n<meta property=\"og:type\" content=\"article\" \/>\n<meta property=\"og:title\" content=\"Tostador grill con cinta transportadora\" \/>\n<meta property=\"og:description\" content=\"Tostador grill con cinta transportadora Esta tostadora con cinta transportadora de ARC es adecuada para pr\u00e1cticamente todas las cocinas comerciales r\u00e1pida, eficiente y f\u00e1cil de usar. Puede preparar hasta 300 rebanadas de pan por hora. Este Grill tostador dispone de siete velocidades ajustables y tres modos de tostado para controlar el color y la frescura del pan. Deje que el aroma irresistible del pan tostado c\u00e1lido y dorado tiente a sus clientes. Esta Tostadora de pan es ideal para caf\u00e9s, buf\u00e9s y cafeter\u00edas. \u00a1Evite que sus clientes esperen! Garant\u00eda\u00a0ARC 2 A\u00d1OS \u00a0Tostadora con cinta eficiente, bajo consumo 1800w soporte t\u00e9cnico incluido\" \/>\n<meta property=\"og:url\" content=\"https:\/\/www.distribucionarc.com\/ro\/producto\/tostador-grill-con-cinta-transportadora\/\" \/>\n<meta property=\"og:site_name\" content=\"distribuci\u00f3n ARC\" \/>\n<meta property=\"article:modified_time\" content=\"2021-01-28T11:21:18+00:00\" \/>\n<meta property=\"og:image\" content=\"https:\/\/www.distribucionarc.com\/wp-content\/uploads\/2021\/01\/Tostador-grill-con-cinta-transportadora-0.jpg\" \/>\n\t<meta property=\"og:image:width\" content=\"1600\" \/>\n\t<meta property=\"og:image:height\" content=\"1600\" \/>\n\t<meta property=\"og:image:type\" content=\"image\/jpeg\" \/>\n<meta name=\"twitter:card\" content=\"summary_large_image\" \/>\n<meta name=\"twitter:label1\" content=\"Est. reading time\" \/>\n\t<meta name=\"twitter:data1\" content=\"2 minuti\" \/>\n<script type=\"application\/ld+json\" class=\"yoast-schema-graph\">{\"@context\":\"https:\/\/schema.org\",\"@graph\":[{\"@type\":\"WebPage\",\"@id\":\"https:\/\/www.distribucionarc.com\/ro\/producto\/tostador-grill-con-cinta-transportadora\/\",\"url\":\"https:\/\/www.distribucionarc.com\/ro\/producto\/tostador-grill-con-cinta-transportadora\/\",\"name\":\"Tostador grill con cinta transportadora - distribuci\u00f3n ARC\",\"isPartOf\":{\"@id\":\"https:\/\/distribucionarc.com\/bg\/#website\"},\"primaryImageOfPage\":{\"@id\":\"https:\/\/www.distribucionarc.com\/ro\/producto\/tostador-grill-con-cinta-transportadora\/#primaryimage\"},\"image\":{\"@id\":\"https:\/\/www.distribucionarc.com\/ro\/producto\/tostador-grill-con-cinta-transportadora\/#primaryimage\"},\"thumbnailUrl\":\"https:\/\/distribucionarc.com\/wp-content\/uploads\/2021\/01\/Tostador-grill-con-cinta-transportadora-0.jpg\",\"datePublished\":\"2021-01-28T11:21:17+00:00\",\"dateModified\":\"2021-01-28T11:21:18+00:00\",\"breadcrumb\":{\"@id\":\"https:\/\/www.distribucionarc.com\/ro\/producto\/tostador-grill-con-cinta-transportadora\/#breadcrumb\"},\"inLanguage\":\"sl-SI\",\"potentialAction\":[{\"@type\":\"ReadAction\",\"target\":[\"https:\/\/www.distribucionarc.com\/ro\/producto\/tostador-grill-con-cinta-transportadora\/\"]}]},{\"@type\":\"ImageObject\",\"inLanguage\":\"sl-SI\",\"@id\":\"https:\/\/www.distribucionarc.com\/ro\/producto\/tostador-grill-con-cinta-transportadora\/#primaryimage\",\"url\":\"https:\/\/distribucionarc.com\/wp-content\/uploads\/2021\/01\/Tostador-grill-con-cinta-transportadora-0.jpg\",\"contentUrl\":\"https:\/\/distribucionarc.com\/wp-content\/uploads\/2021\/01\/Tostador-grill-con-cinta-transportadora-0.jpg\",\"width\":1600,\"height\":1600,\"caption\":\"Tostador grill con cinta transportadora\"},{\"@type\":\"BreadcrumbList\",\"@id\":\"https:\/\/www.distribucionarc.com\/ro\/producto\/tostador-grill-con-cinta-transportadora\/#breadcrumb\",\"itemListElement\":[{\"@type\":\"ListItem\",\"position\":1,\"name\":\"Portada\",\"item\":\"https:\/\/distribucionarc.com\/nb\/\"},{\"@type\":\"ListItem\",\"position\":2,\"name\":\"Products\",\"item\":\"https:\/\/www.distribucionarc.com\/en\/shop\/\"},{\"@type\":\"ListItem\",\"position\":3,\"name\":\"Tostador grill con cinta transportadora\"}]},{\"@type\":\"WebSite\",\"@id\":\"https:\/\/distribucionarc.com\/bg\/#website\",\"url\":\"https:\/\/distribucionarc.com\/bg\/\",\"name\":\"distribuci\u00f3n ARC\",\"description\":\"Empresa especializada en la fabricaci\u00f3n y distribuci\u00f3n de maquinaria industrial, selladoras de latas, Maquinas de hacer pastillas, Maquinas de cortar carne...\",\"publisher\":{\"@id\":\"https:\/\/distribucionarc.com\/bg\/#organization\"},\"potentialAction\":[{\"@type\":\"SearchAction\",\"target\":{\"@type\":\"EntryPoint\",\"urlTemplate\":\"https:\/\/distribucionarc.com\/bg\/?s={search_term_string}\"},\"query-input\":{\"@type\":\"PropertyValueSpecification\",\"valueRequired\":true,\"valueName\":\"search_term_string\"}}],\"inLanguage\":\"sl-SI\"},{\"@type\":\"Organization\",\"@id\":\"https:\/\/distribucionarc.com\/bg\/#organization\",\"name\":\"Distribuci\u00f3n ARC\",\"url\":\"https:\/\/distribucionarc.com\/bg\/\",\"logo\":{\"@type\":\"ImageObject\",\"inLanguage\":\"sl-SI\",\"@id\":\"https:\/\/distribucionarc.com\/bg\/#\/schema\/logo\/image\/\",\"url\":\"https:\/\/distribucionarc.com\/wp-content\/uploads\/2024\/10\/distribucion-ARC-COLOR-SIN-FONDO-e1732295305345.png\",\"contentUrl\":\"https:\/\/distribucionarc.com\/wp-content\/uploads\/2024\/10\/distribucion-ARC-COLOR-SIN-FONDO-e1732295305345.png\",\"width\":1164,\"height\":558,\"caption\":\"Distribuci\u00f3n ARC\"},\"image\":{\"@id\":\"https:\/\/distribucionarc.com\/bg\/#\/schema\/logo\/image\/\"},\"description\":\"Empresa especializada en la fabricaci\u00f3n y distribuci\u00f3n de maquinaria industrial para los sectores alimentario y farmac\u00e9utico. Nos especializamos en: M\u00e1quinas de cortar carne Fabricaci\u00f3n de comprimidos Sistemas de transporte industrial L\u00edneas de embotellado Dosificadores Y mucho m\u00e1s... Ofrecemos soluciones innovadoras y personalizadas para optimizar los procesos productivos de tu empresa.\",\"email\":\"Admistracion@distribucionarc.com\",\"telephone\":\"+34 643496664\",\"legalName\":\"ARC TECH SOLUTIONS\",\"foundingDate\":\"2024-04-09\",\"vatID\":\"B55480172\",\"numberOfEmployees\":{\"@type\":\"QuantitativeValue\",\"minValue\":\"1\",\"maxValue\":\"10\"}}]}<\/script>\n<!-- \/ Yoast SEO Premium plugin. -->","yoast_head_json":{"title":"\u017dar toaster s teko\u010dim trakom - distribucija ARC","robots":{"index":"index","follow":"follow","max-snippet":"max-snippet:-1","max-image-preview":"max-image-preview:large","max-video-preview":"max-video-preview:-1"},"canonical":"https:\/\/www.distribucionarc.com\/ro\/producto\/tostador-grill-con-cinta-transportadora\/","og_locale":"sl_SI","og_type":"article","og_title":"Tostador grill con cinta transportadora","og_description":"Tostador grill con cinta transportadora Esta tostadora con cinta transportadora de ARC es adecuada para pr\u00e1cticamente todas las cocinas comerciales r\u00e1pida, eficiente y f\u00e1cil de usar. Puede preparar hasta 300 rebanadas de pan por hora. Este Grill tostador dispone de siete velocidades ajustables y tres modos de tostado para controlar el color y la frescura del pan. Deje que el aroma irresistible del pan tostado c\u00e1lido y dorado tiente a sus clientes. Esta Tostadora de pan es ideal para caf\u00e9s, buf\u00e9s y cafeter\u00edas. \u00a1Evite que sus clientes esperen! Garant\u00eda\u00a0ARC 2 A\u00d1OS \u00a0Tostadora con cinta eficiente, bajo consumo 1800w soporte t\u00e9cnico incluido","og_url":"https:\/\/www.distribucionarc.com\/ro\/producto\/tostador-grill-con-cinta-transportadora\/","og_site_name":"distribuci\u00f3n ARC","article_modified_time":"2021-01-28T11:21:18+00:00","og_image":[{"width":1600,"height":1600,"url":"https:\/\/www.distribucionarc.com\/wp-content\/uploads\/2021\/01\/Tostador-grill-con-cinta-transportadora-0.jpg","type":"image\/jpeg"}],"twitter_card":"summary_large_image","twitter_misc":{"Est. reading time":"2 minuti"},"schema":{"@context":"https:\/\/schema.org","@graph":[{"@type":"WebPage","@id":"https:\/\/www.distribucionarc.com\/ro\/producto\/tostador-grill-con-cinta-transportadora\/","url":"https:\/\/www.distribucionarc.com\/ro\/producto\/tostador-grill-con-cinta-transportadora\/","name":"\u017dar toaster s teko\u010dim trakom - distribucija ARC","isPartOf":{"@id":"https:\/\/distribucionarc.com\/bg\/#website"},"primaryImageOfPage":{"@id":"https:\/\/www.distribucionarc.com\/ro\/producto\/tostador-grill-con-cinta-transportadora\/#primaryimage"},"image":{"@id":"https:\/\/www.distribucionarc.com\/ro\/producto\/tostador-grill-con-cinta-transportadora\/#primaryimage"},"thumbnailUrl":"https:\/\/distribucionarc.com\/wp-content\/uploads\/2021\/01\/Tostador-grill-con-cinta-transportadora-0.jpg","datePublished":"2021-01-28T11:21:17+00:00","dateModified":"2021-01-28T11:21:18+00:00","breadcrumb":{"@id":"https:\/\/www.distribucionarc.com\/ro\/producto\/tostador-grill-con-cinta-transportadora\/#breadcrumb"},"inLanguage":"sl-SI","potentialAction":[{"@type":"ReadAction","target":["https:\/\/www.distribucionarc.com\/ro\/producto\/tostador-grill-con-cinta-transportadora\/"]}]},{"@type":"ImageObject","inLanguage":"sl-SI","@id":"https:\/\/www.distribucionarc.com\/ro\/producto\/tostador-grill-con-cinta-transportadora\/#primaryimage","url":"https:\/\/distribucionarc.com\/wp-content\/uploads\/2021\/01\/Tostador-grill-con-cinta-transportadora-0.jpg","contentUrl":"https:\/\/distribucionarc.com\/wp-content\/uploads\/2021\/01\/Tostador-grill-con-cinta-transportadora-0.jpg","width":1600,"height":1600,"caption":"Tostador grill con cinta transportadora"},{"@type":"BreadcrumbList","@id":"https:\/\/www.distribucionarc.com\/ro\/producto\/tostador-grill-con-cinta-transportadora\/#breadcrumb","itemListElement":[{"@type":"ListItem","position":1,"name":"Portada","item":"https:\/\/distribucionarc.com\/nb\/"},{"@type":"ListItem","position":2,"name":"Products","item":"https:\/\/www.distribucionarc.com\/en\/shop\/"},{"@type":"ListItem","position":3,"name":"Tostador grill con cinta transportadora"}]},{"@type":"WebSite","@id":"https:\/\/distribucionarc.com\/bg\/#website","url":"https:\/\/distribucionarc.com\/bg\/","name":"ARC porazdelitev","description":"Podjetje je specializirano za proizvodnjo in distribucijo industrijskih strojev, strojev za zapiranje plo\u010devink, strojev za izdelavo tablet, strojev za rezanje mesa...","publisher":{"@id":"https:\/\/distribucionarc.com\/bg\/#organization"},"potentialAction":[{"@type":"SearchAction","target":{"@type":"EntryPoint","urlTemplate":"https:\/\/distribucionarc.com\/bg\/?s={search_term_string}"},"query-input":{"@type":"PropertyValueSpecification","valueRequired":true,"valueName":"search_term_string"}}],"inLanguage":"sl-SI"},{"@type":"Organization","@id":"https:\/\/distribucionarc.com\/bg\/#organization","name":"Distribucija ARC","url":"https:\/\/distribucionarc.com\/bg\/","logo":{"@type":"ImageObject","inLanguage":"sl-SI","@id":"https:\/\/distribucionarc.com\/bg\/#\/schema\/logo\/image\/","url":"https:\/\/distribucionarc.com\/wp-content\/uploads\/2024\/10\/distribucion-ARC-COLOR-SIN-FONDO-e1732295305345.png","contentUrl":"https:\/\/distribucionarc.com\/wp-content\/uploads\/2024\/10\/distribucion-ARC-COLOR-SIN-FONDO-e1732295305345.png","width":1164,"height":558,"caption":"Distribuci\u00f3n ARC"},"image":{"@id":"https:\/\/distribucionarc.com\/bg\/#\/schema\/logo\/image\/"},"description":"Podjetje, specializirano za proizvodnjo in distribucijo industrijskih strojev za \u017eivilski in farmacevtski sektor. Specializirani smo za: Stroji za rezanje mesa Proizvodnja tablet Industrijski transportni sistemi Stekleni\u010darske linije Dozirni stroji In \u0161e veliko ve\u010d... Ponujamo inovativne in prilagojene re\u0161itve za optimizacijo proizvodnih procesov va\u0161ega podjetja.","email":"Admistracion@distribucionarc.com","telephone":"+34 643496664","legalName":"ARC TECH SOLUTIONS","foundingDate":"2024-04-09","vatID":"B55480172","numberOfEmployees":{"@type":"QuantitativeValue","minValue":"1","maxValue":"10"}}]}},"_links":{"self":[{"href":"https:\/\/distribucionarc.com\/sl\/wp-json\/wp\/v2\/product\/4303","targetHints":{"allow":["GET"]}}],"collection":[{"href":"https:\/\/distribucionarc.com\/sl\/wp-json\/wp\/v2\/product"}],"about":[{"href":"https:\/\/distribucionarc.com\/sl\/wp-json\/wp\/v2\/types\/product"}],"replies":[{"embeddable":true,"href":"https:\/\/distribucionarc.com\/sl\/wp-json\/wp\/v2\/comments?post=4303"}],"version-history":[{"count":0,"href":"https:\/\/distribucionarc.com\/sl\/wp-json\/wp\/v2\/product\/4303\/revisions"}],"wp:featuredmedia":[{"embeddable":true,"href":"https:\/\/distribucionarc.com\/sl\/wp-json\/wp\/v2\/media\/4305"}],"wp:attachment":[{"href":"https:\/\/distribucionarc.com\/sl\/wp-json\/wp\/v2\/media?parent=4303"}],"wp:term":[{"taxonomy":"product_brand","embeddable":true,"href":"https:\/\/distribucionarc.com\/sl\/wp-json\/wp\/v2\/product_brand?post=4303"},{"taxonomy":"product_cat","embeddable":true,"href":"https:\/\/distribucionarc.com\/sl\/wp-json\/wp\/v2\/product_cat?post=4303"},{"taxonomy":"product_tag","embeddable":true,"href":"https:\/\/distribucionarc.com\/sl\/wp-json\/wp\/v2\/product_tag?post=4303"}],"curies":[{"name":"delovni list","href":"https:\/\/api.w.org\/{rel}","templated":true}]}}