{"id":4330,"date":"2021-01-28T15:10:44","date_gmt":"2021-01-28T15:10:44","guid":{"rendered":"https:\/\/distribucionarc.com\/?post_type=product&#038;p=4330"},"modified":"2021-01-28T15:10:44","modified_gmt":"2021-01-28T15:10:44","slug":"multifunkcijski-rezalnik-rezalnik","status":"publish","type":"product","link":"https:\/\/distribucionarc.com\/sl\/producto\/cortador-de-rodajas-multifuncional\/","title":{"rendered":"Ve\u010dnamenski rezalnik"},"content":{"rendered":"<h3>Ve\u010dnamenski rezalnik<\/h3>\n<p>Rezila tega <strong>stiskalnica za filetiranje sadja<\/strong> Izdelane so iz nerjave\u010dega jekla 420, so ostre in trpe\u017ene ter re\u017eejo razli\u010dne vrste sadja in zelenjave (\u010debulo, krompir, limone, kapesato itd.) na enotne kose, trakove in kocke. Glavni del tega <strong>rezalnik limone<span style=\"color: #ff0000;\"> TO<\/span><span style=\"color: #0000ff;\">R<\/span>CCRM64<\/strong> Zasnovan je iz litega aluminija, je lahek, mo\u010dan, vzdr\u017eljiv in enostaven za transport. Celoten tla\u010dni rezalnik lahko sperete neposredno z vodo.<\/p>\n<p>Dolg ro\u010daj z dovolj razdalje za premikanje in enostaven za dr\u017eanje prihrani delo in \u010das. S tem<strong> rezalnik rezin <span style=\"color: #ff0000;\">TO<\/span><span style=\"color: #0000ff;\">R<\/span>CCRM64<\/strong>, boste la\u017eje rezali tudi trde materiale. Prilo\u017een pladenj zadr\u017ei narezane izdelke na mestu in prepre\u010di brizganje sadnega\/zelenjavnega soka pri rezanju.<\/p>\n<p>The <strong>rezalnik za limone<\/strong> Ima \u0161tiri blazinice za noge, ki zagotavljajo ve\u010djo odpornost proti zdrsu. Gumijast material zaradi elasti\u010dnosti zmanj\u0161uje tresljaje. Zato je mogo\u010de zmanj\u0161ati tudi hrup, zaradi \u010desar postopek rezanja poteka gladko in stabilno. Ta rezalnik \u010debule je \u0161e posebej primeren za sadje in zelenjavo.<\/p>\n<h6><strong>Garancija\u00a0<span style=\"color: #ff0000;\">TO<\/span><span style=\"color: #0000ff;\">R<\/span>C 2 LETI<\/strong><\/h6>\n<h6><strong>vklju\u010dena tehni\u010dna podpora<\/strong><\/h6>\n<p>&nbsp;<\/p>\n<table width=\"100%\">\n<tbody>\n<tr>\n<td>Znamka:<\/td>\n<td width=\"32%\">ARC<\/td>\n<td>Te\u017ea:<\/td>\n<td width=\"30%\">8,9 kg<\/td>\n<\/tr>\n<tr>\n<td>Dr\u017eava distribucije:<\/td>\n<td width=\"32%\">\u0160panija, Nem\u010dija, ZDA<\/td>\n<td>Vi\u0161ina:<\/td>\n<td width=\"30%\">80,2 cm<\/td>\n<\/tr>\n<tr>\n<td>barva:<\/td>\n<td width=\"32%\">Srebrna<\/td>\n<td>dolgo:<\/td>\n<td width=\"30%\">25,9 cm<\/td>\n<\/tr>\n<tr>\n<td>Vrsta izdelka:<\/td>\n<td width=\"32%\">rezalnik rezin<\/td>\n<td>\u0160iroko:<\/td>\n<td width=\"30%\">49,5 cm<\/td>\n<\/tr>\n<tr>\n<td>\u0160tevilka proizvajalca:<\/td>\n<td width=\"32%\">ARCCRM64<\/td>\n<td>Rezilo:<\/td>\n<td width=\"30%\">Nerjave\u010de jeklo 420<\/td>\n<\/tr>\n<tr>\n<td>Material:<\/td>\n<td width=\"32%\">nerjavno jeklo<\/td>\n<td>Koli\u010dina rezanja:<\/td>\n<td width=\"30%\">15 rezin<\/td>\n<\/tr>\n<tr>\n<td>Velikost reza:<\/td>\n<td width=\"32%\">6,5 mm<\/td>\n<td>Garancija:<\/td>\n<td width=\"30%\">2 LETI<\/td>\n<\/tr>\n<\/tbody>\n<\/table>\n<p>&nbsp;<\/p>","protected":false},"excerpt":{"rendered":"<h2>Ve\u010dnamenski rezalnik<\/h2>\n<p>S tem odpornim <strong>rezalnik limone<\/strong> Lahko prihrani \u010das, delo in ustvari enotne rezine. to <strong>industrijski rezalnik <span style=\"color: #ff0000;\">TO<\/span><span style=\"color: #0000ff;\">R<\/span>c<\/strong> je enostaven za uporabo. Sadje ali zelenjavo preprosto polo\u017eite med rezila in pritisnite na ergonomski ro\u010daj. Izdelan iz trpe\u017enega aluminija in nerjave\u010dega jekla <strong>rastlinsko polnilo<\/strong> Zagotavlja dolgotrajno uporabo, varen in u\u010dinkovit pripomo\u010dek za poslovne in zasebne kuhinje.<\/p>\n<h6><strong>Garancija\u00a0<span style=\"color: #ff0000;\">TO<\/span><span style=\"color: #0000ff;\">R<\/span>C 2 LETI<\/strong><\/h6>\n<h6><strong>vklju\u010dena tehni\u010dna podpora<\/strong><\/h6>","protected":false},"featured_media":4331,"comment_status":"open","ping_status":"closed","template":"","meta":{"wds_primary_product_brand":0,"wds_primary_product_cat":0},"product_brand":[],"product_cat":[43],"product_tag":[],"class_list":{"0":"post-4330","1":"product","2":"type-product","3":"status-publish","4":"has-post-thumbnail","6":"product_cat-cortadoras-de-alimentos","7":"product_shipping_class-hosteleria","9":"first","10":"instock","11":"sale","12":"taxable","13":"shipping-taxable","14":"purchasable","15":"product-type-simple"},"yoast_head":"<!-- This site is optimized with the Yoast SEO Premium plugin v24.9 (Yoast SEO v26.1) - https:\/\/yoast.com\/wordpress\/plugins\/seo\/ -->\n<title>Cortador de rodajas multifuncional - distribuci\u00f3n ARC<\/title>\n<meta name=\"robots\" content=\"index, follow, max-snippet:-1, max-image-preview:large, max-video-preview:-1\" \/>\n<link rel=\"canonical\" href=\"https:\/\/distribucionarc.com\/sl\/izdelek\/multifunkcijski-rezalnik-rezalnik\/\" \/>\n<meta property=\"og:locale\" content=\"sl_SI\" \/>\n<meta property=\"og:type\" content=\"article\" \/>\n<meta property=\"og:title\" content=\"Cortador de rodajas multifuncional\" \/>\n<meta property=\"og:description\" content=\"Cortador de rodajas multifuncional Con este resistente cortador de limones puede ahorrar tiempo, trabajo y crear rodajas uniformes. Este cortador industrial ARC es f\u00e1cil de usar. Simplemente coloca la fruta o verdura entre las cuchillas y presiona el mango ergon\u00f3mico hacia abajo. Hecho de aluminio duradero y acero inoxidable el fileteador de verduras garantiza un uso a largo plazo, una herramienta segura y eficiente para cocinas comerciales y privadas. Garant\u00eda\u00a0ARC 2 A\u00d1OS soporte t\u00e9cnico incluido\" \/>\n<meta property=\"og:url\" content=\"https:\/\/distribucionarc.com\/sl\/izdelek\/multifunkcijski-rezalnik-rezalnik\/\" \/>\n<meta property=\"og:site_name\" content=\"distribuci\u00f3n ARC\" \/>\n<meta property=\"og:image\" content=\"https:\/\/distribucionarc.com\/wp-content\/uploads\/2021\/01\/Cortador-de-rodajas-multifuncional-0.jpg\" \/>\n\t<meta property=\"og:image:width\" content=\"1600\" \/>\n\t<meta property=\"og:image:height\" content=\"1600\" \/>\n\t<meta property=\"og:image:type\" content=\"image\/jpeg\" \/>\n<meta name=\"twitter:card\" content=\"summary_large_image\" \/>\n<meta name=\"twitter:label1\" content=\"Est. reading time\" \/>\n\t<meta name=\"twitter:data1\" content=\"1 minuta\" \/>\n<script type=\"application\/ld+json\" class=\"yoast-schema-graph\">{\"@context\":\"https:\/\/schema.org\",\"@graph\":[{\"@type\":\"WebPage\",\"@id\":\"https:\/\/distribucionarc.com\/producto\/cortador-de-rodajas-multifuncional\/\",\"url\":\"https:\/\/distribucionarc.com\/producto\/cortador-de-rodajas-multifuncional\/\",\"name\":\"Cortador de rodajas multifuncional - distribuci\u00f3n ARC\",\"isPartOf\":{\"@id\":\"https:\/\/distribucionarc.com\/pl\/#website\"},\"primaryImageOfPage\":{\"@id\":\"https:\/\/distribucionarc.com\/producto\/cortador-de-rodajas-multifuncional\/#primaryimage\"},\"image\":{\"@id\":\"https:\/\/distribucionarc.com\/producto\/cortador-de-rodajas-multifuncional\/#primaryimage\"},\"thumbnailUrl\":\"https:\/\/distribucionarc.com\/wp-content\/uploads\/2021\/01\/Cortador-de-rodajas-multifuncional-0.jpg\",\"datePublished\":\"2021-01-28T15:10:44+00:00\",\"breadcrumb\":{\"@id\":\"https:\/\/distribucionarc.com\/producto\/cortador-de-rodajas-multifuncional\/#breadcrumb\"},\"inLanguage\":\"sl-SI\",\"potentialAction\":[{\"@type\":\"ReadAction\",\"target\":[\"https:\/\/distribucionarc.com\/producto\/cortador-de-rodajas-multifuncional\/\"]}]},{\"@type\":\"ImageObject\",\"inLanguage\":\"sl-SI\",\"@id\":\"https:\/\/distribucionarc.com\/producto\/cortador-de-rodajas-multifuncional\/#primaryimage\",\"url\":\"https:\/\/distribucionarc.com\/wp-content\/uploads\/2021\/01\/Cortador-de-rodajas-multifuncional-0.jpg\",\"contentUrl\":\"https:\/\/distribucionarc.com\/wp-content\/uploads\/2021\/01\/Cortador-de-rodajas-multifuncional-0.jpg\",\"width\":1600,\"height\":1600,\"caption\":\"Cortador de rodajas multifuncional\"},{\"@type\":\"BreadcrumbList\",\"@id\":\"https:\/\/distribucionarc.com\/producto\/cortador-de-rodajas-multifuncional\/#breadcrumb\",\"itemListElement\":[{\"@type\":\"ListItem\",\"position\":1,\"name\":\"Portada\",\"item\":\"https:\/\/www.distribucionarc.com\/tr\/\"},{\"@type\":\"ListItem\",\"position\":2,\"name\":\"Izdelki\",\"item\":\"https:\/\/www.distribucionarc.com\/sl\/trgovina\/\"},{\"@type\":\"ListItem\",\"position\":3,\"name\":\"Cortador de rodajas multifuncional\"}]},{\"@type\":\"WebSite\",\"@id\":\"https:\/\/distribucionarc.com\/pl\/#website\",\"url\":\"https:\/\/distribucionarc.com\/pl\/\",\"name\":\"distribuci\u00f3n ARC\",\"description\":\"Empresa especializada en la fabricaci\u00f3n y distribuci\u00f3n de maquinaria industrial, selladoras de latas, Maquinas de hacer pastillas, Maquinas de cortar carne...\",\"publisher\":{\"@id\":\"https:\/\/distribucionarc.com\/pl\/#organization\"},\"potentialAction\":[{\"@type\":\"SearchAction\",\"target\":{\"@type\":\"EntryPoint\",\"urlTemplate\":\"https:\/\/distribucionarc.com\/pl\/?s={search_term_string}\"},\"query-input\":{\"@type\":\"PropertyValueSpecification\",\"valueRequired\":true,\"valueName\":\"search_term_string\"}}],\"inLanguage\":\"sl-SI\"},{\"@type\":\"Organization\",\"@id\":\"https:\/\/distribucionarc.com\/pl\/#organization\",\"name\":\"Distribuci\u00f3n ARC\",\"url\":\"https:\/\/distribucionarc.com\/pl\/\",\"logo\":{\"@type\":\"ImageObject\",\"inLanguage\":\"sl-SI\",\"@id\":\"https:\/\/distribucionarc.com\/pl\/#\/schema\/logo\/image\/\",\"url\":\"https:\/\/distribucionarc.com\/wp-content\/uploads\/2024\/10\/distribucion-ARC-COLOR-SIN-FONDO-e1732295305345.png\",\"contentUrl\":\"https:\/\/distribucionarc.com\/wp-content\/uploads\/2024\/10\/distribucion-ARC-COLOR-SIN-FONDO-e1732295305345.png\",\"width\":1164,\"height\":558,\"caption\":\"Distribuci\u00f3n ARC\"},\"image\":{\"@id\":\"https:\/\/distribucionarc.com\/pl\/#\/schema\/logo\/image\/\"},\"description\":\"Empresa especializada en la fabricaci\u00f3n y distribuci\u00f3n de maquinaria industrial para los sectores alimentario y farmac\u00e9utico. Nos especializamos en: M\u00e1quinas de cortar carne Fabricaci\u00f3n de comprimidos Sistemas de transporte industrial L\u00edneas de embotellado Dosificadores Y mucho m\u00e1s... Ofrecemos soluciones innovadoras y personalizadas para optimizar los procesos productivos de tu empresa.\",\"email\":\"Admistracion@distribucionarc.com\",\"telephone\":\"+34 643496664\",\"legalName\":\"ARC TECH SOLUTIONS\",\"foundingDate\":\"2024-04-09\",\"vatID\":\"B55480172\",\"numberOfEmployees\":{\"@type\":\"QuantitativeValue\",\"minValue\":\"1\",\"maxValue\":\"10\"}}]}<\/script>\n<!-- \/ Yoast SEO Premium plugin. -->","yoast_head_json":{"title":"Ve\u010dnamenski rezalnik za rezanje - ARC distribucija","robots":{"index":"index","follow":"follow","max-snippet":"max-snippet:-1","max-image-preview":"max-image-preview:large","max-video-preview":"max-video-preview:-1"},"canonical":"https:\/\/distribucionarc.com\/sl\/izdelek\/multifunkcijski-rezalnik-rezalnik\/","og_locale":"sl_SI","og_type":"article","og_title":"Cortador de rodajas multifuncional","og_description":"Cortador de rodajas multifuncional Con este resistente cortador de limones puede ahorrar tiempo, trabajo y crear rodajas uniformes. Este cortador industrial ARC es f\u00e1cil de usar. Simplemente coloca la fruta o verdura entre las cuchillas y presiona el mango ergon\u00f3mico hacia abajo. Hecho de aluminio duradero y acero inoxidable el fileteador de verduras garantiza un uso a largo plazo, una herramienta segura y eficiente para cocinas comerciales y privadas. Garant\u00eda\u00a0ARC 2 A\u00d1OS soporte t\u00e9cnico incluido","og_url":"https:\/\/distribucionarc.com\/sl\/izdelek\/multifunkcijski-rezalnik-rezalnik\/","og_site_name":"distribuci\u00f3n ARC","og_image":[{"width":1600,"height":1600,"url":"https:\/\/distribucionarc.com\/wp-content\/uploads\/2021\/01\/Cortador-de-rodajas-multifuncional-0.jpg","type":"image\/jpeg"}],"twitter_card":"summary_large_image","twitter_misc":{"Est. reading time":"1 minuta"},"schema":{"@context":"https:\/\/schema.org","@graph":[{"@type":"WebPage","@id":"https:\/\/distribucionarc.com\/producto\/cortador-de-rodajas-multifuncional\/","url":"https:\/\/distribucionarc.com\/producto\/cortador-de-rodajas-multifuncional\/","name":"Ve\u010dnamenski rezalnik za rezanje - ARC distribucija","isPartOf":{"@id":"https:\/\/distribucionarc.com\/pl\/#website"},"primaryImageOfPage":{"@id":"https:\/\/distribucionarc.com\/producto\/cortador-de-rodajas-multifuncional\/#primaryimage"},"image":{"@id":"https:\/\/distribucionarc.com\/producto\/cortador-de-rodajas-multifuncional\/#primaryimage"},"thumbnailUrl":"https:\/\/distribucionarc.com\/wp-content\/uploads\/2021\/01\/Cortador-de-rodajas-multifuncional-0.jpg","datePublished":"2021-01-28T15:10:44+00:00","breadcrumb":{"@id":"https:\/\/distribucionarc.com\/producto\/cortador-de-rodajas-multifuncional\/#breadcrumb"},"inLanguage":"sl-SI","potentialAction":[{"@type":"ReadAction","target":["https:\/\/distribucionarc.com\/producto\/cortador-de-rodajas-multifuncional\/"]}]},{"@type":"ImageObject","inLanguage":"sl-SI","@id":"https:\/\/distribucionarc.com\/producto\/cortador-de-rodajas-multifuncional\/#primaryimage","url":"https:\/\/distribucionarc.com\/wp-content\/uploads\/2021\/01\/Cortador-de-rodajas-multifuncional-0.jpg","contentUrl":"https:\/\/distribucionarc.com\/wp-content\/uploads\/2021\/01\/Cortador-de-rodajas-multifuncional-0.jpg","width":1600,"height":1600,"caption":"Cortador de rodajas multifuncional"},{"@type":"BreadcrumbList","@id":"https:\/\/distribucionarc.com\/producto\/cortador-de-rodajas-multifuncional\/#breadcrumb","itemListElement":[{"@type":"ListItem","position":1,"name":"Portada","item":"https:\/\/www.distribucionarc.com\/tr\/"},{"@type":"ListItem","position":2,"name":"Izdelki","item":"https:\/\/www.distribucionarc.com\/sl\/trgovina\/"},{"@type":"ListItem","position":3,"name":"Cortador de rodajas multifuncional"}]},{"@type":"WebSite","@id":"https:\/\/distribucionarc.com\/pl\/#website","url":"https:\/\/distribucionarc.com\/pl\/","name":"ARC porazdelitev","description":"Podjetje je specializirano za proizvodnjo in distribucijo industrijskih strojev, strojev za zapiranje plo\u010devink, strojev za izdelavo tablet, strojev za rezanje mesa...","publisher":{"@id":"https:\/\/distribucionarc.com\/pl\/#organization"},"potentialAction":[{"@type":"SearchAction","target":{"@type":"EntryPoint","urlTemplate":"https:\/\/distribucionarc.com\/pl\/?s={search_term_string}"},"query-input":{"@type":"PropertyValueSpecification","valueRequired":true,"valueName":"search_term_string"}}],"inLanguage":"sl-SI"},{"@type":"Organization","@id":"https:\/\/distribucionarc.com\/pl\/#organization","name":"Distribucija ARC","url":"https:\/\/distribucionarc.com\/pl\/","logo":{"@type":"ImageObject","inLanguage":"sl-SI","@id":"https:\/\/distribucionarc.com\/pl\/#\/schema\/logo\/image\/","url":"https:\/\/distribucionarc.com\/wp-content\/uploads\/2024\/10\/distribucion-ARC-COLOR-SIN-FONDO-e1732295305345.png","contentUrl":"https:\/\/distribucionarc.com\/wp-content\/uploads\/2024\/10\/distribucion-ARC-COLOR-SIN-FONDO-e1732295305345.png","width":1164,"height":558,"caption":"Distribuci\u00f3n ARC"},"image":{"@id":"https:\/\/distribucionarc.com\/pl\/#\/schema\/logo\/image\/"},"description":"Podjetje, specializirano za proizvodnjo in distribucijo industrijskih strojev za \u017eivilski in farmacevtski sektor. Specializirani smo za: Stroji za rezanje mesa Proizvodnja tablet Industrijski transportni sistemi Stekleni\u010darske linije Dozirni stroji In \u0161e veliko ve\u010d... Ponujamo inovativne in prilagojene re\u0161itve za optimizacijo proizvodnih procesov va\u0161ega podjetja.","email":"Admistracion@distribucionarc.com","telephone":"+34 643496664","legalName":"ARC TECH SOLUTIONS","foundingDate":"2024-04-09","vatID":"B55480172","numberOfEmployees":{"@type":"QuantitativeValue","minValue":"1","maxValue":"10"}}]}},"_links":{"self":[{"href":"https:\/\/distribucionarc.com\/sl\/wp-json\/wp\/v2\/product\/4330","targetHints":{"allow":["GET"]}}],"collection":[{"href":"https:\/\/distribucionarc.com\/sl\/wp-json\/wp\/v2\/product"}],"about":[{"href":"https:\/\/distribucionarc.com\/sl\/wp-json\/wp\/v2\/types\/product"}],"replies":[{"embeddable":true,"href":"https:\/\/distribucionarc.com\/sl\/wp-json\/wp\/v2\/comments?post=4330"}],"version-history":[{"count":0,"href":"https:\/\/distribucionarc.com\/sl\/wp-json\/wp\/v2\/product\/4330\/revisions"}],"wp:featuredmedia":[{"embeddable":true,"href":"https:\/\/distribucionarc.com\/sl\/wp-json\/wp\/v2\/media\/4331"}],"wp:attachment":[{"href":"https:\/\/distribucionarc.com\/sl\/wp-json\/wp\/v2\/media?parent=4330"}],"wp:term":[{"taxonomy":"product_brand","embeddable":true,"href":"https:\/\/distribucionarc.com\/sl\/wp-json\/wp\/v2\/product_brand?post=4330"},{"taxonomy":"product_cat","embeddable":true,"href":"https:\/\/distribucionarc.com\/sl\/wp-json\/wp\/v2\/product_cat?post=4330"},{"taxonomy":"product_tag","embeddable":true,"href":"https:\/\/distribucionarc.com\/sl\/wp-json\/wp\/v2\/product_tag?post=4330"}],"curies":[{"name":"delovni list","href":"https:\/\/api.w.org\/{rel}","templated":true}]}}