{"id":4352,"date":"2021-01-29T11:28:31","date_gmt":"2021-01-29T11:28:31","guid":{"rendered":"https:\/\/distribucionarc.com\/?post_type=product&#038;p=4352"},"modified":"2023-02-24T11:07:34","modified_gmt":"2023-02-24T11:07:34","slug":"navpicno-termicno-zapiranje-vreck","status":"publish","type":"product","link":"https:\/\/distribucionarc.com\/sl\/producto\/selladora-termica-de-bolsas-vertical\/","title":{"rendered":"Navpi\u010dno toplotno varilo za vre\u010dke"},"content":{"rendered":"<h3>Navpi\u010dno toplotno varilo za vre\u010dke<\/h3>\n<p><strong>Vertikalno termo tesnilo <span style=\"color: #ff0000;\">TO<\/span><span style=\"color: #0000ff;\">R<\/span>CSTV10<\/strong> v neprekinjenem. namizni stroj za <strong>termi\u010dni \u0161ivalni stroj<\/strong> Izdelano iz nerjave\u010dega jekla, idealno za srednje in velike produkcije. Zelo enostaven za konfiguracijo zagotavlja popoln zvar katerega koli materiala, ki ga je mogo\u010de termo zapreti: polietilena (PE), polipropilena (PP) in laminatov. Primerno za vse vrste torb.<\/p>\n<ul>\n<li>Neprekinjeno navpi\u010dno namizno varjenje vre\u010dk, idealno za srednje in velike proizvodnje.<\/li>\n<li>Iz nerjave\u010dega jekla.<\/li>\n<li>Vari vre\u010dke iz poljubnih plasti\u010dnih materialov. Uporablja se lahko od hrane do steriliziranih vre\u010dk za medicinsko uporabo.<\/li>\n<li>Nastavljiva hitrost teko\u010dega traku.<\/li>\n<li>Nastavljiva temperatura spajkanja.<\/li>\n<li>Vklju\u010duje marker.<\/li>\n<li>Gre za zelo robusten kos opreme iz barvanega jekla, ta neprekinjeni tesnilni trak je zasnovan za industrijsko uporabo.<\/li>\n<li>Prehod z enega materiala na drugega je zelo preprost, operater pa lahko hitro in enostavno prilagodi vrsto varjenja: varilni tlak, temperaturo in hitrost. Na ta na\u010din se dose\u017ee popoln rezultat.<\/li>\n<li>\u0160irina dobljene tesnilne mase je od 5 mm do 17 mm, dol\u017eina pa je brez omejitev.<\/li>\n<li>Vzdr\u017eevanje tega varilnika je zelo enostavno in ekonomi\u010dno, zamenjava varilnih trakov traja le nekaj minut.<\/li>\n<\/ul>\n<h6><strong>Garancija<span style=\"color: #ff0000;\">\u00a0TO<\/span><span style=\"color: #0000ff;\">R<\/span>C 2 LETI<\/strong><\/h6>\n<h6><span style=\"color: #008000;\">U\u010dinkovito vertikalno tesnilo, nizka poraba 400 W<\/span><\/h6>\n<h6><strong>vklju\u010dena tehni\u010dna podpora<\/strong><\/h6>\n<p>&nbsp;<\/p>\n<hr \/>\n<div class=\"woocommerce-tabs wc-tabs-wrapper\">\n<div id=\"tab-description\" class=\"woocommerce-Tabs-panel woocommerce-Tabs-panel--description panel entry-content wc-tab\" role=\"tabpanel\" aria-labelledby=\"tab-title-description\">\n<p>&nbsp;<\/p>\n<table border=\"0\" cellspacing=\"0\" cellpadding=\"0\">\n<thead>\n<tr>\n<th>TEHNI\u010cNE ZNA\u010cILNOSTI<\/th>\n<th>AR900 KONTINUIRNI VARILNI APARAT<\/th>\n<\/tr>\n<\/thead>\n<tfoot>\n<tr>\n<td colspan=\"2\"><\/td>\n<\/tr>\n<\/tfoot>\n<tbody>\n<tr>\n<td>Napetost<\/td>\n<td>220 V, 50 HZ<\/td>\n<\/tr>\n<tr>\n<td>Mo\u010d<\/td>\n<td>400 W<\/td>\n<\/tr>\n<tr>\n<td>Dimenzije<\/td>\n<td>81 x 37 x 62 cm (D x \u0160 x V)<\/td>\n<\/tr>\n<tr>\n<td>\u0160irina zvara<\/td>\n<td>od 6 mm do 12 mm<\/td>\n<\/tr>\n<tr>\n<td>Temperaturno obmo\u010dje<\/td>\n<td>0-300\u00baC<\/td>\n<\/tr>\n<tr>\n<td>Te\u017ea<\/td>\n<td>30 kg<\/td>\n<\/tr>\n<tr>\n<td>Hitrost varjenja<\/td>\n<td>0-12 metrov\/min<\/td>\n<\/tr>\n<\/tbody>\n<\/table>\n<\/div>\n<\/div>\n<section class=\"related products\">\n<div class=\"astra-shop-summary-wrap\"><\/div>\n<\/section>","protected":false},"excerpt":{"rendered":"<h2>Navpi\u010dno toplotno varilo za vre\u010dke<\/h2>\n<p>to <strong>\u0161ivalnik vre\u010dk <span style=\"color: #ff0000;\">TO<\/span><span style=\"color: #0000ff;\">R<\/span>c<\/strong> uporablja elektronski nadzor konstantne temperature in avtomatsko transportno napravo, s katero s tem <strong>Toplotno tesnilo<\/strong> Lahko nadzorujejo in uporabljajo plasti\u010dne folijske trakove razli\u010dnih oblik v embala\u017eni liniji. The <strong>Termoplasti\u010dna tesnilna masa<\/strong> Odlikuje ga preprosta, uporabniku prijazna in uporabniku prijazna nadzorna plo\u0161\u010da. to<strong> navpi\u010dno tesnilo za vre\u010dke<\/strong> Ima visoko zmogljiv motor z dolgo \u017eivljenjsko dobo in bolj stabilnim delovanjem. Teko\u010da miza tega <strong>stroj za toplotno tesnjenje <span style=\"color: #ff0000;\">TO<\/span><span style=\"color: #0000ff;\">R<\/span>c<\/strong> Lahko se prilagodi navzgor in navzdol ter se lahko prilagodi glede na dejanske zahteve za izbolj\u0161anje u\u010dinkovitosti.<\/p>\n<h6><strong>Garancija<span style=\"color: #ff0000;\">\u00a0TO<\/span><span style=\"color: #0000ff;\">R<\/span>C 2 LETI<\/strong><\/h6>\n<h6><span style=\"color: #008000;\">U\u010dinkovito vertikalno tesnilo, nizka poraba 400 W<\/span><\/h6>\n<h6><strong>vklju\u010dena tehni\u010dna podpora<\/strong><\/h6>","protected":false},"featured_media":4353,"comment_status":"open","ping_status":"closed","template":"","meta":{"wds_primary_product_brand":0,"wds_primary_product_cat":0},"product_brand":[],"product_cat":[15,27],"product_tag":[],"class_list":{"0":"post-4352","1":"product","2":"type-product","3":"status-publish","4":"has-post-thumbnail","6":"product_cat-llenadoras-y-selladoras-automaticas-flow-pack-sachet","7":"product_cat-selladoras-de-bolsas","8":"product_shipping_class-express","10":"first","11":"instock","12":"sale","13":"taxable","14":"shipping-taxable","15":"purchasable","16":"product-type-simple"},"yoast_head":"<!-- This site is optimized with the Yoast SEO Premium plugin v24.9 (Yoast SEO v26.1) - https:\/\/yoast.com\/wordpress\/plugins\/seo\/ -->\n<title>Selladora t\u00e9rmica de bolsas vertical - distribuci\u00f3n ARC<\/title>\n<meta name=\"robots\" content=\"index, follow, max-snippet:-1, max-image-preview:large, max-video-preview:-1\" \/>\n<link rel=\"canonical\" href=\"https:\/\/distribucionarc.com\/sl\/izdelek\/navpicno-termicno-zapiranje-vreck\/\" \/>\n<meta property=\"og:locale\" content=\"sl_SI\" \/>\n<meta property=\"og:type\" content=\"article\" \/>\n<meta property=\"og:title\" content=\"Selladora t\u00e9rmica de bolsas vertical\" \/>\n<meta property=\"og:description\" content=\"Selladora t\u00e9rmica de bolsas vertical Esta cerradora de bolsas ARC utiliza control electr\u00f3nico de temperatura constante y un dispositivo de transporte autom\u00e1tico, con el cual con esta Selladora t\u00e9rmica pueden controlar y utilizar tiras de pel\u00edcula pl\u00e1stica de diferentes formas en una l\u00ednea de envasado. La Selladora termopl\u00e1stica cuenta con un panel de control simple, f\u00e1cil de usar y f\u00e1cil de usar. Esta cerradora de bolsas vertical cuenta con un motor de alto rendimiento con una larga vida \u00fatil y un funcionamiento m\u00e1s estable. La mesa del transportador de esta m\u00e1quina de sellado t\u00e9rmico ARC se puede ajustar hacia arriba y hacia abajo, y se puede ajustar de acuerdo con los requisitos reales para mejorar la eficiencia. Garant\u00eda\u00a0ARC 2 A\u00d1OS Selladora vertical eficiente, bajo consumo\u00a0 400W soporte t\u00e9cnico incluido\" \/>\n<meta property=\"og:url\" content=\"https:\/\/distribucionarc.com\/sl\/izdelek\/navpicno-termicno-zapiranje-vreck\/\" \/>\n<meta property=\"og:site_name\" content=\"distribuci\u00f3n ARC\" \/>\n<meta property=\"article:modified_time\" content=\"2023-02-24T11:07:34+00:00\" \/>\n<meta property=\"og:image\" content=\"https:\/\/distribucionarc.com\/wp-content\/uploads\/2021\/01\/Selladora-termica-de-bolsas-vertical-0.jpg\" \/>\n\t<meta property=\"og:image:width\" content=\"1000\" \/>\n\t<meta property=\"og:image:height\" content=\"1000\" \/>\n\t<meta property=\"og:image:type\" content=\"image\/jpeg\" \/>\n<meta name=\"twitter:card\" content=\"summary_large_image\" \/>\n<meta name=\"twitter:label1\" content=\"Est. reading time\" \/>\n\t<meta name=\"twitter:data1\" content=\"1 minuta\" \/>\n<script type=\"application\/ld+json\" class=\"yoast-schema-graph\">{\"@context\":\"https:\/\/schema.org\",\"@graph\":[{\"@type\":\"WebPage\",\"@id\":\"https:\/\/distribucionarc.com\/en\/producto\/selladora-termica-de-bolsas-vertical\/\",\"url\":\"https:\/\/distribucionarc.com\/en\/producto\/selladora-termica-de-bolsas-vertical\/\",\"name\":\"Selladora t\u00e9rmica de bolsas vertical - distribuci\u00f3n ARC\",\"isPartOf\":{\"@id\":\"https:\/\/distribucionarc.com\/de\/#website\"},\"primaryImageOfPage\":{\"@id\":\"https:\/\/distribucionarc.com\/en\/producto\/selladora-termica-de-bolsas-vertical\/#primaryimage\"},\"image\":{\"@id\":\"https:\/\/distribucionarc.com\/en\/producto\/selladora-termica-de-bolsas-vertical\/#primaryimage\"},\"thumbnailUrl\":\"https:\/\/distribucionarc.com\/wp-content\/uploads\/2021\/01\/Selladora-termica-de-bolsas-vertical-0.jpg\",\"datePublished\":\"2021-01-29T11:28:31+00:00\",\"dateModified\":\"2023-02-24T11:07:34+00:00\",\"breadcrumb\":{\"@id\":\"https:\/\/distribucionarc.com\/en\/producto\/selladora-termica-de-bolsas-vertical\/#breadcrumb\"},\"inLanguage\":\"sl-SI\",\"potentialAction\":[{\"@type\":\"ReadAction\",\"target\":[\"https:\/\/distribucionarc.com\/en\/producto\/selladora-termica-de-bolsas-vertical\/\"]}]},{\"@type\":\"ImageObject\",\"inLanguage\":\"sl-SI\",\"@id\":\"https:\/\/distribucionarc.com\/en\/producto\/selladora-termica-de-bolsas-vertical\/#primaryimage\",\"url\":\"https:\/\/distribucionarc.com\/wp-content\/uploads\/2021\/01\/Selladora-termica-de-bolsas-vertical-0.jpg\",\"contentUrl\":\"https:\/\/distribucionarc.com\/wp-content\/uploads\/2021\/01\/Selladora-termica-de-bolsas-vertical-0.jpg\",\"width\":1000,\"height\":1000,\"caption\":\"Selladora t\u00e9rmica de bolsas vertical\"},{\"@type\":\"BreadcrumbList\",\"@id\":\"https:\/\/distribucionarc.com\/en\/producto\/selladora-termica-de-bolsas-vertical\/#breadcrumb\",\"itemListElement\":[{\"@type\":\"ListItem\",\"position\":1,\"name\":\"Portada\",\"item\":\"https:\/\/distribucionarc.com\/pl\/\"},{\"@type\":\"ListItem\",\"position\":2,\"name\":\"Produkty\",\"item\":\"https:\/\/distribucionarc.com\/pl\/shop\/\"},{\"@type\":\"ListItem\",\"position\":3,\"name\":\"Selladora t\u00e9rmica de bolsas vertical\"}]},{\"@type\":\"WebSite\",\"@id\":\"https:\/\/distribucionarc.com\/de\/#website\",\"url\":\"https:\/\/distribucionarc.com\/de\/\",\"name\":\"distribuci\u00f3n ARC\",\"description\":\"Empresa especializada en la fabricaci\u00f3n y distribuci\u00f3n de maquinaria industrial, selladoras de latas, Maquinas de hacer pastillas, Maquinas de cortar carne...\",\"publisher\":{\"@id\":\"https:\/\/distribucionarc.com\/de\/#organization\"},\"potentialAction\":[{\"@type\":\"SearchAction\",\"target\":{\"@type\":\"EntryPoint\",\"urlTemplate\":\"https:\/\/distribucionarc.com\/de\/?s={search_term_string}\"},\"query-input\":{\"@type\":\"PropertyValueSpecification\",\"valueRequired\":true,\"valueName\":\"search_term_string\"}}],\"inLanguage\":\"sl-SI\"},{\"@type\":\"Organization\",\"@id\":\"https:\/\/distribucionarc.com\/de\/#organization\",\"name\":\"Distribuci\u00f3n ARC\",\"url\":\"https:\/\/distribucionarc.com\/de\/\",\"logo\":{\"@type\":\"ImageObject\",\"inLanguage\":\"sl-SI\",\"@id\":\"https:\/\/distribucionarc.com\/de\/#\/schema\/logo\/image\/\",\"url\":\"https:\/\/distribucionarc.com\/wp-content\/uploads\/2024\/10\/distribucion-ARC-COLOR-SIN-FONDO-e1732295305345.png\",\"contentUrl\":\"https:\/\/distribucionarc.com\/wp-content\/uploads\/2024\/10\/distribucion-ARC-COLOR-SIN-FONDO-e1732295305345.png\",\"width\":1164,\"height\":558,\"caption\":\"Distribuci\u00f3n ARC\"},\"image\":{\"@id\":\"https:\/\/distribucionarc.com\/de\/#\/schema\/logo\/image\/\"},\"description\":\"Empresa especializada en la fabricaci\u00f3n y distribuci\u00f3n de maquinaria industrial para los sectores alimentario y farmac\u00e9utico. Nos especializamos en: M\u00e1quinas de cortar carne Fabricaci\u00f3n de comprimidos Sistemas de transporte industrial L\u00edneas de embotellado Dosificadores Y mucho m\u00e1s... Ofrecemos soluciones innovadoras y personalizadas para optimizar los procesos productivos de tu empresa.\",\"email\":\"Admistracion@distribucionarc.com\",\"telephone\":\"+34 643496664\",\"legalName\":\"ARC TECH SOLUTIONS\",\"foundingDate\":\"2024-04-09\",\"vatID\":\"B55480172\",\"numberOfEmployees\":{\"@type\":\"QuantitativeValue\",\"minValue\":\"1\",\"maxValue\":\"10\"}}]}<\/script>\n<!-- \/ Yoast SEO Premium plugin. -->","yoast_head_json":{"title":"Navpi\u010dno toplotno varilo za vre\u010dke - distribucija ARC","robots":{"index":"index","follow":"follow","max-snippet":"max-snippet:-1","max-image-preview":"max-image-preview:large","max-video-preview":"max-video-preview:-1"},"canonical":"https:\/\/distribucionarc.com\/sl\/izdelek\/navpicno-termicno-zapiranje-vreck\/","og_locale":"sl_SI","og_type":"article","og_title":"Selladora t\u00e9rmica de bolsas vertical","og_description":"Selladora t\u00e9rmica de bolsas vertical Esta cerradora de bolsas ARC utiliza control electr\u00f3nico de temperatura constante y un dispositivo de transporte autom\u00e1tico, con el cual con esta Selladora t\u00e9rmica pueden controlar y utilizar tiras de pel\u00edcula pl\u00e1stica de diferentes formas en una l\u00ednea de envasado. La Selladora termopl\u00e1stica cuenta con un panel de control simple, f\u00e1cil de usar y f\u00e1cil de usar. Esta cerradora de bolsas vertical cuenta con un motor de alto rendimiento con una larga vida \u00fatil y un funcionamiento m\u00e1s estable. La mesa del transportador de esta m\u00e1quina de sellado t\u00e9rmico ARC se puede ajustar hacia arriba y hacia abajo, y se puede ajustar de acuerdo con los requisitos reales para mejorar la eficiencia. Garant\u00eda\u00a0ARC 2 A\u00d1OS Selladora vertical eficiente, bajo consumo\u00a0 400W soporte t\u00e9cnico incluido","og_url":"https:\/\/distribucionarc.com\/sl\/izdelek\/navpicno-termicno-zapiranje-vreck\/","og_site_name":"distribuci\u00f3n ARC","article_modified_time":"2023-02-24T11:07:34+00:00","og_image":[{"width":1000,"height":1000,"url":"https:\/\/distribucionarc.com\/wp-content\/uploads\/2021\/01\/Selladora-termica-de-bolsas-vertical-0.jpg","type":"image\/jpeg"}],"twitter_card":"summary_large_image","twitter_misc":{"Est. reading time":"1 minuta"},"schema":{"@context":"https:\/\/schema.org","@graph":[{"@type":"WebPage","@id":"https:\/\/distribucionarc.com\/en\/producto\/selladora-termica-de-bolsas-vertical\/","url":"https:\/\/distribucionarc.com\/en\/producto\/selladora-termica-de-bolsas-vertical\/","name":"Navpi\u010dno toplotno varilo za vre\u010dke - distribucija ARC","isPartOf":{"@id":"https:\/\/distribucionarc.com\/de\/#website"},"primaryImageOfPage":{"@id":"https:\/\/distribucionarc.com\/en\/producto\/selladora-termica-de-bolsas-vertical\/#primaryimage"},"image":{"@id":"https:\/\/distribucionarc.com\/en\/producto\/selladora-termica-de-bolsas-vertical\/#primaryimage"},"thumbnailUrl":"https:\/\/distribucionarc.com\/wp-content\/uploads\/2021\/01\/Selladora-termica-de-bolsas-vertical-0.jpg","datePublished":"2021-01-29T11:28:31+00:00","dateModified":"2023-02-24T11:07:34+00:00","breadcrumb":{"@id":"https:\/\/distribucionarc.com\/en\/producto\/selladora-termica-de-bolsas-vertical\/#breadcrumb"},"inLanguage":"sl-SI","potentialAction":[{"@type":"ReadAction","target":["https:\/\/distribucionarc.com\/en\/producto\/selladora-termica-de-bolsas-vertical\/"]}]},{"@type":"ImageObject","inLanguage":"sl-SI","@id":"https:\/\/distribucionarc.com\/en\/producto\/selladora-termica-de-bolsas-vertical\/#primaryimage","url":"https:\/\/distribucionarc.com\/wp-content\/uploads\/2021\/01\/Selladora-termica-de-bolsas-vertical-0.jpg","contentUrl":"https:\/\/distribucionarc.com\/wp-content\/uploads\/2021\/01\/Selladora-termica-de-bolsas-vertical-0.jpg","width":1000,"height":1000,"caption":"Selladora t\u00e9rmica de bolsas vertical"},{"@type":"BreadcrumbList","@id":"https:\/\/distribucionarc.com\/en\/producto\/selladora-termica-de-bolsas-vertical\/#breadcrumb","itemListElement":[{"@type":"ListItem","position":1,"name":"Portada","item":"https:\/\/distribucionarc.com\/pl\/"},{"@type":"ListItem","position":2,"name":"Produkty","item":"https:\/\/distribucionarc.com\/pl\/shop\/"},{"@type":"ListItem","position":3,"name":"Selladora t\u00e9rmica de bolsas vertical"}]},{"@type":"WebSite","@id":"https:\/\/distribucionarc.com\/de\/#website","url":"https:\/\/distribucionarc.com\/de\/","name":"ARC porazdelitev","description":"Podjetje je specializirano za proizvodnjo in distribucijo industrijskih strojev, strojev za zapiranje plo\u010devink, strojev za izdelavo tablet, strojev za rezanje mesa...","publisher":{"@id":"https:\/\/distribucionarc.com\/de\/#organization"},"potentialAction":[{"@type":"SearchAction","target":{"@type":"EntryPoint","urlTemplate":"https:\/\/distribucionarc.com\/de\/?s={search_term_string}"},"query-input":{"@type":"PropertyValueSpecification","valueRequired":true,"valueName":"search_term_string"}}],"inLanguage":"sl-SI"},{"@type":"Organization","@id":"https:\/\/distribucionarc.com\/de\/#organization","name":"Distribucija ARC","url":"https:\/\/distribucionarc.com\/de\/","logo":{"@type":"ImageObject","inLanguage":"sl-SI","@id":"https:\/\/distribucionarc.com\/de\/#\/schema\/logo\/image\/","url":"https:\/\/distribucionarc.com\/wp-content\/uploads\/2024\/10\/distribucion-ARC-COLOR-SIN-FONDO-e1732295305345.png","contentUrl":"https:\/\/distribucionarc.com\/wp-content\/uploads\/2024\/10\/distribucion-ARC-COLOR-SIN-FONDO-e1732295305345.png","width":1164,"height":558,"caption":"Distribuci\u00f3n ARC"},"image":{"@id":"https:\/\/distribucionarc.com\/de\/#\/schema\/logo\/image\/"},"description":"Podjetje, specializirano za proizvodnjo in distribucijo industrijskih strojev za \u017eivilski in farmacevtski sektor. Specializirani smo za: Stroji za rezanje mesa Proizvodnja tablet Industrijski transportni sistemi Stekleni\u010darske linije Dozirni stroji In \u0161e veliko ve\u010d... Ponujamo inovativne in prilagojene re\u0161itve za optimizacijo proizvodnih procesov va\u0161ega podjetja.","email":"Admistracion@distribucionarc.com","telephone":"+34 643496664","legalName":"ARC TECH SOLUTIONS","foundingDate":"2024-04-09","vatID":"B55480172","numberOfEmployees":{"@type":"QuantitativeValue","minValue":"1","maxValue":"10"}}]}},"_links":{"self":[{"href":"https:\/\/distribucionarc.com\/sl\/wp-json\/wp\/v2\/product\/4352","targetHints":{"allow":["GET"]}}],"collection":[{"href":"https:\/\/distribucionarc.com\/sl\/wp-json\/wp\/v2\/product"}],"about":[{"href":"https:\/\/distribucionarc.com\/sl\/wp-json\/wp\/v2\/types\/product"}],"replies":[{"embeddable":true,"href":"https:\/\/distribucionarc.com\/sl\/wp-json\/wp\/v2\/comments?post=4352"}],"version-history":[{"count":0,"href":"https:\/\/distribucionarc.com\/sl\/wp-json\/wp\/v2\/product\/4352\/revisions"}],"wp:featuredmedia":[{"embeddable":true,"href":"https:\/\/distribucionarc.com\/sl\/wp-json\/wp\/v2\/media\/4353"}],"wp:attachment":[{"href":"https:\/\/distribucionarc.com\/sl\/wp-json\/wp\/v2\/media?parent=4352"}],"wp:term":[{"taxonomy":"product_brand","embeddable":true,"href":"https:\/\/distribucionarc.com\/sl\/wp-json\/wp\/v2\/product_brand?post=4352"},{"taxonomy":"product_cat","embeddable":true,"href":"https:\/\/distribucionarc.com\/sl\/wp-json\/wp\/v2\/product_cat?post=4352"},{"taxonomy":"product_tag","embeddable":true,"href":"https:\/\/distribucionarc.com\/sl\/wp-json\/wp\/v2\/product_tag?post=4352"}],"curies":[{"name":"delovni list","href":"https:\/\/api.w.org\/{rel}","templated":true}]}}