{"id":437,"date":"2020-04-18T19:36:10","date_gmt":"2020-04-18T19:36:10","guid":{"rendered":"https:\/\/distribucionarc.com\/?post_type=product&#038;p=437"},"modified":"2022-03-01T16:32:24","modified_gmt":"2022-03-01T16:32:24","slug":"pakirna-polnilna-vrecka-dozirnik-za-prah-lece-zelenjave","status":"publish","type":"product","link":"https:\/\/distribucionarc.com\/sl\/producto\/empaquetadora-llenadora-de-bolsas-dosificadora-para-polvo-lentejas-legumbres\/","title":{"rendered":"Balirka, Pakirni stroj, Polnilec vre\u010dk, Dozator za pra\u0161ek, Le\u010da in stro\u010dnice?"},"content":{"rendered":"<h3 class=\"LC20lb DKV0Md\">Stroj za polnjenje vre\u010d, balirka, pakirni stroj, polnilnik vre\u010d, dozirnik za prah, le\u010do in stro\u010dnice?<\/h3>\n<p>&nbsp;<\/p>\n<p>Pakirni stroj 10g\u27961000g<\/p>\n<p>Z na\u0161im pakirnim strojem lahko dobite u\u010dinkovito in kakovostno re\u0161itev za doziranje neolupljenih ara\u0161idov in drugih vrst izdelek.<\/p>\n<p>Sistem pakiranja je preprost, izdelek postavlja na vrh: mehko\/srednje\/hitro. Nekateri izdelki delujejo bolje z eno ali drugo ki najbolj ustreza va\u0161emu izdelku. lijak, ki ima v notranjosti vibrator, tako da izdelek pade v drugi lijak, ki bo tehtal izdelek, dokler ne dose\u017ee oznake polnjenja, ki jo dolo\u010di operater, se bo ustavil in odprl vrata, da ga dozira v vre\u010dko<\/p>\n<p>Zaklju\u010dki iz nerjave\u010dega jekla 304<\/p>\n<p>Na\u0161 pakirni stroj je zasnovan po modulih, \u010de ima kakr\u0161no koli okvaro, boste morali le zamenjati modul, imamo 2-letno garancijo, na\u0161i stroji prestanejo strog nadzor kakovosti<\/p>\n<p>Specifikacije:<br \/>\nTip: MG-999g pametna plo\u0161\u010da za polnjenje prahu<br \/>\nDelovna napetost: samo 220 V<br \/>\nMo\u010d: 180W<br \/>\nHitrost: 10 do 15 vre\u010dk\/minuto<br \/>\nRazpon: 10 \u2796 999 g (lahko poljubno)<br \/>\nVelikost: (30 \u2716\ufe0f 50 \u2716\ufe0f 125 cm) 11,8&quot; \u2716\ufe0f 19,68&quot; \u2716\ufe0f 48&quot;<br \/>\nNatan\u010dnost: 2g (odvisno od materiala, ki ga polnite)<br \/>\nMaterial stroja: Nerjave\u010de jeklo<br \/>\nNeto te\u017ea: 26Kg<br \/>\nTe\u017ea paketa: 38 kg (standardna lesena \u0161katla)<br \/>\nGarancija kakovosti: 2 leti<\/p>\n<p>Certifikat CE<\/p>\n<p>Tu vam pu\u0161\u010damo videoposnetek delovanja stroja<\/p>\n<p><iframe loading=\"lazy\" src=\"https:\/\/www.youtube.com\/embed\/G3fXjF5u1L4\" width=\"560\" height=\"315\" frameborder=\"0\" allowfullscreen=\"allowfullscreen\"><\/iframe><\/p>","protected":false},"excerpt":{"rendered":"<p>Pakirni stroj 10g\u27961000g<\/p>\n<p>Kakovost z 2\ufe0f\u20e3 letno garancijo<\/p>\n<p>Tehni\u010dna podpora v primeru okvare<\/p>\n<p>Z na\u0161im pakirnim strojem imate lahko u\u010dinkovito in kakovostno re\u0161itev do 5000 vre\u010dk na dan, ta stroj je popoln, najve\u010dja velikost, ki lahko dozira neolupljene ara\u0161ide, to nam daje vrsto mo\u017enosti za doziranje katere koli vrste stro\u010dnic ali drugih vrst izdelkov.<\/p>","protected":false},"featured_media":445,"comment_status":"open","ping_status":"closed","template":"","meta":{"wds_primary_product_brand":0,"wds_primary_product_cat":0},"product_brand":[],"product_cat":[22,21],"product_tag":[],"class_list":{"0":"post-437","1":"product","2":"type-product","3":"status-publish","4":"has-post-thumbnail","6":"product_cat-llenadora-de-bolsas-granos-y-polvo","7":"product_cat-maquinas-llenadoras","9":"first","10":"instock","11":"sale","12":"taxable","13":"shipping-taxable","14":"purchasable","15":"product-type-simple"},"yoast_head":"<!-- This site is optimized with the Yoast SEO Premium plugin v24.9 (Yoast SEO v26.1) - https:\/\/yoast.com\/wordpress\/plugins\/seo\/ -->\n<title>Empacadora, Empaquetadora, Llenadora de Bolsas, Dosificadora para polvo, Lentejas y Legumbres? - distribuci\u00f3n ARC<\/title>\n<meta name=\"robots\" content=\"index, follow, max-snippet:-1, max-image-preview:large, max-video-preview:-1\" \/>\n<link rel=\"canonical\" href=\"https:\/\/www.distribucionarc.com\/tr\/producto\/empaquetadora-llenadora-de-bolsas-dosificadora-para-polvo-lentejas-legumbres\/\" \/>\n<meta property=\"og:locale\" content=\"sl_SI\" \/>\n<meta property=\"og:type\" content=\"article\" \/>\n<meta property=\"og:title\" content=\"Empacadora, Empaquetadora, Llenadora de Bolsas, Dosificadora para polvo, Lentejas y Legumbres?\" \/>\n<meta property=\"og:description\" content=\"Empaquetadora 10g\u27961000g  Calidad con 2\ufe0f\u20e3 a\u00f1os de garant\u00eda  Soporte t\u00e9cnico en caso de aver\u00eda  Con nuestra m\u00e1quina empaquetadora podr\u00e1 tener un soluci\u00f3n eficaz y de calidad hasta\u00a0 5000 bolsas diarias \u00e9sta m\u00e1quina es perfecta el tama\u00f1o m\u00e1s grande que puede dosificar con cacahuetes sin pelar, esto nos da un abanico de posibilidades para dosificar cualquier tipo de legumbre u otro tipo de productos.\" \/>\n<meta property=\"og:url\" content=\"https:\/\/www.distribucionarc.com\/tr\/producto\/empaquetadora-llenadora-de-bolsas-dosificadora-para-polvo-lentejas-legumbres\/\" \/>\n<meta property=\"og:site_name\" content=\"distribuci\u00f3n ARC\" \/>\n<meta property=\"article:modified_time\" content=\"2022-03-01T16:32:24+00:00\" \/>\n<meta property=\"og:image\" content=\"https:\/\/www.distribucionarc.com\/wp-content\/uploads\/2020\/04\/llenadora_dosificadora_polvos_granos_automatica_0.jpg\" \/>\n\t<meta property=\"og:image:width\" content=\"800\" \/>\n\t<meta property=\"og:image:height\" content=\"800\" \/>\n\t<meta property=\"og:image:type\" content=\"image\/jpeg\" \/>\n<meta name=\"twitter:card\" content=\"summary_large_image\" \/>\n<meta name=\"twitter:label1\" content=\"Est. reading time\" \/>\n\t<meta name=\"twitter:data1\" content=\"1 minuta\" \/>\n<script type=\"application\/ld+json\" class=\"yoast-schema-graph\">{\"@context\":\"https:\/\/schema.org\",\"@graph\":[{\"@type\":\"WebPage\",\"@id\":\"https:\/\/www.distribucionarc.com\/tr\/producto\/empaquetadora-llenadora-de-bolsas-dosificadora-para-polvo-lentejas-legumbres\/\",\"url\":\"https:\/\/www.distribucionarc.com\/tr\/producto\/empaquetadora-llenadora-de-bolsas-dosificadora-para-polvo-lentejas-legumbres\/\",\"name\":\"Empacadora, Empaquetadora, Llenadora de Bolsas, Dosificadora para polvo, Lentejas y Legumbres? - distribuci\u00f3n ARC\",\"isPartOf\":{\"@id\":\"https:\/\/www.distribucionarc.com\/sl\/#website\"},\"primaryImageOfPage\":{\"@id\":\"https:\/\/www.distribucionarc.com\/tr\/producto\/empaquetadora-llenadora-de-bolsas-dosificadora-para-polvo-lentejas-legumbres\/#primaryimage\"},\"image\":{\"@id\":\"https:\/\/www.distribucionarc.com\/tr\/producto\/empaquetadora-llenadora-de-bolsas-dosificadora-para-polvo-lentejas-legumbres\/#primaryimage\"},\"thumbnailUrl\":\"https:\/\/distribucionarc.com\/wp-content\/uploads\/2020\/04\/llenadora_dosificadora_polvos_granos_automatica_0.jpg\",\"datePublished\":\"2020-04-18T19:36:10+00:00\",\"dateModified\":\"2022-03-01T16:32:24+00:00\",\"breadcrumb\":{\"@id\":\"https:\/\/www.distribucionarc.com\/tr\/producto\/empaquetadora-llenadora-de-bolsas-dosificadora-para-polvo-lentejas-legumbres\/#breadcrumb\"},\"inLanguage\":\"sl-SI\",\"potentialAction\":[{\"@type\":\"ReadAction\",\"target\":[\"https:\/\/www.distribucionarc.com\/tr\/producto\/empaquetadora-llenadora-de-bolsas-dosificadora-para-polvo-lentejas-legumbres\/\"]}]},{\"@type\":\"ImageObject\",\"inLanguage\":\"sl-SI\",\"@id\":\"https:\/\/www.distribucionarc.com\/tr\/producto\/empaquetadora-llenadora-de-bolsas-dosificadora-para-polvo-lentejas-legumbres\/#primaryimage\",\"url\":\"https:\/\/distribucionarc.com\/wp-content\/uploads\/2020\/04\/llenadora_dosificadora_polvos_granos_automatica_0.jpg\",\"contentUrl\":\"https:\/\/distribucionarc.com\/wp-content\/uploads\/2020\/04\/llenadora_dosificadora_polvos_granos_automatica_0.jpg\",\"width\":800,\"height\":800},{\"@type\":\"BreadcrumbList\",\"@id\":\"https:\/\/www.distribucionarc.com\/tr\/producto\/empaquetadora-llenadora-de-bolsas-dosificadora-para-polvo-lentejas-legumbres\/#breadcrumb\",\"itemListElement\":[{\"@type\":\"ListItem\",\"position\":1,\"name\":\"Portada\",\"item\":\"https:\/\/www.distribucionarc.com\/\"},{\"@type\":\"ListItem\",\"position\":2,\"name\":\"\u00dcr\u00fcnler\",\"item\":\"https:\/\/www.distribucionarc.com\/tr\/magaza\/\"},{\"@type\":\"ListItem\",\"position\":3,\"name\":\"Empacadora, Empaquetadora, Llenadora de Bolsas, Dosificadora para polvo, Lentejas y Legumbres?\"}]},{\"@type\":\"WebSite\",\"@id\":\"https:\/\/www.distribucionarc.com\/sl\/#website\",\"url\":\"https:\/\/www.distribucionarc.com\/sl\/\",\"name\":\"distribuci\u00f3n ARC\",\"description\":\"Empresa especializada en la fabricaci\u00f3n y distribuci\u00f3n de maquinaria industrial, selladoras de latas, Maquinas de hacer pastillas, Maquinas de cortar carne...\",\"publisher\":{\"@id\":\"https:\/\/www.distribucionarc.com\/sl\/#organization\"},\"potentialAction\":[{\"@type\":\"SearchAction\",\"target\":{\"@type\":\"EntryPoint\",\"urlTemplate\":\"https:\/\/www.distribucionarc.com\/sl\/?s={search_term_string}\"},\"query-input\":{\"@type\":\"PropertyValueSpecification\",\"valueRequired\":true,\"valueName\":\"search_term_string\"}}],\"inLanguage\":\"sl-SI\"},{\"@type\":\"Organization\",\"@id\":\"https:\/\/www.distribucionarc.com\/sl\/#organization\",\"name\":\"Distribuci\u00f3n ARC\",\"url\":\"https:\/\/www.distribucionarc.com\/sl\/\",\"logo\":{\"@type\":\"ImageObject\",\"inLanguage\":\"sl-SI\",\"@id\":\"https:\/\/www.distribucionarc.com\/sl\/#\/schema\/logo\/image\/\",\"url\":\"https:\/\/distribucionarc.com\/wp-content\/uploads\/2024\/10\/distribucion-ARC-COLOR-SIN-FONDO-e1732295305345.png\",\"contentUrl\":\"https:\/\/distribucionarc.com\/wp-content\/uploads\/2024\/10\/distribucion-ARC-COLOR-SIN-FONDO-e1732295305345.png\",\"width\":1164,\"height\":558,\"caption\":\"Distribuci\u00f3n ARC\"},\"image\":{\"@id\":\"https:\/\/www.distribucionarc.com\/sl\/#\/schema\/logo\/image\/\"},\"description\":\"Empresa especializada en la fabricaci\u00f3n y distribuci\u00f3n de maquinaria industrial para los sectores alimentario y farmac\u00e9utico. Nos especializamos en: M\u00e1quinas de cortar carne Fabricaci\u00f3n de comprimidos Sistemas de transporte industrial L\u00edneas de embotellado Dosificadores Y mucho m\u00e1s... Ofrecemos soluciones innovadoras y personalizadas para optimizar los procesos productivos de tu empresa.\",\"email\":\"Admistracion@distribucionarc.com\",\"telephone\":\"+34 643496664\",\"legalName\":\"ARC TECH SOLUTIONS\",\"foundingDate\":\"2024-04-09\",\"vatID\":\"B55480172\",\"numberOfEmployees\":{\"@type\":\"QuantitativeValue\",\"minValue\":\"1\",\"maxValue\":\"10\"}}]}<\/script>\n<!-- \/ Yoast SEO Premium plugin. -->","yoast_head_json":{"title":"Balirka, Pakirni stroj, Polnilec vre\u010dk, Dozator za pra\u0161ek, Le\u010da in stro\u010dnice? - ARC distribucija","robots":{"index":"index","follow":"follow","max-snippet":"max-snippet:-1","max-image-preview":"max-image-preview:large","max-video-preview":"max-video-preview:-1"},"canonical":"https:\/\/www.distribucionarc.com\/tr\/producto\/empaquetadora-llenadora-de-bolsas-dosificadora-para-polvo-lentejas-legumbres\/","og_locale":"sl_SI","og_type":"article","og_title":"Empacadora, Empaquetadora, Llenadora de Bolsas, Dosificadora para polvo, Lentejas y Legumbres?","og_description":"Empaquetadora 10g\u27961000g  Calidad con 2\ufe0f\u20e3 a\u00f1os de garant\u00eda  Soporte t\u00e9cnico en caso de aver\u00eda  Con nuestra m\u00e1quina empaquetadora podr\u00e1 tener un soluci\u00f3n eficaz y de calidad hasta\u00a0 5000 bolsas diarias \u00e9sta m\u00e1quina es perfecta el tama\u00f1o m\u00e1s grande que puede dosificar con cacahuetes sin pelar, esto nos da un abanico de posibilidades para dosificar cualquier tipo de legumbre u otro tipo de productos.","og_url":"https:\/\/www.distribucionarc.com\/tr\/producto\/empaquetadora-llenadora-de-bolsas-dosificadora-para-polvo-lentejas-legumbres\/","og_site_name":"distribuci\u00f3n ARC","article_modified_time":"2022-03-01T16:32:24+00:00","og_image":[{"width":800,"height":800,"url":"https:\/\/www.distribucionarc.com\/wp-content\/uploads\/2020\/04\/llenadora_dosificadora_polvos_granos_automatica_0.jpg","type":"image\/jpeg"}],"twitter_card":"summary_large_image","twitter_misc":{"Est. reading time":"1 minuta"},"schema":{"@context":"https:\/\/schema.org","@graph":[{"@type":"WebPage","@id":"https:\/\/www.distribucionarc.com\/tr\/producto\/empaquetadora-llenadora-de-bolsas-dosificadora-para-polvo-lentejas-legumbres\/","url":"https:\/\/www.distribucionarc.com\/tr\/producto\/empaquetadora-llenadora-de-bolsas-dosificadora-para-polvo-lentejas-legumbres\/","name":"Balirka, Pakirni stroj, Polnilec vre\u010dk, Dozator za pra\u0161ek, Le\u010da in stro\u010dnice? - ARC distribucija","isPartOf":{"@id":"https:\/\/www.distribucionarc.com\/sl\/#website"},"primaryImageOfPage":{"@id":"https:\/\/www.distribucionarc.com\/tr\/producto\/empaquetadora-llenadora-de-bolsas-dosificadora-para-polvo-lentejas-legumbres\/#primaryimage"},"image":{"@id":"https:\/\/www.distribucionarc.com\/tr\/producto\/empaquetadora-llenadora-de-bolsas-dosificadora-para-polvo-lentejas-legumbres\/#primaryimage"},"thumbnailUrl":"https:\/\/distribucionarc.com\/wp-content\/uploads\/2020\/04\/llenadora_dosificadora_polvos_granos_automatica_0.jpg","datePublished":"2020-04-18T19:36:10+00:00","dateModified":"2022-03-01T16:32:24+00:00","breadcrumb":{"@id":"https:\/\/www.distribucionarc.com\/tr\/producto\/empaquetadora-llenadora-de-bolsas-dosificadora-para-polvo-lentejas-legumbres\/#breadcrumb"},"inLanguage":"sl-SI","potentialAction":[{"@type":"ReadAction","target":["https:\/\/www.distribucionarc.com\/tr\/producto\/empaquetadora-llenadora-de-bolsas-dosificadora-para-polvo-lentejas-legumbres\/"]}]},{"@type":"ImageObject","inLanguage":"sl-SI","@id":"https:\/\/www.distribucionarc.com\/tr\/producto\/empaquetadora-llenadora-de-bolsas-dosificadora-para-polvo-lentejas-legumbres\/#primaryimage","url":"https:\/\/distribucionarc.com\/wp-content\/uploads\/2020\/04\/llenadora_dosificadora_polvos_granos_automatica_0.jpg","contentUrl":"https:\/\/distribucionarc.com\/wp-content\/uploads\/2020\/04\/llenadora_dosificadora_polvos_granos_automatica_0.jpg","width":800,"height":800},{"@type":"BreadcrumbList","@id":"https:\/\/www.distribucionarc.com\/tr\/producto\/empaquetadora-llenadora-de-bolsas-dosificadora-para-polvo-lentejas-legumbres\/#breadcrumb","itemListElement":[{"@type":"ListItem","position":1,"name":"Portada","item":"https:\/\/www.distribucionarc.com\/"},{"@type":"ListItem","position":2,"name":"\u00dcr\u00fcnler","item":"https:\/\/www.distribucionarc.com\/tr\/magaza\/"},{"@type":"ListItem","position":3,"name":"Empacadora, Empaquetadora, Llenadora de Bolsas, Dosificadora para polvo, Lentejas y Legumbres?"}]},{"@type":"WebSite","@id":"https:\/\/www.distribucionarc.com\/sl\/#website","url":"https:\/\/www.distribucionarc.com\/sl\/","name":"ARC porazdelitev","description":"Podjetje je specializirano za proizvodnjo in distribucijo industrijskih strojev, strojev za zapiranje plo\u010devink, strojev za izdelavo tablet, strojev za rezanje mesa...","publisher":{"@id":"https:\/\/www.distribucionarc.com\/sl\/#organization"},"potentialAction":[{"@type":"SearchAction","target":{"@type":"EntryPoint","urlTemplate":"https:\/\/www.distribucionarc.com\/sl\/?s={search_term_string}"},"query-input":{"@type":"PropertyValueSpecification","valueRequired":true,"valueName":"search_term_string"}}],"inLanguage":"sl-SI"},{"@type":"Organization","@id":"https:\/\/www.distribucionarc.com\/sl\/#organization","name":"Distribucija ARC","url":"https:\/\/www.distribucionarc.com\/sl\/","logo":{"@type":"ImageObject","inLanguage":"sl-SI","@id":"https:\/\/www.distribucionarc.com\/sl\/#\/schema\/logo\/image\/","url":"https:\/\/distribucionarc.com\/wp-content\/uploads\/2024\/10\/distribucion-ARC-COLOR-SIN-FONDO-e1732295305345.png","contentUrl":"https:\/\/distribucionarc.com\/wp-content\/uploads\/2024\/10\/distribucion-ARC-COLOR-SIN-FONDO-e1732295305345.png","width":1164,"height":558,"caption":"Distribuci\u00f3n ARC"},"image":{"@id":"https:\/\/www.distribucionarc.com\/sl\/#\/schema\/logo\/image\/"},"description":"Podjetje, specializirano za proizvodnjo in distribucijo industrijskih strojev za \u017eivilski in farmacevtski sektor. Specializirani smo za: Stroji za rezanje mesa Proizvodnja tablet Industrijski transportni sistemi Stekleni\u010darske linije Dozirni stroji In \u0161e veliko ve\u010d... Ponujamo inovativne in prilagojene re\u0161itve za optimizacijo proizvodnih procesov va\u0161ega podjetja.","email":"Admistracion@distribucionarc.com","telephone":"+34 643496664","legalName":"ARC TECH SOLUTIONS","foundingDate":"2024-04-09","vatID":"B55480172","numberOfEmployees":{"@type":"QuantitativeValue","minValue":"1","maxValue":"10"}}]}},"_links":{"self":[{"href":"https:\/\/distribucionarc.com\/sl\/wp-json\/wp\/v2\/product\/437","targetHints":{"allow":["GET"]}}],"collection":[{"href":"https:\/\/distribucionarc.com\/sl\/wp-json\/wp\/v2\/product"}],"about":[{"href":"https:\/\/distribucionarc.com\/sl\/wp-json\/wp\/v2\/types\/product"}],"replies":[{"embeddable":true,"href":"https:\/\/distribucionarc.com\/sl\/wp-json\/wp\/v2\/comments?post=437"}],"version-history":[{"count":0,"href":"https:\/\/distribucionarc.com\/sl\/wp-json\/wp\/v2\/product\/437\/revisions"}],"wp:featuredmedia":[{"embeddable":true,"href":"https:\/\/distribucionarc.com\/sl\/wp-json\/wp\/v2\/media\/445"}],"wp:attachment":[{"href":"https:\/\/distribucionarc.com\/sl\/wp-json\/wp\/v2\/media?parent=437"}],"wp:term":[{"taxonomy":"product_brand","embeddable":true,"href":"https:\/\/distribucionarc.com\/sl\/wp-json\/wp\/v2\/product_brand?post=437"},{"taxonomy":"product_cat","embeddable":true,"href":"https:\/\/distribucionarc.com\/sl\/wp-json\/wp\/v2\/product_cat?post=437"},{"taxonomy":"product_tag","embeddable":true,"href":"https:\/\/distribucionarc.com\/sl\/wp-json\/wp\/v2\/product_tag?post=437"}],"curies":[{"name":"delovni list","href":"https:\/\/api.w.org\/{rel}","templated":true}]}}