{"id":4877,"date":"2022-10-23T21:25:08","date_gmt":"2022-10-23T21:25:08","guid":{"rendered":"https:\/\/distribucionarc.com\/?post_type=product&#038;p=4877"},"modified":"2023-03-30T15:26:19","modified_gmt":"2023-03-30T15:26:19","slug":"indukcijsko-lepilo-za-aluminijasto-folijo","status":"publish","type":"product","link":"https:\/\/distribucionarc.com\/sl\/producto\/selladora-induccion-para-foil-de-aluminio\/","title":{"rendered":"indukcijsko lepilo za aluminijasto folijo"},"content":{"rendered":"<h2>hitro indukcijsko lepilo za aluminijasto folijo<\/h2>\n<p>&nbsp;<\/p>\n<p>stroj, ki podalj\u0161a \u017eivljenjsko dobo va\u0161ih izdelkov, zmanj\u0161a odstotek vra\u010dil in ohranja izdelek sve\u017e, suh in varen.<\/p>\n<p>&nbsp;<\/p>\n<p><img loading=\"lazy\" decoding=\"async\" class=\"wp-image-4885 aligncenter\" src=\"https:\/\/distribucionarc.com\/wp-content\/uploads\/2022\/10\/selladora-induccion-para-foil-de-aluminio-300x300.jpg\" alt=\"\" width=\"335\" height=\"335\" srcset=\"https:\/\/distribucionarc.com\/wp-content\/uploads\/2022\/10\/selladora-induccion-para-foil-de-aluminio-300x300.jpg 300w, https:\/\/distribucionarc.com\/wp-content\/uploads\/2022\/10\/selladora-induccion-para-foil-de-aluminio-430x430.jpg 430w, https:\/\/distribucionarc.com\/wp-content\/uploads\/2022\/10\/selladora-induccion-para-foil-de-aluminio-150x150.jpg 150w, https:\/\/distribucionarc.com\/wp-content\/uploads\/2022\/10\/selladora-induccion-para-foil-de-aluminio-600x600.jpg 600w, https:\/\/distribucionarc.com\/wp-content\/uploads\/2022\/10\/selladora-induccion-para-foil-de-aluminio-12x12.jpg 12w, https:\/\/distribucionarc.com\/wp-content\/uploads\/2022\/10\/selladora-induccion-para-foil-de-aluminio-320x320.jpg 320w, https:\/\/distribucionarc.com\/wp-content\/uploads\/2022\/10\/selladora-induccion-para-foil-de-aluminio-100x100.jpg 100w, https:\/\/distribucionarc.com\/wp-content\/uploads\/2022\/10\/selladora-induccion-para-foil-de-aluminio.jpg 640w\" sizes=\"auto, (max-width: 335px) 100vw, 335px\" \/><\/p>\n<p>&nbsp;<\/p>\n<p><strong>Tesnilo za pokrove iz aluminija<\/strong> Dodaten korak v vodilni distribucijski proizvodni liniji ARC v industrijskih strojih<\/p>\n<p>&nbsp;<\/p>\n<p><img loading=\"lazy\" decoding=\"async\" class=\"wp-image-4884 aligncenter\" src=\"https:\/\/distribucionarc.com\/wp-content\/uploads\/2022\/10\/selladora-de-tapones-300x300.jpg\" alt=\"\" width=\"335\" height=\"335\" srcset=\"https:\/\/distribucionarc.com\/wp-content\/uploads\/2022\/10\/selladora-de-tapones-300x300.jpg 300w, https:\/\/distribucionarc.com\/wp-content\/uploads\/2022\/10\/selladora-de-tapones-430x430.jpg 430w, https:\/\/distribucionarc.com\/wp-content\/uploads\/2022\/10\/selladora-de-tapones-150x150.jpg 150w, https:\/\/distribucionarc.com\/wp-content\/uploads\/2022\/10\/selladora-de-tapones-700x700.jpg 700w, https:\/\/distribucionarc.com\/wp-content\/uploads\/2022\/10\/selladora-de-tapones-768x768.jpg 768w, https:\/\/distribucionarc.com\/wp-content\/uploads\/2022\/10\/selladora-de-tapones-12x12.jpg 12w, https:\/\/distribucionarc.com\/wp-content\/uploads\/2022\/10\/selladora-de-tapones-320x320.jpg 320w, https:\/\/distribucionarc.com\/wp-content\/uploads\/2022\/10\/selladora-de-tapones-600x600.jpg 600w, https:\/\/distribucionarc.com\/wp-content\/uploads\/2022\/10\/selladora-de-tapones-100x100.jpg 100w, https:\/\/distribucionarc.com\/wp-content\/uploads\/2022\/10\/selladora-de-tapones.jpg 1000w\" sizes=\"auto, (max-width: 335px) 100vw, 335px\" \/><\/p>\n<p>&nbsp;<\/p>\n<p>&nbsp;<\/p>\n<p>Stroj <strong>indukcijsko tesnjenje <\/strong>neprekinjeno uporablja elektromagnetno na\u010delo, ki proizvaja trenutno visoko toploto, ki se lahko stopi in zapre a <strong>aluminijasto folijo <\/strong>na naslovnici a <strong>steklenica<\/strong>.<\/p>\n<p>&nbsp;<\/p>\n<p><img loading=\"lazy\" decoding=\"async\" class=\"wp-image-4878 aligncenter\" src=\"https:\/\/distribucionarc.com\/wp-content\/uploads\/2022\/10\/sellado-por-induccion-300x289.jpg\" alt=\"\" width=\"334\" height=\"322\" srcset=\"https:\/\/distribucionarc.com\/wp-content\/uploads\/2022\/10\/sellado-por-induccion-300x289.jpg 300w, https:\/\/distribucionarc.com\/wp-content\/uploads\/2022\/10\/sellado-por-induccion-430x414.jpg 430w, https:\/\/distribucionarc.com\/wp-content\/uploads\/2022\/10\/sellado-por-induccion-150x144.jpg 150w, https:\/\/distribucionarc.com\/wp-content\/uploads\/2022\/10\/sellado-por-induccion-700x673.jpg 700w, https:\/\/distribucionarc.com\/wp-content\/uploads\/2022\/10\/sellado-por-induccion-768x739.jpg 768w, https:\/\/distribucionarc.com\/wp-content\/uploads\/2022\/10\/sellado-por-induccion-12x12.jpg 12w, https:\/\/distribucionarc.com\/wp-content\/uploads\/2022\/10\/sellado-por-induccion-600x577.jpg 600w, https:\/\/distribucionarc.com\/wp-content\/uploads\/2022\/10\/sellado-por-induccion.jpg 835w\" sizes=\"auto, (max-width: 334px) 100vw, 334px\" \/><\/p>\n<p><center><iframe loading=\"lazy\" title=\"YouTube video predvajalnik\" src=\"https:\/\/www.youtube.com\/embed\/NkiiKp9Yi7M\" width=\"560\" height=\"315\" frameborder=\"0\" allowfullscreen=\"allowfullscreen\"><\/iframe><\/center>&nbsp;<\/p>\n<p>&nbsp;<\/p>\n<p>Vrste steklenic, ki jih lahko zaprete<\/p>\n<ul>\n<li>Steklo<\/li>\n<li>Plasti\u010dna\u2026<\/li>\n<li>Aluminijasta steklenica (ta stroj ni primeren, kliknite tukaj, \u010de si \u017eelite ogledati tesnilo za kovinske steklenice)<\/li>\n<\/ul>\n<p>&nbsp;<\/p>\n<p>Tehni\u010dne lastnosti:<\/p>\n<p>&nbsp;<\/p>\n<table width=\"435\">\n<tbody>\n<tr>\n<td>Model<\/td>\n<td width=\"277\">AR131800<\/td>\n<\/tr>\n<tr>\n<td>Napetost<\/td>\n<td width=\"277\">220V\/50Hz 110V\/60Hz<\/td>\n<\/tr>\n<tr>\n<td>energija<\/td>\n<td width=\"277\">1800 W<\/td>\n<\/tr>\n<tr>\n<td>Premer tesnjenja<\/td>\n<td width=\"277\">15-180 mm<\/td>\n<\/tr>\n<tr>\n<td>vi\u0161ina steklenice<\/td>\n<td width=\"277\">50-320 mm<\/td>\n<\/tr>\n<tr>\n<td>Dol\u017eina traku<\/td>\n<td width=\"277\">1000 mm<\/td>\n<\/tr>\n<tr>\n<td>\u0160irina traku<\/td>\n<td width=\"277\">200 mm<\/td>\n<\/tr>\n<tr>\n<td>Najve\u010dja te\u017ea obremenitve na pasu<\/td>\n<td width=\"277\">15 kg<\/td>\n<\/tr>\n<tr>\n<td>Delovanje<\/td>\n<td width=\"277\">Elektri\u010dni<\/td>\n<\/tr>\n<tr>\n<td>Na\u010din hlajenja<\/td>\n<td width=\"277\">prezra\u010devanje<\/td>\n<\/tr>\n<tr>\n<td>najve\u010dji tok<\/td>\n<td width=\"277\">8,5 A<\/td>\n<\/tr>\n<tr>\n<td>Uporabna steklenica<\/td>\n<td width=\"277\">Plastenka\/stekleni kozarec<\/td>\n<\/tr>\n<tr>\n<td>Proizvodna zmogljivost<\/td>\n<td width=\"277\">\u2264110 steklenic\/min<\/td>\n<\/tr>\n<tr>\n<td>Dnevna proizvodna zmogljivost<\/td>\n<td width=\"277\">\u226430000 steklenic<\/td>\n<\/tr>\n<tr>\n<td>Velikost stroja<\/td>\n<td width=\"277\">1002 mm * 402 mm * 938 mm<\/td>\n<\/tr>\n<tr>\n<td>Neto te\u017ea<\/td>\n<td width=\"277\">49 KGS<\/td>\n<\/tr>\n<\/tbody>\n<\/table>\n<p>&nbsp;<\/p>\n<div style=\"width: 626px;\" class=\"wp-video\"><video class=\"wp-video-shortcode\" id=\"video-4877-1\" width=\"626\" height=\"360\" preload=\"metadata\" controls=\"controls\"><source type=\"video\/mp4\" src=\"https:\/\/distribucionarc.com\/wp-content\/uploads\/2022\/10\/selladora-de-tapones-lamina-de-aluminio.mp4?_=1\" \/><a href=\"https:\/\/distribucionarc.com\/wp-content\/uploads\/2022\/10\/selladora-de-tapones-lamina-de-aluminio.mp4\">https:\/\/distribucionarc.com\/wp-content\/uploads\/2022\/10\/selladora-de-tapones-lamina-de-aluminio.mp4<\/a><\/video><\/div>\n<p>&nbsp;<\/p>\n<p><strong>Termi\u010dno indukcijsko tesnilo za proizvodno linijo<\/strong> Ta stroj ne vklju\u010duje traku, zelo enostavno ga je mogo\u010de dodati liniji, ki \u017ee deluje.<\/p>\n<p>&nbsp;<\/p>\n<p style=\"text-align: center;\">(za ve\u010d informacij kliknite na fotografijo)<\/p>\n<p><img loading=\"lazy\" decoding=\"async\" class=\"wp-image-4881 aligncenter\" src=\"https:\/\/distribucionarc.com\/wp-content\/uploads\/2022\/10\/Selladora-de-induccion-termica-para-linea-de-produccion-300x283.jpg\" alt=\"\" width=\"338\" height=\"319\" srcset=\"https:\/\/distribucionarc.com\/wp-content\/uploads\/2022\/10\/Selladora-de-induccion-termica-para-linea-de-produccion-300x283.jpg 300w, https:\/\/distribucionarc.com\/wp-content\/uploads\/2022\/10\/Selladora-de-induccion-termica-para-linea-de-produccion-430x406.jpg 430w, https:\/\/distribucionarc.com\/wp-content\/uploads\/2022\/10\/Selladora-de-induccion-termica-para-linea-de-produccion-150x142.jpg 150w, https:\/\/distribucionarc.com\/wp-content\/uploads\/2022\/10\/Selladora-de-induccion-termica-para-linea-de-produccion-700x661.jpg 700w, https:\/\/distribucionarc.com\/wp-content\/uploads\/2022\/10\/Selladora-de-induccion-termica-para-linea-de-produccion-768x725.jpg 768w, https:\/\/distribucionarc.com\/wp-content\/uploads\/2022\/10\/Selladora-de-induccion-termica-para-linea-de-produccion-13x12.jpg 13w, https:\/\/distribucionarc.com\/wp-content\/uploads\/2022\/10\/Selladora-de-induccion-termica-para-linea-de-produccion-600x567.jpg 600w, https:\/\/distribucionarc.com\/wp-content\/uploads\/2022\/10\/Selladora-de-induccion-termica-para-linea-de-produccion.jpg 883w\" sizes=\"auto, (max-width: 338px) 100vw, 338px\" \/><\/p>\n<p>&nbsp;<\/p>\n<p>&nbsp;<\/p>\n<p>Priporo\u010damo tudi <strong>ro\u010dno indukcijsko tesnilo<\/strong> Za manj\u0161e produkcije ve\u010d informacij kliknite na sliko.<\/p>\n<p>&nbsp;<\/p>\n<p><a href=\"https:\/\/distribucionarc.com\/sl\/izdelek\/termicno-indukcijsko-zapiranje-stroj-zapiranje-zamaskov\/\"><img loading=\"lazy\" decoding=\"async\" class=\"wp-image-4880 aligncenter\" src=\"https:\/\/distribucionarc.com\/wp-content\/uploads\/2022\/10\/selladora-de-induccion-manual-300x300.jpg\" alt=\"\" width=\"338\" height=\"338\" srcset=\"https:\/\/distribucionarc.com\/wp-content\/uploads\/2022\/10\/selladora-de-induccion-manual-300x300.jpg 300w, https:\/\/distribucionarc.com\/wp-content\/uploads\/2022\/10\/selladora-de-induccion-manual-430x430.jpg 430w, https:\/\/distribucionarc.com\/wp-content\/uploads\/2022\/10\/selladora-de-induccion-manual-150x150.jpg 150w, https:\/\/distribucionarc.com\/wp-content\/uploads\/2022\/10\/selladora-de-induccion-manual-700x700.jpg 700w, https:\/\/distribucionarc.com\/wp-content\/uploads\/2022\/10\/selladora-de-induccion-manual-768x768.jpg 768w, https:\/\/distribucionarc.com\/wp-content\/uploads\/2022\/10\/selladora-de-induccion-manual-12x12.jpg 12w, https:\/\/distribucionarc.com\/wp-content\/uploads\/2022\/10\/selladora-de-induccion-manual-320x320.jpg 320w, https:\/\/distribucionarc.com\/wp-content\/uploads\/2022\/10\/selladora-de-induccion-manual-600x600.jpg 600w, https:\/\/distribucionarc.com\/wp-content\/uploads\/2022\/10\/selladora-de-induccion-manual-100x100.jpg 100w, https:\/\/distribucionarc.com\/wp-content\/uploads\/2022\/10\/selladora-de-induccion-manual.jpg 800w\" sizes=\"auto, (max-width: 338px) 100vw, 338px\" \/><\/a><\/p>\n<p>&nbsp;<\/p>\n<p>&nbsp;<\/p>\n<p>ARC Distribution 2 leti lastne proizvodnje s kakovostnimi deli.<\/p>\n<p>#espa\u00f1a #peru #mehika #paragvaj #bolivija #argentina #ekvador #Kolumbija #\u010dile #estadosunited<\/p>","protected":false},"excerpt":{"rendered":"<p><iframe loading=\"lazy\" title=\"YouTube video predvajalnik\" src=\"https:\/\/www.youtube.com\/embed\/bTnwgS5ph8c\" width=\"560\" height=\"315\" frameborder=\"0\" allowfullscreen=\"allowfullscreen\"><\/iframe><\/p>","protected":false},"featured_media":4885,"comment_status":"open","ping_status":"closed","template":"","meta":{"wds_primary_product_brand":0,"wds_primary_product_cat":0},"product_brand":[],"product_cat":[45,28],"product_tag":[],"class_list":{"0":"post-4877","1":"product","2":"type-product","3":"status-publish","4":"has-post-thumbnail","6":"product_cat-selladoras-de-induccion","7":"product_cat-tapadoras","8":"product_shipping_class-express","10":"first","11":"instock","12":"taxable","13":"shipping-taxable","14":"purchasable","15":"product-type-simple"},"yoast_head":"<!-- This site is optimized with the Yoast SEO Premium plugin v24.9 (Yoast SEO v26.1) - https:\/\/yoast.com\/wordpress\/plugins\/seo\/ -->\n<title>selladora induccion para foil de aluminio - distribuci\u00f3n ARC<\/title>\n<meta name=\"robots\" content=\"index, follow, max-snippet:-1, max-image-preview:large, max-video-preview:-1\" \/>\n<link rel=\"canonical\" href=\"https:\/\/distribucionarc.com\/sl\/izdelek\/indukcijsko-lepilo-za-aluminijasto-folijo\/\" \/>\n<meta property=\"og:locale\" content=\"sl_SI\" \/>\n<meta property=\"og:type\" content=\"article\" \/>\n<meta property=\"og:title\" content=\"selladora induccion para foil de aluminio\" \/>\n<meta property=\"og:url\" content=\"https:\/\/distribucionarc.com\/sl\/izdelek\/indukcijsko-lepilo-za-aluminijasto-folijo\/\" \/>\n<meta property=\"og:site_name\" content=\"distribuci\u00f3n ARC\" \/>\n<meta property=\"article:modified_time\" content=\"2023-03-30T15:26:19+00:00\" \/>\n<meta property=\"og:image\" content=\"https:\/\/distribucionarc.com\/wp-content\/uploads\/2022\/10\/selladora-induccion-para-foil-de-aluminio.jpg\" \/>\n\t<meta property=\"og:image:width\" content=\"640\" \/>\n\t<meta property=\"og:image:height\" content=\"640\" \/>\n\t<meta property=\"og:image:type\" content=\"image\/jpeg\" \/>\n<meta name=\"twitter:card\" content=\"summary_large_image\" \/>\n<meta name=\"twitter:label1\" content=\"Est. reading time\" \/>\n\t<meta name=\"twitter:data1\" content=\"2 minuti\" \/>\n<script type=\"application\/ld+json\" class=\"yoast-schema-graph\">{\"@context\":\"https:\/\/schema.org\",\"@graph\":[{\"@type\":\"WebPage\",\"@id\":\"https:\/\/distribucionarc.com\/lt\/producto\/selladora-induccion-para-foil-de-aluminio\/\",\"url\":\"https:\/\/distribucionarc.com\/lt\/producto\/selladora-induccion-para-foil-de-aluminio\/\",\"name\":\"selladora induccion para foil de aluminio - distribuci\u00f3n ARC\",\"isPartOf\":{\"@id\":\"https:\/\/distribucionarc.com\/de\/#website\"},\"primaryImageOfPage\":{\"@id\":\"https:\/\/distribucionarc.com\/lt\/producto\/selladora-induccion-para-foil-de-aluminio\/#primaryimage\"},\"image\":{\"@id\":\"https:\/\/distribucionarc.com\/lt\/producto\/selladora-induccion-para-foil-de-aluminio\/#primaryimage\"},\"thumbnailUrl\":\"https:\/\/distribucionarc.com\/wp-content\/uploads\/2022\/10\/selladora-induccion-para-foil-de-aluminio.jpg\",\"datePublished\":\"2022-10-23T21:25:08+00:00\",\"dateModified\":\"2023-03-30T15:26:19+00:00\",\"breadcrumb\":{\"@id\":\"https:\/\/distribucionarc.com\/lt\/producto\/selladora-induccion-para-foil-de-aluminio\/#breadcrumb\"},\"inLanguage\":\"sl-SI\",\"potentialAction\":[{\"@type\":\"ReadAction\",\"target\":[\"https:\/\/distribucionarc.com\/lt\/producto\/selladora-induccion-para-foil-de-aluminio\/\"]}]},{\"@type\":\"ImageObject\",\"inLanguage\":\"sl-SI\",\"@id\":\"https:\/\/distribucionarc.com\/lt\/producto\/selladora-induccion-para-foil-de-aluminio\/#primaryimage\",\"url\":\"https:\/\/distribucionarc.com\/wp-content\/uploads\/2022\/10\/selladora-induccion-para-foil-de-aluminio.jpg\",\"contentUrl\":\"https:\/\/distribucionarc.com\/wp-content\/uploads\/2022\/10\/selladora-induccion-para-foil-de-aluminio.jpg\",\"width\":640,\"height\":640},{\"@type\":\"BreadcrumbList\",\"@id\":\"https:\/\/distribucionarc.com\/lt\/producto\/selladora-induccion-para-foil-de-aluminio\/#breadcrumb\",\"itemListElement\":[{\"@type\":\"ListItem\",\"position\":1,\"name\":\"Portada\",\"item\":\"https:\/\/distribucionarc.com\/pl\/\"},{\"@type\":\"ListItem\",\"position\":2,\"name\":\"Produkty\",\"item\":\"https:\/\/distribucionarc.com\/pl\/shop\/\"},{\"@type\":\"ListItem\",\"position\":3,\"name\":\"selladora induccion para foil de aluminio\"}]},{\"@type\":\"WebSite\",\"@id\":\"https:\/\/distribucionarc.com\/de\/#website\",\"url\":\"https:\/\/distribucionarc.com\/de\/\",\"name\":\"distribuci\u00f3n ARC\",\"description\":\"Empresa especializada en la fabricaci\u00f3n y distribuci\u00f3n de maquinaria industrial, selladoras de latas, Maquinas de hacer pastillas, Maquinas de cortar carne...\",\"publisher\":{\"@id\":\"https:\/\/distribucionarc.com\/de\/#organization\"},\"potentialAction\":[{\"@type\":\"SearchAction\",\"target\":{\"@type\":\"EntryPoint\",\"urlTemplate\":\"https:\/\/distribucionarc.com\/de\/?s={search_term_string}\"},\"query-input\":{\"@type\":\"PropertyValueSpecification\",\"valueRequired\":true,\"valueName\":\"search_term_string\"}}],\"inLanguage\":\"sl-SI\"},{\"@type\":\"Organization\",\"@id\":\"https:\/\/distribucionarc.com\/de\/#organization\",\"name\":\"Distribuci\u00f3n ARC\",\"url\":\"https:\/\/distribucionarc.com\/de\/\",\"logo\":{\"@type\":\"ImageObject\",\"inLanguage\":\"sl-SI\",\"@id\":\"https:\/\/distribucionarc.com\/de\/#\/schema\/logo\/image\/\",\"url\":\"https:\/\/distribucionarc.com\/wp-content\/uploads\/2024\/10\/distribucion-ARC-COLOR-SIN-FONDO-e1732295305345.png\",\"contentUrl\":\"https:\/\/distribucionarc.com\/wp-content\/uploads\/2024\/10\/distribucion-ARC-COLOR-SIN-FONDO-e1732295305345.png\",\"width\":1164,\"height\":558,\"caption\":\"Distribuci\u00f3n ARC\"},\"image\":{\"@id\":\"https:\/\/distribucionarc.com\/de\/#\/schema\/logo\/image\/\"},\"description\":\"Empresa especializada en la fabricaci\u00f3n y distribuci\u00f3n de maquinaria industrial para los sectores alimentario y farmac\u00e9utico. Nos especializamos en: M\u00e1quinas de cortar carne Fabricaci\u00f3n de comprimidos Sistemas de transporte industrial L\u00edneas de embotellado Dosificadores Y mucho m\u00e1s... Ofrecemos soluciones innovadoras y personalizadas para optimizar los procesos productivos de tu empresa.\",\"email\":\"Admistracion@distribucionarc.com\",\"telephone\":\"+34 643496664\",\"legalName\":\"ARC TECH SOLUTIONS\",\"foundingDate\":\"2024-04-09\",\"vatID\":\"B55480172\",\"numberOfEmployees\":{\"@type\":\"QuantitativeValue\",\"minValue\":\"1\",\"maxValue\":\"10\"}}]}<\/script>\n<!-- \/ Yoast SEO Premium plugin. -->","yoast_head_json":{"title":"indukcijsko lepilo za alu folijo - distribucija ARC","robots":{"index":"index","follow":"follow","max-snippet":"max-snippet:-1","max-image-preview":"max-image-preview:large","max-video-preview":"max-video-preview:-1"},"canonical":"https:\/\/distribucionarc.com\/sl\/izdelek\/indukcijsko-lepilo-za-aluminijasto-folijo\/","og_locale":"sl_SI","og_type":"article","og_title":"selladora induccion para foil de aluminio","og_url":"https:\/\/distribucionarc.com\/sl\/izdelek\/indukcijsko-lepilo-za-aluminijasto-folijo\/","og_site_name":"distribuci\u00f3n ARC","article_modified_time":"2023-03-30T15:26:19+00:00","og_image":[{"width":640,"height":640,"url":"https:\/\/distribucionarc.com\/wp-content\/uploads\/2022\/10\/selladora-induccion-para-foil-de-aluminio.jpg","type":"image\/jpeg"}],"twitter_card":"summary_large_image","twitter_misc":{"Est. reading time":"2 minuti"},"schema":{"@context":"https:\/\/schema.org","@graph":[{"@type":"WebPage","@id":"https:\/\/distribucionarc.com\/lt\/producto\/selladora-induccion-para-foil-de-aluminio\/","url":"https:\/\/distribucionarc.com\/lt\/producto\/selladora-induccion-para-foil-de-aluminio\/","name":"indukcijsko lepilo za alu folijo - distribucija ARC","isPartOf":{"@id":"https:\/\/distribucionarc.com\/de\/#website"},"primaryImageOfPage":{"@id":"https:\/\/distribucionarc.com\/lt\/producto\/selladora-induccion-para-foil-de-aluminio\/#primaryimage"},"image":{"@id":"https:\/\/distribucionarc.com\/lt\/producto\/selladora-induccion-para-foil-de-aluminio\/#primaryimage"},"thumbnailUrl":"https:\/\/distribucionarc.com\/wp-content\/uploads\/2022\/10\/selladora-induccion-para-foil-de-aluminio.jpg","datePublished":"2022-10-23T21:25:08+00:00","dateModified":"2023-03-30T15:26:19+00:00","breadcrumb":{"@id":"https:\/\/distribucionarc.com\/lt\/producto\/selladora-induccion-para-foil-de-aluminio\/#breadcrumb"},"inLanguage":"sl-SI","potentialAction":[{"@type":"ReadAction","target":["https:\/\/distribucionarc.com\/lt\/producto\/selladora-induccion-para-foil-de-aluminio\/"]}]},{"@type":"ImageObject","inLanguage":"sl-SI","@id":"https:\/\/distribucionarc.com\/lt\/producto\/selladora-induccion-para-foil-de-aluminio\/#primaryimage","url":"https:\/\/distribucionarc.com\/wp-content\/uploads\/2022\/10\/selladora-induccion-para-foil-de-aluminio.jpg","contentUrl":"https:\/\/distribucionarc.com\/wp-content\/uploads\/2022\/10\/selladora-induccion-para-foil-de-aluminio.jpg","width":640,"height":640},{"@type":"BreadcrumbList","@id":"https:\/\/distribucionarc.com\/lt\/producto\/selladora-induccion-para-foil-de-aluminio\/#breadcrumb","itemListElement":[{"@type":"ListItem","position":1,"name":"Portada","item":"https:\/\/distribucionarc.com\/pl\/"},{"@type":"ListItem","position":2,"name":"Produkty","item":"https:\/\/distribucionarc.com\/pl\/shop\/"},{"@type":"ListItem","position":3,"name":"selladora induccion para foil de aluminio"}]},{"@type":"WebSite","@id":"https:\/\/distribucionarc.com\/de\/#website","url":"https:\/\/distribucionarc.com\/de\/","name":"ARC porazdelitev","description":"Podjetje je specializirano za proizvodnjo in distribucijo industrijskih strojev, strojev za zapiranje plo\u010devink, strojev za izdelavo tablet, strojev za rezanje mesa...","publisher":{"@id":"https:\/\/distribucionarc.com\/de\/#organization"},"potentialAction":[{"@type":"SearchAction","target":{"@type":"EntryPoint","urlTemplate":"https:\/\/distribucionarc.com\/de\/?s={search_term_string}"},"query-input":{"@type":"PropertyValueSpecification","valueRequired":true,"valueName":"search_term_string"}}],"inLanguage":"sl-SI"},{"@type":"Organization","@id":"https:\/\/distribucionarc.com\/de\/#organization","name":"Distribucija ARC","url":"https:\/\/distribucionarc.com\/de\/","logo":{"@type":"ImageObject","inLanguage":"sl-SI","@id":"https:\/\/distribucionarc.com\/de\/#\/schema\/logo\/image\/","url":"https:\/\/distribucionarc.com\/wp-content\/uploads\/2024\/10\/distribucion-ARC-COLOR-SIN-FONDO-e1732295305345.png","contentUrl":"https:\/\/distribucionarc.com\/wp-content\/uploads\/2024\/10\/distribucion-ARC-COLOR-SIN-FONDO-e1732295305345.png","width":1164,"height":558,"caption":"Distribuci\u00f3n ARC"},"image":{"@id":"https:\/\/distribucionarc.com\/de\/#\/schema\/logo\/image\/"},"description":"Podjetje, specializirano za proizvodnjo in distribucijo industrijskih strojev za \u017eivilski in farmacevtski sektor. Specializirani smo za: Stroji za rezanje mesa Proizvodnja tablet Industrijski transportni sistemi Stekleni\u010darske linije Dozirni stroji In \u0161e veliko ve\u010d... Ponujamo inovativne in prilagojene re\u0161itve za optimizacijo proizvodnih procesov va\u0161ega podjetja.","email":"Admistracion@distribucionarc.com","telephone":"+34 643496664","legalName":"ARC TECH SOLUTIONS","foundingDate":"2024-04-09","vatID":"B55480172","numberOfEmployees":{"@type":"QuantitativeValue","minValue":"1","maxValue":"10"}}]}},"_links":{"self":[{"href":"https:\/\/distribucionarc.com\/sl\/wp-json\/wp\/v2\/product\/4877","targetHints":{"allow":["GET"]}}],"collection":[{"href":"https:\/\/distribucionarc.com\/sl\/wp-json\/wp\/v2\/product"}],"about":[{"href":"https:\/\/distribucionarc.com\/sl\/wp-json\/wp\/v2\/types\/product"}],"replies":[{"embeddable":true,"href":"https:\/\/distribucionarc.com\/sl\/wp-json\/wp\/v2\/comments?post=4877"}],"version-history":[{"count":0,"href":"https:\/\/distribucionarc.com\/sl\/wp-json\/wp\/v2\/product\/4877\/revisions"}],"wp:featuredmedia":[{"embeddable":true,"href":"https:\/\/distribucionarc.com\/sl\/wp-json\/wp\/v2\/media\/4885"}],"wp:attachment":[{"href":"https:\/\/distribucionarc.com\/sl\/wp-json\/wp\/v2\/media?parent=4877"}],"wp:term":[{"taxonomy":"product_brand","embeddable":true,"href":"https:\/\/distribucionarc.com\/sl\/wp-json\/wp\/v2\/product_brand?post=4877"},{"taxonomy":"product_cat","embeddable":true,"href":"https:\/\/distribucionarc.com\/sl\/wp-json\/wp\/v2\/product_cat?post=4877"},{"taxonomy":"product_tag","embeddable":true,"href":"https:\/\/distribucionarc.com\/sl\/wp-json\/wp\/v2\/product_tag?post=4877"}],"curies":[{"name":"delovni list","href":"https:\/\/api.w.org\/{rel}","templated":true}]}}