{"id":5172,"date":"2023-01-08T01:19:24","date_gmt":"2023-01-08T01:19:24","guid":{"rendered":"https:\/\/distribucionarc.com\/?post_type=product&#038;p=5172"},"modified":"2024-10-05T03:32:05","modified_gmt":"2024-10-05T03:32:05","slug":"stroj-za-rezovanje-mesa-na-trakove-profesionalni-in-industrijski","status":"publish","type":"product","link":"https:\/\/distribucionarc.com\/sl\/producto\/maquina-cortadora-de-carne-en-tiras-profesional-e-industrial\/","title":{"rendered":"Profesionalni in industrijski stroj za rezanje mesa na trakove."},"content":{"rendered":"\t\t<div data-elementor-type=\"product-post\" data-elementor-id=\"5172\" class=\"elementor elementor-5172\" data-elementor-post-type=\"product\">\n\t\t\t\t\t\t<section class=\"wd-negative-gap elementor-section elementor-top-section elementor-element elementor-element-251468bd elementor-section-boxed elementor-section-height-default elementor-section-height-default wpr-particle-no wpr-jarallax-no wpr-parallax-no wpr-sticky-section-no\" data-id=\"251468bd\" data-element_type=\"section\" data-e-type=\"section\">\n\t\t\t\t\t\t<div class=\"elementor-container elementor-column-gap-default\">\n\t\t\t\t\t<div class=\"elementor-column elementor-col-100 elementor-top-column elementor-element elementor-element-1d4f12bf\" data-id=\"1d4f12bf\" data-element_type=\"column\" data-e-type=\"column\">\n\t\t\t<div class=\"elementor-widget-wrap elementor-element-populated\">\n\t\t\t\t\t\t<div class=\"elementor-element elementor-element-19e7bb68 color-scheme-inherit text-left elementor-widget elementor-widget-text-editor\" data-id=\"19e7bb68\" data-element_type=\"widget\" data-e-type=\"widget\" data-widget_type=\"text-editor.default\">\n\t\t\t\t\t\t\t\t\t<h2>La <strong>m\u00e1quina cortadora de carne en tiras<\/strong> para uso <strong>profesional<\/strong> e <strong>industrial<\/strong><\/h2>\r\ncuenta con una serie de caracter\u00edsticas t\u00e9cnicas que la hacen \u00fanica en su clase. Algunas de estas caracter\u00edsticas incluyen:\r\n<ul>\r\n \t<li>Voltaje: 220V\/110V<\/li>\r\n \t<li>Potencia: 2200W<\/li>\r\n \t<li>Motor: ABB<\/li>\r\n \t<li>Refrigeraci\u00f3n del motor para uso prolongado de trabajo.<\/li>\r\n \t<li>Tama\u00f1o de corte: 2,5 MM\/3,5 MM\/5MM\/7MM\/10MM\/15MM\/20MM<\/li>\r\n \t<li>Cuchillas: M390<\/li>\r\n \t<li>Tama\u00f1o de la m\u00e1quina: 580x580x900MM<\/li>\r\n \t<li>Peso de la maquina: 115KG<\/li>\r\n \t<li>Material: Acero Inoxidable 304<\/li>\r\n<\/ul>\r\n<div style=\"width: 360px;\" class=\"wp-video\"><video class=\"wp-video-shortcode\" id=\"video-5172-1\" width=\"360\" height=\"490\" preload=\"metadata\" controls=\"controls\"><source type=\"video\/mp4\" src=\"https:\/\/distribucionarc.com\/wp-content\/uploads\/2023\/01\/vide-Maquina-cortadora-de-carne-en-tiras-industrial.mp4?_=1\" \/><a href=\"https:\/\/distribucionarc.com\/wp-content\/uploads\/2023\/01\/vide-Maquina-cortadora-de-carne-en-tiras-industrial.mp4\">https:\/\/distribucionarc.com\/wp-content\/uploads\/2023\/01\/vide-Maquina-cortadora-de-carne-en-tiras-industrial.mp4<\/a><\/video><\/div>\r\n\r\nUna de las cosas que m\u00e1s destaca de la <strong>m\u00e1quina cortadora de tiras de carne<\/strong>\u00a0es su versatilidad. Con una amplia gama de tama\u00f1os de corte disponibles, puedes cortar la carne y las verduras en tiras y dados de diferentes tama\u00f1os seg\u00fan tus preferencias y necesidades. Adem\u00e1s, la m\u00e1quina cuenta con una potencia de 2200W y refrigeraci\u00f3n de motor, lo que la hace muy eficiente y capaz de procesar grandes cantidades de <strong>carne y verduras<\/strong> en un corto per\u00edodo de tiempo.\r\n\r\n<div style=\"width: 954px;\" class=\"wp-video\"><video class=\"wp-video-shortcode\" id=\"video-5172-2\" width=\"954\" height=\"540\" preload=\"metadata\" controls=\"controls\"><source type=\"video\/mp4\" src=\"https:\/\/distribucionarc.com\/wp-content\/uploads\/2023\/01\/vide-Maquina-cortadora-de-carne-en-tiras-profesional.mp4?_=2\" \/><a href=\"https:\/\/distribucionarc.com\/wp-content\/uploads\/2023\/01\/vide-Maquina-cortadora-de-carne-en-tiras-profesional.mp4\">https:\/\/distribucionarc.com\/wp-content\/uploads\/2023\/01\/vide-Maquina-cortadora-de-carne-en-tiras-profesional.mp4<\/a><\/video><\/div>\r\n\r\nOtra de las ventajas de la <strong>m\u00e1quina de cortar carne en tiras<\/strong> es su dise\u00f1o compacto y resistente. Con un tama\u00f1o de 580x580x900MM y un peso de 115KG, esta m\u00e1quina es f\u00e1cil de mover y almacenar en cualquier cocina industrial o restaurante, sin ocupar demasiado espacio. Adem\u00e1s, su dise\u00f1o resistente y duradero garantiza que la m\u00e1quina pueda soportar el uso diario y siga funcionando correctamente durante a\u00f1os.\r\n\r\nEn resumen, la <strong>m\u00e1quina para cortar carne en tiras<\/strong> es una herramienta profesional e industrial de alta calidad que te permite cortar la carne y las verduras en tiras y dados con precisi\u00f3n y rapidez. Con una capacidad de producci\u00f3n de hasta 400 kg por hora, una amplia gama de tama\u00f1os de corte disponibles y un dise\u00f1o compacto y resistente, esta m\u00e1quina es ideal para cocinas industriales y restaurantes que necesitan procesar grandes cantidades de carne de manera r\u00e1pida y eficiente.\r\n\r\n&nbsp;\t\t\t\t\t\t\t\t<\/div>\n\t\t\t\t\t<\/div>\n\t\t<\/div>\n\t\t\t\t\t<\/div>\n\t\t<\/section>\n\t\t\t\t<section class=\"elementor-section elementor-top-section elementor-element elementor-element-7a8ddec elementor-section-content-middle elementor-reverse-tablet elementor-section-boxed elementor-section-height-default elementor-section-height-default wpr-particle-no wpr-jarallax-no wpr-parallax-no wpr-sticky-section-no\" data-id=\"7a8ddec\" data-element_type=\"section\" data-e-type=\"section\">\n\t\t\t\t\t\t<div class=\"elementor-container elementor-column-gap-no\">\n\t\t\t\t\t<div class=\"elementor-column elementor-col-50 elementor-top-column elementor-element elementor-element-066e9d2\" data-id=\"066e9d2\" data-element_type=\"column\" data-e-type=\"column\">\n\t\t\t<div class=\"elementor-widget-wrap elementor-element-populated\">\n\t\t\t\t\t\t<div class=\"elementor-element elementor-element-998c73c elementor-widget elementor-widget-heading\" data-id=\"998c73c\" data-element_type=\"widget\" data-e-type=\"widget\" data-widget_type=\"heading.default\">\n\t\t\t\t\t<h3 class=\"elementor-heading-title elementor-size-default\">Solicita m\u00e1s informaci\u00f3n<\/h3>\t\t\t\t<\/div>\n\t\t\t\t<div class=\"elementor-element elementor-element-16e3811 color-scheme-inherit text-left elementor-widget elementor-widget-text-editor\" data-id=\"16e3811\" data-element_type=\"widget\" data-e-type=\"widget\" data-widget_type=\"text-editor.default\">\n\t\t\t\t\t\t\t\t\t<p>En\u00a0<b>distribuci\u00f3n ARC<\/b>\u00a0le asesoramos en la optimizaci\u00f3n de la fabrica o en la creaci\u00f3n de una nueva industria<\/p>\t\t\t\t\t\t\t\t<\/div>\n\t\t\t\t\t<\/div>\n\t\t<\/div>\n\t\t\t\t<div class=\"elementor-column elementor-col-50 elementor-top-column elementor-element elementor-element-40e5b19\" data-id=\"40e5b19\" data-element_type=\"column\" data-e-type=\"column\">\n\t\t\t<div class=\"elementor-widget-wrap elementor-element-populated\">\n\t\t\t\t\t\t<div class=\"elementor-element elementor-element-2fb4eef elementor-button-align-end elementor-mobile-button-align-center elementor-widget__width-initial elementor-widget elementor-widget-form\" data-id=\"2fb4eef\" data-element_type=\"widget\" data-e-type=\"widget\" data-settings=\"{&quot;step_next_label&quot;:&quot;Next&quot;,&quot;step_previous_label&quot;:&quot;Previous&quot;,&quot;button_width&quot;:&quot;100&quot;,&quot;step_type&quot;:&quot;number_text&quot;,&quot;step_icon_shape&quot;:&quot;circle&quot;}\" data-widget_type=\"form.default\">\n\t\t\t\t\t\t\t<form class=\"elementor-form\" method=\"post\" name=\"New Form\" aria-label=\"New Form\">\n\t\t\t<input type=\"hidden\" name=\"post_id\" value=\"5172\"\/>\n\t\t\t<input type=\"hidden\" name=\"form_id\" value=\"2fb4eef\"\/>\n\t\t\t<input type=\"hidden\" name=\"referer_title\" value=\"Cortadoras archivos - distribuci\u00f3n ARC\" \/>\n\n\t\t\t\n\t\t\t<div class=\"elementor-form-fields-wrapper elementor-labels-\">\n\t\t\t\t\t\t\t\t<div class=\"elementor-field-type-text elementor-field-group elementor-column elementor-field-group-name elementor-col-50 elementor-field-required\">\n\t\t\t\t\t\t\t\t\t\t\t\t<label for=\"form-field-name\" class=\"elementor-field-label elementor-screen-only\">\n\t\t\t\t\t\t\t\tNombre\t\t\t\t\t\t\t<\/label>\n\t\t\t\t\t\t\t\t\t\t\t\t\t\t<input size=\"1\" type=\"text\" name=\"form_fields[name]\" id=\"form-field-name\" class=\"elementor-field elementor-size-sm  elementor-field-textual\" placeholder=\"Nombre\" required=\"required\">\n\t\t\t\t\t\t\t\t\t\t\t<\/div>\n\t\t\t\t\t\t\t\t<div class=\"elementor-field-type-email elementor-field-group elementor-column elementor-field-group-email elementor-col-50 elementor-field-required\">\n\t\t\t\t\t\t\t\t\t\t\t\t<label for=\"form-field-email\" class=\"elementor-field-label elementor-screen-only\">\n\t\t\t\t\t\t\t\tEmail\t\t\t\t\t\t\t<\/label>\n\t\t\t\t\t\t\t\t\t\t\t\t\t\t<input size=\"1\" type=\"email\" name=\"form_fields[email]\" id=\"form-field-email\" class=\"elementor-field elementor-size-sm  elementor-field-textual\" placeholder=\"Email\" required=\"required\">\n\t\t\t\t\t\t\t\t\t\t\t<\/div>\n\t\t\t\t\t\t\t\t<div class=\"elementor-field-type-text elementor-field-group elementor-column elementor-field-group-b26ecb6 elementor-col-50 elementor-field-required\">\n\t\t\t\t\t\t\t\t\t\t\t\t<label for=\"form-field-b26ecb6\" class=\"elementor-field-label elementor-screen-only\">\n\t\t\t\t\t\t\t\tTelefono\t\t\t\t\t\t\t<\/label>\n\t\t\t\t\t\t\t\t\t\t\t\t\t\t<input size=\"1\" type=\"text\" name=\"form_fields[b26ecb6]\" id=\"form-field-b26ecb6\" class=\"elementor-field elementor-size-sm  elementor-field-textual\" placeholder=\"Telefono\" required=\"required\">\n\t\t\t\t\t\t\t\t\t\t\t<\/div>\n\t\t\t\t\t\t\t\t<div class=\"elementor-field-type-text elementor-field-group elementor-column elementor-field-group-894019a elementor-col-50 elementor-field-required\">\n\t\t\t\t\t\t\t\t\t\t\t\t<label for=\"form-field-894019a\" class=\"elementor-field-label elementor-screen-only\">\n\t\t\t\t\t\t\t\tEmpresa\t\t\t\t\t\t\t<\/label>\n\t\t\t\t\t\t\t\t\t\t\t\t\t\t<input size=\"1\" type=\"text\" name=\"form_fields[894019a]\" id=\"form-field-894019a\" class=\"elementor-field elementor-size-sm  elementor-field-textual\" placeholder=\"Empresa\" required=\"required\">\n\t\t\t\t\t\t\t\t\t\t\t<\/div>\n\t\t\t\t\t\t\t\t<div class=\"elementor-field-type-textarea elementor-field-group elementor-column elementor-field-group-message elementor-col-100 elementor-field-required\">\n\t\t\t\t\t\t\t\t\t\t\t\t<label for=\"form-field-message\" class=\"elementor-field-label elementor-screen-only\">\n\t\t\t\t\t\t\t\tMensage\t\t\t\t\t\t\t<\/label>\n\t\t\t\t\t\t<textarea class=\"elementor-field-textual elementor-field  elementor-size-sm\" name=\"form_fields[message]\" id=\"form-field-message\" rows=\"4\" placeholder=\"Mensage\" required=\"required\"><\/textarea>\t\t\t\t<\/div>\n\t\t\t\t\t\t\t\t<div class=\"elementor-field-group elementor-column elementor-field-type-submit elementor-col-100 e-form__buttons\">\n\t\t\t\t\t<button class=\"elementor-button elementor-size-sm\" type=\"submit\">\n\t\t\t\t\t\t<span class=\"elementor-button-content-wrapper\">\n\t\t\t\t\t\t\t\t\t\t\t\t\t\t\t\t\t\t\t\t\t\t<span class=\"elementor-button-text\">Enviar mensaje<\/span>\n\t\t\t\t\t\t\t\t\t\t\t\t\t<\/span>\n\t\t\t\t\t<\/button>\n\t\t\t\t<\/div>\n\t\t\t<\/div>\n\t\t<\/form>\n\t\t\t\t\t\t<\/div>\n\t\t\t\t\t<\/div>\n\t\t<\/div>\n\t\t\t\t\t<\/div>\n\t\t<\/section>\n\t\t\t\t<\/div>\n\t\t","protected":false},"excerpt":{"rendered":"<p>The <strong>stroj za rezanje mesa<\/strong> ARC je visokokakovostno profesionalno in industrijsko orodje, ki vam omogo\u010da rezanje <strong>meso na trakove in kocke<\/strong> natan\u010dno in hitro. S proizvodno zmogljivostjo do 400 kg na uro je ta stroj idealen za industrijske kuhinje in restavracije, ki morajo hitro in u\u010dinkovito predelati velike koli\u010dine mesa. Poleg tega <strong>Idealen je tudi za rezanje zelenjave.<\/strong> druga \u017eivila pa na trakove in kocke z enako natan\u010dnostjo in hitrostjo.<\/p>\n<p>Imamo \u0161iroko paleto <a href=\"https:\/\/distribucionarc.com\/sl\/stroj-za-rezanje-mesa-kosti-zrezki-trakovi-in-kocke\/\">stroji za rezanje mesa kliknite tukaj<\/a> Za ogled na\u0161ega kataloga strojev za tovarne ali re\u0161itev proizvodnih linij nas kontaktirajte.<\/p>\n<p>Z 2 letno garancijo<\/p>","protected":false},"featured_media":5177,"comment_status":"open","ping_status":"closed","template":"","meta":{"wds_primary_product_brand":0,"wds_primary_product_cat":0},"product_brand":[],"product_cat":[115,116,119],"product_tag":[],"class_list":{"0":"post-5172","1":"product","2":"type-product","3":"status-publish","4":"has-post-thumbnail","6":"product_cat-cortadoras","7":"product_cat-coartadoras-de-carne","8":"product_cat-tiras","9":"product_shipping_class-express","11":"first","12":"instock","13":"taxable","14":"shipping-taxable","15":"purchasable","16":"product-type-simple"},"yoast_head":"<!-- This site is optimized with the Yoast SEO Premium plugin v24.9 (Yoast SEO v26.1) - https:\/\/yoast.com\/wordpress\/plugins\/seo\/ -->\n<title>Maquina cortadora de carne en tiras, profesional e industrial. - distribuci\u00f3n ARC<\/title>\n<meta name=\"robots\" content=\"index, follow, max-snippet:-1, max-image-preview:large, max-video-preview:-1\" \/>\n<link rel=\"canonical\" href=\"https:\/\/www.distribucionarc.com\/it\/producto\/maquina-cortadora-de-carne-en-tiras-profesional-e-industrial\/\" \/>\n<meta property=\"og:locale\" content=\"sl_SI\" \/>\n<meta property=\"og:type\" content=\"article\" \/>\n<meta property=\"og:title\" content=\"Maquina cortadora de carne en tiras, profesional e industrial.\" \/>\n<meta property=\"og:description\" content=\"La m\u00e1quina cortadora de carne en tiras ARC es una herramienta profesional e industrial de alta calidad que te permite cortar la carne en tiras y dados con precisi\u00f3n y rapidez. Con una capacidad de producci\u00f3n de hasta 400 kg por hora, esta m\u00e1quina es ideal para cocinas industriales y restaurantes que necesitan procesar grandes cantidades de carne de manera r\u00e1pida y eficiente. Adem\u00e1s, tambi\u00e9n es ideal para cortar verduras y otros alimentos en tiras y dados con la misma precisi\u00f3n y rapidez.  Disponemos de una amplia gama de maquinas cortadoras de carne click aqu\u00ed para ver nuestro catalogo de maquinas para fabricas o soluciones de l\u00edneas de producci\u00f3n contacte con nosotros.  Con garant\u00eda de 2 a\u00f1os\" \/>\n<meta property=\"og:url\" content=\"https:\/\/www.distribucionarc.com\/it\/producto\/maquina-cortadora-de-carne-en-tiras-profesional-e-industrial\/\" \/>\n<meta property=\"og:site_name\" content=\"distribuci\u00f3n ARC\" \/>\n<meta property=\"article:modified_time\" content=\"2024-10-05T03:32:05+00:00\" \/>\n<meta property=\"og:image\" content=\"https:\/\/www.distribucionarc.com\/wp-content\/uploads\/2023\/01\/Maquina-cortadora-de-carne-en-tiras-industrial.jpeg\" \/>\n\t<meta property=\"og:image:width\" content=\"480\" \/>\n\t<meta property=\"og:image:height\" content=\"469\" \/>\n\t<meta property=\"og:image:type\" content=\"image\/jpeg\" \/>\n<meta name=\"twitter:card\" content=\"summary_large_image\" \/>\n<meta name=\"twitter:label1\" content=\"Est. reading time\" \/>\n\t<meta name=\"twitter:data1\" content=\"2 minuti\" \/>\n<script type=\"application\/ld+json\" class=\"yoast-schema-graph\">{\"@context\":\"https:\/\/schema.org\",\"@graph\":[{\"@type\":\"WebPage\",\"@id\":\"https:\/\/www.distribucionarc.com\/it\/producto\/maquina-cortadora-de-carne-en-tiras-profesional-e-industrial\/\",\"url\":\"https:\/\/www.distribucionarc.com\/it\/producto\/maquina-cortadora-de-carne-en-tiras-profesional-e-industrial\/\",\"name\":\"Maquina cortadora de carne en tiras, profesional e industrial. - distribuci\u00f3n ARC\",\"isPartOf\":{\"@id\":\"https:\/\/distribucionarc.com\/de\/#website\"},\"primaryImageOfPage\":{\"@id\":\"https:\/\/www.distribucionarc.com\/it\/producto\/maquina-cortadora-de-carne-en-tiras-profesional-e-industrial\/#primaryimage\"},\"image\":{\"@id\":\"https:\/\/www.distribucionarc.com\/it\/producto\/maquina-cortadora-de-carne-en-tiras-profesional-e-industrial\/#primaryimage\"},\"thumbnailUrl\":\"https:\/\/distribucionarc.com\/wp-content\/uploads\/2023\/01\/Maquina-cortadora-de-carne-en-tiras-industrial.jpeg\",\"datePublished\":\"2023-01-08T01:19:24+00:00\",\"dateModified\":\"2024-10-05T03:32:05+00:00\",\"breadcrumb\":{\"@id\":\"https:\/\/www.distribucionarc.com\/it\/producto\/maquina-cortadora-de-carne-en-tiras-profesional-e-industrial\/#breadcrumb\"},\"inLanguage\":\"sl-SI\",\"potentialAction\":[{\"@type\":\"ReadAction\",\"target\":[\"https:\/\/www.distribucionarc.com\/it\/producto\/maquina-cortadora-de-carne-en-tiras-profesional-e-industrial\/\"]}]},{\"@type\":\"ImageObject\",\"inLanguage\":\"sl-SI\",\"@id\":\"https:\/\/www.distribucionarc.com\/it\/producto\/maquina-cortadora-de-carne-en-tiras-profesional-e-industrial\/#primaryimage\",\"url\":\"https:\/\/distribucionarc.com\/wp-content\/uploads\/2023\/01\/Maquina-cortadora-de-carne-en-tiras-industrial.jpeg\",\"contentUrl\":\"https:\/\/distribucionarc.com\/wp-content\/uploads\/2023\/01\/Maquina-cortadora-de-carne-en-tiras-industrial.jpeg\",\"width\":480,\"height\":469,\"caption\":\"maquina cortadora de carne en tiras y dados\"},{\"@type\":\"BreadcrumbList\",\"@id\":\"https:\/\/www.distribucionarc.com\/it\/producto\/maquina-cortadora-de-carne-en-tiras-profesional-e-industrial\/#breadcrumb\",\"itemListElement\":[{\"@type\":\"ListItem\",\"position\":1,\"name\":\"Portada\",\"item\":\"https:\/\/distribucionarc.com\/pl\/\"},{\"@type\":\"ListItem\",\"position\":2,\"name\":\"Produkty\",\"item\":\"https:\/\/distribucionarc.com\/pl\/shop\/\"},{\"@type\":\"ListItem\",\"position\":3,\"name\":\"Maquina cortadora de carne en tiras, profesional e industrial.\"}]},{\"@type\":\"WebSite\",\"@id\":\"https:\/\/distribucionarc.com\/de\/#website\",\"url\":\"https:\/\/distribucionarc.com\/de\/\",\"name\":\"distribuci\u00f3n ARC\",\"description\":\"Empresa especializada en la fabricaci\u00f3n y distribuci\u00f3n de maquinaria industrial, selladoras de latas, Maquinas de hacer pastillas, Maquinas de cortar carne...\",\"publisher\":{\"@id\":\"https:\/\/distribucionarc.com\/de\/#organization\"},\"potentialAction\":[{\"@type\":\"SearchAction\",\"target\":{\"@type\":\"EntryPoint\",\"urlTemplate\":\"https:\/\/distribucionarc.com\/de\/?s={search_term_string}\"},\"query-input\":{\"@type\":\"PropertyValueSpecification\",\"valueRequired\":true,\"valueName\":\"search_term_string\"}}],\"inLanguage\":\"sl-SI\"},{\"@type\":\"Organization\",\"@id\":\"https:\/\/distribucionarc.com\/de\/#organization\",\"name\":\"Distribuci\u00f3n ARC\",\"url\":\"https:\/\/distribucionarc.com\/de\/\",\"logo\":{\"@type\":\"ImageObject\",\"inLanguage\":\"sl-SI\",\"@id\":\"https:\/\/distribucionarc.com\/de\/#\/schema\/logo\/image\/\",\"url\":\"https:\/\/distribucionarc.com\/wp-content\/uploads\/2024\/10\/distribucion-ARC-COLOR-SIN-FONDO-e1732295305345.png\",\"contentUrl\":\"https:\/\/distribucionarc.com\/wp-content\/uploads\/2024\/10\/distribucion-ARC-COLOR-SIN-FONDO-e1732295305345.png\",\"width\":1164,\"height\":558,\"caption\":\"Distribuci\u00f3n ARC\"},\"image\":{\"@id\":\"https:\/\/distribucionarc.com\/de\/#\/schema\/logo\/image\/\"},\"description\":\"Empresa especializada en la fabricaci\u00f3n y distribuci\u00f3n de maquinaria industrial para los sectores alimentario y farmac\u00e9utico. Nos especializamos en: M\u00e1quinas de cortar carne Fabricaci\u00f3n de comprimidos Sistemas de transporte industrial L\u00edneas de embotellado Dosificadores Y mucho m\u00e1s... Ofrecemos soluciones innovadoras y personalizadas para optimizar los procesos productivos de tu empresa.\",\"email\":\"Admistracion@distribucionarc.com\",\"telephone\":\"+34 643496664\",\"legalName\":\"ARC TECH SOLUTIONS\",\"foundingDate\":\"2024-04-09\",\"vatID\":\"B55480172\",\"numberOfEmployees\":{\"@type\":\"QuantitativeValue\",\"minValue\":\"1\",\"maxValue\":\"10\"}}]}<\/script>\n<!-- \/ Yoast SEO Premium plugin. -->","yoast_head_json":{"title":"Profesionalni in industrijski stroj za rezanje mesa. - ARC distribucija","robots":{"index":"index","follow":"follow","max-snippet":"max-snippet:-1","max-image-preview":"max-image-preview:large","max-video-preview":"max-video-preview:-1"},"canonical":"https:\/\/www.distribucionarc.com\/it\/producto\/maquina-cortadora-de-carne-en-tiras-profesional-e-industrial\/","og_locale":"sl_SI","og_type":"article","og_title":"Maquina cortadora de carne en tiras, profesional e industrial.","og_description":"La m\u00e1quina cortadora de carne en tiras ARC es una herramienta profesional e industrial de alta calidad que te permite cortar la carne en tiras y dados con precisi\u00f3n y rapidez. Con una capacidad de producci\u00f3n de hasta 400 kg por hora, esta m\u00e1quina es ideal para cocinas industriales y restaurantes que necesitan procesar grandes cantidades de carne de manera r\u00e1pida y eficiente. Adem\u00e1s, tambi\u00e9n es ideal para cortar verduras y otros alimentos en tiras y dados con la misma precisi\u00f3n y rapidez.  Disponemos de una amplia gama de maquinas cortadoras de carne click aqu\u00ed para ver nuestro catalogo de maquinas para fabricas o soluciones de l\u00edneas de producci\u00f3n contacte con nosotros.  Con garant\u00eda de 2 a\u00f1os","og_url":"https:\/\/www.distribucionarc.com\/it\/producto\/maquina-cortadora-de-carne-en-tiras-profesional-e-industrial\/","og_site_name":"distribuci\u00f3n ARC","article_modified_time":"2024-10-05T03:32:05+00:00","og_image":[{"width":480,"height":469,"url":"https:\/\/www.distribucionarc.com\/wp-content\/uploads\/2023\/01\/Maquina-cortadora-de-carne-en-tiras-industrial.jpeg","type":"image\/jpeg"}],"twitter_card":"summary_large_image","twitter_misc":{"Est. reading time":"2 minuti"},"schema":{"@context":"https:\/\/schema.org","@graph":[{"@type":"WebPage","@id":"https:\/\/www.distribucionarc.com\/it\/producto\/maquina-cortadora-de-carne-en-tiras-profesional-e-industrial\/","url":"https:\/\/www.distribucionarc.com\/it\/producto\/maquina-cortadora-de-carne-en-tiras-profesional-e-industrial\/","name":"Profesionalni in industrijski stroj za rezanje mesa. - ARC distribucija","isPartOf":{"@id":"https:\/\/distribucionarc.com\/de\/#website"},"primaryImageOfPage":{"@id":"https:\/\/www.distribucionarc.com\/it\/producto\/maquina-cortadora-de-carne-en-tiras-profesional-e-industrial\/#primaryimage"},"image":{"@id":"https:\/\/www.distribucionarc.com\/it\/producto\/maquina-cortadora-de-carne-en-tiras-profesional-e-industrial\/#primaryimage"},"thumbnailUrl":"https:\/\/distribucionarc.com\/wp-content\/uploads\/2023\/01\/Maquina-cortadora-de-carne-en-tiras-industrial.jpeg","datePublished":"2023-01-08T01:19:24+00:00","dateModified":"2024-10-05T03:32:05+00:00","breadcrumb":{"@id":"https:\/\/www.distribucionarc.com\/it\/producto\/maquina-cortadora-de-carne-en-tiras-profesional-e-industrial\/#breadcrumb"},"inLanguage":"sl-SI","potentialAction":[{"@type":"ReadAction","target":["https:\/\/www.distribucionarc.com\/it\/producto\/maquina-cortadora-de-carne-en-tiras-profesional-e-industrial\/"]}]},{"@type":"ImageObject","inLanguage":"sl-SI","@id":"https:\/\/www.distribucionarc.com\/it\/producto\/maquina-cortadora-de-carne-en-tiras-profesional-e-industrial\/#primaryimage","url":"https:\/\/distribucionarc.com\/wp-content\/uploads\/2023\/01\/Maquina-cortadora-de-carne-en-tiras-industrial.jpeg","contentUrl":"https:\/\/distribucionarc.com\/wp-content\/uploads\/2023\/01\/Maquina-cortadora-de-carne-en-tiras-industrial.jpeg","width":480,"height":469,"caption":"maquina cortadora de carne en tiras y dados"},{"@type":"BreadcrumbList","@id":"https:\/\/www.distribucionarc.com\/it\/producto\/maquina-cortadora-de-carne-en-tiras-profesional-e-industrial\/#breadcrumb","itemListElement":[{"@type":"ListItem","position":1,"name":"Portada","item":"https:\/\/distribucionarc.com\/pl\/"},{"@type":"ListItem","position":2,"name":"Produkty","item":"https:\/\/distribucionarc.com\/pl\/shop\/"},{"@type":"ListItem","position":3,"name":"Maquina cortadora de carne en tiras, profesional e industrial."}]},{"@type":"WebSite","@id":"https:\/\/distribucionarc.com\/de\/#website","url":"https:\/\/distribucionarc.com\/de\/","name":"ARC porazdelitev","description":"Podjetje je specializirano za proizvodnjo in distribucijo industrijskih strojev, strojev za zapiranje plo\u010devink, strojev za izdelavo tablet, strojev za rezanje mesa...","publisher":{"@id":"https:\/\/distribucionarc.com\/de\/#organization"},"potentialAction":[{"@type":"SearchAction","target":{"@type":"EntryPoint","urlTemplate":"https:\/\/distribucionarc.com\/de\/?s={search_term_string}"},"query-input":{"@type":"PropertyValueSpecification","valueRequired":true,"valueName":"search_term_string"}}],"inLanguage":"sl-SI"},{"@type":"Organization","@id":"https:\/\/distribucionarc.com\/de\/#organization","name":"Distribucija ARC","url":"https:\/\/distribucionarc.com\/de\/","logo":{"@type":"ImageObject","inLanguage":"sl-SI","@id":"https:\/\/distribucionarc.com\/de\/#\/schema\/logo\/image\/","url":"https:\/\/distribucionarc.com\/wp-content\/uploads\/2024\/10\/distribucion-ARC-COLOR-SIN-FONDO-e1732295305345.png","contentUrl":"https:\/\/distribucionarc.com\/wp-content\/uploads\/2024\/10\/distribucion-ARC-COLOR-SIN-FONDO-e1732295305345.png","width":1164,"height":558,"caption":"Distribuci\u00f3n ARC"},"image":{"@id":"https:\/\/distribucionarc.com\/de\/#\/schema\/logo\/image\/"},"description":"Podjetje, specializirano za proizvodnjo in distribucijo industrijskih strojev za \u017eivilski in farmacevtski sektor. Specializirani smo za: Stroji za rezanje mesa Proizvodnja tablet Industrijski transportni sistemi Stekleni\u010darske linije Dozirni stroji In \u0161e veliko ve\u010d... Ponujamo inovativne in prilagojene re\u0161itve za optimizacijo proizvodnih procesov va\u0161ega podjetja.","email":"Admistracion@distribucionarc.com","telephone":"+34 643496664","legalName":"ARC TECH SOLUTIONS","foundingDate":"2024-04-09","vatID":"B55480172","numberOfEmployees":{"@type":"QuantitativeValue","minValue":"1","maxValue":"10"}}]}},"_links":{"self":[{"href":"https:\/\/distribucionarc.com\/sl\/wp-json\/wp\/v2\/product\/5172","targetHints":{"allow":["GET"]}}],"collection":[{"href":"https:\/\/distribucionarc.com\/sl\/wp-json\/wp\/v2\/product"}],"about":[{"href":"https:\/\/distribucionarc.com\/sl\/wp-json\/wp\/v2\/types\/product"}],"replies":[{"embeddable":true,"href":"https:\/\/distribucionarc.com\/sl\/wp-json\/wp\/v2\/comments?post=5172"}],"version-history":[{"count":0,"href":"https:\/\/distribucionarc.com\/sl\/wp-json\/wp\/v2\/product\/5172\/revisions"}],"wp:featuredmedia":[{"embeddable":true,"href":"https:\/\/distribucionarc.com\/sl\/wp-json\/wp\/v2\/media\/5177"}],"wp:attachment":[{"href":"https:\/\/distribucionarc.com\/sl\/wp-json\/wp\/v2\/media?parent=5172"}],"wp:term":[{"taxonomy":"product_brand","embeddable":true,"href":"https:\/\/distribucionarc.com\/sl\/wp-json\/wp\/v2\/product_brand?post=5172"},{"taxonomy":"product_cat","embeddable":true,"href":"https:\/\/distribucionarc.com\/sl\/wp-json\/wp\/v2\/product_cat?post=5172"},{"taxonomy":"product_tag","embeddable":true,"href":"https:\/\/distribucionarc.com\/sl\/wp-json\/wp\/v2\/product_tag?post=5172"}],"curies":[{"name":"delovni list","href":"https:\/\/api.w.org\/{rel}","templated":true}]}}