{"id":5404,"date":"2023-03-31T15:50:20","date_gmt":"2023-03-31T15:50:20","guid":{"rendered":"https:\/\/distribucionarc.com\/?post_type=product&#038;p=5404"},"modified":"2023-03-31T15:59:39","modified_gmt":"2023-03-31T15:59:39","slug":"polavtomatski-stroj-za-zapiranje-stekel-in-plasticnih-steklenic","status":"publish","type":"product","link":"https:\/\/distribucionarc.com\/sl\/producto\/maquina-tapadora-de-botellas-de-plastico-y-cristal-semi-automatica\/","title":{"rendered":"Polavtomatski stroj za zapiranje plasti\u010dnih in steklenih steklenic"},"content":{"rendered":"<h3><b>Zna\u010dilnost stroja za zapiranje plasti\u010dnih in kovinskih pokrov\u010dkov<\/b><\/h3>\n<ol>\n<li><span style=\"font-weight: 400;\"> Stroj ima pozicionirno napravo, delovanje je standardizirano.<\/span><\/li>\n<li><span style=\"font-weight: 400;\"> Ponudba zapiranj je \u0161iroka, lahko se uporablja za razli\u010dne plasti\u010dne in kovinske okrogle navojne zama\u0161ke.<\/span><\/li>\n<li><span style=\"font-weight: 400;\"> Hitrost zapiranja je mogo\u010de prilagoditi.<\/span><\/li>\n<li><span style=\"font-weight: 400;\"> Znotraj obsega je mogo\u010de stroj nastaviti tako, da zapre ustrezni pokrov steklenice.<\/span><\/li>\n<\/ol>\n<table>\n<tbody>\n<tr>\n<td><span style=\"font-weight: 400;\">Model<\/span><\/td>\n<td><span style=\"font-weight: 400;\">ARDX-450<\/span><\/td>\n<\/tr>\n<tr>\n<td><span style=\"font-weight: 400;\">Napetost<\/span><\/td>\n<td><span style=\"font-weight: 400;\">220V\/50Hz 110V\/60Hz<\/span><\/td>\n<\/tr>\n<tr>\n<td><span style=\"font-weight: 400;\">Lahko<\/span><\/td>\n<td><span style=\"font-weight: 400;\">50 W<\/span><\/td>\n<\/tr>\n<tr>\n<td><span style=\"font-weight: 400;\">Pogon po vrsti<\/span><\/td>\n<td><span style=\"font-weight: 400;\">Elektri\u010dni<\/span><\/td>\n<\/tr>\n<tr>\n<td><span style=\"font-weight: 400;\">Razpolo\u017eljiv premer kapice<\/span><\/td>\n<td><span style=\"font-weight: 400;\">10-50 mm (dodatno do 100 mm)<\/span><\/td>\n<\/tr>\n<tr>\n<td><span style=\"font-weight: 400;\">Razpolo\u017eljiva vi\u0161ina steklenice (vklju\u010dno s pokrov\u010dkom)<\/span><\/td>\n<td><span style=\"font-weight: 400;\">100-220 mm<\/span><\/td>\n<\/tr>\n<tr>\n<td><span style=\"font-weight: 400;\">Proizvodna zmogljivost<\/span><\/td>\n<td><span style=\"font-weight: 400;\">20-40 krat\/min<\/span><\/td>\n<\/tr>\n<tr>\n<td><span style=\"font-weight: 400;\">Velikost paketa<\/span><\/td>\n<td><span style=\"font-weight: 400;\">52cm*30cm*53cm<\/span><\/td>\n<\/tr>\n<tr>\n<td><span style=\"font-weight: 400;\">Bruto te\u017ea<\/span><\/td>\n<td><span style=\"font-weight: 400;\">40 KGS<\/span><\/td>\n<\/tr>\n<\/tbody>\n<\/table>\n<p>&nbsp;<\/p>\n<div style=\"width: 640px;\" class=\"wp-video\"><video class=\"wp-video-shortcode\" id=\"video-5404-2\" width=\"640\" height=\"368\" preload=\"metadata\" controls=\"controls\"><source type=\"video\/mp4\" src=\"https:\/\/distribucionarc.com\/wp-content\/uploads\/2023\/03\/tapadora-de-botes-de-plastico-semiautomatica.mp4?_=2\" \/><a href=\"https:\/\/distribucionarc.com\/wp-content\/uploads\/2023\/03\/tapadora-de-botes-de-plastico-semiautomatica.mp4\">https:\/\/distribucionarc.com\/wp-content\/uploads\/2023\/03\/tapadora-de-botes-de-plastico-semiautomatica.mp4<\/a><\/video><\/div>","protected":false},"excerpt":{"rendered":"<p><span style=\"font-weight: 400;\">Polavtomatski stroj za zapiranje je u\u010dinkovita re\u0161itev za <\/span><b>zapiranje plasti\u010dnih steklenic<\/b><span style=\"font-weight: 400;\"> in od <\/span><b>steklo<\/b><span style=\"font-weight: 400;\"> na proizvodni liniji. Tovrstni stroji se obi\u010dajno uporabljajo v malih in srednje velikih podjetjih, ki zahtevajo stalno in nadzorovano proizvodnjo posod s pokrovom.<\/span><\/p>\n<p>&nbsp;<\/p>\n<p><span style=\"font-weight: 400;\">Ena od glavnih prednosti te vrste <\/span><b>stroj za zapiranje<\/b><span style=\"font-weight: 400;\"> je njegova vsestranskost, saj jo lahko prilagodimo razli\u010dnim velikostim in oblikam steklenic ter razli\u010dnim tipom zama\u0161kov. Poleg tega njegova kompaktna, uporabniku prijazna zasnova omogo\u010da hitro namestitev in zagon, s \u010dimer zmanj\u0161a \u010das izpada proizvodnje.<\/span><\/p>\n<div style=\"width: 444px;\" class=\"wp-video\"><video class=\"wp-video-shortcode\" id=\"video-5404-1\" width=\"444\" height=\"460\" preload=\"metadata\" controls=\"controls\"><source type=\"video\/mp4\" src=\"https:\/\/distribucionarc.com\/wp-content\/uploads\/2023\/03\/maquina-Tapadora-para-frascos-de-cristal.mp4?_=1\" \/><a href=\"https:\/\/distribucionarc.com\/wp-content\/uploads\/2023\/03\/maquina-Tapadora-para-frascos-de-cristal.mp4\">https:\/\/distribucionarc.com\/wp-content\/uploads\/2023\/03\/maquina-Tapadora-para-frascos-de-cristal.mp4<\/a><\/video><\/div>\n<p>&nbsp;<\/p>","protected":false},"featured_media":5407,"comment_status":"open","ping_status":"closed","template":"","meta":{"wds_primary_product_brand":0,"wds_primary_product_cat":0},"product_brand":[],"product_cat":[28],"product_tag":[],"class_list":{"0":"post-5404","1":"product","2":"type-product","3":"status-publish","4":"has-post-thumbnail","6":"product_cat-tapadoras","7":"product_shipping_class-express","9":"first","10":"instock","11":"taxable","12":"shipping-taxable","13":"purchasable","14":"product-type-simple"},"yoast_head":"<!-- This site is optimized with the Yoast SEO Premium plugin v24.9 (Yoast SEO v26.1) - https:\/\/yoast.com\/wordpress\/plugins\/seo\/ -->\n<title>Maquina tapadora de botellas de pl\u00e1stico y cristal semi autom\u00e1tica - distribuci\u00f3n ARC<\/title>\n<meta name=\"robots\" content=\"index, follow, max-snippet:-1, max-image-preview:large, max-video-preview:-1\" \/>\n<link rel=\"canonical\" href=\"https:\/\/distribucionarc.com\/sl\/izdelek\/polavtomatski-stroj-za-zapiranje-stekel-in-plasticnih-steklenic\/\" \/>\n<meta property=\"og:locale\" content=\"sl_SI\" \/>\n<meta property=\"og:type\" content=\"article\" \/>\n<meta property=\"og:title\" content=\"Maquina tapadora de botellas de pl\u00e1stico y cristal semi autom\u00e1tica\" \/>\n<meta property=\"og:description\" content=\"Una m\u00e1quina tapadora semi autom\u00e1tica es una soluci\u00f3n eficiente para el cierre de botellas de pl\u00e1stico y de cristal en una l\u00ednea de producci\u00f3n. Este tipo de m\u00e1quinas se utilizan com\u00fanmente en peque\u00f1as y medianas empresas que requieren una producci\u00f3n constante y controlada de envases con tapa.  &nbsp;  Una de las principales ventajas de este tipo de m\u00e1quina tapadora es su versatilidad, ya que se puede adaptar a diferentes tama\u00f1os y formas de botellas, as\u00ed como a diversos tipos de tapas. Adem\u00e1s, su dise\u00f1o compacto y f\u00e1cil de usar permite una r\u00e1pida instalaci\u00f3n y puesta en marcha, lo que reduce los tiempos de inactividad en la producci\u00f3n.    &nbsp;\" \/>\n<meta property=\"og:url\" content=\"https:\/\/distribucionarc.com\/sl\/izdelek\/polavtomatski-stroj-za-zapiranje-stekel-in-plasticnih-steklenic\/\" \/>\n<meta property=\"og:site_name\" content=\"distribuci\u00f3n ARC\" \/>\n<meta property=\"article:modified_time\" content=\"2023-03-31T15:59:39+00:00\" \/>\n<meta property=\"og:image\" content=\"https:\/\/distribucionarc.com\/wp-content\/uploads\/2023\/03\/tapadora-para-botes-de-cristal.jpg\" \/>\n\t<meta property=\"og:image:width\" content=\"960\" \/>\n\t<meta property=\"og:image:height\" content=\"770\" \/>\n\t<meta property=\"og:image:type\" content=\"image\/jpeg\" \/>\n<meta name=\"twitter:card\" content=\"summary_large_image\" \/>\n<meta name=\"twitter:label1\" content=\"Est. reading time\" \/>\n\t<meta name=\"twitter:data1\" content=\"1 minuta\" \/>\n<script type=\"application\/ld+json\" class=\"yoast-schema-graph\">{\"@context\":\"https:\/\/schema.org\",\"@graph\":[{\"@type\":\"WebPage\",\"@id\":\"https:\/\/distribucionarc.com\/sl\/producto\/maquina-tapadora-de-botellas-de-plastico-y-cristal-semi-automatica\/\",\"url\":\"https:\/\/distribucionarc.com\/sl\/producto\/maquina-tapadora-de-botellas-de-plastico-y-cristal-semi-automatica\/\",\"name\":\"Maquina tapadora de botellas de pl\u00e1stico y cristal semi autom\u00e1tica - distribuci\u00f3n ARC\",\"isPartOf\":{\"@id\":\"https:\/\/distribucionarc.com\/de\/#website\"},\"primaryImageOfPage\":{\"@id\":\"https:\/\/distribucionarc.com\/sl\/producto\/maquina-tapadora-de-botellas-de-plastico-y-cristal-semi-automatica\/#primaryimage\"},\"image\":{\"@id\":\"https:\/\/distribucionarc.com\/sl\/producto\/maquina-tapadora-de-botellas-de-plastico-y-cristal-semi-automatica\/#primaryimage\"},\"thumbnailUrl\":\"https:\/\/distribucionarc.com\/wp-content\/uploads\/2023\/03\/tapadora-para-botes-de-cristal.jpg\",\"datePublished\":\"2023-03-31T15:50:20+00:00\",\"dateModified\":\"2023-03-31T15:59:39+00:00\",\"breadcrumb\":{\"@id\":\"https:\/\/distribucionarc.com\/sl\/producto\/maquina-tapadora-de-botellas-de-plastico-y-cristal-semi-automatica\/#breadcrumb\"},\"inLanguage\":\"sl-SI\",\"potentialAction\":[{\"@type\":\"ReadAction\",\"target\":[\"https:\/\/distribucionarc.com\/sl\/producto\/maquina-tapadora-de-botellas-de-plastico-y-cristal-semi-automatica\/\"]}]},{\"@type\":\"ImageObject\",\"inLanguage\":\"sl-SI\",\"@id\":\"https:\/\/distribucionarc.com\/sl\/producto\/maquina-tapadora-de-botellas-de-plastico-y-cristal-semi-automatica\/#primaryimage\",\"url\":\"https:\/\/distribucionarc.com\/wp-content\/uploads\/2023\/03\/tapadora-para-botes-de-cristal.jpg\",\"contentUrl\":\"https:\/\/distribucionarc.com\/wp-content\/uploads\/2023\/03\/tapadora-para-botes-de-cristal.jpg\",\"width\":960,\"height\":770},{\"@type\":\"BreadcrumbList\",\"@id\":\"https:\/\/distribucionarc.com\/sl\/producto\/maquina-tapadora-de-botellas-de-plastico-y-cristal-semi-automatica\/#breadcrumb\",\"itemListElement\":[{\"@type\":\"ListItem\",\"position\":1,\"name\":\"Portada\",\"item\":\"https:\/\/distribucionarc.com\/pl\/\"},{\"@type\":\"ListItem\",\"position\":2,\"name\":\"Produkty\",\"item\":\"https:\/\/distribucionarc.com\/pl\/shop\/\"},{\"@type\":\"ListItem\",\"position\":3,\"name\":\"Maquina tapadora de botellas de pl\u00e1stico y cristal semi autom\u00e1tica\"}]},{\"@type\":\"WebSite\",\"@id\":\"https:\/\/distribucionarc.com\/de\/#website\",\"url\":\"https:\/\/distribucionarc.com\/de\/\",\"name\":\"distribuci\u00f3n ARC\",\"description\":\"Empresa especializada en la fabricaci\u00f3n y distribuci\u00f3n de maquinaria industrial, selladoras de latas, Maquinas de hacer pastillas, Maquinas de cortar carne...\",\"publisher\":{\"@id\":\"https:\/\/distribucionarc.com\/de\/#organization\"},\"potentialAction\":[{\"@type\":\"SearchAction\",\"target\":{\"@type\":\"EntryPoint\",\"urlTemplate\":\"https:\/\/distribucionarc.com\/de\/?s={search_term_string}\"},\"query-input\":{\"@type\":\"PropertyValueSpecification\",\"valueRequired\":true,\"valueName\":\"search_term_string\"}}],\"inLanguage\":\"sl-SI\"},{\"@type\":\"Organization\",\"@id\":\"https:\/\/distribucionarc.com\/de\/#organization\",\"name\":\"Distribuci\u00f3n ARC\",\"url\":\"https:\/\/distribucionarc.com\/de\/\",\"logo\":{\"@type\":\"ImageObject\",\"inLanguage\":\"sl-SI\",\"@id\":\"https:\/\/distribucionarc.com\/de\/#\/schema\/logo\/image\/\",\"url\":\"https:\/\/distribucionarc.com\/wp-content\/uploads\/2024\/10\/distribucion-ARC-COLOR-SIN-FONDO-e1732295305345.png\",\"contentUrl\":\"https:\/\/distribucionarc.com\/wp-content\/uploads\/2024\/10\/distribucion-ARC-COLOR-SIN-FONDO-e1732295305345.png\",\"width\":1164,\"height\":558,\"caption\":\"Distribuci\u00f3n ARC\"},\"image\":{\"@id\":\"https:\/\/distribucionarc.com\/de\/#\/schema\/logo\/image\/\"},\"description\":\"Empresa especializada en la fabricaci\u00f3n y distribuci\u00f3n de maquinaria industrial para los sectores alimentario y farmac\u00e9utico. Nos especializamos en: M\u00e1quinas de cortar carne Fabricaci\u00f3n de comprimidos Sistemas de transporte industrial L\u00edneas de embotellado Dosificadores Y mucho m\u00e1s... Ofrecemos soluciones innovadoras y personalizadas para optimizar los procesos productivos de tu empresa.\",\"email\":\"Admistracion@distribucionarc.com\",\"telephone\":\"+34 643496664\",\"legalName\":\"ARC TECH SOLUTIONS\",\"foundingDate\":\"2024-04-09\",\"vatID\":\"B55480172\",\"numberOfEmployees\":{\"@type\":\"QuantitativeValue\",\"minValue\":\"1\",\"maxValue\":\"10\"}}]}<\/script>\n<!-- \/ Yoast SEO Premium plugin. -->","yoast_head_json":{"title":"Polavtomatski stroj za zapiranje plasti\u010dnih in steklenih steklenic - distribucija ARC","robots":{"index":"index","follow":"follow","max-snippet":"max-snippet:-1","max-image-preview":"max-image-preview:large","max-video-preview":"max-video-preview:-1"},"canonical":"https:\/\/distribucionarc.com\/sl\/izdelek\/polavtomatski-stroj-za-zapiranje-stekel-in-plasticnih-steklenic\/","og_locale":"sl_SI","og_type":"article","og_title":"Maquina tapadora de botellas de pl\u00e1stico y cristal semi autom\u00e1tica","og_description":"Una m\u00e1quina tapadora semi autom\u00e1tica es una soluci\u00f3n eficiente para el cierre de botellas de pl\u00e1stico y de cristal en una l\u00ednea de producci\u00f3n. Este tipo de m\u00e1quinas se utilizan com\u00fanmente en peque\u00f1as y medianas empresas que requieren una producci\u00f3n constante y controlada de envases con tapa.  &nbsp;  Una de las principales ventajas de este tipo de m\u00e1quina tapadora es su versatilidad, ya que se puede adaptar a diferentes tama\u00f1os y formas de botellas, as\u00ed como a diversos tipos de tapas. Adem\u00e1s, su dise\u00f1o compacto y f\u00e1cil de usar permite una r\u00e1pida instalaci\u00f3n y puesta en marcha, lo que reduce los tiempos de inactividad en la producci\u00f3n.    &nbsp;","og_url":"https:\/\/distribucionarc.com\/sl\/izdelek\/polavtomatski-stroj-za-zapiranje-stekel-in-plasticnih-steklenic\/","og_site_name":"distribuci\u00f3n ARC","article_modified_time":"2023-03-31T15:59:39+00:00","og_image":[{"width":960,"height":770,"url":"https:\/\/distribucionarc.com\/wp-content\/uploads\/2023\/03\/tapadora-para-botes-de-cristal.jpg","type":"image\/jpeg"}],"twitter_card":"summary_large_image","twitter_misc":{"Est. reading time":"1 minuta"},"schema":{"@context":"https:\/\/schema.org","@graph":[{"@type":"WebPage","@id":"https:\/\/distribucionarc.com\/sl\/producto\/maquina-tapadora-de-botellas-de-plastico-y-cristal-semi-automatica\/","url":"https:\/\/distribucionarc.com\/sl\/producto\/maquina-tapadora-de-botellas-de-plastico-y-cristal-semi-automatica\/","name":"Polavtomatski stroj za zapiranje plasti\u010dnih in steklenih steklenic - distribucija ARC","isPartOf":{"@id":"https:\/\/distribucionarc.com\/de\/#website"},"primaryImageOfPage":{"@id":"https:\/\/distribucionarc.com\/sl\/producto\/maquina-tapadora-de-botellas-de-plastico-y-cristal-semi-automatica\/#primaryimage"},"image":{"@id":"https:\/\/distribucionarc.com\/sl\/producto\/maquina-tapadora-de-botellas-de-plastico-y-cristal-semi-automatica\/#primaryimage"},"thumbnailUrl":"https:\/\/distribucionarc.com\/wp-content\/uploads\/2023\/03\/tapadora-para-botes-de-cristal.jpg","datePublished":"2023-03-31T15:50:20+00:00","dateModified":"2023-03-31T15:59:39+00:00","breadcrumb":{"@id":"https:\/\/distribucionarc.com\/sl\/producto\/maquina-tapadora-de-botellas-de-plastico-y-cristal-semi-automatica\/#breadcrumb"},"inLanguage":"sl-SI","potentialAction":[{"@type":"ReadAction","target":["https:\/\/distribucionarc.com\/sl\/producto\/maquina-tapadora-de-botellas-de-plastico-y-cristal-semi-automatica\/"]}]},{"@type":"ImageObject","inLanguage":"sl-SI","@id":"https:\/\/distribucionarc.com\/sl\/producto\/maquina-tapadora-de-botellas-de-plastico-y-cristal-semi-automatica\/#primaryimage","url":"https:\/\/distribucionarc.com\/wp-content\/uploads\/2023\/03\/tapadora-para-botes-de-cristal.jpg","contentUrl":"https:\/\/distribucionarc.com\/wp-content\/uploads\/2023\/03\/tapadora-para-botes-de-cristal.jpg","width":960,"height":770},{"@type":"BreadcrumbList","@id":"https:\/\/distribucionarc.com\/sl\/producto\/maquina-tapadora-de-botellas-de-plastico-y-cristal-semi-automatica\/#breadcrumb","itemListElement":[{"@type":"ListItem","position":1,"name":"Portada","item":"https:\/\/distribucionarc.com\/pl\/"},{"@type":"ListItem","position":2,"name":"Produkty","item":"https:\/\/distribucionarc.com\/pl\/shop\/"},{"@type":"ListItem","position":3,"name":"Maquina tapadora de botellas de pl\u00e1stico y cristal semi autom\u00e1tica"}]},{"@type":"WebSite","@id":"https:\/\/distribucionarc.com\/de\/#website","url":"https:\/\/distribucionarc.com\/de\/","name":"ARC porazdelitev","description":"Podjetje je specializirano za proizvodnjo in distribucijo industrijskih strojev, strojev za zapiranje plo\u010devink, strojev za izdelavo tablet, strojev za rezanje mesa...","publisher":{"@id":"https:\/\/distribucionarc.com\/de\/#organization"},"potentialAction":[{"@type":"SearchAction","target":{"@type":"EntryPoint","urlTemplate":"https:\/\/distribucionarc.com\/de\/?s={search_term_string}"},"query-input":{"@type":"PropertyValueSpecification","valueRequired":true,"valueName":"search_term_string"}}],"inLanguage":"sl-SI"},{"@type":"Organization","@id":"https:\/\/distribucionarc.com\/de\/#organization","name":"Distribucija ARC","url":"https:\/\/distribucionarc.com\/de\/","logo":{"@type":"ImageObject","inLanguage":"sl-SI","@id":"https:\/\/distribucionarc.com\/de\/#\/schema\/logo\/image\/","url":"https:\/\/distribucionarc.com\/wp-content\/uploads\/2024\/10\/distribucion-ARC-COLOR-SIN-FONDO-e1732295305345.png","contentUrl":"https:\/\/distribucionarc.com\/wp-content\/uploads\/2024\/10\/distribucion-ARC-COLOR-SIN-FONDO-e1732295305345.png","width":1164,"height":558,"caption":"Distribuci\u00f3n ARC"},"image":{"@id":"https:\/\/distribucionarc.com\/de\/#\/schema\/logo\/image\/"},"description":"Podjetje, specializirano za proizvodnjo in distribucijo industrijskih strojev za \u017eivilski in farmacevtski sektor. Specializirani smo za: Stroji za rezanje mesa Proizvodnja tablet Industrijski transportni sistemi Stekleni\u010darske linije Dozirni stroji In \u0161e veliko ve\u010d... Ponujamo inovativne in prilagojene re\u0161itve za optimizacijo proizvodnih procesov va\u0161ega podjetja.","email":"Admistracion@distribucionarc.com","telephone":"+34 643496664","legalName":"ARC TECH SOLUTIONS","foundingDate":"2024-04-09","vatID":"B55480172","numberOfEmployees":{"@type":"QuantitativeValue","minValue":"1","maxValue":"10"}}]}},"_links":{"self":[{"href":"https:\/\/distribucionarc.com\/sl\/wp-json\/wp\/v2\/product\/5404","targetHints":{"allow":["GET"]}}],"collection":[{"href":"https:\/\/distribucionarc.com\/sl\/wp-json\/wp\/v2\/product"}],"about":[{"href":"https:\/\/distribucionarc.com\/sl\/wp-json\/wp\/v2\/types\/product"}],"replies":[{"embeddable":true,"href":"https:\/\/distribucionarc.com\/sl\/wp-json\/wp\/v2\/comments?post=5404"}],"version-history":[{"count":0,"href":"https:\/\/distribucionarc.com\/sl\/wp-json\/wp\/v2\/product\/5404\/revisions"}],"wp:featuredmedia":[{"embeddable":true,"href":"https:\/\/distribucionarc.com\/sl\/wp-json\/wp\/v2\/media\/5407"}],"wp:attachment":[{"href":"https:\/\/distribucionarc.com\/sl\/wp-json\/wp\/v2\/media?parent=5404"}],"wp:term":[{"taxonomy":"product_brand","embeddable":true,"href":"https:\/\/distribucionarc.com\/sl\/wp-json\/wp\/v2\/product_brand?post=5404"},{"taxonomy":"product_cat","embeddable":true,"href":"https:\/\/distribucionarc.com\/sl\/wp-json\/wp\/v2\/product_cat?post=5404"},{"taxonomy":"product_tag","embeddable":true,"href":"https:\/\/distribucionarc.com\/sl\/wp-json\/wp\/v2\/product_tag?post=5404"}],"curies":[{"name":"delovni list","href":"https:\/\/api.w.org\/{rel}","templated":true}]}}