{"id":5761,"date":"2023-05-12T21:13:08","date_gmt":"2023-05-12T21:13:08","guid":{"rendered":"https:\/\/distribucionarc.com\/?post_type=product&#038;p=5761"},"modified":"2024-10-05T03:04:04","modified_gmt":"2024-10-05T03:04:04","slug":"avtomatska-mesoreznica","status":"publish","type":"product","link":"https:\/\/distribucionarc.com\/sl\/producto\/cortadora-de-fiambre-automatica\/","title":{"rendered":"Avtomatski mesoreznik"},"content":{"rendered":"<h2>Avtomatski narezki in mesoreznica<\/h2>\n<p><a href=\"https:\/\/distribucionarc.com\/wp-content\/uploads\/2023\/05\/cortadora-fiambre-automatica-medidas-1.jpg\"><img loading=\"lazy\" decoding=\"async\" class=\"alignnone size-medium wp-image-5956\" src=\"https:\/\/distribucionarc.com\/wp-content\/uploads\/2023\/05\/cortadora-fiambre-automatica-medidas-1-300x300.jpg\" alt=\"\" width=\"300\" height=\"300\" srcset=\"https:\/\/distribucionarc.com\/wp-content\/uploads\/2023\/05\/cortadora-fiambre-automatica-medidas-1-300x300.jpg 300w, https:\/\/distribucionarc.com\/wp-content\/uploads\/2023\/05\/cortadora-fiambre-automatica-medidas-1-430x430.jpg 430w, https:\/\/distribucionarc.com\/wp-content\/uploads\/2023\/05\/cortadora-fiambre-automatica-medidas-1-150x150.jpg 150w, https:\/\/distribucionarc.com\/wp-content\/uploads\/2023\/05\/cortadora-fiambre-automatica-medidas-1-700x700.jpg 700w, https:\/\/distribucionarc.com\/wp-content\/uploads\/2023\/05\/cortadora-fiambre-automatica-medidas-1-1024x1024.jpg 1024w, https:\/\/distribucionarc.com\/wp-content\/uploads\/2023\/05\/cortadora-fiambre-automatica-medidas-1-768x768.jpg 768w, https:\/\/distribucionarc.com\/wp-content\/uploads\/2023\/05\/cortadora-fiambre-automatica-medidas-1-1536x1536.jpg 1536w, https:\/\/distribucionarc.com\/wp-content\/uploads\/2023\/05\/cortadora-fiambre-automatica-medidas-1-12x12.jpg 12w, https:\/\/distribucionarc.com\/wp-content\/uploads\/2023\/05\/cortadora-fiambre-automatica-medidas-1-48x48.jpg 48w, https:\/\/distribucionarc.com\/wp-content\/uploads\/2023\/05\/cortadora-fiambre-automatica-medidas-1.jpg 2000w\" sizes=\"auto, (max-width: 300px) 100vw, 300px\" \/><\/a><\/p>\n<p>Na\u0161 <strong>narezki in mesoreznica<\/strong>samodejno pa je popolna re\u0161itev za avtomatsko doseganje natan\u010dnih in u\u010dinkovitih rezov. Z visokokakovostno obdelavo ta stroj ponuja \u0161tevilne funkcije, ki omogo\u010dajo varno in enostavno uporabo. Ro\u010dno krmiljenje ni potrebno, kar zagotavlja udobje in natan\u010dnost pri rezanju. Ta rezalnik, izdelan iz visokokakovostnega ohi\u0161ja iz nerjave\u010dega jekla AISI 304, nudi vzdr\u017eljivost in odpornost. Zaradi nagnjene rezalne naprave in avtomatskega pogona vozi\u010dka je \u0161e posebej primeren za mesne izdelke. Z rezili premera 320 mm, najve\u010djo \u0161irino reza 300 mm in nastavljivo debelino reza od 0 do 18 mm lahko dobite popolne rezine glede na va\u0161e potrebe. Kar zadeva priklop, ima elektri\u010dni priklju\u010dek 1 \/ N \/ PE 230 voltov \/ 50 Hz in mo\u010d 370*2 vatov. Zaradi zunanjih mer 747 mm x 582 mm x 764 mm je kompakten in enostaven za namestitev v va\u0161 delovni prostor.<\/p>\n<div style=\"width: 1280px;\" class=\"wp-video\"><video class=\"wp-video-shortcode\" id=\"video-5761-1\" width=\"1280\" height=\"720\" preload=\"metadata\" controls=\"controls\"><source type=\"video\/mp4\" src=\"https:\/\/distribucionarc.com\/wp-content\/uploads\/2023\/05\/cortadora-fiambre-automatica-funcionamiento.mp4?_=1\" \/><a href=\"https:\/\/distribucionarc.com\/wp-content\/uploads\/2023\/05\/cortadora-fiambre-automatica-funcionamiento.mp4\">https:\/\/distribucionarc.com\/wp-content\/uploads\/2023\/05\/cortadora-fiambre-automatica-funcionamiento.mp4<\/a><\/video><\/div>\n<p>Tehni\u010dne specifikacije<strong> AR10168<\/strong><\/p>\n<ul>\n<li>Ro\u010dno ali avtomatsko krmiljenje<\/li>\n<li>natan\u010dno rezanje<\/li>\n<li>Enostavno mehansko upravljanje<\/li>\n<li>Za\u0161\u010dita rok omogo\u010da varno delovanje<\/li>\n<li>Zamenljiva brusna plo\u0161\u010da<\/li>\n<li>Za\u0161\u010dita pred \u0161kropljenjem<\/li>\n<li>Enostaven za \u010di\u0161\u010denje<\/li>\n<li>Telo iz visokokakovostnega nerjave\u010dega jekla AISI 304<\/li>\n<li>Naprava za nagnjeno rezanje<\/li>\n<li>Avtomatski pogon vozi\u010dka<\/li>\n<li>Posebej primerno za mesne izdelke<\/li>\n<li>Premer rezila: 320 mm<\/li>\n<li>\u0160irina reza: najve\u010d 300 mm<\/li>\n<li>Debelina reza: 0 \u2013 18 mm<\/li>\n<li>Elektri\u010dni priklju\u010dek: 1 \/ N \/ PE 230 voltov \/ 50 Hz<\/li>\n<\/ul>\n<h3>Zahtevajte ve\u010d informacij<\/h3>\n<p>noter\u00a0<b>ARC porazdelitev<\/b>\u00a0Svetujemo vam pri optimizaciji tovarne ali ustanovitvi nove industrije<\/p>","protected":false},"excerpt":{"rendered":"<p>Avtomatski rezalnik mesa in delikates Na\u0161 avtomatski rezalnik mesa in delikates je idealna re\u0161itev za rezanje kosov<\/p>","protected":false},"featured_media":5955,"comment_status":"open","ping_status":"closed","template":"","meta":{"wds_primary_product_brand":0,"wds_primary_product_cat":0},"product_brand":[],"product_cat":[115,116,117],"product_tag":[],"class_list":{"0":"post-5761","1":"product","2":"type-product","3":"status-publish","4":"has-post-thumbnail","6":"product_cat-cortadoras","7":"product_cat-coartadoras-de-carne","8":"product_cat-filetes","9":"product_shipping_class-express","11":"first","12":"instock","13":"taxable","14":"shipping-taxable","15":"purchasable","16":"product-type-simple"},"yoast_head":"<!-- This site is optimized with the Yoast SEO Premium plugin v24.9 (Yoast SEO v26.1) - https:\/\/yoast.com\/wordpress\/plugins\/seo\/ -->\n<title>Cortadora de fiambre autom\u00e1tica - distribuci\u00f3n ARC<\/title>\n<meta name=\"robots\" content=\"index, follow, max-snippet:-1, max-image-preview:large, max-video-preview:-1\" \/>\n<link rel=\"canonical\" href=\"https:\/\/distribucionarc.com\/sl\/izdelek\/avtomatska-mesoreznica\/\" \/>\n<meta property=\"og:locale\" content=\"sl_SI\" \/>\n<meta property=\"og:type\" content=\"article\" \/>\n<meta property=\"og:title\" content=\"Cortadora de fiambre autom\u00e1tica\" \/>\n<meta property=\"og:description\" content=\"Cortadora de fiambre y carne autom\u00e1tica Nuestra cortadora de fiambre y carne autom\u00e1tica es la soluci\u00f3n perfecta para obtener cortes\" \/>\n<meta property=\"og:url\" content=\"https:\/\/distribucionarc.com\/sl\/izdelek\/avtomatska-mesoreznica\/\" \/>\n<meta property=\"og:site_name\" content=\"distribuci\u00f3n ARC\" \/>\n<meta property=\"article:modified_time\" content=\"2024-10-05T03:04:04+00:00\" \/>\n<meta property=\"og:image\" content=\"https:\/\/distribucionarc.com\/wp-content\/uploads\/2023\/05\/cortadora-fiambre-automatica-imagen-producto.jpg\" \/>\n\t<meta property=\"og:image:width\" content=\"1600\" \/>\n\t<meta property=\"og:image:height\" content=\"1600\" \/>\n\t<meta property=\"og:image:type\" content=\"image\/jpeg\" \/>\n<meta name=\"twitter:card\" content=\"summary_large_image\" \/>\n<meta name=\"twitter:label1\" content=\"Est. reading time\" \/>\n\t<meta name=\"twitter:data1\" content=\"2 minuti\" \/>\n<script type=\"application\/ld+json\" class=\"yoast-schema-graph\">{\"@context\":\"https:\/\/schema.org\",\"@graph\":[{\"@type\":\"WebPage\",\"@id\":\"https:\/\/distribucionarc.com\/producto\/cortadora-de-fiambre-automatica\/\",\"url\":\"https:\/\/distribucionarc.com\/producto\/cortadora-de-fiambre-automatica\/\",\"name\":\"Cortadora de fiambre autom\u00e1tica - distribuci\u00f3n ARC\",\"isPartOf\":{\"@id\":\"https:\/\/distribucionarc.com\/ro\/#website\"},\"primaryImageOfPage\":{\"@id\":\"https:\/\/distribucionarc.com\/producto\/cortadora-de-fiambre-automatica\/#primaryimage\"},\"image\":{\"@id\":\"https:\/\/distribucionarc.com\/producto\/cortadora-de-fiambre-automatica\/#primaryimage\"},\"thumbnailUrl\":\"https:\/\/distribucionarc.com\/wp-content\/uploads\/2023\/05\/cortadora-fiambre-automatica-imagen-producto.jpg\",\"datePublished\":\"2023-05-12T21:13:08+00:00\",\"dateModified\":\"2024-10-05T03:04:04+00:00\",\"breadcrumb\":{\"@id\":\"https:\/\/distribucionarc.com\/producto\/cortadora-de-fiambre-automatica\/#breadcrumb\"},\"inLanguage\":\"sl-SI\",\"potentialAction\":[{\"@type\":\"ReadAction\",\"target\":[\"https:\/\/distribucionarc.com\/producto\/cortadora-de-fiambre-automatica\/\"]}]},{\"@type\":\"ImageObject\",\"inLanguage\":\"sl-SI\",\"@id\":\"https:\/\/distribucionarc.com\/producto\/cortadora-de-fiambre-automatica\/#primaryimage\",\"url\":\"https:\/\/distribucionarc.com\/wp-content\/uploads\/2023\/05\/cortadora-fiambre-automatica-imagen-producto.jpg\",\"contentUrl\":\"https:\/\/distribucionarc.com\/wp-content\/uploads\/2023\/05\/cortadora-fiambre-automatica-imagen-producto.jpg\",\"width\":1600,\"height\":1600},{\"@type\":\"BreadcrumbList\",\"@id\":\"https:\/\/distribucionarc.com\/producto\/cortadora-de-fiambre-automatica\/#breadcrumb\",\"itemListElement\":[{\"@type\":\"ListItem\",\"position\":1,\"name\":\"Portada\",\"item\":\"https:\/\/distribucionarc.com\/ar\/\"},{\"@type\":\"ListItem\",\"position\":2,\"name\":\"Proizvodi\",\"item\":\"https:\/\/www.distribucionarc.com\/hr\/ducan\/\"},{\"@type\":\"ListItem\",\"position\":3,\"name\":\"Cortadora de fiambre autom\u00e1tica\"}]},{\"@type\":\"WebSite\",\"@id\":\"https:\/\/distribucionarc.com\/ro\/#website\",\"url\":\"https:\/\/distribucionarc.com\/ro\/\",\"name\":\"distribuci\u00f3n ARC\",\"description\":\"Empresa especializada en la fabricaci\u00f3n y distribuci\u00f3n de maquinaria industrial, selladoras de latas, Maquinas de hacer pastillas, Maquinas de cortar carne...\",\"publisher\":{\"@id\":\"https:\/\/distribucionarc.com\/ro\/#organization\"},\"potentialAction\":[{\"@type\":\"SearchAction\",\"target\":{\"@type\":\"EntryPoint\",\"urlTemplate\":\"https:\/\/distribucionarc.com\/ro\/?s={search_term_string}\"},\"query-input\":{\"@type\":\"PropertyValueSpecification\",\"valueRequired\":true,\"valueName\":\"search_term_string\"}}],\"inLanguage\":\"sl-SI\"},{\"@type\":\"Organization\",\"@id\":\"https:\/\/distribucionarc.com\/ro\/#organization\",\"name\":\"Distribuci\u00f3n ARC\",\"url\":\"https:\/\/distribucionarc.com\/ro\/\",\"logo\":{\"@type\":\"ImageObject\",\"inLanguage\":\"sl-SI\",\"@id\":\"https:\/\/distribucionarc.com\/ro\/#\/schema\/logo\/image\/\",\"url\":\"https:\/\/distribucionarc.com\/wp-content\/uploads\/2024\/10\/distribucion-ARC-COLOR-SIN-FONDO-e1732295305345.png\",\"contentUrl\":\"https:\/\/distribucionarc.com\/wp-content\/uploads\/2024\/10\/distribucion-ARC-COLOR-SIN-FONDO-e1732295305345.png\",\"width\":1164,\"height\":558,\"caption\":\"Distribuci\u00f3n ARC\"},\"image\":{\"@id\":\"https:\/\/distribucionarc.com\/ro\/#\/schema\/logo\/image\/\"},\"description\":\"Empresa especializada en la fabricaci\u00f3n y distribuci\u00f3n de maquinaria industrial para los sectores alimentario y farmac\u00e9utico. Nos especializamos en: M\u00e1quinas de cortar carne Fabricaci\u00f3n de comprimidos Sistemas de transporte industrial L\u00edneas de embotellado Dosificadores Y mucho m\u00e1s... Ofrecemos soluciones innovadoras y personalizadas para optimizar los procesos productivos de tu empresa.\",\"email\":\"Admistracion@distribucionarc.com\",\"telephone\":\"+34 643496664\",\"legalName\":\"ARC TECH SOLUTIONS\",\"foundingDate\":\"2024-04-09\",\"vatID\":\"B55480172\",\"numberOfEmployees\":{\"@type\":\"QuantitativeValue\",\"minValue\":\"1\",\"maxValue\":\"10\"}}]}<\/script>\n<!-- \/ Yoast SEO Premium plugin. -->","yoast_head_json":{"title":"Avtomatska mesoreznica - distribucija ARC","robots":{"index":"index","follow":"follow","max-snippet":"max-snippet:-1","max-image-preview":"max-image-preview:large","max-video-preview":"max-video-preview:-1"},"canonical":"https:\/\/distribucionarc.com\/sl\/izdelek\/avtomatska-mesoreznica\/","og_locale":"sl_SI","og_type":"article","og_title":"Cortadora de fiambre autom\u00e1tica","og_description":"Cortadora de fiambre y carne autom\u00e1tica Nuestra cortadora de fiambre y carne autom\u00e1tica es la soluci\u00f3n perfecta para obtener cortes","og_url":"https:\/\/distribucionarc.com\/sl\/izdelek\/avtomatska-mesoreznica\/","og_site_name":"distribuci\u00f3n ARC","article_modified_time":"2024-10-05T03:04:04+00:00","og_image":[{"width":1600,"height":1600,"url":"https:\/\/distribucionarc.com\/wp-content\/uploads\/2023\/05\/cortadora-fiambre-automatica-imagen-producto.jpg","type":"image\/jpeg"}],"twitter_card":"summary_large_image","twitter_misc":{"Est. reading time":"2 minuti"},"schema":{"@context":"https:\/\/schema.org","@graph":[{"@type":"WebPage","@id":"https:\/\/distribucionarc.com\/producto\/cortadora-de-fiambre-automatica\/","url":"https:\/\/distribucionarc.com\/producto\/cortadora-de-fiambre-automatica\/","name":"Avtomatska mesoreznica - distribucija ARC","isPartOf":{"@id":"https:\/\/distribucionarc.com\/ro\/#website"},"primaryImageOfPage":{"@id":"https:\/\/distribucionarc.com\/producto\/cortadora-de-fiambre-automatica\/#primaryimage"},"image":{"@id":"https:\/\/distribucionarc.com\/producto\/cortadora-de-fiambre-automatica\/#primaryimage"},"thumbnailUrl":"https:\/\/distribucionarc.com\/wp-content\/uploads\/2023\/05\/cortadora-fiambre-automatica-imagen-producto.jpg","datePublished":"2023-05-12T21:13:08+00:00","dateModified":"2024-10-05T03:04:04+00:00","breadcrumb":{"@id":"https:\/\/distribucionarc.com\/producto\/cortadora-de-fiambre-automatica\/#breadcrumb"},"inLanguage":"sl-SI","potentialAction":[{"@type":"ReadAction","target":["https:\/\/distribucionarc.com\/producto\/cortadora-de-fiambre-automatica\/"]}]},{"@type":"ImageObject","inLanguage":"sl-SI","@id":"https:\/\/distribucionarc.com\/producto\/cortadora-de-fiambre-automatica\/#primaryimage","url":"https:\/\/distribucionarc.com\/wp-content\/uploads\/2023\/05\/cortadora-fiambre-automatica-imagen-producto.jpg","contentUrl":"https:\/\/distribucionarc.com\/wp-content\/uploads\/2023\/05\/cortadora-fiambre-automatica-imagen-producto.jpg","width":1600,"height":1600},{"@type":"BreadcrumbList","@id":"https:\/\/distribucionarc.com\/producto\/cortadora-de-fiambre-automatica\/#breadcrumb","itemListElement":[{"@type":"ListItem","position":1,"name":"Portada","item":"https:\/\/distribucionarc.com\/ar\/"},{"@type":"ListItem","position":2,"name":"Proizvodi","item":"https:\/\/www.distribucionarc.com\/hr\/ducan\/"},{"@type":"ListItem","position":3,"name":"Cortadora de fiambre autom\u00e1tica"}]},{"@type":"WebSite","@id":"https:\/\/distribucionarc.com\/ro\/#website","url":"https:\/\/distribucionarc.com\/ro\/","name":"ARC porazdelitev","description":"Podjetje je specializirano za proizvodnjo in distribucijo industrijskih strojev, strojev za zapiranje plo\u010devink, strojev za izdelavo tablet, strojev za rezanje mesa...","publisher":{"@id":"https:\/\/distribucionarc.com\/ro\/#organization"},"potentialAction":[{"@type":"SearchAction","target":{"@type":"EntryPoint","urlTemplate":"https:\/\/distribucionarc.com\/ro\/?s={search_term_string}"},"query-input":{"@type":"PropertyValueSpecification","valueRequired":true,"valueName":"search_term_string"}}],"inLanguage":"sl-SI"},{"@type":"Organization","@id":"https:\/\/distribucionarc.com\/ro\/#organization","name":"Distribucija ARC","url":"https:\/\/distribucionarc.com\/ro\/","logo":{"@type":"ImageObject","inLanguage":"sl-SI","@id":"https:\/\/distribucionarc.com\/ro\/#\/schema\/logo\/image\/","url":"https:\/\/distribucionarc.com\/wp-content\/uploads\/2024\/10\/distribucion-ARC-COLOR-SIN-FONDO-e1732295305345.png","contentUrl":"https:\/\/distribucionarc.com\/wp-content\/uploads\/2024\/10\/distribucion-ARC-COLOR-SIN-FONDO-e1732295305345.png","width":1164,"height":558,"caption":"Distribuci\u00f3n ARC"},"image":{"@id":"https:\/\/distribucionarc.com\/ro\/#\/schema\/logo\/image\/"},"description":"Podjetje, specializirano za proizvodnjo in distribucijo industrijskih strojev za \u017eivilski in farmacevtski sektor. Specializirani smo za: Stroji za rezanje mesa Proizvodnja tablet Industrijski transportni sistemi Stekleni\u010darske linije Dozirni stroji In \u0161e veliko ve\u010d... Ponujamo inovativne in prilagojene re\u0161itve za optimizacijo proizvodnih procesov va\u0161ega podjetja.","email":"Admistracion@distribucionarc.com","telephone":"+34 643496664","legalName":"ARC TECH SOLUTIONS","foundingDate":"2024-04-09","vatID":"B55480172","numberOfEmployees":{"@type":"QuantitativeValue","minValue":"1","maxValue":"10"}}]}},"_links":{"self":[{"href":"https:\/\/distribucionarc.com\/sl\/wp-json\/wp\/v2\/product\/5761","targetHints":{"allow":["GET"]}}],"collection":[{"href":"https:\/\/distribucionarc.com\/sl\/wp-json\/wp\/v2\/product"}],"about":[{"href":"https:\/\/distribucionarc.com\/sl\/wp-json\/wp\/v2\/types\/product"}],"replies":[{"embeddable":true,"href":"https:\/\/distribucionarc.com\/sl\/wp-json\/wp\/v2\/comments?post=5761"}],"version-history":[{"count":0,"href":"https:\/\/distribucionarc.com\/sl\/wp-json\/wp\/v2\/product\/5761\/revisions"}],"wp:featuredmedia":[{"embeddable":true,"href":"https:\/\/distribucionarc.com\/sl\/wp-json\/wp\/v2\/media\/5955"}],"wp:attachment":[{"href":"https:\/\/distribucionarc.com\/sl\/wp-json\/wp\/v2\/media?parent=5761"}],"wp:term":[{"taxonomy":"product_brand","embeddable":true,"href":"https:\/\/distribucionarc.com\/sl\/wp-json\/wp\/v2\/product_brand?post=5761"},{"taxonomy":"product_cat","embeddable":true,"href":"https:\/\/distribucionarc.com\/sl\/wp-json\/wp\/v2\/product_cat?post=5761"},{"taxonomy":"product_tag","embeddable":true,"href":"https:\/\/distribucionarc.com\/sl\/wp-json\/wp\/v2\/product_tag?post=5761"}],"curies":[{"name":"delovni list","href":"https:\/\/api.w.org\/{rel}","templated":true}]}}