{"id":654,"date":"2020-05-28T22:34:21","date_gmt":"2020-05-28T22:34:21","guid":{"rendered":"https:\/\/distribucionarc.com\/?post_type=product&#038;p=654"},"modified":"2024-09-04T19:31:36","modified_gmt":"2024-09-04T19:31:36","slug":"elektricni-cvrtnik-za-ocvrte-ribe-krompir-itd-2x10l-%f0%9f%8d%9f","status":"publish","type":"product","link":"https:\/\/distribucionarc.com\/sl\/producto\/freidora-electrica-para-pescado-frito-patatas-etc-2x10l-%f0%9f%8d%9f\/","title":{"rendered":"Elektri\u010dni cvrtnik za ocvrte ribe, krompir itd. 2x10L?"},"content":{"rendered":"<div class=\"description-row description-text\">\n<h2>Elektri\u010dni cvrtnik \u2013 2 x 10 litrov<\/h2>\n<p>Elektri\u010dni cvrtnik ARC DISTRIBUCION je zasnovan za profesionalno uporabo in deluje pri 220 voltih. Omogo\u010da udobno pripravo okusnega cvrtja ne glede na vrsto jedi, ki jo \u017eelite pripraviti. Idealen za va\u0161o restavracijo ali bar, vam bo omogo\u010dil, da ponudite izjemna gastronomska do\u017eivetja.<\/p>\n<\/div>\n<div class=\"product-icon--wrapper\">\n<div class=\"product--icon\">\n<div class=\"icon-body\">\n<div class=\"product_icon_container svg-icon\"><\/div>\n<div class=\"icon-text\">\n<p>Ta kuhinjski aparat ima najve\u010djo prostornino olja do 6,5 litra in a\u00a0<strong>skupna prostornina 10 litrov<\/strong>. Profesionalno ga lahko uporabljate na zelo vsestranski na\u010din, \u0161e posebej primeren je za pripravo <strong>ribe<\/strong>, predjedi ali \u010dips.<\/p>\n<\/div>\n<\/div>\n<h3 class=\"product--icon-headline\">Hitri in hrustljavi prigrizki z elektri\u010dnim cvrtnikom ARC 1020 za gastronomijo<\/h3>\n<div class=\"icon-body\">\n<div class=\"product_icon_easy_clean svg-icon\"><\/div>\n<div class=\"icon-text\">\n<p>Elektri\u010dna ko\u0161ara cvrtnika meri 20 x 22 x 10 cm. Morebitni ostanki hrane, ki ostanejo v rezervoarju, se kopi\u010dijo na dnu rezervoarja, v tako imenovani hladni coni, da se ne za\u017egejo. Na ta na\u010din olje ohrani svoj naravni okus. Poleg tega je izpust olja preprost.<\/p>\n<\/div>\n<\/div>\n<div class=\"icon-body\">\n<div class=\"product_icon_voltage svg-icon\"><\/div>\n<div class=\"icon-text\">\n<p>Zahvaljujo\u010d visoki zmogljivosti<strong>\u00a0grelni element<\/strong> odstranljiva <strong>5000<\/strong>\u00a0<strong>vat<\/strong>, olje za cvrtnik hitro dose\u017ee maksimalno temperaturo 200 \u00b0C. Za optimalne rezultate visokoob\u010dutljiv termostat ohranja toploto rezervoarja za olje na konstantni temperaturi. <span style=\"color: #0000ff;\">To temperaturo dose\u017eemo zelo hitro in z inteligentno elektronsko plo\u0161\u010do je poraba elektri\u010dne energije minimalna, ko je olje vro\u010de.<\/span> <span style=\"color: #ff0000;\">V primeru pregretja olja ali odstranitve grelne glave varovalka samodejno odklopi enoto.<\/span><\/p>\n<\/div>\n<\/div>\n<div class=\"icon-body\">\n<div class=\"product_icon_durable svg-icon\"><\/div>\n<div class=\"icon-text\">\n<p>Sodobno oblikovan pokrov, izdelan v\u00a0<strong>dolgo \u017eivljenjsko dobo iz nerjave\u010dega jekla<\/strong>, je zelo odporen in zaradi odstranljivega grelnega elementa enostaven za \u010di\u0161\u010denje. Odlo\u010dite se za zmogljiv elektri\u010dni cvrtnik \u0161e danes \u2013 va\u0161e stranke in gostje vam bodo hvale\u017eni.<\/p>\n<\/div>\n<\/div>\n<\/div>\n<\/div>","protected":false},"excerpt":{"rendered":"<h2><strong>10-litrski elektri\u010dni cvrtnik z dvojnim rezervoarjem za bar ali restavracijo<\/strong><\/h2>\n<p>Na\u0161 <strong>profesionalni elektri\u010dni cvrtnik z dvojnim rezervoarjem<\/strong> Je odli\u010dna re\u0161itev za tista podjetja, ki morajo hitro in u\u010dinkovito ocvreti velike koli\u010dine hrane. S skupno kapaciteto <strong>10 litrov na rezervoar<\/strong>, je ta cvrtnik zasnovan tako, da izpolnjuje zahteve komercialnih kuhinj, bodisi v barih, restavracijah ali kavarnah.<\/p>\n<p>Zahvaljujo\u010d dvojnemu rezervoarju lahko <strong>cvreti razli\u010dna \u017eivila hkrati<\/strong>, ki vam bo omogo\u010dil ohranjanje kakovosti in okusa brez ne\u017eelenih me\u0161anic. Idealen je za pripravo najrazli\u010dnej\u0161ih ocvrtih jedi, kot so:<\/p>\n<ul>\n<li><strong>ocvrte ribe<\/strong>: Popoln za hrustljave morske jedi.<\/li>\n<li><strong>\u010dips<\/strong>: Klasi\u010dna spremljava v barih in restavracijah.<\/li>\n<li><strong>ocvrta svinjina<\/strong>: Idealno za pripravo tapasov ali glavnih jedi.<\/li>\n<li><strong>pi\u0161\u010dan\u010dja krila<\/strong>: Hrustljavo in zlato do pike.<\/li>\n<li><strong>Kroketi<\/strong>: Enakomerno cvrtje za tapase ali predjedi.<\/li>\n<li><strong>Panirana zelenjava<\/strong>: Za vegetarijansko mo\u017enost cvrtja.<\/li>\n<\/ul>\n<p>Iz nerjave\u010dega jekla, to <strong>cvrtnik z dvojnim rezervoarjem<\/strong> Zagotavlja vzdr\u017eljivost in enostavno \u010di\u0161\u010denje, kar je bistvenega pomena v visokozmogljivih komercialnih kuhinjah. Poleg tega ima vsak rezervoar neodvisen nadzor temperature, kar vam omogo\u010da prilagajanje toplote glede na vrsto hrane, ki se kuha. To je klju\u010dnega pomena za krompir\u010dek, ki je hrustljav zunaj in so\u010den znotraj.<\/p>\n<p>Ne glede na to, ali i\u0161\u010dete a <strong>barski cvrtnik<\/strong>, a <strong>gostinski cvrtnik<\/strong>, ali a <strong>elektri\u010dni cvrtnik velike prostornine<\/strong>, je ta stroj odli\u010dna mo\u017enost za optimizacijo postopka cvrtja v va\u0161i poslovni kuhinji.<\/p>","protected":false},"featured_media":661,"comment_status":"open","ping_status":"closed","template":"","meta":{"wds_primary_product_brand":0,"wds_primary_product_cat":0},"product_brand":[],"product_cat":[38],"product_tag":[],"class_list":{"0":"post-654","1":"product","2":"type-product","3":"status-publish","4":"has-post-thumbnail","6":"product_cat-freidoras","7":"product_shipping_class-hosteleria","9":"first","10":"instock","11":"taxable","12":"shipping-taxable","13":"purchasable","14":"product-type-simple"},"yoast_head":"<!-- This site is optimized with the Yoast SEO Premium plugin v24.9 (Yoast SEO v26.1) - https:\/\/yoast.com\/wordpress\/plugins\/seo\/ -->\n<title>Freidora el\u00e9ctrica para pescado frito, patatas, etc. 2x10L ? - distribuci\u00f3n ARC<\/title>\n<meta name=\"description\" content=\"Freidora el\u00e9ctrica de doble tanque de 10 litros para bares y restaurantes. Perfecta para fre\u00edr patatas, pescado y m\u00e1s con control independiente. Ideal para cocinas comerciales\" \/>\n<meta name=\"robots\" content=\"index, follow, max-snippet:-1, max-image-preview:large, max-video-preview:-1\" \/>\n<link rel=\"canonical\" href=\"https:\/\/distribucionarc.com\/sl\/izdelek\/elektricni-cvrtnik-za-ocvrte-ribe-krompir-itd-2x10l-\ud83c\udf5f\/\" \/>\n<meta property=\"og:locale\" content=\"sl_SI\" \/>\n<meta property=\"og:type\" content=\"article\" \/>\n<meta property=\"og:title\" content=\"Freidora el\u00e9ctrica para pescado frito, patatas, etc. 2x10L ?\" \/>\n<meta property=\"og:description\" content=\"Freidora el\u00e9ctrica de doble tanque de 10 litros para bares y restaurantes. Perfecta para fre\u00edr patatas, pescado y m\u00e1s con control independiente. Ideal para cocinas comerciales\" \/>\n<meta property=\"og:url\" content=\"https:\/\/distribucionarc.com\/sl\/izdelek\/elektricni-cvrtnik-za-ocvrte-ribe-krompir-itd-2x10l-\ud83c\udf5f\/\" \/>\n<meta property=\"og:site_name\" content=\"distribuci\u00f3n ARC\" \/>\n<meta property=\"article:modified_time\" content=\"2024-09-04T19:31:36+00:00\" \/>\n<meta property=\"og:image\" content=\"https:\/\/distribucionarc.com\/wp-content\/uploads\/2020\/05\/Freidora-el\u00e9ctrica-para-pescado-frito-10L-0.jpg\" \/>\n\t<meta property=\"og:image:width\" content=\"1600\" \/>\n\t<meta property=\"og:image:height\" content=\"1600\" \/>\n\t<meta property=\"og:image:type\" content=\"image\/jpeg\" \/>\n<meta name=\"twitter:card\" content=\"summary_large_image\" \/>\n<meta name=\"twitter:label1\" content=\"Est. reading time\" \/>\n\t<meta name=\"twitter:data1\" content=\"2 minuti\" \/>\n<script type=\"application\/ld+json\" class=\"yoast-schema-graph\">{\"@context\":\"https:\/\/schema.org\",\"@graph\":[{\"@type\":\"WebPage\",\"@id\":\"https:\/\/distribucionarc.com\/bg\/producto\/freidora-electrica-para-pescado-frito-patatas-etc-2x10l-%f0%9f%8d%9f\/\",\"url\":\"https:\/\/distribucionarc.com\/bg\/producto\/freidora-electrica-para-pescado-frito-patatas-etc-2x10l-%f0%9f%8d%9f\/\",\"name\":\"Freidora el\u00e9ctrica para pescado frito, patatas, etc. 2x10L ? - distribuci\u00f3n ARC\",\"isPartOf\":{\"@id\":\"https:\/\/www.distribucionarc.com\/sl\/#website\"},\"primaryImageOfPage\":{\"@id\":\"https:\/\/distribucionarc.com\/bg\/producto\/freidora-electrica-para-pescado-frito-patatas-etc-2x10l-%f0%9f%8d%9f\/#primaryimage\"},\"image\":{\"@id\":\"https:\/\/distribucionarc.com\/bg\/producto\/freidora-electrica-para-pescado-frito-patatas-etc-2x10l-%f0%9f%8d%9f\/#primaryimage\"},\"thumbnailUrl\":\"https:\/\/distribucionarc.com\/wp-content\/uploads\/2020\/05\/Freidora-el\u00e9ctrica-para-pescado-frito-10L-0.jpg\",\"datePublished\":\"2020-05-28T22:34:21+00:00\",\"dateModified\":\"2024-09-04T19:31:36+00:00\",\"description\":\"Freidora el\u00e9ctrica de doble tanque de 10 litros para bares y restaurantes. Perfecta para fre\u00edr patatas, pescado y m\u00e1s con control independiente. Ideal para cocinas comerciales\",\"breadcrumb\":{\"@id\":\"https:\/\/distribucionarc.com\/bg\/producto\/freidora-electrica-para-pescado-frito-patatas-etc-2x10l-%f0%9f%8d%9f\/#breadcrumb\"},\"inLanguage\":\"sl-SI\",\"potentialAction\":[{\"@type\":\"ReadAction\",\"target\":[\"https:\/\/distribucionarc.com\/bg\/producto\/freidora-electrica-para-pescado-frito-patatas-etc-2x10l-%f0%9f%8d%9f\/\"]}]},{\"@type\":\"ImageObject\",\"inLanguage\":\"sl-SI\",\"@id\":\"https:\/\/distribucionarc.com\/bg\/producto\/freidora-electrica-para-pescado-frito-patatas-etc-2x10l-%f0%9f%8d%9f\/#primaryimage\",\"url\":\"https:\/\/distribucionarc.com\/wp-content\/uploads\/2020\/05\/Freidora-el\u00e9ctrica-para-pescado-frito-10L-0.jpg\",\"contentUrl\":\"https:\/\/distribucionarc.com\/wp-content\/uploads\/2020\/05\/Freidora-el\u00e9ctrica-para-pescado-frito-10L-0.jpg\",\"width\":1600,\"height\":1600},{\"@type\":\"BreadcrumbList\",\"@id\":\"https:\/\/distribucionarc.com\/bg\/producto\/freidora-electrica-para-pescado-frito-patatas-etc-2x10l-%f0%9f%8d%9f\/#breadcrumb\",\"itemListElement\":[{\"@type\":\"ListItem\",\"position\":1,\"name\":\"Portada\",\"item\":\"https:\/\/www.distribucionarc.com\/\"},{\"@type\":\"ListItem\",\"position\":2,\"name\":\"\u00dcr\u00fcnler\",\"item\":\"https:\/\/www.distribucionarc.com\/tr\/magaza\/\"},{\"@type\":\"ListItem\",\"position\":3,\"name\":\"Freidora el\u00e9ctrica para pescado frito, patatas, etc. 2x10L ?\"}]},{\"@type\":\"WebSite\",\"@id\":\"https:\/\/www.distribucionarc.com\/sl\/#website\",\"url\":\"https:\/\/www.distribucionarc.com\/sl\/\",\"name\":\"distribuci\u00f3n ARC\",\"description\":\"Empresa especializada en la fabricaci\u00f3n y distribuci\u00f3n de maquinaria industrial, selladoras de latas, Maquinas de hacer pastillas, Maquinas de cortar carne...\",\"publisher\":{\"@id\":\"https:\/\/www.distribucionarc.com\/sl\/#organization\"},\"potentialAction\":[{\"@type\":\"SearchAction\",\"target\":{\"@type\":\"EntryPoint\",\"urlTemplate\":\"https:\/\/www.distribucionarc.com\/sl\/?s={search_term_string}\"},\"query-input\":{\"@type\":\"PropertyValueSpecification\",\"valueRequired\":true,\"valueName\":\"search_term_string\"}}],\"inLanguage\":\"sl-SI\"},{\"@type\":\"Organization\",\"@id\":\"https:\/\/www.distribucionarc.com\/sl\/#organization\",\"name\":\"Distribuci\u00f3n ARC\",\"url\":\"https:\/\/www.distribucionarc.com\/sl\/\",\"logo\":{\"@type\":\"ImageObject\",\"inLanguage\":\"sl-SI\",\"@id\":\"https:\/\/www.distribucionarc.com\/sl\/#\/schema\/logo\/image\/\",\"url\":\"https:\/\/distribucionarc.com\/wp-content\/uploads\/2024\/10\/distribucion-ARC-COLOR-SIN-FONDO-e1732295305345.png\",\"contentUrl\":\"https:\/\/distribucionarc.com\/wp-content\/uploads\/2024\/10\/distribucion-ARC-COLOR-SIN-FONDO-e1732295305345.png\",\"width\":1164,\"height\":558,\"caption\":\"Distribuci\u00f3n ARC\"},\"image\":{\"@id\":\"https:\/\/www.distribucionarc.com\/sl\/#\/schema\/logo\/image\/\"},\"description\":\"Empresa especializada en la fabricaci\u00f3n y distribuci\u00f3n de maquinaria industrial para los sectores alimentario y farmac\u00e9utico. Nos especializamos en: M\u00e1quinas de cortar carne Fabricaci\u00f3n de comprimidos Sistemas de transporte industrial L\u00edneas de embotellado Dosificadores Y mucho m\u00e1s... Ofrecemos soluciones innovadoras y personalizadas para optimizar los procesos productivos de tu empresa.\",\"email\":\"Admistracion@distribucionarc.com\",\"telephone\":\"+34 643496664\",\"legalName\":\"ARC TECH SOLUTIONS\",\"foundingDate\":\"2024-04-09\",\"vatID\":\"B55480172\",\"numberOfEmployees\":{\"@type\":\"QuantitativeValue\",\"minValue\":\"1\",\"maxValue\":\"10\"}}]}<\/script>\n<!-- \/ Yoast SEO Premium plugin. -->","yoast_head_json":{"title":"Elektri\u010dni cvrtnik za ocvrte ribe, krompir itd. 2x10L? - ARC distribucija","description":"10-litrski elektri\u010dni cvrtnik z dvojnim rezervoarjem za bare in restavracije. Popoln za cvrtje krompirja, rib in ve\u010d z neodvisnim nadzorom. Idealno za komercialne kuhinje","robots":{"index":"index","follow":"follow","max-snippet":"max-snippet:-1","max-image-preview":"max-image-preview:large","max-video-preview":"max-video-preview:-1"},"canonical":"https:\/\/distribucionarc.com\/sl\/izdelek\/elektricni-cvrtnik-za-ocvrte-ribe-krompir-itd-2x10l-\ud83c\udf5f\/","og_locale":"sl_SI","og_type":"article","og_title":"Freidora el\u00e9ctrica para pescado frito, patatas, etc. 2x10L ?","og_description":"Freidora el\u00e9ctrica de doble tanque de 10 litros para bares y restaurantes. Perfecta para fre\u00edr patatas, pescado y m\u00e1s con control independiente. Ideal para cocinas comerciales","og_url":"https:\/\/distribucionarc.com\/sl\/izdelek\/elektricni-cvrtnik-za-ocvrte-ribe-krompir-itd-2x10l-\ud83c\udf5f\/","og_site_name":"distribuci\u00f3n ARC","article_modified_time":"2024-09-04T19:31:36+00:00","og_image":[{"width":1600,"height":1600,"url":"https:\/\/distribucionarc.com\/wp-content\/uploads\/2020\/05\/Freidora-el\u00e9ctrica-para-pescado-frito-10L-0.jpg","type":"image\/jpeg"}],"twitter_card":"summary_large_image","twitter_misc":{"Est. reading time":"2 minuti"},"schema":{"@context":"https:\/\/schema.org","@graph":[{"@type":"WebPage","@id":"https:\/\/distribucionarc.com\/bg\/producto\/freidora-electrica-para-pescado-frito-patatas-etc-2x10l-%f0%9f%8d%9f\/","url":"https:\/\/distribucionarc.com\/bg\/producto\/freidora-electrica-para-pescado-frito-patatas-etc-2x10l-%f0%9f%8d%9f\/","name":"Elektri\u010dni cvrtnik za ocvrte ribe, krompir itd. 2x10L? - ARC distribucija","isPartOf":{"@id":"https:\/\/www.distribucionarc.com\/sl\/#website"},"primaryImageOfPage":{"@id":"https:\/\/distribucionarc.com\/bg\/producto\/freidora-electrica-para-pescado-frito-patatas-etc-2x10l-%f0%9f%8d%9f\/#primaryimage"},"image":{"@id":"https:\/\/distribucionarc.com\/bg\/producto\/freidora-electrica-para-pescado-frito-patatas-etc-2x10l-%f0%9f%8d%9f\/#primaryimage"},"thumbnailUrl":"https:\/\/distribucionarc.com\/wp-content\/uploads\/2020\/05\/Freidora-el\u00e9ctrica-para-pescado-frito-10L-0.jpg","datePublished":"2020-05-28T22:34:21+00:00","dateModified":"2024-09-04T19:31:36+00:00","description":"10-litrski elektri\u010dni cvrtnik z dvojnim rezervoarjem za bare in restavracije. Popoln za cvrtje krompirja, rib in ve\u010d z neodvisnim nadzorom. Idealno za komercialne kuhinje","breadcrumb":{"@id":"https:\/\/distribucionarc.com\/bg\/producto\/freidora-electrica-para-pescado-frito-patatas-etc-2x10l-%f0%9f%8d%9f\/#breadcrumb"},"inLanguage":"sl-SI","potentialAction":[{"@type":"ReadAction","target":["https:\/\/distribucionarc.com\/bg\/producto\/freidora-electrica-para-pescado-frito-patatas-etc-2x10l-%f0%9f%8d%9f\/"]}]},{"@type":"ImageObject","inLanguage":"sl-SI","@id":"https:\/\/distribucionarc.com\/bg\/producto\/freidora-electrica-para-pescado-frito-patatas-etc-2x10l-%f0%9f%8d%9f\/#primaryimage","url":"https:\/\/distribucionarc.com\/wp-content\/uploads\/2020\/05\/Freidora-el\u00e9ctrica-para-pescado-frito-10L-0.jpg","contentUrl":"https:\/\/distribucionarc.com\/wp-content\/uploads\/2020\/05\/Freidora-el\u00e9ctrica-para-pescado-frito-10L-0.jpg","width":1600,"height":1600},{"@type":"BreadcrumbList","@id":"https:\/\/distribucionarc.com\/bg\/producto\/freidora-electrica-para-pescado-frito-patatas-etc-2x10l-%f0%9f%8d%9f\/#breadcrumb","itemListElement":[{"@type":"ListItem","position":1,"name":"Portada","item":"https:\/\/www.distribucionarc.com\/"},{"@type":"ListItem","position":2,"name":"\u00dcr\u00fcnler","item":"https:\/\/www.distribucionarc.com\/tr\/magaza\/"},{"@type":"ListItem","position":3,"name":"Freidora el\u00e9ctrica para pescado frito, patatas, etc. 2x10L ?"}]},{"@type":"WebSite","@id":"https:\/\/www.distribucionarc.com\/sl\/#website","url":"https:\/\/www.distribucionarc.com\/sl\/","name":"ARC porazdelitev","description":"Podjetje je specializirano za proizvodnjo in distribucijo industrijskih strojev, strojev za zapiranje plo\u010devink, strojev za izdelavo tablet, strojev za rezanje mesa...","publisher":{"@id":"https:\/\/www.distribucionarc.com\/sl\/#organization"},"potentialAction":[{"@type":"SearchAction","target":{"@type":"EntryPoint","urlTemplate":"https:\/\/www.distribucionarc.com\/sl\/?s={search_term_string}"},"query-input":{"@type":"PropertyValueSpecification","valueRequired":true,"valueName":"search_term_string"}}],"inLanguage":"sl-SI"},{"@type":"Organization","@id":"https:\/\/www.distribucionarc.com\/sl\/#organization","name":"Distribucija ARC","url":"https:\/\/www.distribucionarc.com\/sl\/","logo":{"@type":"ImageObject","inLanguage":"sl-SI","@id":"https:\/\/www.distribucionarc.com\/sl\/#\/schema\/logo\/image\/","url":"https:\/\/distribucionarc.com\/wp-content\/uploads\/2024\/10\/distribucion-ARC-COLOR-SIN-FONDO-e1732295305345.png","contentUrl":"https:\/\/distribucionarc.com\/wp-content\/uploads\/2024\/10\/distribucion-ARC-COLOR-SIN-FONDO-e1732295305345.png","width":1164,"height":558,"caption":"Distribuci\u00f3n ARC"},"image":{"@id":"https:\/\/www.distribucionarc.com\/sl\/#\/schema\/logo\/image\/"},"description":"Podjetje, specializirano za proizvodnjo in distribucijo industrijskih strojev za \u017eivilski in farmacevtski sektor. Specializirani smo za: Stroji za rezanje mesa Proizvodnja tablet Industrijski transportni sistemi Stekleni\u010darske linije Dozirni stroji In \u0161e veliko ve\u010d... Ponujamo inovativne in prilagojene re\u0161itve za optimizacijo proizvodnih procesov va\u0161ega podjetja.","email":"Admistracion@distribucionarc.com","telephone":"+34 643496664","legalName":"ARC TECH SOLUTIONS","foundingDate":"2024-04-09","vatID":"B55480172","numberOfEmployees":{"@type":"QuantitativeValue","minValue":"1","maxValue":"10"}}]}},"_links":{"self":[{"href":"https:\/\/distribucionarc.com\/sl\/wp-json\/wp\/v2\/product\/654","targetHints":{"allow":["GET"]}}],"collection":[{"href":"https:\/\/distribucionarc.com\/sl\/wp-json\/wp\/v2\/product"}],"about":[{"href":"https:\/\/distribucionarc.com\/sl\/wp-json\/wp\/v2\/types\/product"}],"replies":[{"embeddable":true,"href":"https:\/\/distribucionarc.com\/sl\/wp-json\/wp\/v2\/comments?post=654"}],"version-history":[{"count":0,"href":"https:\/\/distribucionarc.com\/sl\/wp-json\/wp\/v2\/product\/654\/revisions"}],"wp:featuredmedia":[{"embeddable":true,"href":"https:\/\/distribucionarc.com\/sl\/wp-json\/wp\/v2\/media\/661"}],"wp:attachment":[{"href":"https:\/\/distribucionarc.com\/sl\/wp-json\/wp\/v2\/media?parent=654"}],"wp:term":[{"taxonomy":"product_brand","embeddable":true,"href":"https:\/\/distribucionarc.com\/sl\/wp-json\/wp\/v2\/product_brand?post=654"},{"taxonomy":"product_cat","embeddable":true,"href":"https:\/\/distribucionarc.com\/sl\/wp-json\/wp\/v2\/product_cat?post=654"},{"taxonomy":"product_tag","embeddable":true,"href":"https:\/\/distribucionarc.com\/sl\/wp-json\/wp\/v2\/product_tag?post=654"}],"curies":[{"name":"delovni list","href":"https:\/\/api.w.org\/{rel}","templated":true}]}}