{"id":6625,"date":"2024-04-24T16:26:54","date_gmt":"2024-04-24T16:26:54","guid":{"rendered":"https:\/\/distribucionarc.com\/?post_type=product&#038;p=6625"},"modified":"2024-04-24T16:48:05","modified_gmt":"2024-04-24T16:48:05","slug":"vitamin-booster-topne-tablete-machine","status":"publish","type":"product","link":"https:\/\/distribucionarc.com\/sl\/producto\/maquina-de-tabletas-solubles-de-refuerzo-vitaminico\/","title":{"rendered":"STROJ ZA TABLETE ZA OKREPITEV TOPLJIVIH VITAMINOV"},"content":{"rendered":"<p>Na\u0161a postojanka<strong> Samodejni rotacijski stiskalni stroj Double Press za topne tablete za pove\u010danje vitamina<\/strong>, predstavlja popolno re\u0161itev, ki jo i\u0161\u010dete. Ta inovativni stroj zdru\u017euje vrhunsko tehnologijo z intuitivnim dizajnom in ponuja vrsto prednosti za optimizacijo proizvodnje in kakovosti va\u0161ega<strong> vitaminski dodatek<\/strong>, kar vam omogo\u010da u\u010dinkovito izpolnjevanje zahtev va\u0161ih strank. Zagotavlja ve\u010djo proizvodnjo in vrhunsko kakovost zahvaljujo\u010d enakomerni kon\u010dni obdelavi in optimalnemu stiskanju, ki omogo\u010da hitro raztapljanje in tako izbolj\u0161a uporabni\u0161ko izku\u0161njo.<\/p>\n<p>&nbsp;<\/p>\n<p>&nbsp;<\/p>\n<table>\n<tbody>\n<tr>\n<td width=\"189\">model<\/td>\n<td width=\"189\">ZARPW29<\/td>\n<td width=\"189\">ZARPW31<\/td>\n<\/tr>\n<tr>\n<td width=\"189\">Matrice za prebijanje<\/td>\n<td width=\"189\">29<\/td>\n<td width=\"189\">31<\/td>\n<\/tr>\n<tr>\n<td width=\"189\">najve\u010dji tlak (kn)<\/td>\n<td width=\"189\">100<\/td>\n<td width=\"189\">100<\/td>\n<\/tr>\n<tr>\n<td width=\"189\">Najve\u010dji premer tablete (mm)<\/td>\n<td width=\"189\">25<\/td>\n<td width=\"189\">22<\/td>\n<\/tr>\n<tr>\n<td width=\"189\">Najve\u010dja globina polnjenja (mm)<\/td>\n<td width=\"189\">15<\/td>\n<td width=\"189\">15<\/td>\n<\/tr>\n<tr>\n<td width=\"189\">Najve\u010dja debelina tablete (mm)<\/td>\n<td width=\"189\">6<\/td>\n<td width=\"189\">6<\/td>\n<\/tr>\n<tr>\n<td width=\"189\">Hitrost kupole (r\/min)<\/td>\n<td width=\"189\">14-36<\/td>\n<td width=\"189\">14-36<\/td>\n<\/tr>\n<tr>\n<td width=\"189\">Proizvodna zmogljivost (kos\/h)<\/td>\n<td width=\"189\">125000<\/td>\n<td width=\"189\">135000<\/td>\n<\/tr>\n<tr>\n<td width=\"189\">Mo\u010d motorja (kw)<\/td>\n<td width=\"189\">5.5<\/td>\n<td width=\"189\">5.5<\/td>\n<\/tr>\n<tr>\n<td width=\"189\">Skupna velikost (mm)<\/td>\n<td width=\"189\">1230*<\/p>\n<p>950*<\/p>\n<p>1670*<\/td>\n<td width=\"189\">1230*<\/p>\n<p>950*<\/p>\n<p>1670*<\/td>\n<\/tr>\n<tr>\n<td width=\"189\">Neto te\u017ea kg<\/td>\n<td width=\"189\">1700<\/td>\n<td width=\"189\">1700<\/td>\n<\/tr>\n<\/tbody>\n<\/table>","protected":false},"excerpt":{"rendered":"<p>Na\u0161 napredni avtomatski rotacijski stroj za stiskanje tablet z dvojnim stiskanjem za topne tablete z vitamini predstavlja popolno re\u0161itev, ki<\/p>","protected":false},"featured_media":6634,"comment_status":"open","ping_status":"closed","template":"","meta":{"wds_primary_product_brand":0,"wds_primary_product_cat":0},"product_brand":[],"product_cat":[84],"product_tag":[],"class_list":{"0":"post-6625","1":"product","2":"type-product","3":"status-publish","4":"has-post-thumbnail","6":"product_cat-maquinas-para-hacer-pastillas","8":"first","9":"instock","10":"taxable","11":"shipping-taxable","12":"purchasable","13":"product-type-simple"},"yoast_head":"<!-- This site is optimized with the Yoast SEO Premium plugin v24.9 (Yoast SEO v26.1) - https:\/\/yoast.com\/wordpress\/plugins\/seo\/ -->\n<title>MAQUINA DE TABLETAS SOLUBLES DE REFUERZO VITAMINICO - distribuci\u00f3n ARC<\/title>\n<meta name=\"robots\" content=\"index, follow, max-snippet:-1, max-image-preview:large, max-video-preview:-1\" \/>\n<link rel=\"canonical\" href=\"https:\/\/distribucionarc.com\/sl\/izdelek\/vitamin-booster-topne-tablete-machine\/\" \/>\n<meta property=\"og:locale\" content=\"sl_SI\" \/>\n<meta property=\"og:type\" content=\"article\" \/>\n<meta property=\"og:title\" content=\"MAQUINA DE TABLETAS SOLUBLES DE REFUERZO VITAMINICO\" \/>\n<meta property=\"og:description\" content=\"Nuestra avanzada M\u00e1quina Prensadora Rotativa Autom\u00e1tica de Doble Prensa para Tabletas Solubles de refuerzo vitam\u00ednico, representa la soluci\u00f3n perfecta que\" \/>\n<meta property=\"og:url\" content=\"https:\/\/distribucionarc.com\/sl\/izdelek\/vitamin-booster-topne-tablete-machine\/\" \/>\n<meta property=\"og:site_name\" content=\"distribuci\u00f3n ARC\" \/>\n<meta property=\"article:modified_time\" content=\"2024-04-24T16:48:05+00:00\" \/>\n<meta property=\"og:image\" content=\"https:\/\/distribucionarc.com\/wp-content\/uploads\/2024\/04\/MAQUINA-DE-TABLETAS-SOLUBLES-DE-REFUERZO-VITAMINICO-1.jpg\" \/>\n\t<meta property=\"og:image:width\" content=\"368\" \/>\n\t<meta property=\"og:image:height\" content=\"465\" \/>\n\t<meta property=\"og:image:type\" content=\"image\/jpeg\" \/>\n<meta name=\"twitter:card\" content=\"summary_large_image\" \/>\n<meta name=\"twitter:label1\" content=\"Est. reading time\" \/>\n\t<meta name=\"twitter:data1\" content=\"1 minuta\" \/>\n<script type=\"application\/ld+json\" class=\"yoast-schema-graph\">{\"@context\":\"https:\/\/schema.org\",\"@graph\":[{\"@type\":\"WebPage\",\"@id\":\"https:\/\/distribucionarc.com\/en\/producto\/maquina-de-tabletas-solubles-de-refuerzo-vitaminico\/\",\"url\":\"https:\/\/distribucionarc.com\/en\/producto\/maquina-de-tabletas-solubles-de-refuerzo-vitaminico\/\",\"name\":\"MAQUINA DE TABLETAS SOLUBLES DE REFUERZO VITAMINICO - distribuci\u00f3n ARC\",\"isPartOf\":{\"@id\":\"https:\/\/www.distribucionarc.com\/#website\"},\"primaryImageOfPage\":{\"@id\":\"https:\/\/distribucionarc.com\/en\/producto\/maquina-de-tabletas-solubles-de-refuerzo-vitaminico\/#primaryimage\"},\"image\":{\"@id\":\"https:\/\/distribucionarc.com\/en\/producto\/maquina-de-tabletas-solubles-de-refuerzo-vitaminico\/#primaryimage\"},\"thumbnailUrl\":\"https:\/\/distribucionarc.com\/wp-content\/uploads\/2024\/04\/MAQUINA-DE-TABLETAS-SOLUBLES-DE-REFUERZO-VITAMINICO-1.jpg\",\"datePublished\":\"2024-04-24T16:26:54+00:00\",\"dateModified\":\"2024-04-24T16:48:05+00:00\",\"breadcrumb\":{\"@id\":\"https:\/\/distribucionarc.com\/en\/producto\/maquina-de-tabletas-solubles-de-refuerzo-vitaminico\/#breadcrumb\"},\"inLanguage\":\"sl-SI\",\"potentialAction\":[{\"@type\":\"ReadAction\",\"target\":[\"https:\/\/distribucionarc.com\/en\/producto\/maquina-de-tabletas-solubles-de-refuerzo-vitaminico\/\"]}]},{\"@type\":\"ImageObject\",\"inLanguage\":\"sl-SI\",\"@id\":\"https:\/\/distribucionarc.com\/en\/producto\/maquina-de-tabletas-solubles-de-refuerzo-vitaminico\/#primaryimage\",\"url\":\"https:\/\/distribucionarc.com\/wp-content\/uploads\/2024\/04\/MAQUINA-DE-TABLETAS-SOLUBLES-DE-REFUERZO-VITAMINICO-1.jpg\",\"contentUrl\":\"https:\/\/distribucionarc.com\/wp-content\/uploads\/2024\/04\/MAQUINA-DE-TABLETAS-SOLUBLES-DE-REFUERZO-VITAMINICO-1.jpg\",\"width\":368,\"height\":465,\"caption\":\"#image_title\"},{\"@type\":\"BreadcrumbList\",\"@id\":\"https:\/\/distribucionarc.com\/en\/producto\/maquina-de-tabletas-solubles-de-refuerzo-vitaminico\/#breadcrumb\",\"itemListElement\":[{\"@type\":\"ListItem\",\"position\":1,\"name\":\"Portada\",\"item\":\"https:\/\/distribucionarc.com\/pl\/\"},{\"@type\":\"ListItem\",\"position\":2,\"name\":\"\u0627\u0644\u0645\u0646\u062a\u062c\u0627\u062a\",\"item\":\"https:\/\/www.distribucionarc.com\/ar\/%d9%85%d8%ad%d9%84\/\"},{\"@type\":\"ListItem\",\"position\":3,\"name\":\"MAQUINA DE TABLETAS SOLUBLES DE REFUERZO VITAMINICO\"}]},{\"@type\":\"WebSite\",\"@id\":\"https:\/\/www.distribucionarc.com\/#website\",\"url\":\"https:\/\/www.distribucionarc.com\/\",\"name\":\"distribuci\u00f3n ARC\",\"description\":\"Empresa especializada en la fabricaci\u00f3n y distribuci\u00f3n de maquinaria industrial, selladoras de latas, Maquinas de hacer pastillas, Maquinas de cortar carne...\",\"publisher\":{\"@id\":\"https:\/\/www.distribucionarc.com\/#organization\"},\"potentialAction\":[{\"@type\":\"SearchAction\",\"target\":{\"@type\":\"EntryPoint\",\"urlTemplate\":\"https:\/\/www.distribucionarc.com\/?s={search_term_string}\"},\"query-input\":{\"@type\":\"PropertyValueSpecification\",\"valueRequired\":true,\"valueName\":\"search_term_string\"}}],\"inLanguage\":\"sl-SI\"},{\"@type\":\"Organization\",\"@id\":\"https:\/\/www.distribucionarc.com\/#organization\",\"name\":\"Distribuci\u00f3n ARC\",\"url\":\"https:\/\/www.distribucionarc.com\/\",\"logo\":{\"@type\":\"ImageObject\",\"inLanguage\":\"sl-SI\",\"@id\":\"https:\/\/www.distribucionarc.com\/#\/schema\/logo\/image\/\",\"url\":\"https:\/\/distribucionarc.com\/wp-content\/uploads\/2024\/10\/distribucion-ARC-COLOR-SIN-FONDO-e1732295305345.png\",\"contentUrl\":\"https:\/\/distribucionarc.com\/wp-content\/uploads\/2024\/10\/distribucion-ARC-COLOR-SIN-FONDO-e1732295305345.png\",\"width\":1164,\"height\":558,\"caption\":\"Distribuci\u00f3n ARC\"},\"image\":{\"@id\":\"https:\/\/www.distribucionarc.com\/#\/schema\/logo\/image\/\"},\"description\":\"Empresa especializada en la fabricaci\u00f3n y distribuci\u00f3n de maquinaria industrial para los sectores alimentario y farmac\u00e9utico. Nos especializamos en: M\u00e1quinas de cortar carne Fabricaci\u00f3n de comprimidos Sistemas de transporte industrial L\u00edneas de embotellado Dosificadores Y mucho m\u00e1s... Ofrecemos soluciones innovadoras y personalizadas para optimizar los procesos productivos de tu empresa.\",\"email\":\"Admistracion@distribucionarc.com\",\"telephone\":\"+34 643496664\",\"legalName\":\"ARC TECH SOLUTIONS\",\"foundingDate\":\"2024-04-09\",\"vatID\":\"B55480172\",\"numberOfEmployees\":{\"@type\":\"QuantitativeValue\",\"minValue\":\"1\",\"maxValue\":\"10\"}}]}<\/script>\n<!-- \/ Yoast SEO Premium plugin. -->","yoast_head_json":{"title":"Aparat za topne tablete za okrep\u010ditev vitaminov - distribucija ARC","robots":{"index":"index","follow":"follow","max-snippet":"max-snippet:-1","max-image-preview":"max-image-preview:large","max-video-preview":"max-video-preview:-1"},"canonical":"https:\/\/distribucionarc.com\/sl\/izdelek\/vitamin-booster-topne-tablete-machine\/","og_locale":"sl_SI","og_type":"article","og_title":"MAQUINA DE TABLETAS SOLUBLES DE REFUERZO VITAMINICO","og_description":"Nuestra avanzada M\u00e1quina Prensadora Rotativa Autom\u00e1tica de Doble Prensa para Tabletas Solubles de refuerzo vitam\u00ednico, representa la soluci\u00f3n perfecta que","og_url":"https:\/\/distribucionarc.com\/sl\/izdelek\/vitamin-booster-topne-tablete-machine\/","og_site_name":"distribuci\u00f3n ARC","article_modified_time":"2024-04-24T16:48:05+00:00","og_image":[{"width":368,"height":465,"url":"https:\/\/distribucionarc.com\/wp-content\/uploads\/2024\/04\/MAQUINA-DE-TABLETAS-SOLUBLES-DE-REFUERZO-VITAMINICO-1.jpg","type":"image\/jpeg"}],"twitter_card":"summary_large_image","twitter_misc":{"Est. reading time":"1 minuta"},"schema":{"@context":"https:\/\/schema.org","@graph":[{"@type":"WebPage","@id":"https:\/\/distribucionarc.com\/en\/producto\/maquina-de-tabletas-solubles-de-refuerzo-vitaminico\/","url":"https:\/\/distribucionarc.com\/en\/producto\/maquina-de-tabletas-solubles-de-refuerzo-vitaminico\/","name":"Aparat za topne tablete za okrep\u010ditev vitaminov - distribucija ARC","isPartOf":{"@id":"https:\/\/www.distribucionarc.com\/#website"},"primaryImageOfPage":{"@id":"https:\/\/distribucionarc.com\/en\/producto\/maquina-de-tabletas-solubles-de-refuerzo-vitaminico\/#primaryimage"},"image":{"@id":"https:\/\/distribucionarc.com\/en\/producto\/maquina-de-tabletas-solubles-de-refuerzo-vitaminico\/#primaryimage"},"thumbnailUrl":"https:\/\/distribucionarc.com\/wp-content\/uploads\/2024\/04\/MAQUINA-DE-TABLETAS-SOLUBLES-DE-REFUERZO-VITAMINICO-1.jpg","datePublished":"2024-04-24T16:26:54+00:00","dateModified":"2024-04-24T16:48:05+00:00","breadcrumb":{"@id":"https:\/\/distribucionarc.com\/en\/producto\/maquina-de-tabletas-solubles-de-refuerzo-vitaminico\/#breadcrumb"},"inLanguage":"sl-SI","potentialAction":[{"@type":"ReadAction","target":["https:\/\/distribucionarc.com\/en\/producto\/maquina-de-tabletas-solubles-de-refuerzo-vitaminico\/"]}]},{"@type":"ImageObject","inLanguage":"sl-SI","@id":"https:\/\/distribucionarc.com\/en\/producto\/maquina-de-tabletas-solubles-de-refuerzo-vitaminico\/#primaryimage","url":"https:\/\/distribucionarc.com\/wp-content\/uploads\/2024\/04\/MAQUINA-DE-TABLETAS-SOLUBLES-DE-REFUERZO-VITAMINICO-1.jpg","contentUrl":"https:\/\/distribucionarc.com\/wp-content\/uploads\/2024\/04\/MAQUINA-DE-TABLETAS-SOLUBLES-DE-REFUERZO-VITAMINICO-1.jpg","width":368,"height":465,"caption":"#image_title"},{"@type":"BreadcrumbList","@id":"https:\/\/distribucionarc.com\/en\/producto\/maquina-de-tabletas-solubles-de-refuerzo-vitaminico\/#breadcrumb","itemListElement":[{"@type":"ListItem","position":1,"name":"Portada","item":"https:\/\/distribucionarc.com\/pl\/"},{"@type":"ListItem","position":2,"name":"\u0627\u0644\u0645\u0646\u062a\u062c\u0627\u062a","item":"https:\/\/www.distribucionarc.com\/ar\/%d9%85%d8%ad%d9%84\/"},{"@type":"ListItem","position":3,"name":"MAQUINA DE TABLETAS SOLUBLES DE REFUERZO VITAMINICO"}]},{"@type":"WebSite","@id":"https:\/\/www.distribucionarc.com\/#website","url":"https:\/\/www.distribucionarc.com\/","name":"ARC porazdelitev","description":"Podjetje je specializirano za proizvodnjo in distribucijo industrijskih strojev, strojev za zapiranje plo\u010devink, strojev za izdelavo tablet, strojev za rezanje mesa...","publisher":{"@id":"https:\/\/www.distribucionarc.com\/#organization"},"potentialAction":[{"@type":"SearchAction","target":{"@type":"EntryPoint","urlTemplate":"https:\/\/www.distribucionarc.com\/?s={search_term_string}"},"query-input":{"@type":"PropertyValueSpecification","valueRequired":true,"valueName":"search_term_string"}}],"inLanguage":"sl-SI"},{"@type":"Organization","@id":"https:\/\/www.distribucionarc.com\/#organization","name":"Distribucija ARC","url":"https:\/\/www.distribucionarc.com\/","logo":{"@type":"ImageObject","inLanguage":"sl-SI","@id":"https:\/\/www.distribucionarc.com\/#\/schema\/logo\/image\/","url":"https:\/\/distribucionarc.com\/wp-content\/uploads\/2024\/10\/distribucion-ARC-COLOR-SIN-FONDO-e1732295305345.png","contentUrl":"https:\/\/distribucionarc.com\/wp-content\/uploads\/2024\/10\/distribucion-ARC-COLOR-SIN-FONDO-e1732295305345.png","width":1164,"height":558,"caption":"Distribuci\u00f3n ARC"},"image":{"@id":"https:\/\/www.distribucionarc.com\/#\/schema\/logo\/image\/"},"description":"Podjetje, specializirano za proizvodnjo in distribucijo industrijskih strojev za \u017eivilski in farmacevtski sektor. Specializirani smo za: Stroji za rezanje mesa Proizvodnja tablet Industrijski transportni sistemi Stekleni\u010darske linije Dozirni stroji In \u0161e veliko ve\u010d... Ponujamo inovativne in prilagojene re\u0161itve za optimizacijo proizvodnih procesov va\u0161ega podjetja.","email":"Admistracion@distribucionarc.com","telephone":"+34 643496664","legalName":"ARC TECH SOLUTIONS","foundingDate":"2024-04-09","vatID":"B55480172","numberOfEmployees":{"@type":"QuantitativeValue","minValue":"1","maxValue":"10"}}]}},"_links":{"self":[{"href":"https:\/\/distribucionarc.com\/sl\/wp-json\/wp\/v2\/product\/6625","targetHints":{"allow":["GET"]}}],"collection":[{"href":"https:\/\/distribucionarc.com\/sl\/wp-json\/wp\/v2\/product"}],"about":[{"href":"https:\/\/distribucionarc.com\/sl\/wp-json\/wp\/v2\/types\/product"}],"replies":[{"embeddable":true,"href":"https:\/\/distribucionarc.com\/sl\/wp-json\/wp\/v2\/comments?post=6625"}],"version-history":[{"count":0,"href":"https:\/\/distribucionarc.com\/sl\/wp-json\/wp\/v2\/product\/6625\/revisions"}],"wp:featuredmedia":[{"embeddable":true,"href":"https:\/\/distribucionarc.com\/sl\/wp-json\/wp\/v2\/media\/6634"}],"wp:attachment":[{"href":"https:\/\/distribucionarc.com\/sl\/wp-json\/wp\/v2\/media?parent=6625"}],"wp:term":[{"taxonomy":"product_brand","embeddable":true,"href":"https:\/\/distribucionarc.com\/sl\/wp-json\/wp\/v2\/product_brand?post=6625"},{"taxonomy":"product_cat","embeddable":true,"href":"https:\/\/distribucionarc.com\/sl\/wp-json\/wp\/v2\/product_cat?post=6625"},{"taxonomy":"product_tag","embeddable":true,"href":"https:\/\/distribucionarc.com\/sl\/wp-json\/wp\/v2\/product_tag?post=6625"}],"curies":[{"name":"delovni list","href":"https:\/\/api.w.org\/{rel}","templated":true}]}}