{"id":6753,"date":"2024-04-25T15:59:13","date_gmt":"2024-04-25T15:59:13","guid":{"rendered":"https:\/\/distribucionarc.com\/?post_type=product&#038;p=6753"},"modified":"2024-04-25T15:59:15","modified_gmt":"2024-04-25T15:59:15","slug":"rotacijski-stroj-za-stiskanje-zvecljivih-tablet-jajcnih-beljakovin","status":"publish","type":"product","link":"https:\/\/distribucionarc.com\/sl\/producto\/maquina-prensadora-rotativa-de-tabletas-masticables-de-proteinas-de-huevo\/","title":{"rendered":"ROTACIJSKI STISKALNIK ZA \u017dVE\u010cLJIVE JAJ\u010cNE BELJAKOVINSKE TABLETE"},"content":{"rendered":"<p>Odkrijte <strong>Rotacijski stiskalni stroj HARSZP<\/strong>, temeljni kos v proizvodnji <strong>\u017eve\u010dljive jaj\u010dne beljakovinske tablete<\/strong> v farmacevtski industriji. Z neprimerljivo vsestranskostjo vam ta stroj omogo\u010da stiskanje \u0161iroke palete materialov, od pra\u0161kov do zrnc, ki jih pretvorite v <strong>tablete<\/strong> s personaliziranimi in natan\u010dnimi oblikami. S poudarkom na varnosti in natan\u010dnosti, <strong>HARSZP rotacijski stiskalni stroj<\/strong> Zagotavlja popoln nadzor v vsakem trenutku. Njegove lastnosti vklju\u010dujejo mo\u017enost reguliranja hitrosti pretvorbe frekvence, prikaz povpre\u010dnega tlaka v realnem \u010dasu in celovito za\u0161\u010dito pred preobremenitvijo. Poleg tega njegov integriran sistem za zaviranje v sili zagotavlja varno in zanesljivo delovanje v vsaki situaciji.<\/p>\n<p>&nbsp;<\/p>\n<table>\n<tbody>\n<tr>\n<td width=\"113\">Model<\/td>\n<td width=\"113\">HARSZP35<\/td>\n<td width=\"113\">HARSPZ43<\/td>\n<td width=\"113\">HARSPZ53<\/td>\n<td width=\"113\">HARSPZ57<\/td>\n<\/tr>\n<tr>\n<td width=\"113\">Umri (igre)<\/td>\n<td width=\"113\">35<\/td>\n<td width=\"113\">43<\/td>\n<td width=\"113\">53<\/td>\n<td width=\"113\">57<\/td>\n<\/tr>\n<tr>\n<td width=\"113\">Vrsta orodja<\/td>\n<td width=\"113\">IPT<\/td>\n<td width=\"113\">IPT<\/td>\n<td width=\"113\">IPT<\/td>\n<td width=\"113\">IPT<\/td>\n<\/tr>\n<tr>\n<td width=\"113\">max tlak (ton)<\/td>\n<td width=\"113\">100<\/td>\n<td width=\"113\">100<\/td>\n<td width=\"113\">100<\/td>\n<td width=\"113\">100<\/td>\n<\/tr>\n<tr>\n<td width=\"113\">Najve\u010dji tlak (ton)<\/td>\n<td width=\"113\">60<\/td>\n<td width=\"113\">60<\/td>\n<td width=\"113\">60<\/td>\n<td width=\"113\">60<\/td>\n<\/tr>\n<tr>\n<td width=\"113\">Premer tablete (mm)<\/td>\n<td width=\"113\">25<\/td>\n<td width=\"113\">18<\/td>\n<td width=\"113\">13<\/td>\n<td width=\"113\">11<\/td>\n<\/tr>\n<tr>\n<td width=\"113\">Globina polnjenja (mm)<\/td>\n<td width=\"113\">18<\/td>\n<td width=\"113\">18<\/td>\n<td width=\"113\">18<\/td>\n<td width=\"113\">18<\/td>\n<\/tr>\n<tr>\n<td width=\"113\">Najve\u010dja debelina tablete (mm)<\/td>\n<td width=\"113\">9<\/td>\n<td width=\"113\">9<\/td>\n<td width=\"113\">9<\/td>\n<td width=\"113\">9<\/td>\n<\/tr>\n<tr>\n<td width=\"113\">Hitrost kupole (r\/min)<\/td>\n<td width=\"113\">45<\/td>\n<td width=\"113\">45<\/td>\n<td width=\"113\">45<\/td>\n<td width=\"113\">45<\/td>\n<\/tr>\n<tr>\n<td width=\"113\">Proizvodna zmogljivost (kos\/h)<\/td>\n<td width=\"113\">189000<\/td>\n<td width=\"113\">232200<\/td>\n<td width=\"113\">286200<\/td>\n<td width=\"113\">307800<\/td>\n<\/tr>\n<tr>\n<td width=\"113\">Mo\u010d motorja (kw)<\/td>\n<td width=\"113\">11<\/td>\n<td width=\"113\">11<\/td>\n<td width=\"113\">11<\/td>\n<td width=\"113\">11<\/td>\n<\/tr>\n<tr>\n<td width=\"113\">Skupna velikost (mm)<\/td>\n<td width=\"113\">1170*<\/p>\n<p>1290*<\/p>\n<p>1750*<\/td>\n<td width=\"113\">1170*<\/p>\n<p>1290*<\/p>\n<p>1750*<\/td>\n<td width=\"113\">1170*<\/p>\n<p>1290*<\/p>\n<p>1190*<\/td>\n<td width=\"113\">1170*<\/p>\n<p>1290*<\/p>\n<p>1190*<\/td>\n<\/tr>\n<tr>\n<td width=\"113\">Neto te\u017ea<\/td>\n<td width=\"113\">3500<\/td>\n<td width=\"113\">3500<\/td>\n<td width=\"113\">3500<\/td>\n<td width=\"113\">3500<\/td>\n<\/tr>\n<\/tbody>\n<\/table>\n<p>&nbsp;<\/p>\n<p>&nbsp;<\/p>","protected":false},"excerpt":{"rendered":"<p>Odkrijte rotacijsko stiskalnico HARSZP, temeljni del pri proizvodnji \u017eve\u010dljivih tablet jaj\u010dnih beljakovin v<\/p>","protected":false},"featured_media":6754,"comment_status":"open","ping_status":"closed","template":"","meta":{"wds_primary_product_brand":0,"wds_primary_product_cat":0},"product_brand":[],"product_cat":[84],"product_tag":[],"class_list":{"0":"post-6753","1":"product","2":"type-product","3":"status-publish","4":"has-post-thumbnail","6":"product_cat-maquinas-para-hacer-pastillas","8":"first","9":"instock","10":"taxable","11":"shipping-taxable","12":"purchasable","13":"product-type-simple"},"yoast_head":"<!-- This site is optimized with the Yoast SEO Premium plugin v24.9 (Yoast SEO v26.1) - https:\/\/yoast.com\/wordpress\/plugins\/seo\/ -->\n<title>MAQUINA PRENSADORA ROTATIVA DE TABLETAS MASTICABLES DE PROTEINAS DE HUEVO - distribuci\u00f3n ARC<\/title>\n<meta name=\"robots\" content=\"index, follow, max-snippet:-1, max-image-preview:large, max-video-preview:-1\" \/>\n<link rel=\"canonical\" href=\"https:\/\/distribucionarc.com\/sl\/izdelek\/rotacijski-stroj-za-stiskanje-zvecljivih-tablet-jajcnih-beljakovin\/\" \/>\n<meta property=\"og:locale\" content=\"sl_SI\" \/>\n<meta property=\"og:type\" content=\"article\" \/>\n<meta property=\"og:title\" content=\"MAQUINA PRENSADORA ROTATIVA DE TABLETAS MASTICABLES DE PROTEINAS DE HUEVO\" \/>\n<meta property=\"og:description\" content=\"Descubre la M\u00e1quina Prensadora Rotativa HARSZP, una pieza fundamental en la producci\u00f3n de tabletas masticables de prote\u00ednas de huevo en\" \/>\n<meta property=\"og:url\" content=\"https:\/\/distribucionarc.com\/sl\/izdelek\/rotacijski-stroj-za-stiskanje-zvecljivih-tablet-jajcnih-beljakovin\/\" \/>\n<meta property=\"og:site_name\" content=\"distribuci\u00f3n ARC\" \/>\n<meta property=\"article:modified_time\" content=\"2024-04-25T15:59:15+00:00\" \/>\n<meta property=\"og:image\" content=\"https:\/\/distribucionarc.com\/wp-content\/uploads\/2024\/04\/MAQUINA-PRENSADORA-ROTATIVA-DE-TABLETAS-MASTICABLES-DE-PROTEINAS-DE-HUEVO.jpg\" \/>\n\t<meta property=\"og:image:width\" content=\"624\" \/>\n\t<meta property=\"og:image:height\" content=\"904\" \/>\n\t<meta property=\"og:image:type\" content=\"image\/jpeg\" \/>\n<meta name=\"twitter:card\" content=\"summary_large_image\" \/>\n<meta name=\"twitter:label1\" content=\"Est. reading time\" \/>\n\t<meta name=\"twitter:data1\" content=\"1 minuta\" \/>\n<script type=\"application\/ld+json\" class=\"yoast-schema-graph\">{\"@context\":\"https:\/\/schema.org\",\"@graph\":[{\"@type\":\"WebPage\",\"@id\":\"https:\/\/distribucionarc.com\/sl\/producto\/maquina-prensadora-rotativa-de-tabletas-masticables-de-proteinas-de-huevo\/\",\"url\":\"https:\/\/distribucionarc.com\/sl\/producto\/maquina-prensadora-rotativa-de-tabletas-masticables-de-proteinas-de-huevo\/\",\"name\":\"MAQUINA PRENSADORA ROTATIVA DE TABLETAS MASTICABLES DE PROTEINAS DE HUEVO - distribuci\u00f3n ARC\",\"isPartOf\":{\"@id\":\"https:\/\/distribucionarc.com\/bg\/#website\"},\"primaryImageOfPage\":{\"@id\":\"https:\/\/distribucionarc.com\/sl\/producto\/maquina-prensadora-rotativa-de-tabletas-masticables-de-proteinas-de-huevo\/#primaryimage\"},\"image\":{\"@id\":\"https:\/\/distribucionarc.com\/sl\/producto\/maquina-prensadora-rotativa-de-tabletas-masticables-de-proteinas-de-huevo\/#primaryimage\"},\"thumbnailUrl\":\"https:\/\/distribucionarc.com\/wp-content\/uploads\/2024\/04\/MAQUINA-PRENSADORA-ROTATIVA-DE-TABLETAS-MASTICABLES-DE-PROTEINAS-DE-HUEVO.jpg\",\"datePublished\":\"2024-04-25T15:59:13+00:00\",\"dateModified\":\"2024-04-25T15:59:15+00:00\",\"breadcrumb\":{\"@id\":\"https:\/\/distribucionarc.com\/sl\/producto\/maquina-prensadora-rotativa-de-tabletas-masticables-de-proteinas-de-huevo\/#breadcrumb\"},\"inLanguage\":\"sl-SI\",\"potentialAction\":[{\"@type\":\"ReadAction\",\"target\":[\"https:\/\/distribucionarc.com\/sl\/producto\/maquina-prensadora-rotativa-de-tabletas-masticables-de-proteinas-de-huevo\/\"]}]},{\"@type\":\"ImageObject\",\"inLanguage\":\"sl-SI\",\"@id\":\"https:\/\/distribucionarc.com\/sl\/producto\/maquina-prensadora-rotativa-de-tabletas-masticables-de-proteinas-de-huevo\/#primaryimage\",\"url\":\"https:\/\/distribucionarc.com\/wp-content\/uploads\/2024\/04\/MAQUINA-PRENSADORA-ROTATIVA-DE-TABLETAS-MASTICABLES-DE-PROTEINAS-DE-HUEVO.jpg\",\"contentUrl\":\"https:\/\/distribucionarc.com\/wp-content\/uploads\/2024\/04\/MAQUINA-PRENSADORA-ROTATIVA-DE-TABLETAS-MASTICABLES-DE-PROTEINAS-DE-HUEVO.jpg\",\"width\":624,\"height\":904,\"caption\":\"#image_title\"},{\"@type\":\"BreadcrumbList\",\"@id\":\"https:\/\/distribucionarc.com\/sl\/producto\/maquina-prensadora-rotativa-de-tabletas-masticables-de-proteinas-de-huevo\/#breadcrumb\",\"itemListElement\":[{\"@type\":\"ListItem\",\"position\":1,\"name\":\"Portada\",\"item\":\"https:\/\/distribucionarc.com\/el\/\"},{\"@type\":\"ListItem\",\"position\":2,\"name\":\"Proizvodi\",\"item\":\"https:\/\/www.distribucionarc.com\/hr\/ducan\/\"},{\"@type\":\"ListItem\",\"position\":3,\"name\":\"MAQUINA PRENSADORA ROTATIVA DE TABLETAS MASTICABLES DE PROTEINAS DE HUEVO\"}]},{\"@type\":\"WebSite\",\"@id\":\"https:\/\/distribucionarc.com\/bg\/#website\",\"url\":\"https:\/\/distribucionarc.com\/bg\/\",\"name\":\"distribuci\u00f3n ARC\",\"description\":\"Empresa especializada en la fabricaci\u00f3n y distribuci\u00f3n de maquinaria industrial, selladoras de latas, Maquinas de hacer pastillas, Maquinas de cortar carne...\",\"publisher\":{\"@id\":\"https:\/\/distribucionarc.com\/bg\/#organization\"},\"potentialAction\":[{\"@type\":\"SearchAction\",\"target\":{\"@type\":\"EntryPoint\",\"urlTemplate\":\"https:\/\/distribucionarc.com\/bg\/?s={search_term_string}\"},\"query-input\":{\"@type\":\"PropertyValueSpecification\",\"valueRequired\":true,\"valueName\":\"search_term_string\"}}],\"inLanguage\":\"sl-SI\"},{\"@type\":\"Organization\",\"@id\":\"https:\/\/distribucionarc.com\/bg\/#organization\",\"name\":\"Distribuci\u00f3n ARC\",\"url\":\"https:\/\/distribucionarc.com\/bg\/\",\"logo\":{\"@type\":\"ImageObject\",\"inLanguage\":\"sl-SI\",\"@id\":\"https:\/\/distribucionarc.com\/bg\/#\/schema\/logo\/image\/\",\"url\":\"https:\/\/distribucionarc.com\/wp-content\/uploads\/2024\/10\/distribucion-ARC-COLOR-SIN-FONDO-e1732295305345.png\",\"contentUrl\":\"https:\/\/distribucionarc.com\/wp-content\/uploads\/2024\/10\/distribucion-ARC-COLOR-SIN-FONDO-e1732295305345.png\",\"width\":1164,\"height\":558,\"caption\":\"Distribuci\u00f3n ARC\"},\"image\":{\"@id\":\"https:\/\/distribucionarc.com\/bg\/#\/schema\/logo\/image\/\"},\"description\":\"Empresa especializada en la fabricaci\u00f3n y distribuci\u00f3n de maquinaria industrial para los sectores alimentario y farmac\u00e9utico. Nos especializamos en: M\u00e1quinas de cortar carne Fabricaci\u00f3n de comprimidos Sistemas de transporte industrial L\u00edneas de embotellado Dosificadores Y mucho m\u00e1s... Ofrecemos soluciones innovadoras y personalizadas para optimizar los procesos productivos de tu empresa.\",\"email\":\"Admistracion@distribucionarc.com\",\"telephone\":\"+34 643496664\",\"legalName\":\"ARC TECH SOLUTIONS\",\"foundingDate\":\"2024-04-09\",\"vatID\":\"B55480172\",\"numberOfEmployees\":{\"@type\":\"QuantitativeValue\",\"minValue\":\"1\",\"maxValue\":\"10\"}}]}<\/script>\n<!-- \/ Yoast SEO Premium plugin. -->","yoast_head_json":{"title":"ROTACIJSKI STISKALNIK ZA \u017dVE\u010cLJIVE JAJ\u010cNE BELJAKOVINSKE TABLETE - ARC distribucija","robots":{"index":"index","follow":"follow","max-snippet":"max-snippet:-1","max-image-preview":"max-image-preview:large","max-video-preview":"max-video-preview:-1"},"canonical":"https:\/\/distribucionarc.com\/sl\/izdelek\/rotacijski-stroj-za-stiskanje-zvecljivih-tablet-jajcnih-beljakovin\/","og_locale":"sl_SI","og_type":"article","og_title":"MAQUINA PRENSADORA ROTATIVA DE TABLETAS MASTICABLES DE PROTEINAS DE HUEVO","og_description":"Descubre la M\u00e1quina Prensadora Rotativa HARSZP, una pieza fundamental en la producci\u00f3n de tabletas masticables de prote\u00ednas de huevo en","og_url":"https:\/\/distribucionarc.com\/sl\/izdelek\/rotacijski-stroj-za-stiskanje-zvecljivih-tablet-jajcnih-beljakovin\/","og_site_name":"distribuci\u00f3n ARC","article_modified_time":"2024-04-25T15:59:15+00:00","og_image":[{"width":624,"height":904,"url":"https:\/\/distribucionarc.com\/wp-content\/uploads\/2024\/04\/MAQUINA-PRENSADORA-ROTATIVA-DE-TABLETAS-MASTICABLES-DE-PROTEINAS-DE-HUEVO.jpg","type":"image\/jpeg"}],"twitter_card":"summary_large_image","twitter_misc":{"Est. reading time":"1 minuta"},"schema":{"@context":"https:\/\/schema.org","@graph":[{"@type":"WebPage","@id":"https:\/\/distribucionarc.com\/sl\/producto\/maquina-prensadora-rotativa-de-tabletas-masticables-de-proteinas-de-huevo\/","url":"https:\/\/distribucionarc.com\/sl\/producto\/maquina-prensadora-rotativa-de-tabletas-masticables-de-proteinas-de-huevo\/","name":"ROTACIJSKI STISKALNIK ZA \u017dVE\u010cLJIVE JAJ\u010cNE BELJAKOVINSKE TABLETE - ARC distribucija","isPartOf":{"@id":"https:\/\/distribucionarc.com\/bg\/#website"},"primaryImageOfPage":{"@id":"https:\/\/distribucionarc.com\/sl\/producto\/maquina-prensadora-rotativa-de-tabletas-masticables-de-proteinas-de-huevo\/#primaryimage"},"image":{"@id":"https:\/\/distribucionarc.com\/sl\/producto\/maquina-prensadora-rotativa-de-tabletas-masticables-de-proteinas-de-huevo\/#primaryimage"},"thumbnailUrl":"https:\/\/distribucionarc.com\/wp-content\/uploads\/2024\/04\/MAQUINA-PRENSADORA-ROTATIVA-DE-TABLETAS-MASTICABLES-DE-PROTEINAS-DE-HUEVO.jpg","datePublished":"2024-04-25T15:59:13+00:00","dateModified":"2024-04-25T15:59:15+00:00","breadcrumb":{"@id":"https:\/\/distribucionarc.com\/sl\/producto\/maquina-prensadora-rotativa-de-tabletas-masticables-de-proteinas-de-huevo\/#breadcrumb"},"inLanguage":"sl-SI","potentialAction":[{"@type":"ReadAction","target":["https:\/\/distribucionarc.com\/sl\/producto\/maquina-prensadora-rotativa-de-tabletas-masticables-de-proteinas-de-huevo\/"]}]},{"@type":"ImageObject","inLanguage":"sl-SI","@id":"https:\/\/distribucionarc.com\/sl\/producto\/maquina-prensadora-rotativa-de-tabletas-masticables-de-proteinas-de-huevo\/#primaryimage","url":"https:\/\/distribucionarc.com\/wp-content\/uploads\/2024\/04\/MAQUINA-PRENSADORA-ROTATIVA-DE-TABLETAS-MASTICABLES-DE-PROTEINAS-DE-HUEVO.jpg","contentUrl":"https:\/\/distribucionarc.com\/wp-content\/uploads\/2024\/04\/MAQUINA-PRENSADORA-ROTATIVA-DE-TABLETAS-MASTICABLES-DE-PROTEINAS-DE-HUEVO.jpg","width":624,"height":904,"caption":"#image_title"},{"@type":"BreadcrumbList","@id":"https:\/\/distribucionarc.com\/sl\/producto\/maquina-prensadora-rotativa-de-tabletas-masticables-de-proteinas-de-huevo\/#breadcrumb","itemListElement":[{"@type":"ListItem","position":1,"name":"Portada","item":"https:\/\/distribucionarc.com\/el\/"},{"@type":"ListItem","position":2,"name":"Proizvodi","item":"https:\/\/www.distribucionarc.com\/hr\/ducan\/"},{"@type":"ListItem","position":3,"name":"MAQUINA PRENSADORA ROTATIVA DE TABLETAS MASTICABLES DE PROTEINAS DE HUEVO"}]},{"@type":"WebSite","@id":"https:\/\/distribucionarc.com\/bg\/#website","url":"https:\/\/distribucionarc.com\/bg\/","name":"ARC porazdelitev","description":"Podjetje je specializirano za proizvodnjo in distribucijo industrijskih strojev, strojev za zapiranje plo\u010devink, strojev za izdelavo tablet, strojev za rezanje mesa...","publisher":{"@id":"https:\/\/distribucionarc.com\/bg\/#organization"},"potentialAction":[{"@type":"SearchAction","target":{"@type":"EntryPoint","urlTemplate":"https:\/\/distribucionarc.com\/bg\/?s={search_term_string}"},"query-input":{"@type":"PropertyValueSpecification","valueRequired":true,"valueName":"search_term_string"}}],"inLanguage":"sl-SI"},{"@type":"Organization","@id":"https:\/\/distribucionarc.com\/bg\/#organization","name":"Distribucija ARC","url":"https:\/\/distribucionarc.com\/bg\/","logo":{"@type":"ImageObject","inLanguage":"sl-SI","@id":"https:\/\/distribucionarc.com\/bg\/#\/schema\/logo\/image\/","url":"https:\/\/distribucionarc.com\/wp-content\/uploads\/2024\/10\/distribucion-ARC-COLOR-SIN-FONDO-e1732295305345.png","contentUrl":"https:\/\/distribucionarc.com\/wp-content\/uploads\/2024\/10\/distribucion-ARC-COLOR-SIN-FONDO-e1732295305345.png","width":1164,"height":558,"caption":"Distribuci\u00f3n ARC"},"image":{"@id":"https:\/\/distribucionarc.com\/bg\/#\/schema\/logo\/image\/"},"description":"Podjetje, specializirano za proizvodnjo in distribucijo industrijskih strojev za \u017eivilski in farmacevtski sektor. Specializirani smo za: Stroji za rezanje mesa Proizvodnja tablet Industrijski transportni sistemi Stekleni\u010darske linije Dozirni stroji In \u0161e veliko ve\u010d... Ponujamo inovativne in prilagojene re\u0161itve za optimizacijo proizvodnih procesov va\u0161ega podjetja.","email":"Admistracion@distribucionarc.com","telephone":"+34 643496664","legalName":"ARC TECH SOLUTIONS","foundingDate":"2024-04-09","vatID":"B55480172","numberOfEmployees":{"@type":"QuantitativeValue","minValue":"1","maxValue":"10"}}]}},"_links":{"self":[{"href":"https:\/\/distribucionarc.com\/sl\/wp-json\/wp\/v2\/product\/6753","targetHints":{"allow":["GET"]}}],"collection":[{"href":"https:\/\/distribucionarc.com\/sl\/wp-json\/wp\/v2\/product"}],"about":[{"href":"https:\/\/distribucionarc.com\/sl\/wp-json\/wp\/v2\/types\/product"}],"replies":[{"embeddable":true,"href":"https:\/\/distribucionarc.com\/sl\/wp-json\/wp\/v2\/comments?post=6753"}],"version-history":[{"count":0,"href":"https:\/\/distribucionarc.com\/sl\/wp-json\/wp\/v2\/product\/6753\/revisions"}],"wp:featuredmedia":[{"embeddable":true,"href":"https:\/\/distribucionarc.com\/sl\/wp-json\/wp\/v2\/media\/6754"}],"wp:attachment":[{"href":"https:\/\/distribucionarc.com\/sl\/wp-json\/wp\/v2\/media?parent=6753"}],"wp:term":[{"taxonomy":"product_brand","embeddable":true,"href":"https:\/\/distribucionarc.com\/sl\/wp-json\/wp\/v2\/product_brand?post=6753"},{"taxonomy":"product_cat","embeddable":true,"href":"https:\/\/distribucionarc.com\/sl\/wp-json\/wp\/v2\/product_cat?post=6753"},{"taxonomy":"product_tag","embeddable":true,"href":"https:\/\/distribucionarc.com\/sl\/wp-json\/wp\/v2\/product_tag?post=6753"}],"curies":[{"name":"delovni list","href":"https:\/\/api.w.org\/{rel}","templated":true}]}}