{"id":6791,"date":"2024-04-25T18:07:04","date_gmt":"2024-04-25T18:07:04","guid":{"rendered":"https:\/\/distribucionarc.com\/?post_type=product&#038;p=6791"},"modified":"2024-04-25T18:11:05","modified_gmt":"2024-04-25T18:11:05","slug":"stroj-za-oblikovanje-tablet-za-obogatitev-hranil","status":"publish","type":"product","link":"https:\/\/distribucionarc.com\/sl\/producto\/maquina-formadora-de-tabletas-enriquecedoras-de-nutrientes\/","title":{"rendered":"STROJ ZA OBLIKOVANJE TABLET ZA OBOGATITEV HRANIL"},"content":{"rendered":"<p>Predstavljamo inovativno<strong> Rotacijski stiskalni stroj, model ZARP-5\/7\/9A,<\/strong> zasnovan za u\u010dinkovito proizvodnjo<strong> tablete za obogatitev hranil<\/strong> v farmacevtski industriji. Ta stroj je bistvenega pomena za stiskanje pra\u0161kov, zrn, majhnih granulatorjev in peletov v tablete razli\u010dnih oblik, kar zagotavlja visokokakovosten in dosleden kon\u010dni izdelek. Dajemo prednost varnosti in zanesljivosti, ima stroj napravo za za\u0161\u010dito pred preobremenitvijo, ki se samodejno aktivira v primeru prese\u017eka in zaustavi delovanje, da se ohrani celovitost opreme in kakovost kon\u010dnega izdelka.<\/p>\n<p>Odkrijte odli\u010dnost v izdelavi tablet za obogatitev hranil z modelom rotacijskega stiskalnega stroja ZARP-5\/7\/9A, zanesljivo in u\u010dinkovito nalo\u017ebo za zadovoljitev najzahtevnej\u0161ih zahtev farmacevtskega trga.<\/p>\n<p>&nbsp;<\/p>\n<table>\n<tbody>\n<tr>\n<td width=\"142\">Model<\/td>\n<td width=\"142\">ZARP-5A<\/td>\n<td width=\"142\">ZARP-7A<\/td>\n<td width=\"142\">ZARP-9A<\/td>\n<\/tr>\n<tr>\n<td width=\"142\">Igra<\/td>\n<td width=\"142\">5<\/td>\n<td width=\"142\">7<\/td>\n<td width=\"142\">9<\/td>\n<\/tr>\n<tr>\n<td width=\"142\">Najve\u010dji pritisk (ton)<\/td>\n<td width=\"142\">50\/60 (ORJA\u010cANO)<\/td>\n<td width=\"142\">50\/60 (ORJA\u010cANO)<\/td>\n<td width=\"142\">50\/60 (ORJA\u010cANO)<\/td>\n<\/tr>\n<tr>\n<td width=\"142\">Najve\u010dji premer tablete (mm)<\/td>\n<td width=\"142\">3-12 (14)\/20 OJA\u010cANO<\/td>\n<td width=\"142\">3-12 (14)\/20 OJA\u010cANO<\/td>\n<td width=\"142\">3-12 (14)\/20 OJA\u010cANO<\/td>\n<\/tr>\n<tr>\n<td width=\"142\">Najve\u010dja globina polnjenje (mm)<\/td>\n<td width=\"142\">0-15<\/td>\n<td width=\"142\">0-15<\/td>\n<td width=\"142\">0-15<\/td>\n<\/tr>\n<tr>\n<td width=\"142\">Najve\u010dja debelina tablete (mm)<\/td>\n<td width=\"142\">0-6<\/td>\n<td width=\"142\">0-6<\/td>\n<td width=\"142\">0-6<\/td>\n<\/tr>\n<tr>\n<td width=\"142\">Hitrost kupole (vrtljaji\/min)<\/td>\n<td width=\"142\">30<\/td>\n<td width=\"142\">30<\/td>\n<td width=\"142\">30<\/td>\n<\/tr>\n<tr>\n<td width=\"142\">Proizvodna zmogljivost (kos\/h)<\/td>\n<td width=\"142\">9000<\/td>\n<td width=\"142\">12600<\/td>\n<td width=\"142\">16200<\/td>\n<\/tr>\n<tr>\n<td width=\"142\">Mo\u010d motorja (KW)<\/td>\n<td width=\"142\">1500-2200 OJA\u010cANO<\/td>\n<td width=\"142\">1500-2200 OJA\u010cANO<\/td>\n<td width=\"142\">1500-2200 OJA\u010cANO<\/td>\n<\/tr>\n<tr>\n<td width=\"142\">Skupna velikost (mm)<\/td>\n<td width=\"142\">480*<\/p>\n<p>630*<\/p>\n<p>1100*<\/td>\n<td width=\"142\">480*<\/p>\n<p>630*<\/p>\n<p>1100*<\/td>\n<td width=\"142\">480*<\/p>\n<p>630*<\/p>\n<p>1100*<\/td>\n<\/tr>\n<tr>\n<td width=\"142\">Neto te\u017ea (kg)<\/td>\n<td width=\"142\">180 (220 OJA\u010cANO)<\/td>\n<td width=\"142\">180 (220 PRENOVLJENO)<\/td>\n<td width=\"142\">180 (220 OJA\u010cANO)<\/td>\n<\/tr>\n<\/tbody>\n<\/table>","protected":false},"excerpt":{"rendered":"<p>Predstavljamo inovativno rotacijsko stiskalnico za tablete, model ZARP-5\/7\/9A, zasnovano za u\u010dinkovito proizvodnjo tablet za obogatitev s hranili v<\/p>","protected":false},"featured_media":6796,"comment_status":"open","ping_status":"closed","template":"","meta":{"wds_primary_product_brand":0,"wds_primary_product_cat":0},"product_brand":[],"product_cat":[84],"product_tag":[],"class_list":{"0":"post-6791","1":"product","2":"type-product","3":"status-publish","4":"has-post-thumbnail","6":"product_cat-maquinas-para-hacer-pastillas","8":"first","9":"instock","10":"taxable","11":"shipping-taxable","12":"purchasable","13":"product-type-simple"},"yoast_head":"<!-- This site is optimized with the Yoast SEO Premium plugin v24.9 (Yoast SEO v26.1) - https:\/\/yoast.com\/wordpress\/plugins\/seo\/ -->\n<title>MAQUINA FORMADORA DE TABLETAS ENRIQUECEDORAS DE NUTRIENTES - distribuci\u00f3n ARC<\/title>\n<meta name=\"robots\" content=\"index, follow, max-snippet:-1, max-image-preview:large, max-video-preview:-1\" \/>\n<link rel=\"canonical\" href=\"https:\/\/distribucionarc.com\/sl\/izdelek\/stroj-za-oblikovanje-tablet-za-obogatitev-hranil\/\" \/>\n<meta property=\"og:locale\" content=\"sl_SI\" \/>\n<meta property=\"og:type\" content=\"article\" \/>\n<meta property=\"og:title\" content=\"MAQUINA FORMADORA DE TABLETAS ENRIQUECEDORAS DE NUTRIENTES\" \/>\n<meta property=\"og:description\" content=\"Presentamos la innovadora M\u00e1quina Prensadora Rotativa, modelo ZARP-5\/7\/9A, dise\u00f1ada para la producci\u00f3n eficiente de tabletas enriquecedoras de nutrientes en la\" \/>\n<meta property=\"og:url\" content=\"https:\/\/distribucionarc.com\/sl\/izdelek\/stroj-za-oblikovanje-tablet-za-obogatitev-hranil\/\" \/>\n<meta property=\"og:site_name\" content=\"distribuci\u00f3n ARC\" \/>\n<meta property=\"article:modified_time\" content=\"2024-04-25T18:11:05+00:00\" \/>\n<meta property=\"og:image\" content=\"https:\/\/distribucionarc.com\/wp-content\/uploads\/2024\/04\/MAQUINA-FORMADORA-DE-TABLETAS-ENRIQUECEDORAS-DE-NUTRIENTES.jpg\" \/>\n\t<meta property=\"og:image:width\" content=\"464\" \/>\n\t<meta property=\"og:image:height\" content=\"816\" \/>\n\t<meta property=\"og:image:type\" content=\"image\/jpeg\" \/>\n<meta name=\"twitter:card\" content=\"summary_large_image\" \/>\n<meta name=\"twitter:label1\" content=\"Est. reading time\" \/>\n\t<meta name=\"twitter:data1\" content=\"1 minuta\" \/>\n<script type=\"application\/ld+json\" class=\"yoast-schema-graph\">{\"@context\":\"https:\/\/schema.org\",\"@graph\":[{\"@type\":\"WebPage\",\"@id\":\"https:\/\/distribucionarc.com\/producto\/maquina-formadora-de-tabletas-enriquecedoras-de-nutrientes\/\",\"url\":\"https:\/\/distribucionarc.com\/producto\/maquina-formadora-de-tabletas-enriquecedoras-de-nutrientes\/\",\"name\":\"MAQUINA FORMADORA DE TABLETAS ENRIQUECEDORAS DE NUTRIENTES - distribuci\u00f3n ARC\",\"isPartOf\":{\"@id\":\"https:\/\/www.distribucionarc.com\/de\/#website\"},\"primaryImageOfPage\":{\"@id\":\"https:\/\/distribucionarc.com\/producto\/maquina-formadora-de-tabletas-enriquecedoras-de-nutrientes\/#primaryimage\"},\"image\":{\"@id\":\"https:\/\/distribucionarc.com\/producto\/maquina-formadora-de-tabletas-enriquecedoras-de-nutrientes\/#primaryimage\"},\"thumbnailUrl\":\"https:\/\/distribucionarc.com\/wp-content\/uploads\/2024\/04\/MAQUINA-FORMADORA-DE-TABLETAS-ENRIQUECEDORAS-DE-NUTRIENTES.jpg\",\"datePublished\":\"2024-04-25T18:07:04+00:00\",\"dateModified\":\"2024-04-25T18:11:05+00:00\",\"breadcrumb\":{\"@id\":\"https:\/\/distribucionarc.com\/producto\/maquina-formadora-de-tabletas-enriquecedoras-de-nutrientes\/#breadcrumb\"},\"inLanguage\":\"sl-SI\",\"potentialAction\":[{\"@type\":\"ReadAction\",\"target\":[\"https:\/\/distribucionarc.com\/producto\/maquina-formadora-de-tabletas-enriquecedoras-de-nutrientes\/\"]}]},{\"@type\":\"ImageObject\",\"inLanguage\":\"sl-SI\",\"@id\":\"https:\/\/distribucionarc.com\/producto\/maquina-formadora-de-tabletas-enriquecedoras-de-nutrientes\/#primaryimage\",\"url\":\"https:\/\/distribucionarc.com\/wp-content\/uploads\/2024\/04\/MAQUINA-FORMADORA-DE-TABLETAS-ENRIQUECEDORAS-DE-NUTRIENTES.jpg\",\"contentUrl\":\"https:\/\/distribucionarc.com\/wp-content\/uploads\/2024\/04\/MAQUINA-FORMADORA-DE-TABLETAS-ENRIQUECEDORAS-DE-NUTRIENTES.jpg\",\"width\":464,\"height\":816,\"caption\":\"#image_title\"},{\"@type\":\"BreadcrumbList\",\"@id\":\"https:\/\/distribucionarc.com\/producto\/maquina-formadora-de-tabletas-enriquecedoras-de-nutrientes\/#breadcrumb\",\"itemListElement\":[{\"@type\":\"ListItem\",\"position\":1,\"name\":\"Portada\",\"item\":\"https:\/\/www.distribucionarc.com\/en\/\"},{\"@type\":\"ListItem\",\"position\":2,\"name\":\"Products\",\"item\":\"https:\/\/www.distribucionarc.com\/en\/shop\/\"},{\"@type\":\"ListItem\",\"position\":3,\"name\":\"MAQUINA FORMADORA DE TABLETAS ENRIQUECEDORAS DE NUTRIENTES\"}]},{\"@type\":\"WebSite\",\"@id\":\"https:\/\/www.distribucionarc.com\/de\/#website\",\"url\":\"https:\/\/www.distribucionarc.com\/de\/\",\"name\":\"distribuci\u00f3n ARC\",\"description\":\"Empresa especializada en la fabricaci\u00f3n y distribuci\u00f3n de maquinaria industrial, selladoras de latas, Maquinas de hacer pastillas, Maquinas de cortar carne...\",\"publisher\":{\"@id\":\"https:\/\/www.distribucionarc.com\/de\/#organization\"},\"potentialAction\":[{\"@type\":\"SearchAction\",\"target\":{\"@type\":\"EntryPoint\",\"urlTemplate\":\"https:\/\/www.distribucionarc.com\/de\/?s={search_term_string}\"},\"query-input\":{\"@type\":\"PropertyValueSpecification\",\"valueRequired\":true,\"valueName\":\"search_term_string\"}}],\"inLanguage\":\"sl-SI\"},{\"@type\":\"Organization\",\"@id\":\"https:\/\/www.distribucionarc.com\/de\/#organization\",\"name\":\"Distribuci\u00f3n ARC\",\"url\":\"https:\/\/www.distribucionarc.com\/de\/\",\"logo\":{\"@type\":\"ImageObject\",\"inLanguage\":\"sl-SI\",\"@id\":\"https:\/\/www.distribucionarc.com\/de\/#\/schema\/logo\/image\/\",\"url\":\"https:\/\/distribucionarc.com\/wp-content\/uploads\/2024\/10\/distribucion-ARC-COLOR-SIN-FONDO-e1732295305345.png\",\"contentUrl\":\"https:\/\/distribucionarc.com\/wp-content\/uploads\/2024\/10\/distribucion-ARC-COLOR-SIN-FONDO-e1732295305345.png\",\"width\":1164,\"height\":558,\"caption\":\"Distribuci\u00f3n ARC\"},\"image\":{\"@id\":\"https:\/\/www.distribucionarc.com\/de\/#\/schema\/logo\/image\/\"},\"description\":\"Empresa especializada en la fabricaci\u00f3n y distribuci\u00f3n de maquinaria industrial para los sectores alimentario y farmac\u00e9utico. Nos especializamos en: M\u00e1quinas de cortar carne Fabricaci\u00f3n de comprimidos Sistemas de transporte industrial L\u00edneas de embotellado Dosificadores Y mucho m\u00e1s... Ofrecemos soluciones innovadoras y personalizadas para optimizar los procesos productivos de tu empresa.\",\"email\":\"Admistracion@distribucionarc.com\",\"telephone\":\"+34 643496664\",\"legalName\":\"ARC TECH SOLUTIONS\",\"foundingDate\":\"2024-04-09\",\"vatID\":\"B55480172\",\"numberOfEmployees\":{\"@type\":\"QuantitativeValue\",\"minValue\":\"1\",\"maxValue\":\"10\"}}]}<\/script>\n<!-- \/ Yoast SEO Premium plugin. -->","yoast_head_json":{"title":"STROJ ZA OBLIKOVANJE TABLET ZA OBOGATITEV HRANIL - distribucija ARC","robots":{"index":"index","follow":"follow","max-snippet":"max-snippet:-1","max-image-preview":"max-image-preview:large","max-video-preview":"max-video-preview:-1"},"canonical":"https:\/\/distribucionarc.com\/sl\/izdelek\/stroj-za-oblikovanje-tablet-za-obogatitev-hranil\/","og_locale":"sl_SI","og_type":"article","og_title":"MAQUINA FORMADORA DE TABLETAS ENRIQUECEDORAS DE NUTRIENTES","og_description":"Presentamos la innovadora M\u00e1quina Prensadora Rotativa, modelo ZARP-5\/7\/9A, dise\u00f1ada para la producci\u00f3n eficiente de tabletas enriquecedoras de nutrientes en la","og_url":"https:\/\/distribucionarc.com\/sl\/izdelek\/stroj-za-oblikovanje-tablet-za-obogatitev-hranil\/","og_site_name":"distribuci\u00f3n ARC","article_modified_time":"2024-04-25T18:11:05+00:00","og_image":[{"width":464,"height":816,"url":"https:\/\/distribucionarc.com\/wp-content\/uploads\/2024\/04\/MAQUINA-FORMADORA-DE-TABLETAS-ENRIQUECEDORAS-DE-NUTRIENTES.jpg","type":"image\/jpeg"}],"twitter_card":"summary_large_image","twitter_misc":{"Est. reading time":"1 minuta"},"schema":{"@context":"https:\/\/schema.org","@graph":[{"@type":"WebPage","@id":"https:\/\/distribucionarc.com\/producto\/maquina-formadora-de-tabletas-enriquecedoras-de-nutrientes\/","url":"https:\/\/distribucionarc.com\/producto\/maquina-formadora-de-tabletas-enriquecedoras-de-nutrientes\/","name":"STROJ ZA OBLIKOVANJE TABLET ZA OBOGATITEV HRANIL - distribucija ARC","isPartOf":{"@id":"https:\/\/www.distribucionarc.com\/de\/#website"},"primaryImageOfPage":{"@id":"https:\/\/distribucionarc.com\/producto\/maquina-formadora-de-tabletas-enriquecedoras-de-nutrientes\/#primaryimage"},"image":{"@id":"https:\/\/distribucionarc.com\/producto\/maquina-formadora-de-tabletas-enriquecedoras-de-nutrientes\/#primaryimage"},"thumbnailUrl":"https:\/\/distribucionarc.com\/wp-content\/uploads\/2024\/04\/MAQUINA-FORMADORA-DE-TABLETAS-ENRIQUECEDORAS-DE-NUTRIENTES.jpg","datePublished":"2024-04-25T18:07:04+00:00","dateModified":"2024-04-25T18:11:05+00:00","breadcrumb":{"@id":"https:\/\/distribucionarc.com\/producto\/maquina-formadora-de-tabletas-enriquecedoras-de-nutrientes\/#breadcrumb"},"inLanguage":"sl-SI","potentialAction":[{"@type":"ReadAction","target":["https:\/\/distribucionarc.com\/producto\/maquina-formadora-de-tabletas-enriquecedoras-de-nutrientes\/"]}]},{"@type":"ImageObject","inLanguage":"sl-SI","@id":"https:\/\/distribucionarc.com\/producto\/maquina-formadora-de-tabletas-enriquecedoras-de-nutrientes\/#primaryimage","url":"https:\/\/distribucionarc.com\/wp-content\/uploads\/2024\/04\/MAQUINA-FORMADORA-DE-TABLETAS-ENRIQUECEDORAS-DE-NUTRIENTES.jpg","contentUrl":"https:\/\/distribucionarc.com\/wp-content\/uploads\/2024\/04\/MAQUINA-FORMADORA-DE-TABLETAS-ENRIQUECEDORAS-DE-NUTRIENTES.jpg","width":464,"height":816,"caption":"#image_title"},{"@type":"BreadcrumbList","@id":"https:\/\/distribucionarc.com\/producto\/maquina-formadora-de-tabletas-enriquecedoras-de-nutrientes\/#breadcrumb","itemListElement":[{"@type":"ListItem","position":1,"name":"Portada","item":"https:\/\/www.distribucionarc.com\/en\/"},{"@type":"ListItem","position":2,"name":"Products","item":"https:\/\/www.distribucionarc.com\/en\/shop\/"},{"@type":"ListItem","position":3,"name":"MAQUINA FORMADORA DE TABLETAS ENRIQUECEDORAS DE NUTRIENTES"}]},{"@type":"WebSite","@id":"https:\/\/www.distribucionarc.com\/de\/#website","url":"https:\/\/www.distribucionarc.com\/de\/","name":"ARC porazdelitev","description":"Podjetje je specializirano za proizvodnjo in distribucijo industrijskih strojev, strojev za zapiranje plo\u010devink, strojev za izdelavo tablet, strojev za rezanje mesa...","publisher":{"@id":"https:\/\/www.distribucionarc.com\/de\/#organization"},"potentialAction":[{"@type":"SearchAction","target":{"@type":"EntryPoint","urlTemplate":"https:\/\/www.distribucionarc.com\/de\/?s={search_term_string}"},"query-input":{"@type":"PropertyValueSpecification","valueRequired":true,"valueName":"search_term_string"}}],"inLanguage":"sl-SI"},{"@type":"Organization","@id":"https:\/\/www.distribucionarc.com\/de\/#organization","name":"Distribucija ARC","url":"https:\/\/www.distribucionarc.com\/de\/","logo":{"@type":"ImageObject","inLanguage":"sl-SI","@id":"https:\/\/www.distribucionarc.com\/de\/#\/schema\/logo\/image\/","url":"https:\/\/distribucionarc.com\/wp-content\/uploads\/2024\/10\/distribucion-ARC-COLOR-SIN-FONDO-e1732295305345.png","contentUrl":"https:\/\/distribucionarc.com\/wp-content\/uploads\/2024\/10\/distribucion-ARC-COLOR-SIN-FONDO-e1732295305345.png","width":1164,"height":558,"caption":"Distribuci\u00f3n ARC"},"image":{"@id":"https:\/\/www.distribucionarc.com\/de\/#\/schema\/logo\/image\/"},"description":"Podjetje, specializirano za proizvodnjo in distribucijo industrijskih strojev za \u017eivilski in farmacevtski sektor. Specializirani smo za: Stroji za rezanje mesa Proizvodnja tablet Industrijski transportni sistemi Stekleni\u010darske linije Dozirni stroji In \u0161e veliko ve\u010d... Ponujamo inovativne in prilagojene re\u0161itve za optimizacijo proizvodnih procesov va\u0161ega podjetja.","email":"Admistracion@distribucionarc.com","telephone":"+34 643496664","legalName":"ARC TECH SOLUTIONS","foundingDate":"2024-04-09","vatID":"B55480172","numberOfEmployees":{"@type":"QuantitativeValue","minValue":"1","maxValue":"10"}}]}},"_links":{"self":[{"href":"https:\/\/distribucionarc.com\/sl\/wp-json\/wp\/v2\/product\/6791","targetHints":{"allow":["GET"]}}],"collection":[{"href":"https:\/\/distribucionarc.com\/sl\/wp-json\/wp\/v2\/product"}],"about":[{"href":"https:\/\/distribucionarc.com\/sl\/wp-json\/wp\/v2\/types\/product"}],"replies":[{"embeddable":true,"href":"https:\/\/distribucionarc.com\/sl\/wp-json\/wp\/v2\/comments?post=6791"}],"version-history":[{"count":0,"href":"https:\/\/distribucionarc.com\/sl\/wp-json\/wp\/v2\/product\/6791\/revisions"}],"wp:featuredmedia":[{"embeddable":true,"href":"https:\/\/distribucionarc.com\/sl\/wp-json\/wp\/v2\/media\/6796"}],"wp:attachment":[{"href":"https:\/\/distribucionarc.com\/sl\/wp-json\/wp\/v2\/media?parent=6791"}],"wp:term":[{"taxonomy":"product_brand","embeddable":true,"href":"https:\/\/distribucionarc.com\/sl\/wp-json\/wp\/v2\/product_brand?post=6791"},{"taxonomy":"product_cat","embeddable":true,"href":"https:\/\/distribucionarc.com\/sl\/wp-json\/wp\/v2\/product_cat?post=6791"},{"taxonomy":"product_tag","embeddable":true,"href":"https:\/\/distribucionarc.com\/sl\/wp-json\/wp\/v2\/product_tag?post=6791"}],"curies":[{"name":"delovni list","href":"https:\/\/api.w.org\/{rel}","templated":true}]}}