{"id":6848,"date":"2024-04-26T15:41:34","date_gmt":"2024-04-26T15:41:34","guid":{"rendered":"https:\/\/distribucionarc.com\/?post_type=product&#038;p=6848"},"modified":"2024-08-09T23:22:02","modified_gmt":"2024-08-09T23:22:02","slug":"enotaktni-stiskalnik-probiotikov","status":"publish","type":"product","link":"https:\/\/distribucionarc.com\/sl\/producto\/prensadora-de-un-solo-golpe-de-probioticos\/","title":{"rendered":"ONE PUNCH PROBIOTIK PRESSER"},"content":{"rendered":"<p>Predstavljamo P<strong>TDP Single Hit Tablets<\/strong>, na voljo v razli\u010dnih modelih, vklju\u010dno z<strong> TDP-1, TDP-1.5, TDP-2, TDP-5 in TDP-6<\/strong>, z mo\u017enostmi <strong>ro\u010dni, polavtomatski in avtomatski.<\/strong> Ta vsestranski stroj je bistvenega pomena pri <strong>Proizvodnja farmacevtskih probioti\u010dnih tablet<\/strong> iz suhih pra\u0161kov in granul. TDP Press, ki lahko izdeluje tablete do premera 25 mm, zagotavlja izjemno natan\u010dnost in u\u010dinkovitost z vsako potezo. Njegova elektri\u010dna zasnova v polavtomatski in avtomatski razli\u010dici zagotavlja nemoteno in zanesljivo delovanje, medtem ko ro\u010dna razli\u010dica zagotavlja popoln nadzor uporabniku. Poleg tega ima TDP Press zamenljiv kalup, ki poenostavi prilagajanje razli\u010dnim oblikam in velikostim tablic glede na potrebe uporabnika. Zaradi tega je zelo prilagodljivo orodje za izpolnjevanje \u0161irokega spektra proizvodnih zahtev. Odkrijte odli\u010dnost v<strong> proizvodnja farmacevtskih probioti\u010dnih tablet<\/strong> z <strong>TDP Tablet Press<\/strong>, bistvena nalo\u017eba za laboratorije in farmacevtska podjetja, ki i\u0161\u010dejo kakovost, natan\u010dnost in vsestranskost v svojem proizvodnem procesu.<\/p>\n<p>&nbsp;<\/p>\n<table>\n<tbody>\n<tr>\n<td width=\"81\">Model<\/td>\n<td width=\"81\">TARDP-0<\/td>\n<td width=\"81\">TARDP-1<\/td>\n<td width=\"81\">TARDP-1,5<\/td>\n<td width=\"81\">TARDP-2 (nadzor frekvence)<\/td>\n<td width=\"81\">TARDP-5<\/td>\n<td width=\"81\">TARDP-6<\/td>\n<\/tr>\n<tr>\n<td width=\"81\">Igra<\/td>\n<td width=\"81\">1<\/td>\n<td width=\"81\">1<\/td>\n<td width=\"81\">1<\/td>\n<td width=\"81\">1<\/td>\n<td width=\"81\">1<\/td>\n<td width=\"81\">1<\/td>\n<\/tr>\n<tr>\n<td width=\"81\">Najve\u010dji pritisk (ton)<\/td>\n<td width=\"81\">15<\/td>\n<td width=\"81\">15<\/td>\n<td width=\"81\">15<\/td>\n<td width=\"81\">15<\/td>\n<td width=\"81\">50<\/td>\n<td width=\"81\">60<\/td>\n<\/tr>\n<tr>\n<td width=\"81\">Premer tablete (milimeter)<\/td>\n<td width=\"81\">12<\/td>\n<td width=\"81\">12<\/td>\n<td width=\"81\">3-12<\/td>\n<td width=\"81\">12<\/td>\n<td width=\"81\">5-18<\/td>\n<td width=\"81\">25<\/td>\n<\/tr>\n<tr>\n<td width=\"81\">Najve\u010dja globina Polnjenje (milimeter)<\/td>\n<td width=\"81\">12<\/td>\n<td width=\"81\">12<\/td>\n<td width=\"81\">0-12<\/td>\n<td width=\"81\">12<\/td>\n<td width=\"81\">18<\/td>\n<td width=\"81\">16<\/td>\n<\/tr>\n<tr>\n<td width=\"81\">Najve\u010dja debelina tablete (milimeter)<\/td>\n<td width=\"81\">6<\/td>\n<td width=\"81\">6<\/td>\n<td width=\"81\">0-6<\/td>\n<td width=\"81\">6<\/td>\n<td width=\"81\">7<\/td>\n<td width=\"81\">6<\/td>\n<\/tr>\n<tr>\n<td width=\"81\">Proizvodna zmogljivost (kos\/h)<\/td>\n<td width=\"81\">2000<\/td>\n<td width=\"81\">4000<\/td>\n<td width=\"81\">6000<\/td>\n<td width=\"81\">4000<\/td>\n<td width=\"81\">4000<\/td>\n<td width=\"81\">3500<\/td>\n<\/tr>\n<tr>\n<td width=\"81\">Mo\u010d motorja (kw)<\/td>\n<td width=\"81\">\u00a0\u00a0\u00a0\u00a0\u00a0\u00a0\u00a0\u00a0 \/<\/td>\n<td width=\"81\">0.75<\/td>\n<td width=\"81\">0.37<\/td>\n<td width=\"81\">0.75<\/td>\n<td width=\"81\">0.75<\/td>\n<td width=\"81\">Monofazni 1.5<\/p>\n<p>Trifazni 0,75<\/td>\n<\/tr>\n<tr>\n<td width=\"81\">Skupna velikost (mm)<\/td>\n<td width=\"81\">350*<\/p>\n<p>220*<\/p>\n<p>520*<\/td>\n<td width=\"81\">480*<\/p>\n<p>420*<\/p>\n<p>650*<\/td>\n<td width=\"81\">650*<\/p>\n<p>330*<\/p>\n<p>620*<\/td>\n<td width=\"81\">480*<\/p>\n<p>430*<\/p>\n<p>650*<\/td>\n<td width=\"81\">700*<\/p>\n<p>340*<\/p>\n<p>600*<\/td>\n<td width=\"81\">780*<\/p>\n<p>450*<\/p>\n<p>690*<\/td>\n<\/tr>\n<tr>\n<td width=\"81\">Neto te\u017ea (kg)<\/td>\n<td width=\"81\">21<\/td>\n<td width=\"81\">40<\/td>\n<td width=\"81\">45<\/td>\n<td width=\"81\">45<\/td>\n<td width=\"81\">110<\/td>\n<td width=\"81\">150<\/td>\n<\/tr>\n<\/tbody>\n<\/table>","protected":false},"excerpt":{"rendered":"<p>Predstavljamo vam enojno prebijalno tabletirno stiskalnico TDP, ki je na voljo v razli\u010dnih modelih, vklju\u010dno s TDP-1, TDP-1.5,<\/p>","protected":false},"featured_media":6856,"comment_status":"open","ping_status":"closed","template":"","meta":{"wds_primary_product_brand":0,"wds_primary_product_cat":0},"product_brand":[],"product_cat":[84],"product_tag":[],"class_list":{"0":"post-6848","1":"product","2":"type-product","3":"status-publish","4":"has-post-thumbnail","6":"product_cat-maquinas-para-hacer-pastillas","8":"first","9":"instock","10":"taxable","11":"shipping-taxable","12":"purchasable","13":"product-type-simple"},"yoast_head":"<!-- This site is optimized with the Yoast SEO Premium plugin v24.9 (Yoast SEO v26.1) - https:\/\/yoast.com\/wordpress\/plugins\/seo\/ -->\n<title>PRENSADORA DE UN SOLO GOLPE DE PROBIOTICOS - distribuci\u00f3n ARC<\/title>\n<meta name=\"robots\" content=\"index, follow, max-snippet:-1, max-image-preview:large, max-video-preview:-1\" \/>\n<link rel=\"canonical\" href=\"https:\/\/www.distribucionarc.com\/it\/producto\/prensadora-de-un-solo-golpe-de-probioticos\/\" \/>\n<meta property=\"og:locale\" content=\"sl_SI\" \/>\n<meta property=\"og:type\" content=\"article\" \/>\n<meta property=\"og:title\" content=\"PRENSADORA DE UN SOLO GOLPE DE PROBIOTICOS\" \/>\n<meta property=\"og:description\" content=\"Presentamos la Prensa de Tabletas de un Solo Golpe TDP, disponible en una variedad de modelos que incluyen TDP-1, TDP-1.5,\" \/>\n<meta property=\"og:url\" content=\"https:\/\/www.distribucionarc.com\/it\/producto\/prensadora-de-un-solo-golpe-de-probioticos\/\" \/>\n<meta property=\"og:site_name\" content=\"distribuci\u00f3n ARC\" \/>\n<meta property=\"article:modified_time\" content=\"2024-08-09T23:22:02+00:00\" \/>\n<meta property=\"og:image\" content=\"https:\/\/www.distribucionarc.com\/wp-content\/uploads\/2024\/04\/PRENSADORA-DE-UN-SOLO-GOLPE-DE-PROBIOTICOS-1.jpg\" \/>\n\t<meta property=\"og:image:width\" content=\"2016\" \/>\n\t<meta property=\"og:image:height\" content=\"328\" \/>\n\t<meta property=\"og:image:type\" content=\"image\/jpeg\" \/>\n<meta name=\"twitter:card\" content=\"summary_large_image\" \/>\n<meta name=\"twitter:label1\" content=\"Est. reading time\" \/>\n\t<meta name=\"twitter:data1\" content=\"1 minuta\" \/>\n<script type=\"application\/ld+json\" class=\"yoast-schema-graph\">{\"@context\":\"https:\/\/schema.org\",\"@graph\":[{\"@type\":\"WebPage\",\"@id\":\"https:\/\/www.distribucionarc.com\/it\/producto\/prensadora-de-un-solo-golpe-de-probioticos\/\",\"url\":\"https:\/\/www.distribucionarc.com\/it\/producto\/prensadora-de-un-solo-golpe-de-probioticos\/\",\"name\":\"PRENSADORA DE UN SOLO GOLPE DE PROBIOTICOS - distribuci\u00f3n ARC\",\"isPartOf\":{\"@id\":\"https:\/\/www.distribucionarc.com\/de\/#website\"},\"primaryImageOfPage\":{\"@id\":\"https:\/\/www.distribucionarc.com\/it\/producto\/prensadora-de-un-solo-golpe-de-probioticos\/#primaryimage\"},\"image\":{\"@id\":\"https:\/\/www.distribucionarc.com\/it\/producto\/prensadora-de-un-solo-golpe-de-probioticos\/#primaryimage\"},\"thumbnailUrl\":\"https:\/\/distribucionarc.com\/wp-content\/uploads\/2024\/04\/PRENSADORA-DE-UN-SOLO-GOLPE-DE-PROBIOTICOS-1.jpg\",\"datePublished\":\"2024-04-26T15:41:34+00:00\",\"dateModified\":\"2024-08-09T23:22:02+00:00\",\"breadcrumb\":{\"@id\":\"https:\/\/www.distribucionarc.com\/it\/producto\/prensadora-de-un-solo-golpe-de-probioticos\/#breadcrumb\"},\"inLanguage\":\"sl-SI\",\"potentialAction\":[{\"@type\":\"ReadAction\",\"target\":[\"https:\/\/www.distribucionarc.com\/it\/producto\/prensadora-de-un-solo-golpe-de-probioticos\/\"]}]},{\"@type\":\"ImageObject\",\"inLanguage\":\"sl-SI\",\"@id\":\"https:\/\/www.distribucionarc.com\/it\/producto\/prensadora-de-un-solo-golpe-de-probioticos\/#primaryimage\",\"url\":\"https:\/\/distribucionarc.com\/wp-content\/uploads\/2024\/04\/PRENSADORA-DE-UN-SOLO-GOLPE-DE-PROBIOTICOS-1.jpg\",\"contentUrl\":\"https:\/\/distribucionarc.com\/wp-content\/uploads\/2024\/04\/PRENSADORA-DE-UN-SOLO-GOLPE-DE-PROBIOTICOS-1.jpg\",\"width\":2016,\"height\":328,\"caption\":\"#image_title\"},{\"@type\":\"BreadcrumbList\",\"@id\":\"https:\/\/www.distribucionarc.com\/it\/producto\/prensadora-de-un-solo-golpe-de-probioticos\/#breadcrumb\",\"itemListElement\":[{\"@type\":\"ListItem\",\"position\":1,\"name\":\"Portada\",\"item\":\"https:\/\/www.distribucionarc.com\/en\/\"},{\"@type\":\"ListItem\",\"position\":2,\"name\":\"Products\",\"item\":\"https:\/\/www.distribucionarc.com\/en\/shop\/\"},{\"@type\":\"ListItem\",\"position\":3,\"name\":\"PRENSADORA DE UN SOLO GOLPE DE PROBIOTICOS\"}]},{\"@type\":\"WebSite\",\"@id\":\"https:\/\/www.distribucionarc.com\/de\/#website\",\"url\":\"https:\/\/www.distribucionarc.com\/de\/\",\"name\":\"distribuci\u00f3n ARC\",\"description\":\"Empresa especializada en la fabricaci\u00f3n y distribuci\u00f3n de maquinaria industrial, selladoras de latas, Maquinas de hacer pastillas, Maquinas de cortar carne...\",\"publisher\":{\"@id\":\"https:\/\/www.distribucionarc.com\/de\/#organization\"},\"potentialAction\":[{\"@type\":\"SearchAction\",\"target\":{\"@type\":\"EntryPoint\",\"urlTemplate\":\"https:\/\/www.distribucionarc.com\/de\/?s={search_term_string}\"},\"query-input\":{\"@type\":\"PropertyValueSpecification\",\"valueRequired\":true,\"valueName\":\"search_term_string\"}}],\"inLanguage\":\"sl-SI\"},{\"@type\":\"Organization\",\"@id\":\"https:\/\/www.distribucionarc.com\/de\/#organization\",\"name\":\"Distribuci\u00f3n ARC\",\"url\":\"https:\/\/www.distribucionarc.com\/de\/\",\"logo\":{\"@type\":\"ImageObject\",\"inLanguage\":\"sl-SI\",\"@id\":\"https:\/\/www.distribucionarc.com\/de\/#\/schema\/logo\/image\/\",\"url\":\"https:\/\/distribucionarc.com\/wp-content\/uploads\/2024\/10\/distribucion-ARC-COLOR-SIN-FONDO-e1732295305345.png\",\"contentUrl\":\"https:\/\/distribucionarc.com\/wp-content\/uploads\/2024\/10\/distribucion-ARC-COLOR-SIN-FONDO-e1732295305345.png\",\"width\":1164,\"height\":558,\"caption\":\"Distribuci\u00f3n ARC\"},\"image\":{\"@id\":\"https:\/\/www.distribucionarc.com\/de\/#\/schema\/logo\/image\/\"},\"description\":\"Empresa especializada en la fabricaci\u00f3n y distribuci\u00f3n de maquinaria industrial para los sectores alimentario y farmac\u00e9utico. Nos especializamos en: M\u00e1quinas de cortar carne Fabricaci\u00f3n de comprimidos Sistemas de transporte industrial L\u00edneas de embotellado Dosificadores Y mucho m\u00e1s... Ofrecemos soluciones innovadoras y personalizadas para optimizar los procesos productivos de tu empresa.\",\"email\":\"Admistracion@distribucionarc.com\",\"telephone\":\"+34 643496664\",\"legalName\":\"ARC TECH SOLUTIONS\",\"foundingDate\":\"2024-04-09\",\"vatID\":\"B55480172\",\"numberOfEmployees\":{\"@type\":\"QuantitativeValue\",\"minValue\":\"1\",\"maxValue\":\"10\"}}]}<\/script>\n<!-- \/ Yoast SEO Premium plugin. -->","yoast_head_json":{"title":"PROBIOTIK ENOKATNI TISKALNIK - ARC distribucija","robots":{"index":"index","follow":"follow","max-snippet":"max-snippet:-1","max-image-preview":"max-image-preview:large","max-video-preview":"max-video-preview:-1"},"canonical":"https:\/\/www.distribucionarc.com\/it\/producto\/prensadora-de-un-solo-golpe-de-probioticos\/","og_locale":"sl_SI","og_type":"article","og_title":"PRENSADORA DE UN SOLO GOLPE DE PROBIOTICOS","og_description":"Presentamos la Prensa de Tabletas de un Solo Golpe TDP, disponible en una variedad de modelos que incluyen TDP-1, TDP-1.5,","og_url":"https:\/\/www.distribucionarc.com\/it\/producto\/prensadora-de-un-solo-golpe-de-probioticos\/","og_site_name":"distribuci\u00f3n ARC","article_modified_time":"2024-08-09T23:22:02+00:00","og_image":[{"width":2016,"height":328,"url":"https:\/\/www.distribucionarc.com\/wp-content\/uploads\/2024\/04\/PRENSADORA-DE-UN-SOLO-GOLPE-DE-PROBIOTICOS-1.jpg","type":"image\/jpeg"}],"twitter_card":"summary_large_image","twitter_misc":{"Est. reading time":"1 minuta"},"schema":{"@context":"https:\/\/schema.org","@graph":[{"@type":"WebPage","@id":"https:\/\/www.distribucionarc.com\/it\/producto\/prensadora-de-un-solo-golpe-de-probioticos\/","url":"https:\/\/www.distribucionarc.com\/it\/producto\/prensadora-de-un-solo-golpe-de-probioticos\/","name":"PROBIOTIK ENOKATNI TISKALNIK - ARC distribucija","isPartOf":{"@id":"https:\/\/www.distribucionarc.com\/de\/#website"},"primaryImageOfPage":{"@id":"https:\/\/www.distribucionarc.com\/it\/producto\/prensadora-de-un-solo-golpe-de-probioticos\/#primaryimage"},"image":{"@id":"https:\/\/www.distribucionarc.com\/it\/producto\/prensadora-de-un-solo-golpe-de-probioticos\/#primaryimage"},"thumbnailUrl":"https:\/\/distribucionarc.com\/wp-content\/uploads\/2024\/04\/PRENSADORA-DE-UN-SOLO-GOLPE-DE-PROBIOTICOS-1.jpg","datePublished":"2024-04-26T15:41:34+00:00","dateModified":"2024-08-09T23:22:02+00:00","breadcrumb":{"@id":"https:\/\/www.distribucionarc.com\/it\/producto\/prensadora-de-un-solo-golpe-de-probioticos\/#breadcrumb"},"inLanguage":"sl-SI","potentialAction":[{"@type":"ReadAction","target":["https:\/\/www.distribucionarc.com\/it\/producto\/prensadora-de-un-solo-golpe-de-probioticos\/"]}]},{"@type":"ImageObject","inLanguage":"sl-SI","@id":"https:\/\/www.distribucionarc.com\/it\/producto\/prensadora-de-un-solo-golpe-de-probioticos\/#primaryimage","url":"https:\/\/distribucionarc.com\/wp-content\/uploads\/2024\/04\/PRENSADORA-DE-UN-SOLO-GOLPE-DE-PROBIOTICOS-1.jpg","contentUrl":"https:\/\/distribucionarc.com\/wp-content\/uploads\/2024\/04\/PRENSADORA-DE-UN-SOLO-GOLPE-DE-PROBIOTICOS-1.jpg","width":2016,"height":328,"caption":"#image_title"},{"@type":"BreadcrumbList","@id":"https:\/\/www.distribucionarc.com\/it\/producto\/prensadora-de-un-solo-golpe-de-probioticos\/#breadcrumb","itemListElement":[{"@type":"ListItem","position":1,"name":"Portada","item":"https:\/\/www.distribucionarc.com\/en\/"},{"@type":"ListItem","position":2,"name":"Products","item":"https:\/\/www.distribucionarc.com\/en\/shop\/"},{"@type":"ListItem","position":3,"name":"PRENSADORA DE UN SOLO GOLPE DE PROBIOTICOS"}]},{"@type":"WebSite","@id":"https:\/\/www.distribucionarc.com\/de\/#website","url":"https:\/\/www.distribucionarc.com\/de\/","name":"ARC porazdelitev","description":"Podjetje je specializirano za proizvodnjo in distribucijo industrijskih strojev, strojev za zapiranje plo\u010devink, strojev za izdelavo tablet, strojev za rezanje mesa...","publisher":{"@id":"https:\/\/www.distribucionarc.com\/de\/#organization"},"potentialAction":[{"@type":"SearchAction","target":{"@type":"EntryPoint","urlTemplate":"https:\/\/www.distribucionarc.com\/de\/?s={search_term_string}"},"query-input":{"@type":"PropertyValueSpecification","valueRequired":true,"valueName":"search_term_string"}}],"inLanguage":"sl-SI"},{"@type":"Organization","@id":"https:\/\/www.distribucionarc.com\/de\/#organization","name":"Distribucija ARC","url":"https:\/\/www.distribucionarc.com\/de\/","logo":{"@type":"ImageObject","inLanguage":"sl-SI","@id":"https:\/\/www.distribucionarc.com\/de\/#\/schema\/logo\/image\/","url":"https:\/\/distribucionarc.com\/wp-content\/uploads\/2024\/10\/distribucion-ARC-COLOR-SIN-FONDO-e1732295305345.png","contentUrl":"https:\/\/distribucionarc.com\/wp-content\/uploads\/2024\/10\/distribucion-ARC-COLOR-SIN-FONDO-e1732295305345.png","width":1164,"height":558,"caption":"Distribuci\u00f3n ARC"},"image":{"@id":"https:\/\/www.distribucionarc.com\/de\/#\/schema\/logo\/image\/"},"description":"Podjetje, specializirano za proizvodnjo in distribucijo industrijskih strojev za \u017eivilski in farmacevtski sektor. Specializirani smo za: Stroji za rezanje mesa Proizvodnja tablet Industrijski transportni sistemi Stekleni\u010darske linije Dozirni stroji In \u0161e veliko ve\u010d... Ponujamo inovativne in prilagojene re\u0161itve za optimizacijo proizvodnih procesov va\u0161ega podjetja.","email":"Admistracion@distribucionarc.com","telephone":"+34 643496664","legalName":"ARC TECH SOLUTIONS","foundingDate":"2024-04-09","vatID":"B55480172","numberOfEmployees":{"@type":"QuantitativeValue","minValue":"1","maxValue":"10"}}]}},"_links":{"self":[{"href":"https:\/\/distribucionarc.com\/sl\/wp-json\/wp\/v2\/product\/6848","targetHints":{"allow":["GET"]}}],"collection":[{"href":"https:\/\/distribucionarc.com\/sl\/wp-json\/wp\/v2\/product"}],"about":[{"href":"https:\/\/distribucionarc.com\/sl\/wp-json\/wp\/v2\/types\/product"}],"replies":[{"embeddable":true,"href":"https:\/\/distribucionarc.com\/sl\/wp-json\/wp\/v2\/comments?post=6848"}],"version-history":[{"count":0,"href":"https:\/\/distribucionarc.com\/sl\/wp-json\/wp\/v2\/product\/6848\/revisions"}],"wp:featuredmedia":[{"embeddable":true,"href":"https:\/\/distribucionarc.com\/sl\/wp-json\/wp\/v2\/media\/6856"}],"wp:attachment":[{"href":"https:\/\/distribucionarc.com\/sl\/wp-json\/wp\/v2\/media?parent=6848"}],"wp:term":[{"taxonomy":"product_brand","embeddable":true,"href":"https:\/\/distribucionarc.com\/sl\/wp-json\/wp\/v2\/product_brand?post=6848"},{"taxonomy":"product_cat","embeddable":true,"href":"https:\/\/distribucionarc.com\/sl\/wp-json\/wp\/v2\/product_cat?post=6848"},{"taxonomy":"product_tag","embeddable":true,"href":"https:\/\/distribucionarc.com\/sl\/wp-json\/wp\/v2\/product_tag?post=6848"}],"curies":[{"name":"delovni list","href":"https:\/\/api.w.org\/{rel}","templated":true}]}}