{"id":7004,"date":"2024-04-27T08:52:32","date_gmt":"2024-04-27T08:52:32","guid":{"rendered":"https:\/\/distribucionarc.com\/?post_type=product&#038;p=7004"},"modified":"2024-04-27T08:52:34","modified_gmt":"2024-04-27T08:52:34","slug":"stroj-za-oblaganje-tabletk-z-ucinkovinami","status":"publish","type":"product","link":"https:\/\/distribucionarc.com\/sl\/producto\/maquina-grajeadora-coater-para-pastillas-con-ingredientes-activos\/","title":{"rendered":"OBLOGA GRAVIRKA ZA TABLETKE Z U\u010cINKOVINAMI"},"content":{"rendered":"<p>Odkrijte <strong>Stroj Grajeadora<\/strong> BARY Series Coater, vsestranska oprema, znana tudi kot <strong>premaznik<\/strong>, <strong>premaznik<\/strong>, bodisi <strong>premazni boben<\/strong>, bistveno v <strong>farmacevtske industrije<\/strong> in <strong>hrano<\/strong>. Ta stroj je zasnovan posebej za <strong>obloga tablete<\/strong> in <strong>tablete<\/strong> z inovativnimi polimeri ri\u017eevih beljakovin. Serija BARY izstopa po posodi za nanos z nastavljivim kotom nagiba in mo\u017enostjo vgradnje grelne naprave pod njo, kar omogo\u010da natan\u010den nadzor nad procesom nanosa.<\/p>\n<p>The <strong>Stroj Grajeadora<\/strong> BARY Series Coater ni idealen le za farmacevtsko industrijo, kjer se uporablja za izbolj\u0161anje spro\u0161\u010danja in za\u0161\u010dite <strong>aktivne sestavine<\/strong> zdravil, pa tudi v sla\u0161\u010di\u010darstvu in \u010dokoladi, kjer se uporablja za prekrivanje s plastmi sladkorja oz. <strong>\u010dokolada<\/strong> razli\u010dne izdelke. Na kmetijskem podro\u010dju olaj\u0161a nana\u0161anje oblog na semena, v prehranskem sektorju pa je kot nala\u0161\u010d za kapsuliranje vitaminov in dodatkov.<\/p>\n<p>Optimizirajte kakovost svojih izdelkov in pove\u010dajte u\u010dinkovitost va\u0161e proizvodnje z <strong>Stroj Grajeadora<\/strong> BARY serija premaznikov. Pove\u010dajte svoje delovanje s to vrhunsko re\u0161itvijo, zasnovano za zagotavljanje izjemne zmogljivosti in visokokakovostnih rezultatov v razli\u010dnih industrijskih sektorjih!<\/p>\n<p>&nbsp;<\/p>\n<table>\n<tbody>\n<tr>\n<td width=\"57\">model<\/td>\n<td width=\"57\">Premer posode s polimerno prevleko (milimetri)<\/td>\n<td width=\"57\">\u0160tetje hitrosti lonca<\/td>\n<td width=\"57\">Mo\u010d motorja (kw)<\/td>\n<td width=\"57\">mo\u010d ventilatorja (w)<\/td>\n<td width=\"57\">Mo\u010d grelnega kabla (w)<\/td>\n<td width=\"57\">Zmogljivost (kg\/h)<\/td>\n<td width=\"57\">Druga mo\u010d ogrevanja<\/td>\n<td width=\"57\">Neto te\u017ea (kg)<\/td>\n<td width=\"57\">Skupna velikost (milimetri)<\/td>\n<\/tr>\n<tr>\n<td width=\"57\">BARY300<\/td>\n<td width=\"57\">300<\/td>\n<td width=\"57\">46<\/td>\n<td width=\"57\">0.55<\/td>\n<td width=\"57\">500<\/td>\n<td width=\"57\">40<\/td>\n<td width=\"57\">2<\/td>\n<td width=\"57\">500<\/td>\n<td width=\"57\">65<\/td>\n<td width=\"57\">485*<\/p>\n<p>585*<\/p>\n<p>766*<\/td>\n<\/tr>\n<tr>\n<td width=\"57\">BARY400<\/td>\n<td width=\"57\">400<\/td>\n<td width=\"57\">46<\/td>\n<td width=\"57\">0.55<\/td>\n<td width=\"57\">500<\/td>\n<td width=\"57\">40<\/td>\n<td width=\"57\">5<\/td>\n<td width=\"57\">500<\/td>\n<td width=\"57\">70<\/td>\n<td width=\"57\">485*<\/p>\n<p>585*<\/p>\n<p>810*<\/td>\n<\/tr>\n<tr>\n<td width=\"57\">BAY600<\/td>\n<td width=\"57\">600<\/td>\n<td width=\"57\">40<\/td>\n<td width=\"57\">0.75<\/td>\n<td width=\"57\">800<\/td>\n<td width=\"57\">60<\/td>\n<td width=\"57\">15<\/td>\n<td width=\"57\">600<\/td>\n<td width=\"57\">120<\/td>\n<td width=\"57\">700*<\/p>\n<p>540*<\/p>\n<p>1300*<\/td>\n<\/tr>\n<tr>\n<td width=\"57\">BARY800<\/td>\n<td width=\"57\">800<\/td>\n<td width=\"57\">32<\/td>\n<td width=\"57\">1.1<\/td>\n<td width=\"57\">1000<\/td>\n<td width=\"57\">250<\/td>\n<td width=\"57\">90-50<\/td>\n<td width=\"57\">1000*2<\/td>\n<td width=\"57\">240<\/td>\n<td width=\"57\">925*<\/p>\n<p>900*<\/p>\n<p>1500*<\/td>\n<\/tr>\n<tr>\n<td width=\"57\">BARY1000<\/td>\n<td width=\"57\">1000<\/td>\n<td width=\"57\">32<\/td>\n<td width=\"57\">1.5<\/td>\n<td width=\"57\">1000<\/td>\n<td width=\"57\">250<\/td>\n<td width=\"57\">50-70<\/td>\n<td width=\"57\">1000*2<\/td>\n<td width=\"57\">250<\/td>\n<td width=\"57\">1100*<\/p>\n<p>1100*<\/p>\n<p>1600*<\/td>\n<\/tr>\n<tr>\n<td width=\"57\">BARY1250<\/td>\n<td width=\"57\">1250<\/td>\n<td width=\"57\">30<\/td>\n<td width=\"57\">2.2<\/td>\n<td width=\"57\">1000<\/td>\n<td width=\"57\">250<\/td>\n<td width=\"57\">90-150<\/td>\n<td width=\"57\">1000*2<\/td>\n<td width=\"57\">280<\/td>\n<td width=\"57\">1200*<\/p>\n<p>1250*<\/p>\n<p>1630*<\/td>\n<\/tr>\n<\/tbody>\n<\/table>\n<p>&nbsp;<\/p>","protected":false},"excerpt":{"rendered":"<p>Odkrijte premazni stroj serije BARY, vsestransko opremo, znano tudi kot premazni stroj ali premazni boben, ki je bistvenega pomena<\/p>","protected":false},"featured_media":7005,"comment_status":"open","ping_status":"closed","template":"","meta":{"wds_primary_product_brand":0,"wds_primary_product_cat":0},"product_brand":[],"product_cat":[84],"product_tag":[],"class_list":{"0":"post-7004","1":"product","2":"type-product","3":"status-publish","4":"has-post-thumbnail","6":"product_cat-maquinas-para-hacer-pastillas","8":"first","9":"instock","10":"taxable","11":"shipping-taxable","12":"purchasable","13":"product-type-simple"},"yoast_head":"<!-- This site is optimized with the Yoast SEO Premium plugin v24.9 (Yoast SEO v26.1) - https:\/\/yoast.com\/wordpress\/plugins\/seo\/ -->\n<title>MAQUINA GRAJEADORA COATER PARA PASTILLAS CON INGREDIENTES ACTIVOS - distribuci\u00f3n ARC<\/title>\n<meta name=\"robots\" content=\"index, follow, max-snippet:-1, max-image-preview:large, max-video-preview:-1\" \/>\n<link rel=\"canonical\" href=\"https:\/\/www.distribucionarc.com\/lt\/producto\/maquina-grajeadora-coater-para-pastillas-con-ingredientes-activos\/\" \/>\n<meta property=\"og:locale\" content=\"sl_SI\" \/>\n<meta property=\"og:type\" content=\"article\" \/>\n<meta property=\"og:title\" content=\"MAQUINA GRAJEADORA COATER PARA PASTILLAS CON INGREDIENTES ACTIVOS\" \/>\n<meta property=\"og:description\" content=\"Descubre la M\u00e1quina Grajeadora Recubridora Serie BARY, un equipo vers\u00e1til tambi\u00e9n conocido como recubridora, coater, o tambor de recubrimiento, esencial\" \/>\n<meta property=\"og:url\" content=\"https:\/\/www.distribucionarc.com\/lt\/producto\/maquina-grajeadora-coater-para-pastillas-con-ingredientes-activos\/\" \/>\n<meta property=\"og:site_name\" content=\"distribuci\u00f3n ARC\" \/>\n<meta property=\"article:modified_time\" content=\"2024-04-27T08:52:34+00:00\" \/>\n<meta property=\"og:image\" content=\"https:\/\/www.distribucionarc.com\/wp-content\/uploads\/2024\/04\/MAQUINA-GRAJEADORA-COATER-PARA-PASTILLAS-CON-INGREDIENTES-ACTIVOS.webp\" \/>\n\t<meta property=\"og:image:width\" content=\"1920\" \/>\n\t<meta property=\"og:image:height\" content=\"1108\" \/>\n\t<meta property=\"og:image:type\" content=\"image\/webp\" \/>\n<meta name=\"twitter:card\" content=\"summary_large_image\" \/>\n<meta name=\"twitter:label1\" content=\"Est. reading time\" \/>\n\t<meta name=\"twitter:data1\" content=\"1 minuta\" \/>\n<script type=\"application\/ld+json\" class=\"yoast-schema-graph\">{\"@context\":\"https:\/\/schema.org\",\"@graph\":[{\"@type\":\"WebPage\",\"@id\":\"https:\/\/www.distribucionarc.com\/lt\/producto\/maquina-grajeadora-coater-para-pastillas-con-ingredientes-activos\/\",\"url\":\"https:\/\/www.distribucionarc.com\/lt\/producto\/maquina-grajeadora-coater-para-pastillas-con-ingredientes-activos\/\",\"name\":\"MAQUINA GRAJEADORA COATER PARA PASTILLAS CON INGREDIENTES ACTIVOS - distribuci\u00f3n ARC\",\"isPartOf\":{\"@id\":\"https:\/\/distribucionarc.com\/de\/#website\"},\"primaryImageOfPage\":{\"@id\":\"https:\/\/www.distribucionarc.com\/lt\/producto\/maquina-grajeadora-coater-para-pastillas-con-ingredientes-activos\/#primaryimage\"},\"image\":{\"@id\":\"https:\/\/www.distribucionarc.com\/lt\/producto\/maquina-grajeadora-coater-para-pastillas-con-ingredientes-activos\/#primaryimage\"},\"thumbnailUrl\":\"https:\/\/distribucionarc.com\/wp-content\/uploads\/2024\/04\/MAQUINA-GRAJEADORA-COATER-PARA-PASTILLAS-CON-INGREDIENTES-ACTIVOS.webp\",\"datePublished\":\"2024-04-27T08:52:32+00:00\",\"dateModified\":\"2024-04-27T08:52:34+00:00\",\"breadcrumb\":{\"@id\":\"https:\/\/www.distribucionarc.com\/lt\/producto\/maquina-grajeadora-coater-para-pastillas-con-ingredientes-activos\/#breadcrumb\"},\"inLanguage\":\"sl-SI\",\"potentialAction\":[{\"@type\":\"ReadAction\",\"target\":[\"https:\/\/www.distribucionarc.com\/lt\/producto\/maquina-grajeadora-coater-para-pastillas-con-ingredientes-activos\/\"]}]},{\"@type\":\"ImageObject\",\"inLanguage\":\"sl-SI\",\"@id\":\"https:\/\/www.distribucionarc.com\/lt\/producto\/maquina-grajeadora-coater-para-pastillas-con-ingredientes-activos\/#primaryimage\",\"url\":\"https:\/\/distribucionarc.com\/wp-content\/uploads\/2024\/04\/MAQUINA-GRAJEADORA-COATER-PARA-PASTILLAS-CON-INGREDIENTES-ACTIVOS.webp\",\"contentUrl\":\"https:\/\/distribucionarc.com\/wp-content\/uploads\/2024\/04\/MAQUINA-GRAJEADORA-COATER-PARA-PASTILLAS-CON-INGREDIENTES-ACTIVOS.webp\",\"width\":1920,\"height\":1108,\"caption\":\"#image_title\"},{\"@type\":\"BreadcrumbList\",\"@id\":\"https:\/\/www.distribucionarc.com\/lt\/producto\/maquina-grajeadora-coater-para-pastillas-con-ingredientes-activos\/#breadcrumb\",\"itemListElement\":[{\"@type\":\"ListItem\",\"position\":1,\"name\":\"Portada\",\"item\":\"https:\/\/distribucionarc.com\/pl\/\"},{\"@type\":\"ListItem\",\"position\":2,\"name\":\"Produkty\",\"item\":\"https:\/\/distribucionarc.com\/pl\/shop\/\"},{\"@type\":\"ListItem\",\"position\":3,\"name\":\"MAQUINA GRAJEADORA COATER PARA PASTILLAS CON INGREDIENTES ACTIVOS\"}]},{\"@type\":\"WebSite\",\"@id\":\"https:\/\/distribucionarc.com\/de\/#website\",\"url\":\"https:\/\/distribucionarc.com\/de\/\",\"name\":\"distribuci\u00f3n ARC\",\"description\":\"Empresa especializada en la fabricaci\u00f3n y distribuci\u00f3n de maquinaria industrial, selladoras de latas, Maquinas de hacer pastillas, Maquinas de cortar carne...\",\"publisher\":{\"@id\":\"https:\/\/distribucionarc.com\/de\/#organization\"},\"potentialAction\":[{\"@type\":\"SearchAction\",\"target\":{\"@type\":\"EntryPoint\",\"urlTemplate\":\"https:\/\/distribucionarc.com\/de\/?s={search_term_string}\"},\"query-input\":{\"@type\":\"PropertyValueSpecification\",\"valueRequired\":true,\"valueName\":\"search_term_string\"}}],\"inLanguage\":\"sl-SI\"},{\"@type\":\"Organization\",\"@id\":\"https:\/\/distribucionarc.com\/de\/#organization\",\"name\":\"Distribuci\u00f3n ARC\",\"url\":\"https:\/\/distribucionarc.com\/de\/\",\"logo\":{\"@type\":\"ImageObject\",\"inLanguage\":\"sl-SI\",\"@id\":\"https:\/\/distribucionarc.com\/de\/#\/schema\/logo\/image\/\",\"url\":\"https:\/\/distribucionarc.com\/wp-content\/uploads\/2024\/10\/distribucion-ARC-COLOR-SIN-FONDO-e1732295305345.png\",\"contentUrl\":\"https:\/\/distribucionarc.com\/wp-content\/uploads\/2024\/10\/distribucion-ARC-COLOR-SIN-FONDO-e1732295305345.png\",\"width\":1164,\"height\":558,\"caption\":\"Distribuci\u00f3n ARC\"},\"image\":{\"@id\":\"https:\/\/distribucionarc.com\/de\/#\/schema\/logo\/image\/\"},\"description\":\"Empresa especializada en la fabricaci\u00f3n y distribuci\u00f3n de maquinaria industrial para los sectores alimentario y farmac\u00e9utico. Nos especializamos en: M\u00e1quinas de cortar carne Fabricaci\u00f3n de comprimidos Sistemas de transporte industrial L\u00edneas de embotellado Dosificadores Y mucho m\u00e1s... Ofrecemos soluciones innovadoras y personalizadas para optimizar los procesos productivos de tu empresa.\",\"email\":\"Admistracion@distribucionarc.com\",\"telephone\":\"+34 643496664\",\"legalName\":\"ARC TECH SOLUTIONS\",\"foundingDate\":\"2024-04-09\",\"vatID\":\"B55480172\",\"numberOfEmployees\":{\"@type\":\"QuantitativeValue\",\"minValue\":\"1\",\"maxValue\":\"10\"}}]}<\/script>\n<!-- \/ Yoast SEO Premium plugin. -->","yoast_head_json":{"title":"OBLOGA GRAVIRKA ZA TABLETKE Z U\u010cINKOVINAMI - ARC distribucija","robots":{"index":"index","follow":"follow","max-snippet":"max-snippet:-1","max-image-preview":"max-image-preview:large","max-video-preview":"max-video-preview:-1"},"canonical":"https:\/\/www.distribucionarc.com\/lt\/producto\/maquina-grajeadora-coater-para-pastillas-con-ingredientes-activos\/","og_locale":"sl_SI","og_type":"article","og_title":"MAQUINA GRAJEADORA COATER PARA PASTILLAS CON INGREDIENTES ACTIVOS","og_description":"Descubre la M\u00e1quina Grajeadora Recubridora Serie BARY, un equipo vers\u00e1til tambi\u00e9n conocido como recubridora, coater, o tambor de recubrimiento, esencial","og_url":"https:\/\/www.distribucionarc.com\/lt\/producto\/maquina-grajeadora-coater-para-pastillas-con-ingredientes-activos\/","og_site_name":"distribuci\u00f3n ARC","article_modified_time":"2024-04-27T08:52:34+00:00","og_image":[{"width":1920,"height":1108,"url":"https:\/\/www.distribucionarc.com\/wp-content\/uploads\/2024\/04\/MAQUINA-GRAJEADORA-COATER-PARA-PASTILLAS-CON-INGREDIENTES-ACTIVOS.webp","type":"image\/webp"}],"twitter_card":"summary_large_image","twitter_misc":{"Est. reading time":"1 minuta"},"schema":{"@context":"https:\/\/schema.org","@graph":[{"@type":"WebPage","@id":"https:\/\/www.distribucionarc.com\/lt\/producto\/maquina-grajeadora-coater-para-pastillas-con-ingredientes-activos\/","url":"https:\/\/www.distribucionarc.com\/lt\/producto\/maquina-grajeadora-coater-para-pastillas-con-ingredientes-activos\/","name":"OBLOGA GRAVIRKA ZA TABLETKE Z U\u010cINKOVINAMI - ARC distribucija","isPartOf":{"@id":"https:\/\/distribucionarc.com\/de\/#website"},"primaryImageOfPage":{"@id":"https:\/\/www.distribucionarc.com\/lt\/producto\/maquina-grajeadora-coater-para-pastillas-con-ingredientes-activos\/#primaryimage"},"image":{"@id":"https:\/\/www.distribucionarc.com\/lt\/producto\/maquina-grajeadora-coater-para-pastillas-con-ingredientes-activos\/#primaryimage"},"thumbnailUrl":"https:\/\/distribucionarc.com\/wp-content\/uploads\/2024\/04\/MAQUINA-GRAJEADORA-COATER-PARA-PASTILLAS-CON-INGREDIENTES-ACTIVOS.webp","datePublished":"2024-04-27T08:52:32+00:00","dateModified":"2024-04-27T08:52:34+00:00","breadcrumb":{"@id":"https:\/\/www.distribucionarc.com\/lt\/producto\/maquina-grajeadora-coater-para-pastillas-con-ingredientes-activos\/#breadcrumb"},"inLanguage":"sl-SI","potentialAction":[{"@type":"ReadAction","target":["https:\/\/www.distribucionarc.com\/lt\/producto\/maquina-grajeadora-coater-para-pastillas-con-ingredientes-activos\/"]}]},{"@type":"ImageObject","inLanguage":"sl-SI","@id":"https:\/\/www.distribucionarc.com\/lt\/producto\/maquina-grajeadora-coater-para-pastillas-con-ingredientes-activos\/#primaryimage","url":"https:\/\/distribucionarc.com\/wp-content\/uploads\/2024\/04\/MAQUINA-GRAJEADORA-COATER-PARA-PASTILLAS-CON-INGREDIENTES-ACTIVOS.webp","contentUrl":"https:\/\/distribucionarc.com\/wp-content\/uploads\/2024\/04\/MAQUINA-GRAJEADORA-COATER-PARA-PASTILLAS-CON-INGREDIENTES-ACTIVOS.webp","width":1920,"height":1108,"caption":"#image_title"},{"@type":"BreadcrumbList","@id":"https:\/\/www.distribucionarc.com\/lt\/producto\/maquina-grajeadora-coater-para-pastillas-con-ingredientes-activos\/#breadcrumb","itemListElement":[{"@type":"ListItem","position":1,"name":"Portada","item":"https:\/\/distribucionarc.com\/pl\/"},{"@type":"ListItem","position":2,"name":"Produkty","item":"https:\/\/distribucionarc.com\/pl\/shop\/"},{"@type":"ListItem","position":3,"name":"MAQUINA GRAJEADORA COATER PARA PASTILLAS CON INGREDIENTES ACTIVOS"}]},{"@type":"WebSite","@id":"https:\/\/distribucionarc.com\/de\/#website","url":"https:\/\/distribucionarc.com\/de\/","name":"ARC porazdelitev","description":"Podjetje je specializirano za proizvodnjo in distribucijo industrijskih strojev, strojev za zapiranje plo\u010devink, strojev za izdelavo tablet, strojev za rezanje mesa...","publisher":{"@id":"https:\/\/distribucionarc.com\/de\/#organization"},"potentialAction":[{"@type":"SearchAction","target":{"@type":"EntryPoint","urlTemplate":"https:\/\/distribucionarc.com\/de\/?s={search_term_string}"},"query-input":{"@type":"PropertyValueSpecification","valueRequired":true,"valueName":"search_term_string"}}],"inLanguage":"sl-SI"},{"@type":"Organization","@id":"https:\/\/distribucionarc.com\/de\/#organization","name":"Distribucija ARC","url":"https:\/\/distribucionarc.com\/de\/","logo":{"@type":"ImageObject","inLanguage":"sl-SI","@id":"https:\/\/distribucionarc.com\/de\/#\/schema\/logo\/image\/","url":"https:\/\/distribucionarc.com\/wp-content\/uploads\/2024\/10\/distribucion-ARC-COLOR-SIN-FONDO-e1732295305345.png","contentUrl":"https:\/\/distribucionarc.com\/wp-content\/uploads\/2024\/10\/distribucion-ARC-COLOR-SIN-FONDO-e1732295305345.png","width":1164,"height":558,"caption":"Distribuci\u00f3n ARC"},"image":{"@id":"https:\/\/distribucionarc.com\/de\/#\/schema\/logo\/image\/"},"description":"Podjetje, specializirano za proizvodnjo in distribucijo industrijskih strojev za \u017eivilski in farmacevtski sektor. Specializirani smo za: Stroji za rezanje mesa Proizvodnja tablet Industrijski transportni sistemi Stekleni\u010darske linije Dozirni stroji In \u0161e veliko ve\u010d... Ponujamo inovativne in prilagojene re\u0161itve za optimizacijo proizvodnih procesov va\u0161ega podjetja.","email":"Admistracion@distribucionarc.com","telephone":"+34 643496664","legalName":"ARC TECH SOLUTIONS","foundingDate":"2024-04-09","vatID":"B55480172","numberOfEmployees":{"@type":"QuantitativeValue","minValue":"1","maxValue":"10"}}]}},"_links":{"self":[{"href":"https:\/\/distribucionarc.com\/sl\/wp-json\/wp\/v2\/product\/7004","targetHints":{"allow":["GET"]}}],"collection":[{"href":"https:\/\/distribucionarc.com\/sl\/wp-json\/wp\/v2\/product"}],"about":[{"href":"https:\/\/distribucionarc.com\/sl\/wp-json\/wp\/v2\/types\/product"}],"replies":[{"embeddable":true,"href":"https:\/\/distribucionarc.com\/sl\/wp-json\/wp\/v2\/comments?post=7004"}],"version-history":[{"count":0,"href":"https:\/\/distribucionarc.com\/sl\/wp-json\/wp\/v2\/product\/7004\/revisions"}],"wp:featuredmedia":[{"embeddable":true,"href":"https:\/\/distribucionarc.com\/sl\/wp-json\/wp\/v2\/media\/7005"}],"wp:attachment":[{"href":"https:\/\/distribucionarc.com\/sl\/wp-json\/wp\/v2\/media?parent=7004"}],"wp:term":[{"taxonomy":"product_brand","embeddable":true,"href":"https:\/\/distribucionarc.com\/sl\/wp-json\/wp\/v2\/product_brand?post=7004"},{"taxonomy":"product_cat","embeddable":true,"href":"https:\/\/distribucionarc.com\/sl\/wp-json\/wp\/v2\/product_cat?post=7004"},{"taxonomy":"product_tag","embeddable":true,"href":"https:\/\/distribucionarc.com\/sl\/wp-json\/wp\/v2\/product_tag?post=7004"}],"curies":[{"name":"delovni list","href":"https:\/\/api.w.org\/{rel}","templated":true}]}}