{"id":7035,"date":"2024-05-06T14:42:37","date_gmt":"2024-05-06T14:42:37","guid":{"rendered":"https:\/\/distribucionarc.com\/?post_type=product&#038;p=7035"},"modified":"2024-05-06T14:42:40","modified_gmt":"2024-05-06T14:42:40","slug":"703odstranjevalec-prasu-za-kalcijeve-tablete","status":"publish","type":"product","link":"https:\/\/distribucionarc.com\/sl\/producto\/703desempolvador-eliminador-de-polvo-para-tabletas-de-calcio\/","title":{"rendered":"ODSTRANJEVALEC PRAHU ZA KALCIJSKE TABLETE"},"content":{"rendered":"<p>Odkrijte <strong>Visokohitrostni zbiralnik prahu ZWARS137<\/strong>, inovativna re\u0161itev, ki uporablja napredne principe vpihovanja stisnjenega zraka, centrifugalno odstranjevanje prahu in poliranje robov bobna za brezhibno kon\u010dno obdelavo kalcijevih tablet. Izdelan iz visokokakovostnega materiala SS304, zagotavlja varen delni stik s surovino in izpolnjuje zahtevane standarde kakovosti. Poleg tega njegova zasnova olaj\u0161a \u010di\u0161\u010denje ter zagotavlja preprosto in u\u010dinkovito vzdr\u017eevanje. Optimizirajte svoje proizvodne procese in zagotovite kakovost svojih izdelkov z <strong>Visokohitrostni zbiralnik prahu ZWARS137<\/strong>.<\/p>\n<p>&nbsp;<\/p>\n<table>\n<tbody>\n<tr>\n<td width=\"283\">Model<\/td>\n<td width=\"283\">ZWARS137<\/td>\n<\/tr>\n<tr>\n<td width=\"283\">Izhodna zmogljivost (kos\/h)<\/td>\n<td width=\"283\">800000<\/td>\n<\/tr>\n<tr>\n<td width=\"283\">premer sita (mm)<\/td>\n<td width=\"283\">3<\/td>\n<\/tr>\n<tr>\n<td width=\"283\">Premer zaslona (mm)<\/td>\n<td width=\"283\">25<\/td>\n<\/tr>\n<tr>\n<td width=\"283\">Premer sita (mm)<\/td>\n<td width=\"283\">137<\/td>\n<\/tr>\n<tr>\n<td width=\"283\">Najve\u010dja hitrost vrtenja (vrtenje\/min)<\/td>\n<td width=\"283\">30<\/td>\n<\/tr>\n<tr>\n<td width=\"283\">Mo\u010d (w)<\/td>\n<td width=\"283\">60<\/td>\n<\/tr>\n<tr>\n<td width=\"283\">Napajanje<\/td>\n<td width=\"283\">220V\/110V 50Hz<\/td>\n<\/tr>\n<tr>\n<td width=\"283\">Kompresijska napetost (kg)<\/td>\n<td width=\"283\">4<\/td>\n<\/tr>\n<tr>\n<td width=\"283\">Neto te\u017ea (kg)<\/td>\n<td width=\"283\">750*<\/p>\n<p>320*<\/p>\n<p>1030*<\/td>\n<\/tr>\n<tr>\n<td width=\"283\">Skupna velikost (mm)<\/td>\n<td width=\"283\">37<\/td>\n<\/tr>\n<\/tbody>\n<\/table>","protected":false},"excerpt":{"rendered":"<p>Odkrijte visokohitrostni odstranjevalec prahu ZWARS137, inovativno re\u0161itev, ki uporablja napredna na\u010dela pihanja s stisnjenim zrakom,<\/p>","protected":false},"featured_media":7037,"comment_status":"open","ping_status":"closed","template":"","meta":{"wds_primary_product_brand":0,"wds_primary_product_cat":0},"product_brand":[],"product_cat":[84],"product_tag":[],"class_list":{"0":"post-7035","1":"product","2":"type-product","3":"status-publish","4":"has-post-thumbnail","6":"product_cat-maquinas-para-hacer-pastillas","8":"first","9":"instock","10":"taxable","11":"shipping-taxable","12":"purchasable","13":"product-type-simple"},"yoast_head":"<!-- This site is optimized with the Yoast SEO Premium plugin v24.9 (Yoast SEO v26.1) - https:\/\/yoast.com\/wordpress\/plugins\/seo\/ -->\n<title>DESEMPOLVADOR ELIMINADOR DE POLVO PARA TABLETAS DE CALCIO - distribuci\u00f3n ARC<\/title>\n<meta name=\"robots\" content=\"index, follow, max-snippet:-1, max-image-preview:large, max-video-preview:-1\" \/>\n<link rel=\"canonical\" href=\"https:\/\/www.distribucionarc.com\/hr\/producto\/703desempolvador-eliminador-de-polvo-para-tabletas-de-calcio\/\" \/>\n<meta property=\"og:locale\" content=\"sl_SI\" \/>\n<meta property=\"og:type\" content=\"article\" \/>\n<meta property=\"og:title\" content=\"DESEMPOLVADOR ELIMINADOR DE POLVO PARA TABLETAS DE CALCIO\" \/>\n<meta property=\"og:description\" content=\"Descubre el Desempolvador de Alta Velocidad ZWARS137, una soluci\u00f3n innovadora que utiliza principios avanzados de soplado de aire comprimido, eliminaci\u00f3n\" \/>\n<meta property=\"og:url\" content=\"https:\/\/www.distribucionarc.com\/hr\/producto\/703desempolvador-eliminador-de-polvo-para-tabletas-de-calcio\/\" \/>\n<meta property=\"og:site_name\" content=\"distribuci\u00f3n ARC\" \/>\n<meta property=\"article:modified_time\" content=\"2024-05-06T14:42:40+00:00\" \/>\n<meta property=\"og:image\" content=\"https:\/\/www.distribucionarc.com\/wp-content\/uploads\/2024\/05\/DESEMPOLVADOR-ELIMINADOR-DE-POLVO-PARA-TABLETAS-DE-CALCIO.webp\" \/>\n\t<meta property=\"og:image:width\" content=\"944\" \/>\n\t<meta property=\"og:image:height\" content=\"968\" \/>\n\t<meta property=\"og:image:type\" content=\"image\/webp\" \/>\n<meta name=\"twitter:card\" content=\"summary_large_image\" \/>\n<meta name=\"twitter:label1\" content=\"Est. reading time\" \/>\n\t<meta name=\"twitter:data1\" content=\"1 minuta\" \/>\n<script type=\"application\/ld+json\" class=\"yoast-schema-graph\">{\"@context\":\"https:\/\/schema.org\",\"@graph\":[{\"@type\":\"WebPage\",\"@id\":\"https:\/\/www.distribucionarc.com\/hr\/producto\/703desempolvador-eliminador-de-polvo-para-tabletas-de-calcio\/\",\"url\":\"https:\/\/www.distribucionarc.com\/hr\/producto\/703desempolvador-eliminador-de-polvo-para-tabletas-de-calcio\/\",\"name\":\"DESEMPOLVADOR ELIMINADOR DE POLVO PARA TABLETAS DE CALCIO - distribuci\u00f3n ARC\",\"isPartOf\":{\"@id\":\"https:\/\/distribucionarc.com\/bg\/#website\"},\"primaryImageOfPage\":{\"@id\":\"https:\/\/www.distribucionarc.com\/hr\/producto\/703desempolvador-eliminador-de-polvo-para-tabletas-de-calcio\/#primaryimage\"},\"image\":{\"@id\":\"https:\/\/www.distribucionarc.com\/hr\/producto\/703desempolvador-eliminador-de-polvo-para-tabletas-de-calcio\/#primaryimage\"},\"thumbnailUrl\":\"https:\/\/distribucionarc.com\/wp-content\/uploads\/2024\/05\/DESEMPOLVADOR-ELIMINADOR-DE-POLVO-PARA-TABLETAS-DE-CALCIO.webp\",\"datePublished\":\"2024-05-06T14:42:37+00:00\",\"dateModified\":\"2024-05-06T14:42:40+00:00\",\"breadcrumb\":{\"@id\":\"https:\/\/www.distribucionarc.com\/hr\/producto\/703desempolvador-eliminador-de-polvo-para-tabletas-de-calcio\/#breadcrumb\"},\"inLanguage\":\"sl-SI\",\"potentialAction\":[{\"@type\":\"ReadAction\",\"target\":[\"https:\/\/www.distribucionarc.com\/hr\/producto\/703desempolvador-eliminador-de-polvo-para-tabletas-de-calcio\/\"]}]},{\"@type\":\"ImageObject\",\"inLanguage\":\"sl-SI\",\"@id\":\"https:\/\/www.distribucionarc.com\/hr\/producto\/703desempolvador-eliminador-de-polvo-para-tabletas-de-calcio\/#primaryimage\",\"url\":\"https:\/\/distribucionarc.com\/wp-content\/uploads\/2024\/05\/DESEMPOLVADOR-ELIMINADOR-DE-POLVO-PARA-TABLETAS-DE-CALCIO.webp\",\"contentUrl\":\"https:\/\/distribucionarc.com\/wp-content\/uploads\/2024\/05\/DESEMPOLVADOR-ELIMINADOR-DE-POLVO-PARA-TABLETAS-DE-CALCIO.webp\",\"width\":944,\"height\":968,\"caption\":\"#image_title\"},{\"@type\":\"BreadcrumbList\",\"@id\":\"https:\/\/www.distribucionarc.com\/hr\/producto\/703desempolvador-eliminador-de-polvo-para-tabletas-de-calcio\/#breadcrumb\",\"itemListElement\":[{\"@type\":\"ListItem\",\"position\":1,\"name\":\"Portada\",\"item\":\"https:\/\/distribucionarc.com\/nb\/\"},{\"@type\":\"ListItem\",\"position\":2,\"name\":\"Products\",\"item\":\"https:\/\/www.distribucionarc.com\/en\/shop\/\"},{\"@type\":\"ListItem\",\"position\":3,\"name\":\"DESEMPOLVADOR ELIMINADOR DE POLVO PARA TABLETAS DE CALCIO\"}]},{\"@type\":\"WebSite\",\"@id\":\"https:\/\/distribucionarc.com\/bg\/#website\",\"url\":\"https:\/\/distribucionarc.com\/bg\/\",\"name\":\"distribuci\u00f3n ARC\",\"description\":\"Empresa especializada en la fabricaci\u00f3n y distribuci\u00f3n de maquinaria industrial, selladoras de latas, Maquinas de hacer pastillas, Maquinas de cortar carne...\",\"publisher\":{\"@id\":\"https:\/\/distribucionarc.com\/bg\/#organization\"},\"potentialAction\":[{\"@type\":\"SearchAction\",\"target\":{\"@type\":\"EntryPoint\",\"urlTemplate\":\"https:\/\/distribucionarc.com\/bg\/?s={search_term_string}\"},\"query-input\":{\"@type\":\"PropertyValueSpecification\",\"valueRequired\":true,\"valueName\":\"search_term_string\"}}],\"inLanguage\":\"sl-SI\"},{\"@type\":\"Organization\",\"@id\":\"https:\/\/distribucionarc.com\/bg\/#organization\",\"name\":\"Distribuci\u00f3n ARC\",\"url\":\"https:\/\/distribucionarc.com\/bg\/\",\"logo\":{\"@type\":\"ImageObject\",\"inLanguage\":\"sl-SI\",\"@id\":\"https:\/\/distribucionarc.com\/bg\/#\/schema\/logo\/image\/\",\"url\":\"https:\/\/distribucionarc.com\/wp-content\/uploads\/2024\/10\/distribucion-ARC-COLOR-SIN-FONDO-e1732295305345.png\",\"contentUrl\":\"https:\/\/distribucionarc.com\/wp-content\/uploads\/2024\/10\/distribucion-ARC-COLOR-SIN-FONDO-e1732295305345.png\",\"width\":1164,\"height\":558,\"caption\":\"Distribuci\u00f3n ARC\"},\"image\":{\"@id\":\"https:\/\/distribucionarc.com\/bg\/#\/schema\/logo\/image\/\"},\"description\":\"Empresa especializada en la fabricaci\u00f3n y distribuci\u00f3n de maquinaria industrial para los sectores alimentario y farmac\u00e9utico. Nos especializamos en: M\u00e1quinas de cortar carne Fabricaci\u00f3n de comprimidos Sistemas de transporte industrial L\u00edneas de embotellado Dosificadores Y mucho m\u00e1s... Ofrecemos soluciones innovadoras y personalizadas para optimizar los procesos productivos de tu empresa.\",\"email\":\"Admistracion@distribucionarc.com\",\"telephone\":\"+34 643496664\",\"legalName\":\"ARC TECH SOLUTIONS\",\"foundingDate\":\"2024-04-09\",\"vatID\":\"B55480172\",\"numberOfEmployees\":{\"@type\":\"QuantitativeValue\",\"minValue\":\"1\",\"maxValue\":\"10\"}}]}<\/script>\n<!-- \/ Yoast SEO Premium plugin. -->","yoast_head_json":{"title":"ODSTRANJEVALEC PRAHU ZA KALCIJEVE TABLETE - ARC distribucija","robots":{"index":"index","follow":"follow","max-snippet":"max-snippet:-1","max-image-preview":"max-image-preview:large","max-video-preview":"max-video-preview:-1"},"canonical":"https:\/\/www.distribucionarc.com\/hr\/producto\/703desempolvador-eliminador-de-polvo-para-tabletas-de-calcio\/","og_locale":"sl_SI","og_type":"article","og_title":"DESEMPOLVADOR ELIMINADOR DE POLVO PARA TABLETAS DE CALCIO","og_description":"Descubre el Desempolvador de Alta Velocidad ZWARS137, una soluci\u00f3n innovadora que utiliza principios avanzados de soplado de aire comprimido, eliminaci\u00f3n","og_url":"https:\/\/www.distribucionarc.com\/hr\/producto\/703desempolvador-eliminador-de-polvo-para-tabletas-de-calcio\/","og_site_name":"distribuci\u00f3n ARC","article_modified_time":"2024-05-06T14:42:40+00:00","og_image":[{"width":944,"height":968,"url":"https:\/\/www.distribucionarc.com\/wp-content\/uploads\/2024\/05\/DESEMPOLVADOR-ELIMINADOR-DE-POLVO-PARA-TABLETAS-DE-CALCIO.webp","type":"image\/webp"}],"twitter_card":"summary_large_image","twitter_misc":{"Est. reading time":"1 minuta"},"schema":{"@context":"https:\/\/schema.org","@graph":[{"@type":"WebPage","@id":"https:\/\/www.distribucionarc.com\/hr\/producto\/703desempolvador-eliminador-de-polvo-para-tabletas-de-calcio\/","url":"https:\/\/www.distribucionarc.com\/hr\/producto\/703desempolvador-eliminador-de-polvo-para-tabletas-de-calcio\/","name":"ODSTRANJEVALEC PRAHU ZA KALCIJEVE TABLETE - ARC distribucija","isPartOf":{"@id":"https:\/\/distribucionarc.com\/bg\/#website"},"primaryImageOfPage":{"@id":"https:\/\/www.distribucionarc.com\/hr\/producto\/703desempolvador-eliminador-de-polvo-para-tabletas-de-calcio\/#primaryimage"},"image":{"@id":"https:\/\/www.distribucionarc.com\/hr\/producto\/703desempolvador-eliminador-de-polvo-para-tabletas-de-calcio\/#primaryimage"},"thumbnailUrl":"https:\/\/distribucionarc.com\/wp-content\/uploads\/2024\/05\/DESEMPOLVADOR-ELIMINADOR-DE-POLVO-PARA-TABLETAS-DE-CALCIO.webp","datePublished":"2024-05-06T14:42:37+00:00","dateModified":"2024-05-06T14:42:40+00:00","breadcrumb":{"@id":"https:\/\/www.distribucionarc.com\/hr\/producto\/703desempolvador-eliminador-de-polvo-para-tabletas-de-calcio\/#breadcrumb"},"inLanguage":"sl-SI","potentialAction":[{"@type":"ReadAction","target":["https:\/\/www.distribucionarc.com\/hr\/producto\/703desempolvador-eliminador-de-polvo-para-tabletas-de-calcio\/"]}]},{"@type":"ImageObject","inLanguage":"sl-SI","@id":"https:\/\/www.distribucionarc.com\/hr\/producto\/703desempolvador-eliminador-de-polvo-para-tabletas-de-calcio\/#primaryimage","url":"https:\/\/distribucionarc.com\/wp-content\/uploads\/2024\/05\/DESEMPOLVADOR-ELIMINADOR-DE-POLVO-PARA-TABLETAS-DE-CALCIO.webp","contentUrl":"https:\/\/distribucionarc.com\/wp-content\/uploads\/2024\/05\/DESEMPOLVADOR-ELIMINADOR-DE-POLVO-PARA-TABLETAS-DE-CALCIO.webp","width":944,"height":968,"caption":"#image_title"},{"@type":"BreadcrumbList","@id":"https:\/\/www.distribucionarc.com\/hr\/producto\/703desempolvador-eliminador-de-polvo-para-tabletas-de-calcio\/#breadcrumb","itemListElement":[{"@type":"ListItem","position":1,"name":"Portada","item":"https:\/\/distribucionarc.com\/nb\/"},{"@type":"ListItem","position":2,"name":"Products","item":"https:\/\/www.distribucionarc.com\/en\/shop\/"},{"@type":"ListItem","position":3,"name":"DESEMPOLVADOR ELIMINADOR DE POLVO PARA TABLETAS DE CALCIO"}]},{"@type":"WebSite","@id":"https:\/\/distribucionarc.com\/bg\/#website","url":"https:\/\/distribucionarc.com\/bg\/","name":"ARC porazdelitev","description":"Podjetje je specializirano za proizvodnjo in distribucijo industrijskih strojev, strojev za zapiranje plo\u010devink, strojev za izdelavo tablet, strojev za rezanje mesa...","publisher":{"@id":"https:\/\/distribucionarc.com\/bg\/#organization"},"potentialAction":[{"@type":"SearchAction","target":{"@type":"EntryPoint","urlTemplate":"https:\/\/distribucionarc.com\/bg\/?s={search_term_string}"},"query-input":{"@type":"PropertyValueSpecification","valueRequired":true,"valueName":"search_term_string"}}],"inLanguage":"sl-SI"},{"@type":"Organization","@id":"https:\/\/distribucionarc.com\/bg\/#organization","name":"Distribucija ARC","url":"https:\/\/distribucionarc.com\/bg\/","logo":{"@type":"ImageObject","inLanguage":"sl-SI","@id":"https:\/\/distribucionarc.com\/bg\/#\/schema\/logo\/image\/","url":"https:\/\/distribucionarc.com\/wp-content\/uploads\/2024\/10\/distribucion-ARC-COLOR-SIN-FONDO-e1732295305345.png","contentUrl":"https:\/\/distribucionarc.com\/wp-content\/uploads\/2024\/10\/distribucion-ARC-COLOR-SIN-FONDO-e1732295305345.png","width":1164,"height":558,"caption":"Distribuci\u00f3n ARC"},"image":{"@id":"https:\/\/distribucionarc.com\/bg\/#\/schema\/logo\/image\/"},"description":"Podjetje, specializirano za proizvodnjo in distribucijo industrijskih strojev za \u017eivilski in farmacevtski sektor. Specializirani smo za: Stroji za rezanje mesa Proizvodnja tablet Industrijski transportni sistemi Stekleni\u010darske linije Dozirni stroji In \u0161e veliko ve\u010d... Ponujamo inovativne in prilagojene re\u0161itve za optimizacijo proizvodnih procesov va\u0161ega podjetja.","email":"Admistracion@distribucionarc.com","telephone":"+34 643496664","legalName":"ARC TECH SOLUTIONS","foundingDate":"2024-04-09","vatID":"B55480172","numberOfEmployees":{"@type":"QuantitativeValue","minValue":"1","maxValue":"10"}}]}},"_links":{"self":[{"href":"https:\/\/distribucionarc.com\/sl\/wp-json\/wp\/v2\/product\/7035","targetHints":{"allow":["GET"]}}],"collection":[{"href":"https:\/\/distribucionarc.com\/sl\/wp-json\/wp\/v2\/product"}],"about":[{"href":"https:\/\/distribucionarc.com\/sl\/wp-json\/wp\/v2\/types\/product"}],"replies":[{"embeddable":true,"href":"https:\/\/distribucionarc.com\/sl\/wp-json\/wp\/v2\/comments?post=7035"}],"version-history":[{"count":0,"href":"https:\/\/distribucionarc.com\/sl\/wp-json\/wp\/v2\/product\/7035\/revisions"}],"wp:featuredmedia":[{"embeddable":true,"href":"https:\/\/distribucionarc.com\/sl\/wp-json\/wp\/v2\/media\/7037"}],"wp:attachment":[{"href":"https:\/\/distribucionarc.com\/sl\/wp-json\/wp\/v2\/media?parent=7035"}],"wp:term":[{"taxonomy":"product_brand","embeddable":true,"href":"https:\/\/distribucionarc.com\/sl\/wp-json\/wp\/v2\/product_brand?post=7035"},{"taxonomy":"product_cat","embeddable":true,"href":"https:\/\/distribucionarc.com\/sl\/wp-json\/wp\/v2\/product_cat?post=7035"},{"taxonomy":"product_tag","embeddable":true,"href":"https:\/\/distribucionarc.com\/sl\/wp-json\/wp\/v2\/product_tag?post=7035"}],"curies":[{"name":"delovni list","href":"https:\/\/api.w.org\/{rel}","templated":true}]}}