{"id":707,"date":"2020-06-30T16:11:47","date_gmt":"2020-06-30T16:11:47","guid":{"rendered":"https:\/\/distribucionarc.com\/?post_type=product&#038;p=707"},"modified":"2024-09-04T20:09:38","modified_gmt":"2024-09-04T20:09:38","slug":"nov-visoko-zmogljiv-model-profesionalni-vakuumski-zapiralnik-26mm","status":"publish","type":"product","link":"https:\/\/distribucionarc.com\/sl\/producto\/envasadora-al-vacio-profesional-nuevo-modelo-de-alto-rendimiento-26mm\/","title":{"rendered":"Novi visoko zmogljivi profesionalni vakuumski aparat za zapiranje 26 mm"},"content":{"rendered":"<div class=\"col-xs-12 nopaddinglr\">\n<div id=\"product-tabs\" class=\"tabs\">\n<div class=\"tab-content responsive white shadow roundcorners\">\n<div id=\"product-tab-content\" class=\"tab-pane fade in active\" role=\"tabpanel\">\n<p>The <strong>vakuumsko tesnilo<\/strong> To je stroj <strong>vakuumsko pakiranje<\/strong> Deluxe samodejno pakira va\u0161o hrano. Ker bo tako tudi va\u0161a hrana obstojna dlje! to <strong>stroj za vakuumsko pakiranje<\/strong> tehta 25 kg. Nahaja se na \u0161tirih gumijastih nogah, tako da je zavarovana proti zdrsu. Priro\u010dnost stroja <strong>vakuumsko pakiranje<\/strong>\u00a0 Je zelo enostaven za \u010di\u0161\u010denje. Spodaj lahko najdete vse lastnosti vakuuma<\/p>\n<ul>\n<li>luksuzni stroj za vakuumsko pakiranje<\/li>\n<li>popolnoma avtomatski cikel pakiranja<\/li>\n<li>majhen namizni model s \u010dudovitim zaklju\u010dkom<\/li>\n<li>ohi\u0161je in komora iz nerjave\u010dega jekla<\/li>\n<li>Digitalna nadzorna plo\u0161\u010da<\/li>\n<li>mo\u010dan pokrov s krivuljo<\/li>\n<li>Dimenzije zaprte palice: <span style=\"color: #ff0000;\">260 x 10 mm<\/span><\/li>\n<li>Dimenzije komore: 330x275x100 mm<\/li>\n<li>Kapaciteta vakuumske \u010drpalke: 20 m3<\/li>\n<li>Varnostno stikalo na pokrovu<\/li>\n<li>Standardno s paketom storitev<\/li>\n<li>\u0160tiri gumijaste podlage za noge<\/li>\n<li>Enostaven za \u010di\u0161\u010denje<\/li>\n<li>Popolnoma programabilen: nastavljiv \u010das vakuuma, nastavljiv \u010das tesnjenja<\/li>\n<li>Neto te\u017ea: 25 kg<\/li>\n<li>Dimenzije: 560430x50 mm<\/li>\n<li>230V\/50Hz\/1fazni 120 W<\/li>\n<li>hrup &lt;60 dB<\/li>\n<li><span style=\"color: #008000;\">naju\u010dinkovitej\u0161i motor nizka poraba 120w<\/span><\/li>\n<li><strong>garancija <span style=\"color: #000080;\">TO<\/span><span style=\"color: #ff0000;\">R<\/span>C 2 LETI\u00a0<\/strong><\/li>\n<li>vklju\u010dena tehni\u010dna podpora<\/li>\n<\/ul>\n<\/div>\n<\/div>\n<\/div>\n<\/div>\n<div class=\"col-xs-12 nopadding\">\n<div class=\"related\"><\/div>\n<\/div>\n<p><iframe loading=\"lazy\" src=\"https:\/\/www.youtube.com\/embed\/61IKicnNuoY\" width=\"560\" height=\"315\" frameborder=\"0\" allowfullscreen=\"allowfullscreen\"><\/iframe><\/p>","protected":false},"excerpt":{"rendered":"<h2><strong>Profesionalni in industrijski vakuumski aparat za zapiranje komor s \u010drpalko 20 m\u00b3<\/strong><\/h2>\n<p>Na\u0161 <strong>vakuumsko tesnilo komore<\/strong> to je stroj <strong>strokovno<\/strong> Vrhunski, idealen za hitro in u\u010dinkovito tesnjenje izdelkov. Zasnovan za <strong>industrijsko uporabo<\/strong>, ta stroj omogo\u010da pakiranje vre\u010dk do <strong>33 centimetrov (cm) x 27 centimetrov (cm)<\/strong> dolgo, z najve\u010djo vi\u0161ino izdelka <strong>10 centimetrov (cm)<\/strong>. Je mo\u010dan <strong>\u010crpalka 20 kubi\u010dnih metrov (m\u00b3).<\/strong> Zagotavlja nepredu\u0161no in natan\u010dno tesnjenje, idealno za dalj\u0161e ohranjanje \u017eivil.<\/p>\n<p>to <strong>industrijski vakuumski pakirni stroj<\/strong> Popoln je za \u0161iroko paleto izdelkov, kot so:<\/p>\n<ul>\n<li><strong>Klobase<\/strong>: Chorizo, salchich\u00f3n in su\u0161ena \u0161unka.<\/li>\n<li><strong>Pripravljeni izdelki<\/strong>: Lazanje, enolon\u010dnice in solate.<\/li>\n<li><strong>sve\u017ee meso<\/strong>: Pi\u0161\u010danec, svinjina in govedina.<\/li>\n<li><strong>Siri<\/strong>: Manchego, koza in drugi.<\/li>\n<\/ul>\n<p>Zahvaljujo\u010d robustni vakuumski \u010drpalki <strong>20 m\u00b3<\/strong>, ta stroj <strong>strokovno<\/strong> zagotavlja vrhunsko in u\u010dinkovito tesnjenje, zaradi \u010desar je idealna mo\u017enost za mesnice, trgovine s pripravljeno hrano in tovarne klobas, ki \u017eelijo optimizirati svoj proces pakiranja. Kombinacija zmo\u017enosti tesnjenja velikih vre\u010dk in dizajna <strong>industrijski<\/strong> je popoln za ohranjanje sve\u017eine in kakovosti hrane.<\/p>\n<p>\u010ce i\u0161\u010dete a <strong>stroj za vakuumsko pakiranje<\/strong> ki zdru\u017euje <strong>profesionalna izvedba<\/strong> in vrhunsko tehnologijo, je to popolna re\u0161itev.<\/p>","protected":false},"featured_media":710,"comment_status":"open","ping_status":"closed","template":"","meta":{"wds_primary_product_brand":0,"wds_primary_product_cat":0},"product_brand":[],"product_cat":[49],"product_tag":[],"class_list":{"0":"post-707","1":"product","2":"type-product","3":"status-publish","4":"has-post-thumbnail","6":"product_cat-envasadoras-al-vacio","7":"product_shipping_class-hosteleria","9":"first","10":"instock","11":"taxable","12":"shipping-taxable","13":"purchasable","14":"product-type-simple"},"yoast_head":"<!-- This site is optimized with the Yoast SEO Premium plugin v24.9 (Yoast SEO v26.1) - https:\/\/yoast.com\/wordpress\/plugins\/seo\/ -->\n<title>Envasadora al vacio profesional nuevo modelo de alto rendimiento 26mm - distribuci\u00f3n ARC<\/title>\n<meta name=\"description\" content=\"Envasadora al vac\u00edo de campana profesional e industrial con bomba de 20 m\u00b3. Ideal para sellar bolsas de hasta 33 cm x 27 cm para embutidos, carnes y productos preparados. Perfecta para uso en restaurantes y f\u00e1bricas.\" \/>\n<meta name=\"robots\" content=\"index, follow, max-snippet:-1, max-image-preview:large, max-video-preview:-1\" \/>\n<link rel=\"canonical\" href=\"https:\/\/www.distribucionarc.com\/it\/producto\/envasadora-al-vacio-profesional-nuevo-modelo-de-alto-rendimiento-26mm\/\" \/>\n<meta property=\"og:locale\" content=\"sl_SI\" \/>\n<meta property=\"og:type\" content=\"article\" \/>\n<meta property=\"og:title\" content=\"Envasadora al vacio profesional nuevo modelo de alto rendimiento 26mm\" \/>\n<meta property=\"og:description\" content=\"Envasadora al vac\u00edo de campana profesional e industrial con bomba de 20 m\u00b3. Ideal para sellar bolsas de hasta 33 cm x 27 cm para embutidos, carnes y productos preparados. Perfecta para uso en restaurantes y f\u00e1bricas.\" \/>\n<meta property=\"og:url\" content=\"https:\/\/www.distribucionarc.com\/it\/producto\/envasadora-al-vacio-profesional-nuevo-modelo-de-alto-rendimiento-26mm\/\" \/>\n<meta property=\"og:site_name\" content=\"distribuci\u00f3n ARC\" \/>\n<meta property=\"article:modified_time\" content=\"2024-09-04T20:09:38+00:00\" \/>\n<meta property=\"og:image\" content=\"https:\/\/www.distribucionarc.com\/wp-content\/uploads\/2020\/06\/Envasadora-al-vacio-profesional-0.jpg\" \/>\n\t<meta property=\"og:image:width\" content=\"1600\" \/>\n\t<meta property=\"og:image:height\" content=\"1600\" \/>\n\t<meta property=\"og:image:type\" content=\"image\/jpeg\" \/>\n<meta name=\"twitter:card\" content=\"summary_large_image\" \/>\n<meta name=\"twitter:label1\" content=\"Est. reading time\" \/>\n\t<meta name=\"twitter:data1\" content=\"2 minuti\" \/>\n<script type=\"application\/ld+json\" class=\"yoast-schema-graph\">{\"@context\":\"https:\/\/schema.org\",\"@graph\":[{\"@type\":\"WebPage\",\"@id\":\"https:\/\/www.distribucionarc.com\/it\/producto\/envasadora-al-vacio-profesional-nuevo-modelo-de-alto-rendimiento-26mm\/\",\"url\":\"https:\/\/www.distribucionarc.com\/it\/producto\/envasadora-al-vacio-profesional-nuevo-modelo-de-alto-rendimiento-26mm\/\",\"name\":\"Envasadora al vacio profesional nuevo modelo de alto rendimiento 26mm - distribuci\u00f3n ARC\",\"isPartOf\":{\"@id\":\"https:\/\/www.distribucionarc.com\/sl\/#website\"},\"primaryImageOfPage\":{\"@id\":\"https:\/\/www.distribucionarc.com\/it\/producto\/envasadora-al-vacio-profesional-nuevo-modelo-de-alto-rendimiento-26mm\/#primaryimage\"},\"image\":{\"@id\":\"https:\/\/www.distribucionarc.com\/it\/producto\/envasadora-al-vacio-profesional-nuevo-modelo-de-alto-rendimiento-26mm\/#primaryimage\"},\"thumbnailUrl\":\"https:\/\/distribucionarc.com\/wp-content\/uploads\/2020\/06\/Envasadora-al-vacio-profesional-0.jpg\",\"datePublished\":\"2020-06-30T16:11:47+00:00\",\"dateModified\":\"2024-09-04T20:09:38+00:00\",\"description\":\"Envasadora al vac\u00edo de campana profesional e industrial con bomba de 20 m\u00b3. Ideal para sellar bolsas de hasta 33 cm x 27 cm para embutidos, carnes y productos preparados. Perfecta para uso en restaurantes y f\u00e1bricas.\",\"breadcrumb\":{\"@id\":\"https:\/\/www.distribucionarc.com\/it\/producto\/envasadora-al-vacio-profesional-nuevo-modelo-de-alto-rendimiento-26mm\/#breadcrumb\"},\"inLanguage\":\"sl-SI\",\"potentialAction\":[{\"@type\":\"ReadAction\",\"target\":[\"https:\/\/www.distribucionarc.com\/it\/producto\/envasadora-al-vacio-profesional-nuevo-modelo-de-alto-rendimiento-26mm\/\"]}]},{\"@type\":\"ImageObject\",\"inLanguage\":\"sl-SI\",\"@id\":\"https:\/\/www.distribucionarc.com\/it\/producto\/envasadora-al-vacio-profesional-nuevo-modelo-de-alto-rendimiento-26mm\/#primaryimage\",\"url\":\"https:\/\/distribucionarc.com\/wp-content\/uploads\/2020\/06\/Envasadora-al-vacio-profesional-0.jpg\",\"contentUrl\":\"https:\/\/distribucionarc.com\/wp-content\/uploads\/2020\/06\/Envasadora-al-vacio-profesional-0.jpg\",\"width\":1600,\"height\":1600},{\"@type\":\"BreadcrumbList\",\"@id\":\"https:\/\/www.distribucionarc.com\/it\/producto\/envasadora-al-vacio-profesional-nuevo-modelo-de-alto-rendimiento-26mm\/#breadcrumb\",\"itemListElement\":[{\"@type\":\"ListItem\",\"position\":1,\"name\":\"Portada\",\"item\":\"https:\/\/www.distribucionarc.com\/\"},{\"@type\":\"ListItem\",\"position\":2,\"name\":\"\u00dcr\u00fcnler\",\"item\":\"https:\/\/www.distribucionarc.com\/tr\/magaza\/\"},{\"@type\":\"ListItem\",\"position\":3,\"name\":\"Envasadora al vacio profesional nuevo modelo de alto rendimiento 26mm\"}]},{\"@type\":\"WebSite\",\"@id\":\"https:\/\/www.distribucionarc.com\/sl\/#website\",\"url\":\"https:\/\/www.distribucionarc.com\/sl\/\",\"name\":\"distribuci\u00f3n ARC\",\"description\":\"Empresa especializada en la fabricaci\u00f3n y distribuci\u00f3n de maquinaria industrial, selladoras de latas, Maquinas de hacer pastillas, Maquinas de cortar carne...\",\"publisher\":{\"@id\":\"https:\/\/www.distribucionarc.com\/sl\/#organization\"},\"potentialAction\":[{\"@type\":\"SearchAction\",\"target\":{\"@type\":\"EntryPoint\",\"urlTemplate\":\"https:\/\/www.distribucionarc.com\/sl\/?s={search_term_string}\"},\"query-input\":{\"@type\":\"PropertyValueSpecification\",\"valueRequired\":true,\"valueName\":\"search_term_string\"}}],\"inLanguage\":\"sl-SI\"},{\"@type\":\"Organization\",\"@id\":\"https:\/\/www.distribucionarc.com\/sl\/#organization\",\"name\":\"Distribuci\u00f3n ARC\",\"url\":\"https:\/\/www.distribucionarc.com\/sl\/\",\"logo\":{\"@type\":\"ImageObject\",\"inLanguage\":\"sl-SI\",\"@id\":\"https:\/\/www.distribucionarc.com\/sl\/#\/schema\/logo\/image\/\",\"url\":\"https:\/\/distribucionarc.com\/wp-content\/uploads\/2024\/10\/distribucion-ARC-COLOR-SIN-FONDO-e1732295305345.png\",\"contentUrl\":\"https:\/\/distribucionarc.com\/wp-content\/uploads\/2024\/10\/distribucion-ARC-COLOR-SIN-FONDO-e1732295305345.png\",\"width\":1164,\"height\":558,\"caption\":\"Distribuci\u00f3n ARC\"},\"image\":{\"@id\":\"https:\/\/www.distribucionarc.com\/sl\/#\/schema\/logo\/image\/\"},\"description\":\"Empresa especializada en la fabricaci\u00f3n y distribuci\u00f3n de maquinaria industrial para los sectores alimentario y farmac\u00e9utico. Nos especializamos en: M\u00e1quinas de cortar carne Fabricaci\u00f3n de comprimidos Sistemas de transporte industrial L\u00edneas de embotellado Dosificadores Y mucho m\u00e1s... Ofrecemos soluciones innovadoras y personalizadas para optimizar los procesos productivos de tu empresa.\",\"email\":\"Admistracion@distribucionarc.com\",\"telephone\":\"+34 643496664\",\"legalName\":\"ARC TECH SOLUTIONS\",\"foundingDate\":\"2024-04-09\",\"vatID\":\"B55480172\",\"numberOfEmployees\":{\"@type\":\"QuantitativeValue\",\"minValue\":\"1\",\"maxValue\":\"10\"}}]}<\/script>\n<!-- \/ Yoast SEO Premium plugin. -->","yoast_head_json":{"title":"Profesionalni vakuumski aparat za varjenje, nov visoko zmogljiv model 26 mm - distribucija ARC","description":"Profesionalni in industrijski vakuumski aparat za zapiranje komor s \u010drpalko 20 m\u00b3. Idealno za zapiranje vre\u010dk do 33 cm x 27 cm za klobase, meso in pripravljene izdelke. Popoln za uporabo v restavracijah in tovarnah.","robots":{"index":"index","follow":"follow","max-snippet":"max-snippet:-1","max-image-preview":"max-image-preview:large","max-video-preview":"max-video-preview:-1"},"canonical":"https:\/\/www.distribucionarc.com\/it\/producto\/envasadora-al-vacio-profesional-nuevo-modelo-de-alto-rendimiento-26mm\/","og_locale":"sl_SI","og_type":"article","og_title":"Envasadora al vacio profesional nuevo modelo de alto rendimiento 26mm","og_description":"Envasadora al vac\u00edo de campana profesional e industrial con bomba de 20 m\u00b3. Ideal para sellar bolsas de hasta 33 cm x 27 cm para embutidos, carnes y productos preparados. Perfecta para uso en restaurantes y f\u00e1bricas.","og_url":"https:\/\/www.distribucionarc.com\/it\/producto\/envasadora-al-vacio-profesional-nuevo-modelo-de-alto-rendimiento-26mm\/","og_site_name":"distribuci\u00f3n ARC","article_modified_time":"2024-09-04T20:09:38+00:00","og_image":[{"width":1600,"height":1600,"url":"https:\/\/www.distribucionarc.com\/wp-content\/uploads\/2020\/06\/Envasadora-al-vacio-profesional-0.jpg","type":"image\/jpeg"}],"twitter_card":"summary_large_image","twitter_misc":{"Est. reading time":"2 minuti"},"schema":{"@context":"https:\/\/schema.org","@graph":[{"@type":"WebPage","@id":"https:\/\/www.distribucionarc.com\/it\/producto\/envasadora-al-vacio-profesional-nuevo-modelo-de-alto-rendimiento-26mm\/","url":"https:\/\/www.distribucionarc.com\/it\/producto\/envasadora-al-vacio-profesional-nuevo-modelo-de-alto-rendimiento-26mm\/","name":"Profesionalni vakuumski aparat za varjenje, nov visoko zmogljiv model 26 mm - distribucija ARC","isPartOf":{"@id":"https:\/\/www.distribucionarc.com\/sl\/#website"},"primaryImageOfPage":{"@id":"https:\/\/www.distribucionarc.com\/it\/producto\/envasadora-al-vacio-profesional-nuevo-modelo-de-alto-rendimiento-26mm\/#primaryimage"},"image":{"@id":"https:\/\/www.distribucionarc.com\/it\/producto\/envasadora-al-vacio-profesional-nuevo-modelo-de-alto-rendimiento-26mm\/#primaryimage"},"thumbnailUrl":"https:\/\/distribucionarc.com\/wp-content\/uploads\/2020\/06\/Envasadora-al-vacio-profesional-0.jpg","datePublished":"2020-06-30T16:11:47+00:00","dateModified":"2024-09-04T20:09:38+00:00","description":"Profesionalni in industrijski vakuumski aparat za zapiranje komor s \u010drpalko 20 m\u00b3. Idealno za zapiranje vre\u010dk do 33 cm x 27 cm za klobase, meso in pripravljene izdelke. Popoln za uporabo v restavracijah in tovarnah.","breadcrumb":{"@id":"https:\/\/www.distribucionarc.com\/it\/producto\/envasadora-al-vacio-profesional-nuevo-modelo-de-alto-rendimiento-26mm\/#breadcrumb"},"inLanguage":"sl-SI","potentialAction":[{"@type":"ReadAction","target":["https:\/\/www.distribucionarc.com\/it\/producto\/envasadora-al-vacio-profesional-nuevo-modelo-de-alto-rendimiento-26mm\/"]}]},{"@type":"ImageObject","inLanguage":"sl-SI","@id":"https:\/\/www.distribucionarc.com\/it\/producto\/envasadora-al-vacio-profesional-nuevo-modelo-de-alto-rendimiento-26mm\/#primaryimage","url":"https:\/\/distribucionarc.com\/wp-content\/uploads\/2020\/06\/Envasadora-al-vacio-profesional-0.jpg","contentUrl":"https:\/\/distribucionarc.com\/wp-content\/uploads\/2020\/06\/Envasadora-al-vacio-profesional-0.jpg","width":1600,"height":1600},{"@type":"BreadcrumbList","@id":"https:\/\/www.distribucionarc.com\/it\/producto\/envasadora-al-vacio-profesional-nuevo-modelo-de-alto-rendimiento-26mm\/#breadcrumb","itemListElement":[{"@type":"ListItem","position":1,"name":"Portada","item":"https:\/\/www.distribucionarc.com\/"},{"@type":"ListItem","position":2,"name":"\u00dcr\u00fcnler","item":"https:\/\/www.distribucionarc.com\/tr\/magaza\/"},{"@type":"ListItem","position":3,"name":"Envasadora al vacio profesional nuevo modelo de alto rendimiento 26mm"}]},{"@type":"WebSite","@id":"https:\/\/www.distribucionarc.com\/sl\/#website","url":"https:\/\/www.distribucionarc.com\/sl\/","name":"ARC porazdelitev","description":"Podjetje je specializirano za proizvodnjo in distribucijo industrijskih strojev, strojev za zapiranje plo\u010devink, strojev za izdelavo tablet, strojev za rezanje mesa...","publisher":{"@id":"https:\/\/www.distribucionarc.com\/sl\/#organization"},"potentialAction":[{"@type":"SearchAction","target":{"@type":"EntryPoint","urlTemplate":"https:\/\/www.distribucionarc.com\/sl\/?s={search_term_string}"},"query-input":{"@type":"PropertyValueSpecification","valueRequired":true,"valueName":"search_term_string"}}],"inLanguage":"sl-SI"},{"@type":"Organization","@id":"https:\/\/www.distribucionarc.com\/sl\/#organization","name":"Distribucija ARC","url":"https:\/\/www.distribucionarc.com\/sl\/","logo":{"@type":"ImageObject","inLanguage":"sl-SI","@id":"https:\/\/www.distribucionarc.com\/sl\/#\/schema\/logo\/image\/","url":"https:\/\/distribucionarc.com\/wp-content\/uploads\/2024\/10\/distribucion-ARC-COLOR-SIN-FONDO-e1732295305345.png","contentUrl":"https:\/\/distribucionarc.com\/wp-content\/uploads\/2024\/10\/distribucion-ARC-COLOR-SIN-FONDO-e1732295305345.png","width":1164,"height":558,"caption":"Distribuci\u00f3n ARC"},"image":{"@id":"https:\/\/www.distribucionarc.com\/sl\/#\/schema\/logo\/image\/"},"description":"Podjetje, specializirano za proizvodnjo in distribucijo industrijskih strojev za \u017eivilski in farmacevtski sektor. Specializirani smo za: Stroji za rezanje mesa Proizvodnja tablet Industrijski transportni sistemi Stekleni\u010darske linije Dozirni stroji In \u0161e veliko ve\u010d... Ponujamo inovativne in prilagojene re\u0161itve za optimizacijo proizvodnih procesov va\u0161ega podjetja.","email":"Admistracion@distribucionarc.com","telephone":"+34 643496664","legalName":"ARC TECH SOLUTIONS","foundingDate":"2024-04-09","vatID":"B55480172","numberOfEmployees":{"@type":"QuantitativeValue","minValue":"1","maxValue":"10"}}]}},"_links":{"self":[{"href":"https:\/\/distribucionarc.com\/sl\/wp-json\/wp\/v2\/product\/707","targetHints":{"allow":["GET"]}}],"collection":[{"href":"https:\/\/distribucionarc.com\/sl\/wp-json\/wp\/v2\/product"}],"about":[{"href":"https:\/\/distribucionarc.com\/sl\/wp-json\/wp\/v2\/types\/product"}],"replies":[{"embeddable":true,"href":"https:\/\/distribucionarc.com\/sl\/wp-json\/wp\/v2\/comments?post=707"}],"version-history":[{"count":0,"href":"https:\/\/distribucionarc.com\/sl\/wp-json\/wp\/v2\/product\/707\/revisions"}],"wp:featuredmedia":[{"embeddable":true,"href":"https:\/\/distribucionarc.com\/sl\/wp-json\/wp\/v2\/media\/710"}],"wp:attachment":[{"href":"https:\/\/distribucionarc.com\/sl\/wp-json\/wp\/v2\/media?parent=707"}],"wp:term":[{"taxonomy":"product_brand","embeddable":true,"href":"https:\/\/distribucionarc.com\/sl\/wp-json\/wp\/v2\/product_brand?post=707"},{"taxonomy":"product_cat","embeddable":true,"href":"https:\/\/distribucionarc.com\/sl\/wp-json\/wp\/v2\/product_cat?post=707"},{"taxonomy":"product_tag","embeddable":true,"href":"https:\/\/distribucionarc.com\/sl\/wp-json\/wp\/v2\/product_tag?post=707"}],"curies":[{"name":"delovni list","href":"https:\/\/api.w.org\/{rel}","templated":true}]}}