{"id":722,"date":"2020-07-01T18:13:10","date_gmt":"2020-07-01T18:13:10","guid":{"rendered":"https:\/\/distribucionarc.com\/?post_type=product&#038;p=722"},"modified":"2020-09-26T15:14:42","modified_gmt":"2020-09-26T15:14:42","slug":"elektricni-cvrtnik-profesionalni-industrijski-za-ocvrte-ribe-krompir-itd-18l","status":"publish","type":"product","link":"https:\/\/distribucionarc.com\/sl\/producto\/freidora-electrica-profesional-industrial-para-pescado-frito-patatas-etc-18l\/","title":{"rendered":"Industrijski profesionalni elektri\u010dni cvrtnik za ocvrte ribe, krompir itd. 18l"},"content":{"rendered":"<div class=\"description-row description-text\">\n<h2>Elektri\u010dni cvrtnik \u2013 18 litrov<\/h2>\n<p>Elektri\u010dni cvrtnik <span style=\"color: #ff0000;\">TO<\/span><span style=\"color: #0000ff;\">R<\/span>C DISTRIBUTION je zasnovan za profesionalno uporabo in deluje pri 3000 voltih. Omogo\u010da vam pripravo okusne ocvrte hrane na udoben na\u010din, ne glede na vrsto izdelka, ki ga \u017eelite pripraviti. Idealno za va\u0161o <strong>gostinska industrija<\/strong> bodisi <strong>bar,<\/strong> vam bo omogo\u010dilo, da ponudite izjemna gastronomska do\u017eivetja.<\/p>\n<\/div>\n<div class=\"product-icon--wrapper\">\n<div class=\"product--icon\">\n<div class=\"icon-body\">\n<div class=\"product_icon_container svg-icon\"><\/div>\n<div class=\"icon-text\">\n<p>Ta kuhinjski aparat ima najve\u010djo prostornino olja do 14 litrov in a <strong>skupna prostornina 18 litrov<\/strong>. Profesionalno ga lahko uporabljate na zelo vsestranski na\u010din, \u0161e posebej primeren je za pripravo <strong>ribe<\/strong>, <strong>predjedi, kroketi ali \u010dips.<\/strong><\/p>\n<\/div>\n<\/div>\n<h3 class=\"product--icon-headline\">Hitri in hrustljavi prigrizki z elektri\u010dnim cvrtnikom <span style=\"color: #ff0000;\">TO<\/span><span style=\"color: #0000ff;\">R<\/span>CFRT18L za gastronomijo<\/h3>\n<div class=\"icon-body\">\n<div class=\"product_icon_easy_clean svg-icon\"><\/div>\n<div class=\"icon-text\">\n<p>Elektri\u010dna ko\u0161ara cvrtnika meri 20 x 22 x 10 cm. Morebitni ostanki hrane, ki ostanejo v rezervoarju, se kopi\u010dijo na dnu rezervoarja, v tako imenovani hladni coni, da se ne za\u017egejo. Na ta na\u010din olje ohrani svoj naravni okus. Poleg tega je izpust olja preprost.<\/p>\n<\/div>\n<\/div>\n<div class=\"icon-body\">\n<div class=\"product_icon_voltage svg-icon\"><\/div>\n<div class=\"icon-text\">\n<p>Zahvaljujo\u010d visoki zmogljivosti<strong>\u00a0grelni element<\/strong> odstranljiva <strong>3000<\/strong>\u00a0<strong>vat<\/strong>, olje za cvrtnik hitro dose\u017ee maksimalno temperaturo 200 \u00b0C. Za optimalne rezultate visokoob\u010dutljiv termostat ohranja toploto rezervoarja za olje na konstantni temperaturi. <span style=\"color: #0000ff;\">To temperaturo dose\u017eemo zelo hitro in z inteligentno elektronsko plo\u0161\u010do je poraba elektri\u010dne energije minimalna, ko je olje vro\u010de.<\/span> <span style=\"color: #ff0000;\">V primeru pregretja olja ali odstranitve grelne glave varovalka samodejno odklopi enoto.<\/span><\/p>\n<\/div>\n<\/div>\n<div class=\"icon-body\">\n<div class=\"product_icon_durable svg-icon\"><\/div>\n<div class=\"icon-text\">\n<p>Sodobno oblikovan pokrov, izdelan v\u00a0<strong>dolgo \u017eivljenjsko dobo iz nerjave\u010dega jekla<\/strong>, je zelo <strong>odporen<\/strong> in zaradi odstranljivega grelnega elementa enostaven za \u010di\u0161\u010denje. Odlo\u010dite se za zmogljiv elektri\u010dni cvrtnik \u0161e danes \u2013 va\u0161e stranke in gostje vam bodo hvale\u017eni.<\/p>\n<p><b>Tehni\u010dni podatki<\/b><\/p>\n<ul>\n<li>Model <span style=\"color: #ff0000;\">TO<\/span><span style=\"color: #0000ff;\">R<\/span>CFRT18L<\/li>\n<li>Material ohi\u0161ja nerjave\u010de jeklo<\/li>\n<li>\u0160tevilo ko\u0161ar in depozit 1<\/li>\n<li>Prostornina rezervoarja 18L<\/li>\n<li>Kapaciteta olja 14L<\/li>\n<li>Mo\u010d 3000 vatov<\/li>\n<li>Brez funkcije \u010dasovnika<\/li>\n<li>Omre\u017ena napetost 230V \/ 50Hz<\/li>\n<li>Dimenzije 52x47x41 cm<\/li>\n<li>Te\u017ea ca. 19 kg<\/li>\n<\/ul>\n<\/div>\n<\/div>\n<\/div>\n<\/div>","protected":false},"excerpt":{"rendered":"<h2>INDUSTRIJSKI CVRTNIK 18L TANK<\/h2>\n<p>&nbsp;<\/p>\n<h3>Znamka <span style=\"color: #ff0000;\">TO<\/span><span style=\"color: #0000ff;\">R<\/span>C uporablja skrbno izbrane materiale in tako ponuja visoko kakovostne izdelke za industrijski sektor. Visokokakovostni materiali omogo\u010dajo na\u0161im izdelkom dolgo \u017eivljenjsko dobo.<\/h3>\n<p>Popoln cvrtnik za ocvrte ribe, krompir itd.<\/p>\n<p>imajo vsi na\u0161i stroji <strong>2 leti garancije<\/strong><\/p>\n<p><strong>tehni\u010dno podporo v primeru okvare<\/strong><\/p>\n<p>vse kar potrebujete za va\u0161e podjetje na enem mestu<\/p>","protected":false},"featured_media":726,"comment_status":"open","ping_status":"closed","template":"","meta":{"wds_primary_product_brand":0,"wds_primary_product_cat":0},"product_brand":[],"product_cat":[38],"product_tag":[],"class_list":{"0":"post-722","1":"product","2":"type-product","3":"status-publish","4":"has-post-thumbnail","6":"product_cat-freidoras","7":"product_shipping_class-express","9":"first","10":"instock","11":"sale","12":"taxable","13":"shipping-taxable","14":"purchasable","15":"product-type-simple"},"yoast_head":"<!-- This site is optimized with the Yoast SEO Premium plugin v24.9 (Yoast SEO v26.1) - https:\/\/yoast.com\/wordpress\/plugins\/seo\/ -->\n<title>Freidora el\u00e9ctrica profesional industrial para pescado frito, patatas, etc. 18l - distribuci\u00f3n ARC<\/title>\n<meta name=\"robots\" content=\"index, follow, max-snippet:-1, max-image-preview:large, max-video-preview:-1\" \/>\n<link rel=\"canonical\" href=\"https:\/\/www.distribucionarc.com\/lt\/producto\/freidora-electrica-profesional-industrial-para-pescado-frito-patatas-etc-18l\/\" \/>\n<meta property=\"og:locale\" content=\"sl_SI\" \/>\n<meta property=\"og:type\" content=\"article\" \/>\n<meta property=\"og:title\" content=\"Freidora el\u00e9ctrica profesional industrial para pescado frito, patatas, etc. 18l\" \/>\n<meta property=\"og:description\" content=\"FREIDORA INDUSTRIAL TANQUE DE 18L &nbsp; La marca ARC utiliza materiales cuidadosamente seleccionados ofreciendo as\u00ed productos de alta calidad para el sector de la industria. Los materiales de alta calidad posibilitan que nuestros productos tengan una larga vida util. freidora perfecta para pescado frito, patatas, etc  toda nuestra maquinaria tiene garantia de 2 a\u00f1os  soporte tecnico en caso de averia  todo lo necesario para su negocio en un solo lugar\" \/>\n<meta property=\"og:url\" content=\"https:\/\/www.distribucionarc.com\/lt\/producto\/freidora-electrica-profesional-industrial-para-pescado-frito-patatas-etc-18l\/\" \/>\n<meta property=\"og:site_name\" content=\"distribuci\u00f3n ARC\" \/>\n<meta property=\"article:modified_time\" content=\"2020-09-26T15:14:42+00:00\" \/>\n<meta property=\"og:image\" content=\"https:\/\/www.distribucionarc.com\/wp-content\/uploads\/2020\/07\/freidora-profesional-industrial-18L-0.jpg\" \/>\n\t<meta property=\"og:image:width\" content=\"1500\" \/>\n\t<meta property=\"og:image:height\" content=\"1500\" \/>\n\t<meta property=\"og:image:type\" content=\"image\/jpeg\" \/>\n<meta name=\"twitter:card\" content=\"summary_large_image\" \/>\n<meta name=\"twitter:label1\" content=\"Est. reading time\" \/>\n\t<meta name=\"twitter:data1\" content=\"2 minuti\" \/>\n<script type=\"application\/ld+json\" class=\"yoast-schema-graph\">{\"@context\":\"https:\/\/schema.org\",\"@graph\":[{\"@type\":\"WebPage\",\"@id\":\"https:\/\/www.distribucionarc.com\/lt\/producto\/freidora-electrica-profesional-industrial-para-pescado-frito-patatas-etc-18l\/\",\"url\":\"https:\/\/www.distribucionarc.com\/lt\/producto\/freidora-electrica-profesional-industrial-para-pescado-frito-patatas-etc-18l\/\",\"name\":\"Freidora el\u00e9ctrica profesional industrial para pescado frito, patatas, etc. 18l - distribuci\u00f3n ARC\",\"isPartOf\":{\"@id\":\"https:\/\/www.distribucionarc.com\/tr\/#website\"},\"primaryImageOfPage\":{\"@id\":\"https:\/\/www.distribucionarc.com\/lt\/producto\/freidora-electrica-profesional-industrial-para-pescado-frito-patatas-etc-18l\/#primaryimage\"},\"image\":{\"@id\":\"https:\/\/www.distribucionarc.com\/lt\/producto\/freidora-electrica-profesional-industrial-para-pescado-frito-patatas-etc-18l\/#primaryimage\"},\"thumbnailUrl\":\"https:\/\/distribucionarc.com\/wp-content\/uploads\/2020\/07\/freidora-profesional-industrial-18L-0.jpg\",\"datePublished\":\"2020-07-01T18:13:10+00:00\",\"dateModified\":\"2020-09-26T15:14:42+00:00\",\"breadcrumb\":{\"@id\":\"https:\/\/www.distribucionarc.com\/lt\/producto\/freidora-electrica-profesional-industrial-para-pescado-frito-patatas-etc-18l\/#breadcrumb\"},\"inLanguage\":\"sl-SI\",\"potentialAction\":[{\"@type\":\"ReadAction\",\"target\":[\"https:\/\/www.distribucionarc.com\/lt\/producto\/freidora-electrica-profesional-industrial-para-pescado-frito-patatas-etc-18l\/\"]}]},{\"@type\":\"ImageObject\",\"inLanguage\":\"sl-SI\",\"@id\":\"https:\/\/www.distribucionarc.com\/lt\/producto\/freidora-electrica-profesional-industrial-para-pescado-frito-patatas-etc-18l\/#primaryimage\",\"url\":\"https:\/\/distribucionarc.com\/wp-content\/uploads\/2020\/07\/freidora-profesional-industrial-18L-0.jpg\",\"contentUrl\":\"https:\/\/distribucionarc.com\/wp-content\/uploads\/2020\/07\/freidora-profesional-industrial-18L-0.jpg\",\"width\":1500,\"height\":1500,\"caption\":\"FREIDORA INDUSTRIAL 18L\"},{\"@type\":\"BreadcrumbList\",\"@id\":\"https:\/\/www.distribucionarc.com\/lt\/producto\/freidora-electrica-profesional-industrial-para-pescado-frito-patatas-etc-18l\/#breadcrumb\",\"itemListElement\":[{\"@type\":\"ListItem\",\"position\":1,\"name\":\"Portada\",\"item\":\"https:\/\/www.distribucionarc.com\/tr\/\"},{\"@type\":\"ListItem\",\"position\":2,\"name\":\"Produktai\",\"item\":\"https:\/\/distribucionarc.com\/lt\/parduotuve\/\"},{\"@type\":\"ListItem\",\"position\":3,\"name\":\"Freidora el\u00e9ctrica profesional industrial para pescado frito, patatas, etc. 18l\"}]},{\"@type\":\"WebSite\",\"@id\":\"https:\/\/www.distribucionarc.com\/tr\/#website\",\"url\":\"https:\/\/www.distribucionarc.com\/tr\/\",\"name\":\"distribuci\u00f3n ARC\",\"description\":\"Empresa especializada en la fabricaci\u00f3n y distribuci\u00f3n de maquinaria industrial, selladoras de latas, Maquinas de hacer pastillas, Maquinas de cortar carne...\",\"publisher\":{\"@id\":\"https:\/\/www.distribucionarc.com\/tr\/#organization\"},\"potentialAction\":[{\"@type\":\"SearchAction\",\"target\":{\"@type\":\"EntryPoint\",\"urlTemplate\":\"https:\/\/www.distribucionarc.com\/tr\/?s={search_term_string}\"},\"query-input\":{\"@type\":\"PropertyValueSpecification\",\"valueRequired\":true,\"valueName\":\"search_term_string\"}}],\"inLanguage\":\"sl-SI\"},{\"@type\":\"Organization\",\"@id\":\"https:\/\/www.distribucionarc.com\/tr\/#organization\",\"name\":\"Distribuci\u00f3n ARC\",\"url\":\"https:\/\/www.distribucionarc.com\/tr\/\",\"logo\":{\"@type\":\"ImageObject\",\"inLanguage\":\"sl-SI\",\"@id\":\"https:\/\/www.distribucionarc.com\/tr\/#\/schema\/logo\/image\/\",\"url\":\"https:\/\/distribucionarc.com\/wp-content\/uploads\/2024\/10\/distribucion-ARC-COLOR-SIN-FONDO-e1732295305345.png\",\"contentUrl\":\"https:\/\/distribucionarc.com\/wp-content\/uploads\/2024\/10\/distribucion-ARC-COLOR-SIN-FONDO-e1732295305345.png\",\"width\":1164,\"height\":558,\"caption\":\"Distribuci\u00f3n ARC\"},\"image\":{\"@id\":\"https:\/\/www.distribucionarc.com\/tr\/#\/schema\/logo\/image\/\"},\"description\":\"Empresa especializada en la fabricaci\u00f3n y distribuci\u00f3n de maquinaria industrial para los sectores alimentario y farmac\u00e9utico. Nos especializamos en: M\u00e1quinas de cortar carne Fabricaci\u00f3n de comprimidos Sistemas de transporte industrial L\u00edneas de embotellado Dosificadores Y mucho m\u00e1s... Ofrecemos soluciones innovadoras y personalizadas para optimizar los procesos productivos de tu empresa.\",\"email\":\"Admistracion@distribucionarc.com\",\"telephone\":\"+34 643496664\",\"legalName\":\"ARC TECH SOLUTIONS\",\"foundingDate\":\"2024-04-09\",\"vatID\":\"B55480172\",\"numberOfEmployees\":{\"@type\":\"QuantitativeValue\",\"minValue\":\"1\",\"maxValue\":\"10\"}}]}<\/script>\n<!-- \/ Yoast SEO Premium plugin. -->","yoast_head_json":{"title":"Industrijski profesionalni elektri\u010dni cvrtnik za ocvrte ribe, krompir itd. 18l - razdelitev ARC","robots":{"index":"index","follow":"follow","max-snippet":"max-snippet:-1","max-image-preview":"max-image-preview:large","max-video-preview":"max-video-preview:-1"},"canonical":"https:\/\/www.distribucionarc.com\/lt\/producto\/freidora-electrica-profesional-industrial-para-pescado-frito-patatas-etc-18l\/","og_locale":"sl_SI","og_type":"article","og_title":"Freidora el\u00e9ctrica profesional industrial para pescado frito, patatas, etc. 18l","og_description":"FREIDORA INDUSTRIAL TANQUE DE 18L &nbsp; La marca ARC utiliza materiales cuidadosamente seleccionados ofreciendo as\u00ed productos de alta calidad para el sector de la industria. Los materiales de alta calidad posibilitan que nuestros productos tengan una larga vida util. freidora perfecta para pescado frito, patatas, etc  toda nuestra maquinaria tiene garantia de 2 a\u00f1os  soporte tecnico en caso de averia  todo lo necesario para su negocio en un solo lugar","og_url":"https:\/\/www.distribucionarc.com\/lt\/producto\/freidora-electrica-profesional-industrial-para-pescado-frito-patatas-etc-18l\/","og_site_name":"distribuci\u00f3n ARC","article_modified_time":"2020-09-26T15:14:42+00:00","og_image":[{"width":1500,"height":1500,"url":"https:\/\/www.distribucionarc.com\/wp-content\/uploads\/2020\/07\/freidora-profesional-industrial-18L-0.jpg","type":"image\/jpeg"}],"twitter_card":"summary_large_image","twitter_misc":{"Est. reading time":"2 minuti"},"schema":{"@context":"https:\/\/schema.org","@graph":[{"@type":"WebPage","@id":"https:\/\/www.distribucionarc.com\/lt\/producto\/freidora-electrica-profesional-industrial-para-pescado-frito-patatas-etc-18l\/","url":"https:\/\/www.distribucionarc.com\/lt\/producto\/freidora-electrica-profesional-industrial-para-pescado-frito-patatas-etc-18l\/","name":"Industrijski profesionalni elektri\u010dni cvrtnik za ocvrte ribe, krompir itd. 18l - razdelitev ARC","isPartOf":{"@id":"https:\/\/www.distribucionarc.com\/tr\/#website"},"primaryImageOfPage":{"@id":"https:\/\/www.distribucionarc.com\/lt\/producto\/freidora-electrica-profesional-industrial-para-pescado-frito-patatas-etc-18l\/#primaryimage"},"image":{"@id":"https:\/\/www.distribucionarc.com\/lt\/producto\/freidora-electrica-profesional-industrial-para-pescado-frito-patatas-etc-18l\/#primaryimage"},"thumbnailUrl":"https:\/\/distribucionarc.com\/wp-content\/uploads\/2020\/07\/freidora-profesional-industrial-18L-0.jpg","datePublished":"2020-07-01T18:13:10+00:00","dateModified":"2020-09-26T15:14:42+00:00","breadcrumb":{"@id":"https:\/\/www.distribucionarc.com\/lt\/producto\/freidora-electrica-profesional-industrial-para-pescado-frito-patatas-etc-18l\/#breadcrumb"},"inLanguage":"sl-SI","potentialAction":[{"@type":"ReadAction","target":["https:\/\/www.distribucionarc.com\/lt\/producto\/freidora-electrica-profesional-industrial-para-pescado-frito-patatas-etc-18l\/"]}]},{"@type":"ImageObject","inLanguage":"sl-SI","@id":"https:\/\/www.distribucionarc.com\/lt\/producto\/freidora-electrica-profesional-industrial-para-pescado-frito-patatas-etc-18l\/#primaryimage","url":"https:\/\/distribucionarc.com\/wp-content\/uploads\/2020\/07\/freidora-profesional-industrial-18L-0.jpg","contentUrl":"https:\/\/distribucionarc.com\/wp-content\/uploads\/2020\/07\/freidora-profesional-industrial-18L-0.jpg","width":1500,"height":1500,"caption":"FREIDORA INDUSTRIAL 18L"},{"@type":"BreadcrumbList","@id":"https:\/\/www.distribucionarc.com\/lt\/producto\/freidora-electrica-profesional-industrial-para-pescado-frito-patatas-etc-18l\/#breadcrumb","itemListElement":[{"@type":"ListItem","position":1,"name":"Portada","item":"https:\/\/www.distribucionarc.com\/tr\/"},{"@type":"ListItem","position":2,"name":"Produktai","item":"https:\/\/distribucionarc.com\/lt\/parduotuve\/"},{"@type":"ListItem","position":3,"name":"Freidora el\u00e9ctrica profesional industrial para pescado frito, patatas, etc. 18l"}]},{"@type":"WebSite","@id":"https:\/\/www.distribucionarc.com\/tr\/#website","url":"https:\/\/www.distribucionarc.com\/tr\/","name":"ARC porazdelitev","description":"Podjetje je specializirano za proizvodnjo in distribucijo industrijskih strojev, strojev za zapiranje plo\u010devink, strojev za izdelavo tablet, strojev za rezanje mesa...","publisher":{"@id":"https:\/\/www.distribucionarc.com\/tr\/#organization"},"potentialAction":[{"@type":"SearchAction","target":{"@type":"EntryPoint","urlTemplate":"https:\/\/www.distribucionarc.com\/tr\/?s={search_term_string}"},"query-input":{"@type":"PropertyValueSpecification","valueRequired":true,"valueName":"search_term_string"}}],"inLanguage":"sl-SI"},{"@type":"Organization","@id":"https:\/\/www.distribucionarc.com\/tr\/#organization","name":"Distribucija ARC","url":"https:\/\/www.distribucionarc.com\/tr\/","logo":{"@type":"ImageObject","inLanguage":"sl-SI","@id":"https:\/\/www.distribucionarc.com\/tr\/#\/schema\/logo\/image\/","url":"https:\/\/distribucionarc.com\/wp-content\/uploads\/2024\/10\/distribucion-ARC-COLOR-SIN-FONDO-e1732295305345.png","contentUrl":"https:\/\/distribucionarc.com\/wp-content\/uploads\/2024\/10\/distribucion-ARC-COLOR-SIN-FONDO-e1732295305345.png","width":1164,"height":558,"caption":"Distribuci\u00f3n ARC"},"image":{"@id":"https:\/\/www.distribucionarc.com\/tr\/#\/schema\/logo\/image\/"},"description":"Podjetje, specializirano za proizvodnjo in distribucijo industrijskih strojev za \u017eivilski in farmacevtski sektor. Specializirani smo za: Stroji za rezanje mesa Proizvodnja tablet Industrijski transportni sistemi Stekleni\u010darske linije Dozirni stroji In \u0161e veliko ve\u010d... Ponujamo inovativne in prilagojene re\u0161itve za optimizacijo proizvodnih procesov va\u0161ega podjetja.","email":"Admistracion@distribucionarc.com","telephone":"+34 643496664","legalName":"ARC TECH SOLUTIONS","foundingDate":"2024-04-09","vatID":"B55480172","numberOfEmployees":{"@type":"QuantitativeValue","minValue":"1","maxValue":"10"}}]}},"_links":{"self":[{"href":"https:\/\/distribucionarc.com\/sl\/wp-json\/wp\/v2\/product\/722","targetHints":{"allow":["GET"]}}],"collection":[{"href":"https:\/\/distribucionarc.com\/sl\/wp-json\/wp\/v2\/product"}],"about":[{"href":"https:\/\/distribucionarc.com\/sl\/wp-json\/wp\/v2\/types\/product"}],"replies":[{"embeddable":true,"href":"https:\/\/distribucionarc.com\/sl\/wp-json\/wp\/v2\/comments?post=722"}],"version-history":[{"count":0,"href":"https:\/\/distribucionarc.com\/sl\/wp-json\/wp\/v2\/product\/722\/revisions"}],"wp:featuredmedia":[{"embeddable":true,"href":"https:\/\/distribucionarc.com\/sl\/wp-json\/wp\/v2\/media\/726"}],"wp:attachment":[{"href":"https:\/\/distribucionarc.com\/sl\/wp-json\/wp\/v2\/media?parent=722"}],"wp:term":[{"taxonomy":"product_brand","embeddable":true,"href":"https:\/\/distribucionarc.com\/sl\/wp-json\/wp\/v2\/product_brand?post=722"},{"taxonomy":"product_cat","embeddable":true,"href":"https:\/\/distribucionarc.com\/sl\/wp-json\/wp\/v2\/product_cat?post=722"},{"taxonomy":"product_tag","embeddable":true,"href":"https:\/\/distribucionarc.com\/sl\/wp-json\/wp\/v2\/product_tag?post=722"}],"curies":[{"name":"delovni list","href":"https:\/\/api.w.org\/{rel}","templated":true}]}}