{"id":799,"date":"2020-07-10T11:03:05","date_gmt":"2020-07-10T11:03:05","guid":{"rendered":"https:\/\/distribucionarc.com\/?post_type=product&#038;p=799"},"modified":"2023-01-13T16:44:36","modified_gmt":"2023-01-13T16:44:36","slug":"2-nadstropna-kamnita-elektricna-pec-za-pico","status":"publish","type":"product","link":"https:\/\/distribucionarc.com\/sl\/producto\/horno-de-pizza-de-2-niveles-de-piedra-electrico\/","title":{"rendered":"2-nivojska elektri\u010dna kamnita pe\u010d za pico"},"content":{"rendered":"<h3>2-nivojska elektri\u010dna kamnita pe\u010d za pico <span style=\"color: #ff0000;\">TO<\/span><span style=\"color: #0000ff;\">R<\/span>CHPN2<\/h3>\n<p>&nbsp;<\/p>\n<p>Temperaturo lahko individualno prilagodite za pripravo popolnih in okusnih pic. On <strong>pe\u010d za pico<\/strong> se lahko segreje na maksimalno temperaturo 350 \u00b0C. Takoj, ko je dose\u017eena \u017eelena temperatura, pe\u010d za pico vzdr\u017euje <strong><span style=\"color: #008000;\">konstantna temperatura z minimalno porabo energije<\/span><\/strong>. To zagotavlja hrustljave pice in druge jedi iz testa. Ima dve ravni za pove\u010danje proizvodnje<\/p>\n<p>Pe\u010d za pico <span style=\"color: #ff0000;\">TO<\/span><span style=\"color: #0000ff;\">R<\/span>CHPN2 ima nedrse\u010de gumijaste \u010depe in trdno konstrukcijo, ki zagotavlja varno dr\u017eo. Za popolno kuhanje ima pe\u010d za pico vgrajeno osvetlitev in steklena vrata. Kuhalna povr\u0161ina je opremljena z a <strong>ognjevarna opeka<\/strong>. Ognjevarni kamen naredi pice kot <strong>kamnita pe\u010d,<\/strong>\u00a0 shranjevanje oddane toplote. Kamen torej picam zagotavlja stalno temperaturo in jih naredi hrustljave.<\/p>\n<p>Sprednji del pe\u010dice za pico je izdelan iz nerjave\u010dega jekla in je <strong>enostavno \u010di\u0161\u010denje.<\/strong> Zahvaljujo\u010d obdelavi toplotno odpornih in nerjave\u010dih materialov pe\u010dica ni le robustna, ampak ima tudi dolgo \u017eivljenjsko dobo. zasnovan za dolgotrajno delo, primeren za industrijsko uporabo<\/p>\n<p>&nbsp;<\/p>\n<h6><strong>garancija\u00a0<span style=\"color: #ff0000;\">TO<\/span><span style=\"color: #0000ff;\">R<\/span>C 2 LETI<\/strong><\/h6>\n<h6><span style=\"color: #008000;\"><strong>U\u010dinkovita pe\u010d za pico z nizko porabo 2500 W<\/strong><\/span><\/h6>\n<h6><strong>vklju\u010dena tehni\u010dna podpora.<\/strong><\/h6>\n<p>&nbsp;<\/p>\n<p><iframe loading=\"lazy\" src=\"https:\/\/www.youtube.com\/embed\/M6amTii8wPs\" width=\"560\" height=\"315\" frameborder=\"0\" allowfullscreen=\"allowfullscreen\"><\/iframe><\/p>\n<table role=\"presentation\" width=\"100%\" cellspacing=\"0\" cellpadding=\"0\">\n<tbody>\n<tr>\n<td class=\"attrLabels\">Temperatura:<\/td>\n<td width=\"50.0%\">0-350\u00baC<\/td>\n<\/tr>\n<tr>\n<td class=\"attrLabels\">Dr\u017eava distribucije:<\/td>\n<td width=\"50.0%\">\u0160panija, Nem\u010dija, ZDA<\/td>\n<td class=\"attrLabels\">Te\u017ea:<\/td>\n<td width=\"50.0%\">26.kg<\/td>\n<\/tr>\n<tr>\n<td class=\"attrLabels\">Znamka:<\/td>\n<td width=\"50.0%\">ARC<\/td>\n<td class=\"attrLabels\">Vi\u0161ina:<\/td>\n<td width=\"50.0%\">48 cm<\/td>\n<\/tr>\n<tr>\n<td class=\"attrLabels\">barva:<\/td>\n<td width=\"50.0%\">Srebrna<\/td>\n<td class=\"attrLabels\">dolgo:<\/td>\n<td width=\"50.0%\">63 cm<\/td>\n<\/tr>\n<tr>\n<td class=\"attrLabels\">Vrsta izdelka:<\/td>\n<td width=\"50.0%\">kamnita pe\u010d<\/td>\n<td class=\"attrLabels\">\u0160iroko:<\/td>\n<td width=\"50.0%\">58 cm<\/td>\n<\/tr>\n<tr>\n<td class=\"attrLabels\">\u0160tevilka proizvajalca:<\/td>\n<td width=\"50.0%\"><span style=\"color: #ff0000;\">TO<\/span><span style=\"color: #0000ff;\">R<\/span>CHPN2<\/td>\n<td class=\"attrLabels\">mo\u010d:<\/td>\n<td width=\"50.0%\">2500 W<\/td>\n<\/tr>\n<tr>\n<td class=\"attrLabels\">Material:<\/td>\n<td width=\"50.0%\">nerjave\u010de jeklo, odsevni kamen<\/td>\n<td class=\"attrLabels\">Vhodna napetost<\/td>\n<td width=\"50.0%\">230V \u2013 50Hz<\/td>\n<\/tr>\n<tr>\n<td class=\"attrLabels\">\u0161irina:<\/td>\n<td width=\"50.0%\">57 cm<\/td>\n<td class=\"attrLabels\">Modeli obrazcev:<\/td>\n<td width=\"50.0%\">5. kos<\/td>\n<\/tr>\n<tr>\n<td class=\"attrLabels\">Orodja za namestitev:<\/td>\n<td width=\"50.0%\">ja<\/td>\n<td class=\"attrLabels\">Garancija:<\/td>\n<td width=\"50.0%\">ARC 2 LET<\/td>\n<\/tr>\n<\/tbody>\n<\/table>\n<p>&nbsp;<\/p>","protected":false},"excerpt":{"rendered":"<h2>2-nadstropna pe\u010d za pico <span style=\"color: #ff0000;\">TO<\/span><span style=\"color: #0000ff;\">R<\/span>CHPN2<\/h2>\n<p>&nbsp;<\/p>\n<p>Pizza pe\u010d 2 x 40 je kompaktna in robustna pe\u010d iz nerjave\u010dega jekla. Ta pe\u010d za pico <strong><span style=\"color: #ff0000;\">TO<\/span><span style=\"color: #0000ff;\">R<\/span>c<\/strong> Nima samo kamnitih plo\u0161\u010d, ampak tudi lu\u010di za kamere. Naenkrat je prostora za 2 pici velikosti pribli\u017eno 40 centimetrov. Ta pe\u010d za pico <strong><span style=\"color: #ff0000;\">TO<\/span><span style=\"color: #0000ff;\">R<\/span>CHPN2<\/strong><\/p>\n<p>Je nekaj, kar se da dvigniti, saj ne tehta ve\u010d kot 26 kilogramov. Priro\u010dna stvar pri tej pe\u010di za pico je, da lahko temperaturo prilagodite po komorah tako na dnu kot na vrhu.<\/p>\n<p>&nbsp;<\/p>\n<h6><strong>garancija\u00a0<span style=\"color: #ff0000;\">TO<\/span><span style=\"color: #0000ff;\">R<\/span>C 2 LETI<\/strong><\/h6>\n<h6><span style=\"color: #008000;\"><strong>U\u010dinkovita pe\u010d za pico z nizko porabo 2500 W<\/strong><\/span><\/h6>\n<h6><strong>vklju\u010dena tehni\u010dna podpora.<\/strong><\/h6>","protected":false},"featured_media":800,"comment_status":"open","ping_status":"closed","template":"","meta":{"wds_primary_product_brand":0,"wds_primary_product_cat":0},"product_brand":[],"product_cat":[40],"product_tag":[],"class_list":{"0":"post-799","1":"product","2":"type-product","3":"status-publish","4":"has-post-thumbnail","6":"product_cat-hornos","7":"product_shipping_class-hosteleria","9":"first","10":"instock","11":"sale","12":"taxable","13":"shipping-taxable","14":"purchasable","15":"product-type-simple"},"yoast_head":"<!-- This site is optimized with the Yoast SEO Premium plugin v24.9 (Yoast SEO v26.1) - https:\/\/yoast.com\/wordpress\/plugins\/seo\/ -->\n<title>Horno de pizza de 2 niveles de piedra electrico - distribuci\u00f3n ARC<\/title>\n<meta name=\"robots\" content=\"index, follow, max-snippet:-1, max-image-preview:large, max-video-preview:-1\" \/>\n<link rel=\"canonical\" href=\"https:\/\/www.distribucionarc.com\/producto\/horno-de-pizza-de-2-niveles-de-piedra-electrico\/\" \/>\n<meta property=\"og:locale\" content=\"sl_SI\" \/>\n<meta property=\"og:type\" content=\"article\" \/>\n<meta property=\"og:title\" content=\"Horno de pizza de 2 niveles de piedra electrico\" \/>\n<meta property=\"og:description\" content=\"Horno de pizza de 2 niveles ARCHPN2 &nbsp;  Horno de pizza 2 x 40 es un horno compacto y robusto hecho de acero inoxidable. Este horno de pizza por ARC no s\u00f3lo tiene placas de piedra, pero tambi\u00e9n luces de la c\u00e1mara. Hay espacio para 2 pizzas de alrededor de 40 cent\u00edmetros al mismo tiempo. Este horno de pizza ARCHPN2  es algo que se puede levantar, ya que no pesa m\u00e1s de 26 kilogramos. Lo conveniente de este horno de pizza es que se puede ajustar la temperatura por c\u00e1mara tanto en la parte inferior y la parte superior.  &nbsp; garantia\u00a0ARC 2A\u00d1OS Horno Pizza eficiente bajo consumo 2500w soporte tecnico incluido.\" \/>\n<meta property=\"og:url\" content=\"https:\/\/www.distribucionarc.com\/producto\/horno-de-pizza-de-2-niveles-de-piedra-electrico\/\" \/>\n<meta property=\"og:site_name\" content=\"distribuci\u00f3n ARC\" \/>\n<meta property=\"article:modified_time\" content=\"2023-01-13T16:44:36+00:00\" \/>\n<meta property=\"og:image\" content=\"https:\/\/www.distribucionarc.com\/wp-content\/uploads\/2020\/07\/Horno-de-pizza-de-2-niveles-de-piedra-electrico-0.jpg\" \/>\n\t<meta property=\"og:image:width\" content=\"1600\" \/>\n\t<meta property=\"og:image:height\" content=\"1600\" \/>\n\t<meta property=\"og:image:type\" content=\"image\/jpeg\" \/>\n<meta name=\"twitter:card\" content=\"summary_large_image\" \/>\n<meta name=\"twitter:label1\" content=\"Est. reading time\" \/>\n\t<meta name=\"twitter:data1\" content=\"1 minuta\" \/>\n<script type=\"application\/ld+json\" class=\"yoast-schema-graph\">{\"@context\":\"https:\/\/schema.org\",\"@graph\":[{\"@type\":\"WebPage\",\"@id\":\"https:\/\/www.distribucionarc.com\/producto\/horno-de-pizza-de-2-niveles-de-piedra-electrico\/\",\"url\":\"https:\/\/www.distribucionarc.com\/producto\/horno-de-pizza-de-2-niveles-de-piedra-electrico\/\",\"name\":\"Horno de pizza de 2 niveles de piedra electrico - distribuci\u00f3n ARC\",\"isPartOf\":{\"@id\":\"https:\/\/www.distribucionarc.com\/sl\/#website\"},\"primaryImageOfPage\":{\"@id\":\"https:\/\/www.distribucionarc.com\/producto\/horno-de-pizza-de-2-niveles-de-piedra-electrico\/#primaryimage\"},\"image\":{\"@id\":\"https:\/\/www.distribucionarc.com\/producto\/horno-de-pizza-de-2-niveles-de-piedra-electrico\/#primaryimage\"},\"thumbnailUrl\":\"https:\/\/distribucionarc.com\/wp-content\/uploads\/2020\/07\/Horno-de-pizza-de-2-niveles-de-piedra-electrico-0.jpg\",\"datePublished\":\"2020-07-10T11:03:05+00:00\",\"dateModified\":\"2023-01-13T16:44:36+00:00\",\"breadcrumb\":{\"@id\":\"https:\/\/www.distribucionarc.com\/producto\/horno-de-pizza-de-2-niveles-de-piedra-electrico\/#breadcrumb\"},\"inLanguage\":\"sl-SI\",\"potentialAction\":[{\"@type\":\"ReadAction\",\"target\":[\"https:\/\/www.distribucionarc.com\/producto\/horno-de-pizza-de-2-niveles-de-piedra-electrico\/\"]}]},{\"@type\":\"ImageObject\",\"inLanguage\":\"sl-SI\",\"@id\":\"https:\/\/www.distribucionarc.com\/producto\/horno-de-pizza-de-2-niveles-de-piedra-electrico\/#primaryimage\",\"url\":\"https:\/\/distribucionarc.com\/wp-content\/uploads\/2020\/07\/Horno-de-pizza-de-2-niveles-de-piedra-electrico-0.jpg\",\"contentUrl\":\"https:\/\/distribucionarc.com\/wp-content\/uploads\/2020\/07\/Horno-de-pizza-de-2-niveles-de-piedra-electrico-0.jpg\",\"width\":1600,\"height\":1600,\"caption\":\"Horno-de-pizza-de-2-niveles-de-piedra-electrico\"},{\"@type\":\"BreadcrumbList\",\"@id\":\"https:\/\/www.distribucionarc.com\/producto\/horno-de-pizza-de-2-niveles-de-piedra-electrico\/#breadcrumb\",\"itemListElement\":[{\"@type\":\"ListItem\",\"position\":1,\"name\":\"Portada\",\"item\":\"https:\/\/www.distribucionarc.com\/\"},{\"@type\":\"ListItem\",\"position\":2,\"name\":\"\u00dcr\u00fcnler\",\"item\":\"https:\/\/www.distribucionarc.com\/tr\/magaza\/\"},{\"@type\":\"ListItem\",\"position\":3,\"name\":\"Horno de pizza de 2 niveles de piedra electrico\"}]},{\"@type\":\"WebSite\",\"@id\":\"https:\/\/www.distribucionarc.com\/sl\/#website\",\"url\":\"https:\/\/www.distribucionarc.com\/sl\/\",\"name\":\"distribuci\u00f3n ARC\",\"description\":\"Empresa especializada en la fabricaci\u00f3n y distribuci\u00f3n de maquinaria industrial, selladoras de latas, Maquinas de hacer pastillas, Maquinas de cortar carne...\",\"publisher\":{\"@id\":\"https:\/\/www.distribucionarc.com\/sl\/#organization\"},\"potentialAction\":[{\"@type\":\"SearchAction\",\"target\":{\"@type\":\"EntryPoint\",\"urlTemplate\":\"https:\/\/www.distribucionarc.com\/sl\/?s={search_term_string}\"},\"query-input\":{\"@type\":\"PropertyValueSpecification\",\"valueRequired\":true,\"valueName\":\"search_term_string\"}}],\"inLanguage\":\"sl-SI\"},{\"@type\":\"Organization\",\"@id\":\"https:\/\/www.distribucionarc.com\/sl\/#organization\",\"name\":\"Distribuci\u00f3n ARC\",\"url\":\"https:\/\/www.distribucionarc.com\/sl\/\",\"logo\":{\"@type\":\"ImageObject\",\"inLanguage\":\"sl-SI\",\"@id\":\"https:\/\/www.distribucionarc.com\/sl\/#\/schema\/logo\/image\/\",\"url\":\"https:\/\/distribucionarc.com\/wp-content\/uploads\/2024\/10\/distribucion-ARC-COLOR-SIN-FONDO-e1732295305345.png\",\"contentUrl\":\"https:\/\/distribucionarc.com\/wp-content\/uploads\/2024\/10\/distribucion-ARC-COLOR-SIN-FONDO-e1732295305345.png\",\"width\":1164,\"height\":558,\"caption\":\"Distribuci\u00f3n ARC\"},\"image\":{\"@id\":\"https:\/\/www.distribucionarc.com\/sl\/#\/schema\/logo\/image\/\"},\"description\":\"Empresa especializada en la fabricaci\u00f3n y distribuci\u00f3n de maquinaria industrial para los sectores alimentario y farmac\u00e9utico. Nos especializamos en: M\u00e1quinas de cortar carne Fabricaci\u00f3n de comprimidos Sistemas de transporte industrial L\u00edneas de embotellado Dosificadores Y mucho m\u00e1s... Ofrecemos soluciones innovadoras y personalizadas para optimizar los procesos productivos de tu empresa.\",\"email\":\"Admistracion@distribucionarc.com\",\"telephone\":\"+34 643496664\",\"legalName\":\"ARC TECH SOLUTIONS\",\"foundingDate\":\"2024-04-09\",\"vatID\":\"B55480172\",\"numberOfEmployees\":{\"@type\":\"QuantitativeValue\",\"minValue\":\"1\",\"maxValue\":\"10\"}}]}<\/script>\n<!-- \/ Yoast SEO Premium plugin. -->","yoast_head_json":{"title":"Elektri\u010dna kaminska 2-nivojska pe\u010d za pico - razvod ARC","robots":{"index":"index","follow":"follow","max-snippet":"max-snippet:-1","max-image-preview":"max-image-preview:large","max-video-preview":"max-video-preview:-1"},"canonical":"https:\/\/www.distribucionarc.com\/producto\/horno-de-pizza-de-2-niveles-de-piedra-electrico\/","og_locale":"sl_SI","og_type":"article","og_title":"Horno de pizza de 2 niveles de piedra electrico","og_description":"Horno de pizza de 2 niveles ARCHPN2 &nbsp;  Horno de pizza 2 x 40 es un horno compacto y robusto hecho de acero inoxidable. Este horno de pizza por ARC no s\u00f3lo tiene placas de piedra, pero tambi\u00e9n luces de la c\u00e1mara. Hay espacio para 2 pizzas de alrededor de 40 cent\u00edmetros al mismo tiempo. Este horno de pizza ARCHPN2  es algo que se puede levantar, ya que no pesa m\u00e1s de 26 kilogramos. Lo conveniente de este horno de pizza es que se puede ajustar la temperatura por c\u00e1mara tanto en la parte inferior y la parte superior.  &nbsp; garantia\u00a0ARC 2A\u00d1OS Horno Pizza eficiente bajo consumo 2500w soporte tecnico incluido.","og_url":"https:\/\/www.distribucionarc.com\/producto\/horno-de-pizza-de-2-niveles-de-piedra-electrico\/","og_site_name":"distribuci\u00f3n ARC","article_modified_time":"2023-01-13T16:44:36+00:00","og_image":[{"width":1600,"height":1600,"url":"https:\/\/www.distribucionarc.com\/wp-content\/uploads\/2020\/07\/Horno-de-pizza-de-2-niveles-de-piedra-electrico-0.jpg","type":"image\/jpeg"}],"twitter_card":"summary_large_image","twitter_misc":{"Est. reading time":"1 minuta"},"schema":{"@context":"https:\/\/schema.org","@graph":[{"@type":"WebPage","@id":"https:\/\/www.distribucionarc.com\/producto\/horno-de-pizza-de-2-niveles-de-piedra-electrico\/","url":"https:\/\/www.distribucionarc.com\/producto\/horno-de-pizza-de-2-niveles-de-piedra-electrico\/","name":"Elektri\u010dna kaminska 2-nivojska pe\u010d za pico - razvod ARC","isPartOf":{"@id":"https:\/\/www.distribucionarc.com\/sl\/#website"},"primaryImageOfPage":{"@id":"https:\/\/www.distribucionarc.com\/producto\/horno-de-pizza-de-2-niveles-de-piedra-electrico\/#primaryimage"},"image":{"@id":"https:\/\/www.distribucionarc.com\/producto\/horno-de-pizza-de-2-niveles-de-piedra-electrico\/#primaryimage"},"thumbnailUrl":"https:\/\/distribucionarc.com\/wp-content\/uploads\/2020\/07\/Horno-de-pizza-de-2-niveles-de-piedra-electrico-0.jpg","datePublished":"2020-07-10T11:03:05+00:00","dateModified":"2023-01-13T16:44:36+00:00","breadcrumb":{"@id":"https:\/\/www.distribucionarc.com\/producto\/horno-de-pizza-de-2-niveles-de-piedra-electrico\/#breadcrumb"},"inLanguage":"sl-SI","potentialAction":[{"@type":"ReadAction","target":["https:\/\/www.distribucionarc.com\/producto\/horno-de-pizza-de-2-niveles-de-piedra-electrico\/"]}]},{"@type":"ImageObject","inLanguage":"sl-SI","@id":"https:\/\/www.distribucionarc.com\/producto\/horno-de-pizza-de-2-niveles-de-piedra-electrico\/#primaryimage","url":"https:\/\/distribucionarc.com\/wp-content\/uploads\/2020\/07\/Horno-de-pizza-de-2-niveles-de-piedra-electrico-0.jpg","contentUrl":"https:\/\/distribucionarc.com\/wp-content\/uploads\/2020\/07\/Horno-de-pizza-de-2-niveles-de-piedra-electrico-0.jpg","width":1600,"height":1600,"caption":"Horno-de-pizza-de-2-niveles-de-piedra-electrico"},{"@type":"BreadcrumbList","@id":"https:\/\/www.distribucionarc.com\/producto\/horno-de-pizza-de-2-niveles-de-piedra-electrico\/#breadcrumb","itemListElement":[{"@type":"ListItem","position":1,"name":"Portada","item":"https:\/\/www.distribucionarc.com\/"},{"@type":"ListItem","position":2,"name":"\u00dcr\u00fcnler","item":"https:\/\/www.distribucionarc.com\/tr\/magaza\/"},{"@type":"ListItem","position":3,"name":"Horno de pizza de 2 niveles de piedra electrico"}]},{"@type":"WebSite","@id":"https:\/\/www.distribucionarc.com\/sl\/#website","url":"https:\/\/www.distribucionarc.com\/sl\/","name":"ARC porazdelitev","description":"Podjetje je specializirano za proizvodnjo in distribucijo industrijskih strojev, strojev za zapiranje plo\u010devink, strojev za izdelavo tablet, strojev za rezanje mesa...","publisher":{"@id":"https:\/\/www.distribucionarc.com\/sl\/#organization"},"potentialAction":[{"@type":"SearchAction","target":{"@type":"EntryPoint","urlTemplate":"https:\/\/www.distribucionarc.com\/sl\/?s={search_term_string}"},"query-input":{"@type":"PropertyValueSpecification","valueRequired":true,"valueName":"search_term_string"}}],"inLanguage":"sl-SI"},{"@type":"Organization","@id":"https:\/\/www.distribucionarc.com\/sl\/#organization","name":"Distribucija ARC","url":"https:\/\/www.distribucionarc.com\/sl\/","logo":{"@type":"ImageObject","inLanguage":"sl-SI","@id":"https:\/\/www.distribucionarc.com\/sl\/#\/schema\/logo\/image\/","url":"https:\/\/distribucionarc.com\/wp-content\/uploads\/2024\/10\/distribucion-ARC-COLOR-SIN-FONDO-e1732295305345.png","contentUrl":"https:\/\/distribucionarc.com\/wp-content\/uploads\/2024\/10\/distribucion-ARC-COLOR-SIN-FONDO-e1732295305345.png","width":1164,"height":558,"caption":"Distribuci\u00f3n ARC"},"image":{"@id":"https:\/\/www.distribucionarc.com\/sl\/#\/schema\/logo\/image\/"},"description":"Podjetje, specializirano za proizvodnjo in distribucijo industrijskih strojev za \u017eivilski in farmacevtski sektor. Specializirani smo za: Stroji za rezanje mesa Proizvodnja tablet Industrijski transportni sistemi Stekleni\u010darske linije Dozirni stroji In \u0161e veliko ve\u010d... Ponujamo inovativne in prilagojene re\u0161itve za optimizacijo proizvodnih procesov va\u0161ega podjetja.","email":"Admistracion@distribucionarc.com","telephone":"+34 643496664","legalName":"ARC TECH SOLUTIONS","foundingDate":"2024-04-09","vatID":"B55480172","numberOfEmployees":{"@type":"QuantitativeValue","minValue":"1","maxValue":"10"}}]}},"_links":{"self":[{"href":"https:\/\/distribucionarc.com\/sl\/wp-json\/wp\/v2\/product\/799","targetHints":{"allow":["GET"]}}],"collection":[{"href":"https:\/\/distribucionarc.com\/sl\/wp-json\/wp\/v2\/product"}],"about":[{"href":"https:\/\/distribucionarc.com\/sl\/wp-json\/wp\/v2\/types\/product"}],"replies":[{"embeddable":true,"href":"https:\/\/distribucionarc.com\/sl\/wp-json\/wp\/v2\/comments?post=799"}],"version-history":[{"count":0,"href":"https:\/\/distribucionarc.com\/sl\/wp-json\/wp\/v2\/product\/799\/revisions"}],"wp:featuredmedia":[{"embeddable":true,"href":"https:\/\/distribucionarc.com\/sl\/wp-json\/wp\/v2\/media\/800"}],"wp:attachment":[{"href":"https:\/\/distribucionarc.com\/sl\/wp-json\/wp\/v2\/media?parent=799"}],"wp:term":[{"taxonomy":"product_brand","embeddable":true,"href":"https:\/\/distribucionarc.com\/sl\/wp-json\/wp\/v2\/product_brand?post=799"},{"taxonomy":"product_cat","embeddable":true,"href":"https:\/\/distribucionarc.com\/sl\/wp-json\/wp\/v2\/product_cat?post=799"},{"taxonomy":"product_tag","embeddable":true,"href":"https:\/\/distribucionarc.com\/sl\/wp-json\/wp\/v2\/product_tag?post=799"}],"curies":[{"name":"delovni list","href":"https:\/\/api.w.org\/{rel}","templated":true}]}}