{"id":8212,"date":"2024-10-28T19:19:09","date_gmt":"2024-10-28T19:19:09","guid":{"rendered":"https:\/\/distribucionarc.com\/?post_type=product&#038;p=8212"},"modified":"2024-10-28T22:47:25","modified_gmt":"2024-10-28T22:47:25","slug":"tesnilo-za-velike-kvadratne-in-okrogle-plocevinke-anr-170","status":"publish","type":"product","link":"https:\/\/distribucionarc.com\/sl\/producto\/selladora-de-latas-grandes-cuadradas-y-circulares-anr-170\/","title":{"rendered":"Veliko kvadratno in okroglo tesnilo za plo\u010devinke ANR-170"},"content":{"rendered":"<p>The <strong>Tesnilo za velike plo\u010devinke ANR-170<\/strong> je stroj, specializiran za zapiranje plo\u010devink razli\u010dnih velikosti in oblik, predvsem okroglih in kvadratnih, ki se uporabljajo v sektorjih, kot so \u017eivilski, kemi\u010dni, kmetijski in kozmeti\u010dni izdelki. Njegova glavna naloga je visokokakovostno hermeti\u010dno zapiranje razli\u010dnih vrst posod, s \u010dimer zagotavlja, da so izdelki v notranjosti pravilno ohranjeni, z minimalno izpostavljenostjo onesna\u017eevalcem in ve\u010djo vzdr\u017eljivostjo.<\/p>\n<p>Glavni cilj <strong>tesnilni stroj ANR-170<\/strong> je zagotoviti natan\u010dno in dosledno tesnjenje na kovinskih posodah razli\u010dnih velikosti in oblik. Ta postopek je klju\u010dnega pomena za ohranitev kakovosti izdelka v notranjosti in za\u0161\u010dito pred zunanjimi dejavniki, kot so zrak, vlaga ali morebitni mikroorganizmi. Natan\u010dno tesnjenje olaj\u0161a distribucijo in skladi\u0161\u010denje izdelkov.<\/p>\n<p>Njegove klju\u010dne komponente so naslednje:<\/p>\n<p><strong>Tesnilna glava,<\/strong> bistvena komponenta, ki je v neposrednem stiku s plo\u010devinko, pri \u010demer izvaja pritisk in toploto, ki sta potrebna za spajanje delov posode, kar zagotavlja nepredu\u0161no tesnjenje, <strong>Sistem hranjenja <\/strong>ki je sestavljen iz teko\u010dega traku in nastavljivih vodil, ki plo\u010devinke postavijo na to\u010dno dolo\u010deno mesto za zapiranje, <strong>Sistem hranjenja <\/strong>ki je sestavljen iz teko\u010dega traku in nastavljivih vodil, ki plo\u010devinke postavijo na to\u010dno dolo\u010deno mesto za zapiranje. The <strong>Podporna struktura <\/strong>Izdelan je iz odpornega jekla (201, 304 in 420), ta struktura zagotavlja stabilnost in vzdr\u017eljivost stroja, podpira te\u017eo plo\u010devink in tesnilne glave. On <strong>varnostni sistem i<\/strong>Vklju\u010duje senzorje, ki ustavijo delovanje, \u010de so zaznane te\u017eave, kot je slaba namestitev plo\u010devinke, kar zmanj\u0161a nesre\u010de in po\u0161kodbe stroja.<\/p>\n<p>&nbsp;<\/p>\n<p>Trend pri strojih za tesnjenje, kot je ANR-170, vklju\u010duje integracijo <strong>sistemi za spremljanje v realnem \u010dasu<\/strong> odkrivanje in poro\u010danje o te\u017eavah pri delovanju, a <strong>bolj\u0161a avtomatizacija<\/strong> za obvladovanje ve\u010d razli\u010dnih velikosti in oblik plo\u010devink, ki bi jih lahko vklju\u010devali prihodnji modeli <strong>pametni senzorji<\/strong> ki samodejno prilagajajo temperaturo in tlak tesnjenja glede na vrsto materiala posode.<\/p>\n<p>\u010ce povzamemo, <strong>tesnilni stroj ANR-170<\/strong> Je robusten, u\u010dinkovit in vsestranski stroj, ki izbolj\u0161uje produktivnost in zagotavlja kakovost pri tesnjenju plo\u010devink v ve\u010d panogah, s preprostim vzdr\u017eevanjem in zasnovo, osredoto\u010deno na vzdr\u017eljivost in varnost.<\/p>\n<p><a href=\"https:\/\/distribucionarc.com\/wp-content\/uploads\/2024\/10\/Sellado-de-Latas-Grandes.png\"><img loading=\"lazy\" decoding=\"async\" class=\"alignnone size-medium wp-image-8213\" src=\"https:\/\/distribucionarc.com\/wp-content\/uploads\/2024\/10\/Sellado-de-Latas-Grandes-292x300.png\" alt=\"\" width=\"292\" height=\"300\" srcset=\"https:\/\/distribucionarc.com\/wp-content\/uploads\/2024\/10\/Sellado-de-Latas-Grandes-292x300.png 292w, https:\/\/distribucionarc.com\/wp-content\/uploads\/2024\/10\/Sellado-de-Latas-Grandes-430x441.png 430w, https:\/\/distribucionarc.com\/wp-content\/uploads\/2024\/10\/Sellado-de-Latas-Grandes-150x154.png 150w, https:\/\/distribucionarc.com\/wp-content\/uploads\/2024\/10\/Sellado-de-Latas-Grandes-12x12.png 12w, https:\/\/distribucionarc.com\/wp-content\/uploads\/2024\/10\/Sellado-de-Latas-Grandes.png 563w\" sizes=\"auto, (max-width: 292px) 100vw, 292px\" \/><\/a>\u00a0 \u00a0 \u00a0 <a href=\"https:\/\/distribucionarc.com\/wp-content\/uploads\/2024\/10\/Selladora-de-Latas-industrial.png\"><img loading=\"lazy\" decoding=\"async\" class=\"alignnone size-medium wp-image-8216\" src=\"https:\/\/distribucionarc.com\/wp-content\/uploads\/2024\/10\/Selladora-de-Latas-industrial-285x300.png\" alt=\"\" width=\"285\" height=\"300\" srcset=\"https:\/\/distribucionarc.com\/wp-content\/uploads\/2024\/10\/Selladora-de-Latas-industrial-285x300.png 285w, https:\/\/distribucionarc.com\/wp-content\/uploads\/2024\/10\/Selladora-de-Latas-industrial-430x452.png 430w, https:\/\/distribucionarc.com\/wp-content\/uploads\/2024\/10\/Selladora-de-Latas-industrial-150x158.png 150w, https:\/\/distribucionarc.com\/wp-content\/uploads\/2024\/10\/Selladora-de-Latas-industrial-11x12.png 11w, https:\/\/distribucionarc.com\/wp-content\/uploads\/2024\/10\/Selladora-de-Latas-industrial.png 541w\" sizes=\"auto, (max-width: 285px) 100vw, 285px\" \/><\/a><\/p>\n<p>&nbsp;<\/p>\n<table>\n<thead>\n<tr>\n<th>Specifikacija<\/th>\n<th>Podrobnost<\/th>\n<\/tr>\n<\/thead>\n<tbody>\n<tr>\n<td><strong>Velikost stroja<\/strong><\/td>\n<td>1000 x 917 x 1885 mm<\/td>\n<\/tr>\n<tr>\n<td><strong>Napetost<\/strong><\/td>\n<td>220V\/50Hz<\/td>\n<\/tr>\n<tr>\n<td><strong>Proizvodnja (krogi)<\/strong><\/td>\n<td>25-30 plo\u010devink\/minuto<\/td>\n<\/tr>\n<tr>\n<td><strong>Proizvodnja (kvadrat)<\/strong><\/td>\n<td>15-20 plo\u010devink\/minuto<\/td>\n<\/tr>\n<tr>\n<td><strong>Mo\u010d<\/strong><\/td>\n<td>2,2 kW<\/td>\n<\/tr>\n<tr>\n<td><strong>Premer plo\u010devinke<\/strong><\/td>\n<td>50-330 mm<\/td>\n<\/tr>\n<tr>\n<td><strong>Najve\u010dja vi\u0161ina plo\u010devinke<\/strong><\/td>\n<td>420 mm<\/td>\n<\/tr>\n<tr>\n<td><strong>Te\u017ea<\/strong><\/td>\n<td>800 kg<\/td>\n<\/tr>\n<tr>\n<td><strong>Model<\/strong><\/td>\n<td>ANR-170<\/td>\n<\/tr>\n<tr>\n<td><strong>zra\u010dni tlak<\/strong><\/td>\n<td>0,4-0,6MPa<\/td>\n<\/tr>\n<tr>\n<td><strong>Debelina plo\u010devine<\/strong><\/td>\n<td>Do 0,4 mm<\/td>\n<\/tr>\n<tr>\n<td><strong>hitrost motorja<\/strong><\/td>\n<td>940 vrt\/min<\/td>\n<\/tr>\n<tr>\n<td><strong>SKU<\/strong><\/td>\n<td>AR00127<\/td>\n<\/tr>\n<tr>\n<td><strong>Garancija<\/strong><\/td>\n<td>2 leti<\/td>\n<\/tr>\n<\/tbody>\n<\/table>\n<p>&nbsp;<\/p>\n<p>&nbsp;<\/p>","protected":false},"excerpt":{"rendered":"<p>Stroj <strong>Tesnilo za velike plo\u010devinke ANR-170<\/strong> je specializirana oprema, zasnovana za u\u010dinkovito tesnjenje okroglih in posebnih oblikovanih plo\u010devink, kot so kvadratne, v razli\u010dnih industrijskih sektorjih, vklju\u010dno s prehrambeno, kemi\u010dno, kmetijsko in kozmeti\u010dno. Njegovo delovanje je preprosto, odlikuje ga visoka u\u010dinkovitost in vsestranskost pri razli\u010dnih vrstah tesnjenja. Izdelan iz visoko kakovostnega jekla (201, 304 in 420), ANR-170 nudi vzdr\u017eljivost in odpornost z nizko stopnjo napak, ki zagotavlja dolgo \u017eivljenjsko dobo. Njegove glavne komponente vklju\u010dujejo tesnilno glavo, krmilni sistem in podporno podlago, zaradi \u010desar je enostaven za uporabo in vzdr\u017eevanje v industrijskih okoljih. Ta oprema optimizira postopek pakiranja, izbolj\u0161a varnost in ohranitev izdelkov.<\/p>","protected":false},"featured_media":8215,"comment_status":"open","ping_status":"closed","template":"","meta":{"wds_primary_product_brand":0,"wds_primary_product_cat":0},"product_brand":[],"product_cat":[62],"product_tag":[],"class_list":{"0":"post-8212","1":"product","2":"type-product","3":"status-publish","4":"has-post-thumbnail","6":"product_cat-selladoras-de-latas","8":"first","9":"instock","10":"taxable","11":"shipping-taxable","12":"purchasable","13":"product-type-simple"},"yoast_head":"<!-- This site is optimized with the Yoast SEO Premium plugin v24.9 (Yoast SEO v26.1) - https:\/\/yoast.com\/wordpress\/plugins\/seo\/ -->\n<title>Selladora de latas grandes cuadradas y circulares ANR-170 - distribuci\u00f3n ARC<\/title>\n<meta name=\"robots\" content=\"index, follow, max-snippet:-1, max-image-preview:large, max-video-preview:-1\" \/>\n<link rel=\"canonical\" href=\"https:\/\/distribucionarc.com\/sl\/izdelek\/tesnilo-za-velike-kvadratne-in-okrogle-plocevinke-anr-170\/\" \/>\n<meta property=\"og:locale\" content=\"sl_SI\" \/>\n<meta property=\"og:type\" content=\"article\" \/>\n<meta property=\"og:title\" content=\"Selladora de latas grandes cuadradas y circulares ANR-170\" \/>\n<meta property=\"og:description\" content=\"La m\u00e1quina Selladora de latas grandes ANR-170 es un equipo especializado dise\u00f1ado para sellar eficientemente latas redondas y de formas especiales, como las cuadradas, en diversos sectores industriales, incluyendo alimentos, productos qu\u00edmicos, agr\u00edcolas y cosm\u00e9ticos. Su operaci\u00f3n es simple, caracteriz\u00e1ndose por su alta eficiencia y versatilidad en diferentes tipos de sellado. Fabricada con acero de alta calidad (201, 304 y 420), la ANR-170 ofrece durabilidad y resistencia, con una baja tasa de fallos que garantiza una larga vida \u00fatil. Sus principales componentes incluyen el cabezal de sellado, el sistema de control y la base de soporte, lo que facilita su uso y mantenimiento en entornos industriales. Este equipo optimiza el proceso de envasado, mejorando la seguridad y la conservaci\u00f3n de los productos.\" \/>\n<meta property=\"og:url\" content=\"https:\/\/distribucionarc.com\/sl\/izdelek\/tesnilo-za-velike-kvadratne-in-okrogle-plocevinke-anr-170\/\" \/>\n<meta property=\"og:site_name\" content=\"distribuci\u00f3n ARC\" \/>\n<meta property=\"article:modified_time\" content=\"2024-10-28T22:47:25+00:00\" \/>\n<meta property=\"og:image\" content=\"https:\/\/distribucionarc.com\/wp-content\/uploads\/2024\/10\/Tecnologia-de-Sellado-Preciso-con-la-Selladora-de-latas-grandes.png\" \/>\n\t<meta property=\"og:image:width\" content=\"283\" \/>\n\t<meta property=\"og:image:height\" content=\"457\" \/>\n\t<meta property=\"og:image:type\" content=\"image\/png\" \/>\n<meta name=\"twitter:card\" content=\"summary_large_image\" \/>\n<meta name=\"twitter:label1\" content=\"Est. reading time\" \/>\n\t<meta name=\"twitter:data1\" content=\"3 minute\" \/>\n<script type=\"application\/ld+json\" class=\"yoast-schema-graph\">{\"@context\":\"https:\/\/schema.org\",\"@graph\":[{\"@type\":\"WebPage\",\"@id\":\"https:\/\/distribucionarc.com\/el\/producto\/selladora-de-latas-grandes-cuadradas-y-circulares-anr-170\/\",\"url\":\"https:\/\/distribucionarc.com\/el\/producto\/selladora-de-latas-grandes-cuadradas-y-circulares-anr-170\/\",\"name\":\"Selladora de latas grandes cuadradas y circulares ANR-170 - distribuci\u00f3n ARC\",\"isPartOf\":{\"@id\":\"https:\/\/www.distribucionarc.com\/sl\/#website\"},\"primaryImageOfPage\":{\"@id\":\"https:\/\/distribucionarc.com\/el\/producto\/selladora-de-latas-grandes-cuadradas-y-circulares-anr-170\/#primaryimage\"},\"image\":{\"@id\":\"https:\/\/distribucionarc.com\/el\/producto\/selladora-de-latas-grandes-cuadradas-y-circulares-anr-170\/#primaryimage\"},\"thumbnailUrl\":\"https:\/\/distribucionarc.com\/wp-content\/uploads\/2024\/10\/Tecnologia-de-Sellado-Preciso-con-la-Selladora-de-latas-grandes.png\",\"datePublished\":\"2024-10-28T19:19:09+00:00\",\"dateModified\":\"2024-10-28T22:47:25+00:00\",\"breadcrumb\":{\"@id\":\"https:\/\/distribucionarc.com\/el\/producto\/selladora-de-latas-grandes-cuadradas-y-circulares-anr-170\/#breadcrumb\"},\"inLanguage\":\"sl-SI\",\"potentialAction\":[{\"@type\":\"ReadAction\",\"target\":[\"https:\/\/distribucionarc.com\/el\/producto\/selladora-de-latas-grandes-cuadradas-y-circulares-anr-170\/\"]}]},{\"@type\":\"ImageObject\",\"inLanguage\":\"sl-SI\",\"@id\":\"https:\/\/distribucionarc.com\/el\/producto\/selladora-de-latas-grandes-cuadradas-y-circulares-anr-170\/#primaryimage\",\"url\":\"https:\/\/distribucionarc.com\/wp-content\/uploads\/2024\/10\/Tecnologia-de-Sellado-Preciso-con-la-Selladora-de-latas-grandes.png\",\"contentUrl\":\"https:\/\/distribucionarc.com\/wp-content\/uploads\/2024\/10\/Tecnologia-de-Sellado-Preciso-con-la-Selladora-de-latas-grandes.png\",\"width\":283,\"height\":457},{\"@type\":\"BreadcrumbList\",\"@id\":\"https:\/\/distribucionarc.com\/el\/producto\/selladora-de-latas-grandes-cuadradas-y-circulares-anr-170\/#breadcrumb\",\"itemListElement\":[{\"@type\":\"ListItem\",\"position\":1,\"name\":\"Portada\",\"item\":\"https:\/\/www.distribucionarc.com\/\"},{\"@type\":\"ListItem\",\"position\":2,\"name\":\"\u00dcr\u00fcnler\",\"item\":\"https:\/\/www.distribucionarc.com\/tr\/magaza\/\"},{\"@type\":\"ListItem\",\"position\":3,\"name\":\"Selladora de latas grandes cuadradas y circulares ANR-170\"}]},{\"@type\":\"WebSite\",\"@id\":\"https:\/\/www.distribucionarc.com\/sl\/#website\",\"url\":\"https:\/\/www.distribucionarc.com\/sl\/\",\"name\":\"distribuci\u00f3n ARC\",\"description\":\"Empresa especializada en la fabricaci\u00f3n y distribuci\u00f3n de maquinaria industrial, selladoras de latas, Maquinas de hacer pastillas, Maquinas de cortar carne...\",\"publisher\":{\"@id\":\"https:\/\/www.distribucionarc.com\/sl\/#organization\"},\"potentialAction\":[{\"@type\":\"SearchAction\",\"target\":{\"@type\":\"EntryPoint\",\"urlTemplate\":\"https:\/\/www.distribucionarc.com\/sl\/?s={search_term_string}\"},\"query-input\":{\"@type\":\"PropertyValueSpecification\",\"valueRequired\":true,\"valueName\":\"search_term_string\"}}],\"inLanguage\":\"sl-SI\"},{\"@type\":\"Organization\",\"@id\":\"https:\/\/www.distribucionarc.com\/sl\/#organization\",\"name\":\"Distribuci\u00f3n ARC\",\"url\":\"https:\/\/www.distribucionarc.com\/sl\/\",\"logo\":{\"@type\":\"ImageObject\",\"inLanguage\":\"sl-SI\",\"@id\":\"https:\/\/www.distribucionarc.com\/sl\/#\/schema\/logo\/image\/\",\"url\":\"https:\/\/distribucionarc.com\/wp-content\/uploads\/2024\/10\/distribucion-ARC-COLOR-SIN-FONDO-e1732295305345.png\",\"contentUrl\":\"https:\/\/distribucionarc.com\/wp-content\/uploads\/2024\/10\/distribucion-ARC-COLOR-SIN-FONDO-e1732295305345.png\",\"width\":1164,\"height\":558,\"caption\":\"Distribuci\u00f3n ARC\"},\"image\":{\"@id\":\"https:\/\/www.distribucionarc.com\/sl\/#\/schema\/logo\/image\/\"},\"description\":\"Empresa especializada en la fabricaci\u00f3n y distribuci\u00f3n de maquinaria industrial para los sectores alimentario y farmac\u00e9utico. Nos especializamos en: M\u00e1quinas de cortar carne Fabricaci\u00f3n de comprimidos Sistemas de transporte industrial L\u00edneas de embotellado Dosificadores Y mucho m\u00e1s... Ofrecemos soluciones innovadoras y personalizadas para optimizar los procesos productivos de tu empresa.\",\"email\":\"Admistracion@distribucionarc.com\",\"telephone\":\"+34 643496664\",\"legalName\":\"ARC TECH SOLUTIONS\",\"foundingDate\":\"2024-04-09\",\"vatID\":\"B55480172\",\"numberOfEmployees\":{\"@type\":\"QuantitativeValue\",\"minValue\":\"1\",\"maxValue\":\"10\"}}]}<\/script>\n<!-- \/ Yoast SEO Premium plugin. -->","yoast_head_json":{"title":"ANR-170 tesnilo za velike kvadratne in okrogle plo\u010devinke - distribucija ARC","robots":{"index":"index","follow":"follow","max-snippet":"max-snippet:-1","max-image-preview":"max-image-preview:large","max-video-preview":"max-video-preview:-1"},"canonical":"https:\/\/distribucionarc.com\/sl\/izdelek\/tesnilo-za-velike-kvadratne-in-okrogle-plocevinke-anr-170\/","og_locale":"sl_SI","og_type":"article","og_title":"Selladora de latas grandes cuadradas y circulares ANR-170","og_description":"La m\u00e1quina Selladora de latas grandes ANR-170 es un equipo especializado dise\u00f1ado para sellar eficientemente latas redondas y de formas especiales, como las cuadradas, en diversos sectores industriales, incluyendo alimentos, productos qu\u00edmicos, agr\u00edcolas y cosm\u00e9ticos. Su operaci\u00f3n es simple, caracteriz\u00e1ndose por su alta eficiencia y versatilidad en diferentes tipos de sellado. Fabricada con acero de alta calidad (201, 304 y 420), la ANR-170 ofrece durabilidad y resistencia, con una baja tasa de fallos que garantiza una larga vida \u00fatil. Sus principales componentes incluyen el cabezal de sellado, el sistema de control y la base de soporte, lo que facilita su uso y mantenimiento en entornos industriales. Este equipo optimiza el proceso de envasado, mejorando la seguridad y la conservaci\u00f3n de los productos.","og_url":"https:\/\/distribucionarc.com\/sl\/izdelek\/tesnilo-za-velike-kvadratne-in-okrogle-plocevinke-anr-170\/","og_site_name":"distribuci\u00f3n ARC","article_modified_time":"2024-10-28T22:47:25+00:00","og_image":[{"width":283,"height":457,"url":"https:\/\/distribucionarc.com\/wp-content\/uploads\/2024\/10\/Tecnologia-de-Sellado-Preciso-con-la-Selladora-de-latas-grandes.png","type":"image\/png"}],"twitter_card":"summary_large_image","twitter_misc":{"Est. reading time":"3 minute"},"schema":{"@context":"https:\/\/schema.org","@graph":[{"@type":"WebPage","@id":"https:\/\/distribucionarc.com\/el\/producto\/selladora-de-latas-grandes-cuadradas-y-circulares-anr-170\/","url":"https:\/\/distribucionarc.com\/el\/producto\/selladora-de-latas-grandes-cuadradas-y-circulares-anr-170\/","name":"ANR-170 tesnilo za velike kvadratne in okrogle plo\u010devinke - distribucija ARC","isPartOf":{"@id":"https:\/\/www.distribucionarc.com\/sl\/#website"},"primaryImageOfPage":{"@id":"https:\/\/distribucionarc.com\/el\/producto\/selladora-de-latas-grandes-cuadradas-y-circulares-anr-170\/#primaryimage"},"image":{"@id":"https:\/\/distribucionarc.com\/el\/producto\/selladora-de-latas-grandes-cuadradas-y-circulares-anr-170\/#primaryimage"},"thumbnailUrl":"https:\/\/distribucionarc.com\/wp-content\/uploads\/2024\/10\/Tecnologia-de-Sellado-Preciso-con-la-Selladora-de-latas-grandes.png","datePublished":"2024-10-28T19:19:09+00:00","dateModified":"2024-10-28T22:47:25+00:00","breadcrumb":{"@id":"https:\/\/distribucionarc.com\/el\/producto\/selladora-de-latas-grandes-cuadradas-y-circulares-anr-170\/#breadcrumb"},"inLanguage":"sl-SI","potentialAction":[{"@type":"ReadAction","target":["https:\/\/distribucionarc.com\/el\/producto\/selladora-de-latas-grandes-cuadradas-y-circulares-anr-170\/"]}]},{"@type":"ImageObject","inLanguage":"sl-SI","@id":"https:\/\/distribucionarc.com\/el\/producto\/selladora-de-latas-grandes-cuadradas-y-circulares-anr-170\/#primaryimage","url":"https:\/\/distribucionarc.com\/wp-content\/uploads\/2024\/10\/Tecnologia-de-Sellado-Preciso-con-la-Selladora-de-latas-grandes.png","contentUrl":"https:\/\/distribucionarc.com\/wp-content\/uploads\/2024\/10\/Tecnologia-de-Sellado-Preciso-con-la-Selladora-de-latas-grandes.png","width":283,"height":457},{"@type":"BreadcrumbList","@id":"https:\/\/distribucionarc.com\/el\/producto\/selladora-de-latas-grandes-cuadradas-y-circulares-anr-170\/#breadcrumb","itemListElement":[{"@type":"ListItem","position":1,"name":"Portada","item":"https:\/\/www.distribucionarc.com\/"},{"@type":"ListItem","position":2,"name":"\u00dcr\u00fcnler","item":"https:\/\/www.distribucionarc.com\/tr\/magaza\/"},{"@type":"ListItem","position":3,"name":"Selladora de latas grandes cuadradas y circulares ANR-170"}]},{"@type":"WebSite","@id":"https:\/\/www.distribucionarc.com\/sl\/#website","url":"https:\/\/www.distribucionarc.com\/sl\/","name":"ARC porazdelitev","description":"Podjetje je specializirano za proizvodnjo in distribucijo industrijskih strojev, strojev za zapiranje plo\u010devink, strojev za izdelavo tablet, strojev za rezanje mesa...","publisher":{"@id":"https:\/\/www.distribucionarc.com\/sl\/#organization"},"potentialAction":[{"@type":"SearchAction","target":{"@type":"EntryPoint","urlTemplate":"https:\/\/www.distribucionarc.com\/sl\/?s={search_term_string}"},"query-input":{"@type":"PropertyValueSpecification","valueRequired":true,"valueName":"search_term_string"}}],"inLanguage":"sl-SI"},{"@type":"Organization","@id":"https:\/\/www.distribucionarc.com\/sl\/#organization","name":"Distribucija ARC","url":"https:\/\/www.distribucionarc.com\/sl\/","logo":{"@type":"ImageObject","inLanguage":"sl-SI","@id":"https:\/\/www.distribucionarc.com\/sl\/#\/schema\/logo\/image\/","url":"https:\/\/distribucionarc.com\/wp-content\/uploads\/2024\/10\/distribucion-ARC-COLOR-SIN-FONDO-e1732295305345.png","contentUrl":"https:\/\/distribucionarc.com\/wp-content\/uploads\/2024\/10\/distribucion-ARC-COLOR-SIN-FONDO-e1732295305345.png","width":1164,"height":558,"caption":"Distribuci\u00f3n ARC"},"image":{"@id":"https:\/\/www.distribucionarc.com\/sl\/#\/schema\/logo\/image\/"},"description":"Podjetje, specializirano za proizvodnjo in distribucijo industrijskih strojev za \u017eivilski in farmacevtski sektor. Specializirani smo za: Stroji za rezanje mesa Proizvodnja tablet Industrijski transportni sistemi Stekleni\u010darske linije Dozirni stroji In \u0161e veliko ve\u010d... Ponujamo inovativne in prilagojene re\u0161itve za optimizacijo proizvodnih procesov va\u0161ega podjetja.","email":"Admistracion@distribucionarc.com","telephone":"+34 643496664","legalName":"ARC TECH SOLUTIONS","foundingDate":"2024-04-09","vatID":"B55480172","numberOfEmployees":{"@type":"QuantitativeValue","minValue":"1","maxValue":"10"}}]}},"_links":{"self":[{"href":"https:\/\/distribucionarc.com\/sl\/wp-json\/wp\/v2\/product\/8212","targetHints":{"allow":["GET"]}}],"collection":[{"href":"https:\/\/distribucionarc.com\/sl\/wp-json\/wp\/v2\/product"}],"about":[{"href":"https:\/\/distribucionarc.com\/sl\/wp-json\/wp\/v2\/types\/product"}],"replies":[{"embeddable":true,"href":"https:\/\/distribucionarc.com\/sl\/wp-json\/wp\/v2\/comments?post=8212"}],"version-history":[{"count":0,"href":"https:\/\/distribucionarc.com\/sl\/wp-json\/wp\/v2\/product\/8212\/revisions"}],"wp:featuredmedia":[{"embeddable":true,"href":"https:\/\/distribucionarc.com\/sl\/wp-json\/wp\/v2\/media\/8215"}],"wp:attachment":[{"href":"https:\/\/distribucionarc.com\/sl\/wp-json\/wp\/v2\/media?parent=8212"}],"wp:term":[{"taxonomy":"product_brand","embeddable":true,"href":"https:\/\/distribucionarc.com\/sl\/wp-json\/wp\/v2\/product_brand?post=8212"},{"taxonomy":"product_cat","embeddable":true,"href":"https:\/\/distribucionarc.com\/sl\/wp-json\/wp\/v2\/product_cat?post=8212"},{"taxonomy":"product_tag","embeddable":true,"href":"https:\/\/distribucionarc.com\/sl\/wp-json\/wp\/v2\/product_tag?post=8212"}],"curies":[{"name":"delovni list","href":"https:\/\/api.w.org\/{rel}","templated":true}]}}