{"id":8219,"date":"2024-10-28T21:03:02","date_gmt":"2024-10-28T21:03:02","guid":{"rendered":"https:\/\/distribucionarc.com\/?post_type=product&#038;p=8219"},"modified":"2024-10-28T22:46:22","modified_gmt":"2024-10-28T22:46:22","slug":"linearno-tesnilo-za-velike-kvadratne-in-okrogle-plocevinke-anr-171","status":"publish","type":"product","link":"https:\/\/distribucionarc.com\/sl\/producto\/selladora-de-latas-grandes-cuadradas-y-circulares-lineal-anr-171\/","title":{"rendered":"Linear ANR-171 tesnilo za velike kvadratne in okrogle plo\u010devinke"},"content":{"rendered":"<p>The <strong>Linear ANR-171 Large Square and Circular Sealer za plo\u010devinke<\/strong> Gre za napreden industrijski stroj, namenjen hermeti\u010dnemu zapiranju plo\u010devink razli\u010dnih oblik in velikosti, predvsem okroglih in kvadratnih. Njegova glavna naloga je zagotoviti varno, zanesljivo in dolgotrajno zapiranje na vsaki plo\u010devinki, pri \u010demer ohranja kakovost izdelka in prepre\u010duje morebitno zunanjo kontaminacijo. Ta stroj s preprosto, a zelo u\u010dinkovito zasnovo je izdelan za delovanje na hitrih proizvodnih linijah v razli\u010dnih panogah, kot so prehrambena, kemi\u010dna, kmetijska in kozmeti\u010dna.<\/p>\n<p>The <strong>Stroj za tesnjenje ANR-171<\/strong> Njegov glavni cilj je varno in enakomerno zapreti plo\u010devinke, pri \u010demer je njihova vsebina dolgo \u010dasa v optimalnih pogojih. Ta stroj se lahko prilagodi plo\u010devinkam razli\u010dnih dimenzij, zaradi \u010desar je idealen za industrije, ki zahtevajo vsestransko pakiranje. Natan\u010dnost tesnjenja je klju\u010dnega pomena za zagotovitev, da so izdelki za\u0161\u010diteni pred zrakom, vlago ali zunanjimi onesna\u017eevalci.<\/p>\n<p>Izstopa po delovanju korak za korakom, od <strong>pozicioniranje plo\u010devink<\/strong> polne ali prazne, ki se dajo v dovajalni sistem in se s trakom transportirajo do tesnilne glave, s <strong>poravnava <\/strong>na nastavljivih vodilih, ki vsako plo\u010devinko postavijo na pravo mesto in zagotavljajo, da so popolnoma poravnane za tesnjenje, \u010demur sledi<strong> aplikacija za tesnjenje, <\/strong>Tesnilna glava se spusti na pokrov plo\u010devinke, pri \u010demer uporabi potreben pritisk in temperaturo (kot je nastavljeno), da se pokrov prilepi na telo plo\u010devinke. In ko je zapiranje kon\u010dano, se plo\u010devinka s transportnim sistemom premakne v naslednjo fazo proizvodne linije ali v skladi\u0161\u010de.<\/p>\n<p>Prihodnost tesnila ANR-171 bi lahko vklju\u010devala implementacijo <strong>sistemi za daljinsko spremljanje in prediktivno vzdr\u017eevanje<\/strong>, ki omogo\u010dajo predvidevanje in re\u0161evanje te\u017eav, preden vplivajo na proizvodnjo. Poleg tega je z nara\u0161\u010dajo\u010dim povpra\u0161evanjem po trajnosti mogo\u010de integrirati tehnologije za var\u010devanje z energijo ali gradbene materiale, ki jih je mogo\u010de reciklirati, ne da bi pri tem ogrozili vzdr\u017eljivost in zmogljivost stroja. Skratka, <strong>Linear ANR-171 Large Square and Circular Sealer za plo\u010devinke<\/strong> Zaradi svoje robustnosti, zanesljivosti in zmo\u017enosti prilagajanja razli\u010dnim vrstam embala\u017ee je bistven del opreme v \u0161tevilnih panogah.<\/p>\n<p><a href=\"https:\/\/distribucionarc.com\/wp-content\/uploads\/2024\/10\/Selladora-de-Latascuadradas.png\"><img loading=\"lazy\" decoding=\"async\" class=\"alignnone size-medium wp-image-8224\" src=\"https:\/\/distribucionarc.com\/wp-content\/uploads\/2024\/10\/Selladora-de-Latascuadradas-300x248.png\" alt=\"\" width=\"300\" height=\"248\" srcset=\"https:\/\/distribucionarc.com\/wp-content\/uploads\/2024\/10\/Selladora-de-Latascuadradas-300x248.png 300w, https:\/\/distribucionarc.com\/wp-content\/uploads\/2024\/10\/Selladora-de-Latascuadradas-430x355.png 430w, https:\/\/distribucionarc.com\/wp-content\/uploads\/2024\/10\/Selladora-de-Latascuadradas-150x124.png 150w, https:\/\/distribucionarc.com\/wp-content\/uploads\/2024\/10\/Selladora-de-Latascuadradas-700x578.png 700w, https:\/\/distribucionarc.com\/wp-content\/uploads\/2024\/10\/Selladora-de-Latascuadradas-15x12.png 15w, https:\/\/distribucionarc.com\/wp-content\/uploads\/2024\/10\/Selladora-de-Latascuadradas.png 715w\" sizes=\"auto, (max-width: 300px) 100vw, 300px\" \/><\/a><\/p>\n<table>\n<thead>\n<tr>\n<th>Specifikacija<\/th>\n<th>Podrobnost<\/th>\n<\/tr>\n<\/thead>\n<tbody>\n<tr>\n<td><strong>Velikost stroja<\/strong><\/td>\n<td>1200 x 860 x 2000 mm<\/td>\n<\/tr>\n<tr>\n<td><strong>Napetost<\/strong><\/td>\n<td>380V \/ 50\/60Hz<\/td>\n<\/tr>\n<tr>\n<td><strong>Proizvodnja<\/strong><\/td>\n<td>20-25 plo\u010devink\/minuto<\/td>\n<\/tr>\n<tr>\n<td><strong>Mo\u010d<\/strong><\/td>\n<td>2,2 kW<\/td>\n<\/tr>\n<tr>\n<td><strong>Premer plo\u010devinke<\/strong><\/td>\n<td>160-200 mm<\/td>\n<\/tr>\n<tr>\n<td><strong>Najve\u010dja vi\u0161ina plo\u010devinke<\/strong><\/td>\n<td>115-390 mm<\/td>\n<\/tr>\n<tr>\n<td><strong>Te\u017ea<\/strong><\/td>\n<td>5000 kg<\/td>\n<\/tr>\n<tr>\n<td><strong>Model<\/strong><\/td>\n<td>ANR-171<\/td>\n<\/tr>\n<tr>\n<td><strong>zra\u010dni tlak<\/strong><\/td>\n<td>0,3-0,5 MPa<\/td>\n<\/tr>\n<tr>\n<td><strong>Debelina plo\u010devine<\/strong><\/td>\n<td>Do 0,4 mm<\/td>\n<\/tr>\n<tr>\n<td><strong>Vi\u0161ina transportnega traku<\/strong><\/td>\n<td>1500 mm<\/td>\n<\/tr>\n<tr>\n<td><strong>Dol\u017eina traku<\/strong><\/td>\n<td>2000 mm<\/td>\n<\/tr>\n<tr>\n<td><strong>SKU<\/strong><\/td>\n<td>AR00130<\/td>\n<\/tr>\n<tr>\n<td><strong>Garancija<\/strong><\/td>\n<td>2 leti<\/td>\n<\/tr>\n<\/tbody>\n<\/table>\n<p><a href=\"https:\/\/distribucionarc.com\/wp-content\/uploads\/2024\/10\/Selladora-Alta-Produccion-para-Latas-Industriales.png\"><img loading=\"lazy\" decoding=\"async\" class=\"alignnone size-medium wp-image-8222\" src=\"https:\/\/distribucionarc.com\/wp-content\/uploads\/2024\/10\/Selladora-Alta-Produccion-para-Latas-Industriales-300x300.png\" alt=\"\" width=\"300\" height=\"300\" srcset=\"https:\/\/distribucionarc.com\/wp-content\/uploads\/2024\/10\/Selladora-Alta-Produccion-para-Latas-Industriales-300x300.png 300w, https:\/\/distribucionarc.com\/wp-content\/uploads\/2024\/10\/Selladora-Alta-Produccion-para-Latas-Industriales-430x430.png 430w, https:\/\/distribucionarc.com\/wp-content\/uploads\/2024\/10\/Selladora-Alta-Produccion-para-Latas-Industriales-150x150.png 150w, https:\/\/distribucionarc.com\/wp-content\/uploads\/2024\/10\/Selladora-Alta-Produccion-para-Latas-Industriales-700x700.png 700w, https:\/\/distribucionarc.com\/wp-content\/uploads\/2024\/10\/Selladora-Alta-Produccion-para-Latas-Industriales-768x768.png 768w, https:\/\/distribucionarc.com\/wp-content\/uploads\/2024\/10\/Selladora-Alta-Produccion-para-Latas-Industriales-12x12.png 12w, https:\/\/distribucionarc.com\/wp-content\/uploads\/2024\/10\/Selladora-Alta-Produccion-para-Latas-Industriales.png 1000w\" sizes=\"auto, (max-width: 300px) 100vw, 300px\" \/><\/a>\u00a0 \u00a0 \u00a0 \u00a0 <a href=\"https:\/\/distribucionarc.com\/wp-content\/uploads\/2024\/10\/Tecnologia-de-Sellado-con-Presion-de-Aire.png\"><img loading=\"lazy\" decoding=\"async\" class=\"alignnone size-medium wp-image-8220\" src=\"https:\/\/distribucionarc.com\/wp-content\/uploads\/2024\/10\/Tecnologia-de-Sellado-con-Presion-de-Aire-300x214.png\" alt=\"\" width=\"300\" height=\"214\" srcset=\"https:\/\/distribucionarc.com\/wp-content\/uploads\/2024\/10\/Tecnologia-de-Sellado-con-Presion-de-Aire-300x214.png 300w, https:\/\/distribucionarc.com\/wp-content\/uploads\/2024\/10\/Tecnologia-de-Sellado-con-Presion-de-Aire-430x307.png 430w, https:\/\/distribucionarc.com\/wp-content\/uploads\/2024\/10\/Tecnologia-de-Sellado-con-Presion-de-Aire-150x107.png 150w, https:\/\/distribucionarc.com\/wp-content\/uploads\/2024\/10\/Tecnologia-de-Sellado-con-Presion-de-Aire-18x12.png 18w, https:\/\/distribucionarc.com\/wp-content\/uploads\/2024\/10\/Tecnologia-de-Sellado-con-Presion-de-Aire.png 474w\" sizes=\"auto, (max-width: 300px) 100vw, 300px\" \/><\/a><\/p>","protected":false},"excerpt":{"rendered":"<p>The <strong>Linear ANR-171 Large Square and Circular Sealer za plo\u010devinke<\/strong> je specializiran stroj za hermeti\u010dno zapiranje plo\u010devink razli\u010dnih velikosti in oblik, predvsem okroglih in kvadratnih. Njegova glavna naloga je zagotoviti natan\u010dno in varno zapiranje plo\u010devink. Ta stroj, ki se uporablja v prehrambeni, kemi\u010dni, kmetijski in kozmeti\u010dni industriji, je vsestranski in se lahko prilagodi razli\u010dnim vrstam tesnjenja, optimizira u\u010dinkovitost pakiranja ter izbolj\u0161a varnost in ohranitev izdelkov.<\/p>","protected":false},"featured_media":8223,"comment_status":"open","ping_status":"closed","template":"","meta":{"wds_primary_product_brand":0,"wds_primary_product_cat":0},"product_brand":[],"product_cat":[62],"product_tag":[],"class_list":{"0":"post-8219","1":"product","2":"type-product","3":"status-publish","4":"has-post-thumbnail","6":"product_cat-selladoras-de-latas","8":"first","9":"instock","10":"taxable","11":"shipping-taxable","12":"purchasable","13":"product-type-simple"},"yoast_head":"<!-- This site is optimized with the Yoast SEO Premium plugin v24.9 (Yoast SEO v26.1) - https:\/\/yoast.com\/wordpress\/plugins\/seo\/ -->\n<title>Selladora de latas grandes cuadradas y circulares lineal ANR-171 - distribuci\u00f3n ARC<\/title>\n<meta name=\"robots\" content=\"index, follow, max-snippet:-1, max-image-preview:large, max-video-preview:-1\" \/>\n<link rel=\"canonical\" href=\"https:\/\/distribucionarc.com\/sl\/izdelek\/linearno-tesnilo-za-velike-kvadratne-in-okrogle-plocevinke-anr-171\/\" \/>\n<meta property=\"og:locale\" content=\"sl_SI\" \/>\n<meta property=\"og:type\" content=\"article\" \/>\n<meta property=\"og:title\" content=\"Selladora de latas grandes cuadradas y circulares lineal ANR-171\" \/>\n<meta property=\"og:description\" content=\"La Selladora de Latas Grandes Cuadradas y Circulares Lineal ANR-171 es una m\u00e1quina especializada dise\u00f1ada para sellar de forma herm\u00e9tica latas de distintos tama\u00f1os y formas, principalmente redondas y cuadradas. Su funci\u00f3n principal es asegurar un cierre preciso y seguro de las latas. Utilizada en las industrias de alimentos, productos qu\u00edmicos, agr\u00edcolas y cosm\u00e9ticos, esta m\u00e1quina es vers\u00e1til y puede adaptarse a diversos tipos de sellado, optimizando la eficiencia en el envasado y mejorando la seguridad y conservaci\u00f3n de los productos.\" \/>\n<meta property=\"og:url\" content=\"https:\/\/distribucionarc.com\/sl\/izdelek\/linearno-tesnilo-za-velike-kvadratne-in-okrogle-plocevinke-anr-171\/\" \/>\n<meta property=\"og:site_name\" content=\"distribuci\u00f3n ARC\" \/>\n<meta property=\"article:modified_time\" content=\"2024-10-28T22:46:22+00:00\" \/>\n<meta property=\"og:image\" content=\"https:\/\/distribucionarc.com\/wp-content\/uploads\/2024\/10\/Maquina-Selladora-de-Latas-ANR-171.png\" \/>\n\t<meta property=\"og:image:width\" content=\"715\" \/>\n\t<meta property=\"og:image:height\" content=\"590\" \/>\n\t<meta property=\"og:image:type\" content=\"image\/png\" \/>\n<meta name=\"twitter:card\" content=\"summary_large_image\" \/>\n<meta name=\"twitter:label1\" content=\"Est. reading time\" \/>\n\t<meta name=\"twitter:data1\" content=\"3 minute\" \/>\n<script type=\"application\/ld+json\" class=\"yoast-schema-graph\">{\"@context\":\"https:\/\/schema.org\",\"@graph\":[{\"@type\":\"WebPage\",\"@id\":\"https:\/\/distribucionarc.com\/producto\/selladora-de-latas-grandes-cuadradas-y-circulares-lineal-anr-171\/\",\"url\":\"https:\/\/distribucionarc.com\/producto\/selladora-de-latas-grandes-cuadradas-y-circulares-lineal-anr-171\/\",\"name\":\"Selladora de latas grandes cuadradas y circulares lineal ANR-171 - distribuci\u00f3n ARC\",\"isPartOf\":{\"@id\":\"https:\/\/www.distribucionarc.com\/tr\/#website\"},\"primaryImageOfPage\":{\"@id\":\"https:\/\/distribucionarc.com\/producto\/selladora-de-latas-grandes-cuadradas-y-circulares-lineal-anr-171\/#primaryimage\"},\"image\":{\"@id\":\"https:\/\/distribucionarc.com\/producto\/selladora-de-latas-grandes-cuadradas-y-circulares-lineal-anr-171\/#primaryimage\"},\"thumbnailUrl\":\"https:\/\/distribucionarc.com\/wp-content\/uploads\/2024\/10\/Maquina-Selladora-de-Latas-ANR-171.png\",\"datePublished\":\"2024-10-28T21:03:02+00:00\",\"dateModified\":\"2024-10-28T22:46:22+00:00\",\"breadcrumb\":{\"@id\":\"https:\/\/distribucionarc.com\/producto\/selladora-de-latas-grandes-cuadradas-y-circulares-lineal-anr-171\/#breadcrumb\"},\"inLanguage\":\"sl-SI\",\"potentialAction\":[{\"@type\":\"ReadAction\",\"target\":[\"https:\/\/distribucionarc.com\/producto\/selladora-de-latas-grandes-cuadradas-y-circulares-lineal-anr-171\/\"]}]},{\"@type\":\"ImageObject\",\"inLanguage\":\"sl-SI\",\"@id\":\"https:\/\/distribucionarc.com\/producto\/selladora-de-latas-grandes-cuadradas-y-circulares-lineal-anr-171\/#primaryimage\",\"url\":\"https:\/\/distribucionarc.com\/wp-content\/uploads\/2024\/10\/Maquina-Selladora-de-Latas-ANR-171.png\",\"contentUrl\":\"https:\/\/distribucionarc.com\/wp-content\/uploads\/2024\/10\/Maquina-Selladora-de-Latas-ANR-171.png\",\"width\":715,\"height\":590},{\"@type\":\"BreadcrumbList\",\"@id\":\"https:\/\/distribucionarc.com\/producto\/selladora-de-latas-grandes-cuadradas-y-circulares-lineal-anr-171\/#breadcrumb\",\"itemListElement\":[{\"@type\":\"ListItem\",\"position\":1,\"name\":\"Portada\",\"item\":\"https:\/\/www.distribucionarc.com\/tr\/\"},{\"@type\":\"ListItem\",\"position\":2,\"name\":\"Produktai\",\"item\":\"https:\/\/distribucionarc.com\/lt\/parduotuve\/\"},{\"@type\":\"ListItem\",\"position\":3,\"name\":\"Selladora de latas grandes cuadradas y circulares lineal ANR-171\"}]},{\"@type\":\"WebSite\",\"@id\":\"https:\/\/www.distribucionarc.com\/tr\/#website\",\"url\":\"https:\/\/www.distribucionarc.com\/tr\/\",\"name\":\"distribuci\u00f3n ARC\",\"description\":\"Empresa especializada en la fabricaci\u00f3n y distribuci\u00f3n de maquinaria industrial, selladoras de latas, Maquinas de hacer pastillas, Maquinas de cortar carne...\",\"publisher\":{\"@id\":\"https:\/\/www.distribucionarc.com\/tr\/#organization\"},\"potentialAction\":[{\"@type\":\"SearchAction\",\"target\":{\"@type\":\"EntryPoint\",\"urlTemplate\":\"https:\/\/www.distribucionarc.com\/tr\/?s={search_term_string}\"},\"query-input\":{\"@type\":\"PropertyValueSpecification\",\"valueRequired\":true,\"valueName\":\"search_term_string\"}}],\"inLanguage\":\"sl-SI\"},{\"@type\":\"Organization\",\"@id\":\"https:\/\/www.distribucionarc.com\/tr\/#organization\",\"name\":\"Distribuci\u00f3n ARC\",\"url\":\"https:\/\/www.distribucionarc.com\/tr\/\",\"logo\":{\"@type\":\"ImageObject\",\"inLanguage\":\"sl-SI\",\"@id\":\"https:\/\/www.distribucionarc.com\/tr\/#\/schema\/logo\/image\/\",\"url\":\"https:\/\/distribucionarc.com\/wp-content\/uploads\/2024\/10\/distribucion-ARC-COLOR-SIN-FONDO-e1732295305345.png\",\"contentUrl\":\"https:\/\/distribucionarc.com\/wp-content\/uploads\/2024\/10\/distribucion-ARC-COLOR-SIN-FONDO-e1732295305345.png\",\"width\":1164,\"height\":558,\"caption\":\"Distribuci\u00f3n ARC\"},\"image\":{\"@id\":\"https:\/\/www.distribucionarc.com\/tr\/#\/schema\/logo\/image\/\"},\"description\":\"Empresa especializada en la fabricaci\u00f3n y distribuci\u00f3n de maquinaria industrial para los sectores alimentario y farmac\u00e9utico. Nos especializamos en: M\u00e1quinas de cortar carne Fabricaci\u00f3n de comprimidos Sistemas de transporte industrial L\u00edneas de embotellado Dosificadores Y mucho m\u00e1s... Ofrecemos soluciones innovadoras y personalizadas para optimizar los procesos productivos de tu empresa.\",\"email\":\"Admistracion@distribucionarc.com\",\"telephone\":\"+34 643496664\",\"legalName\":\"ARC TECH SOLUTIONS\",\"foundingDate\":\"2024-04-09\",\"vatID\":\"B55480172\",\"numberOfEmployees\":{\"@type\":\"QuantitativeValue\",\"minValue\":\"1\",\"maxValue\":\"10\"}}]}<\/script>\n<!-- \/ Yoast SEO Premium plugin. -->","yoast_head_json":{"title":"Linearno tesnilo za velike kvadratne in okrogle plo\u010devinke ANR-171 - distribucija ARC","robots":{"index":"index","follow":"follow","max-snippet":"max-snippet:-1","max-image-preview":"max-image-preview:large","max-video-preview":"max-video-preview:-1"},"canonical":"https:\/\/distribucionarc.com\/sl\/izdelek\/linearno-tesnilo-za-velike-kvadratne-in-okrogle-plocevinke-anr-171\/","og_locale":"sl_SI","og_type":"article","og_title":"Selladora de latas grandes cuadradas y circulares lineal ANR-171","og_description":"La Selladora de Latas Grandes Cuadradas y Circulares Lineal ANR-171 es una m\u00e1quina especializada dise\u00f1ada para sellar de forma herm\u00e9tica latas de distintos tama\u00f1os y formas, principalmente redondas y cuadradas. Su funci\u00f3n principal es asegurar un cierre preciso y seguro de las latas. Utilizada en las industrias de alimentos, productos qu\u00edmicos, agr\u00edcolas y cosm\u00e9ticos, esta m\u00e1quina es vers\u00e1til y puede adaptarse a diversos tipos de sellado, optimizando la eficiencia en el envasado y mejorando la seguridad y conservaci\u00f3n de los productos.","og_url":"https:\/\/distribucionarc.com\/sl\/izdelek\/linearno-tesnilo-za-velike-kvadratne-in-okrogle-plocevinke-anr-171\/","og_site_name":"distribuci\u00f3n ARC","article_modified_time":"2024-10-28T22:46:22+00:00","og_image":[{"width":715,"height":590,"url":"https:\/\/distribucionarc.com\/wp-content\/uploads\/2024\/10\/Maquina-Selladora-de-Latas-ANR-171.png","type":"image\/png"}],"twitter_card":"summary_large_image","twitter_misc":{"Est. reading time":"3 minute"},"schema":{"@context":"https:\/\/schema.org","@graph":[{"@type":"WebPage","@id":"https:\/\/distribucionarc.com\/producto\/selladora-de-latas-grandes-cuadradas-y-circulares-lineal-anr-171\/","url":"https:\/\/distribucionarc.com\/producto\/selladora-de-latas-grandes-cuadradas-y-circulares-lineal-anr-171\/","name":"Linearno tesnilo za velike kvadratne in okrogle plo\u010devinke ANR-171 - distribucija ARC","isPartOf":{"@id":"https:\/\/www.distribucionarc.com\/tr\/#website"},"primaryImageOfPage":{"@id":"https:\/\/distribucionarc.com\/producto\/selladora-de-latas-grandes-cuadradas-y-circulares-lineal-anr-171\/#primaryimage"},"image":{"@id":"https:\/\/distribucionarc.com\/producto\/selladora-de-latas-grandes-cuadradas-y-circulares-lineal-anr-171\/#primaryimage"},"thumbnailUrl":"https:\/\/distribucionarc.com\/wp-content\/uploads\/2024\/10\/Maquina-Selladora-de-Latas-ANR-171.png","datePublished":"2024-10-28T21:03:02+00:00","dateModified":"2024-10-28T22:46:22+00:00","breadcrumb":{"@id":"https:\/\/distribucionarc.com\/producto\/selladora-de-latas-grandes-cuadradas-y-circulares-lineal-anr-171\/#breadcrumb"},"inLanguage":"sl-SI","potentialAction":[{"@type":"ReadAction","target":["https:\/\/distribucionarc.com\/producto\/selladora-de-latas-grandes-cuadradas-y-circulares-lineal-anr-171\/"]}]},{"@type":"ImageObject","inLanguage":"sl-SI","@id":"https:\/\/distribucionarc.com\/producto\/selladora-de-latas-grandes-cuadradas-y-circulares-lineal-anr-171\/#primaryimage","url":"https:\/\/distribucionarc.com\/wp-content\/uploads\/2024\/10\/Maquina-Selladora-de-Latas-ANR-171.png","contentUrl":"https:\/\/distribucionarc.com\/wp-content\/uploads\/2024\/10\/Maquina-Selladora-de-Latas-ANR-171.png","width":715,"height":590},{"@type":"BreadcrumbList","@id":"https:\/\/distribucionarc.com\/producto\/selladora-de-latas-grandes-cuadradas-y-circulares-lineal-anr-171\/#breadcrumb","itemListElement":[{"@type":"ListItem","position":1,"name":"Portada","item":"https:\/\/www.distribucionarc.com\/tr\/"},{"@type":"ListItem","position":2,"name":"Produktai","item":"https:\/\/distribucionarc.com\/lt\/parduotuve\/"},{"@type":"ListItem","position":3,"name":"Selladora de latas grandes cuadradas y circulares lineal ANR-171"}]},{"@type":"WebSite","@id":"https:\/\/www.distribucionarc.com\/tr\/#website","url":"https:\/\/www.distribucionarc.com\/tr\/","name":"ARC porazdelitev","description":"Podjetje je specializirano za proizvodnjo in distribucijo industrijskih strojev, strojev za zapiranje plo\u010devink, strojev za izdelavo tablet, strojev za rezanje mesa...","publisher":{"@id":"https:\/\/www.distribucionarc.com\/tr\/#organization"},"potentialAction":[{"@type":"SearchAction","target":{"@type":"EntryPoint","urlTemplate":"https:\/\/www.distribucionarc.com\/tr\/?s={search_term_string}"},"query-input":{"@type":"PropertyValueSpecification","valueRequired":true,"valueName":"search_term_string"}}],"inLanguage":"sl-SI"},{"@type":"Organization","@id":"https:\/\/www.distribucionarc.com\/tr\/#organization","name":"Distribucija ARC","url":"https:\/\/www.distribucionarc.com\/tr\/","logo":{"@type":"ImageObject","inLanguage":"sl-SI","@id":"https:\/\/www.distribucionarc.com\/tr\/#\/schema\/logo\/image\/","url":"https:\/\/distribucionarc.com\/wp-content\/uploads\/2024\/10\/distribucion-ARC-COLOR-SIN-FONDO-e1732295305345.png","contentUrl":"https:\/\/distribucionarc.com\/wp-content\/uploads\/2024\/10\/distribucion-ARC-COLOR-SIN-FONDO-e1732295305345.png","width":1164,"height":558,"caption":"Distribuci\u00f3n ARC"},"image":{"@id":"https:\/\/www.distribucionarc.com\/tr\/#\/schema\/logo\/image\/"},"description":"Podjetje, specializirano za proizvodnjo in distribucijo industrijskih strojev za \u017eivilski in farmacevtski sektor. Specializirani smo za: Stroji za rezanje mesa Proizvodnja tablet Industrijski transportni sistemi Stekleni\u010darske linije Dozirni stroji In \u0161e veliko ve\u010d... Ponujamo inovativne in prilagojene re\u0161itve za optimizacijo proizvodnih procesov va\u0161ega podjetja.","email":"Admistracion@distribucionarc.com","telephone":"+34 643496664","legalName":"ARC TECH SOLUTIONS","foundingDate":"2024-04-09","vatID":"B55480172","numberOfEmployees":{"@type":"QuantitativeValue","minValue":"1","maxValue":"10"}}]}},"_links":{"self":[{"href":"https:\/\/distribucionarc.com\/sl\/wp-json\/wp\/v2\/product\/8219","targetHints":{"allow":["GET"]}}],"collection":[{"href":"https:\/\/distribucionarc.com\/sl\/wp-json\/wp\/v2\/product"}],"about":[{"href":"https:\/\/distribucionarc.com\/sl\/wp-json\/wp\/v2\/types\/product"}],"replies":[{"embeddable":true,"href":"https:\/\/distribucionarc.com\/sl\/wp-json\/wp\/v2\/comments?post=8219"}],"version-history":[{"count":0,"href":"https:\/\/distribucionarc.com\/sl\/wp-json\/wp\/v2\/product\/8219\/revisions"}],"wp:featuredmedia":[{"embeddable":true,"href":"https:\/\/distribucionarc.com\/sl\/wp-json\/wp\/v2\/media\/8223"}],"wp:attachment":[{"href":"https:\/\/distribucionarc.com\/sl\/wp-json\/wp\/v2\/media?parent=8219"}],"wp:term":[{"taxonomy":"product_brand","embeddable":true,"href":"https:\/\/distribucionarc.com\/sl\/wp-json\/wp\/v2\/product_brand?post=8219"},{"taxonomy":"product_cat","embeddable":true,"href":"https:\/\/distribucionarc.com\/sl\/wp-json\/wp\/v2\/product_cat?post=8219"},{"taxonomy":"product_tag","embeddable":true,"href":"https:\/\/distribucionarc.com\/sl\/wp-json\/wp\/v2\/product_tag?post=8219"}],"curies":[{"name":"delovni list","href":"https:\/\/api.w.org\/{rel}","templated":true}]}}