{"id":8228,"date":"2024-10-28T21:32:30","date_gmt":"2024-10-28T21:32:30","guid":{"rendered":"https:\/\/distribucionarc.com\/?post_type=product&#038;p=8228"},"modified":"2024-12-03T18:42:03","modified_gmt":"2024-12-03T18:42:03","slug":"polavtomatski-stroj-za-vakuumsko-zapiranje-plocevink-z-dusikom-anr-08","status":"publish","type":"product","link":"https:\/\/distribucionarc.com\/sl\/producto\/selladora-semiautomatica-de-latas-al-vacio-con-nitrogeno-anr-08\/","title":{"rendered":"Polavtomatsko vakuumsko zapiranje plo\u010devink z du\u0161ikom ANR-08"},"content":{"rendered":"<p>\u017delite dlje ohraniti svoje izdelke sve\u017ee \ud83e\udd57 in v najbolj\u0161ih pogojih? The <strong>Polavtomatsko vakuumsko zapiranje plo\u010devink z du\u0161ikom ANR-08<\/strong> je orodje, ki ga potrebujete. Ta stroj \u2014 znan tudi kot <em>vakuumsko tesnilo za plo\u010devinke<\/em> bodisi <em>stroj za zapiranje plo\u010devink<\/em>\u2014 ne samo, da tesni hermeti\u010dno, ampak to po\u010dne z napredno tehnologijo vbrizgavanja du\u0161ika, idealno za prepre\u010devanje oksidacije in ohranjanje kakovosti va\u0161ih izdelkov.<\/p>\n<h3><strong>Kaj dela ta stroj poseben?<\/strong> \u2728<\/h3>\n<ul>\n<li><strong>Podalj\u0161ajte \u017eivljenjsko dobo svojih izdelkov:<\/strong> Zahvaljujo\u010d vbrizgavanju du\u0161ika zmanj\u0161a kisik v plo\u010devinkah in tako za\u0161\u010diti njihovo vsebino. \ud83d\udd52<\/li>\n<li><strong>Izogibajte se deformacijam:<\/strong> Plin ustvarja okolje z nizkim tlakom, ki ohranja posodo nedotaknjeno. \ud83d\udee1\ufe0f<\/li>\n<li><strong>Natan\u010dno tesnjenje:<\/strong> Njegov nastavljiv nadzor navora zagotavlja, da je vsak pokrov tesno zaprt brez po\u0161kodb. \ud83d\udd27<\/li>\n<\/ul>\n<h3><strong>kako deluje<\/strong> \ud83e\udd14<\/h3>\n<p>Zelo preprosto je:<br \/>\n1\ufe0f\u20e3 Posodo postavite na dno stroja in se prepri\u010dajte, da je dobro name\u0161\u010dena.<br \/>\n2\ufe0f\u20e3 Sistem odstrani zrak iz posode, da ustvari popoln vakuum \ud83c\udf2c\ufe0f.<br \/>\n3\ufe0f\u20e3 Nato se vbrizga du\u0161ik, ki izpodriva ostanke kisika \ud83e\uddf4.<br \/>\n4\ufe0f\u20e3 Tesnilna glava pritrdi pokrov z uporabo natan\u010dnega pritiska \ud83c\udfaf.<br \/>\n5\ufe0f\u20e3 Kon\u010dano! Odstranite zaprto plo\u010devinko in nadaljujte z naslednjim korakom \ud83d\ude9a.<\/p>\n<p>S tem postopkom bodo va\u0161i izdelki ne le za\u0161\u010diteni, temve\u010d bodo imeli tudi brezhibno predstavitev. to <strong>stroj za zapiranje plo\u010devink<\/strong> Popoln je za hrano, pija\u010do (kot je pivo \ud83c\udf7a) in druge izdelke, ki zahtevajo optimalno konzerviranje.<\/p>\n<h3><\/h3>\n<p><a href=\"https:\/\/distribucionarc.com\/wp-content\/uploads\/2024\/10\/Sellado-Hermetico-de-Latas-con-Inyeccion-de-Nitrogeno-2.png\"><img loading=\"lazy\" decoding=\"async\" class=\"alignnone size-medium wp-image-8230\" src=\"https:\/\/distribucionarc.com\/wp-content\/uploads\/2024\/10\/Sellado-Hermetico-de-Latas-con-Inyeccion-de-Nitrogeno-2-287x300.png\" alt=\"\" width=\"287\" height=\"300\" srcset=\"https:\/\/distribucionarc.com\/wp-content\/uploads\/2024\/10\/Sellado-Hermetico-de-Latas-con-Inyeccion-de-Nitrogeno-2-287x300.png 287w, https:\/\/distribucionarc.com\/wp-content\/uploads\/2024\/10\/Sellado-Hermetico-de-Latas-con-Inyeccion-de-Nitrogeno-2-150x157.png 150w, https:\/\/distribucionarc.com\/wp-content\/uploads\/2024\/10\/Sellado-Hermetico-de-Latas-con-Inyeccion-de-Nitrogeno-2-11x12.png 11w, https:\/\/distribucionarc.com\/wp-content\/uploads\/2024\/10\/Sellado-Hermetico-de-Latas-con-Inyeccion-de-Nitrogeno-2.png 409w\" sizes=\"auto, (max-width: 287px) 100vw, 287px\" \/><\/a>\u00a0 \u00a0 \u00a0 \u00a0 \u00a0 \u00a0 \u00a0 \u00a0 \u00a0 <a href=\"https:\/\/distribucionarc.com\/wp-content\/uploads\/2024\/10\/Sellado-Hermetico-de-Latas-con-Inyeccion-de-Nitrogeno-1.png\"><img loading=\"lazy\" decoding=\"async\" class=\"alignnone size-medium wp-image-8229\" src=\"https:\/\/distribucionarc.com\/wp-content\/uploads\/2024\/10\/Sellado-Hermetico-de-Latas-con-Inyeccion-de-Nitrogeno-1-261x300.png\" alt=\"\" width=\"261\" height=\"300\" srcset=\"https:\/\/distribucionarc.com\/wp-content\/uploads\/2024\/10\/Sellado-Hermetico-de-Latas-con-Inyeccion-de-Nitrogeno-1-261x300.png 261w, https:\/\/distribucionarc.com\/wp-content\/uploads\/2024\/10\/Sellado-Hermetico-de-Latas-con-Inyeccion-de-Nitrogeno-1-430x494.png 430w, https:\/\/distribucionarc.com\/wp-content\/uploads\/2024\/10\/Sellado-Hermetico-de-Latas-con-Inyeccion-de-Nitrogeno-1-150x172.png 150w, https:\/\/distribucionarc.com\/wp-content\/uploads\/2024\/10\/Sellado-Hermetico-de-Latas-con-Inyeccion-de-Nitrogeno-1-10x12.png 10w, https:\/\/distribucionarc.com\/wp-content\/uploads\/2024\/10\/Sellado-Hermetico-de-Latas-con-Inyeccion-de-Nitrogeno-1.png 480w\" sizes=\"auto, (max-width: 261px) 100vw, 261px\" \/><\/a><\/p>\n<div class=\"container\"><\/div>\n<p>&nbsp;<\/p>\n<h3><strong>Tehni\u010dne specifikacije<\/strong> \ud83d\udccb<\/h3>\n<table>\n<thead>\n<tr>\n<th>Specifikacija<\/th>\n<th>Podrobnost<\/th>\n<\/tr>\n<\/thead>\n<tbody>\n<tr>\n<td><strong>Velikost stroja<\/strong><\/td>\n<td>780 x 580 x 1750 mm<\/td>\n<\/tr>\n<tr>\n<td><strong>Napetost<\/strong><\/td>\n<td>220V\/50Hz<\/td>\n<\/tr>\n<tr>\n<td><strong>Proizvodnja<\/strong><\/td>\n<td>4-6 plo\u010devink\/minuto<\/td>\n<\/tr>\n<tr>\n<td><strong>Mo\u010d<\/strong><\/td>\n<td>2,25 kW<\/td>\n<\/tr>\n<tr>\n<td><strong>Premer plo\u010devinke<\/strong><\/td>\n<td>50-130 mm<\/td>\n<\/tr>\n<tr>\n<td><strong>Najve\u010dja vi\u0161ina plo\u010devinke<\/strong><\/td>\n<td>50-200 mm<\/td>\n<\/tr>\n<tr>\n<td><strong>Te\u017ea<\/strong><\/td>\n<td>300 kg<\/td>\n<\/tr>\n<tr>\n<td><strong>Model<\/strong><\/td>\n<td>ANR-08<\/td>\n<\/tr>\n<tr>\n<td><strong>zra\u010dni tlak<\/strong><\/td>\n<td>0,3-0,6 MPa<\/td>\n<\/tr>\n<tr>\n<td><strong>Debelina plo\u010devine<\/strong><\/td>\n<td>Do 0,4 mm<\/td>\n<\/tr>\n<tr>\n<td><strong>SKU<\/strong><\/td>\n<td>AR00220<\/td>\n<\/tr>\n<tr>\n<td><strong>Garancija<\/strong><\/td>\n<td>2 leti<\/td>\n<\/tr>\n<\/tbody>\n<\/table>\n<p><a href=\"https:\/\/distribucionarc.com\/wp-content\/uploads\/2024\/10\/Equipo-Industrial-selladora-al-vacio-con-nitrogeno.png\"><img loading=\"lazy\" decoding=\"async\" class=\"alignnone size-medium wp-image-8232\" src=\"https:\/\/distribucionarc.com\/wp-content\/uploads\/2024\/10\/Equipo-Industrial-selladora-al-vacio-con-nitrogeno-300x264.png\" alt=\"\" width=\"300\" height=\"264\" srcset=\"https:\/\/distribucionarc.com\/wp-content\/uploads\/2024\/10\/Equipo-Industrial-selladora-al-vacio-con-nitrogeno-300x264.png 300w, https:\/\/distribucionarc.com\/wp-content\/uploads\/2024\/10\/Equipo-Industrial-selladora-al-vacio-con-nitrogeno-150x132.png 150w, https:\/\/distribucionarc.com\/wp-content\/uploads\/2024\/10\/Equipo-Industrial-selladora-al-vacio-con-nitrogeno-14x12.png 14w, https:\/\/distribucionarc.com\/wp-content\/uploads\/2024\/10\/Equipo-Industrial-selladora-al-vacio-con-nitrogeno.png 402w\" sizes=\"auto, (max-width: 300px) 100vw, 300px\" \/><\/a><\/p>\n<h3><strong>Zakaj izbrati tesnilo ANR-08?<\/strong> \ud83d\udca1<\/h3>\n<p>Ta stroj je zasnovan za <strong>olaj\u0161ajo va\u0161e delo<\/strong> in vam ponuja dosledne rezultate:<\/p>\n<ul>\n<li>Ohranite sve\u017eino in kakovost svojih izdelkov, zmanj\u0161ajte koli\u010dino odpadkov \ud83d\udee1\ufe0f.<\/li>\n<li>Idealno za sektor hrane, konzerv \ud83e\udd6b in pija\u010d \ud83c\udf7b.<\/li>\n<li>Njegova robustna konstrukcija zagotavlja vzdr\u017eljivost in enostavno vzdr\u017eevanje.<\/li>\n<\/ul>\n<p>z <strong>Vakuumsko tesnilo za plo\u010devinke ANR-08<\/strong>, boste imeli u\u010dinkovito in prakti\u010dno re\u0161itev, da bodo va\u0161i izdelki vedno v najbolj\u0161em stanju \ud83e\udd47. Ste pripravljeni dvigniti svojo proizvodnjo na vi\u0161jo raven? \ud83d\ude80<\/p>","protected":false},"excerpt":{"rendered":"<p>The <strong>Polavtomatsko vakuumsko zapiranje plo\u010devink z du\u0161ikom ANR-08<\/strong> je stroj za vakuumsko zapiranje plo\u010devink z vbrizgavanjem du\u0161ika za ohranjanje vsebine. Njegova glavna naloga je ustvariti nadzorovano okolje v plo\u010devinki, zmanj\u0161ati kisik za podalj\u0161anje sve\u017eine in kakovosti izdelka. Med njegovimi najpomembnej\u0161imi komponentami so nastavljiv krmilnik navora, ki omogo\u010da natan\u010dno tesnjenje vrtljivega pokrova in zmanj\u0161uje obrabo delov, sistem vakuuma in vbrizgavanja du\u0161ika ter odporna struktura iz jekla 304 in 420, ki zagotavlja vzdr\u017eljivost in nizko stopnjo napak.<\/p>\n<p>Ta stroj je uporaben v razli\u010dnih panogah, kot so \u017eivilska, kemi\u010dna, kmetijska in kozmeti\u010dna, kjer zagotavlja visoko kakovostno tesnjenje, ki \u0161\u010diti vsebino pred onesna\u017eevalci, izbolj\u0161a konzerviranje in zagotavlja dolgo \u017eivljenjsko dobo izdelka.<\/p>","protected":false},"featured_media":8233,"comment_status":"open","ping_status":"closed","template":"","meta":{"wds_primary_product_brand":0,"wds_primary_product_cat":0},"product_brand":[],"product_cat":[62],"product_tag":[],"class_list":{"0":"post-8228","1":"product","2":"type-product","3":"status-publish","4":"has-post-thumbnail","6":"product_cat-selladoras-de-latas","8":"first","9":"instock","10":"taxable","11":"shipping-taxable","12":"purchasable","13":"product-type-simple"},"yoast_head":"<!-- This site is optimized with the Yoast SEO Premium plugin v24.9 (Yoast SEO v26.1) - https:\/\/yoast.com\/wordpress\/plugins\/seo\/ -->\n<title>Selladora semiautom\u00e1tica de latas al vac\u00edo con nitr\u00f3geno ANR-08 - distribuci\u00f3n ARC<\/title>\n<meta name=\"description\" content=\"Selladora Semiautom\u00e1tica de Latas al Vac\u00edo ANR-08, dise\u00f1ada para un sellado herm\u00e9tico con inyecci\u00f3n de nitr\u00f3geno. Ideal para conservar frescura y calidad en alimentos, bebidas y m\u00e1s. \u00a1Eficiencia garantizada! \ud83d\ude80\" \/>\n<meta name=\"robots\" content=\"index, follow, max-snippet:-1, max-image-preview:large, max-video-preview:-1\" \/>\n<link rel=\"canonical\" href=\"https:\/\/distribucionarc.com\/sl\/izdelek\/polavtomatski-stroj-za-vakuumsko-zapiranje-plocevink-z-dusikom-anr-08\/\" \/>\n<meta property=\"og:locale\" content=\"sl_SI\" \/>\n<meta property=\"og:type\" content=\"article\" \/>\n<meta property=\"og:title\" content=\"Selladora semiautom\u00e1tica de latas al vac\u00edo con nitr\u00f3geno ANR-08\" \/>\n<meta property=\"og:description\" content=\"Selladora Semiautom\u00e1tica de Latas al Vac\u00edo ANR-08, dise\u00f1ada para un sellado herm\u00e9tico con inyecci\u00f3n de nitr\u00f3geno. Ideal para conservar frescura y calidad en alimentos, bebidas y m\u00e1s. \u00a1Eficiencia garantizada! \ud83d\ude80\" \/>\n<meta property=\"og:url\" content=\"https:\/\/distribucionarc.com\/sl\/izdelek\/polavtomatski-stroj-za-vakuumsko-zapiranje-plocevink-z-dusikom-anr-08\/\" \/>\n<meta property=\"og:site_name\" content=\"distribuci\u00f3n ARC\" \/>\n<meta property=\"article:modified_time\" content=\"2024-12-03T18:42:03+00:00\" \/>\n<meta property=\"og:image\" content=\"https:\/\/distribucionarc.com\/wp-content\/uploads\/2024\/10\/Selladora-al-Vacio-con-Nitrogeno.png\" \/>\n\t<meta property=\"og:image:width\" content=\"391\" \/>\n\t<meta property=\"og:image:height\" content=\"348\" \/>\n\t<meta property=\"og:image:type\" content=\"image\/png\" \/>\n<meta name=\"twitter:card\" content=\"summary_large_image\" \/>\n<meta name=\"twitter:label1\" content=\"Est. reading time\" \/>\n\t<meta name=\"twitter:data1\" content=\"3 minute\" \/>\n<script type=\"application\/ld+json\" class=\"yoast-schema-graph\">{\"@context\":\"https:\/\/schema.org\",\"@graph\":[{\"@type\":\"WebPage\",\"@id\":\"https:\/\/distribucionarc.com\/nb\/producto\/selladora-semiautomatica-de-latas-al-vacio-con-nitrogeno-anr-08\/\",\"url\":\"https:\/\/distribucionarc.com\/nb\/producto\/selladora-semiautomatica-de-latas-al-vacio-con-nitrogeno-anr-08\/\",\"name\":\"Selladora semiautom\u00e1tica de latas al vac\u00edo con nitr\u00f3geno ANR-08 - distribuci\u00f3n ARC\",\"isPartOf\":{\"@id\":\"https:\/\/distribucionarc.com\/bg\/#website\"},\"primaryImageOfPage\":{\"@id\":\"https:\/\/distribucionarc.com\/nb\/producto\/selladora-semiautomatica-de-latas-al-vacio-con-nitrogeno-anr-08\/#primaryimage\"},\"image\":{\"@id\":\"https:\/\/distribucionarc.com\/nb\/producto\/selladora-semiautomatica-de-latas-al-vacio-con-nitrogeno-anr-08\/#primaryimage\"},\"thumbnailUrl\":\"https:\/\/distribucionarc.com\/wp-content\/uploads\/2024\/10\/Selladora-al-Vacio-con-Nitrogeno.png\",\"datePublished\":\"2024-10-28T21:32:30+00:00\",\"dateModified\":\"2024-12-03T18:42:03+00:00\",\"description\":\"Selladora Semiautom\u00e1tica de Latas al Vac\u00edo ANR-08, dise\u00f1ada para un sellado herm\u00e9tico con inyecci\u00f3n de nitr\u00f3geno. Ideal para conservar frescura y calidad en alimentos, bebidas y m\u00e1s. \u00a1Eficiencia garantizada! \ud83d\ude80\",\"breadcrumb\":{\"@id\":\"https:\/\/distribucionarc.com\/nb\/producto\/selladora-semiautomatica-de-latas-al-vacio-con-nitrogeno-anr-08\/#breadcrumb\"},\"inLanguage\":\"sl-SI\",\"potentialAction\":[{\"@type\":\"ReadAction\",\"target\":[\"https:\/\/distribucionarc.com\/nb\/producto\/selladora-semiautomatica-de-latas-al-vacio-con-nitrogeno-anr-08\/\"]}]},{\"@type\":\"ImageObject\",\"inLanguage\":\"sl-SI\",\"@id\":\"https:\/\/distribucionarc.com\/nb\/producto\/selladora-semiautomatica-de-latas-al-vacio-con-nitrogeno-anr-08\/#primaryimage\",\"url\":\"https:\/\/distribucionarc.com\/wp-content\/uploads\/2024\/10\/Selladora-al-Vacio-con-Nitrogeno.png\",\"contentUrl\":\"https:\/\/distribucionarc.com\/wp-content\/uploads\/2024\/10\/Selladora-al-Vacio-con-Nitrogeno.png\",\"width\":391,\"height\":348},{\"@type\":\"BreadcrumbList\",\"@id\":\"https:\/\/distribucionarc.com\/nb\/producto\/selladora-semiautomatica-de-latas-al-vacio-con-nitrogeno-anr-08\/#breadcrumb\",\"itemListElement\":[{\"@type\":\"ListItem\",\"position\":1,\"name\":\"Portada\",\"item\":\"https:\/\/distribucionarc.com\/el\/\"},{\"@type\":\"ListItem\",\"position\":2,\"name\":\"Proizvodi\",\"item\":\"https:\/\/www.distribucionarc.com\/hr\/ducan\/\"},{\"@type\":\"ListItem\",\"position\":3,\"name\":\"Selladora semiautom\u00e1tica de latas al vac\u00edo con nitr\u00f3geno ANR-08\"}]},{\"@type\":\"WebSite\",\"@id\":\"https:\/\/distribucionarc.com\/bg\/#website\",\"url\":\"https:\/\/distribucionarc.com\/bg\/\",\"name\":\"distribuci\u00f3n ARC\",\"description\":\"Empresa especializada en la fabricaci\u00f3n y distribuci\u00f3n de maquinaria industrial, selladoras de latas, Maquinas de hacer pastillas, Maquinas de cortar carne...\",\"publisher\":{\"@id\":\"https:\/\/distribucionarc.com\/bg\/#organization\"},\"potentialAction\":[{\"@type\":\"SearchAction\",\"target\":{\"@type\":\"EntryPoint\",\"urlTemplate\":\"https:\/\/distribucionarc.com\/bg\/?s={search_term_string}\"},\"query-input\":{\"@type\":\"PropertyValueSpecification\",\"valueRequired\":true,\"valueName\":\"search_term_string\"}}],\"inLanguage\":\"sl-SI\"},{\"@type\":\"Organization\",\"@id\":\"https:\/\/distribucionarc.com\/bg\/#organization\",\"name\":\"Distribuci\u00f3n ARC\",\"url\":\"https:\/\/distribucionarc.com\/bg\/\",\"logo\":{\"@type\":\"ImageObject\",\"inLanguage\":\"sl-SI\",\"@id\":\"https:\/\/distribucionarc.com\/bg\/#\/schema\/logo\/image\/\",\"url\":\"https:\/\/distribucionarc.com\/wp-content\/uploads\/2024\/10\/distribucion-ARC-COLOR-SIN-FONDO-e1732295305345.png\",\"contentUrl\":\"https:\/\/distribucionarc.com\/wp-content\/uploads\/2024\/10\/distribucion-ARC-COLOR-SIN-FONDO-e1732295305345.png\",\"width\":1164,\"height\":558,\"caption\":\"Distribuci\u00f3n ARC\"},\"image\":{\"@id\":\"https:\/\/distribucionarc.com\/bg\/#\/schema\/logo\/image\/\"},\"description\":\"Empresa especializada en la fabricaci\u00f3n y distribuci\u00f3n de maquinaria industrial para los sectores alimentario y farmac\u00e9utico. Nos especializamos en: M\u00e1quinas de cortar carne Fabricaci\u00f3n de comprimidos Sistemas de transporte industrial L\u00edneas de embotellado Dosificadores Y mucho m\u00e1s... Ofrecemos soluciones innovadoras y personalizadas para optimizar los procesos productivos de tu empresa.\",\"email\":\"Admistracion@distribucionarc.com\",\"telephone\":\"+34 643496664\",\"legalName\":\"ARC TECH SOLUTIONS\",\"foundingDate\":\"2024-04-09\",\"vatID\":\"B55480172\",\"numberOfEmployees\":{\"@type\":\"QuantitativeValue\",\"minValue\":\"1\",\"maxValue\":\"10\"}}]}<\/script>\n<!-- \/ Yoast SEO Premium plugin. -->","yoast_head_json":{"title":"Polavtomatski vakuumski aparat za zapiranje plo\u010devink z du\u0161ikom ANR-08 - ARC","description":"ANR-08 polavtomatsko vakuumsko zapiranje plo\u010devink, zasnovano za hermeti\u010dno zapiranje z vbrizgavanjem du\u0161ika. Idealno za ohranjanje sve\u017eine in kakovosti hrane, pija\u010de in \u0161e ve\u010d. U\u010dinkovitost zagotovljena! \ud83d\ude80","robots":{"index":"index","follow":"follow","max-snippet":"max-snippet:-1","max-image-preview":"max-image-preview:large","max-video-preview":"max-video-preview:-1"},"canonical":"https:\/\/distribucionarc.com\/sl\/izdelek\/polavtomatski-stroj-za-vakuumsko-zapiranje-plocevink-z-dusikom-anr-08\/","og_locale":"sl_SI","og_type":"article","og_title":"Selladora semiautom\u00e1tica de latas al vac\u00edo con nitr\u00f3geno ANR-08","og_description":"Selladora Semiautom\u00e1tica de Latas al Vac\u00edo ANR-08, dise\u00f1ada para un sellado herm\u00e9tico con inyecci\u00f3n de nitr\u00f3geno. Ideal para conservar frescura y calidad en alimentos, bebidas y m\u00e1s. \u00a1Eficiencia garantizada! \ud83d\ude80","og_url":"https:\/\/distribucionarc.com\/sl\/izdelek\/polavtomatski-stroj-za-vakuumsko-zapiranje-plocevink-z-dusikom-anr-08\/","og_site_name":"distribuci\u00f3n ARC","article_modified_time":"2024-12-03T18:42:03+00:00","og_image":[{"width":391,"height":348,"url":"https:\/\/distribucionarc.com\/wp-content\/uploads\/2024\/10\/Selladora-al-Vacio-con-Nitrogeno.png","type":"image\/png"}],"twitter_card":"summary_large_image","twitter_misc":{"Est. reading time":"3 minute"},"schema":{"@context":"https:\/\/schema.org","@graph":[{"@type":"WebPage","@id":"https:\/\/distribucionarc.com\/nb\/producto\/selladora-semiautomatica-de-latas-al-vacio-con-nitrogeno-anr-08\/","url":"https:\/\/distribucionarc.com\/nb\/producto\/selladora-semiautomatica-de-latas-al-vacio-con-nitrogeno-anr-08\/","name":"Polavtomatski vakuumski aparat za zapiranje plo\u010devink z du\u0161ikom ANR-08 - ARC","isPartOf":{"@id":"https:\/\/distribucionarc.com\/bg\/#website"},"primaryImageOfPage":{"@id":"https:\/\/distribucionarc.com\/nb\/producto\/selladora-semiautomatica-de-latas-al-vacio-con-nitrogeno-anr-08\/#primaryimage"},"image":{"@id":"https:\/\/distribucionarc.com\/nb\/producto\/selladora-semiautomatica-de-latas-al-vacio-con-nitrogeno-anr-08\/#primaryimage"},"thumbnailUrl":"https:\/\/distribucionarc.com\/wp-content\/uploads\/2024\/10\/Selladora-al-Vacio-con-Nitrogeno.png","datePublished":"2024-10-28T21:32:30+00:00","dateModified":"2024-12-03T18:42:03+00:00","description":"ANR-08 polavtomatsko vakuumsko zapiranje plo\u010devink, zasnovano za hermeti\u010dno zapiranje z vbrizgavanjem du\u0161ika. Idealno za ohranjanje sve\u017eine in kakovosti hrane, pija\u010de in \u0161e ve\u010d. U\u010dinkovitost zagotovljena! \ud83d\ude80","breadcrumb":{"@id":"https:\/\/distribucionarc.com\/nb\/producto\/selladora-semiautomatica-de-latas-al-vacio-con-nitrogeno-anr-08\/#breadcrumb"},"inLanguage":"sl-SI","potentialAction":[{"@type":"ReadAction","target":["https:\/\/distribucionarc.com\/nb\/producto\/selladora-semiautomatica-de-latas-al-vacio-con-nitrogeno-anr-08\/"]}]},{"@type":"ImageObject","inLanguage":"sl-SI","@id":"https:\/\/distribucionarc.com\/nb\/producto\/selladora-semiautomatica-de-latas-al-vacio-con-nitrogeno-anr-08\/#primaryimage","url":"https:\/\/distribucionarc.com\/wp-content\/uploads\/2024\/10\/Selladora-al-Vacio-con-Nitrogeno.png","contentUrl":"https:\/\/distribucionarc.com\/wp-content\/uploads\/2024\/10\/Selladora-al-Vacio-con-Nitrogeno.png","width":391,"height":348},{"@type":"BreadcrumbList","@id":"https:\/\/distribucionarc.com\/nb\/producto\/selladora-semiautomatica-de-latas-al-vacio-con-nitrogeno-anr-08\/#breadcrumb","itemListElement":[{"@type":"ListItem","position":1,"name":"Portada","item":"https:\/\/distribucionarc.com\/el\/"},{"@type":"ListItem","position":2,"name":"Proizvodi","item":"https:\/\/www.distribucionarc.com\/hr\/ducan\/"},{"@type":"ListItem","position":3,"name":"Selladora semiautom\u00e1tica de latas al vac\u00edo con nitr\u00f3geno ANR-08"}]},{"@type":"WebSite","@id":"https:\/\/distribucionarc.com\/bg\/#website","url":"https:\/\/distribucionarc.com\/bg\/","name":"ARC porazdelitev","description":"Podjetje je specializirano za proizvodnjo in distribucijo industrijskih strojev, strojev za zapiranje plo\u010devink, strojev za izdelavo tablet, strojev za rezanje mesa...","publisher":{"@id":"https:\/\/distribucionarc.com\/bg\/#organization"},"potentialAction":[{"@type":"SearchAction","target":{"@type":"EntryPoint","urlTemplate":"https:\/\/distribucionarc.com\/bg\/?s={search_term_string}"},"query-input":{"@type":"PropertyValueSpecification","valueRequired":true,"valueName":"search_term_string"}}],"inLanguage":"sl-SI"},{"@type":"Organization","@id":"https:\/\/distribucionarc.com\/bg\/#organization","name":"Distribucija ARC","url":"https:\/\/distribucionarc.com\/bg\/","logo":{"@type":"ImageObject","inLanguage":"sl-SI","@id":"https:\/\/distribucionarc.com\/bg\/#\/schema\/logo\/image\/","url":"https:\/\/distribucionarc.com\/wp-content\/uploads\/2024\/10\/distribucion-ARC-COLOR-SIN-FONDO-e1732295305345.png","contentUrl":"https:\/\/distribucionarc.com\/wp-content\/uploads\/2024\/10\/distribucion-ARC-COLOR-SIN-FONDO-e1732295305345.png","width":1164,"height":558,"caption":"Distribuci\u00f3n ARC"},"image":{"@id":"https:\/\/distribucionarc.com\/bg\/#\/schema\/logo\/image\/"},"description":"Podjetje, specializirano za proizvodnjo in distribucijo industrijskih strojev za \u017eivilski in farmacevtski sektor. Specializirani smo za: Stroji za rezanje mesa Proizvodnja tablet Industrijski transportni sistemi Stekleni\u010darske linije Dozirni stroji In \u0161e veliko ve\u010d... Ponujamo inovativne in prilagojene re\u0161itve za optimizacijo proizvodnih procesov va\u0161ega podjetja.","email":"Admistracion@distribucionarc.com","telephone":"+34 643496664","legalName":"ARC TECH SOLUTIONS","foundingDate":"2024-04-09","vatID":"B55480172","numberOfEmployees":{"@type":"QuantitativeValue","minValue":"1","maxValue":"10"}}]}},"_links":{"self":[{"href":"https:\/\/distribucionarc.com\/sl\/wp-json\/wp\/v2\/product\/8228","targetHints":{"allow":["GET"]}}],"collection":[{"href":"https:\/\/distribucionarc.com\/sl\/wp-json\/wp\/v2\/product"}],"about":[{"href":"https:\/\/distribucionarc.com\/sl\/wp-json\/wp\/v2\/types\/product"}],"replies":[{"embeddable":true,"href":"https:\/\/distribucionarc.com\/sl\/wp-json\/wp\/v2\/comments?post=8228"}],"version-history":[{"count":0,"href":"https:\/\/distribucionarc.com\/sl\/wp-json\/wp\/v2\/product\/8228\/revisions"}],"wp:featuredmedia":[{"embeddable":true,"href":"https:\/\/distribucionarc.com\/sl\/wp-json\/wp\/v2\/media\/8233"}],"wp:attachment":[{"href":"https:\/\/distribucionarc.com\/sl\/wp-json\/wp\/v2\/media?parent=8228"}],"wp:term":[{"taxonomy":"product_brand","embeddable":true,"href":"https:\/\/distribucionarc.com\/sl\/wp-json\/wp\/v2\/product_brand?post=8228"},{"taxonomy":"product_cat","embeddable":true,"href":"https:\/\/distribucionarc.com\/sl\/wp-json\/wp\/v2\/product_cat?post=8228"},{"taxonomy":"product_tag","embeddable":true,"href":"https:\/\/distribucionarc.com\/sl\/wp-json\/wp\/v2\/product_tag?post=8228"}],"curies":[{"name":"delovni list","href":"https:\/\/api.w.org\/{rel}","templated":true}]}}