{"id":858,"date":"2020-07-14T11:23:55","date_gmt":"2020-07-14T11:23:55","guid":{"rendered":"https:\/\/distribucionarc.com\/?post_type=product&#038;p=858"},"modified":"2022-10-04T13:23:19","modified_gmt":"2022-10-04T13:23:19","slug":"komercialni-taiyaki-stroj-za-vaflje","status":"publish","type":"product","link":"https:\/\/distribucionarc.com\/sl\/producto\/maquina-comercial-para-gofres-taiyaki\/","title":{"rendered":"Komercialni aparat za vaflje Taiyaki"},"content":{"rendered":"<h2>Komercialni aparat za vaflje Taiyaki<\/h2>\n<p>&nbsp;<\/p>\n<p><strong>Stroj za vaflje Taiyaki <span style=\"color: #ff0000;\">TO<\/span><span style=\"color: #0000ff;\">R<\/span>c <\/strong>Izdelan je iz nerjave\u010dega jekla, je trpe\u017een, mo\u010dan in enostaven za \u010di\u0161\u010denje. Ima lito\u017eelezno grelno plo\u0161\u010do s teflonsko prevleko za prepre\u010devanje <strong>Taiyaki<\/strong> lepi na povr\u0161ino in je zasnovan za dolgotrajno uporabo. Model za peko, ki ga ima, je odporen proti koroziji in zagotavlja visoko toplotno prevodnost. Je zelo enostaven za \u010di\u0161\u010denje. Uporabniki morajo za \u010di\u0161\u010denje povr\u0161ine uporabiti le suho ali vla\u017eno krpo, ni jih treba umivati z vodo.<\/p>\n<p>noter <strong><span style=\"color: #ff0000;\">TO<\/span><span style=\"color: #0000ff;\">R<\/span>c<\/strong> Zanima nas udobje na\u0161ih strank, zato ima na\u0161 komercialni stroj gumb za nadzor temperature na sprednji strani stroja. Temperaturo je mogo\u010de nastaviti med 0 in 300 \u2103. Gumb \u010dasovnika 0-5 minut vam omogo\u010da bolj svobodno delo, ne da bi vam bilo treba skrbeti za \u010das pe\u010denja. <strong>Stroj za vaflje Taiyaki <span style=\"color: #ff0000;\">TO<\/span><span style=\"color: #0000ff;\">R<\/span>CMGT1<\/strong> Omogo\u010dil vam bo pripravo serij po 5 vafljev v 3-5 minutah.<\/p>\n<p>to <strong>Peka\u010d za vaflje Taiyaki<\/strong> Ima plo\u0161\u010do za odpadke z ro\u010dajem, ki omogo\u010da shranjevanje odpadkov vafljev za enostavno \u010di\u0161\u010denje. Dva lesena ro\u010daja na desni in levi kuhalni plo\u0161\u010di sta odporna na vro\u010dino in prepre\u010dujeta, da bi se roke med kuhanjem opekle. <span style=\"color: #008000;\">Poleg tega je <strong>aparat za vaflje<\/strong> od<\/span> <strong><span style=\"color: #ff0000;\">TO<\/span><span style=\"color: #0000ff;\">R<\/span>c<\/strong> <span style=\"color: #008000;\">Ne le stabilizira temperaturo, ampak tudi njeno porabo, ko dose\u017ee najvi\u0161jo temperaturo.\u00a0<\/span><\/p>\n<p>Njegov izvirni dizajn je idealen za doma\u010do ali komercialno uporabo. Njegova velika koli\u010dina detajlov in privla\u010den vonj bosta privabila marsikatero stranko<\/p>\n<h6><strong>Garancija\u00a0<span style=\"color: #ff0000;\">TO<\/span><span style=\"color: #0000ff;\">R<\/span>C 2 LETI<\/strong><\/h6>\n<h6><strong><span style=\"color: #008000;\">U\u010dinkovit aparat za vaflje Taiyaki, nizka poraba 2800w<\/span><\/strong><\/h6>\n<h6><strong>vklju\u010dena tehni\u010dna podpora<\/strong><\/h6>\n<p>&nbsp;<\/p>\n<p>&nbsp;<\/p>\n<p>&nbsp;<\/p>\n<table role=\"presentation\" width=\"100%\" cellspacing=\"0\" cellpadding=\"0\">\n<tbody>\n<tr>\n<td class=\"attrLabels\">Temperatura:<\/td>\n<td width=\"50.0%\">50-300\u00baC<\/td>\n<\/tr>\n<tr>\n<td class=\"attrLabels\">Dr\u017eava distribucije:<\/td>\n<td width=\"50.0%\">\u0160panija, Nem\u010dija, ZDA<\/td>\n<td class=\"attrLabels\">Te\u017ea:<\/td>\n<td width=\"50.0%\">22,2.kg<\/td>\n<\/tr>\n<tr>\n<td class=\"attrLabels\">Znamka:<\/td>\n<td width=\"50.0%\">ARC<\/td>\n<td class=\"attrLabels\">Vi\u0161ina:<\/td>\n<td width=\"50.0%\">37,3 cm<\/td>\n<\/tr>\n<tr>\n<td class=\"attrLabels\">barva:<\/td>\n<td width=\"50.0%\">Srebrna<\/td>\n<td class=\"attrLabels\">dolgo:<\/td>\n<td width=\"50.0%\">36,6 cm<\/td>\n<\/tr>\n<tr>\n<td class=\"attrLabels\">Vrsta izdelka:<\/td>\n<td width=\"50.0%\">Aparat za vaflje Taiyaki<\/td>\n<td class=\"attrLabels\">\u0160iroko:<\/td>\n<td width=\"50.0%\">58,8 cm<\/td>\n<\/tr>\n<tr>\n<td class=\"attrLabels\">\u0160tevilka proizvajalca:<\/td>\n<td width=\"50.0%\">ARCMGT1<\/td>\n<td class=\"attrLabels\">mo\u010d:<\/td>\n<td width=\"50.0%\">2800 W<\/td>\n<\/tr>\n<tr>\n<td class=\"attrLabels\">Material:<\/td>\n<td width=\"50.0%\">nerjave\u010de jeklo, teflonska plo\u0161\u010da, nadzor temperature<\/td>\n<td class=\"attrLabels\">vhodna napetost<\/td>\n<td width=\"50.0%\">220V \u2013 60Hz<\/td>\n<\/tr>\n<tr>\n<td class=\"attrLabels\">Taiyaki velikost:<\/td>\n<td width=\"50.0%\">12 \u00d7 7 cm<\/td>\n<td class=\"attrLabels\">Modeli obrazcev:<\/td>\n<td width=\"50.0%\">5. kos<\/td>\n<\/tr>\n<tr>\n<td class=\"attrLabels\">Orodja za namestitev:<\/td>\n<td width=\"50.0%\">ja<\/td>\n<td class=\"attrLabels\">produkcija:<\/td>\n<td width=\"50.0%\">5 kosov<\/td>\n<\/tr>\n<\/tbody>\n<\/table>\n<p>&nbsp;<\/p>","protected":false},"excerpt":{"rendered":"<h3>Komercialni aparat za vaflje Taiyaki<\/h3>\n<p><strong>Aparat za vaflje Taiyaki<\/strong> <span style=\"color: #ff0000;\">TO<\/span><span style=\"color: #0000ff;\">R<\/span>C ima \u010dudovit dizajn rib, ki bo va\u0161im prelivom dal inovativen in precej vizualni dizajn, ki vas bo presenetil na trgu. <strong>Stroj za sto\u017ece <span style=\"color: #ff0000;\">TO<\/span><span style=\"color: #0000ff;\">R<\/span>CMCT1<\/strong> temelji na korejski popularni kulturi, kjer so ti vaflji znani kot<strong> Taiyaki<\/strong>, ga imajo ljudje radi zaradi njegovega privla\u010dnega videza in odli\u010dnega okusa. Od <strong><span style=\"color: #ff0000;\">TO<\/span><span style=\"color: #0000ff;\">R<\/span>c<\/strong> ponujamo vam a <strong>aparat za vaflje<\/strong> rib, ki jih je enostavno napolniti. Lahko dodate <strong>zamrznjen<\/strong>, <strong>sirupi<\/strong>, <strong>sadni d\u017eem<\/strong>, <strong>\u010dokolada<\/strong> ali karkoli najbolj ustreza va\u0161emu okusu, da u\u017eivate v zelo privla\u010dnem in drznem vaflju zaradi njegovega odli\u010dnega vizualnega u\u010dinka. Serijo ribjih vafljev lahko pripravite v pribli\u017eno petih minutah. <strong>Idealen za komercialno uporabo.<\/strong><\/p>\n<h6><strong>Garancija\u00a0<span style=\"color: #ff0000;\">TO<\/span><span style=\"color: #0000ff;\">R<\/span>C 2 LETI<\/strong><\/h6>\n<h6><span style=\"color: #008000;\"><strong>U\u010dinkovit aparat za vaflje Taiyaki, nizka poraba 2800w<\/strong><\/span><\/h6>\n<h6><strong>vklju\u010dena tehni\u010dna podpora<\/strong><\/h6>","protected":false},"featured_media":869,"comment_status":"open","ping_status":"closed","template":"","meta":{"wds_primary_product_brand":0,"wds_primary_product_cat":0},"product_brand":[],"product_cat":[51],"product_tag":[],"class_list":{"0":"post-858","1":"product","2":"type-product","3":"status-publish","4":"has-post-thumbnail","6":"product_cat-gofreras-profesionales","7":"product_shipping_class-hosteleria","9":"first","10":"instock","11":"sale","12":"taxable","13":"shipping-taxable","14":"purchasable","15":"product-type-simple"},"yoast_head":"<!-- This site is optimized with the Yoast SEO Premium plugin v24.9 (Yoast SEO v26.1) - https:\/\/yoast.com\/wordpress\/plugins\/seo\/ -->\n<title>M\u00e1quina comercial para gofres Taiyaki - distribuci\u00f3n ARC<\/title>\n<meta name=\"robots\" content=\"index, follow, max-snippet:-1, max-image-preview:large, max-video-preview:-1\" \/>\n<link rel=\"canonical\" href=\"https:\/\/distribucionarc.com\/sl\/izdelek\/komercialni-taiyaki-stroj-za-vaflje\/\" \/>\n<meta property=\"og:locale\" content=\"sl_SI\" \/>\n<meta property=\"og:type\" content=\"article\" \/>\n<meta property=\"og:title\" content=\"M\u00e1quina comercial para gofres Taiyaki\" \/>\n<meta property=\"og:description\" content=\"M\u00e1quina comercial para gofres Taiyaki La m\u00e1quina para gofres Taiyaki ARC tiene un precioso dise\u00f1o de pez que le dar\u00e1 a tus toppings un dise\u00f1o innovador y bastante visual con lo que sorprender en el mercado. La m\u00e1quina para conos ARCMCT1 est\u00e1 basada en la cultura popular de Corea donde estos gofres son conocidos como Taiyaki, a la gente le encanta por su aspecto atractivo y delicioso sabor. Desde ARC les ofrecemos una m\u00e1quina de gofres de pescado sencillos de rellenar. Puedes a\u00f1adir helado, siropes, mermelada de frutas, chocolate o lo que m\u00e1s se adapte a tus gustos para disfrutar de un gofre muy atractivo y atrevido por su gran efecto visual. Un lote de gofres de pescado se puede hacer alrededor de cinco minutos. Ideal para uso comercial. Garant\u00eda\u00a0ARC 2 A\u00d1OS Maquina gofres Taiyaki eficiente, bajo consumo 2800w soporte t\u00e9cnico\u00a0incluido\" \/>\n<meta property=\"og:url\" content=\"https:\/\/distribucionarc.com\/sl\/izdelek\/komercialni-taiyaki-stroj-za-vaflje\/\" \/>\n<meta property=\"og:site_name\" content=\"distribuci\u00f3n ARC\" \/>\n<meta property=\"article:modified_time\" content=\"2022-10-04T13:23:19+00:00\" \/>\n<meta property=\"og:image\" content=\"https:\/\/distribucionarc.com\/wp-content\/uploads\/2020\/07\/M\u00e1quina-comercial-para-gofres-Taiyaki-0.jpg\" \/>\n\t<meta property=\"og:image:width\" content=\"1600\" \/>\n\t<meta property=\"og:image:height\" content=\"1600\" \/>\n\t<meta property=\"og:image:type\" content=\"image\/jpeg\" \/>\n<meta name=\"twitter:card\" content=\"summary_large_image\" \/>\n<meta name=\"twitter:label1\" content=\"Est. reading time\" \/>\n\t<meta name=\"twitter:data1\" content=\"2 minuti\" \/>\n<script type=\"application\/ld+json\" class=\"yoast-schema-graph\">{\"@context\":\"https:\/\/schema.org\",\"@graph\":[{\"@type\":\"WebPage\",\"@id\":\"https:\/\/distribucionarc.com\/sl\/producto\/maquina-comercial-para-gofres-taiyaki\/\",\"url\":\"https:\/\/distribucionarc.com\/sl\/producto\/maquina-comercial-para-gofres-taiyaki\/\",\"name\":\"M\u00e1quina comercial para gofres Taiyaki - distribuci\u00f3n ARC\",\"isPartOf\":{\"@id\":\"https:\/\/distribucionarc.com\/de\/#website\"},\"primaryImageOfPage\":{\"@id\":\"https:\/\/distribucionarc.com\/sl\/producto\/maquina-comercial-para-gofres-taiyaki\/#primaryimage\"},\"image\":{\"@id\":\"https:\/\/distribucionarc.com\/sl\/producto\/maquina-comercial-para-gofres-taiyaki\/#primaryimage\"},\"thumbnailUrl\":\"https:\/\/distribucionarc.com\/wp-content\/uploads\/2020\/07\/M\u00e1quina-comercial-para-gofres-Taiyaki-0.jpg\",\"datePublished\":\"2020-07-14T11:23:55+00:00\",\"dateModified\":\"2022-10-04T13:23:19+00:00\",\"breadcrumb\":{\"@id\":\"https:\/\/distribucionarc.com\/sl\/producto\/maquina-comercial-para-gofres-taiyaki\/#breadcrumb\"},\"inLanguage\":\"sl-SI\",\"potentialAction\":[{\"@type\":\"ReadAction\",\"target\":[\"https:\/\/distribucionarc.com\/sl\/producto\/maquina-comercial-para-gofres-taiyaki\/\"]}]},{\"@type\":\"ImageObject\",\"inLanguage\":\"sl-SI\",\"@id\":\"https:\/\/distribucionarc.com\/sl\/producto\/maquina-comercial-para-gofres-taiyaki\/#primaryimage\",\"url\":\"https:\/\/distribucionarc.com\/wp-content\/uploads\/2020\/07\/M\u00e1quina-comercial-para-gofres-Taiyaki-0.jpg\",\"contentUrl\":\"https:\/\/distribucionarc.com\/wp-content\/uploads\/2020\/07\/M\u00e1quina-comercial-para-gofres-Taiyaki-0.jpg\",\"width\":1600,\"height\":1600,\"caption\":\"M\u00e1quina comercial para gofres Taiyaki\"},{\"@type\":\"BreadcrumbList\",\"@id\":\"https:\/\/distribucionarc.com\/sl\/producto\/maquina-comercial-para-gofres-taiyaki\/#breadcrumb\",\"itemListElement\":[{\"@type\":\"ListItem\",\"position\":1,\"name\":\"Portada\",\"item\":\"https:\/\/distribucionarc.com\/pl\/\"},{\"@type\":\"ListItem\",\"position\":2,\"name\":\"Produkty\",\"item\":\"https:\/\/distribucionarc.com\/pl\/shop\/\"},{\"@type\":\"ListItem\",\"position\":3,\"name\":\"M\u00e1quina comercial para gofres Taiyaki\"}]},{\"@type\":\"WebSite\",\"@id\":\"https:\/\/distribucionarc.com\/de\/#website\",\"url\":\"https:\/\/distribucionarc.com\/de\/\",\"name\":\"distribuci\u00f3n ARC\",\"description\":\"Empresa especializada en la fabricaci\u00f3n y distribuci\u00f3n de maquinaria industrial, selladoras de latas, Maquinas de hacer pastillas, Maquinas de cortar carne...\",\"publisher\":{\"@id\":\"https:\/\/distribucionarc.com\/de\/#organization\"},\"potentialAction\":[{\"@type\":\"SearchAction\",\"target\":{\"@type\":\"EntryPoint\",\"urlTemplate\":\"https:\/\/distribucionarc.com\/de\/?s={search_term_string}\"},\"query-input\":{\"@type\":\"PropertyValueSpecification\",\"valueRequired\":true,\"valueName\":\"search_term_string\"}}],\"inLanguage\":\"sl-SI\"},{\"@type\":\"Organization\",\"@id\":\"https:\/\/distribucionarc.com\/de\/#organization\",\"name\":\"Distribuci\u00f3n ARC\",\"url\":\"https:\/\/distribucionarc.com\/de\/\",\"logo\":{\"@type\":\"ImageObject\",\"inLanguage\":\"sl-SI\",\"@id\":\"https:\/\/distribucionarc.com\/de\/#\/schema\/logo\/image\/\",\"url\":\"https:\/\/distribucionarc.com\/wp-content\/uploads\/2024\/10\/distribucion-ARC-COLOR-SIN-FONDO-e1732295305345.png\",\"contentUrl\":\"https:\/\/distribucionarc.com\/wp-content\/uploads\/2024\/10\/distribucion-ARC-COLOR-SIN-FONDO-e1732295305345.png\",\"width\":1164,\"height\":558,\"caption\":\"Distribuci\u00f3n ARC\"},\"image\":{\"@id\":\"https:\/\/distribucionarc.com\/de\/#\/schema\/logo\/image\/\"},\"description\":\"Empresa especializada en la fabricaci\u00f3n y distribuci\u00f3n de maquinaria industrial para los sectores alimentario y farmac\u00e9utico. Nos especializamos en: M\u00e1quinas de cortar carne Fabricaci\u00f3n de comprimidos Sistemas de transporte industrial L\u00edneas de embotellado Dosificadores Y mucho m\u00e1s... Ofrecemos soluciones innovadoras y personalizadas para optimizar los procesos productivos de tu empresa.\",\"email\":\"Admistracion@distribucionarc.com\",\"telephone\":\"+34 643496664\",\"legalName\":\"ARC TECH SOLUTIONS\",\"foundingDate\":\"2024-04-09\",\"vatID\":\"B55480172\",\"numberOfEmployees\":{\"@type\":\"QuantitativeValue\",\"minValue\":\"1\",\"maxValue\":\"10\"}}]}<\/script>\n<!-- \/ Yoast SEO Premium plugin. -->","yoast_head_json":{"title":"Komercialni aparat za vaflje Taiyaki - distribucija ARC","robots":{"index":"index","follow":"follow","max-snippet":"max-snippet:-1","max-image-preview":"max-image-preview:large","max-video-preview":"max-video-preview:-1"},"canonical":"https:\/\/distribucionarc.com\/sl\/izdelek\/komercialni-taiyaki-stroj-za-vaflje\/","og_locale":"sl_SI","og_type":"article","og_title":"M\u00e1quina comercial para gofres Taiyaki","og_description":"M\u00e1quina comercial para gofres Taiyaki La m\u00e1quina para gofres Taiyaki ARC tiene un precioso dise\u00f1o de pez que le dar\u00e1 a tus toppings un dise\u00f1o innovador y bastante visual con lo que sorprender en el mercado. La m\u00e1quina para conos ARCMCT1 est\u00e1 basada en la cultura popular de Corea donde estos gofres son conocidos como Taiyaki, a la gente le encanta por su aspecto atractivo y delicioso sabor. Desde ARC les ofrecemos una m\u00e1quina de gofres de pescado sencillos de rellenar. Puedes a\u00f1adir helado, siropes, mermelada de frutas, chocolate o lo que m\u00e1s se adapte a tus gustos para disfrutar de un gofre muy atractivo y atrevido por su gran efecto visual. Un lote de gofres de pescado se puede hacer alrededor de cinco minutos. Ideal para uso comercial. Garant\u00eda\u00a0ARC 2 A\u00d1OS Maquina gofres Taiyaki eficiente, bajo consumo 2800w soporte t\u00e9cnico\u00a0incluido","og_url":"https:\/\/distribucionarc.com\/sl\/izdelek\/komercialni-taiyaki-stroj-za-vaflje\/","og_site_name":"distribuci\u00f3n ARC","article_modified_time":"2022-10-04T13:23:19+00:00","og_image":[{"width":1600,"height":1600,"url":"https:\/\/distribucionarc.com\/wp-content\/uploads\/2020\/07\/M\u00e1quina-comercial-para-gofres-Taiyaki-0.jpg","type":"image\/jpeg"}],"twitter_card":"summary_large_image","twitter_misc":{"Est. reading time":"2 minuti"},"schema":{"@context":"https:\/\/schema.org","@graph":[{"@type":"WebPage","@id":"https:\/\/distribucionarc.com\/sl\/producto\/maquina-comercial-para-gofres-taiyaki\/","url":"https:\/\/distribucionarc.com\/sl\/producto\/maquina-comercial-para-gofres-taiyaki\/","name":"Komercialni aparat za vaflje Taiyaki - distribucija ARC","isPartOf":{"@id":"https:\/\/distribucionarc.com\/de\/#website"},"primaryImageOfPage":{"@id":"https:\/\/distribucionarc.com\/sl\/producto\/maquina-comercial-para-gofres-taiyaki\/#primaryimage"},"image":{"@id":"https:\/\/distribucionarc.com\/sl\/producto\/maquina-comercial-para-gofres-taiyaki\/#primaryimage"},"thumbnailUrl":"https:\/\/distribucionarc.com\/wp-content\/uploads\/2020\/07\/M\u00e1quina-comercial-para-gofres-Taiyaki-0.jpg","datePublished":"2020-07-14T11:23:55+00:00","dateModified":"2022-10-04T13:23:19+00:00","breadcrumb":{"@id":"https:\/\/distribucionarc.com\/sl\/producto\/maquina-comercial-para-gofres-taiyaki\/#breadcrumb"},"inLanguage":"sl-SI","potentialAction":[{"@type":"ReadAction","target":["https:\/\/distribucionarc.com\/sl\/producto\/maquina-comercial-para-gofres-taiyaki\/"]}]},{"@type":"ImageObject","inLanguage":"sl-SI","@id":"https:\/\/distribucionarc.com\/sl\/producto\/maquina-comercial-para-gofres-taiyaki\/#primaryimage","url":"https:\/\/distribucionarc.com\/wp-content\/uploads\/2020\/07\/M\u00e1quina-comercial-para-gofres-Taiyaki-0.jpg","contentUrl":"https:\/\/distribucionarc.com\/wp-content\/uploads\/2020\/07\/M\u00e1quina-comercial-para-gofres-Taiyaki-0.jpg","width":1600,"height":1600,"caption":"M\u00e1quina comercial para gofres Taiyaki"},{"@type":"BreadcrumbList","@id":"https:\/\/distribucionarc.com\/sl\/producto\/maquina-comercial-para-gofres-taiyaki\/#breadcrumb","itemListElement":[{"@type":"ListItem","position":1,"name":"Portada","item":"https:\/\/distribucionarc.com\/pl\/"},{"@type":"ListItem","position":2,"name":"Produkty","item":"https:\/\/distribucionarc.com\/pl\/shop\/"},{"@type":"ListItem","position":3,"name":"M\u00e1quina comercial para gofres Taiyaki"}]},{"@type":"WebSite","@id":"https:\/\/distribucionarc.com\/de\/#website","url":"https:\/\/distribucionarc.com\/de\/","name":"ARC porazdelitev","description":"Podjetje je specializirano za proizvodnjo in distribucijo industrijskih strojev, strojev za zapiranje plo\u010devink, strojev za izdelavo tablet, strojev za rezanje mesa...","publisher":{"@id":"https:\/\/distribucionarc.com\/de\/#organization"},"potentialAction":[{"@type":"SearchAction","target":{"@type":"EntryPoint","urlTemplate":"https:\/\/distribucionarc.com\/de\/?s={search_term_string}"},"query-input":{"@type":"PropertyValueSpecification","valueRequired":true,"valueName":"search_term_string"}}],"inLanguage":"sl-SI"},{"@type":"Organization","@id":"https:\/\/distribucionarc.com\/de\/#organization","name":"Distribucija ARC","url":"https:\/\/distribucionarc.com\/de\/","logo":{"@type":"ImageObject","inLanguage":"sl-SI","@id":"https:\/\/distribucionarc.com\/de\/#\/schema\/logo\/image\/","url":"https:\/\/distribucionarc.com\/wp-content\/uploads\/2024\/10\/distribucion-ARC-COLOR-SIN-FONDO-e1732295305345.png","contentUrl":"https:\/\/distribucionarc.com\/wp-content\/uploads\/2024\/10\/distribucion-ARC-COLOR-SIN-FONDO-e1732295305345.png","width":1164,"height":558,"caption":"Distribuci\u00f3n ARC"},"image":{"@id":"https:\/\/distribucionarc.com\/de\/#\/schema\/logo\/image\/"},"description":"Podjetje, specializirano za proizvodnjo in distribucijo industrijskih strojev za \u017eivilski in farmacevtski sektor. Specializirani smo za: Stroji za rezanje mesa Proizvodnja tablet Industrijski transportni sistemi Stekleni\u010darske linije Dozirni stroji In \u0161e veliko ve\u010d... Ponujamo inovativne in prilagojene re\u0161itve za optimizacijo proizvodnih procesov va\u0161ega podjetja.","email":"Admistracion@distribucionarc.com","telephone":"+34 643496664","legalName":"ARC TECH SOLUTIONS","foundingDate":"2024-04-09","vatID":"B55480172","numberOfEmployees":{"@type":"QuantitativeValue","minValue":"1","maxValue":"10"}}]}},"_links":{"self":[{"href":"https:\/\/distribucionarc.com\/sl\/wp-json\/wp\/v2\/product\/858","targetHints":{"allow":["GET"]}}],"collection":[{"href":"https:\/\/distribucionarc.com\/sl\/wp-json\/wp\/v2\/product"}],"about":[{"href":"https:\/\/distribucionarc.com\/sl\/wp-json\/wp\/v2\/types\/product"}],"replies":[{"embeddable":true,"href":"https:\/\/distribucionarc.com\/sl\/wp-json\/wp\/v2\/comments?post=858"}],"version-history":[{"count":0,"href":"https:\/\/distribucionarc.com\/sl\/wp-json\/wp\/v2\/product\/858\/revisions"}],"wp:featuredmedia":[{"embeddable":true,"href":"https:\/\/distribucionarc.com\/sl\/wp-json\/wp\/v2\/media\/869"}],"wp:attachment":[{"href":"https:\/\/distribucionarc.com\/sl\/wp-json\/wp\/v2\/media?parent=858"}],"wp:term":[{"taxonomy":"product_brand","embeddable":true,"href":"https:\/\/distribucionarc.com\/sl\/wp-json\/wp\/v2\/product_brand?post=858"},{"taxonomy":"product_cat","embeddable":true,"href":"https:\/\/distribucionarc.com\/sl\/wp-json\/wp\/v2\/product_cat?post=858"},{"taxonomy":"product_tag","embeddable":true,"href":"https:\/\/distribucionarc.com\/sl\/wp-json\/wp\/v2\/product_tag?post=858"}],"curies":[{"name":"delovni list","href":"https:\/\/api.w.org\/{rel}","templated":true}]}}