{"id":872,"date":"2020-07-14T12:32:47","date_gmt":"2020-07-14T12:32:47","guid":{"rendered":"https:\/\/distribucionarc.com\/?post_type=product&#038;p=872"},"modified":"2024-09-05T13:42:32","modified_gmt":"2024-09-05T13:42:32","slug":"dvojni-souffle-aparat-za-palacinke","status":"publish","type":"product","link":"https:\/\/distribucionarc.com\/sl\/producto\/maquina-de-panqueques-souffle-doble\/","title":{"rendered":"Aparat za dvojne pala\u010dinke souffle"},"content":{"rendered":"<h2>Aparat za dvojne pala\u010dinke souffle<\/h2>\n<p>Visoka kakovost materialov, iz katerih je izdelana <strong>stroj <span style=\"color: #ff0000;\">TO<\/span><span style=\"color: #0000ff;\">R<\/span>c<\/strong>, mu bo zagotovil dolgo \u017eivljenjsko dobo, poleg tega pa bo pripravljen za obse\u017eno komercialno uporabo. Izdelan iz materialov iz nerjave\u010dega jekla, zrcalo za hrano, odporen proti udarcem, proti rjavenju in vodotesen, kar zagotavlja<strong>\u00a0sufle<\/strong> premija. Zaradi udobja in enostavnosti je ta stroj primeren za komercialno uporabo.<\/p>\n<p>to <strong>aparat za pala\u010dinke<\/strong> <strong><span style=\"color: #ff0000;\">TO<\/span><span style=\"color: #0000ff;\">R<\/span>CMPS1<\/strong> Ima vgrajeno odebeljeno grelno cev in povr\u0161ino za stalno toplotno obdelavo, ta elektri\u010dni peka\u010d dorayaki z neoprijemljivo povr\u0161ino je odporen na temperature do 250 \u2103. Velika mo\u010d 1300 W<\/p>\n<p>to <strong>aparat za pala\u010dinke souffl\u00e9<\/strong> Vsebuje elektronsko nadzorno plo\u0161\u010do, ki lahko natan\u010dno nadzoruje temperaturo in \u010das, enostavna za uporabo. Neodvisen nadzor na obeh straneh, ki omogo\u010da kuhanje dveh razli\u010dnih sestavin hkrati. Indikatorske lu\u010dke bodo ugasnile takoj, ko bo dose\u017eena zahtevana temperatura<\/p>\n<p><strong>Stroj <span style=\"color: #ff0000;\">TO<\/span><span style=\"color: #0000ff;\">R<\/span>CMPS1<\/strong> <span style=\"color: #008000;\">Uporablja posodo iz \u010distega bakra, ki je proti sprijemanju in ima dobro prevodnost, da pospe\u0161i segrevanje in zmanj\u0161a porabo energije<\/span>.<\/p>\n<p>Opremljen s pokrovom iz nerjave\u010dega jekla v obliki loka in odebeljenim napajalnim kablom, varnej\u0161i za uporabo. S \u0161tirimi dvignjenimi nedrse\u010dimi blazinicami je u\u010dinkovitost odvajanja toplote vi\u0161ja.<\/p>\n<h6><\/h6>\n<h6><strong>Garancija\u00a0<span style=\"color: #ff0000;\">TO<\/span><span style=\"color: #0000ff;\">R<\/span>C 2 LETI<\/strong><\/h6>\n<h6><span style=\"color: #008000;\">Aparat za pala\u010dinke souffl\u00e9 nizka poraba 2800w<\/span><\/h6>\n<h6><strong>vklju\u010dena tehni\u010dna podpora<\/strong><\/h6>\n<p>&nbsp;<\/p>\n<p>&nbsp;<\/p>\n<table role=\"presentation\" width=\"100%\" cellspacing=\"0\" cellpadding=\"0\">\n<tbody>\n<tr>\n<td class=\"attrLabels\">Temperatura:<\/td>\n<td width=\"50.0%\">30-250\u00baC<\/td>\n<\/tr>\n<tr>\n<td class=\"attrLabels\">Dr\u017eava distribucije:<\/td>\n<td width=\"50.0%\">\u0160panija, Nem\u010dija, ZDA<\/td>\n<td class=\"attrLabels\">Te\u017ea:<\/td>\n<td width=\"50.0%\"><span style=\"font-size: 16px; font-style: normal; font-weight: 400;\">30 <\/span>kg<\/td>\n<\/tr>\n<tr>\n<td class=\"attrLabels\">Znamka:<\/td>\n<td width=\"50.0%\">ARC<\/td>\n<td class=\"attrLabels\">Vi\u0161ina:<\/td>\n<td width=\"50.0%\">62 cm<\/td>\n<\/tr>\n<tr>\n<td class=\"attrLabels\">barva:<\/td>\n<td width=\"50.0%\">Srebrna<\/td>\n<td class=\"attrLabels\">dolgo:<\/td>\n<td width=\"50.0%\">48 cm<\/td>\n<\/tr>\n<tr>\n<td class=\"attrLabels\">Vrsta izdelka:<\/td>\n<td width=\"50.0%\">Aparat za souffl\u00e9 pala\u010dinke<\/td>\n<td class=\"attrLabels\">\u0160iroko:<\/td>\n<td width=\"50.0%\">29 cm<\/td>\n<\/tr>\n<tr>\n<td class=\"attrLabels\">\u0160tevilka proizvajalca:<\/td>\n<td width=\"50.0%\">ARCMPS1<\/td>\n<td class=\"attrLabels\">mo\u010d:<\/td>\n<td width=\"50.0%\">2800 W<\/td>\n<\/tr>\n<tr>\n<td class=\"attrLabels\">Material:<\/td>\n<td width=\"50.0%\">nerjave\u010de jeklo, odebeljena \u017eica, regulacija temperature, bakrena posoda<\/td>\n<td class=\"attrLabels\">vhodna napetost<\/td>\n<td width=\"50.0%\">220V \u2013 60Hz<\/td>\n<\/tr>\n<tr>\n<td class=\"attrLabels\">Vklju\u010duje:<\/td>\n<td width=\"50.0%\">\u00a02 pokrova iz nerjave\u010dega jekla<\/p>\n<p>2 lopatici<\/td>\n<td class=\"attrLabels\">Garancija<\/td>\n<td width=\"50.0%\">2 leti<\/td>\n<\/tr>\n<tr>\n<td class=\"attrLabels\">Orodja za namestitev:<\/td>\n<td width=\"50.0%\">ja<\/td>\n<td class=\"attrLabels\"><\/td>\n<td width=\"50.0%\"><\/td>\n<\/tr>\n<\/tbody>\n<\/table>\n<p>&nbsp;<\/p>\n<p>&nbsp;<\/p>","protected":false},"excerpt":{"rendered":"<h2>Profesionalni peka\u010d za sufle in dvojne pala\u010dinke<\/h2>\n<p>The <strong>Dvojni sufle in peka\u010d za pala\u010dinke<\/strong> Je idealna naprava za pripravo katere koli vrste <strong>sufle<\/strong> hitro in enostavno. S svojo vsestransko in funkcionalno zasnovo vam omogo\u010da kuhanje <strong>sladki sufleji<\/strong> in <strong>slani sufleji<\/strong> s puhasto in lahko teksturo, ki je zna\u010dilna za to jed.<\/p>\n<p>Ta oprema je zasnovana za ustvarjanje najrazli\u010dnej\u0161ih <strong>sladki sufleji<\/strong> kot on <strong>\u010dokoladni sufle<\/strong> Za ljubitelje kakava, <strong>vaniljev sufle<\/strong> z mehkim in klasi\u010dnim pridihom ali osve\u017eujo\u010d <strong>limonin sufle<\/strong> za lahko sladico. Razi\u0161\u010dete lahko tudi bolj inovativne mo\u017enosti, kot je npr <strong>sadni souffle<\/strong> s kombinacijami kot <strong>jagode, breskve ali jabolka<\/strong>.<\/p>\n<p>Glede mo\u017enosti za <strong>slani sufleji<\/strong>, je kot nala\u0161\u010d za pripravo klasike <strong>sirov souffle<\/strong> z me\u0161anico sirov Gruy\u00e8re ali cheddar, okusno <strong>sufle iz \u0161unke in \u0161pina\u010de<\/strong> za popoln obrok ali celo prefinjeno <strong>ribji souffle<\/strong> za tiste, ki i\u0161\u010dejo lahko in hranljivo glavno jed. \u010ce imate radi zelenjavo, <strong>\u0161pina\u010dni sufle<\/strong> ali <strong>sufle iz brokolija in sira<\/strong> So tudi odli\u010dne alternative.<\/p>\n<p>Hvala za va\u0161e <strong>dvojni prekat<\/strong>, lahko pripravljate dve jedi hkrati, pa naj gre za <strong>sladki sufle<\/strong> za sladico oz <strong>slan sufle<\/strong> kot predjed ali glavna jed, ki se prilagodi vsem kulinari\u010dnim \u017eeljam va\u0161e dru\u017eine ali gostov.<\/p>","protected":false},"featured_media":879,"comment_status":"open","ping_status":"closed","template":"","meta":{"wds_primary_product_brand":0,"wds_primary_product_cat":0},"product_brand":[],"product_cat":[51],"product_tag":[],"class_list":{"0":"post-872","1":"product","2":"type-product","3":"status-publish","4":"has-post-thumbnail","6":"product_cat-gofreras-profesionales","7":"product_shipping_class-hosteleria","9":"first","10":"instock","11":"taxable","12":"shipping-taxable","13":"purchasable","14":"product-type-simple"},"yoast_head":"<!-- This site is optimized with the Yoast SEO Premium plugin v24.9 (Yoast SEO v26.1) - https:\/\/yoast.com\/wordpress\/plugins\/seo\/ -->\n<title>M\u00e1quina de panqueques souffl\u00e9 doble - distribuci\u00f3n ARC<\/title>\n<meta name=\"robots\" content=\"index, follow, max-snippet:-1, max-image-preview:large, max-video-preview:-1\" \/>\n<link rel=\"canonical\" href=\"https:\/\/www.distribucionarc.com\/it\/producto\/maquina-de-panqueques-souffle-doble\/\" \/>\n<meta property=\"og:locale\" content=\"sl_SI\" \/>\n<meta property=\"og:type\" content=\"article\" \/>\n<meta property=\"og:title\" content=\"M\u00e1quina de panqueques souffl\u00e9 doble\" \/>\n<meta property=\"og:description\" content=\"M\u00e1quina de hacer Souffl\u00e9 Profesional y Panqueques Doble La M\u00e1quina de hacer souffl\u00e9 y panqueques doble es el aparato ideal para preparar cualquier tipo de souffl\u00e9 de manera r\u00e1pida y sencilla. Con su dise\u00f1o vers\u00e1til y funcional, permite cocinar souffl\u00e9s dulces y souffl\u00e9s salados con la textura esponjosa y ligera que caracteriza a este plato.  Este equipo est\u00e1 dise\u00f1ado para crear una amplia variedad de souffl\u00e9s dulces como el souffl\u00e9 de chocolate para los amantes del cacao, el souffl\u00e9 de vainilla con un toque suave y cl\u00e1sico, o el refrescante souffl\u00e9 de lim\u00f3n para un postre ligero. Tambi\u00e9n puedes explorar opciones m\u00e1s innovadoras como el souffl\u00e9 de frutas con combinaciones como fresas, duraznos o manzanas.  En cuanto a las opciones de souffl\u00e9s salados, es perfecta para preparar el cl\u00e1sico souffl\u00e9 de queso con una mezcla de quesos gruy\u00e8re o cheddar, el delicioso souffl\u00e9 de jam\u00f3n y espinacas para una comida completa, o incluso el refinado souffl\u00e9 de pescado para quienes buscan un plato principal ligero y nutritivo. Si te gustan los vegetales, el souffl\u00e9 de espinacas o el souffl\u00e9 de br\u00f3coli y queso tambi\u00e9n son excelentes alternativas.  Gracias a su doble compartimiento, puedes preparar dos platos al mismo tiempo, ya sea un souffl\u00e9 dulce para el postre o un souffl\u00e9 salado como entrada o plato principal, adapt\u00e1ndose a todas las preferencias culinarias de tu familia o invitados.\" \/>\n<meta property=\"og:url\" content=\"https:\/\/www.distribucionarc.com\/it\/producto\/maquina-de-panqueques-souffle-doble\/\" \/>\n<meta property=\"og:site_name\" content=\"distribuci\u00f3n ARC\" \/>\n<meta property=\"article:modified_time\" content=\"2024-09-05T13:42:32+00:00\" \/>\n<meta property=\"og:image\" content=\"https:\/\/distribucionarc.com\/wp-content\/uploads\/2020\/07\/M\u00e1quina-de-panqueques-Souffl\u00e9-doble-0.jpg\" \/>\n\t<meta property=\"og:image:width\" content=\"1600\" \/>\n\t<meta property=\"og:image:height\" content=\"1600\" \/>\n\t<meta property=\"og:image:type\" content=\"image\/jpeg\" \/>\n<meta name=\"twitter:card\" content=\"summary_large_image\" \/>\n<meta name=\"twitter:label1\" content=\"Est. reading time\" \/>\n\t<meta name=\"twitter:data1\" content=\"2 minuti\" \/>\n<script type=\"application\/ld+json\" class=\"yoast-schema-graph\">{\"@context\":\"https:\/\/schema.org\",\"@graph\":[{\"@type\":\"WebPage\",\"@id\":\"https:\/\/www.distribucionarc.com\/it\/producto\/maquina-de-panqueques-souffle-doble\/\",\"url\":\"https:\/\/www.distribucionarc.com\/it\/producto\/maquina-de-panqueques-souffle-doble\/\",\"name\":\"M\u00e1quina de panqueques souffl\u00e9 doble - distribuci\u00f3n ARC\",\"isPartOf\":{\"@id\":\"https:\/\/distribucionarc.com\/bg\/#website\"},\"primaryImageOfPage\":{\"@id\":\"https:\/\/www.distribucionarc.com\/it\/producto\/maquina-de-panqueques-souffle-doble\/#primaryimage\"},\"image\":{\"@id\":\"https:\/\/www.distribucionarc.com\/it\/producto\/maquina-de-panqueques-souffle-doble\/#primaryimage\"},\"thumbnailUrl\":\"https:\/\/distribucionarc.com\/wp-content\/uploads\/2020\/07\/M\u00e1quina-de-panqueques-Souffl\u00e9-doble-0.jpg\",\"datePublished\":\"2020-07-14T12:32:47+00:00\",\"dateModified\":\"2024-09-05T13:42:32+00:00\",\"breadcrumb\":{\"@id\":\"https:\/\/www.distribucionarc.com\/it\/producto\/maquina-de-panqueques-souffle-doble\/#breadcrumb\"},\"inLanguage\":\"sl-SI\",\"potentialAction\":[{\"@type\":\"ReadAction\",\"target\":[\"https:\/\/www.distribucionarc.com\/it\/producto\/maquina-de-panqueques-souffle-doble\/\"]}]},{\"@type\":\"ImageObject\",\"inLanguage\":\"sl-SI\",\"@id\":\"https:\/\/www.distribucionarc.com\/it\/producto\/maquina-de-panqueques-souffle-doble\/#primaryimage\",\"url\":\"https:\/\/distribucionarc.com\/wp-content\/uploads\/2020\/07\/M\u00e1quina-de-panqueques-Souffl\u00e9-doble-0.jpg\",\"contentUrl\":\"https:\/\/distribucionarc.com\/wp-content\/uploads\/2020\/07\/M\u00e1quina-de-panqueques-Souffl\u00e9-doble-0.jpg\",\"width\":1600,\"height\":1600,\"caption\":\"M\u00e1quina de panqueques souffl\u00e9 doble\"},{\"@type\":\"BreadcrumbList\",\"@id\":\"https:\/\/www.distribucionarc.com\/it\/producto\/maquina-de-panqueques-souffle-doble\/#breadcrumb\",\"itemListElement\":[{\"@type\":\"ListItem\",\"position\":1,\"name\":\"Portada\",\"item\":\"https:\/\/distribucionarc.com\/nb\/\"},{\"@type\":\"ListItem\",\"position\":2,\"name\":\"Products\",\"item\":\"https:\/\/www.distribucionarc.com\/en\/shop\/\"},{\"@type\":\"ListItem\",\"position\":3,\"name\":\"M\u00e1quina de panqueques souffl\u00e9 doble\"}]},{\"@type\":\"WebSite\",\"@id\":\"https:\/\/distribucionarc.com\/bg\/#website\",\"url\":\"https:\/\/distribucionarc.com\/bg\/\",\"name\":\"distribuci\u00f3n ARC\",\"description\":\"Empresa especializada en la fabricaci\u00f3n y distribuci\u00f3n de maquinaria industrial, selladoras de latas, Maquinas de hacer pastillas, Maquinas de cortar carne...\",\"publisher\":{\"@id\":\"https:\/\/distribucionarc.com\/bg\/#organization\"},\"potentialAction\":[{\"@type\":\"SearchAction\",\"target\":{\"@type\":\"EntryPoint\",\"urlTemplate\":\"https:\/\/distribucionarc.com\/bg\/?s={search_term_string}\"},\"query-input\":{\"@type\":\"PropertyValueSpecification\",\"valueRequired\":true,\"valueName\":\"search_term_string\"}}],\"inLanguage\":\"sl-SI\"},{\"@type\":\"Organization\",\"@id\":\"https:\/\/distribucionarc.com\/bg\/#organization\",\"name\":\"Distribuci\u00f3n ARC\",\"url\":\"https:\/\/distribucionarc.com\/bg\/\",\"logo\":{\"@type\":\"ImageObject\",\"inLanguage\":\"sl-SI\",\"@id\":\"https:\/\/distribucionarc.com\/bg\/#\/schema\/logo\/image\/\",\"url\":\"https:\/\/distribucionarc.com\/wp-content\/uploads\/2024\/10\/distribucion-ARC-COLOR-SIN-FONDO-e1732295305345.png\",\"contentUrl\":\"https:\/\/distribucionarc.com\/wp-content\/uploads\/2024\/10\/distribucion-ARC-COLOR-SIN-FONDO-e1732295305345.png\",\"width\":1164,\"height\":558,\"caption\":\"Distribuci\u00f3n ARC\"},\"image\":{\"@id\":\"https:\/\/distribucionarc.com\/bg\/#\/schema\/logo\/image\/\"},\"description\":\"Empresa especializada en la fabricaci\u00f3n y distribuci\u00f3n de maquinaria industrial para los sectores alimentario y farmac\u00e9utico. Nos especializamos en: M\u00e1quinas de cortar carne Fabricaci\u00f3n de comprimidos Sistemas de transporte industrial L\u00edneas de embotellado Dosificadores Y mucho m\u00e1s... Ofrecemos soluciones innovadoras y personalizadas para optimizar los procesos productivos de tu empresa.\",\"email\":\"Admistracion@distribucionarc.com\",\"telephone\":\"+34 643496664\",\"legalName\":\"ARC TECH SOLUTIONS\",\"foundingDate\":\"2024-04-09\",\"vatID\":\"B55480172\",\"numberOfEmployees\":{\"@type\":\"QuantitativeValue\",\"minValue\":\"1\",\"maxValue\":\"10\"}}]}<\/script>\n<!-- \/ Yoast SEO Premium plugin. -->","yoast_head_json":{"title":"Aparat za dvojne pala\u010dinke souffl\u00e9 - distribucija ARC","robots":{"index":"index","follow":"follow","max-snippet":"max-snippet:-1","max-image-preview":"max-image-preview:large","max-video-preview":"max-video-preview:-1"},"canonical":"https:\/\/www.distribucionarc.com\/it\/producto\/maquina-de-panqueques-souffle-doble\/","og_locale":"sl_SI","og_type":"article","og_title":"M\u00e1quina de panqueques souffl\u00e9 doble","og_description":"M\u00e1quina de hacer Souffl\u00e9 Profesional y Panqueques Doble La M\u00e1quina de hacer souffl\u00e9 y panqueques doble es el aparato ideal para preparar cualquier tipo de souffl\u00e9 de manera r\u00e1pida y sencilla. Con su dise\u00f1o vers\u00e1til y funcional, permite cocinar souffl\u00e9s dulces y souffl\u00e9s salados con la textura esponjosa y ligera que caracteriza a este plato.  Este equipo est\u00e1 dise\u00f1ado para crear una amplia variedad de souffl\u00e9s dulces como el souffl\u00e9 de chocolate para los amantes del cacao, el souffl\u00e9 de vainilla con un toque suave y cl\u00e1sico, o el refrescante souffl\u00e9 de lim\u00f3n para un postre ligero. Tambi\u00e9n puedes explorar opciones m\u00e1s innovadoras como el souffl\u00e9 de frutas con combinaciones como fresas, duraznos o manzanas.  En cuanto a las opciones de souffl\u00e9s salados, es perfecta para preparar el cl\u00e1sico souffl\u00e9 de queso con una mezcla de quesos gruy\u00e8re o cheddar, el delicioso souffl\u00e9 de jam\u00f3n y espinacas para una comida completa, o incluso el refinado souffl\u00e9 de pescado para quienes buscan un plato principal ligero y nutritivo. Si te gustan los vegetales, el souffl\u00e9 de espinacas o el souffl\u00e9 de br\u00f3coli y queso tambi\u00e9n son excelentes alternativas.  Gracias a su doble compartimiento, puedes preparar dos platos al mismo tiempo, ya sea un souffl\u00e9 dulce para el postre o un souffl\u00e9 salado como entrada o plato principal, adapt\u00e1ndose a todas las preferencias culinarias de tu familia o invitados.","og_url":"https:\/\/www.distribucionarc.com\/it\/producto\/maquina-de-panqueques-souffle-doble\/","og_site_name":"distribuci\u00f3n ARC","article_modified_time":"2024-09-05T13:42:32+00:00","og_image":[{"width":1600,"height":1600,"url":"https:\/\/distribucionarc.com\/wp-content\/uploads\/2020\/07\/M\u00e1quina-de-panqueques-Souffl\u00e9-doble-0.jpg","type":"image\/jpeg"}],"twitter_card":"summary_large_image","twitter_misc":{"Est. reading time":"2 minuti"},"schema":{"@context":"https:\/\/schema.org","@graph":[{"@type":"WebPage","@id":"https:\/\/www.distribucionarc.com\/it\/producto\/maquina-de-panqueques-souffle-doble\/","url":"https:\/\/www.distribucionarc.com\/it\/producto\/maquina-de-panqueques-souffle-doble\/","name":"Aparat za dvojne pala\u010dinke souffl\u00e9 - distribucija ARC","isPartOf":{"@id":"https:\/\/distribucionarc.com\/bg\/#website"},"primaryImageOfPage":{"@id":"https:\/\/www.distribucionarc.com\/it\/producto\/maquina-de-panqueques-souffle-doble\/#primaryimage"},"image":{"@id":"https:\/\/www.distribucionarc.com\/it\/producto\/maquina-de-panqueques-souffle-doble\/#primaryimage"},"thumbnailUrl":"https:\/\/distribucionarc.com\/wp-content\/uploads\/2020\/07\/M\u00e1quina-de-panqueques-Souffl\u00e9-doble-0.jpg","datePublished":"2020-07-14T12:32:47+00:00","dateModified":"2024-09-05T13:42:32+00:00","breadcrumb":{"@id":"https:\/\/www.distribucionarc.com\/it\/producto\/maquina-de-panqueques-souffle-doble\/#breadcrumb"},"inLanguage":"sl-SI","potentialAction":[{"@type":"ReadAction","target":["https:\/\/www.distribucionarc.com\/it\/producto\/maquina-de-panqueques-souffle-doble\/"]}]},{"@type":"ImageObject","inLanguage":"sl-SI","@id":"https:\/\/www.distribucionarc.com\/it\/producto\/maquina-de-panqueques-souffle-doble\/#primaryimage","url":"https:\/\/distribucionarc.com\/wp-content\/uploads\/2020\/07\/M\u00e1quina-de-panqueques-Souffl\u00e9-doble-0.jpg","contentUrl":"https:\/\/distribucionarc.com\/wp-content\/uploads\/2020\/07\/M\u00e1quina-de-panqueques-Souffl\u00e9-doble-0.jpg","width":1600,"height":1600,"caption":"M\u00e1quina de panqueques souffl\u00e9 doble"},{"@type":"BreadcrumbList","@id":"https:\/\/www.distribucionarc.com\/it\/producto\/maquina-de-panqueques-souffle-doble\/#breadcrumb","itemListElement":[{"@type":"ListItem","position":1,"name":"Portada","item":"https:\/\/distribucionarc.com\/nb\/"},{"@type":"ListItem","position":2,"name":"Products","item":"https:\/\/www.distribucionarc.com\/en\/shop\/"},{"@type":"ListItem","position":3,"name":"M\u00e1quina de panqueques souffl\u00e9 doble"}]},{"@type":"WebSite","@id":"https:\/\/distribucionarc.com\/bg\/#website","url":"https:\/\/distribucionarc.com\/bg\/","name":"ARC porazdelitev","description":"Podjetje je specializirano za proizvodnjo in distribucijo industrijskih strojev, strojev za zapiranje plo\u010devink, strojev za izdelavo tablet, strojev za rezanje mesa...","publisher":{"@id":"https:\/\/distribucionarc.com\/bg\/#organization"},"potentialAction":[{"@type":"SearchAction","target":{"@type":"EntryPoint","urlTemplate":"https:\/\/distribucionarc.com\/bg\/?s={search_term_string}"},"query-input":{"@type":"PropertyValueSpecification","valueRequired":true,"valueName":"search_term_string"}}],"inLanguage":"sl-SI"},{"@type":"Organization","@id":"https:\/\/distribucionarc.com\/bg\/#organization","name":"Distribucija ARC","url":"https:\/\/distribucionarc.com\/bg\/","logo":{"@type":"ImageObject","inLanguage":"sl-SI","@id":"https:\/\/distribucionarc.com\/bg\/#\/schema\/logo\/image\/","url":"https:\/\/distribucionarc.com\/wp-content\/uploads\/2024\/10\/distribucion-ARC-COLOR-SIN-FONDO-e1732295305345.png","contentUrl":"https:\/\/distribucionarc.com\/wp-content\/uploads\/2024\/10\/distribucion-ARC-COLOR-SIN-FONDO-e1732295305345.png","width":1164,"height":558,"caption":"Distribuci\u00f3n ARC"},"image":{"@id":"https:\/\/distribucionarc.com\/bg\/#\/schema\/logo\/image\/"},"description":"Podjetje, specializirano za proizvodnjo in distribucijo industrijskih strojev za \u017eivilski in farmacevtski sektor. Specializirani smo za: Stroji za rezanje mesa Proizvodnja tablet Industrijski transportni sistemi Stekleni\u010darske linije Dozirni stroji In \u0161e veliko ve\u010d... Ponujamo inovativne in prilagojene re\u0161itve za optimizacijo proizvodnih procesov va\u0161ega podjetja.","email":"Admistracion@distribucionarc.com","telephone":"+34 643496664","legalName":"ARC TECH SOLUTIONS","foundingDate":"2024-04-09","vatID":"B55480172","numberOfEmployees":{"@type":"QuantitativeValue","minValue":"1","maxValue":"10"}}]}},"_links":{"self":[{"href":"https:\/\/distribucionarc.com\/sl\/wp-json\/wp\/v2\/product\/872","targetHints":{"allow":["GET"]}}],"collection":[{"href":"https:\/\/distribucionarc.com\/sl\/wp-json\/wp\/v2\/product"}],"about":[{"href":"https:\/\/distribucionarc.com\/sl\/wp-json\/wp\/v2\/types\/product"}],"replies":[{"embeddable":true,"href":"https:\/\/distribucionarc.com\/sl\/wp-json\/wp\/v2\/comments?post=872"}],"version-history":[{"count":0,"href":"https:\/\/distribucionarc.com\/sl\/wp-json\/wp\/v2\/product\/872\/revisions"}],"wp:featuredmedia":[{"embeddable":true,"href":"https:\/\/distribucionarc.com\/sl\/wp-json\/wp\/v2\/media\/879"}],"wp:attachment":[{"href":"https:\/\/distribucionarc.com\/sl\/wp-json\/wp\/v2\/media?parent=872"}],"wp:term":[{"taxonomy":"product_brand","embeddable":true,"href":"https:\/\/distribucionarc.com\/sl\/wp-json\/wp\/v2\/product_brand?post=872"},{"taxonomy":"product_cat","embeddable":true,"href":"https:\/\/distribucionarc.com\/sl\/wp-json\/wp\/v2\/product_cat?post=872"},{"taxonomy":"product_tag","embeddable":true,"href":"https:\/\/distribucionarc.com\/sl\/wp-json\/wp\/v2\/product_tag?post=872"}],"curies":[{"name":"delovni list","href":"https:\/\/api.w.org\/{rel}","templated":true}]}}