{"id":936,"date":"2020-07-15T10:07:35","date_gmt":"2020-07-15T10:07:35","guid":{"rendered":"https:\/\/distribucionarc.com\/?post_type=product&#038;p=936"},"modified":"2020-09-26T15:48:18","modified_gmt":"2020-09-26T15:48:18","slug":"oala-macerare-ghiveci","status":"publish","type":"product","link":"https:\/\/distribucionarc.com\/sl\/producto\/marmita-olla-de-maceracion\/","title":{"rendered":"Kotli\u010dek za namakanje"},"content":{"rendered":"<h2>Kotli\u010dek za namakanje<\/h2>\n<p>Presenetite in razveselite svoje stranke s svojim <strong>craft pivo<\/strong>, z <strong>kotli\u010dek za namakanje <span style=\"color: #ff0000;\">TO<\/span><span style=\"color: #0000ff;\">R<\/span>CMO98<\/strong>\u00a0od <strong>98 litrov<\/strong> obsega bo lahko pove\u010dal svojo raven proizvodnje. Ima natisnjeno lestvico polnjenja v litrih in galonah.<\/p>\n<p>Vklju\u010duje fermentacijsko cev za izravnavo tlaka brez odpiranja nepredu\u0161nega tesnila. \u017eelja <strong><span style=\"color: #ff0000;\">TO<\/span><span style=\"color: #0000ff;\">R<\/span>c<\/strong> \u017delimo sodelovati pri ponosu, da ste pivovar, da vam pomagamo pripraviti svoje pivo po okusu, na najbolj higieni\u010den in skrben na\u010din.\u00a0 <strong>rezervoar za maceracijo<\/strong> Izdelan je iz nerjave\u010dega jekla 304 in prepre\u010duje, da bi pivo pridobilo kovinski okus.<\/p>\n<p>Velik rezervoar iz nerjave\u010dega jekla do <strong>98 litrov<\/strong> zmogljivost omogo\u010da dobro zorenje. Fiksni zapahi zapirajo pokrov \u010daja<strong>rezervoar za maceracijo<\/strong> da ne po\u0161kodujete procesa fermentacije. Vsebuje manometer, proizvodni materiali pa so v skladu s predpisi CE.<\/p>\n<p>S tem <strong>kotli\u010dek za maceracijo<\/strong> Lahko fermentira ali hrani pivo, vino, razne \u017egane pija\u010de itd. bodisi blond ali \u010drna, suha ali polsladka, vino ali pivo, z <strong>rezervoar za maceracijo <span style=\"color: #ff0000;\">TO<\/span><span style=\"color: #0000ff;\">R<\/span>c<\/strong> Samo svoji domi\u0161ljiji morate pustiti prosto pot, da iz sadnega soka pripravite svoje pivo ali najbolj\u0161o \u017egano pija\u010do.<\/p>\n<p>Ne glede na to, ali ste vinar za\u010detnik ali napreden pivovar, v <strong>kotli\u010dek za fermentacijo<\/strong> <strong><span style=\"color: #ff0000;\">TO<\/span><span style=\"color: #0000ff;\">R<\/span>CMO98<\/strong>\u00a0Dobili boste ustrezen par brez spreminjanja okusov in na najpreprostej\u0161i na\u010din dosegli najbolj\u0161e vakuumsko pivo ali vino iz je\u010dmena ali sadnega soka<\/p>\n<p>&nbsp;<\/p>\n<h6><strong>Garancija\u00a0<span style=\"color: #ff0000;\">TO<\/span><span style=\"color: #0000ff;\">R<\/span>C 2 LETI<\/strong><\/h6>\n<h6><strong>vklju\u010dena tehni\u010dna podpora<\/strong><\/h6>\n<p>&nbsp;<\/p>\n<table role=\"presentation\" width=\"100%\" cellspacing=\"0\" cellpadding=\"0\">\n<tbody>\n<tr>\n<td class=\"attrLabels\">Temperatura:<\/td>\n<td width=\"50.0%\">0-220\u00baC<\/td>\n<\/tr>\n<tr>\n<td class=\"attrLabels\">Dr\u017eava distribucije:<\/td>\n<td width=\"50.0%\">\u0160panija, Nem\u010dija, ZDA<\/td>\n<td class=\"attrLabels\">Te\u017ea:<\/td>\n<td width=\"50.0%\">12 kg<\/td>\n<\/tr>\n<tr>\n<td class=\"attrLabels\">Znamka:<\/td>\n<td width=\"50.0%\">ARC<\/td>\n<td class=\"attrLabels\">Vi\u0161ina:<\/td>\n<td width=\"50.0%\">50 cm<\/td>\n<\/tr>\n<tr>\n<td class=\"attrLabels\">barva:<\/td>\n<td width=\"50.0%\">Srebrna<\/td>\n<td class=\"attrLabels\">dolgo:<\/td>\n<td width=\"50.0%\">\u00a060 cm<\/td>\n<\/tr>\n<tr>\n<td class=\"attrLabels\">Vrsta izdelka:<\/td>\n<td width=\"50.0%\">Posoda za maceracijo kotli\u010dka<\/td>\n<td class=\"attrLabels\">\u0160iroko:<\/td>\n<td width=\"50.0%\">60 cm<\/td>\n<\/tr>\n<tr>\n<td class=\"attrLabels\">\u0160tevilka proizvajalca:<\/td>\n<td width=\"50.0%\">ARCMO98<\/td>\n<td class=\"attrLabels\">Vrsta jekla:<\/td>\n<td width=\"50.0%\">304<\/td>\n<\/tr>\n<tr>\n<td class=\"attrLabels\">Material:<\/td>\n<td width=\"50.0%\">nerjave\u010de jeklo, posebna osnova, regulacija tlaka,<\/td>\n<td class=\"attrLabels\">Tip kapice:<\/td>\n<td width=\"50.0%\">Izbo\u010dene, zapiralne kljuke<\/td>\n<\/tr>\n<tr>\n<td class=\"attrLabels\">Premer kotli\u010dka:<\/td>\n<td width=\"50.0%\">45 cm<\/td>\n<td class=\"attrLabels\">Garancija:<\/td>\n<td width=\"50.0%\">2 LETI<\/td>\n<\/tr>\n<tr>\n<td class=\"attrLabels\">Orodja za namestitev:<\/td>\n<td width=\"50.0%\">ja<\/td>\n<td class=\"attrLabels\">Litri:<\/td>\n<td width=\"50.0%\">98L<\/td>\n<\/tr>\n<\/tbody>\n<\/table>\n<p>&nbsp;<\/p>\n<p>&nbsp;<\/p>\n<h2><\/h2>","protected":false},"excerpt":{"rendered":"<h2>Kotli\u010dek za namakanje<\/h2>\n<p style=\"margin: 0cm; margin-bottom: .0001pt; line-height: 18.75pt;\"><span style=\"font-family: 'Arial',sans-serif; color: black;\">Ni\u010d ni tako kot u\u017eivanje v dobrini <strong>pivo<\/strong>, \u010deprav ga je vedno mogo\u010de izbolj\u0161ati. Od<strong><span style=\"color: #ff0000;\"> TO<\/span><span style=\"color: #0000ff;\">R<\/span>C,<\/strong> \u017delimo prispevati k tem sanjam tako, da vam olaj\u0161amo <strong>kotel <span style=\"color: #ff0000;\">TO<\/span><span style=\"color: #0000ff;\">R<\/span>CMO98<\/strong>\u00a0the <strong>craft pivo<\/strong> pridobi tisto primitivno in obrtni\u0161ko bistvo.<\/span><\/p>\n<p style=\"margin: 0cm; margin-bottom: .0001pt; line-height: 18.75pt;\"><span style=\"font-family: 'Arial',sans-serif; color: black;\">z <strong>kotli\u010dek za maceracijo <span style=\"color: #ff0000;\">TO<\/span><span style=\"color: #0000ff;\">R<\/span>c<\/strong>, lahko zaupate svojim sposobnostim <strong>fermentirati slad<\/strong>. Tukaj imate celoten postopek nadzora <strong>maceracija<\/strong>. V <strong>velik kotel<\/strong> iz nerjave\u010dega jekla lahko zavre do 70 litrov teko\u010dine ali 60 litrov teko\u010dine s sladom. Zasnova lonca za \u017eganje zagotavlja optimalno porazdelitev toplote v kotli\u010dku, prilagaja se tudi indukcijskim kuhalnikom. Za la\u017eji prenos fermentiranega slada <strong><span style=\"font-family: 'Arial',sans-serif;\">kotel za maceracijo<\/span><\/strong>\u00a0<strong><span style=\"font-family: 'Arial',sans-serif;\"><span style=\"color: #ff0000;\">TO<\/span><span style=\"color: #0000ff;\">R<\/span>CMO70<\/span><\/strong> Ima 1 cm odto\u010dno pipo za priklju\u010ditev na sistem cevi. <\/span><span style=\"font-family: 'Arial',sans-serif; color: black;\">Svet okusov je zelo obse\u017een <strong><span style=\"color: #ff0000;\">TO<\/span><span style=\"color: #0000ff;\">R<\/span>c<\/strong> vam pomaga krmariti na tem potovanju z a <strong>lonec<\/strong> v katerem je <strong>pivovarji<\/strong> brez te\u017eav dose\u017eejo ustrezno primitivno mora.<\/span><\/p>\n<p>&nbsp;<\/p>\n<h6><strong>Garancija\u00a0<span style=\"color: #ff0000;\">TO<\/span><span style=\"color: #0000ff;\">R<\/span>C 2 LETI<\/strong><\/h6>\n<h6><strong>vklju\u010dena tehni\u010dna podpora<\/strong><\/h6>","protected":false},"featured_media":942,"comment_status":"open","ping_status":"closed","template":"","meta":{"wds_primary_product_brand":0,"wds_primary_product_cat":0},"product_brand":[],"product_cat":[54],"product_tag":[],"class_list":{"0":"post-936","1":"product","2":"type-product","3":"status-publish","4":"has-post-thumbnail","6":"product_cat-maceracion-fermentacion","7":"product_shipping_class-hosteleria","9":"first","10":"instock","11":"sale","12":"taxable","13":"shipping-taxable","14":"purchasable","15":"product-type-simple"},"yoast_head":"<!-- This site is optimized with the Yoast SEO Premium plugin v24.9 (Yoast SEO v26.1) - https:\/\/yoast.com\/wordpress\/plugins\/seo\/ -->\n<title>Marmita olla de maceraci\u00f3n - distribuci\u00f3n ARC<\/title>\n<meta name=\"robots\" content=\"index, follow, max-snippet:-1, max-image-preview:large, max-video-preview:-1\" \/>\n<link rel=\"canonical\" href=\"https:\/\/distribucionarc.com\/sl\/izdelek\/oala-macerare-ghiveci\/\" \/>\n<meta property=\"og:locale\" content=\"sl_SI\" \/>\n<meta property=\"og:type\" content=\"article\" \/>\n<meta property=\"og:title\" content=\"Marmita olla de maceraci\u00f3n\" \/>\n<meta property=\"og:description\" content=\"Marmita olla de maceraci\u00f3n No hay nada como disfrutar de una buena cerveza, aunque siempre se puede mejorar. Desde ARC, queremos contribuir a ese sue\u00f1o facilitandote el caldero ARCMO98\u00a0la cerveza artesanal adquiere esa esencia primitiva y artesanal. Con la marmita de maceraci\u00f3n de ARC, puede confiar en sus habilidades para fermentar la malta. Aqu\u00ed tiene todo el proceso de control de maceraci\u00f3n. En la gran caldera de acero inoxidable se pueden hervir hasta 70 litros de l\u00edquido o 60 litros de l\u00edquido con malta. El dise\u00f1o de la olla de maceraci\u00f3n le garantiza una distribuci\u00f3n \u00f3ptima del calor en el caldero, tambi\u00e9n se adapta a las cocinas de inducci\u00f3n. Para trasvasar f\u00e1cilmente la malta fermentada, el caldero para macerar\u00a0ARCMO70 posee un grifo de desag\u00fce de 1 cm para conectar al sistema de mangueras. El mundo de los sabores es muy extenso ARC te ayuda a recorrer este viaje con una marmita en la que los maestros cerveceros logran sin problemas el mosto primitivo adecuado. &nbsp; Garant\u00eda\u00a0ARC 2 A\u00d1OS soporte t\u00e9cnico\u00a0incluido\" \/>\n<meta property=\"og:url\" content=\"https:\/\/distribucionarc.com\/sl\/izdelek\/oala-macerare-ghiveci\/\" \/>\n<meta property=\"og:site_name\" content=\"distribuci\u00f3n ARC\" \/>\n<meta property=\"article:modified_time\" content=\"2020-09-26T15:48:18+00:00\" \/>\n<meta property=\"og:image\" content=\"https:\/\/distribucionarc.com\/wp-content\/uploads\/2020\/07\/Marmita-olla-de-maceraci\u00f3n-8.jpg\" \/>\n\t<meta property=\"og:image:width\" content=\"1600\" \/>\n\t<meta property=\"og:image:height\" content=\"1600\" \/>\n\t<meta property=\"og:image:type\" content=\"image\/jpeg\" \/>\n<meta name=\"twitter:card\" content=\"summary_large_image\" \/>\n<meta name=\"twitter:label1\" content=\"Est. reading time\" \/>\n\t<meta name=\"twitter:data1\" content=\"2 minuti\" \/>\n<script type=\"application\/ld+json\" class=\"yoast-schema-graph\">{\"@context\":\"https:\/\/schema.org\",\"@graph\":[{\"@type\":\"WebPage\",\"@id\":\"https:\/\/distribucionarc.com\/nl\/producto\/marmita-olla-de-maceracion\/\",\"url\":\"https:\/\/distribucionarc.com\/nl\/producto\/marmita-olla-de-maceracion\/\",\"name\":\"Marmita olla de maceraci\u00f3n - distribuci\u00f3n ARC\",\"isPartOf\":{\"@id\":\"https:\/\/distribucionarc.com\/pl\/#website\"},\"primaryImageOfPage\":{\"@id\":\"https:\/\/distribucionarc.com\/nl\/producto\/marmita-olla-de-maceracion\/#primaryimage\"},\"image\":{\"@id\":\"https:\/\/distribucionarc.com\/nl\/producto\/marmita-olla-de-maceracion\/#primaryimage\"},\"thumbnailUrl\":\"https:\/\/distribucionarc.com\/wp-content\/uploads\/2020\/07\/Marmita-olla-de-maceraci\u00f3n-8.jpg\",\"datePublished\":\"2020-07-15T10:07:35+00:00\",\"dateModified\":\"2020-09-26T15:48:18+00:00\",\"breadcrumb\":{\"@id\":\"https:\/\/distribucionarc.com\/nl\/producto\/marmita-olla-de-maceracion\/#breadcrumb\"},\"inLanguage\":\"sl-SI\",\"potentialAction\":[{\"@type\":\"ReadAction\",\"target\":[\"https:\/\/distribucionarc.com\/nl\/producto\/marmita-olla-de-maceracion\/\"]}]},{\"@type\":\"ImageObject\",\"inLanguage\":\"sl-SI\",\"@id\":\"https:\/\/distribucionarc.com\/nl\/producto\/marmita-olla-de-maceracion\/#primaryimage\",\"url\":\"https:\/\/distribucionarc.com\/wp-content\/uploads\/2020\/07\/Marmita-olla-de-maceraci\u00f3n-8.jpg\",\"contentUrl\":\"https:\/\/distribucionarc.com\/wp-content\/uploads\/2020\/07\/Marmita-olla-de-maceraci\u00f3n-8.jpg\",\"width\":1600,\"height\":1600,\"caption\":\"Marmita olla de maceraci\u00f3n\"},{\"@type\":\"BreadcrumbList\",\"@id\":\"https:\/\/distribucionarc.com\/nl\/producto\/marmita-olla-de-maceracion\/#breadcrumb\",\"itemListElement\":[{\"@type\":\"ListItem\",\"position\":1,\"name\":\"Portada\",\"item\":\"https:\/\/www.distribucionarc.com\/tr\/\"},{\"@type\":\"ListItem\",\"position\":2,\"name\":\"Izdelki\",\"item\":\"https:\/\/www.distribucionarc.com\/sl\/trgovina\/\"},{\"@type\":\"ListItem\",\"position\":3,\"name\":\"Marmita olla de maceraci\u00f3n\"}]},{\"@type\":\"WebSite\",\"@id\":\"https:\/\/distribucionarc.com\/pl\/#website\",\"url\":\"https:\/\/distribucionarc.com\/pl\/\",\"name\":\"distribuci\u00f3n ARC\",\"description\":\"Empresa especializada en la fabricaci\u00f3n y distribuci\u00f3n de maquinaria industrial, selladoras de latas, Maquinas de hacer pastillas, Maquinas de cortar carne...\",\"publisher\":{\"@id\":\"https:\/\/distribucionarc.com\/pl\/#organization\"},\"potentialAction\":[{\"@type\":\"SearchAction\",\"target\":{\"@type\":\"EntryPoint\",\"urlTemplate\":\"https:\/\/distribucionarc.com\/pl\/?s={search_term_string}\"},\"query-input\":{\"@type\":\"PropertyValueSpecification\",\"valueRequired\":true,\"valueName\":\"search_term_string\"}}],\"inLanguage\":\"sl-SI\"},{\"@type\":\"Organization\",\"@id\":\"https:\/\/distribucionarc.com\/pl\/#organization\",\"name\":\"Distribuci\u00f3n ARC\",\"url\":\"https:\/\/distribucionarc.com\/pl\/\",\"logo\":{\"@type\":\"ImageObject\",\"inLanguage\":\"sl-SI\",\"@id\":\"https:\/\/distribucionarc.com\/pl\/#\/schema\/logo\/image\/\",\"url\":\"https:\/\/distribucionarc.com\/wp-content\/uploads\/2024\/10\/distribucion-ARC-COLOR-SIN-FONDO-e1732295305345.png\",\"contentUrl\":\"https:\/\/distribucionarc.com\/wp-content\/uploads\/2024\/10\/distribucion-ARC-COLOR-SIN-FONDO-e1732295305345.png\",\"width\":1164,\"height\":558,\"caption\":\"Distribuci\u00f3n ARC\"},\"image\":{\"@id\":\"https:\/\/distribucionarc.com\/pl\/#\/schema\/logo\/image\/\"},\"description\":\"Empresa especializada en la fabricaci\u00f3n y distribuci\u00f3n de maquinaria industrial para los sectores alimentario y farmac\u00e9utico. Nos especializamos en: M\u00e1quinas de cortar carne Fabricaci\u00f3n de comprimidos Sistemas de transporte industrial L\u00edneas de embotellado Dosificadores Y mucho m\u00e1s... Ofrecemos soluciones innovadoras y personalizadas para optimizar los procesos productivos de tu empresa.\",\"email\":\"Admistracion@distribucionarc.com\",\"telephone\":\"+34 643496664\",\"legalName\":\"ARC TECH SOLUTIONS\",\"foundingDate\":\"2024-04-09\",\"vatID\":\"B55480172\",\"numberOfEmployees\":{\"@type\":\"QuantitativeValue\",\"minValue\":\"1\",\"maxValue\":\"10\"}}]}<\/script>\n<!-- \/ Yoast SEO Premium plugin. -->","yoast_head_json":{"title":"Kotli\u010dek za me\u0161anje - distribucija ARC","robots":{"index":"index","follow":"follow","max-snippet":"max-snippet:-1","max-image-preview":"max-image-preview:large","max-video-preview":"max-video-preview:-1"},"canonical":"https:\/\/distribucionarc.com\/sl\/izdelek\/oala-macerare-ghiveci\/","og_locale":"sl_SI","og_type":"article","og_title":"Marmita olla de maceraci\u00f3n","og_description":"Marmita olla de maceraci\u00f3n No hay nada como disfrutar de una buena cerveza, aunque siempre se puede mejorar. Desde ARC, queremos contribuir a ese sue\u00f1o facilitandote el caldero ARCMO98\u00a0la cerveza artesanal adquiere esa esencia primitiva y artesanal. Con la marmita de maceraci\u00f3n de ARC, puede confiar en sus habilidades para fermentar la malta. Aqu\u00ed tiene todo el proceso de control de maceraci\u00f3n. En la gran caldera de acero inoxidable se pueden hervir hasta 70 litros de l\u00edquido o 60 litros de l\u00edquido con malta. El dise\u00f1o de la olla de maceraci\u00f3n le garantiza una distribuci\u00f3n \u00f3ptima del calor en el caldero, tambi\u00e9n se adapta a las cocinas de inducci\u00f3n. Para trasvasar f\u00e1cilmente la malta fermentada, el caldero para macerar\u00a0ARCMO70 posee un grifo de desag\u00fce de 1 cm para conectar al sistema de mangueras. El mundo de los sabores es muy extenso ARC te ayuda a recorrer este viaje con una marmita en la que los maestros cerveceros logran sin problemas el mosto primitivo adecuado. &nbsp; Garant\u00eda\u00a0ARC 2 A\u00d1OS soporte t\u00e9cnico\u00a0incluido","og_url":"https:\/\/distribucionarc.com\/sl\/izdelek\/oala-macerare-ghiveci\/","og_site_name":"distribuci\u00f3n ARC","article_modified_time":"2020-09-26T15:48:18+00:00","og_image":[{"width":1600,"height":1600,"url":"https:\/\/distribucionarc.com\/wp-content\/uploads\/2020\/07\/Marmita-olla-de-maceraci\u00f3n-8.jpg","type":"image\/jpeg"}],"twitter_card":"summary_large_image","twitter_misc":{"Est. reading time":"2 minuti"},"schema":{"@context":"https:\/\/schema.org","@graph":[{"@type":"WebPage","@id":"https:\/\/distribucionarc.com\/nl\/producto\/marmita-olla-de-maceracion\/","url":"https:\/\/distribucionarc.com\/nl\/producto\/marmita-olla-de-maceracion\/","name":"Kotli\u010dek za me\u0161anje - distribucija ARC","isPartOf":{"@id":"https:\/\/distribucionarc.com\/pl\/#website"},"primaryImageOfPage":{"@id":"https:\/\/distribucionarc.com\/nl\/producto\/marmita-olla-de-maceracion\/#primaryimage"},"image":{"@id":"https:\/\/distribucionarc.com\/nl\/producto\/marmita-olla-de-maceracion\/#primaryimage"},"thumbnailUrl":"https:\/\/distribucionarc.com\/wp-content\/uploads\/2020\/07\/Marmita-olla-de-maceraci\u00f3n-8.jpg","datePublished":"2020-07-15T10:07:35+00:00","dateModified":"2020-09-26T15:48:18+00:00","breadcrumb":{"@id":"https:\/\/distribucionarc.com\/nl\/producto\/marmita-olla-de-maceracion\/#breadcrumb"},"inLanguage":"sl-SI","potentialAction":[{"@type":"ReadAction","target":["https:\/\/distribucionarc.com\/nl\/producto\/marmita-olla-de-maceracion\/"]}]},{"@type":"ImageObject","inLanguage":"sl-SI","@id":"https:\/\/distribucionarc.com\/nl\/producto\/marmita-olla-de-maceracion\/#primaryimage","url":"https:\/\/distribucionarc.com\/wp-content\/uploads\/2020\/07\/Marmita-olla-de-maceraci\u00f3n-8.jpg","contentUrl":"https:\/\/distribucionarc.com\/wp-content\/uploads\/2020\/07\/Marmita-olla-de-maceraci\u00f3n-8.jpg","width":1600,"height":1600,"caption":"Marmita olla de maceraci\u00f3n"},{"@type":"BreadcrumbList","@id":"https:\/\/distribucionarc.com\/nl\/producto\/marmita-olla-de-maceracion\/#breadcrumb","itemListElement":[{"@type":"ListItem","position":1,"name":"Portada","item":"https:\/\/www.distribucionarc.com\/tr\/"},{"@type":"ListItem","position":2,"name":"Izdelki","item":"https:\/\/www.distribucionarc.com\/sl\/trgovina\/"},{"@type":"ListItem","position":3,"name":"Marmita olla de maceraci\u00f3n"}]},{"@type":"WebSite","@id":"https:\/\/distribucionarc.com\/pl\/#website","url":"https:\/\/distribucionarc.com\/pl\/","name":"ARC porazdelitev","description":"Podjetje je specializirano za proizvodnjo in distribucijo industrijskih strojev, strojev za zapiranje plo\u010devink, strojev za izdelavo tablet, strojev za rezanje mesa...","publisher":{"@id":"https:\/\/distribucionarc.com\/pl\/#organization"},"potentialAction":[{"@type":"SearchAction","target":{"@type":"EntryPoint","urlTemplate":"https:\/\/distribucionarc.com\/pl\/?s={search_term_string}"},"query-input":{"@type":"PropertyValueSpecification","valueRequired":true,"valueName":"search_term_string"}}],"inLanguage":"sl-SI"},{"@type":"Organization","@id":"https:\/\/distribucionarc.com\/pl\/#organization","name":"Distribucija ARC","url":"https:\/\/distribucionarc.com\/pl\/","logo":{"@type":"ImageObject","inLanguage":"sl-SI","@id":"https:\/\/distribucionarc.com\/pl\/#\/schema\/logo\/image\/","url":"https:\/\/distribucionarc.com\/wp-content\/uploads\/2024\/10\/distribucion-ARC-COLOR-SIN-FONDO-e1732295305345.png","contentUrl":"https:\/\/distribucionarc.com\/wp-content\/uploads\/2024\/10\/distribucion-ARC-COLOR-SIN-FONDO-e1732295305345.png","width":1164,"height":558,"caption":"Distribuci\u00f3n ARC"},"image":{"@id":"https:\/\/distribucionarc.com\/pl\/#\/schema\/logo\/image\/"},"description":"Podjetje, specializirano za proizvodnjo in distribucijo industrijskih strojev za \u017eivilski in farmacevtski sektor. Specializirani smo za: Stroji za rezanje mesa Proizvodnja tablet Industrijski transportni sistemi Stekleni\u010darske linije Dozirni stroji In \u0161e veliko ve\u010d... Ponujamo inovativne in prilagojene re\u0161itve za optimizacijo proizvodnih procesov va\u0161ega podjetja.","email":"Admistracion@distribucionarc.com","telephone":"+34 643496664","legalName":"ARC TECH SOLUTIONS","foundingDate":"2024-04-09","vatID":"B55480172","numberOfEmployees":{"@type":"QuantitativeValue","minValue":"1","maxValue":"10"}}]}},"_links":{"self":[{"href":"https:\/\/distribucionarc.com\/sl\/wp-json\/wp\/v2\/product\/936","targetHints":{"allow":["GET"]}}],"collection":[{"href":"https:\/\/distribucionarc.com\/sl\/wp-json\/wp\/v2\/product"}],"about":[{"href":"https:\/\/distribucionarc.com\/sl\/wp-json\/wp\/v2\/types\/product"}],"replies":[{"embeddable":true,"href":"https:\/\/distribucionarc.com\/sl\/wp-json\/wp\/v2\/comments?post=936"}],"version-history":[{"count":0,"href":"https:\/\/distribucionarc.com\/sl\/wp-json\/wp\/v2\/product\/936\/revisions"}],"wp:featuredmedia":[{"embeddable":true,"href":"https:\/\/distribucionarc.com\/sl\/wp-json\/wp\/v2\/media\/942"}],"wp:attachment":[{"href":"https:\/\/distribucionarc.com\/sl\/wp-json\/wp\/v2\/media?parent=936"}],"wp:term":[{"taxonomy":"product_brand","embeddable":true,"href":"https:\/\/distribucionarc.com\/sl\/wp-json\/wp\/v2\/product_brand?post=936"},{"taxonomy":"product_cat","embeddable":true,"href":"https:\/\/distribucionarc.com\/sl\/wp-json\/wp\/v2\/product_cat?post=936"},{"taxonomy":"product_tag","embeddable":true,"href":"https:\/\/distribucionarc.com\/sl\/wp-json\/wp\/v2\/product_tag?post=936"}],"curies":[{"name":"delovni list","href":"https:\/\/api.w.org\/{rel}","templated":true}]}}