{"id":68,"date":"2020-04-15T09:20:08","date_gmt":"2020-04-15T09:20:08","guid":{"rendered":"https:\/\/distribucionarc.com\/?page_id=68"},"modified":"2025-04-24T06:55:00","modified_gmt":"2025-04-24T04:55:00","slug":"cerez-politikasi","status":"publish","type":"page","link":"https:\/\/distribucionarc.com\/tr\/inicio\/politica-de-cookies\/","title":{"rendered":"\u00e7erez politikas\u0131"},"content":{"rendered":"<div data-elementor-type=\"wp-page\" data-elementor-id=\"68\" class=\"elementor elementor-68\" data-elementor-post-type=\"page\">\n\t\t\t\t<div class=\"elementor-element elementor-element-a152b90 wd-section-stretch e-flex e-con-boxed wpr-particle-no wpr-jarallax-no wpr-parallax-no wpr-sticky-section-no e-con e-parent\" data-id=\"a152b90\" data-element_type=\"container\" data-e-type=\"container\" data-settings=\"{&quot;background_background&quot;:&quot;classic&quot;}\">\n\t\t\t\t\t<div class=\"e-con-inner\">\n\t\t<div class=\"elementor-element elementor-element-09d3b2a e-con-full e-flex wpr-particle-no wpr-jarallax-no wpr-parallax-no wpr-sticky-section-no e-con e-child\" data-id=\"09d3b2a\" data-element_type=\"container\" data-e-type=\"container\">\n\t\t\t\t<div class=\"elementor-element elementor-element-c63fd6d elementor-widget elementor-widget-heading\" data-id=\"c63fd6d\" data-element_type=\"widget\" data-e-type=\"widget\" data-widget_type=\"heading.default\">\n\t\t\t\t\t<h2 class=\"elementor-heading-title elementor-size-default\">\u00e7erez politikas\u0131<\/h2>\t\t\t\t<\/div>\n\t\t\t\t<\/div>\n\t\t\t\t\t<\/div>\n\t\t\t\t<\/div>\n\t\t<div class=\"wd-negative-gap elementor-element elementor-element-4cdd5007 e-flex e-con-boxed wpr-particle-no wpr-jarallax-no wpr-parallax-no wpr-sticky-section-no e-con e-parent\" data-id=\"4cdd5007\" data-element_type=\"container\" data-e-type=\"container\">\n\t\t\t\t\t<div class=\"e-con-inner\">\n\t\t\t\t<div class=\"elementor-element elementor-element-75fee04d color-scheme-inherit text-left elementor-widget elementor-widget-text-editor\" data-id=\"75fee04d\" data-element_type=\"widget\" data-e-type=\"widget\" data-widget_type=\"text-editor.default\">\n\t\t\t\t\t\t\t\t\t\n<p><strong>DISTRIBUCION ARC web sitesine girerek, taray\u0131c\u0131n\u0131z\u0131 \u00e7erezlerin kabul\u00fcne izin verecek \u015fekilde ayarlad\u0131ysan\u0131z, DISTRIBUCION ARC hizmetlerini ve \u00fcr\u00fcnlerini kullanmak istedi\u011finizi anl\u0131yoruz ve size a\u015fa\u011f\u0131dakileri sa\u011flamak i\u00e7in \u00e7erezlerin veya di\u011fer teknolojilerin kullan\u0131lmas\u0131na izin veriyorsunuz: \u0130stenilen hizmet.<\/strong><\/p>\n\n<p><strong>\u00c7erez nedir?<\/strong><\/p>\n\n<p>\u00c7erez, bir web sitesi taraf\u0131ndan g\u00f6nderilen ve web sitesinin bilgileri g\u00f6r\u00fcnt\u00fcleyebilmesi i\u00e7in kullan\u0131c\u0131n\u0131n internet taray\u0131c\u0131s\u0131 arac\u0131l\u0131\u011f\u0131yla taray\u0131c\u0131s\u0131nda saklanan alfasay\u0131sal bir karakterdir. \u00c7erezler, \u00f6rne\u011fin al\u0131\u015fveri\u015f sepeti i\u00e7eri\u011finin hat\u0131rlanmas\u0131na, taray\u0131c\u0131n\u0131z\u0131n kullan\u0131c\u0131 ad\u0131n\u0131z\u0131 hat\u0131rlamas\u0131na veya DISTRIBUCION ARC&#039;nin i\u00e7eri\u011fini, hizmetlerini ve \u00fcr\u00fcnlerini iyile\u015ftirmek i\u00e7in istatistiksel analizler ger\u00e7ekle\u015ftirmesine olanak tan\u0131r.<\/p>\n\n<p>DISTRIBUCION ARC&#039;de do\u011fru \u015fekilde gezinmek ve t\u00fcm i\u015flevlerinden yararlanmak i\u00e7in \u00e7erez kabul\u00fcn\u00fc etkinle\u015ftirmi\u015f olman\u0131z gerekir. \u00c7erezleri devre d\u0131\u015f\u0131 b\u0131rakmak, web sitemizi do\u011fru \u015fekilde kullanamayaca\u011f\u0131n\u0131z anlam\u0131na gelebilir.<\/p>\n\n<p><strong>distribucionarc.com&#039;da hangi \u00e7erezleri kullan\u0131yoruz?<\/strong><\/p>\n\n<ul class=\"wp-block-list\">\n<li>\u00a0ONAY \u2013 kal\u0131c\u0131 \u2013 kendi<\/li>\n<li>\u00a0PHPSESSID \u2013 kal\u0131c\u0131 \u2013 kendi<\/li>\n<li>\u00a0ga \u2013 kal\u0131c\u0131 \u2013 \u00fc\u00e7\u00fcnc\u00fc taraf\u00a0<\/li>\n<li>\u00a0gat \u2013 kal\u0131c\u0131 \u2013 \u00fc\u00e7\u00fcnc\u00fc taraf<\/li>\n<li>\u00a0gid \u2013 kal\u0131c\u0131 \u2013 \u00fc\u00e7\u00fcnc\u00fc taraf<\/li>\n<li>\u00a0para birimi \u2013 kal\u0131c\u0131 \u2013 kendi<\/li>\n<li>\u00a0varsay\u0131lan \u2013 kal\u0131c\u0131 \u2013 kendi<\/li>\n<li>\u00a0dil \u2013 kal\u0131c\u0131 \u2013 kendi<\/li>\n<\/ul>\n\n<p><strong>Taray\u0131c\u0131mda \u00e7erezleri nas\u0131l etkinle\u015ftiririm?<\/strong><\/p>\n\n<p><strong>MICROSOFT \u0130NTERNET EXPLORER&#039;I<\/strong><\/p>\n\n<p>\u2022 \u201cEkstralar\u201d men\u00fcs\u00fcn\u00fc a\u00e7\u0131n ve \u201c\u0130nternet Se\u00e7enekleri\u201dni se\u00e7in.<br \/>\u2022 \u201cVeri Koruma\u201d sekmesine t\u0131klay\u0131n.<br \/>\u2022 \u201cAyarlar\u201d\u0131n \u201cStandart\u201d d\u00fc\u011fmesine t\u0131klay\u0131n (veya manuel olarak \u201cOrta\u201d se\u00e7ene\u011fine gidin).<br \/>\u2022 \u00abTamam\u00bb&#039;a t\u0131klay\u0131n.<br \/><br \/><strong>MOZ\u0130LLA FIREFOX<\/strong><br \/><br \/>\u2022 \u201cEkstralar\u201d men\u00fcs\u00fcn\u00fc a\u00e7\u0131n.<br \/>\u2022 \u201cAyarlar\u201d\u0131 se\u00e7in.<br \/>\u2022 \u201cVeri koruma\u201d sembol\u00fcn\u00fc se\u00e7in.<br \/>\u2022 \u201c\u00c7erezleri kabul et\u201d onay kutusunu i\u015faretleyin.<br \/>\u2022 De\u011fi\u015fiklikleri kaydetmek i\u00e7in \u201cTamam\u201da t\u0131klay\u0131n.<br \/><br \/><strong>GOOGLE KROM<\/strong><br \/><br \/>\u2022 \u201cEkstralar\u201d men\u00fcs\u00fcne t\u0131klay\u0131n.<br \/>\u2022 \u201cAyarlar\u201d\u0131 se\u00e7in.<br \/>\u2022 \u201cGeli\u015fmi\u015f Ayarlar\u201d veya \u201cAyr\u0131nt\u0131lar\u201d sekmesine t\u0131klay\u0131n (versiyona ba\u011fl\u0131 olarak).<br \/>\u2022 \u201cGizlilik\u201d alt\u0131nda \u201c\u0130\u00e7erik Ayarlar\u0131\u2026\u201d se\u00e7ene\u011fini t\u0131klay\u0131n.<br \/>\u2022 \u201cYerel veri kayd\u0131na izin ver\u201d se\u00e7ene\u011fini se\u00e7in.<br \/><br \/><strong>SAFAR\u0130<\/strong><br \/><br \/>\u2022 Safari a\u00e7\u0131l\u0131r men\u00fcs\u00fcne gidin.<br \/>\u2022 \u201cAyarlar\u201d\u0131 se\u00e7in.<br \/>\u2022 \u201cVeri Koruma\u201d sekmesini se\u00e7in.<br \/>\u2022 \u201c\u00c7erezleri engelle\u201d alt\u0131nda \u201cAsla\u201dy\u0131 se\u00e7in.<br \/><br \/><strong>Taray\u0131c\u0131mda \u00e7erezleri nas\u0131l devre d\u0131\u015f\u0131 b\u0131rak\u0131r\u0131m?<\/strong><br \/><br \/>\u00c7o\u011fu taray\u0131c\u0131n\u0131n Yard\u0131m i\u015flevi, taray\u0131c\u0131n\u0131z\u0131 \u00e7erezleri kabul etmeyecek \u015fekilde, her yeni \u00e7erez ald\u0131\u011f\u0131n\u0131zda sizi bilgilendirecek ve ayr\u0131ca t\u00fcm \u00e7erezleri tamamen devre d\u0131\u015f\u0131 b\u0131rakacak \u015fekilde nas\u0131l ayarlayaca\u011f\u0131n\u0131z\u0131 anlat\u0131r.<\/p>\n\t\t\t\t\t\t\t\t<\/div>\n\t\t\t\t\t<\/div>\n\t\t\t\t<\/div>\n\t\t\t\t<\/div>","protected":false},"excerpt":{"rendered":"<p>\u00c7erez Politikas\u0131 DISTRIBUCION ARC web sitesine girdi\u011finizde, taray\u0131c\u0131n\u0131z\u0131 \u00e7erez kullan\u0131m\u0131na izin verecek \u015fekilde ayarlad\u0131ysan\u0131z<\/p>","protected":false},"author":1,"featured_media":0,"parent":45,"menu_order":0,"comment_status":"closed","ping_status":"closed","template":"elementor_header_footer","meta":{"footnotes":""},"class_list":["post-68","page","type-page","status-publish","hentry"],"yoast_head":"<!-- This site is optimized with the Yoast SEO Premium plugin v24.9 (Yoast SEO v26.1) - https:\/\/yoast.com\/wordpress\/plugins\/seo\/ -->\n<title>politica de cookies - distribuci\u00f3n ARC<\/title>\n<meta name=\"robots\" content=\"index, follow, max-snippet:-1, max-image-preview:large, max-video-preview:-1\" \/>\n<link rel=\"canonical\" href=\"https:\/\/distribucionarc.com\/tr\/baslangic\/cerez-politikasi\/\" \/>\n<meta property=\"og:locale\" content=\"tr_TR\" \/>\n<meta property=\"og:type\" content=\"article\" \/>\n<meta property=\"og:title\" content=\"politica de cookies\" \/>\n<meta property=\"og:description\" content=\"politica de cookies Al entrar en la p\u00e1gina web de DISTRIBUCION ARC, si usted tiene ajustado su navegador para permitir\" \/>\n<meta property=\"og:url\" content=\"https:\/\/distribucionarc.com\/tr\/baslangic\/cerez-politikasi\/\" \/>\n<meta property=\"og:site_name\" content=\"distribuci\u00f3n ARC\" \/>\n<meta property=\"article:modified_time\" content=\"2025-04-24T04:55:00+00:00\" \/>\n<meta property=\"og:image\" content=\"https:\/\/distribucionarc.com\/wp-content\/uploads\/2024\/12\/icono-arc.jpg\" \/>\n\t<meta property=\"og:image:width\" content=\"612\" \/>\n\t<meta property=\"og:image:height\" content=\"792\" \/>\n\t<meta property=\"og:image:type\" content=\"image\/jpeg\" \/>\n<meta name=\"twitter:card\" content=\"summary_large_image\" \/>\n<meta name=\"twitter:label1\" content=\"Tahmini okuma s\u00fcresi\" \/>\n\t<meta name=\"twitter:data1\" content=\"2 dakika\" \/>\n<script type=\"application\/ld+json\" class=\"yoast-schema-graph\">{\"@context\":\"https:\/\/schema.org\",\"@graph\":[{\"@type\":\"WebPage\",\"@id\":\"https:\/\/distribucionarc.com\/pt\/inicio\/politica-de-cookies\/\",\"url\":\"https:\/\/distribucionarc.com\/pt\/inicio\/politica-de-cookies\/\",\"name\":\"politica de cookies - distribuci\u00f3n ARC\",\"isPartOf\":{\"@id\":\"https:\/\/distribucionarc.com\/de\/#website\"},\"datePublished\":\"2020-04-15T09:20:08+00:00\",\"dateModified\":\"2025-04-24T04:55:00+00:00\",\"breadcrumb\":{\"@id\":\"https:\/\/distribucionarc.com\/pt\/inicio\/politica-de-cookies\/#breadcrumb\"},\"inLanguage\":\"tr\",\"potentialAction\":[{\"@type\":\"ReadAction\",\"target\":[\"https:\/\/distribucionarc.com\/pt\/inicio\/politica-de-cookies\/\"]}]},{\"@type\":\"BreadcrumbList\",\"@id\":\"https:\/\/distribucionarc.com\/pt\/inicio\/politica-de-cookies\/#breadcrumb\",\"itemListElement\":[{\"@type\":\"ListItem\",\"position\":1,\"name\":\"Portada\",\"item\":\"https:\/\/distribucionarc.com\/pl\/\"},{\"@type\":\"ListItem\",\"position\":2,\"name\":\"inicio\",\"item\":\"https:\/\/distribucionarc.com\/pt\/inicio\/\"},{\"@type\":\"ListItem\",\"position\":3,\"name\":\"politica de cookies\"}]},{\"@type\":\"WebSite\",\"@id\":\"https:\/\/distribucionarc.com\/de\/#website\",\"url\":\"https:\/\/distribucionarc.com\/de\/\",\"name\":\"distribuci\u00f3n ARC\",\"description\":\"Empresa especializada en la fabricaci\u00f3n y distribuci\u00f3n de maquinaria industrial, selladoras de latas, Maquinas de hacer pastillas, Maquinas de cortar carne...\",\"publisher\":{\"@id\":\"https:\/\/distribucionarc.com\/de\/#organization\"},\"potentialAction\":[{\"@type\":\"SearchAction\",\"target\":{\"@type\":\"EntryPoint\",\"urlTemplate\":\"https:\/\/distribucionarc.com\/de\/?s={search_term_string}\"},\"query-input\":{\"@type\":\"PropertyValueSpecification\",\"valueRequired\":true,\"valueName\":\"search_term_string\"}}],\"inLanguage\":\"tr\"},{\"@type\":\"Organization\",\"@id\":\"https:\/\/distribucionarc.com\/de\/#organization\",\"name\":\"Distribuci\u00f3n ARC\",\"url\":\"https:\/\/distribucionarc.com\/de\/\",\"logo\":{\"@type\":\"ImageObject\",\"inLanguage\":\"tr\",\"@id\":\"https:\/\/distribucionarc.com\/de\/#\/schema\/logo\/image\/\",\"url\":\"https:\/\/distribucionarc.com\/wp-content\/uploads\/2024\/10\/distribucion-ARC-COLOR-SIN-FONDO-e1732295305345.png\",\"contentUrl\":\"https:\/\/distribucionarc.com\/wp-content\/uploads\/2024\/10\/distribucion-ARC-COLOR-SIN-FONDO-e1732295305345.png\",\"width\":1164,\"height\":558,\"caption\":\"Distribuci\u00f3n ARC\"},\"image\":{\"@id\":\"https:\/\/distribucionarc.com\/de\/#\/schema\/logo\/image\/\"},\"description\":\"Empresa especializada en la fabricaci\u00f3n y distribuci\u00f3n de maquinaria industrial para los sectores alimentario y farmac\u00e9utico. Nos especializamos en: M\u00e1quinas de cortar carne Fabricaci\u00f3n de comprimidos Sistemas de transporte industrial L\u00edneas de embotellado Dosificadores Y mucho m\u00e1s... Ofrecemos soluciones innovadoras y personalizadas para optimizar los procesos productivos de tu empresa.\",\"email\":\"Admistracion@distribucionarc.com\",\"telephone\":\"+34 643496664\",\"legalName\":\"ARC TECH SOLUTIONS\",\"foundingDate\":\"2024-04-09\",\"vatID\":\"B55480172\",\"numberOfEmployees\":{\"@type\":\"QuantitativeValue\",\"minValue\":\"1\",\"maxValue\":\"10\"}}]}<\/script>\n<!-- \/ Yoast SEO Premium plugin. -->","yoast_head_json":{"title":"\u00e7erez politikas\u0131 - ARC da\u011f\u0131t\u0131m\u0131","robots":{"index":"index","follow":"follow","max-snippet":"max-snippet:-1","max-image-preview":"max-image-preview:large","max-video-preview":"max-video-preview:-1"},"canonical":"https:\/\/distribucionarc.com\/tr\/baslangic\/cerez-politikasi\/","og_locale":"tr_TR","og_type":"article","og_title":"politica de cookies","og_description":"politica de cookies Al entrar en la p\u00e1gina web de DISTRIBUCION ARC, si usted tiene ajustado su navegador para permitir","og_url":"https:\/\/distribucionarc.com\/tr\/baslangic\/cerez-politikasi\/","og_site_name":"distribuci\u00f3n ARC","article_modified_time":"2025-04-24T04:55:00+00:00","og_image":[{"width":612,"height":792,"url":"https:\/\/distribucionarc.com\/wp-content\/uploads\/2024\/12\/icono-arc.jpg","type":"image\/jpeg"}],"twitter_card":"summary_large_image","twitter_misc":{"Tahmini okuma s\u00fcresi":"2 dakika"},"schema":{"@context":"https:\/\/schema.org","@graph":[{"@type":"WebPage","@id":"https:\/\/distribucionarc.com\/pt\/inicio\/politica-de-cookies\/","url":"https:\/\/distribucionarc.com\/pt\/inicio\/politica-de-cookies\/","name":"\u00e7erez politikas\u0131 - ARC da\u011f\u0131t\u0131m\u0131","isPartOf":{"@id":"https:\/\/distribucionarc.com\/de\/#website"},"datePublished":"2020-04-15T09:20:08+00:00","dateModified":"2025-04-24T04:55:00+00:00","breadcrumb":{"@id":"https:\/\/distribucionarc.com\/pt\/inicio\/politica-de-cookies\/#breadcrumb"},"inLanguage":"tr","potentialAction":[{"@type":"ReadAction","target":["https:\/\/distribucionarc.com\/pt\/inicio\/politica-de-cookies\/"]}]},{"@type":"BreadcrumbList","@id":"https:\/\/distribucionarc.com\/pt\/inicio\/politica-de-cookies\/#breadcrumb","itemListElement":[{"@type":"ListItem","position":1,"name":"Portada","item":"https:\/\/distribucionarc.com\/pl\/"},{"@type":"ListItem","position":2,"name":"inicio","item":"https:\/\/distribucionarc.com\/pt\/inicio\/"},{"@type":"ListItem","position":3,"name":"politica de cookies"}]},{"@type":"WebSite","@id":"https:\/\/distribucionarc.com\/de\/#website","url":"https:\/\/distribucionarc.com\/de\/","name":"ARC da\u011f\u0131t\u0131m\u0131","description":"End\u00fcstriyel makinelerin \u00fcretimi ve da\u011f\u0131t\u0131m\u0131 konusunda uzmanla\u015fm\u0131\u015f \u015firket, kutu m\u00fch\u00fcrleme makineleri, tablet yapma makineleri, et kesme makineleri...","publisher":{"@id":"https:\/\/distribucionarc.com\/de\/#organization"},"potentialAction":[{"@type":"SearchAction","target":{"@type":"EntryPoint","urlTemplate":"https:\/\/distribucionarc.com\/de\/?s={search_term_string}"},"query-input":{"@type":"PropertyValueSpecification","valueRequired":true,"valueName":"search_term_string"}}],"inLanguage":"tr"},{"@type":"Organization","@id":"https:\/\/distribucionarc.com\/de\/#organization","name":"ARC Da\u011f\u0131t\u0131m\u0131","url":"https:\/\/distribucionarc.com\/de\/","logo":{"@type":"ImageObject","inLanguage":"tr","@id":"https:\/\/distribucionarc.com\/de\/#\/schema\/logo\/image\/","url":"https:\/\/distribucionarc.com\/wp-content\/uploads\/2024\/10\/distribucion-ARC-COLOR-SIN-FONDO-e1732295305345.png","contentUrl":"https:\/\/distribucionarc.com\/wp-content\/uploads\/2024\/10\/distribucion-ARC-COLOR-SIN-FONDO-e1732295305345.png","width":1164,"height":558,"caption":"Distribuci\u00f3n ARC"},"image":{"@id":"https:\/\/distribucionarc.com\/de\/#\/schema\/logo\/image\/"},"description":"\u015eirket, g\u0131da ve ila\u00e7 sekt\u00f6rleri i\u00e7in end\u00fcstriyel makine \u00fcretimi ve da\u011f\u0131t\u0131m\u0131 konusunda uzmanla\u015fm\u0131\u015ft\u0131r. Uzmanl\u0131k alanlar\u0131m\u0131z Et kesme makineleri Tablet \u00fcretimi End\u00fcstriyel ta\u015f\u0131ma sistemleri \u015ei\u015feleme hatlar\u0131 Dozajlama makineleri Ve \u00e7ok daha fazlas\u0131... \u015eirketinizin \u00fcretim s\u00fcre\u00e7lerini optimize etmek i\u00e7in yenilik\u00e7i ve \u00f6zelle\u015ftirilmi\u015f \u00e7\u00f6z\u00fcmler sunuyoruz.","email":"Admistracion@distribucionarc.com","telephone":"+34 643496664","legalName":"ARC TECH SOLUTIONS","foundingDate":"2024-04-09","vatID":"B55480172","numberOfEmployees":{"@type":"QuantitativeValue","minValue":"1","maxValue":"10"}}]}},"_links":{"self":[{"href":"https:\/\/distribucionarc.com\/tr\/wp-json\/wp\/v2\/pages\/68","targetHints":{"allow":["GET"]}}],"collection":[{"href":"https:\/\/distribucionarc.com\/tr\/wp-json\/wp\/v2\/pages"}],"about":[{"href":"https:\/\/distribucionarc.com\/tr\/wp-json\/wp\/v2\/types\/page"}],"author":[{"embeddable":true,"href":"https:\/\/distribucionarc.com\/tr\/wp-json\/wp\/v2\/users\/1"}],"replies":[{"embeddable":true,"href":"https:\/\/distribucionarc.com\/tr\/wp-json\/wp\/v2\/comments?post=68"}],"version-history":[{"count":4,"href":"https:\/\/distribucionarc.com\/tr\/wp-json\/wp\/v2\/pages\/68\/revisions"}],"predecessor-version":[{"id":16303,"href":"https:\/\/distribucionarc.com\/tr\/wp-json\/wp\/v2\/pages\/68\/revisions\/16303"}],"up":[{"embeddable":true,"href":"https:\/\/distribucionarc.com\/tr\/wp-json\/wp\/v2\/pages\/45"}],"wp:attachment":[{"href":"https:\/\/distribucionarc.com\/tr\/wp-json\/wp\/v2\/media?parent=68"}],"curies":[{"name":"wp","href":"https:\/\/api.w.org\/{rel}","templated":true}]}}