{"id":71,"date":"2020-04-15T09:30:06","date_gmt":"2020-04-15T09:30:06","guid":{"rendered":"https:\/\/distribucionarc.com\/?page_id=71"},"modified":"2025-04-25T07:08:47","modified_gmt":"2025-04-25T05:08:47","slug":"gizlilik-politikasi","status":"publish","type":"page","link":"https:\/\/distribucionarc.com\/tr\/politica-de-privacidad\/","title":{"rendered":"Gizlilik Politikas\u0131"},"content":{"rendered":"<div data-elementor-type=\"wp-page\" data-elementor-id=\"71\" class=\"elementor elementor-71\" data-elementor-post-type=\"page\">\n\t\t\t\t<div class=\"elementor-element elementor-element-55ddc61 wd-section-stretch e-flex e-con-boxed wpr-particle-no wpr-jarallax-no wpr-parallax-no wpr-sticky-section-no e-con e-parent\" data-id=\"55ddc61\" data-element_type=\"container\" data-e-type=\"container\" data-settings=\"{&quot;background_background&quot;:&quot;classic&quot;}\">\n\t\t\t\t\t<div class=\"e-con-inner\">\n\t\t<div class=\"elementor-element elementor-element-5745e6e e-con-full e-flex wpr-particle-no wpr-jarallax-no wpr-parallax-no wpr-sticky-section-no e-con e-child\" data-id=\"5745e6e\" data-element_type=\"container\" data-e-type=\"container\">\n\t\t\t\t<div class=\"elementor-element elementor-element-05ceda0 elementor-widget elementor-widget-heading\" data-id=\"05ceda0\" data-element_type=\"widget\" data-e-type=\"widget\" data-widget_type=\"heading.default\">\n\t\t\t\t\t<h2 class=\"elementor-heading-title elementor-size-default\">Gizlilik Politikas\u0131<\/h2>\t\t\t\t<\/div>\n\t\t\t\t<\/div>\n\t\t\t\t\t<\/div>\n\t\t\t\t<\/div>\n\t\t<div class=\"wd-negative-gap elementor-element elementor-element-428fd617 e-flex e-con-boxed wpr-particle-no wpr-jarallax-no wpr-parallax-no wpr-sticky-section-no e-con e-parent\" data-id=\"428fd617\" data-element_type=\"container\" data-e-type=\"container\">\n\t\t\t\t\t<div class=\"e-con-inner\">\n\t\t\t\t<div class=\"elementor-element elementor-element-8a7b043 color-scheme-inherit text-left elementor-widget elementor-widget-text-editor\" data-id=\"8a7b043\" data-element_type=\"widget\" data-e-type=\"widget\" data-widget_type=\"text-editor.default\">\n\t\t\t\t\t\t\t\t\t\n<h2 class=\"wp-block-heading\">\u00d6nceki \u00f6neri<\/h2>\n\n<p>Sizi bu web sitesine davet ediyoruz ve Gizlilik politikam\u0131z\u0131 okuman\u0131z\u0131 \u00f6neriyoruz. Bu, bunun nas\u0131l yap\u0131ld\u0131\u011f\u0131n\u0131 a\u00e7\u0131klar\u00a0 <strong>DISTRIBUCIONARC.COM<\/strong> \u00a0m\u00fc\u015fterileri, kullan\u0131c\u0131lar\u0131 ve bu web sitesinin aboneleri hakk\u0131nda bilgi toplar ve kullan\u0131r.\u00a0<\/p>\n\n<p><strong>DISTRIBUCIONARC.COM<\/strong> B55480172 numaral\u0131 ve C\/CASTELL N1 46970 adresindeki ALAQUAS (VALENCIA), verilerinizin i\u015flenmesinden sorumlu olarak, kullan\u0131c\u0131lar\u0131n ki\u015fisel verilerine sayg\u0131 duyulan ve \u00f6zen g\u00f6sterilen bu web sitesi arac\u0131l\u0131\u011f\u0131yla verilerinizi i\u015fler. Bir kullan\u0131c\u0131 olarak haklar\u0131n\u0131z\u0131n garanti alt\u0131nda oldu\u011funu bilmelisiniz.<\/p>\n\n<p>Bu Gizlilik Politikas\u0131n\u0131n yasal veya \u00f6z d\u00fczenleme gerekliliklerine ba\u011fl\u0131 olarak de\u011fi\u015febilece\u011fi konusunda uyarmak gerekir, bu nedenle kullan\u0131c\u0131lar\u0131n belirli aral\u0131klarla ziyaret etmeleri \u00f6nerilir. Kullan\u0131c\u0131lar\u0131n ki\u015fisel verilerinin topland\u0131\u011f\u0131 ileti\u015fim formlar\u0131ndan herhangi birini doldurmaya karar vermesi durumunda ge\u00e7erli olacakt\u0131r.<\/p>\n\n<p>Bu Gizlilik Politikas\u0131n\u0131n uydu\u011fu yasal d\u00fczenlemeler<\/p>\n\n<ul class=\"wp-block-list\">\n<li>O\u00a0<strong>GDPR (Ger\u00e7ek ki\u015filerin korunmas\u0131na ili\u015fkin 27 Nisan 2016 tarihli Avrupa Parlamentosu ve Konsey Y\u00f6netmeli\u011fi (AB) 2016\/679)<\/strong>Farkl\u0131 AB \u00fclkelerinde ki\u015fisel verilerin i\u015flenmesine ili\u015fkin d\u00fczenlemeleri birle\u015ftiren yeni Avrupa Birli\u011fi d\u00fczenlemesi.<\/li>\n\n<li>La\u00a0<strong>LOPD (Verilerin Korunmas\u0131 ve Dijital Haklar\u0131n Garantisine ili\u015fkin 5 Aral\u0131k tarih ve 03\/2018 say\u0131l\u0131 Organik Kanun).<\/strong><\/li>\n\n<li>La\u00a0<strong>LSSI veya LSSICE (Bilgi Toplumu Hizmetleri ve Elektronik Ticarete ili\u015fkin 11 Temmuz tarih ve 34\/2002 say\u0131l\u0131 Kanun)<\/strong>Bu web sitesinde oldu\u011fu gibi ekonomik i\u015flemleri elektronik yollarla d\u00fczenleyen.<\/li>\n<\/ul>\n\n<p>Tedavi ama\u00e7lar\u0131<\/p>\n\n<p>Bu ama\u00e7la mevcut b\u00f6l\u00fcmler arac\u0131l\u0131\u011f\u0131yla soru ve \u00f6neride bulunulmas\u0131 durumunda, bilgiler yaln\u0131zca sorulan sorular\u0131n yan\u0131tlanmas\u0131 amac\u0131yla kullan\u0131lacakt\u0131r.<\/p>\n\n<p>Aksi a\u00e7\u0131k\u00e7a belirtilmeyen alanlar haricinde, yapaca\u011f\u0131n\u0131z talep, soru ve \u00f6nerilerin do\u011fru y\u00f6netilebilmesi i\u00e7in veri talep formlar\u0131nda istenen bilgilerin iletilmesi zorunludur. Zorunlu olarak belirlenen alanlar\u0131n doldurulmamas\u0131 veya yanl\u0131\u015f veri girilmesi, i\u015flemin yap\u0131lmas\u0131n\u0131 imkans\u0131z hale getirecektir.\u00a0<strong>ARK DA\u011eILIMI<\/strong>\u00a0bunlar\u0131 do\u011fru bir \u015fekilde y\u00f6netebilir.<\/p>\n\n<p>Tedavinin me\u015frula\u015ft\u0131r\u0131lmas\u0131<\/p>\n\n<p>Kullan\u0131c\u0131, web sitemiz \u00fczerinden bizimle ileti\u015fime ge\u00e7ti\u011finde, ki\u015fisel verilerin korunmas\u0131na ili\u015fkin ko\u015fullar hakk\u0131nda bilgi sahibi oldu\u011funu, bunlar\u0131n taraf\u0131m\u0131zca i\u015flenmesini kabul ve muvafakat etti\u011fini beyan eder.\u00a0 <strong>ARK DA\u011eILIMI<\/strong> \u00a0belirtilen \u015fekilde ve ama\u00e7larla.<\/p>\n\n<p>Verilerin korunmas\u0131 ve aktar\u0131m\u0131<\/p>\n\n<p>Sa\u011flanan veriler ticari ili\u015fki devam etti\u011fi s\u00fcrece veya yasal y\u00fck\u00fcml\u00fcl\u00fcklere uymak i\u00e7in gerekli olan y\u0131llar boyunca saklanacakt\u0131r.<\/p>\n\n<p>Yasal zorunluluk hali d\u0131\u015f\u0131nda veriler \u00fc\u00e7\u00fcnc\u00fc ki\u015filere aktar\u0131lmayacakt\u0131r.\u00a0 <strong>ARK DA\u011eILIMI<\/strong> \u00a0kullan\u0131c\u0131n\u0131n kimli\u011fini tespit edebilecek ki\u015fisel verileri \u00f6nceden izin almaks\u0131z\u0131n \u00fc\u00e7\u00fcnc\u00fc ki\u015filere satmaz, kiralamaz veya aktarmaz ve gelecekte de bunu yapmayacakt\u0131r. Ancak baz\u0131 durumlarda, e\u011fitim d\u00fczenlemek veya hizmet sunmak i\u00e7in di\u011fer profesyonellerle i\u015fbirlikleri yap\u0131labilir. Bu durumlarda, kullan\u0131c\u0131lar\u0131n i\u015fbirli\u011fi yapan ki\u015finin kimli\u011fi ve i\u015fbirli\u011finin amac\u0131 hakk\u0131nda bilgi veren onaylar\u0131 gerekecektir. Her zaman en kat\u0131 g\u00fcvenlik standartlar\u0131yla ger\u00e7ekle\u015ftirilecektir.<\/p>\n\n<p>Veri koruma haklar\u0131n\u0131n kullan\u0131lmas\u0131<\/p>\n\n<p>Kullan\u0131c\u0131, ileti\u015fimlerini \u015fu adrese posta yoluyla y\u00f6nlendirebilir ve eri\u015fim, d\u00fczeltme, silme ve itiraz haklar\u0131n\u0131n yan\u0131 s\u0131ra verilerin i\u015flenmesi ve ta\u015f\u0131nabilirli\u011finin s\u0131n\u0131rland\u0131r\u0131lmas\u0131 haklar\u0131n\u0131 kullanabilir:\u00a0<strong>CARRER CASTELL N1 46970 ALAQUAS (VALENCIA)<\/strong>veya e-posta: rgpd@distribucionarc.com adresine, DNI veya e\u015fde\u011ferinin fotokopisi gibi ge\u00e7erli bir kimlik belgesiyle birlikte &quot;VER\u0130 KORUMASI&quot; konusunu belirten bir e-posta g\u00f6nderin.<\/p>\n\n<p>Bu web sitesinde kulland\u0131\u011f\u0131m \u00fc\u00e7\u00fcnc\u00fc taraf hizmetleri<\/p>\n\n<ul class=\"wp-block-list\">\n<li><strong>Bar\u0131nd\u0131rma: strato<\/strong><\/li>\n\n<li><strong>Web platformu: wordpress<\/strong><\/li>\n\n<li><strong>Google Analytics<\/strong><\/li>\n<\/ul>\n\n<p>Kullan\u0131c\u0131lar diledikleri zaman taraf\u0131ndan sa\u011flanan hizmetlere olan aboneli\u011finizi iptal edebilirler. <strong>DISTRIBUCIONARC.COM<\/strong> ayn\u0131 B\u00fclten. Kullan\u0131c\u0131, ki\u015fisel verilerin korunmas\u0131na ili\u015fkin mevcut d\u00fczenlemelere uygun olarak, hem bu bloga abone olarak hem de sayfalar\u0131ndan ve\/veya giri\u015flerinden herhangi birine yorum yaparak \u015funlar\u0131 kabul eder:<\/p>\n\n<h2 class=\"wp-block-heading\">Verilerin do\u011frulu\u011fu ve do\u011frulu\u011fu<\/h2>\n\n<p>Kullan\u0131c\u0131ya g\u00f6nderilen verilerin do\u011frulu\u011fundan ve do\u011frulu\u011fundan yaln\u0131zca kullan\u0131c\u0131 sorumludur.\u00a0 <strong>DISTRIBUCIONARC.COM<\/strong> \u00a0Sa\u011flay\u0131c\u0131y\u0131 bu konuyla ilgili her t\u00fcrl\u00fc sorumluluktan muaf tutuyoruz. Kullan\u0131c\u0131lar, her durumda, sa\u011flanan ki\u015fisel verilerin do\u011frulu\u011funu, ge\u00e7erlili\u011fini ve ger\u00e7ekli\u011fini garanti eder ve sorumludur ve bunlar\u0131 gerekti\u011fi gibi g\u00fcncel tutaca\u011f\u0131n\u0131 taahh\u00fct eder. Kullan\u0131c\u0131, ileti\u015fim veya abonelik formunda eksiksiz ve do\u011fru bilgi vermeyi kabul eder.<\/p>\n\n<h2 class=\"wp-block-heading\">Bu gizlilik politikas\u0131ndaki de\u011fi\u015fiklikler<\/h2>\n\n<p><strong>ARK DA\u011eILIMI<\/strong>\u00a0bu politikay\u0131 yasal veya hukuki geli\u015fmelerin yan\u0131 s\u0131ra sekt\u00f6r uygulamalar\u0131na uyarlamak i\u00e7in de\u011fi\u015ftirme hakk\u0131n\u0131 sakl\u0131 tutar. Bu gibi durumlarda Sa\u011flay\u0131c\u0131, bu sayfada yap\u0131lan de\u011fi\u015fiklikleri, bunlar\u0131n uygulanmas\u0131na ili\u015fkin makul bir s\u00fcre \u00f6nceden bildirimde bulunarak duyuracakt\u0131r.<\/p>\n\t\t\t\t\t\t\t\t<\/div>\n\t\t\t\t\t<\/div>\n\t\t\t\t<\/div>\n\t\t\t\t<\/div>","protected":false},"excerpt":{"rendered":"<p>Gizlilik Politikas\u0131 \u00d6n Tavsiye Bu web sitesine ho\u015f geldiniz ve gizlilik politikam\u0131z\u0131 okuman\u0131z\u0131 \u00f6neririz.<\/p>","protected":false},"author":1,"featured_media":0,"parent":0,"menu_order":0,"comment_status":"closed","ping_status":"closed","template":"elementor_header_footer","meta":{"footnotes":""},"class_list":["post-71","page","type-page","status-publish","hentry"],"yoast_head":"<!-- This site is optimized with the Yoast SEO Premium plugin v24.9 (Yoast SEO v26.1) - https:\/\/yoast.com\/wordpress\/plugins\/seo\/ -->\n<title>politica de privacidad - distribuci\u00f3n ARC<\/title>\n<meta name=\"robots\" content=\"index, follow, max-snippet:-1, max-image-preview:large, max-video-preview:-1\" \/>\n<link rel=\"canonical\" href=\"https:\/\/www.distribucionarc.com\/fr\/politica-de-privacidad\/\" \/>\n<meta property=\"og:locale\" content=\"tr_TR\" \/>\n<meta property=\"og:type\" content=\"article\" \/>\n<meta property=\"og:title\" content=\"politica de privacidad\" \/>\n<meta property=\"og:description\" content=\"politica de privacidad Recomendaci\u00f3n previa Les damos la bienvenida a esta web y les recomendamos que lean nuestra pol\u00edtica de\" \/>\n<meta property=\"og:url\" content=\"https:\/\/www.distribucionarc.com\/fr\/politica-de-privacidad\/\" \/>\n<meta property=\"og:site_name\" content=\"distribuci\u00f3n ARC\" \/>\n<meta property=\"article:modified_time\" content=\"2025-04-25T05:08:47+00:00\" \/>\n<meta property=\"og:image\" content=\"https:\/\/distribucionarc.com\/wp-content\/uploads\/2024\/12\/icono-arc.jpg\" \/>\n\t<meta property=\"og:image:width\" content=\"612\" \/>\n\t<meta property=\"og:image:height\" content=\"792\" \/>\n\t<meta property=\"og:image:type\" content=\"image\/jpeg\" \/>\n<meta name=\"twitter:card\" content=\"summary_large_image\" \/>\n<meta name=\"twitter:label1\" content=\"Tahmini okuma s\u00fcresi\" \/>\n\t<meta name=\"twitter:data1\" content=\"4 dakika\" \/>\n<script type=\"application\/ld+json\" class=\"yoast-schema-graph\">{\"@context\":\"https:\/\/schema.org\",\"@graph\":[{\"@type\":\"WebPage\",\"@id\":\"https:\/\/www.distribucionarc.com\/fr\/politica-de-privacidad\/\",\"url\":\"https:\/\/www.distribucionarc.com\/fr\/politica-de-privacidad\/\",\"name\":\"politica de privacidad - distribuci\u00f3n ARC\",\"isPartOf\":{\"@id\":\"https:\/\/distribucionarc.com\/pl\/#website\"},\"datePublished\":\"2020-04-15T09:30:06+00:00\",\"dateModified\":\"2025-04-25T05:08:47+00:00\",\"breadcrumb\":{\"@id\":\"https:\/\/www.distribucionarc.com\/fr\/politica-de-privacidad\/#breadcrumb\"},\"inLanguage\":\"tr\",\"potentialAction\":[{\"@type\":\"ReadAction\",\"target\":[\"https:\/\/www.distribucionarc.com\/fr\/politica-de-privacidad\/\"]}]},{\"@type\":\"BreadcrumbList\",\"@id\":\"https:\/\/www.distribucionarc.com\/fr\/politica-de-privacidad\/#breadcrumb\",\"itemListElement\":[{\"@type\":\"ListItem\",\"position\":1,\"name\":\"Portada\",\"item\":\"https:\/\/www.distribucionarc.com\/tr\/\"},{\"@type\":\"ListItem\",\"position\":2,\"name\":\"politica de privacidad\"}]},{\"@type\":\"WebSite\",\"@id\":\"https:\/\/distribucionarc.com\/pl\/#website\",\"url\":\"https:\/\/distribucionarc.com\/pl\/\",\"name\":\"distribuci\u00f3n ARC\",\"description\":\"Empresa especializada en la fabricaci\u00f3n y distribuci\u00f3n de maquinaria industrial, selladoras de latas, Maquinas de hacer pastillas, Maquinas de cortar carne...\",\"publisher\":{\"@id\":\"https:\/\/distribucionarc.com\/pl\/#organization\"},\"potentialAction\":[{\"@type\":\"SearchAction\",\"target\":{\"@type\":\"EntryPoint\",\"urlTemplate\":\"https:\/\/distribucionarc.com\/pl\/?s={search_term_string}\"},\"query-input\":{\"@type\":\"PropertyValueSpecification\",\"valueRequired\":true,\"valueName\":\"search_term_string\"}}],\"inLanguage\":\"tr\"},{\"@type\":\"Organization\",\"@id\":\"https:\/\/distribucionarc.com\/pl\/#organization\",\"name\":\"Distribuci\u00f3n ARC\",\"url\":\"https:\/\/distribucionarc.com\/pl\/\",\"logo\":{\"@type\":\"ImageObject\",\"inLanguage\":\"tr\",\"@id\":\"https:\/\/distribucionarc.com\/pl\/#\/schema\/logo\/image\/\",\"url\":\"https:\/\/distribucionarc.com\/wp-content\/uploads\/2024\/10\/distribucion-ARC-COLOR-SIN-FONDO-e1732295305345.png\",\"contentUrl\":\"https:\/\/distribucionarc.com\/wp-content\/uploads\/2024\/10\/distribucion-ARC-COLOR-SIN-FONDO-e1732295305345.png\",\"width\":1164,\"height\":558,\"caption\":\"Distribuci\u00f3n ARC\"},\"image\":{\"@id\":\"https:\/\/distribucionarc.com\/pl\/#\/schema\/logo\/image\/\"},\"description\":\"Empresa especializada en la fabricaci\u00f3n y distribuci\u00f3n de maquinaria industrial para los sectores alimentario y farmac\u00e9utico. Nos especializamos en: M\u00e1quinas de cortar carne Fabricaci\u00f3n de comprimidos Sistemas de transporte industrial L\u00edneas de embotellado Dosificadores Y mucho m\u00e1s... Ofrecemos soluciones innovadoras y personalizadas para optimizar los procesos productivos de tu empresa.\",\"email\":\"Admistracion@distribucionarc.com\",\"telephone\":\"+34 643496664\",\"legalName\":\"ARC TECH SOLUTIONS\",\"foundingDate\":\"2024-04-09\",\"vatID\":\"B55480172\",\"numberOfEmployees\":{\"@type\":\"QuantitativeValue\",\"minValue\":\"1\",\"maxValue\":\"10\"}}]}<\/script>\n<!-- \/ Yoast SEO Premium plugin. -->","yoast_head_json":{"title":"gizlilik politikas\u0131 - ARC da\u011f\u0131t\u0131m\u0131","robots":{"index":"index","follow":"follow","max-snippet":"max-snippet:-1","max-image-preview":"max-image-preview:large","max-video-preview":"max-video-preview:-1"},"canonical":"https:\/\/www.distribucionarc.com\/fr\/politica-de-privacidad\/","og_locale":"tr_TR","og_type":"article","og_title":"politica de privacidad","og_description":"politica de privacidad Recomendaci\u00f3n previa Les damos la bienvenida a esta web y les recomendamos que lean nuestra pol\u00edtica de","og_url":"https:\/\/www.distribucionarc.com\/fr\/politica-de-privacidad\/","og_site_name":"distribuci\u00f3n ARC","article_modified_time":"2025-04-25T05:08:47+00:00","og_image":[{"width":612,"height":792,"url":"https:\/\/distribucionarc.com\/wp-content\/uploads\/2024\/12\/icono-arc.jpg","type":"image\/jpeg"}],"twitter_card":"summary_large_image","twitter_misc":{"Tahmini okuma s\u00fcresi":"4 dakika"},"schema":{"@context":"https:\/\/schema.org","@graph":[{"@type":"WebPage","@id":"https:\/\/www.distribucionarc.com\/fr\/politica-de-privacidad\/","url":"https:\/\/www.distribucionarc.com\/fr\/politica-de-privacidad\/","name":"gizlilik politikas\u0131 - ARC da\u011f\u0131t\u0131m\u0131","isPartOf":{"@id":"https:\/\/distribucionarc.com\/pl\/#website"},"datePublished":"2020-04-15T09:30:06+00:00","dateModified":"2025-04-25T05:08:47+00:00","breadcrumb":{"@id":"https:\/\/www.distribucionarc.com\/fr\/politica-de-privacidad\/#breadcrumb"},"inLanguage":"tr","potentialAction":[{"@type":"ReadAction","target":["https:\/\/www.distribucionarc.com\/fr\/politica-de-privacidad\/"]}]},{"@type":"BreadcrumbList","@id":"https:\/\/www.distribucionarc.com\/fr\/politica-de-privacidad\/#breadcrumb","itemListElement":[{"@type":"ListItem","position":1,"name":"Portada","item":"https:\/\/www.distribucionarc.com\/tr\/"},{"@type":"ListItem","position":2,"name":"politica de privacidad"}]},{"@type":"WebSite","@id":"https:\/\/distribucionarc.com\/pl\/#website","url":"https:\/\/distribucionarc.com\/pl\/","name":"ARC da\u011f\u0131t\u0131m\u0131","description":"End\u00fcstriyel makinelerin \u00fcretimi ve da\u011f\u0131t\u0131m\u0131 konusunda uzmanla\u015fm\u0131\u015f \u015firket, kutu m\u00fch\u00fcrleme makineleri, tablet yapma makineleri, et kesme makineleri...","publisher":{"@id":"https:\/\/distribucionarc.com\/pl\/#organization"},"potentialAction":[{"@type":"SearchAction","target":{"@type":"EntryPoint","urlTemplate":"https:\/\/distribucionarc.com\/pl\/?s={search_term_string}"},"query-input":{"@type":"PropertyValueSpecification","valueRequired":true,"valueName":"search_term_string"}}],"inLanguage":"tr"},{"@type":"Organization","@id":"https:\/\/distribucionarc.com\/pl\/#organization","name":"ARC Da\u011f\u0131t\u0131m\u0131","url":"https:\/\/distribucionarc.com\/pl\/","logo":{"@type":"ImageObject","inLanguage":"tr","@id":"https:\/\/distribucionarc.com\/pl\/#\/schema\/logo\/image\/","url":"https:\/\/distribucionarc.com\/wp-content\/uploads\/2024\/10\/distribucion-ARC-COLOR-SIN-FONDO-e1732295305345.png","contentUrl":"https:\/\/distribucionarc.com\/wp-content\/uploads\/2024\/10\/distribucion-ARC-COLOR-SIN-FONDO-e1732295305345.png","width":1164,"height":558,"caption":"Distribuci\u00f3n ARC"},"image":{"@id":"https:\/\/distribucionarc.com\/pl\/#\/schema\/logo\/image\/"},"description":"\u015eirket, g\u0131da ve ila\u00e7 sekt\u00f6rleri i\u00e7in end\u00fcstriyel makine \u00fcretimi ve da\u011f\u0131t\u0131m\u0131 konusunda uzmanla\u015fm\u0131\u015ft\u0131r. Uzmanl\u0131k alanlar\u0131m\u0131z Et kesme makineleri Tablet \u00fcretimi End\u00fcstriyel ta\u015f\u0131ma sistemleri \u015ei\u015feleme hatlar\u0131 Dozajlama makineleri Ve \u00e7ok daha fazlas\u0131... \u015eirketinizin \u00fcretim s\u00fcre\u00e7lerini optimize etmek i\u00e7in yenilik\u00e7i ve \u00f6zelle\u015ftirilmi\u015f \u00e7\u00f6z\u00fcmler sunuyoruz.","email":"Admistracion@distribucionarc.com","telephone":"+34 643496664","legalName":"ARC TECH SOLUTIONS","foundingDate":"2024-04-09","vatID":"B55480172","numberOfEmployees":{"@type":"QuantitativeValue","minValue":"1","maxValue":"10"}}]}},"_links":{"self":[{"href":"https:\/\/distribucionarc.com\/tr\/wp-json\/wp\/v2\/pages\/71","targetHints":{"allow":["GET"]}}],"collection":[{"href":"https:\/\/distribucionarc.com\/tr\/wp-json\/wp\/v2\/pages"}],"about":[{"href":"https:\/\/distribucionarc.com\/tr\/wp-json\/wp\/v2\/types\/page"}],"author":[{"embeddable":true,"href":"https:\/\/distribucionarc.com\/tr\/wp-json\/wp\/v2\/users\/1"}],"replies":[{"embeddable":true,"href":"https:\/\/distribucionarc.com\/tr\/wp-json\/wp\/v2\/comments?post=71"}],"version-history":[{"count":5,"href":"https:\/\/distribucionarc.com\/tr\/wp-json\/wp\/v2\/pages\/71\/revisions"}],"predecessor-version":[{"id":16724,"href":"https:\/\/distribucionarc.com\/tr\/wp-json\/wp\/v2\/pages\/71\/revisions\/16724"}],"wp:attachment":[{"href":"https:\/\/distribucionarc.com\/tr\/wp-json\/wp\/v2\/media?parent=71"}],"curies":[{"name":"wp","href":"https:\/\/api.w.org\/{rel}","templated":true}]}}