{"id":74,"date":"2020-04-15T09:38:42","date_gmt":"2020-04-15T09:38:42","guid":{"rendered":"https:\/\/distribucionarc.com\/?page_id=74"},"modified":"2025-05-06T15:58:50","modified_gmt":"2025-05-06T13:58:50","slug":"yasal-uyari","status":"publish","type":"page","link":"https:\/\/distribucionarc.com\/tr\/inicio\/aviso-legal\/","title":{"rendered":"yasal uyar\u0131"},"content":{"rendered":"<div data-elementor-type=\"wp-page\" data-elementor-id=\"74\" class=\"elementor elementor-74\" data-elementor-post-type=\"page\">\n\t\t\t\t<div class=\"elementor-element elementor-element-17a78b4 wd-section-stretch e-flex e-con-boxed wpr-particle-no wpr-jarallax-no wpr-parallax-no wpr-sticky-section-no e-con e-parent\" data-id=\"17a78b4\" data-element_type=\"container\" data-e-type=\"container\" data-settings=\"{&quot;background_background&quot;:&quot;classic&quot;}\">\n\t\t\t\t\t<div class=\"e-con-inner\">\n\t\t<div class=\"elementor-element elementor-element-8e49855 e-con-full e-flex wpr-particle-no wpr-jarallax-no wpr-parallax-no wpr-sticky-section-no e-con e-child\" data-id=\"8e49855\" data-element_type=\"container\" data-e-type=\"container\">\n\t\t\t\t<div class=\"elementor-element elementor-element-3d3bbd4 elementor-widget elementor-widget-heading\" data-id=\"3d3bbd4\" data-element_type=\"widget\" data-e-type=\"widget\" data-widget_type=\"heading.default\">\n\t\t\t\t\t<h2 class=\"elementor-heading-title elementor-size-default\">yasal uyar\u0131<\/h2>\t\t\t\t<\/div>\n\t\t\t\t<\/div>\n\t\t\t\t\t<\/div>\n\t\t\t\t<\/div>\n\t\t<div class=\"elementor-element elementor-element-7cdcae67 e-flex e-con-boxed wpr-particle-no wpr-jarallax-no wpr-parallax-no wpr-sticky-section-no e-con e-parent\" data-id=\"7cdcae67\" data-element_type=\"container\" data-e-type=\"container\">\n\t\t\t\t\t<div class=\"e-con-inner\">\n\t\t\t\t<div class=\"elementor-element elementor-element-fa54b7a color-scheme-inherit text-left elementor-widget elementor-widget-text-editor\" data-id=\"fa54b7a\" data-element_type=\"widget\" data-e-type=\"widget\" data-widget_type=\"text-editor.default\">\n\t\t\t\t\t\t\t\t\t\n<p>Sat\u0131c\u0131 ayr\u0131nt\u0131lar\u0131<\/p>\n\n<p>Sahibi: ARC TECH SOLUTIONS SL<\/p>\n\n<p>Adres: Carrer Castell N1 Bajo Sol 46970 Alaquas (Valencia)<\/p>\n\n<p>N\u0130F: B55480172<\/p>\n\n<p>\u00a0<\/p>\n\n<p>E-posta: info@distribucionarc.com<\/p>\n\n<p>Telefon: +34 643496664<\/p>\n\n<p>M\u00fc\u015fteri (bundan b\u00f6yle \u201c<strong>M\u00fc\u015fteri<\/strong>&quot;) web sitesine eri\u015fen (&quot;<strong>Web sitesi<\/strong>&quot;) DISTRIBUCION ARC&#039;a aittir. (&quot;<strong>Toplum<\/strong>&quot;), Web Sitesi arac\u0131l\u0131\u011f\u0131yla \u00fcr\u00fcn kaydettirir veya \u00fcr\u00fcn sat\u0131n al\u0131rsan\u0131z, Web Sitesine eri\u015fti\u011finiz anda yaz\u0131lan bu Yasal Bildirimi ve Genel Ko\u015fullar\u0131 kabul ve bunlara ba\u011fl\u0131 kalmay\u0131 kabul edersiniz.<\/p>\n\n<p>Web sitesinin yetkili kullan\u0131m\u0131na ili\u015fkin kurallar (\u201c<strong>Web sitesi<\/strong>&quot;)<\/p>\n\n<p>M\u00fc\u015fteri, s\u00f6zle\u015fme yapt\u0131\u011f\u0131 kurulu\u015fa \u00f6denmesi gereken telekom\u00fcnikasyon a\u011f\u0131 \u00fczerinden ba\u011flant\u0131 masraflar\u0131 sakl\u0131 kalmak kayd\u0131yla, Web Sitesine \u00fccretsiz olarak eri\u015febilir.<\/p>\n\n<p>Genel olarak, Web Sitesine eri\u015fim, ebeveynlerinden veya yasal vasilerinden ilgili yetkiye sahip olmayan 18 ya\u015f\u0131n alt\u0131ndaki k\u00fc\u00e7\u00fcklerin yasakt\u0131r.<\/p>\n\n<p>M\u00fc\u015fteri, i\u015fbu Yasal Uyar\u0131ya ve Web Sitesinde yer alan \u00f6zel uyar\u0131 veya kullan\u0131m talimatlar\u0131na uymay\u0131 ve verdi\u011finiz hizmetin niteli\u011fine uygun \u00f6zeni g\u00f6stererek her zaman Kanuna, geleneklere ve iyi niyet gereklerine uygun hareket etmeyi taahh\u00fct eder. E\u011flence.<\/p>\n\n<p>M\u00fc\u015fteri a\u015fa\u011f\u0131dakilerden ka\u00e7\u0131nmal\u0131d\u0131r: (i) Web Sitesini ve\/veya i\u00e7eri\u011fini izinsiz veya sahtekarl\u0131kla kullanmak; (ii) Web Sitesinin k\u0131s\u0131tl\u0131 kaynaklar\u0131na veya alanlar\u0131na, s\u00f6z konusu eri\u015fim i\u00e7in gerekli ko\u015fullar\u0131 kar\u015f\u0131lamadan eri\u015fmek veya eri\u015fmeye \u00e7al\u0131\u015fmak; (iii) Web Sitesini ve\/veya i\u00e7eri\u011fini, Web Sitesinde sunulan \u00fcr\u00fcnlerden herhangi birini elde etmek d\u0131\u015f\u0131ndaki ama\u00e7larla, yasa d\u0131\u015f\u0131, yasa d\u0131\u015f\u0131 ama\u00e7lar veya etkilerle, bu Yasal Uyar\u0131da belirtilenlere ayk\u0131r\u0131 olarak, iyi niyetle ve kamuya a\u00e7\u0131k olarak kullanmak \u00fc\u00e7\u00fcnc\u00fc taraflar\u0131n haklar\u0131na ve \u00e7\u0131karlar\u0131na zarar verecek veya herhangi bir \u015fekilde Web Sitesine zarar verebilecek, devre d\u0131\u015f\u0131 b\u0131rakabilecek veya a\u015f\u0131r\u0131 y\u00fck bindirebilecek veya normal kullan\u0131m\u0131n\u0131 veya siteden yararlan\u0131lmas\u0131n\u0131 engelleyebilecek sipari\u015fler; (iv) \u015eirketin, tedarik\u00e7ilerinin, M\u00fc\u015fterilerinin veya \u00fc\u00e7\u00fcnc\u00fc taraflar\u0131n ki\u015filerine veya mallar\u0131na zarar vermek; (v) \u015eirketin, tedarik\u00e7ilerinin veya \u00fc\u00e7\u00fcnc\u00fc taraflar\u0131n fiziksel veya mant\u0131ksal sistemlerine zarar vermesi muhtemel bilgisayar vir\u00fcslerini veya di\u011fer fiziksel veya mant\u0131ksal sistemleri a\u011fa sokmak veya yaymak.<\/p>\n\n<p>M\u00fc\u015fteri, Web Sitesini yaln\u0131zca yasal olarak ge\u00e7erli sorgulamalar veya sipari\u015fler vermek i\u00e7in kullanmay\u0131 ve yanl\u0131\u015f veya hileli sipari\u015fler vermemeyi kabul eder. Aksi takdirde iptal etme ve ilgili makamlara bilgi verme yetkisine sahip olaca\u011f\u0131z.<\/p>\n\n<p>\u00d6nceki eylemleriniz veya Web Sitesini kullanman\u0131z veya buradan i\u00e7erik indirmeniz veya y\u00f6nlendirilmesi sonucunda bilgisayar\u0131n\u0131z\u0131 etkileyen herhangi bir hasar veya kay\u0131ptan sorumlu olmayaca\u011f\u0131z.<\/p>\n\n<p>Web Sitesi di\u011fer web sitelerine, sosyal a\u011flara ve \u00fc\u00e7\u00fcnc\u00fc taraf materyallerine ba\u011flant\u0131lar i\u00e7erebilir. Bu ba\u011flant\u0131lar yaln\u0131zca bilgilendirme ama\u00e7l\u0131d\u0131r, dolay\u0131s\u0131yla \u015eirketin s\u00f6z konusu web sayfalar\u0131n\u0131n veya materyallerin i\u00e7eri\u011fi \u00fczerinde herhangi bir kontrol\u00fc yoktur. Sonu\u00e7 olarak \u015eirket, bu ba\u011flant\u0131lar\u0131n veya \u00fc\u00e7\u00fcnc\u00fc taraf materyallerinin kullan\u0131m\u0131ndan kaynaklanan hi\u00e7bir zarar veya kay\u0131ptan sorumlu olmayacakt\u0131r.<\/p>\n\n<p>Veri koruma<\/p>\n\n<p>Ki\u015fisel Verilerin Korunmas\u0131na \u0130li\u015fkin 13 Aral\u0131k tarih ve 15\/1999 say\u0131l\u0131 Organik Kanun h\u00fck\u00fcmlerinin ama\u00e7lar\u0131 do\u011frultusunda (\u201c<strong>LOPD<\/strong>&quot;), DISTRIBUCION ARC, \u015eirketimize veya \u00e7al\u0131\u015fanlar\u0131m\u0131za herhangi bir zamanda ve g\u00f6n\u00fcll\u00fc olarak sa\u011flanan t\u00fcm ki\u015fisel verilerin, DISTRIBUCION ARC&#039;nin sorumlulu\u011fu alt\u0131nda olu\u015fturulan ve saklanan otomatik bir ki\u015fisel veri dosyas\u0131na dahil edilece\u011fini M\u00fc\u015fteriye bildirir. ve yaln\u0131zca sipari\u015f talebinizin yan\u0131 s\u0131ra M\u00fc\u015fteri taraf\u0131ndan yap\u0131lan sorgular\u0131n veya \u00f6nerilerin i\u015flenmesi amac\u0131yla i\u015flenecektir. Talebinizi \u00f6nceki b\u00f6l\u00fcmde belirtilen adrese, e-postaya, telefona veya faksa ileterek eri\u015fim, d\u00fczeltme, iptal ve itiraz hakk\u0131n\u0131z\u0131 istedi\u011finiz zaman kullanabilirsiniz.<\/p>\n\n<p>Dosyalar\u0131m\u0131zda yer alan bilgilerin her zaman g\u00fcncel olmas\u0131 ve hata i\u00e7ermemesi i\u00e7in M\u00fc\u015fteriden, ki\u015fisel verilerindeki de\u011fi\u015fiklik ve d\u00fczeltmeleri m\u00fcmk\u00fcn olan en k\u0131sa s\u00fcrede bize bildirmesini rica ederiz.<\/p>\n\n<p>Ki\u015fisel verilerinizin korunmas\u0131n\u0131 garanti alt\u0131na almak ve de\u011fi\u015ftirilmesini, kaybolmas\u0131n\u0131, i\u015flenmesini ve\/veya yetkisiz eri\u015fimini \u00f6nlemek i\u00e7in, en son teknoloji ve verilerin niteli\u011fi dikkate al\u0131narak gerekli t\u00fcm teknik ve organizasyonel g\u00fcvenlik \u00f6nlemlerinin al\u0131nd\u0131\u011f\u0131n\u0131 size bildiririz. saklanan veriler ve maruz kald\u0131klar\u0131 riskler, t\u00fcm bunlar LOPD h\u00fck\u00fcmlerine ve uygulama d\u00fczenlemelerine uygun olarak yap\u0131l\u0131r.<\/p>\n\n<p>Aksi a\u00e7\u0131k\u00e7a belirtilmeyen alanlar haricinde, taraf\u0131n\u0131zca iletilen sipari\u015f, soru ve \u00f6nerilerin do\u011fru y\u00f6netilebilmesi i\u00e7in veri talep formlar\u0131nda istenen bilgilerin iletilmesi zorunludur. Zorunlu oldu\u011fu belirlenen alanlar\u0131n doldurulmamas\u0131 veya yanl\u0131\u015f veri sa\u011flanmas\u0131, DISTRIBUCION ARC&#039;nin bunlar\u0131 do\u011fru \u015fekilde y\u00f6netmesini imkans\u0131z hale getirecektir.<\/p>\n\n<p>Garanti ve sorumluluk<\/p>\n\n<p>Web Sitesinin M\u00fc\u015fteri taraf\u0131ndan kullan\u0131m\u0131 her zaman t\u00fcm risk ve sorumluluk kendisine ait olmak \u00fczere ger\u00e7ekle\u015ftirilir ve M\u00fc\u015fteri bunu a\u00e7\u0131k\u00e7a tan\u0131r ve kabul eder ve \u015eirket, k\u00f6t\u00fcye kullan\u0131m veya uygunsuz kullan\u0131mdan kaynaklanan do\u011frudan veya dolayl\u0131 hi\u00e7bir sorumluluk \u00fcstlenmeyecektir. Web Sitesinin M\u00fc\u015fteriler taraf\u0131ndan hileli veya yasa d\u0131\u015f\u0131 kullan\u0131m\u0131.<\/p>\n\n<p>\u015eirket, Web Sitesinin sorunsuz \u00e7al\u0131\u015fmas\u0131n\u0131 sa\u011flamak i\u00e7in m\u00fcmk\u00fcn olan her \u015feyi yapacak ve M\u00fc\u015fteriye 100%&#039;nin tam kullan\u0131labilirli\u011fini sunman\u0131n m\u00fcmk\u00fcn olmad\u0131\u011f\u0131n\u0131 a\u00e7\u0131k\u00e7a kabul edecektir. Ancak \u015eirket, \u00e7evrimi\u00e7i Web Sitesini m\u00fcmk\u00fcn oldu\u011fu kadar uzun s\u00fcre kullan\u0131labilir tutmay\u0131 taahh\u00fct eder. Ancak \u015eirket, bak\u0131m \u00e7al\u0131\u015fmalar\u0131, kapasite veya \u015eirketin kontrol\u00fc d\u0131\u015f\u0131ndaki olaylar nedeniyle \u00e7evrimi\u00e7i Web Sitesine eri\u015fimi tamamen veya k\u0131smen, ge\u00e7ici veya kal\u0131c\u0131 olarak k\u0131s\u0131tlama hakk\u0131n\u0131 sakl\u0131 tutar.<\/p>\n\n<p>Kapsaml\u0131 olmamakla birlikte \u015eirketin a\u015fa\u011f\u0131dakilerden sorumlu olmayaca\u011f\u0131 belirtilmektedir:<\/p>\n\n<ul class=\"wp-block-list\">\n<li>Sistemlerdeki kesintiler, ar\u0131zalar, ihmaller veya ba\u011flant\u0131 kesintileri, m\u00fcdahale veya vir\u00fcsler, eri\u015fim sorunlar\u0131 ve genel olarak Web Sitesini etkileyebilecek her t\u00fcrl\u00fc kullan\u0131labilirlik sorunu, hizmet sunumunun ar\u0131zas\u0131 ve\/veya s\u00fcreklili\u011fi.<\/li>\n<\/ul>\n\n<ul class=\"wp-block-list\">\n<li>Web Sitesinin kullan\u0131m\u0131 nedeniyle M\u00fc\u015fterilerin ekipmanlar\u0131nda veya teknolojik cihazlar\u0131nda meydana gelebilecek her t\u00fcrl\u00fc zarar.<\/li>\n<\/ul>\n\n<ul class=\"wp-block-list\">\n<li>M\u00fc\u015fterilerin kendisi de dahil olmak \u00fczere \u00fc\u00e7\u00fcnc\u00fc taraflar\u0131n \u015eirketin kontrol\u00fc d\u0131\u015f\u0131ndaki eylemleri.<\/li>\n<\/ul>\n\n<p>Fikri ve s\u0131nai m\u00fclkiyet<\/p>\n\n<p>\u015eirket, Web Sitesinin m\u00fcnhas\u0131r sahibidir. Web Sitesinin tamam\u0131n\u0131n veya bir k\u0131sm\u0131n\u0131n \u00e7o\u011falt\u0131lmas\u0131 yasakt\u0131r.<\/p>\n\n<p>Web Sitesinde g\u00f6sterilen t\u00fcm i\u00e7erikler ve \u00f6zellikle t\u00fcm \u00fcr\u00fcnler, tasar\u0131mlar, metinler, grafikler, logolar, simgeler, d\u00fc\u011fmeler, yaz\u0131l\u0131mlar, ticari isimler, markalar, end\u00fcstriyel \u00e7izimler veya end\u00fcstriyel ve ticari kullan\u0131ma uygun di\u011fer i\u015faretler fikri m\u00fclkiyet haklar\u0131na tabidir. \u015eirketin veya Web Sitesine dahil edilmelerine usul\u00fcne uygun olarak izin vermi\u015f olan \u00fc\u00e7\u00fcnc\u00fc taraf sahiplerinin s\u0131nai m\u00fclkiyet haklar\u0131.<\/p>\n\n<p>Hi\u00e7bir durumda, herhangi bir lisans\u0131n verildi\u011fi veya s\u00f6z konusu haklardan tamamen veya k\u0131smen feragat edildi\u011fi, devredildi\u011fi, devredildi\u011fi veya herhangi bir hakk\u0131n ve \u00f6zellikle bu sitelerde de\u011fi\u015fiklik, kullan\u0131m, \u00e7o\u011faltma, da\u011f\u0131t\u0131m veya kamuya ileti\u015fim hakk\u0131n\u0131n verilmedi\u011fi anla\u015f\u0131lmayacakt\u0131r. s\u00f6z konusu i\u00e7erikleri \u015eirketin veya ilgili sahiplerinin \u00f6nceden a\u00e7\u0131k izni olmadan, dolay\u0131s\u0131yla M\u00fc\u015fteri \u00e7o\u011faltamaz, d\u00f6n\u00fc\u015ft\u00fcremez, de\u011fi\u015ftiremez, par\u00e7alar\u0131na ay\u0131ramaz, tersine m\u00fchendislik yapamaz, da\u011f\u0131tamaz, kiralayamaz, \u00f6d\u00fcn\u00e7 veremez, kullan\u0131ma sunamaz veya herhangi bir y\u00f6ntemle kamunun eri\u015fimine izin veremez. hi\u00e7birinin kamuya a\u00e7\u0131k ileti\u015fimi \u00d6nceki paragrafta belirtilen unsurlar.<\/p>\n\n<p>\u00c7erezler<\/p>\n\n<p>Web Sitesi, \u00e7erezleri, yani ona eri\u015firken M\u00fc\u015fterinin cihaz\u0131na indirilen dosyalar\u0131 kullan\u0131r. \u00c7erezler, di\u011fer \u015feylerin yan\u0131 s\u0131ra, M\u00fc\u015fterilerin Web Sitesinde nas\u0131l gezindi\u011fini anlamam\u0131za, M\u00fc\u015fterilerin gezinme ve al\u0131\u015fkanl\u0131klar\u0131na ili\u015fkin bilgileri saklamam\u0131za ve almam\u0131za olanak tan\u0131r.<\/p>\n\n<p>Web Sitesi, gezinme deneyimini geli\u015ftirmek amac\u0131yla tarama verilerinin hat\u0131rlanmas\u0131na olanak tan\u0131yan, kendisine ait ve \u00fc\u00e7\u00fcnc\u00fc taraf \u00e7erezleri kullan\u0131r. M\u00fc\u015fteri, Web Sitesindeki belirli hizmetleri kullanmak i\u00e7in \u00e7erezlerin etkinle\u015ftirilmesi gerekti\u011fi ger\u00e7e\u011fine halel getirmeksizin, \u0130nternet taray\u0131c\u0131s\u0131n\u0131 \u00e7erezlerin y\u00fcklenmesi durumunda uyar\u0131lar\u0131 silecek, engelleyecek veya alacak \u015fekilde yap\u0131land\u0131rabilir.<\/p>\n\n<p>Web Sitesinde kullan\u0131lan \u00e7erezler \u015funlard\u0131r:<\/p>\n\n<ul class=\"wp-block-list\">\n<li>Teknik \u00e7erezler: M\u00fc\u015fterinin, oturumu tan\u0131mlama veya bir sat\u0131n alma i\u015flemi veya kay\u0131t ger\u00e7ekle\u015ftirme gibi Web Sitesinin farkl\u0131 gezinme se\u00e7eneklerini veya hizmetlerini kullanmas\u0131na olanak tan\u0131r.<\/li>\n<\/ul>\n\n<ul class=\"wp-block-list\">\n<li>Ki\u015fiselle\u015ftirme \u00e7erezleri: M\u00fc\u015fterinin, dil veya \u00fclke ayarlar\u0131 gibi \u00f6nceden tan\u0131mlanm\u0131\u015f genel \u00f6zelliklere sahip bir hizmete eri\u015fmesine olanak tan\u0131r.<\/li>\n<\/ul>\n\n<ul class=\"wp-block-list\">\n<li>Analiz \u00e7erezleri: Web Sitesinde iyile\u015ftirmeler sa\u011flamak amac\u0131yla M\u00fc\u015fterilerin web sitemizdeki davran\u0131\u015flar\u0131n\u0131 izlemek i\u00e7in kullan\u0131l\u0131rlar.<\/li>\n<\/ul>\n\n<ul class=\"wp-block-list\">\n<li>Reklam ve davran\u0131\u015fsal reklam \u00e7erezleri: M\u00fc\u015fterinin davran\u0131\u015f\u0131 hakk\u0131nda bilgi depolar ve reklamlar\u0131 buna uyarlar.<\/li>\n<\/ul>\n\n<p>Temas etmek<\/p>\n\n<p>\u015eirketimizle, \u00fcr\u00fcnlerimizle, web sitemizle veya gizlilik politikam\u0131zla ilgili sorular\u0131n\u0131za, \u00f6nerilerinize veya yorumlar\u0131n\u0131za yan\u0131t vermek i\u00e7in her zaman hizmetinizdeyiz. Bunun i\u00e7in sat\u0131c\u0131n\u0131n bilgilerinde yer alan e-posta, telefon numaras\u0131 veya faks numaras\u0131 \u00fczerinden bizimle ileti\u015fime ge\u00e7ebilirsiniz.<\/p>\n\n<p>M\u00fc\u015fteri hizmetleri saatlerimiz Pazartesi&#039;den Cuma&#039;ya sabah 8&#039;den ak\u015fam 6&#039;ya kadard\u0131r.<\/p>\n\t\t\t\t\t\t\t\t<\/div>\n\t\t\t\t\t<\/div>\n\t\t\t\t<\/div>\n\t\t\t\t<\/div>","protected":false},"excerpt":{"rendered":"<p>Sat\u0131c\u0131n\u0131n bilgileri Sahibi: ARC TECH SOLUTIONS SL Adres: Carrer Castell N1, sol alt, 46970 Alaquas (Valencia) NIF:<\/p>","protected":false},"author":1,"featured_media":0,"parent":45,"menu_order":0,"comment_status":"closed","ping_status":"closed","template":"elementor_header_footer","meta":{"footnotes":""},"class_list":["post-74","page","type-page","status-publish","hentry"],"yoast_head":"<!-- This site is optimized with the Yoast SEO Premium plugin v24.9 (Yoast SEO v26.1) - https:\/\/yoast.com\/wordpress\/plugins\/seo\/ -->\n<title>aviso legal - distribuci\u00f3n ARC<\/title>\n<meta name=\"robots\" content=\"index, follow, max-snippet:-1, max-image-preview:large, max-video-preview:-1\" \/>\n<link rel=\"canonical\" href=\"https:\/\/distribucionarc.com\/tr\/baslangic\/yasal-uyari\/\" \/>\n<meta property=\"og:locale\" content=\"tr_TR\" \/>\n<meta property=\"og:type\" content=\"article\" \/>\n<meta property=\"og:title\" content=\"aviso legal\" \/>\n<meta property=\"og:description\" content=\"aviso legal Datos del vendedor Titular: ARC TECH SOLUTIONS S.L Direcci\u00f3n: carrer castell n1 bajo izquierda 46970 alaquas (valencia) N.I.F.:\" \/>\n<meta property=\"og:url\" content=\"https:\/\/distribucionarc.com\/tr\/baslangic\/yasal-uyari\/\" \/>\n<meta property=\"og:site_name\" content=\"distribuci\u00f3n ARC\" \/>\n<meta property=\"article:modified_time\" content=\"2025-05-06T13:58:50+00:00\" \/>\n<meta property=\"og:image\" content=\"https:\/\/distribucionarc.com\/wp-content\/uploads\/2024\/12\/icono-arc.jpg\" \/>\n\t<meta property=\"og:image:width\" content=\"612\" \/>\n\t<meta property=\"og:image:height\" content=\"792\" \/>\n\t<meta property=\"og:image:type\" content=\"image\/jpeg\" \/>\n<meta name=\"twitter:card\" content=\"summary_large_image\" \/>\n<meta name=\"twitter:label1\" content=\"Tahmini okuma s\u00fcresi\" \/>\n\t<meta name=\"twitter:data1\" content=\"8 dakika\" \/>\n<script type=\"application\/ld+json\" class=\"yoast-schema-graph\">{\"@context\":\"https:\/\/schema.org\",\"@graph\":[{\"@type\":\"WebPage\",\"@id\":\"https:\/\/distribucionarc.com\/it\/inicio\/aviso-legal\/\",\"url\":\"https:\/\/distribucionarc.com\/it\/inicio\/aviso-legal\/\",\"name\":\"aviso legal - distribuci\u00f3n ARC\",\"isPartOf\":{\"@id\":\"https:\/\/www.distribucionarc.com\/sl\/#website\"},\"datePublished\":\"2020-04-15T09:38:42+00:00\",\"dateModified\":\"2025-05-06T13:58:50+00:00\",\"breadcrumb\":{\"@id\":\"https:\/\/distribucionarc.com\/it\/inicio\/aviso-legal\/#breadcrumb\"},\"inLanguage\":\"tr\",\"potentialAction\":[{\"@type\":\"ReadAction\",\"target\":[\"https:\/\/distribucionarc.com\/it\/inicio\/aviso-legal\/\"]}]},{\"@type\":\"BreadcrumbList\",\"@id\":\"https:\/\/distribucionarc.com\/it\/inicio\/aviso-legal\/#breadcrumb\",\"itemListElement\":[{\"@type\":\"ListItem\",\"position\":1,\"name\":\"Portada\",\"item\":\"https:\/\/www.distribucionarc.com\/\"},{\"@type\":\"ListItem\",\"position\":2,\"name\":\"inicio\",\"item\":\"https:\/\/www.distribucionarc.com\/inicio\/\"},{\"@type\":\"ListItem\",\"position\":3,\"name\":\"aviso legal\"}]},{\"@type\":\"WebSite\",\"@id\":\"https:\/\/www.distribucionarc.com\/sl\/#website\",\"url\":\"https:\/\/www.distribucionarc.com\/sl\/\",\"name\":\"distribuci\u00f3n ARC\",\"description\":\"Empresa especializada en la fabricaci\u00f3n y distribuci\u00f3n de maquinaria industrial, selladoras de latas, Maquinas de hacer pastillas, Maquinas de cortar carne...\",\"publisher\":{\"@id\":\"https:\/\/www.distribucionarc.com\/sl\/#organization\"},\"potentialAction\":[{\"@type\":\"SearchAction\",\"target\":{\"@type\":\"EntryPoint\",\"urlTemplate\":\"https:\/\/www.distribucionarc.com\/sl\/?s={search_term_string}\"},\"query-input\":{\"@type\":\"PropertyValueSpecification\",\"valueRequired\":true,\"valueName\":\"search_term_string\"}}],\"inLanguage\":\"tr\"},{\"@type\":\"Organization\",\"@id\":\"https:\/\/www.distribucionarc.com\/sl\/#organization\",\"name\":\"Distribuci\u00f3n ARC\",\"url\":\"https:\/\/www.distribucionarc.com\/sl\/\",\"logo\":{\"@type\":\"ImageObject\",\"inLanguage\":\"tr\",\"@id\":\"https:\/\/www.distribucionarc.com\/sl\/#\/schema\/logo\/image\/\",\"url\":\"https:\/\/distribucionarc.com\/wp-content\/uploads\/2024\/10\/distribucion-ARC-COLOR-SIN-FONDO-e1732295305345.png\",\"contentUrl\":\"https:\/\/distribucionarc.com\/wp-content\/uploads\/2024\/10\/distribucion-ARC-COLOR-SIN-FONDO-e1732295305345.png\",\"width\":1164,\"height\":558,\"caption\":\"Distribuci\u00f3n ARC\"},\"image\":{\"@id\":\"https:\/\/www.distribucionarc.com\/sl\/#\/schema\/logo\/image\/\"},\"description\":\"Empresa especializada en la fabricaci\u00f3n y distribuci\u00f3n de maquinaria industrial para los sectores alimentario y farmac\u00e9utico. Nos especializamos en: M\u00e1quinas de cortar carne Fabricaci\u00f3n de comprimidos Sistemas de transporte industrial L\u00edneas de embotellado Dosificadores Y mucho m\u00e1s... Ofrecemos soluciones innovadoras y personalizadas para optimizar los procesos productivos de tu empresa.\",\"email\":\"Admistracion@distribucionarc.com\",\"telephone\":\"+34 643496664\",\"legalName\":\"ARC TECH SOLUTIONS\",\"foundingDate\":\"2024-04-09\",\"vatID\":\"B55480172\",\"numberOfEmployees\":{\"@type\":\"QuantitativeValue\",\"minValue\":\"1\",\"maxValue\":\"10\"}}]}<\/script>\n<!-- \/ Yoast SEO Premium plugin. -->","yoast_head_json":{"title":"yasal bildirim - ARC da\u011f\u0131t\u0131m\u0131","robots":{"index":"index","follow":"follow","max-snippet":"max-snippet:-1","max-image-preview":"max-image-preview:large","max-video-preview":"max-video-preview:-1"},"canonical":"https:\/\/distribucionarc.com\/tr\/baslangic\/yasal-uyari\/","og_locale":"tr_TR","og_type":"article","og_title":"aviso legal","og_description":"aviso legal Datos del vendedor Titular: ARC TECH SOLUTIONS S.L Direcci\u00f3n: carrer castell n1 bajo izquierda 46970 alaquas (valencia) N.I.F.:","og_url":"https:\/\/distribucionarc.com\/tr\/baslangic\/yasal-uyari\/","og_site_name":"distribuci\u00f3n ARC","article_modified_time":"2025-05-06T13:58:50+00:00","og_image":[{"width":612,"height":792,"url":"https:\/\/distribucionarc.com\/wp-content\/uploads\/2024\/12\/icono-arc.jpg","type":"image\/jpeg"}],"twitter_card":"summary_large_image","twitter_misc":{"Tahmini okuma s\u00fcresi":"8 dakika"},"schema":{"@context":"https:\/\/schema.org","@graph":[{"@type":"WebPage","@id":"https:\/\/distribucionarc.com\/it\/inicio\/aviso-legal\/","url":"https:\/\/distribucionarc.com\/it\/inicio\/aviso-legal\/","name":"yasal bildirim - ARC da\u011f\u0131t\u0131m\u0131","isPartOf":{"@id":"https:\/\/www.distribucionarc.com\/sl\/#website"},"datePublished":"2020-04-15T09:38:42+00:00","dateModified":"2025-05-06T13:58:50+00:00","breadcrumb":{"@id":"https:\/\/distribucionarc.com\/it\/inicio\/aviso-legal\/#breadcrumb"},"inLanguage":"tr","potentialAction":[{"@type":"ReadAction","target":["https:\/\/distribucionarc.com\/it\/inicio\/aviso-legal\/"]}]},{"@type":"BreadcrumbList","@id":"https:\/\/distribucionarc.com\/it\/inicio\/aviso-legal\/#breadcrumb","itemListElement":[{"@type":"ListItem","position":1,"name":"Portada","item":"https:\/\/www.distribucionarc.com\/"},{"@type":"ListItem","position":2,"name":"inicio","item":"https:\/\/www.distribucionarc.com\/inicio\/"},{"@type":"ListItem","position":3,"name":"aviso legal"}]},{"@type":"WebSite","@id":"https:\/\/www.distribucionarc.com\/sl\/#website","url":"https:\/\/www.distribucionarc.com\/sl\/","name":"ARC da\u011f\u0131t\u0131m\u0131","description":"End\u00fcstriyel makinelerin \u00fcretimi ve da\u011f\u0131t\u0131m\u0131 konusunda uzmanla\u015fm\u0131\u015f \u015firket, kutu m\u00fch\u00fcrleme makineleri, tablet yapma makineleri, et kesme makineleri...","publisher":{"@id":"https:\/\/www.distribucionarc.com\/sl\/#organization"},"potentialAction":[{"@type":"SearchAction","target":{"@type":"EntryPoint","urlTemplate":"https:\/\/www.distribucionarc.com\/sl\/?s={search_term_string}"},"query-input":{"@type":"PropertyValueSpecification","valueRequired":true,"valueName":"search_term_string"}}],"inLanguage":"tr"},{"@type":"Organization","@id":"https:\/\/www.distribucionarc.com\/sl\/#organization","name":"ARC Da\u011f\u0131t\u0131m\u0131","url":"https:\/\/www.distribucionarc.com\/sl\/","logo":{"@type":"ImageObject","inLanguage":"tr","@id":"https:\/\/www.distribucionarc.com\/sl\/#\/schema\/logo\/image\/","url":"https:\/\/distribucionarc.com\/wp-content\/uploads\/2024\/10\/distribucion-ARC-COLOR-SIN-FONDO-e1732295305345.png","contentUrl":"https:\/\/distribucionarc.com\/wp-content\/uploads\/2024\/10\/distribucion-ARC-COLOR-SIN-FONDO-e1732295305345.png","width":1164,"height":558,"caption":"Distribuci\u00f3n ARC"},"image":{"@id":"https:\/\/www.distribucionarc.com\/sl\/#\/schema\/logo\/image\/"},"description":"\u015eirket, g\u0131da ve ila\u00e7 sekt\u00f6rleri i\u00e7in end\u00fcstriyel makine \u00fcretimi ve da\u011f\u0131t\u0131m\u0131 konusunda uzmanla\u015fm\u0131\u015ft\u0131r. Uzmanl\u0131k alanlar\u0131m\u0131z Et kesme makineleri Tablet \u00fcretimi End\u00fcstriyel ta\u015f\u0131ma sistemleri \u015ei\u015feleme hatlar\u0131 Dozajlama makineleri Ve \u00e7ok daha fazlas\u0131... \u015eirketinizin \u00fcretim s\u00fcre\u00e7lerini optimize etmek i\u00e7in yenilik\u00e7i ve \u00f6zelle\u015ftirilmi\u015f \u00e7\u00f6z\u00fcmler sunuyoruz.","email":"Admistracion@distribucionarc.com","telephone":"+34 643496664","legalName":"ARC TECH SOLUTIONS","foundingDate":"2024-04-09","vatID":"B55480172","numberOfEmployees":{"@type":"QuantitativeValue","minValue":"1","maxValue":"10"}}]}},"_links":{"self":[{"href":"https:\/\/distribucionarc.com\/tr\/wp-json\/wp\/v2\/pages\/74","targetHints":{"allow":["GET"]}}],"collection":[{"href":"https:\/\/distribucionarc.com\/tr\/wp-json\/wp\/v2\/pages"}],"about":[{"href":"https:\/\/distribucionarc.com\/tr\/wp-json\/wp\/v2\/types\/page"}],"author":[{"embeddable":true,"href":"https:\/\/distribucionarc.com\/tr\/wp-json\/wp\/v2\/users\/1"}],"replies":[{"embeddable":true,"href":"https:\/\/distribucionarc.com\/tr\/wp-json\/wp\/v2\/comments?post=74"}],"version-history":[{"count":5,"href":"https:\/\/distribucionarc.com\/tr\/wp-json\/wp\/v2\/pages\/74\/revisions"}],"predecessor-version":[{"id":17442,"href":"https:\/\/distribucionarc.com\/tr\/wp-json\/wp\/v2\/pages\/74\/revisions\/17442"}],"up":[{"embeddable":true,"href":"https:\/\/distribucionarc.com\/tr\/wp-json\/wp\/v2\/pages\/45"}],"wp:attachment":[{"href":"https:\/\/distribucionarc.com\/tr\/wp-json\/wp\/v2\/media?parent=74"}],"curies":[{"name":"wp","href":"https:\/\/api.w.org\/{rel}","templated":true}]}}