{"id":1043,"date":"2020-07-16T09:25:55","date_gmt":"2020-07-16T09:25:55","guid":{"rendered":"https:\/\/distribucionarc.com\/?post_type=product&#038;p=1043"},"modified":"2024-09-05T21:08:07","modified_gmt":"2024-09-05T21:08:07","slug":"waffle-makinesi-profesyonel","status":"publish","type":"product","link":"https:\/\/distribucionarc.com\/tr\/producto\/gofrera-profesional\/","title":{"rendered":"Profesyonel waffle makinesi"},"content":{"rendered":"<h2><strong>Profesyonel waffle makinesi\u00a0<\/strong><\/h2>\n<p>La\u00a0<strong>\u00c7ift profesyonel waffle makinesi<\/strong>\u00a0ile ilgili<span style=\"color: #ff0000;\">\u00a0<\/span><strong><span style=\"color: #ff0000;\">\u0130LE<\/span><span style=\"color: #0000ff;\">R<\/span>C<\/strong>, pi\u015firme i\u015flemini yapan \u00e7ift kafa tasar\u0131m\u0131n\u0131 benimser\u00a0<strong>Gofretler<\/strong> daha verimli ve karl\u0131 olun. 1880 W yeterli g\u00fc\u00e7. Kal\u0131p 360 derece s\u00fcrekli \u0131s\u0131tma ve daha iyi bir pi\u015firme deneyimi sa\u011flar. Hala katk\u0131da bulunuyorlar <span style=\"color: #008000;\">R<strong>verimli enerji performans\u0131<\/strong><\/span>\u00a0aras\u0131nda\u00a0<strong>profesyonel waffle makinesi<\/strong>.<\/p>\n<p>Kafa, p\u00fcr\u00fczs\u00fcz d\u00fc\u011fmelerle ba\u011f\u0131ms\u0131z olarak kontrol edilir. S\u0131cakl\u0131k 50 ile 300\u00b0C aras\u0131nda olup \u00e7al\u0131\u015fma durumunu g\u00f6steren LED \u0131\u015f\u0131kl\u0131d\u0131r. <strong>profesyonel waffle makinesi\u00a0<span style=\"color: #ff0000;\">\u0130LE<\/span><span style=\"color: #0000ff;\">R<\/span>CMGE2<\/strong>\u00a0Maksimum 5 dakikal\u0131k hassas bir zamanlay\u0131c\u0131ya sahiptir ve waffle&#039;lar haz\u0131r oldu\u011funda net ve melodik bir alarm verir.<\/p>\n<p>Ba\u015fkan\u0131 <strong>profesyonel waffle makinesi<\/strong>\u00a0\u0130ki kal\u0131p (\u00fcst ve alt) kullan\u0131r. Birlikte lezzetli waffle&#039;lar olu\u015ftururlar. Her iki kal\u0131p da size e\u015fit \u0131s\u0131tma sa\u011flar. Teflon kapl\u0131 pi\u015firme y\u00fczeyi yap\u0131\u015fmaz olup makinenin temizlenmesini kolayla\u015ft\u0131r\u0131r.\u00a0<strong>Gofretler<\/strong>.<\/p>\n<p>Kal\u0131nla\u015ft\u0131r\u0131lm\u0131\u015f arka destek kal\u0131b\u0131 birle\u015ftirir\u00a0<strong>waffle makinesi<\/strong>, \u00f6n destek sabit bir \u00fc\u00e7gen yap\u0131y\u0131 benimser. B\u00f6yle bir tasar\u0131m g\u00fcvenlik seviyesini art\u0131r\u0131r, daha dayan\u0131kl\u0131 hale getirir ve<strong> waffle makinesi <span style=\"color: #ff0000;\">\u0130LE<\/span><span style=\"color: #0000ff;\">R<\/span>CMGE2<\/strong>\u00a0Estetik a\u00e7\u0131dan da zarif olan i\u015flevsel bir tasar\u0131ma sahip olun. Kolay tutu\u015f ve zahmetsiz kullan\u0131m i\u00e7in kal\u0131n paslanmaz \u00e7elik sap seti. \u0130yi \u0131s\u0131 da\u011f\u0131tma malzemesinin kullan\u0131lmas\u0131, s\u0131cakl\u0131\u011f\u0131n\u0131n \u00e7ok y\u00fcksek olmamas\u0131n\u0131 sa\u011flar. Kullan\u0131c\u0131y\u0131 yan\u0131klardan korur.<\/p>\n<p>ile\u00a0<strong>Profesyonel waffle makinesi<\/strong>\u00a0ile ilgili\u00a0<strong><span style=\"color: #ff0000;\">\u0130LE<\/span><span style=\"color: #0000ff;\">R<\/span>C<\/strong>\u00a0biraz alacaks\u0131n\u00a0<strong>Waffle<\/strong> \u00c7arp\u0131c\u0131 kalp tasar\u0131m\u0131, yumu\u015fak i\u00e7 k\u0131sm\u0131 ve a\u011f\u0131zda sonsuz bir tat b\u0131rakan \u00e7\u0131t\u0131r d\u0131\u015f y\u00fczeyi ile benzersizdir. Lezzet katmak i\u00e7in \u00e7ikolata, \u015feker ve di\u011fer s\u00fcslemeler serbest\u00e7e eklenebilir.<\/p>\n<p>&nbsp;<\/p>\n<h6><strong>Garanti\u00a0<span style=\"color: #ff0000;\">\u0130LE<\/span><span style=\"color: #0000ff;\">R<\/span>\u00c7 2 YIL<\/strong><\/h6>\n<h6><span style=\"color: #008000;\">Verimli profesyonel waffle makinesi, d\u00fc\u015f\u00fck t\u00fcketim 1550w<\/span><\/h6>\n<h6><strong>teknik destek dahildir.<\/strong><\/h6>\n<p>&nbsp;<\/p>\n<p>&nbsp;<\/p>\n<table role=\"presentation\" width=\"100%\" cellspacing=\"0\" cellpadding=\"0\">\n<tbody>\n<tr>\n<td class=\"attrLabels\">S\u0131cakl\u0131k:<\/td>\n<td width=\"50.0%\">50-300\u00b0C<\/td>\n<\/tr>\n<tr>\n<td class=\"attrLabels\">Da\u011f\u0131t\u0131m \u00fclkesi:<\/td>\n<td width=\"50.0%\">\u0130spanya, Almanya, ABD, Latin Amerika<\/td>\n<td class=\"attrLabels\">A\u011f\u0131rl\u0131k:<\/td>\n<td width=\"50.0%\">11,6 kg<\/td>\n<\/tr>\n<tr>\n<td class=\"attrLabels\">Marka:<\/td>\n<td width=\"50.0%\">ARK<\/td>\n<td class=\"attrLabels\">Y\u00fckseklik:<\/td>\n<td width=\"50.0%\">33cm<\/td>\n<\/tr>\n<tr>\n<td class=\"attrLabels\">Renk:<\/td>\n<td width=\"50.0%\">G\u00fcm\u00fc\u015f<\/td>\n<td class=\"attrLabels\">Uzun:<\/td>\n<td width=\"50.0%\">49cm<\/td>\n<\/tr>\n<tr>\n<td class=\"attrLabels\">\u00dcr\u00fcn tipi:<\/td>\n<td width=\"50.0%\">Profesyonel waffle makinesi<\/td>\n<td class=\"attrLabels\">Geni\u015f:<\/td>\n<td width=\"50.0%\">39cm<\/td>\n<\/tr>\n<tr>\n<td class=\"attrLabels\">\u00dcretici numaras\u0131:<\/td>\n<td width=\"50.0%\">ARCMGE2<\/td>\n<td class=\"attrLabels\">G\u00fc\u00e7:<\/td>\n<td width=\"50.0%\">1880W<\/td>\n<\/tr>\n<tr>\n<td class=\"attrLabels\">Malzeme:<\/td>\n<td width=\"50.0%\">paslanmaz \u00e7elik, Teflon plaka, s\u0131cakl\u0131k kontrol\u00fc<\/td>\n<td class=\"attrLabels\">giri\u015f voltaj\u0131<\/td>\n<td width=\"50.0%\">220V \u2013 60Hz 110V \u2013 50Hz<\/td>\n<\/tr>\n<tr>\n<td class=\"attrLabels\">Waffle boyutu:<\/td>\n<td width=\"50.0%\">\u00a035cm \u00e7ap<\/td>\n<td class=\"attrLabels\">Garanti:<\/td>\n<td width=\"50.0%\">2 YIL<\/td>\n<\/tr>\n<tr>\n<td class=\"attrLabels\">Kurulum ara\u00e7lar\u0131:<\/td>\n<td width=\"50.0%\">Evet<\/td>\n<td class=\"attrLabels\">\u00dcretme:<\/td>\n<td width=\"50.0%\">1 adet<\/td>\n<\/tr>\n<\/tbody>\n<\/table>","protected":false},"excerpt":{"rendered":"<h2><strong>Kalp \u015eeklinde Waffle Makinesi \u2013 5 Porsiyon Zamanlay\u0131c\u0131l\u0131<\/strong><\/h2>\n<p>Bizim <strong>kalp \u015feklinde waffle makinesi<\/strong> \u00e7ekici ve lezzetli kalp \u015feklinde waffle&#039;lar olu\u015fturmak i\u00e7in ideal bir ara\u00e7t\u0131r. <strong>5 porsiyon<\/strong>. bir ile <strong>0 ila 5 dakika aras\u0131nda ayarlanabilir zamanlay\u0131c\u0131<\/strong> ve s\u0131cakl\u0131k aral\u0131\u011f\u0131 <strong>50 ila 300 santigrat derece (\u00b0C)<\/strong>, bu makine h\u0131zl\u0131 ve hassas pi\u015firmeyi garanti eder. Waffle&#039;\u0131n \u00e7ap\u0131 <strong>35 santimetre (cm)<\/strong>payla\u015fmak i\u00e7in m\u00fckemmel olan b\u00fcy\u00fck, \u00e7ekici waffle&#039;lar olu\u015fturman\u0131za olanak tan\u0131r.<\/p>\n<h3>Bununla yapabilece\u011finiz \u00fcr\u00fcnler <strong>kalp \u015feklinde waffle makinesi<\/strong>:<\/h3>\n<ul>\n<li><strong>Geleneksel waffle<\/strong>: \u015eurup, krema veya taze meyve ile servis edilir.<\/li>\n<li><strong>\u00c7ikolatal\u0131 waffle<\/strong>: Hamurun i\u00e7inde eritilmi\u015f \u00e7ikolata par\u00e7alar\u0131 bulunur.<\/li>\n<li><strong>Glutensiz waffle<\/strong>: G\u0131da intolerans\u0131 olan ki\u015filer i\u00e7in sa\u011fl\u0131kl\u0131 alternatif.<\/li>\n<li><strong>Tam bu\u011fdayl\u0131 waffle<\/strong>: Sa\u011fl\u0131kl\u0131 men\u00fclerde sunmak i\u00e7in m\u00fckemmeldir.<\/li>\n<li><strong>Muzlu Yulaf Ezmeli Waffle<\/strong>: Lezzetli ve besleyici bir se\u00e7enek.<\/li>\n<li><strong>Lezzetli waffle<\/strong>: Peynir, jambon veya \u0131spanakla doldurulmu\u015f, brunchlar i\u00e7in ideal.<\/li>\n<li><strong>Mini g\u00f6zleme pizzalar\u0131<\/strong>: Pizza tabanlar\u0131 i\u00e7in kalp \u015feklini kullanan yarat\u0131c\u0131 \u00e7e\u015fitlilik.<\/li>\n<\/ul>\n<h3>Bunun uygulanabilece\u011fi sekt\u00f6rler <strong>profesyonel kalp waffle makinesi<\/strong>:<\/h3>\n<ul>\n<li><strong>Kafeler ve pastaneler<\/strong>: Tatl\u0131 ve tuzlu waffle&#039;lar\u0131n g\u00f6z al\u0131c\u0131 sunumlar\u0131yla m\u00fc\u015fterilerin ilgisini \u00e7ekmek i\u00e7in m\u00fckemmeldir.<\/li>\n<li><strong>Restoranlar<\/strong>: Tatl\u0131lar\u0131n ve \u00f6zel kalpli yemeklerin sunumu i\u00e7in idealdir.<\/li>\n<li><strong>g\u0131da kamyonlar\u0131<\/strong>: Kalp \u015feklinde waffle&#039;lar\u0131n ilgi g\u00f6rece\u011fi fuar ve etkinlikler i\u00e7in caziptir.<\/li>\n<li><strong>Oteller ve b\u00fcfeler<\/strong>: Ak\u015fam yemekleri i\u00e7in \u00f6zelle\u015ftirilebilir se\u00e7eneklerle kahvalt\u0131 ve brunch&#039;larda sunmak i\u00e7in m\u00fckemmeldir.<\/li>\n<li><strong>Yemek ve \u00f6zel etkinlikler<\/strong>: Kalp \u015feklinin \u00f6zel bir dokunu\u015f katt\u0131\u011f\u0131 d\u00fc\u011f\u00fcnler, y\u0131ld\u00f6n\u00fcmleri veya temal\u0131 partiler gibi.<\/li>\n<li><strong>Pastaneler<\/strong>: M\u00fc\u015fterileri \u015fa\u015f\u0131rtmak i\u00e7in orijinal \u015fekillerdeki taze waffle&#039;larla teklifi geni\u015fletin.<\/li>\n<li><strong>\u00c7ocuklar i\u00e7in yemekler<\/strong>: Aile etkinliklerinde veya \u00e7ocuklara y\u00f6nelik mekanlarda kalp \u015fekli \u00f6zellikle \u00e7ekicidir.<\/li>\n<\/ul>\n<p>Bununla <strong>kalp \u015feklinde waffle makinesi<\/strong>, sadece g\u00fczel g\u00f6r\u00fcnmekle kalmay\u0131p ayn\u0131 zamanda tad\u0131 da harika olan benzersiz \u00fcr\u00fcnler sunabilirsiniz. Ayr\u0131ca, <strong>profesyonel elektrikli waffle makinesi<\/strong> Her seferinde m\u00fckemmel pi\u015firme sa\u011flayan, kullan\u0131m\u0131 kolay bir s\u0131cakl\u0131k kontrol sistemine sahiptir.<\/p>","protected":false},"featured_media":1050,"comment_status":"open","ping_status":"closed","template":"","meta":{"wds_primary_product_brand":0,"wds_primary_product_cat":0},"product_brand":[],"product_cat":[51],"product_tag":[],"class_list":{"0":"post-1043","1":"product","2":"type-product","3":"status-publish","4":"has-post-thumbnail","6":"product_cat-gofreras-profesionales","7":"product_shipping_class-hosteleria","9":"first","10":"instock","11":"taxable","12":"shipping-taxable","13":"purchasable","14":"product-type-simple"},"yoast_head":"<!-- This site is optimized with the Yoast SEO Premium plugin v24.9 (Yoast SEO v26.1) - https:\/\/yoast.com\/wordpress\/plugins\/seo\/ -->\n<title>Gofrera profesional - distribuci\u00f3n ARC<\/title>\n<meta name=\"robots\" content=\"index, follow, max-snippet:-1, max-image-preview:large, max-video-preview:-1\" \/>\n<link rel=\"canonical\" href=\"https:\/\/www.distribucionarc.com\/en\/producto\/gofrera-profesional\/\" \/>\n<meta property=\"og:locale\" content=\"tr_TR\" \/>\n<meta property=\"og:type\" content=\"article\" \/>\n<meta property=\"og:title\" content=\"Gofrera profesional\" \/>\n<meta property=\"og:description\" content=\"M\u00e1quina para hacer gofres en forma de coraz\u00f3n \u2013 5 porciones con temporizador Nuestra m\u00e1quina para hacer gofres en forma de coraz\u00f3n es la herramienta ideal para crear gofres atractivos y deliciosos en forma de coraz\u00f3n, divididos en 5 porciones. Con un temporizador ajustable de 0 a 5 minutos y un rango de temperatura de 50 a 300 grados cent\u00edgrados (\u00b0C), esta m\u00e1quina garantiza una cocci\u00f3n r\u00e1pida y precisa. El di\u00e1metro del gofre es de 35 cent\u00edmetros (cm), lo que permite crear gofres grandes y atractivos que son perfectos para compartir. Productos que puedes hacer con esta gofrera en forma de coraz\u00f3n:   Gofres tradicionales: Servidos con jarabe, crema o frutas frescas.  Gofres de chocolate: Con trozos de chocolate fundido en la masa.  Gofres sin gluten: Alternativa saludable para personas con intolerancias alimentarias.  Gofres integrales: Perfectos para ofrecer en men\u00fas saludables.  Gofres de avena y pl\u00e1tano: Opci\u00f3n deliciosa y nutritiva.  Gofres salados: Rellenos de queso, jam\u00f3n o espinacas, ideales para brunches.  Mini pizzas de gofre: Variaci\u00f3n creativa usando la forma de coraz\u00f3n para bases de pizza.  Sectores donde se puede implementar esta gofrera de coraz\u00f3n profesional:   Cafeter\u00edas y pasteler\u00edas: Perfecta para atraer a clientes con presentaciones llamativas de gofres dulces y salados.  Restaurantes: Ideal para ofrecer postres y platos especiales en forma de coraz\u00f3n.  Food trucks: Atractiva para ferias y eventos donde los gofres en forma de coraz\u00f3n ser\u00e1n un \u00e9xito.  Hoteles y buffets: Perfecta para ofrecer en desayunos y brunches, con opciones personalizables para los comensales.  Catering y eventos especiales: Como bodas, aniversarios o fiestas tem\u00e1ticas, donde la forma de coraz\u00f3n a\u00f1ade un toque especial.  Panader\u00edas: Ampl\u00eda la oferta con gofres frescos y en formas originales para sorprender a los clientes.  Comidas para ni\u00f1os: En eventos familiares o en locales orientados a ni\u00f1os, la forma de coraz\u00f3n es especialmente atractiva.  Con esta m\u00e1quina de gofres en forma de coraz\u00f3n, puedes ofrecer productos \u00fanicos que no solo se ven bien, sino que tambi\u00e9n tienen un sabor excelente. Adem\u00e1s, la gofrera el\u00e9ctrica profesional cuenta con un sistema de control de temperatura f\u00e1cil de usar, lo que garantiza la cocci\u00f3n perfecta en todo momento.\" \/>\n<meta property=\"og:url\" content=\"https:\/\/www.distribucionarc.com\/en\/producto\/gofrera-profesional\/\" \/>\n<meta property=\"og:site_name\" content=\"distribuci\u00f3n ARC\" \/>\n<meta property=\"article:modified_time\" content=\"2024-09-05T21:08:07+00:00\" \/>\n<meta property=\"og:image\" content=\"https:\/\/www.distribucionarc.com\/wp-content\/uploads\/2020\/07\/Gofrera-profesional-0.jpg\" \/>\n\t<meta property=\"og:image:width\" content=\"1600\" \/>\n\t<meta property=\"og:image:height\" content=\"1600\" \/>\n\t<meta property=\"og:image:type\" content=\"image\/jpeg\" \/>\n<meta name=\"twitter:card\" content=\"summary_large_image\" \/>\n<meta name=\"twitter:label1\" content=\"Tahmini okuma s\u00fcresi\" \/>\n\t<meta name=\"twitter:data1\" content=\"2 dakika\" \/>\n<script type=\"application\/ld+json\" class=\"yoast-schema-graph\">{\"@context\":\"https:\/\/schema.org\",\"@graph\":[{\"@type\":\"WebPage\",\"@id\":\"https:\/\/www.distribucionarc.com\/en\/producto\/gofrera-profesional\/\",\"url\":\"https:\/\/www.distribucionarc.com\/en\/producto\/gofrera-profesional\/\",\"name\":\"Gofrera profesional - distribuci\u00f3n ARC\",\"isPartOf\":{\"@id\":\"https:\/\/distribucionarc.com\/ro\/#website\"},\"primaryImageOfPage\":{\"@id\":\"https:\/\/www.distribucionarc.com\/en\/producto\/gofrera-profesional\/#primaryimage\"},\"image\":{\"@id\":\"https:\/\/www.distribucionarc.com\/en\/producto\/gofrera-profesional\/#primaryimage\"},\"thumbnailUrl\":\"https:\/\/distribucionarc.com\/wp-content\/uploads\/2020\/07\/Gofrera-profesional-0.jpg\",\"datePublished\":\"2020-07-16T09:25:55+00:00\",\"dateModified\":\"2024-09-05T21:08:07+00:00\",\"breadcrumb\":{\"@id\":\"https:\/\/www.distribucionarc.com\/en\/producto\/gofrera-profesional\/#breadcrumb\"},\"inLanguage\":\"tr\",\"potentialAction\":[{\"@type\":\"ReadAction\",\"target\":[\"https:\/\/www.distribucionarc.com\/en\/producto\/gofrera-profesional\/\"]}]},{\"@type\":\"ImageObject\",\"inLanguage\":\"tr\",\"@id\":\"https:\/\/www.distribucionarc.com\/en\/producto\/gofrera-profesional\/#primaryimage\",\"url\":\"https:\/\/distribucionarc.com\/wp-content\/uploads\/2020\/07\/Gofrera-profesional-0.jpg\",\"contentUrl\":\"https:\/\/distribucionarc.com\/wp-content\/uploads\/2020\/07\/Gofrera-profesional-0.jpg\",\"width\":1600,\"height\":1600,\"caption\":\"Gofrera profesional\"},{\"@type\":\"BreadcrumbList\",\"@id\":\"https:\/\/www.distribucionarc.com\/en\/producto\/gofrera-profesional\/#breadcrumb\",\"itemListElement\":[{\"@type\":\"ListItem\",\"position\":1,\"name\":\"Portada\",\"item\":\"https:\/\/distribucionarc.com\/ar\/\"},{\"@type\":\"ListItem\",\"position\":2,\"name\":\"Proizvodi\",\"item\":\"https:\/\/www.distribucionarc.com\/hr\/ducan\/\"},{\"@type\":\"ListItem\",\"position\":3,\"name\":\"Gofrera profesional\"}]},{\"@type\":\"WebSite\",\"@id\":\"https:\/\/distribucionarc.com\/ro\/#website\",\"url\":\"https:\/\/distribucionarc.com\/ro\/\",\"name\":\"distribuci\u00f3n ARC\",\"description\":\"Empresa especializada en la fabricaci\u00f3n y distribuci\u00f3n de maquinaria industrial, selladoras de latas, Maquinas de hacer pastillas, Maquinas de cortar carne...\",\"publisher\":{\"@id\":\"https:\/\/distribucionarc.com\/ro\/#organization\"},\"potentialAction\":[{\"@type\":\"SearchAction\",\"target\":{\"@type\":\"EntryPoint\",\"urlTemplate\":\"https:\/\/distribucionarc.com\/ro\/?s={search_term_string}\"},\"query-input\":{\"@type\":\"PropertyValueSpecification\",\"valueRequired\":true,\"valueName\":\"search_term_string\"}}],\"inLanguage\":\"tr\"},{\"@type\":\"Organization\",\"@id\":\"https:\/\/distribucionarc.com\/ro\/#organization\",\"name\":\"Distribuci\u00f3n ARC\",\"url\":\"https:\/\/distribucionarc.com\/ro\/\",\"logo\":{\"@type\":\"ImageObject\",\"inLanguage\":\"tr\",\"@id\":\"https:\/\/distribucionarc.com\/ro\/#\/schema\/logo\/image\/\",\"url\":\"https:\/\/distribucionarc.com\/wp-content\/uploads\/2024\/10\/distribucion-ARC-COLOR-SIN-FONDO-e1732295305345.png\",\"contentUrl\":\"https:\/\/distribucionarc.com\/wp-content\/uploads\/2024\/10\/distribucion-ARC-COLOR-SIN-FONDO-e1732295305345.png\",\"width\":1164,\"height\":558,\"caption\":\"Distribuci\u00f3n ARC\"},\"image\":{\"@id\":\"https:\/\/distribucionarc.com\/ro\/#\/schema\/logo\/image\/\"},\"description\":\"Empresa especializada en la fabricaci\u00f3n y distribuci\u00f3n de maquinaria industrial para los sectores alimentario y farmac\u00e9utico. Nos especializamos en: M\u00e1quinas de cortar carne Fabricaci\u00f3n de comprimidos Sistemas de transporte industrial L\u00edneas de embotellado Dosificadores Y mucho m\u00e1s... Ofrecemos soluciones innovadoras y personalizadas para optimizar los procesos productivos de tu empresa.\",\"email\":\"Admistracion@distribucionarc.com\",\"telephone\":\"+34 643496664\",\"legalName\":\"ARC TECH SOLUTIONS\",\"foundingDate\":\"2024-04-09\",\"vatID\":\"B55480172\",\"numberOfEmployees\":{\"@type\":\"QuantitativeValue\",\"minValue\":\"1\",\"maxValue\":\"10\"}}]}<\/script>\n<!-- \/ Yoast SEO Premium plugin. -->","yoast_head_json":{"title":"Profesyonel waffle makinesi - ARC da\u011f\u0131t\u0131m\u0131","robots":{"index":"index","follow":"follow","max-snippet":"max-snippet:-1","max-image-preview":"max-image-preview:large","max-video-preview":"max-video-preview:-1"},"canonical":"https:\/\/www.distribucionarc.com\/en\/producto\/gofrera-profesional\/","og_locale":"tr_TR","og_type":"article","og_title":"Gofrera profesional","og_description":"M\u00e1quina para hacer gofres en forma de coraz\u00f3n \u2013 5 porciones con temporizador Nuestra m\u00e1quina para hacer gofres en forma de coraz\u00f3n es la herramienta ideal para crear gofres atractivos y deliciosos en forma de coraz\u00f3n, divididos en 5 porciones. Con un temporizador ajustable de 0 a 5 minutos y un rango de temperatura de 50 a 300 grados cent\u00edgrados (\u00b0C), esta m\u00e1quina garantiza una cocci\u00f3n r\u00e1pida y precisa. El di\u00e1metro del gofre es de 35 cent\u00edmetros (cm), lo que permite crear gofres grandes y atractivos que son perfectos para compartir. Productos que puedes hacer con esta gofrera en forma de coraz\u00f3n:   Gofres tradicionales: Servidos con jarabe, crema o frutas frescas.  Gofres de chocolate: Con trozos de chocolate fundido en la masa.  Gofres sin gluten: Alternativa saludable para personas con intolerancias alimentarias.  Gofres integrales: Perfectos para ofrecer en men\u00fas saludables.  Gofres de avena y pl\u00e1tano: Opci\u00f3n deliciosa y nutritiva.  Gofres salados: Rellenos de queso, jam\u00f3n o espinacas, ideales para brunches.  Mini pizzas de gofre: Variaci\u00f3n creativa usando la forma de coraz\u00f3n para bases de pizza.  Sectores donde se puede implementar esta gofrera de coraz\u00f3n profesional:   Cafeter\u00edas y pasteler\u00edas: Perfecta para atraer a clientes con presentaciones llamativas de gofres dulces y salados.  Restaurantes: Ideal para ofrecer postres y platos especiales en forma de coraz\u00f3n.  Food trucks: Atractiva para ferias y eventos donde los gofres en forma de coraz\u00f3n ser\u00e1n un \u00e9xito.  Hoteles y buffets: Perfecta para ofrecer en desayunos y brunches, con opciones personalizables para los comensales.  Catering y eventos especiales: Como bodas, aniversarios o fiestas tem\u00e1ticas, donde la forma de coraz\u00f3n a\u00f1ade un toque especial.  Panader\u00edas: Ampl\u00eda la oferta con gofres frescos y en formas originales para sorprender a los clientes.  Comidas para ni\u00f1os: En eventos familiares o en locales orientados a ni\u00f1os, la forma de coraz\u00f3n es especialmente atractiva.  Con esta m\u00e1quina de gofres en forma de coraz\u00f3n, puedes ofrecer productos \u00fanicos que no solo se ven bien, sino que tambi\u00e9n tienen un sabor excelente. Adem\u00e1s, la gofrera el\u00e9ctrica profesional cuenta con un sistema de control de temperatura f\u00e1cil de usar, lo que garantiza la cocci\u00f3n perfecta en todo momento.","og_url":"https:\/\/www.distribucionarc.com\/en\/producto\/gofrera-profesional\/","og_site_name":"distribuci\u00f3n ARC","article_modified_time":"2024-09-05T21:08:07+00:00","og_image":[{"width":1600,"height":1600,"url":"https:\/\/www.distribucionarc.com\/wp-content\/uploads\/2020\/07\/Gofrera-profesional-0.jpg","type":"image\/jpeg"}],"twitter_card":"summary_large_image","twitter_misc":{"Tahmini okuma s\u00fcresi":"2 dakika"},"schema":{"@context":"https:\/\/schema.org","@graph":[{"@type":"WebPage","@id":"https:\/\/www.distribucionarc.com\/en\/producto\/gofrera-profesional\/","url":"https:\/\/www.distribucionarc.com\/en\/producto\/gofrera-profesional\/","name":"Profesyonel waffle makinesi - ARC da\u011f\u0131t\u0131m\u0131","isPartOf":{"@id":"https:\/\/distribucionarc.com\/ro\/#website"},"primaryImageOfPage":{"@id":"https:\/\/www.distribucionarc.com\/en\/producto\/gofrera-profesional\/#primaryimage"},"image":{"@id":"https:\/\/www.distribucionarc.com\/en\/producto\/gofrera-profesional\/#primaryimage"},"thumbnailUrl":"https:\/\/distribucionarc.com\/wp-content\/uploads\/2020\/07\/Gofrera-profesional-0.jpg","datePublished":"2020-07-16T09:25:55+00:00","dateModified":"2024-09-05T21:08:07+00:00","breadcrumb":{"@id":"https:\/\/www.distribucionarc.com\/en\/producto\/gofrera-profesional\/#breadcrumb"},"inLanguage":"tr","potentialAction":[{"@type":"ReadAction","target":["https:\/\/www.distribucionarc.com\/en\/producto\/gofrera-profesional\/"]}]},{"@type":"ImageObject","inLanguage":"tr","@id":"https:\/\/www.distribucionarc.com\/en\/producto\/gofrera-profesional\/#primaryimage","url":"https:\/\/distribucionarc.com\/wp-content\/uploads\/2020\/07\/Gofrera-profesional-0.jpg","contentUrl":"https:\/\/distribucionarc.com\/wp-content\/uploads\/2020\/07\/Gofrera-profesional-0.jpg","width":1600,"height":1600,"caption":"Gofrera profesional"},{"@type":"BreadcrumbList","@id":"https:\/\/www.distribucionarc.com\/en\/producto\/gofrera-profesional\/#breadcrumb","itemListElement":[{"@type":"ListItem","position":1,"name":"Portada","item":"https:\/\/distribucionarc.com\/ar\/"},{"@type":"ListItem","position":2,"name":"Proizvodi","item":"https:\/\/www.distribucionarc.com\/hr\/ducan\/"},{"@type":"ListItem","position":3,"name":"Gofrera profesional"}]},{"@type":"WebSite","@id":"https:\/\/distribucionarc.com\/ro\/#website","url":"https:\/\/distribucionarc.com\/ro\/","name":"ARC da\u011f\u0131t\u0131m\u0131","description":"End\u00fcstriyel makinelerin \u00fcretimi ve da\u011f\u0131t\u0131m\u0131 konusunda uzmanla\u015fm\u0131\u015f \u015firket, kutu m\u00fch\u00fcrleme makineleri, tablet yapma makineleri, et kesme makineleri...","publisher":{"@id":"https:\/\/distribucionarc.com\/ro\/#organization"},"potentialAction":[{"@type":"SearchAction","target":{"@type":"EntryPoint","urlTemplate":"https:\/\/distribucionarc.com\/ro\/?s={search_term_string}"},"query-input":{"@type":"PropertyValueSpecification","valueRequired":true,"valueName":"search_term_string"}}],"inLanguage":"tr"},{"@type":"Organization","@id":"https:\/\/distribucionarc.com\/ro\/#organization","name":"ARC Da\u011f\u0131t\u0131m\u0131","url":"https:\/\/distribucionarc.com\/ro\/","logo":{"@type":"ImageObject","inLanguage":"tr","@id":"https:\/\/distribucionarc.com\/ro\/#\/schema\/logo\/image\/","url":"https:\/\/distribucionarc.com\/wp-content\/uploads\/2024\/10\/distribucion-ARC-COLOR-SIN-FONDO-e1732295305345.png","contentUrl":"https:\/\/distribucionarc.com\/wp-content\/uploads\/2024\/10\/distribucion-ARC-COLOR-SIN-FONDO-e1732295305345.png","width":1164,"height":558,"caption":"Distribuci\u00f3n ARC"},"image":{"@id":"https:\/\/distribucionarc.com\/ro\/#\/schema\/logo\/image\/"},"description":"\u015eirket, g\u0131da ve ila\u00e7 sekt\u00f6rleri i\u00e7in end\u00fcstriyel makine \u00fcretimi ve da\u011f\u0131t\u0131m\u0131 konusunda uzmanla\u015fm\u0131\u015ft\u0131r. Uzmanl\u0131k alanlar\u0131m\u0131z Et kesme makineleri Tablet \u00fcretimi End\u00fcstriyel ta\u015f\u0131ma sistemleri \u015ei\u015feleme hatlar\u0131 Dozajlama makineleri Ve \u00e7ok daha fazlas\u0131... \u015eirketinizin \u00fcretim s\u00fcre\u00e7lerini optimize etmek i\u00e7in yenilik\u00e7i ve \u00f6zelle\u015ftirilmi\u015f \u00e7\u00f6z\u00fcmler sunuyoruz.","email":"Admistracion@distribucionarc.com","telephone":"+34 643496664","legalName":"ARC TECH SOLUTIONS","foundingDate":"2024-04-09","vatID":"B55480172","numberOfEmployees":{"@type":"QuantitativeValue","minValue":"1","maxValue":"10"}}]}},"_links":{"self":[{"href":"https:\/\/distribucionarc.com\/tr\/wp-json\/wp\/v2\/product\/1043","targetHints":{"allow":["GET"]}}],"collection":[{"href":"https:\/\/distribucionarc.com\/tr\/wp-json\/wp\/v2\/product"}],"about":[{"href":"https:\/\/distribucionarc.com\/tr\/wp-json\/wp\/v2\/types\/product"}],"replies":[{"embeddable":true,"href":"https:\/\/distribucionarc.com\/tr\/wp-json\/wp\/v2\/comments?post=1043"}],"version-history":[{"count":0,"href":"https:\/\/distribucionarc.com\/tr\/wp-json\/wp\/v2\/product\/1043\/revisions"}],"wp:featuredmedia":[{"embeddable":true,"href":"https:\/\/distribucionarc.com\/tr\/wp-json\/wp\/v2\/media\/1050"}],"wp:attachment":[{"href":"https:\/\/distribucionarc.com\/tr\/wp-json\/wp\/v2\/media?parent=1043"}],"wp:term":[{"taxonomy":"product_brand","embeddable":true,"href":"https:\/\/distribucionarc.com\/tr\/wp-json\/wp\/v2\/product_brand?post=1043"},{"taxonomy":"product_cat","embeddable":true,"href":"https:\/\/distribucionarc.com\/tr\/wp-json\/wp\/v2\/product_cat?post=1043"},{"taxonomy":"product_tag","embeddable":true,"href":"https:\/\/distribucionarc.com\/tr\/wp-json\/wp\/v2\/product_tag?post=1043"}],"curies":[{"name":"wp","href":"https:\/\/api.w.org\/{rel}","templated":true}]}}