{"id":1102,"date":"2020-07-16T14:41:40","date_gmt":"2020-07-16T14:41:40","guid":{"rendered":"https:\/\/distribucionarc.com\/?post_type=product&#038;p=1102"},"modified":"2024-09-08T06:49:31","modified_gmt":"2024-09-08T06:49:31","slug":"konveksiyonlu-buharli-profesyonel","status":"publish","type":"product","link":"https:\/\/distribucionarc.com\/tr\/producto\/horno-de-conveccion-con-vapor-profesional\/","title":{"rendered":"Profesyonel buharl\u0131 konveksiyonlu f\u0131r\u0131n"},"content":{"rendered":"<h3>Profesyonel buharl\u0131 konveksiyonlu f\u0131r\u0131n<\/h3>\n<p>O <strong>elektrikli f\u0131r\u0131n<\/strong> ile ilgili <strong><span style=\"color: #ff0000;\">\u0130LE<\/span><span style=\"color: #0000ff;\">R<\/span>C<\/strong> G\u00fc\u00e7lendirilmi\u015f temperli cama sahiptir. Y\u00fcksek \u0131s\u0131 yal\u0131t\u0131m performans\u0131 ve y\u00fcksek s\u0131cakl\u0131k dayan\u0131m\u0131 ile. O <strong>konveksiyon f\u0131r\u0131n\u0131<\/strong>\u00a0maksimum 350\u00b0C s\u0131cakl\u0131\u011fa kadar \u0131s\u0131t\u0131labilir. \u0130stenilen s\u0131cakl\u0131\u011fa ula\u015f\u0131ld\u0131\u011f\u0131nda buhar fonksiyonlu f\u0131r\u0131n, s\u0131cakl\u0131\u011f\u0131 korur.\u00a0<strong style=\"font-style: inherit;\"><span style=\"font-style: inherit; font-weight: inherit;\">Minimum enerji t\u00fcketimiyle sabit s\u0131cakl\u0131k<\/span><\/strong>. Bu, daha hassas ve lezzetli yemekleri garanti eder.<\/p>\n<p>O <strong>konveksiyon f\u0131r\u0131n\u0131<\/strong>\u00a0<strong><span style=\"font-style: inherit; color: #ff0000;\">\u0130LE<\/span><span style=\"font-style: inherit; color: #0000ff;\">R<\/span>CHEC1<\/strong> Kaymaz kau\u00e7uk saplamalara sahiptir ve sa\u011flam yap\u0131s\u0131 g\u00fcvenli destek sa\u011flar. M\u00fckemmel pi\u015firme i\u00e7in elektrikli f\u0131r\u0131nda \u00e7ift k\u0131zartma modu bulunur ve <strong>buhar fonksiyonu<\/strong>, O <strong>s\u0131cak hava f\u0131r\u0131n\u0131<\/strong> Kolay g\u00f6r\u00fcnt\u00fcleme i\u00e7in ayd\u0131nlat\u0131lm\u0131\u015ft\u0131r. Paslanmaz \u00e7elik \u0131s\u0131tma borusu ve i\u00e7 tasar\u0131m\u0131<strong> konveksiyon f\u0131r\u0131n\u0131<\/strong> ile ilgili <strong><span style=\"color: #ff0000;\">\u0130LE<\/span><span style=\"color: #0000ff;\">R<\/span>C<\/strong> size \u00e7ift \u0131s\u0131tma sa\u011flar <span style=\"color: #008000;\"><strong>y\u00fcksek performans<\/strong><\/span>konveksiyon sistemi s\u0131cak havan\u0131n dola\u015f\u0131m\u0131n\u0131 kolayla\u015ft\u0131r\u0131r.<\/p>\n<p>\u00d6n k\u0131sm\u0131 <strong>elektrikli f\u0131r\u0131n <span style=\"color: #ff0000;\">\u0130LE<span style=\"color: #0000ff;\">R<\/span><\/span>C<\/strong>\u00a0 Paslanmaz \u00e7elikten yap\u0131lm\u0131\u015ft\u0131r ve <strong style=\"font-style: inherit;\">temizlenmesi kolayd\u0131r.<\/strong>\u00a0Is\u0131ya dayan\u0131kl\u0131 ve paslanmaz malzemelerin i\u015flenmesi sayesinde f\u0131r\u0131n hem sa\u011flam hem de uzun \u00f6m\u00fcrl\u00fcd\u00fcr. uzun s\u00fcreli \u00e7al\u0131\u015fma i\u00e7in tasarlanm\u0131\u015f end\u00fcstriyel kullan\u0131ma uygun<\/p>\n<p>&nbsp;<\/p>\n<h6>Garanti<strong><span style=\"color: #ff0000;\"> \u0130LE<\/span><span style=\"color: #0000ff;\">R<\/span>\u00c7 2 YIL<\/strong><\/h6>\n<h6><span style=\"color: #008000;\">Verimli buharl\u0131 konveksiyonlu f\u0131r\u0131n, d\u00fc\u015f\u00fck t\u00fcketim 2400w<\/span><\/h6>\n<h6>teknik destek dahildir.<\/h6>\n<p>&nbsp;<\/p>\n<table role=\"presentation\" width=\"100%\" cellspacing=\"0\" cellpadding=\"0\">\n<tbody>\n<tr>\n<td class=\"attrLabels\">S\u0131cakl\u0131k:<\/td>\n<td width=\"50.0%\">0-350\u00b0C<\/td>\n<\/tr>\n<tr>\n<td class=\"attrLabels\">Da\u011f\u0131t\u0131m \u00fclkesi:<\/td>\n<td width=\"50.0%\">\u0130spanya, Almanya, ABD<\/td>\n<td class=\"attrLabels\">A\u011f\u0131rl\u0131k:<\/td>\n<td width=\"50.0%\">39 kg<\/td>\n<\/tr>\n<tr>\n<td class=\"attrLabels\">Marka:<\/td>\n<td width=\"50.0%\">ARK<\/td>\n<td class=\"attrLabels\">Y\u00fckseklik:<\/td>\n<td width=\"50.0%\">58cm<\/td>\n<\/tr>\n<tr>\n<td class=\"attrLabels\">Renk:<\/td>\n<td width=\"50.0%\">G\u00fcm\u00fc\u015f<\/td>\n<td class=\"attrLabels\">Uzun:<\/td>\n<td width=\"50.0%\">60cm<\/td>\n<\/tr>\n<tr>\n<td class=\"attrLabels\">\u00dcr\u00fcn tipi:<\/td>\n<td width=\"50.0%\">profesyonel buharl\u0131 konveksiyonlu f\u0131r\u0131n<\/td>\n<td class=\"attrLabels\">Geni\u015f:<\/td>\n<td width=\"50.0%\">56cm<\/td>\n<\/tr>\n<tr>\n<td class=\"attrLabels\">\u00dcretici numaras\u0131:<\/td>\n<td width=\"50.0%\">ARCHEC1<\/td>\n<td class=\"attrLabels\">G\u00fc\u00e7:<\/td>\n<td width=\"50.0%\">2400W<\/td>\n<\/tr>\n<tr>\n<td class=\"attrLabels\">Malzeme:<\/td>\n<td width=\"50.0%\">paslanmaz \u00e7elik, temperli cam<\/td>\n<td class=\"attrLabels\">giri\u015f voltaj\u0131<\/td>\n<td width=\"50.0%\">220V \u2013 50Hz<\/td>\n<\/tr>\n<tr>\n<td class=\"attrLabels\">\u00d6zellikler:<\/td>\n<td width=\"50.0%\">Buhar modu, konveksiyon sistemi, k\u0131zartma<\/td>\n<td class=\"attrLabels\">seviyeler:<\/td>\n<td width=\"50.0%\">4<\/td>\n<\/tr>\n<tr>\n<td class=\"attrLabels\">Kurulum ara\u00e7lar\u0131:<\/td>\n<td width=\"50.0%\">Evet<\/td>\n<td class=\"attrLabels\">Garanti:<\/td>\n<td width=\"50.0%\">ARK 2 YIL<\/td>\n<\/tr>\n<\/tbody>\n<\/table>\n<p>&nbsp;<\/p>","protected":false},"excerpt":{"rendered":"<h2><strong>K\u00fc\u00e7\u00fck profesyonel konveksiyonlu f\u0131r\u0131n \u2013 Maksimum alan kullan\u0131m\u0131<\/strong><\/h2>\n<p>Bu <strong>k\u00fc\u00e7\u00fck profesyonel konveksiyonlu f\u0131r\u0131n<\/strong> Kompakt boyutlar\u0131yla mevcut alandan en iyi \u015fekilde yararlanmak i\u00e7in tasarlanm\u0131\u015ft\u0131r. <strong>46 santimetre (cm) x 38 santimetre (cm) x 36 santimetre (cm)<\/strong>. Di\u011fer end\u00fcstriyel f\u0131r\u0131nlara g\u00f6re k\u00fc\u00e7\u00fck boyutuna ra\u011fmen performans\u0131 etkileyicidir. <strong>ayarlanabilir s\u0131cakl\u0131k<\/strong> aras\u0131nda <strong>50 ve 350 santigrat derece (\u00b0C)<\/strong>.<\/p>\n<h3>Bu modda pi\u015firebilece\u011finiz \u00fcr\u00fcnler <strong>profesyonel konveksiyonlu f\u0131r\u0131n<\/strong>:<\/h3>\n<ul>\n<li><strong>Pastalar<\/strong>: K\u00fc\u00e7\u00fck miktarlarda kek, turta veya muffin pi\u015firmek i\u00e7in idealdir.<\/li>\n<li><strong>Ekmekler<\/strong>: Daha k\u00fc\u00e7\u00fck miktarlarda \u00e7\u0131t\u0131r, alt\u0131n rengi ekmek pi\u015firmesi gereken f\u0131r\u0131nlar i\u00e7in m\u00fckemmeldir.<\/li>\n<li><strong>\u00c7erezler<\/strong>: \u00c7\u0131t\u0131r bir doku elde ederek homojen bir pi\u015firme sa\u011flar.<\/li>\n<li><strong>Pizzalar<\/strong>: Mini pizzalar veya tek ki\u015filik porsiyonlar i\u00e7in idealdir.<\/li>\n<li><strong>patates gratine<\/strong>: Alt\u0131n rengi ve \u00e7\u0131t\u0131r bir y\u00fczeye sahip, kremsi bir doku elde eder.<\/li>\n<li><strong>Izgara bal\u0131k<\/strong>: F\u0131r\u0131nda bal\u0131k porsiyonlar\u0131n\u0131 h\u0131zl\u0131 bir \u015fekilde haz\u0131rlamak i\u00e7in m\u00fckemmeldir.<\/li>\n<li><strong>kavrulmu\u015f sebzeler<\/strong>: \u00c7\u0131t\u0131r \u00e7\u0131t\u0131r, m\u00fckemmel pi\u015fmi\u015f sebzeler elde edin.<\/li>\n<\/ul>\n<h3>Bunun uygulanabilece\u011fi sekt\u00f6rler <strong>k\u00fc\u00e7\u00fck konveksiyonlu f\u0131r\u0131n<\/strong>:<\/h3>\n<ul>\n<li><strong>Pastaneler<\/strong>: K\u00fc\u00e7\u00fck partiler halinde taze \u00fcr\u00fcnleri daha k\u0131sa s\u00fcrede pi\u015firmek i\u00e7in.<\/li>\n<li><strong>Kafeler<\/strong>: Kek, kurabiye ve di\u011fer unlu mamullerin haz\u0131rlanmas\u0131 i\u00e7in idealdir.<\/li>\n<li><strong>k\u00fc\u00e7\u00fck restoranlar<\/strong>: Bu kompakt f\u0131r\u0131n, k\u00fc\u00e7\u00fck mutfaklardaki alan\u0131 optimize eder.<\/li>\n<li><strong>g\u0131da kamyonlar\u0131<\/strong>: \u00c7ok y\u00f6nl\u00fcl\u00fc\u011fe ihtiya\u00e7 duyulan s\u0131n\u0131rl\u0131 alanlar i\u00e7in m\u00fckemmeldir.<\/li>\n<li><strong>Marketler<\/strong>: Pizza ve ekmek gibi taze pi\u015fmi\u015f \u00fcr\u00fcnler sunmaktad\u0131r.<\/li>\n<li><strong>Oteller<\/strong>: Kahvalt\u0131 b\u00fcfeleri, k\u00fc\u00e7\u00fck porsiyon ekmek veya tatl\u0131 \u00fcr\u00fcnlerin pi\u015firilmesi i\u00e7in idealdir.<\/li>\n<li><strong>yemek servisi<\/strong>: K\u00fc\u00e7\u00fck ama verimli bir f\u0131r\u0131na ihtiya\u00e7 duyulan etkinlikler i\u00e7in ta\u015f\u0131nmas\u0131 kolayd\u0131r.<\/li>\n<\/ul>\n<p>Kompakt boyutlar\u0131na ra\u011fmen bu <strong>profesyonel konveksiyonlu f\u0131r\u0131n<\/strong> e\u015fit \u0131s\u0131 da\u011f\u0131l\u0131m\u0131 sa\u011flayarak s\u0131n\u0131rl\u0131 alana sahip ancak kaliteli bir f\u0131r\u0131n\u0131n g\u00fcc\u00fcne ihtiya\u00e7 duyan i\u015fletmeler i\u00e7in ideal se\u00e7imdir. Bu <strong>k\u00fc\u00e7\u00fck konveksiyonlu f\u0131r\u0131n<\/strong> K\u00fc\u00e7\u00fck alanda kalite ve verimlilik arayan t\u00fcm ticari mutfaklar i\u00e7in \u00e7ok y\u00f6nl\u00fc bir \u00e7\u00f6z\u00fcmd\u00fcr.<\/p>","protected":false},"featured_media":1108,"comment_status":"open","ping_status":"closed","template":"","meta":{"wds_primary_product_brand":0,"wds_primary_product_cat":0},"product_brand":[],"product_cat":[42,40],"product_tag":[],"class_list":{"0":"post-1102","1":"product","2":"type-product","3":"status-publish","4":"has-post-thumbnail","6":"product_cat-asador-de-pollos","7":"product_cat-hornos","8":"product_shipping_class-hosteleria","10":"first","11":"instock","12":"sale","13":"taxable","14":"shipping-taxable","15":"purchasable","16":"product-type-simple"},"yoast_head":"<!-- This site is optimized with the Yoast SEO Premium plugin v24.9 (Yoast SEO v26.1) - https:\/\/yoast.com\/wordpress\/plugins\/seo\/ -->\n<title>Horno de convecci\u00f3n con vapor profesional - distribuci\u00f3n ARC<\/title>\n<meta name=\"robots\" content=\"index, follow, max-snippet:-1, max-image-preview:large, max-video-preview:-1\" \/>\n<link rel=\"canonical\" href=\"https:\/\/distribucionarc.com\/tr\/urun\/konveksiyonlu-buharli-profesyonel\/\" \/>\n<meta property=\"og:locale\" content=\"tr_TR\" \/>\n<meta property=\"og:type\" content=\"article\" \/>\n<meta property=\"og:title\" content=\"Horno de convecci\u00f3n con vapor profesional\" \/>\n<meta property=\"og:description\" content=\"Horno de convecci\u00f3n profesional peque\u00f1o \u2013 M\u00e1ximo aprovechamiento del espacio Este horno de convecci\u00f3n profesional peque\u00f1o est\u00e1 dise\u00f1ado para aprovechar al m\u00e1ximo el espacio disponible, con unas dimensiones compactas de 46 cent\u00edmetros (cm) x 38 cent\u00edmetros (cm) x 36 cent\u00edmetros (cm). A pesar de su tama\u00f1o reducido en comparaci\u00f3n con otros hornos industriales, su rendimiento es impresionante, gracias a su temperatura regulable entre 50 y 350 grados cent\u00edgrados (\u00b0C). Productos que puedes cocinar en este horno de convecci\u00f3n profesional:   Pasteles: Ideal para hornear peque\u00f1os lotes de pasteles, tartas o muffins.  Panes: Perfecto para panader\u00edas que necesitan hornear pan crujiente y dorado en menor cantidad.  Galletas: Garantiza una cocci\u00f3n uniforme, logrando una textura crujiente.  Pizzas: Ideal para mini pizzas o porciones individuales.  Grat\u00e9n de patatas: Logra una textura cremosa con una superficie dorada y crujiente.  Pescado asado: Perfecto para preparar porciones de pescado al horno de manera r\u00e1pida.  Verduras asadas: Obt\u00e9n verduras crujientes y perfectamente cocidas.  Sectores donde se puede implementar este horno de convecci\u00f3n peque\u00f1o:   Panader\u00edas: Para hornear peque\u00f1os lotes de productos frescos en menos tiempo.  Cafeter\u00edas: Ideal para preparar pasteles, galletas y otros productos horneados.  Restaurantes peque\u00f1os: Este horno compacto optimiza el espacio en cocinas peque\u00f1as.  Food trucks: Perfecto para espacios limitados donde se necesita versatilidad.  Tiendas de conveniencia: Ofrece productos reci\u00e9n horneados como pizzas y panes.  Hoteles: Ideal para buffets de desayuno, horneando porciones peque\u00f1as de panes o productos dulces.  Catering: F\u00e1cil de transportar para eventos donde se necesita un horno peque\u00f1o pero eficiente.  A pesar de su tama\u00f1o compacto, este horno de convecci\u00f3n profesional garantiza una distribuci\u00f3n uniforme del calor, lo que lo convierte en la opci\u00f3n ideal para negocios con espacio limitado pero que requieren la potencia de un horno de calidad. Este horno de convecci\u00f3n peque\u00f1o es una soluci\u00f3n vers\u00e1til para cualquier cocina comercial que busque calidad y eficiencia en un espacio reducido.\" \/>\n<meta property=\"og:url\" content=\"https:\/\/distribucionarc.com\/tr\/urun\/konveksiyonlu-buharli-profesyonel\/\" \/>\n<meta property=\"og:site_name\" content=\"distribuci\u00f3n ARC\" \/>\n<meta property=\"article:modified_time\" content=\"2024-09-08T06:49:31+00:00\" \/>\n<meta property=\"og:image\" content=\"https:\/\/distribucionarc.com\/wp-content\/uploads\/2020\/07\/Horno-convecci\u00f3n-vapor-profesional-0.jpg\" \/>\n\t<meta property=\"og:image:width\" content=\"1600\" \/>\n\t<meta property=\"og:image:height\" content=\"1600\" \/>\n\t<meta property=\"og:image:type\" content=\"image\/jpeg\" \/>\n<meta name=\"twitter:card\" content=\"summary_large_image\" \/>\n<meta name=\"twitter:label1\" content=\"Tahmini okuma s\u00fcresi\" \/>\n\t<meta name=\"twitter:data1\" content=\"2 dakika\" \/>\n<script type=\"application\/ld+json\" class=\"yoast-schema-graph\">{\"@context\":\"https:\/\/schema.org\",\"@graph\":[{\"@type\":\"WebPage\",\"@id\":\"https:\/\/distribucionarc.com\/hr\/producto\/horno-de-conveccion-con-vapor-profesional\/\",\"url\":\"https:\/\/distribucionarc.com\/hr\/producto\/horno-de-conveccion-con-vapor-profesional\/\",\"name\":\"Horno de convecci\u00f3n con vapor profesional - distribuci\u00f3n ARC\",\"isPartOf\":{\"@id\":\"https:\/\/www.distribucionarc.com\/tr\/#website\"},\"primaryImageOfPage\":{\"@id\":\"https:\/\/distribucionarc.com\/hr\/producto\/horno-de-conveccion-con-vapor-profesional\/#primaryimage\"},\"image\":{\"@id\":\"https:\/\/distribucionarc.com\/hr\/producto\/horno-de-conveccion-con-vapor-profesional\/#primaryimage\"},\"thumbnailUrl\":\"https:\/\/distribucionarc.com\/wp-content\/uploads\/2020\/07\/Horno-convecci\u00f3n-vapor-profesional-0.jpg\",\"datePublished\":\"2020-07-16T14:41:40+00:00\",\"dateModified\":\"2024-09-08T06:49:31+00:00\",\"breadcrumb\":{\"@id\":\"https:\/\/distribucionarc.com\/hr\/producto\/horno-de-conveccion-con-vapor-profesional\/#breadcrumb\"},\"inLanguage\":\"tr\",\"potentialAction\":[{\"@type\":\"ReadAction\",\"target\":[\"https:\/\/distribucionarc.com\/hr\/producto\/horno-de-conveccion-con-vapor-profesional\/\"]}]},{\"@type\":\"ImageObject\",\"inLanguage\":\"tr\",\"@id\":\"https:\/\/distribucionarc.com\/hr\/producto\/horno-de-conveccion-con-vapor-profesional\/#primaryimage\",\"url\":\"https:\/\/distribucionarc.com\/wp-content\/uploads\/2020\/07\/Horno-convecci\u00f3n-vapor-profesional-0.jpg\",\"contentUrl\":\"https:\/\/distribucionarc.com\/wp-content\/uploads\/2020\/07\/Horno-convecci\u00f3n-vapor-profesional-0.jpg\",\"width\":1600,\"height\":1600,\"caption\":\"Horno de convecci\u00f3n de vapor profesional\"},{\"@type\":\"BreadcrumbList\",\"@id\":\"https:\/\/distribucionarc.com\/hr\/producto\/horno-de-conveccion-con-vapor-profesional\/#breadcrumb\",\"itemListElement\":[{\"@type\":\"ListItem\",\"position\":1,\"name\":\"Portada\",\"item\":\"https:\/\/www.distribucionarc.com\/tr\/\"},{\"@type\":\"ListItem\",\"position\":2,\"name\":\"Produktai\",\"item\":\"https:\/\/distribucionarc.com\/lt\/parduotuve\/\"},{\"@type\":\"ListItem\",\"position\":3,\"name\":\"Horno de convecci\u00f3n con vapor profesional\"}]},{\"@type\":\"WebSite\",\"@id\":\"https:\/\/www.distribucionarc.com\/tr\/#website\",\"url\":\"https:\/\/www.distribucionarc.com\/tr\/\",\"name\":\"distribuci\u00f3n ARC\",\"description\":\"Empresa especializada en la fabricaci\u00f3n y distribuci\u00f3n de maquinaria industrial, selladoras de latas, Maquinas de hacer pastillas, Maquinas de cortar carne...\",\"publisher\":{\"@id\":\"https:\/\/www.distribucionarc.com\/tr\/#organization\"},\"potentialAction\":[{\"@type\":\"SearchAction\",\"target\":{\"@type\":\"EntryPoint\",\"urlTemplate\":\"https:\/\/www.distribucionarc.com\/tr\/?s={search_term_string}\"},\"query-input\":{\"@type\":\"PropertyValueSpecification\",\"valueRequired\":true,\"valueName\":\"search_term_string\"}}],\"inLanguage\":\"tr\"},{\"@type\":\"Organization\",\"@id\":\"https:\/\/www.distribucionarc.com\/tr\/#organization\",\"name\":\"Distribuci\u00f3n ARC\",\"url\":\"https:\/\/www.distribucionarc.com\/tr\/\",\"logo\":{\"@type\":\"ImageObject\",\"inLanguage\":\"tr\",\"@id\":\"https:\/\/www.distribucionarc.com\/tr\/#\/schema\/logo\/image\/\",\"url\":\"https:\/\/distribucionarc.com\/wp-content\/uploads\/2024\/10\/distribucion-ARC-COLOR-SIN-FONDO-e1732295305345.png\",\"contentUrl\":\"https:\/\/distribucionarc.com\/wp-content\/uploads\/2024\/10\/distribucion-ARC-COLOR-SIN-FONDO-e1732295305345.png\",\"width\":1164,\"height\":558,\"caption\":\"Distribuci\u00f3n ARC\"},\"image\":{\"@id\":\"https:\/\/www.distribucionarc.com\/tr\/#\/schema\/logo\/image\/\"},\"description\":\"Empresa especializada en la fabricaci\u00f3n y distribuci\u00f3n de maquinaria industrial para los sectores alimentario y farmac\u00e9utico. Nos especializamos en: M\u00e1quinas de cortar carne Fabricaci\u00f3n de comprimidos Sistemas de transporte industrial L\u00edneas de embotellado Dosificadores Y mucho m\u00e1s... Ofrecemos soluciones innovadoras y personalizadas para optimizar los procesos productivos de tu empresa.\",\"email\":\"Admistracion@distribucionarc.com\",\"telephone\":\"+34 643496664\",\"legalName\":\"ARC TECH SOLUTIONS\",\"foundingDate\":\"2024-04-09\",\"vatID\":\"B55480172\",\"numberOfEmployees\":{\"@type\":\"QuantitativeValue\",\"minValue\":\"1\",\"maxValue\":\"10\"}}]}<\/script>\n<!-- \/ Yoast SEO Premium plugin. -->","yoast_head_json":{"title":"Profesyonel buharl\u0131 konveksiyonlu f\u0131r\u0131n - ARC da\u011f\u0131t\u0131m\u0131","robots":{"index":"index","follow":"follow","max-snippet":"max-snippet:-1","max-image-preview":"max-image-preview:large","max-video-preview":"max-video-preview:-1"},"canonical":"https:\/\/distribucionarc.com\/tr\/urun\/konveksiyonlu-buharli-profesyonel\/","og_locale":"tr_TR","og_type":"article","og_title":"Horno de convecci\u00f3n con vapor profesional","og_description":"Horno de convecci\u00f3n profesional peque\u00f1o \u2013 M\u00e1ximo aprovechamiento del espacio Este horno de convecci\u00f3n profesional peque\u00f1o est\u00e1 dise\u00f1ado para aprovechar al m\u00e1ximo el espacio disponible, con unas dimensiones compactas de 46 cent\u00edmetros (cm) x 38 cent\u00edmetros (cm) x 36 cent\u00edmetros (cm). A pesar de su tama\u00f1o reducido en comparaci\u00f3n con otros hornos industriales, su rendimiento es impresionante, gracias a su temperatura regulable entre 50 y 350 grados cent\u00edgrados (\u00b0C). Productos que puedes cocinar en este horno de convecci\u00f3n profesional:   Pasteles: Ideal para hornear peque\u00f1os lotes de pasteles, tartas o muffins.  Panes: Perfecto para panader\u00edas que necesitan hornear pan crujiente y dorado en menor cantidad.  Galletas: Garantiza una cocci\u00f3n uniforme, logrando una textura crujiente.  Pizzas: Ideal para mini pizzas o porciones individuales.  Grat\u00e9n de patatas: Logra una textura cremosa con una superficie dorada y crujiente.  Pescado asado: Perfecto para preparar porciones de pescado al horno de manera r\u00e1pida.  Verduras asadas: Obt\u00e9n verduras crujientes y perfectamente cocidas.  Sectores donde se puede implementar este horno de convecci\u00f3n peque\u00f1o:   Panader\u00edas: Para hornear peque\u00f1os lotes de productos frescos en menos tiempo.  Cafeter\u00edas: Ideal para preparar pasteles, galletas y otros productos horneados.  Restaurantes peque\u00f1os: Este horno compacto optimiza el espacio en cocinas peque\u00f1as.  Food trucks: Perfecto para espacios limitados donde se necesita versatilidad.  Tiendas de conveniencia: Ofrece productos reci\u00e9n horneados como pizzas y panes.  Hoteles: Ideal para buffets de desayuno, horneando porciones peque\u00f1as de panes o productos dulces.  Catering: F\u00e1cil de transportar para eventos donde se necesita un horno peque\u00f1o pero eficiente.  A pesar de su tama\u00f1o compacto, este horno de convecci\u00f3n profesional garantiza una distribuci\u00f3n uniforme del calor, lo que lo convierte en la opci\u00f3n ideal para negocios con espacio limitado pero que requieren la potencia de un horno de calidad. Este horno de convecci\u00f3n peque\u00f1o es una soluci\u00f3n vers\u00e1til para cualquier cocina comercial que busque calidad y eficiencia en un espacio reducido.","og_url":"https:\/\/distribucionarc.com\/tr\/urun\/konveksiyonlu-buharli-profesyonel\/","og_site_name":"distribuci\u00f3n ARC","article_modified_time":"2024-09-08T06:49:31+00:00","og_image":[{"width":1600,"height":1600,"url":"https:\/\/distribucionarc.com\/wp-content\/uploads\/2020\/07\/Horno-convecci\u00f3n-vapor-profesional-0.jpg","type":"image\/jpeg"}],"twitter_card":"summary_large_image","twitter_misc":{"Tahmini okuma s\u00fcresi":"2 dakika"},"schema":{"@context":"https:\/\/schema.org","@graph":[{"@type":"WebPage","@id":"https:\/\/distribucionarc.com\/hr\/producto\/horno-de-conveccion-con-vapor-profesional\/","url":"https:\/\/distribucionarc.com\/hr\/producto\/horno-de-conveccion-con-vapor-profesional\/","name":"Profesyonel buharl\u0131 konveksiyonlu f\u0131r\u0131n - ARC da\u011f\u0131t\u0131m\u0131","isPartOf":{"@id":"https:\/\/www.distribucionarc.com\/tr\/#website"},"primaryImageOfPage":{"@id":"https:\/\/distribucionarc.com\/hr\/producto\/horno-de-conveccion-con-vapor-profesional\/#primaryimage"},"image":{"@id":"https:\/\/distribucionarc.com\/hr\/producto\/horno-de-conveccion-con-vapor-profesional\/#primaryimage"},"thumbnailUrl":"https:\/\/distribucionarc.com\/wp-content\/uploads\/2020\/07\/Horno-convecci\u00f3n-vapor-profesional-0.jpg","datePublished":"2020-07-16T14:41:40+00:00","dateModified":"2024-09-08T06:49:31+00:00","breadcrumb":{"@id":"https:\/\/distribucionarc.com\/hr\/producto\/horno-de-conveccion-con-vapor-profesional\/#breadcrumb"},"inLanguage":"tr","potentialAction":[{"@type":"ReadAction","target":["https:\/\/distribucionarc.com\/hr\/producto\/horno-de-conveccion-con-vapor-profesional\/"]}]},{"@type":"ImageObject","inLanguage":"tr","@id":"https:\/\/distribucionarc.com\/hr\/producto\/horno-de-conveccion-con-vapor-profesional\/#primaryimage","url":"https:\/\/distribucionarc.com\/wp-content\/uploads\/2020\/07\/Horno-convecci\u00f3n-vapor-profesional-0.jpg","contentUrl":"https:\/\/distribucionarc.com\/wp-content\/uploads\/2020\/07\/Horno-convecci\u00f3n-vapor-profesional-0.jpg","width":1600,"height":1600,"caption":"Horno de convecci\u00f3n de vapor profesional"},{"@type":"BreadcrumbList","@id":"https:\/\/distribucionarc.com\/hr\/producto\/horno-de-conveccion-con-vapor-profesional\/#breadcrumb","itemListElement":[{"@type":"ListItem","position":1,"name":"Portada","item":"https:\/\/www.distribucionarc.com\/tr\/"},{"@type":"ListItem","position":2,"name":"Produktai","item":"https:\/\/distribucionarc.com\/lt\/parduotuve\/"},{"@type":"ListItem","position":3,"name":"Horno de convecci\u00f3n con vapor profesional"}]},{"@type":"WebSite","@id":"https:\/\/www.distribucionarc.com\/tr\/#website","url":"https:\/\/www.distribucionarc.com\/tr\/","name":"ARC da\u011f\u0131t\u0131m\u0131","description":"End\u00fcstriyel makinelerin \u00fcretimi ve da\u011f\u0131t\u0131m\u0131 konusunda uzmanla\u015fm\u0131\u015f \u015firket, kutu m\u00fch\u00fcrleme makineleri, tablet yapma makineleri, et kesme makineleri...","publisher":{"@id":"https:\/\/www.distribucionarc.com\/tr\/#organization"},"potentialAction":[{"@type":"SearchAction","target":{"@type":"EntryPoint","urlTemplate":"https:\/\/www.distribucionarc.com\/tr\/?s={search_term_string}"},"query-input":{"@type":"PropertyValueSpecification","valueRequired":true,"valueName":"search_term_string"}}],"inLanguage":"tr"},{"@type":"Organization","@id":"https:\/\/www.distribucionarc.com\/tr\/#organization","name":"ARC Da\u011f\u0131t\u0131m\u0131","url":"https:\/\/www.distribucionarc.com\/tr\/","logo":{"@type":"ImageObject","inLanguage":"tr","@id":"https:\/\/www.distribucionarc.com\/tr\/#\/schema\/logo\/image\/","url":"https:\/\/distribucionarc.com\/wp-content\/uploads\/2024\/10\/distribucion-ARC-COLOR-SIN-FONDO-e1732295305345.png","contentUrl":"https:\/\/distribucionarc.com\/wp-content\/uploads\/2024\/10\/distribucion-ARC-COLOR-SIN-FONDO-e1732295305345.png","width":1164,"height":558,"caption":"Distribuci\u00f3n ARC"},"image":{"@id":"https:\/\/www.distribucionarc.com\/tr\/#\/schema\/logo\/image\/"},"description":"\u015eirket, g\u0131da ve ila\u00e7 sekt\u00f6rleri i\u00e7in end\u00fcstriyel makine \u00fcretimi ve da\u011f\u0131t\u0131m\u0131 konusunda uzmanla\u015fm\u0131\u015ft\u0131r. Uzmanl\u0131k alanlar\u0131m\u0131z Et kesme makineleri Tablet \u00fcretimi End\u00fcstriyel ta\u015f\u0131ma sistemleri \u015ei\u015feleme hatlar\u0131 Dozajlama makineleri Ve \u00e7ok daha fazlas\u0131... \u015eirketinizin \u00fcretim s\u00fcre\u00e7lerini optimize etmek i\u00e7in yenilik\u00e7i ve \u00f6zelle\u015ftirilmi\u015f \u00e7\u00f6z\u00fcmler sunuyoruz.","email":"Admistracion@distribucionarc.com","telephone":"+34 643496664","legalName":"ARC TECH SOLUTIONS","foundingDate":"2024-04-09","vatID":"B55480172","numberOfEmployees":{"@type":"QuantitativeValue","minValue":"1","maxValue":"10"}}]}},"_links":{"self":[{"href":"https:\/\/distribucionarc.com\/tr\/wp-json\/wp\/v2\/product\/1102","targetHints":{"allow":["GET"]}}],"collection":[{"href":"https:\/\/distribucionarc.com\/tr\/wp-json\/wp\/v2\/product"}],"about":[{"href":"https:\/\/distribucionarc.com\/tr\/wp-json\/wp\/v2\/types\/product"}],"replies":[{"embeddable":true,"href":"https:\/\/distribucionarc.com\/tr\/wp-json\/wp\/v2\/comments?post=1102"}],"version-history":[{"count":0,"href":"https:\/\/distribucionarc.com\/tr\/wp-json\/wp\/v2\/product\/1102\/revisions"}],"wp:featuredmedia":[{"embeddable":true,"href":"https:\/\/distribucionarc.com\/tr\/wp-json\/wp\/v2\/media\/1108"}],"wp:attachment":[{"href":"https:\/\/distribucionarc.com\/tr\/wp-json\/wp\/v2\/media?parent=1102"}],"wp:term":[{"taxonomy":"product_brand","embeddable":true,"href":"https:\/\/distribucionarc.com\/tr\/wp-json\/wp\/v2\/product_brand?post=1102"},{"taxonomy":"product_cat","embeddable":true,"href":"https:\/\/distribucionarc.com\/tr\/wp-json\/wp\/v2\/product_cat?post=1102"},{"taxonomy":"product_tag","embeddable":true,"href":"https:\/\/distribucionarc.com\/tr\/wp-json\/wp\/v2\/product_tag?post=1102"}],"curies":[{"name":"wp","href":"https:\/\/api.w.org\/{rel}","templated":true}]}}