{"id":1156,"date":"2020-07-17T11:31:11","date_gmt":"2020-07-17T11:31:11","guid":{"rendered":"https:\/\/distribucionarc.com\/?post_type=product&#038;p=1156"},"modified":"2024-09-08T15:03:58","modified_gmt":"2024-09-08T15:03:58","slug":"su-alkol-damitma-38-5l","status":"publish","type":"product","link":"https:\/\/distribucionarc.com\/tr\/producto\/destilador-alcohol-de-agua-38-5l\/","title":{"rendered":"38.5L su alkol dam\u0131tma cihaz\u0131"},"content":{"rendered":"<h3>38.5L su alkol dam\u0131tma cihaz\u0131<\/h3>\n<p>O <strong>alkol dam\u0131t\u0131c\u0131<\/strong> ile ilgili <strong><span style=\"color: #ff0000;\">\u0130LE<\/span><span style=\"color: #0000ff;\">R<\/span>C<\/strong> Meyve \u015farab\u0131, su, brendi, bitki ekstraksiyonu vb. dam\u0131tmak i\u00e7in uygundur. Hem yeni ba\u015flayanlar hem de profesyoneller i\u00e7in \u00f6nerilir. Her t\u00fcrl\u00fc \u0131s\u0131tma y\u00f6ntemini uygulayabilme.<\/p>\n<p>O <strong>alkol dam\u0131t\u0131c\u0131<\/strong> <strong><span style=\"color: #ff0000;\">\u0130LE<\/span><span style=\"color: #0000ff;\">R<\/span>C<\/strong> kadar \u00fcretim yapabilecek kadar b\u00fcy\u00fck bir \u00fcretim kapasitesine sahiptir. <strong>38,5L<\/strong> maddenin. Sa\u011flam <strong>dam\u0131t\u0131c\u0131<\/strong> Paslanmaz \u00e7elik y\u0131llarca dayan\u0131r. Kal\u0131nla\u015ft\u0131r\u0131lm\u0131\u015f alt k\u0131s\u0131m her t\u00fcrl\u00fc \u0131s\u0131tma y\u00f6ntemine izin verir.<\/p>\n<p>So\u011futma <strong>su dam\u0131tma cihaz\u0131<\/strong> \u00c7ift namlulu tasar\u0131ma sahip a\u00e7\u0131k tiptir. Bak\u0131r bobinler su so\u011futucu ile geni\u015f bir temas alan\u0131na sahiptir ve bu da <span style=\"color: #0000ff;\"><strong>so\u011futma performans\u0131 ve dam\u0131t\u0131lm\u0131\u015f \u00fcr\u00fcn\u00fcn olduk\u00e7a d\u00fc\u015f\u00fck bir s\u0131cakl\u0131\u011f\u0131n\u0131n korunmas\u0131<\/strong><\/span>. Sirk\u00fclasyon suyu alt giri\u015ften girer ve \u00fcst \u00e7\u0131k\u0131\u015ftan bo\u015fal\u0131r. Esnek ve sa\u011flam g\u0131da s\u0131n\u0131f\u0131 silikon t\u00fcpler h\u0131zl\u0131 su ak\u0131\u015f\u0131 sa\u011flar. Ek sirk\u00fclasyon suyu pompas\u0131 su tasarrufu sa\u011flar ve daha fazla \u00fcretim sa\u011flar. Termometre kapa\u011f\u0131n i\u00e7ine yerle\u015ftirilmi\u015ftir. <strong>alkol dam\u0131t\u0131c\u0131<\/strong> <strong><span style=\"color: #ff0000;\">\u0130LE<\/span><span style=\"color: #0000ff;\">R<\/span>CDAF1<\/strong> Dam\u0131tma i\u015flemi s\u0131ras\u0131nda s\u0131cakl\u0131\u011f\u0131n kolay izlenmesini sa\u011flar.<\/p>\n<p>D\u00f6rt h\u0131zl\u0131 kanca, kapa\u011f\u0131n s\u0131k\u0131ca kapat\u0131lmas\u0131na yard\u0131mc\u0131 olur <strong>dam\u0131tma kiti<\/strong>kovaya ba\u011fl\u0131 kald\u0131rma kollar\u0131 b\u00fcy\u00fck miktarda gerilimi korur. Tah\u0131l fermantasyon prosesinde uygulama i\u00e7in tek y\u00f6nl\u00fc hava tahliye valfi i\u00e7erir.<\/p>\n<h6><\/h6>\n<h6><strong>Garanti\u00a0<span style=\"color: #ff0000;\">\u0130LE<\/span><span style=\"color: #0000ff;\">R<\/span>\u00c7 2 YIL<\/strong><\/h6>\n<h6><span style=\"color: #0000ff;\">H\u0131zl\u0131 so\u011futma sistemi\u00a0<\/span><\/h6>\n<h6><strong>teknik destek dahildir.<\/strong><\/h6>\n<p>&nbsp;<\/p>\n<table>\n<thead>\n<tr>\n<th><strong>\u00d6zellikler<\/strong><\/th>\n<th><strong>Tan\u0131m<\/strong><\/th>\n<\/tr>\n<\/thead>\n<tbody>\n<tr>\n<td><strong>Ayarlanabilir s\u0131cakl\u0131k<\/strong><\/td>\n<td>0-350 \u00baC \u2013 Farkl\u0131 s\u0131v\u0131lar\u0131n \u0131s\u0131t\u0131lmas\u0131na ve dam\u0131t\u0131lmas\u0131na uyarlanabilir.<\/td>\n<\/tr>\n<tr>\n<td><strong>Namlu kapasitesi<\/strong><\/td>\n<td>38,5 litre (L) \u2013 Orta \u00f6l\u00e7ekli dam\u0131tma i\u00e7in idealdir.<\/td>\n<\/tr>\n<tr>\n<td><strong>Boyutlar<\/strong><\/td>\n<td><strong>Y\u00fckseklik<\/strong>: 47cm, <strong>Uzun<\/strong>: 46cm, <strong>Geni\u015f<\/strong>: 46cm<\/td>\n<\/tr>\n<tr>\n<td><strong>A\u011f\u0131rl\u0131k<\/strong><\/td>\n<td>7,2 kg \u2013 H\u0131zl\u0131 kurulum i\u00e7in hafif ve kullan\u0131m\u0131 kolayd\u0131r.<\/td>\n<\/tr>\n<tr>\n<td><strong>Malzeme<\/strong><\/td>\n<td>304 Paslanmaz \u00c7elik \u2013 Y\u00fcksek korozyon direnci ve g\u0131da g\u00fcvenli\u011fi.<\/td>\n<\/tr>\n<tr>\n<td><strong>Kapak tipi<\/strong><\/td>\n<td>Maksimum bas\u0131n\u00e7 ve g\u00fcvenlik sa\u011flamak i\u00e7in emniyet kancalar\u0131yla s\u0131k\u0131 kapatma.<\/td>\n<\/tr>\n<tr>\n<td><strong>Garanti<\/strong><\/td>\n<td>2 y\u0131l \u2013 Tam \u00fcr\u00fcn kapsam\u0131.<\/td>\n<\/tr>\n<tr>\n<td><strong>Marka<\/strong><\/td>\n<td>ARC \u2013 Dam\u0131tma ekipman\u0131ndaki kalitesiyle tan\u0131nmaktad\u0131r.<\/td>\n<\/tr>\n<tr>\n<td><strong>Tesis<\/strong><\/td>\n<td>H\u0131zl\u0131 ve kolay kurulum i\u00e7in ara\u00e7lar i\u00e7erir.<\/td>\n<\/tr>\n<tr>\n<td><strong>Bas\u0131n\u00e7 kontrol\u00fc<\/strong><\/td>\n<td>Hassas dam\u0131tma i\u00e7in entegre kontrol sistemi.<\/td>\n<\/tr>\n<tr>\n<td><strong>Teknik deste\u011fi olan \u00fclkeler<\/strong><\/td>\n<td><strong>Teknik deste\u011fe dan\u0131\u015f\u0131n <a href=\"https:\/\/distribucionarc.com\/tr\/teknik-servis\/\">Burada<\/a><\/strong><\/td>\n<\/tr>\n<\/tbody>\n<\/table>\n<p>&nbsp;<\/p>","protected":false},"excerpt":{"rendered":"<h2><strong>38 litre alkol dam\u0131tma cihaz\u0131 \u2013 Profesyonel ve hobi kullan\u0131m\u0131<\/strong><\/h2>\n<p>Bu <strong>38 litre alkol dam\u0131t\u0131c\u0131<\/strong> Her ikisine de uyum sa\u011flayan \u00e7ok y\u00f6nl\u00fc bir makinedir. <strong>hobiciler<\/strong> kullan\u0131c\u0131lar olarak <strong>profesyoneller<\/strong>. Onun yetene\u011fi <strong>38 litre<\/strong> alkol, su dam\u0131tma, u\u00e7ucu ya\u011flar ve di\u011fer s\u0131v\u0131lar\u0131n evde \u00fcretimi i\u00e7in idealdir. Y\u00fcksek kaliteli paslanmaz \u00e7elik tasar\u0131m\u0131yla bu dam\u0131tma cihaz\u0131, g\u0131dayla temas halinde dayan\u0131kl\u0131l\u0131k, korozyon direnci ve g\u00fcvenlik sa\u011flar.<\/p>\n<h3>Ana \u00f6zellikler:<\/h3>\n<ul>\n<li><strong>38 litre (L) kapasite<\/strong>: Orta ila b\u00fcy\u00fck partiler i\u00e7in yeterlidir, bu da onu hem ev kullan\u0131c\u0131lar\u0131 hem de k\u00fc\u00e7\u00fck ticari \u00fcretimler i\u00e7in esnek bir se\u00e7enek haline getirir.<\/li>\n<li><strong>G\u0131da s\u0131n\u0131f\u0131 paslanmaz \u00e7elik<\/strong>: Yap\u0131, t\u00fcm s\u00fcre\u00e7lerin g\u00fcvenli ve kirletici maddelerden ar\u0131nd\u0131r\u0131lm\u0131\u015f olmas\u0131n\u0131 sa\u011flayan 304 paslanmaz \u00e7elikten yap\u0131lm\u0131\u015ft\u0131r.<\/li>\n<li><strong>Verimli so\u011futma sistemi<\/strong>: Dam\u0131tma cihaz\u0131, buharlar\u0131 so\u011futmak ve s\u0131v\u0131ya d\u00f6n\u00fc\u015ft\u00fcrmek i\u00e7in su kullanan bir yo\u011funla\u015ft\u0131rma sistemiyle birlikte gelir. Bu sistem \u00fcr\u00fcn ekstraksiyonunda optimum performans sa\u011flar.<\/li>\n<li><strong>Kullan\u0131mlarda \u00e7ok y\u00f6nl\u00fcl\u00fck<\/strong>: \u00c7o\u011funlukla dam\u0131tma amac\u0131yla kullan\u0131lmas\u0131na ra\u011fmen <strong>alkol<\/strong> (brendi, rom, votka, viski vb.) dam\u0131tmak i\u00e7in de kullan\u0131labilir <strong>su<\/strong>, u\u00e7ucu ya\u011flar ve hatta meyve ve bitkilere dayal\u0131 alkollerin ekstraksiyonu i\u00e7in.<\/li>\n<\/ul>\n<h3>Kullan\u0131m \u00f6rnekleri:<\/h3>\n<ul>\n<li><strong>alkol dam\u0131tma<\/strong>: Evde veya k\u00fc\u00e7\u00fck ticari gruplar halinde schnapps veya viski gibi alkoll\u00fc i\u00e7ecekler haz\u0131rlamak isteyenler i\u00e7in uygundur.<\/li>\n<li><strong>su dam\u0131tma<\/strong>: End\u00fcstriyel kullan\u0131m veya t\u00fcketim i\u00e7in ar\u0131t\u0131lm\u0131\u015f su \u00fcretmek i\u00e7in kullan\u0131\u015fl\u0131d\u0131r.<\/li>\n<li><strong>U\u00e7ucu ya\u011flar<\/strong>: Lavanta veya okalipt\u00fcs gibi bitkilerden u\u00e7ucu ya\u011flar\u0131n \u00e7\u0131kar\u0131lmas\u0131na olanak tan\u0131r ve bu da onu pop\u00fcler bir ara\u00e7 haline getirir. <strong>kozmetik end\u00fcstrisi<\/strong> herhangi biri <strong>aromaterapi<\/strong>.<\/li>\n<\/ul>\n<h3>Uygulanabilece\u011fi sekt\u00f6rler:<\/h3>\n<ul>\n<li><strong>Amat\u00f6r kullan\u0131c\u0131lar<\/strong>: Boyutu y\u00f6netilebilir oldu\u011fundan ve kullan\u0131m\u0131 basit oldu\u011fundan dam\u0131tma i\u015flemini hobi olarak yapan ki\u015filer i\u00e7in idealdir.<\/li>\n<li><strong>K\u00fc\u00e7\u00fck i\u00e7ki fabrikalar\u0131<\/strong>: K\u00fc\u00e7\u00fck seri \u00fcretim i\u00e7in g\u00fcvenilir bir makineye ihtiya\u00e7 duyan butik i\u00e7ki fabrikalar\u0131 i\u00e7in m\u00fckemmeldir.<\/li>\n<li><strong>U\u00e7ucu ya\u011f end\u00fcstrisi<\/strong>: Bitki ve bitkilerden u\u00e7ucu ya\u011flar\u0131 \u00e7\u0131karan k\u00fc\u00e7\u00fck i\u015fletmeler i\u00e7in de uygundur.<\/li>\n<li><strong>K\u00fc\u00e7\u00fck i\u00e7ecek fabrikalar\u0131<\/strong>: Bu dam\u0131t\u0131c\u0131, lik\u00f6r ve alkoll\u00fc i\u00e7kiler gibi geleneksel alkoll\u00fc i\u00e7eceklerin \u00fcretiminde kullan\u0131labilir.<\/li>\n<\/ul>","protected":false},"featured_media":6031,"comment_status":"open","ping_status":"closed","template":"","meta":{"wds_primary_product_brand":0,"wds_primary_product_cat":0},"product_brand":[],"product_cat":[54],"product_tag":[],"class_list":{"0":"post-1156","1":"product","2":"type-product","3":"status-publish","4":"has-post-thumbnail","6":"product_cat-maceracion-fermentacion","7":"product_shipping_class-hosteleria","9":"first","10":"instock","11":"sale","12":"taxable","13":"shipping-taxable","14":"purchasable","15":"product-type-simple"},"yoast_head":"<!-- This site is optimized with the Yoast SEO Premium plugin v24.9 (Yoast SEO v26.1) - https:\/\/yoast.com\/wordpress\/plugins\/seo\/ -->\n<title>Destilador alcohol de agua 38.5L - distribuci\u00f3n ARC<\/title>\n<meta name=\"robots\" content=\"index, follow, max-snippet:-1, max-image-preview:large, max-video-preview:-1\" \/>\n<link rel=\"canonical\" href=\"https:\/\/distribucionarc.com\/tr\/urun\/su-alkol-damitma-38-5l\/\" \/>\n<meta property=\"og:locale\" content=\"tr_TR\" \/>\n<meta property=\"og:type\" content=\"article\" \/>\n<meta property=\"og:title\" content=\"Destilador alcohol de agua 38.5L\" \/>\n<meta property=\"og:description\" content=\"Destilador de alcohol de 38 litros \u2013 Uso profesional y aficionado Este destilador de alcohol de 38 litros es una m\u00e1quina vers\u00e1til que se adapta tanto a hobbyistas como a usuarios profesionales. Su capacidad de 38 litros lo hace ideal para la producci\u00f3n casera de alcohol, destilaci\u00f3n de agua, aceites esenciales y otros l\u00edquidos. Con su dise\u00f1o de acero inoxidable de alta calidad, este destilador garantiza durabilidad, resistencia a la corrosi\u00f3n y seguridad en contacto con alimentos. Caracter\u00edsticas principales:   Capacidad de 38 litros (L): Suficiente para lotes medianos a grandes, lo que lo convierte en una opci\u00f3n flexible tanto para usuarios caseros como para peque\u00f1as producciones comerciales.  Acero inoxidable de grado alimenticio: La estructura est\u00e1 fabricada en acero inoxidable 304, garantizando que todos los procesos sean seguros y libres de contaminantes.  Sistema de enfriamiento eficiente: El destilador viene con un sistema de condensaci\u00f3n que utiliza agua para enfriar los vapores y transformarlos en l\u00edquido. Este sistema asegura un rendimiento \u00f3ptimo en la extracci\u00f3n del producto.  Versatilidad en usos: Aunque es mayormente utilizado para destilar alcohol (como aguardiente, ron, vodka, whisky, etc.), tambi\u00e9n se puede utilizar para destilar agua, aceites esenciales, e incluso para la extracci\u00f3n de alcoholes a base de frutas y hierbas.  Ejemplos de uso:   Destilaci\u00f3n de alcohol: Adecuado para quienes buscan crear bebidas alcoh\u00f3licas como aguardiente o whisky en casa o en peque\u00f1os lotes comerciales.  Destilaci\u00f3n de agua: \u00datil para producir agua purificada para usos industriales o consumo.  Aceites esenciales: Permite la extracci\u00f3n de aceites esenciales a partir de hierbas como lavanda o eucalipto, lo que lo convierte en una herramienta popular para la industria cosm\u00e9tica o aromaterapia.  Sectores donde se puede implementar:   Usuarios aficionados: Ideal para personas que practican la destilaci\u00f3n como hobby, ya que su tama\u00f1o es manejable y su operaci\u00f3n sencilla.  Peque\u00f1as destiler\u00edas: Perfecto para destiler\u00edas boutique que necesitan una m\u00e1quina confiable para peque\u00f1os lotes de producci\u00f3n.  Industria de aceites esenciales: Tambi\u00e9n es adecuado para peque\u00f1as empresas que extraen aceites esenciales de plantas y hierbas.  Peque\u00f1as f\u00e1bricas de bebidas: Este destilador se puede utilizar en la producci\u00f3n de bebidas alcoh\u00f3licas artesanales, como licores y aguardientes.\" \/>\n<meta property=\"og:url\" content=\"https:\/\/distribucionarc.com\/tr\/urun\/su-alkol-damitma-38-5l\/\" \/>\n<meta property=\"og:site_name\" content=\"distribuci\u00f3n ARC\" \/>\n<meta property=\"article:modified_time\" content=\"2024-09-08T15:03:58+00:00\" \/>\n<meta property=\"og:image\" content=\"https:\/\/distribucionarc.com\/wp-content\/uploads\/2020\/07\/Destilador-alcohol-de-agua-38.5L-imagen-producto.jpg\" \/>\n\t<meta property=\"og:image:width\" content=\"1600\" \/>\n\t<meta property=\"og:image:height\" content=\"1600\" \/>\n\t<meta property=\"og:image:type\" content=\"image\/jpeg\" \/>\n<meta name=\"twitter:card\" content=\"summary_large_image\" \/>\n<meta name=\"twitter:label1\" content=\"Tahmini okuma s\u00fcresi\" \/>\n\t<meta name=\"twitter:data1\" content=\"2 dakika\" \/>\n<script type=\"application\/ld+json\" class=\"yoast-schema-graph\">{\"@context\":\"https:\/\/schema.org\",\"@graph\":[{\"@type\":\"WebPage\",\"@id\":\"https:\/\/distribucionarc.com\/nb\/producto\/destilador-alcohol-de-agua-38-5l\/\",\"url\":\"https:\/\/distribucionarc.com\/nb\/producto\/destilador-alcohol-de-agua-38-5l\/\",\"name\":\"Destilador alcohol de agua 38.5L - distribuci\u00f3n ARC\",\"isPartOf\":{\"@id\":\"https:\/\/distribucionarc.com\/de\/#website\"},\"primaryImageOfPage\":{\"@id\":\"https:\/\/distribucionarc.com\/nb\/producto\/destilador-alcohol-de-agua-38-5l\/#primaryimage\"},\"image\":{\"@id\":\"https:\/\/distribucionarc.com\/nb\/producto\/destilador-alcohol-de-agua-38-5l\/#primaryimage\"},\"thumbnailUrl\":\"https:\/\/distribucionarc.com\/wp-content\/uploads\/2020\/07\/Destilador-alcohol-de-agua-38.5L-imagen-producto.jpg\",\"datePublished\":\"2020-07-17T11:31:11+00:00\",\"dateModified\":\"2024-09-08T15:03:58+00:00\",\"breadcrumb\":{\"@id\":\"https:\/\/distribucionarc.com\/nb\/producto\/destilador-alcohol-de-agua-38-5l\/#breadcrumb\"},\"inLanguage\":\"tr\",\"potentialAction\":[{\"@type\":\"ReadAction\",\"target\":[\"https:\/\/distribucionarc.com\/nb\/producto\/destilador-alcohol-de-agua-38-5l\/\"]}]},{\"@type\":\"ImageObject\",\"inLanguage\":\"tr\",\"@id\":\"https:\/\/distribucionarc.com\/nb\/producto\/destilador-alcohol-de-agua-38-5l\/#primaryimage\",\"url\":\"https:\/\/distribucionarc.com\/wp-content\/uploads\/2020\/07\/Destilador-alcohol-de-agua-38.5L-imagen-producto.jpg\",\"contentUrl\":\"https:\/\/distribucionarc.com\/wp-content\/uploads\/2020\/07\/Destilador-alcohol-de-agua-38.5L-imagen-producto.jpg\",\"width\":1600,\"height\":1600},{\"@type\":\"BreadcrumbList\",\"@id\":\"https:\/\/distribucionarc.com\/nb\/producto\/destilador-alcohol-de-agua-38-5l\/#breadcrumb\",\"itemListElement\":[{\"@type\":\"ListItem\",\"position\":1,\"name\":\"Portada\",\"item\":\"https:\/\/distribucionarc.com\/pl\/\"},{\"@type\":\"ListItem\",\"position\":2,\"name\":\"Produkty\",\"item\":\"https:\/\/distribucionarc.com\/pl\/shop\/\"},{\"@type\":\"ListItem\",\"position\":3,\"name\":\"Destilador alcohol de agua 38.5L\"}]},{\"@type\":\"WebSite\",\"@id\":\"https:\/\/distribucionarc.com\/de\/#website\",\"url\":\"https:\/\/distribucionarc.com\/de\/\",\"name\":\"distribuci\u00f3n ARC\",\"description\":\"Empresa especializada en la fabricaci\u00f3n y distribuci\u00f3n de maquinaria industrial, selladoras de latas, Maquinas de hacer pastillas, Maquinas de cortar carne...\",\"publisher\":{\"@id\":\"https:\/\/distribucionarc.com\/de\/#organization\"},\"potentialAction\":[{\"@type\":\"SearchAction\",\"target\":{\"@type\":\"EntryPoint\",\"urlTemplate\":\"https:\/\/distribucionarc.com\/de\/?s={search_term_string}\"},\"query-input\":{\"@type\":\"PropertyValueSpecification\",\"valueRequired\":true,\"valueName\":\"search_term_string\"}}],\"inLanguage\":\"tr\"},{\"@type\":\"Organization\",\"@id\":\"https:\/\/distribucionarc.com\/de\/#organization\",\"name\":\"Distribuci\u00f3n ARC\",\"url\":\"https:\/\/distribucionarc.com\/de\/\",\"logo\":{\"@type\":\"ImageObject\",\"inLanguage\":\"tr\",\"@id\":\"https:\/\/distribucionarc.com\/de\/#\/schema\/logo\/image\/\",\"url\":\"https:\/\/distribucionarc.com\/wp-content\/uploads\/2024\/10\/distribucion-ARC-COLOR-SIN-FONDO-e1732295305345.png\",\"contentUrl\":\"https:\/\/distribucionarc.com\/wp-content\/uploads\/2024\/10\/distribucion-ARC-COLOR-SIN-FONDO-e1732295305345.png\",\"width\":1164,\"height\":558,\"caption\":\"Distribuci\u00f3n ARC\"},\"image\":{\"@id\":\"https:\/\/distribucionarc.com\/de\/#\/schema\/logo\/image\/\"},\"description\":\"Empresa especializada en la fabricaci\u00f3n y distribuci\u00f3n de maquinaria industrial para los sectores alimentario y farmac\u00e9utico. Nos especializamos en: M\u00e1quinas de cortar carne Fabricaci\u00f3n de comprimidos Sistemas de transporte industrial L\u00edneas de embotellado Dosificadores Y mucho m\u00e1s... Ofrecemos soluciones innovadoras y personalizadas para optimizar los procesos productivos de tu empresa.\",\"email\":\"Admistracion@distribucionarc.com\",\"telephone\":\"+34 643496664\",\"legalName\":\"ARC TECH SOLUTIONS\",\"foundingDate\":\"2024-04-09\",\"vatID\":\"B55480172\",\"numberOfEmployees\":{\"@type\":\"QuantitativeValue\",\"minValue\":\"1\",\"maxValue\":\"10\"}}]}<\/script>\n<!-- \/ Yoast SEO Premium plugin. -->","yoast_head_json":{"title":"38,5L su alkol dam\u0131tma cihaz\u0131 - ARC da\u011f\u0131t\u0131m\u0131","robots":{"index":"index","follow":"follow","max-snippet":"max-snippet:-1","max-image-preview":"max-image-preview:large","max-video-preview":"max-video-preview:-1"},"canonical":"https:\/\/distribucionarc.com\/tr\/urun\/su-alkol-damitma-38-5l\/","og_locale":"tr_TR","og_type":"article","og_title":"Destilador alcohol de agua 38.5L","og_description":"Destilador de alcohol de 38 litros \u2013 Uso profesional y aficionado Este destilador de alcohol de 38 litros es una m\u00e1quina vers\u00e1til que se adapta tanto a hobbyistas como a usuarios profesionales. Su capacidad de 38 litros lo hace ideal para la producci\u00f3n casera de alcohol, destilaci\u00f3n de agua, aceites esenciales y otros l\u00edquidos. Con su dise\u00f1o de acero inoxidable de alta calidad, este destilador garantiza durabilidad, resistencia a la corrosi\u00f3n y seguridad en contacto con alimentos. Caracter\u00edsticas principales:   Capacidad de 38 litros (L): Suficiente para lotes medianos a grandes, lo que lo convierte en una opci\u00f3n flexible tanto para usuarios caseros como para peque\u00f1as producciones comerciales.  Acero inoxidable de grado alimenticio: La estructura est\u00e1 fabricada en acero inoxidable 304, garantizando que todos los procesos sean seguros y libres de contaminantes.  Sistema de enfriamiento eficiente: El destilador viene con un sistema de condensaci\u00f3n que utiliza agua para enfriar los vapores y transformarlos en l\u00edquido. Este sistema asegura un rendimiento \u00f3ptimo en la extracci\u00f3n del producto.  Versatilidad en usos: Aunque es mayormente utilizado para destilar alcohol (como aguardiente, ron, vodka, whisky, etc.), tambi\u00e9n se puede utilizar para destilar agua, aceites esenciales, e incluso para la extracci\u00f3n de alcoholes a base de frutas y hierbas.  Ejemplos de uso:   Destilaci\u00f3n de alcohol: Adecuado para quienes buscan crear bebidas alcoh\u00f3licas como aguardiente o whisky en casa o en peque\u00f1os lotes comerciales.  Destilaci\u00f3n de agua: \u00datil para producir agua purificada para usos industriales o consumo.  Aceites esenciales: Permite la extracci\u00f3n de aceites esenciales a partir de hierbas como lavanda o eucalipto, lo que lo convierte en una herramienta popular para la industria cosm\u00e9tica o aromaterapia.  Sectores donde se puede implementar:   Usuarios aficionados: Ideal para personas que practican la destilaci\u00f3n como hobby, ya que su tama\u00f1o es manejable y su operaci\u00f3n sencilla.  Peque\u00f1as destiler\u00edas: Perfecto para destiler\u00edas boutique que necesitan una m\u00e1quina confiable para peque\u00f1os lotes de producci\u00f3n.  Industria de aceites esenciales: Tambi\u00e9n es adecuado para peque\u00f1as empresas que extraen aceites esenciales de plantas y hierbas.  Peque\u00f1as f\u00e1bricas de bebidas: Este destilador se puede utilizar en la producci\u00f3n de bebidas alcoh\u00f3licas artesanales, como licores y aguardientes.","og_url":"https:\/\/distribucionarc.com\/tr\/urun\/su-alkol-damitma-38-5l\/","og_site_name":"distribuci\u00f3n ARC","article_modified_time":"2024-09-08T15:03:58+00:00","og_image":[{"width":1600,"height":1600,"url":"https:\/\/distribucionarc.com\/wp-content\/uploads\/2020\/07\/Destilador-alcohol-de-agua-38.5L-imagen-producto.jpg","type":"image\/jpeg"}],"twitter_card":"summary_large_image","twitter_misc":{"Tahmini okuma s\u00fcresi":"2 dakika"},"schema":{"@context":"https:\/\/schema.org","@graph":[{"@type":"WebPage","@id":"https:\/\/distribucionarc.com\/nb\/producto\/destilador-alcohol-de-agua-38-5l\/","url":"https:\/\/distribucionarc.com\/nb\/producto\/destilador-alcohol-de-agua-38-5l\/","name":"38,5L su alkol dam\u0131tma cihaz\u0131 - ARC da\u011f\u0131t\u0131m\u0131","isPartOf":{"@id":"https:\/\/distribucionarc.com\/de\/#website"},"primaryImageOfPage":{"@id":"https:\/\/distribucionarc.com\/nb\/producto\/destilador-alcohol-de-agua-38-5l\/#primaryimage"},"image":{"@id":"https:\/\/distribucionarc.com\/nb\/producto\/destilador-alcohol-de-agua-38-5l\/#primaryimage"},"thumbnailUrl":"https:\/\/distribucionarc.com\/wp-content\/uploads\/2020\/07\/Destilador-alcohol-de-agua-38.5L-imagen-producto.jpg","datePublished":"2020-07-17T11:31:11+00:00","dateModified":"2024-09-08T15:03:58+00:00","breadcrumb":{"@id":"https:\/\/distribucionarc.com\/nb\/producto\/destilador-alcohol-de-agua-38-5l\/#breadcrumb"},"inLanguage":"tr","potentialAction":[{"@type":"ReadAction","target":["https:\/\/distribucionarc.com\/nb\/producto\/destilador-alcohol-de-agua-38-5l\/"]}]},{"@type":"ImageObject","inLanguage":"tr","@id":"https:\/\/distribucionarc.com\/nb\/producto\/destilador-alcohol-de-agua-38-5l\/#primaryimage","url":"https:\/\/distribucionarc.com\/wp-content\/uploads\/2020\/07\/Destilador-alcohol-de-agua-38.5L-imagen-producto.jpg","contentUrl":"https:\/\/distribucionarc.com\/wp-content\/uploads\/2020\/07\/Destilador-alcohol-de-agua-38.5L-imagen-producto.jpg","width":1600,"height":1600},{"@type":"BreadcrumbList","@id":"https:\/\/distribucionarc.com\/nb\/producto\/destilador-alcohol-de-agua-38-5l\/#breadcrumb","itemListElement":[{"@type":"ListItem","position":1,"name":"Portada","item":"https:\/\/distribucionarc.com\/pl\/"},{"@type":"ListItem","position":2,"name":"Produkty","item":"https:\/\/distribucionarc.com\/pl\/shop\/"},{"@type":"ListItem","position":3,"name":"Destilador alcohol de agua 38.5L"}]},{"@type":"WebSite","@id":"https:\/\/distribucionarc.com\/de\/#website","url":"https:\/\/distribucionarc.com\/de\/","name":"ARC da\u011f\u0131t\u0131m\u0131","description":"End\u00fcstriyel makinelerin \u00fcretimi ve da\u011f\u0131t\u0131m\u0131 konusunda uzmanla\u015fm\u0131\u015f \u015firket, kutu m\u00fch\u00fcrleme makineleri, tablet yapma makineleri, et kesme makineleri...","publisher":{"@id":"https:\/\/distribucionarc.com\/de\/#organization"},"potentialAction":[{"@type":"SearchAction","target":{"@type":"EntryPoint","urlTemplate":"https:\/\/distribucionarc.com\/de\/?s={search_term_string}"},"query-input":{"@type":"PropertyValueSpecification","valueRequired":true,"valueName":"search_term_string"}}],"inLanguage":"tr"},{"@type":"Organization","@id":"https:\/\/distribucionarc.com\/de\/#organization","name":"ARC Da\u011f\u0131t\u0131m\u0131","url":"https:\/\/distribucionarc.com\/de\/","logo":{"@type":"ImageObject","inLanguage":"tr","@id":"https:\/\/distribucionarc.com\/de\/#\/schema\/logo\/image\/","url":"https:\/\/distribucionarc.com\/wp-content\/uploads\/2024\/10\/distribucion-ARC-COLOR-SIN-FONDO-e1732295305345.png","contentUrl":"https:\/\/distribucionarc.com\/wp-content\/uploads\/2024\/10\/distribucion-ARC-COLOR-SIN-FONDO-e1732295305345.png","width":1164,"height":558,"caption":"Distribuci\u00f3n ARC"},"image":{"@id":"https:\/\/distribucionarc.com\/de\/#\/schema\/logo\/image\/"},"description":"\u015eirket, g\u0131da ve ila\u00e7 sekt\u00f6rleri i\u00e7in end\u00fcstriyel makine \u00fcretimi ve da\u011f\u0131t\u0131m\u0131 konusunda uzmanla\u015fm\u0131\u015ft\u0131r. Uzmanl\u0131k alanlar\u0131m\u0131z Et kesme makineleri Tablet \u00fcretimi End\u00fcstriyel ta\u015f\u0131ma sistemleri \u015ei\u015feleme hatlar\u0131 Dozajlama makineleri Ve \u00e7ok daha fazlas\u0131... \u015eirketinizin \u00fcretim s\u00fcre\u00e7lerini optimize etmek i\u00e7in yenilik\u00e7i ve \u00f6zelle\u015ftirilmi\u015f \u00e7\u00f6z\u00fcmler sunuyoruz.","email":"Admistracion@distribucionarc.com","telephone":"+34 643496664","legalName":"ARC TECH SOLUTIONS","foundingDate":"2024-04-09","vatID":"B55480172","numberOfEmployees":{"@type":"QuantitativeValue","minValue":"1","maxValue":"10"}}]}},"_links":{"self":[{"href":"https:\/\/distribucionarc.com\/tr\/wp-json\/wp\/v2\/product\/1156","targetHints":{"allow":["GET"]}}],"collection":[{"href":"https:\/\/distribucionarc.com\/tr\/wp-json\/wp\/v2\/product"}],"about":[{"href":"https:\/\/distribucionarc.com\/tr\/wp-json\/wp\/v2\/types\/product"}],"replies":[{"embeddable":true,"href":"https:\/\/distribucionarc.com\/tr\/wp-json\/wp\/v2\/comments?post=1156"}],"version-history":[{"count":0,"href":"https:\/\/distribucionarc.com\/tr\/wp-json\/wp\/v2\/product\/1156\/revisions"}],"wp:featuredmedia":[{"embeddable":true,"href":"https:\/\/distribucionarc.com\/tr\/wp-json\/wp\/v2\/media\/6031"}],"wp:attachment":[{"href":"https:\/\/distribucionarc.com\/tr\/wp-json\/wp\/v2\/media?parent=1156"}],"wp:term":[{"taxonomy":"product_brand","embeddable":true,"href":"https:\/\/distribucionarc.com\/tr\/wp-json\/wp\/v2\/product_brand?post=1156"},{"taxonomy":"product_cat","embeddable":true,"href":"https:\/\/distribucionarc.com\/tr\/wp-json\/wp\/v2\/product_cat?post=1156"},{"taxonomy":"product_tag","embeddable":true,"href":"https:\/\/distribucionarc.com\/tr\/wp-json\/wp\/v2\/product_tag?post=1156"}],"curies":[{"name":"wp","href":"https:\/\/api.w.org\/{rel}","templated":true}]}}