{"id":1251,"date":"2020-07-20T12:34:21","date_gmt":"2020-07-20T12:34:21","guid":{"rendered":"https:\/\/distribucionarc.com\/?post_type=product&#038;p=1251"},"modified":"2024-09-08T19:29:04","modified_gmt":"2024-09-08T19:29:04","slug":"makineden-dondurmaya-20l","status":"publish","type":"product","link":"https:\/\/distribucionarc.com\/tr\/producto\/maquina-para-hacer-helados-20l\/","title":{"rendered":"20L dondurma yapma makinesi"},"content":{"rendered":"<h3>20L dondurma yapma makinesi<\/h3>\n<p>Bu <strong>ticari dondurma makinesi <span style=\"color: #ff0000;\">\u0130LE<span style=\"color: #0000ff;\">R<\/span><\/span>C<\/strong> Ekstra b\u00fcy\u00fck so\u011futma silindiri ve h\u0131zl\u0131 dondurma \u00f6zelli\u011fi ile \u00f6ne \u00e7\u0131kan bu \u00fcr\u00fcn, 30 dakikada 10 L, 1 saatte 20 L dondurma \u00fcretebilmektedir.<\/p>\n<p>La <strong>dondurma makinesi <span style=\"color: #ff0000;\">\u0130LE<\/span><span style=\"color: #0000ff;\">R<\/span>CMH01<\/strong> Y\u00fcksek kaliteli paslanmaz \u00e7elikten yap\u0131lm\u0131\u015f olup, sa\u011flam ve zariftir. Ayn\u0131 zamanda antioksidand\u0131r ve temizlenmesi \u00e7ok kolayd\u0131r.<\/p>\n<p>Elde edilen dondurman\u0131n s\u0131cakl\u0131\u011f\u0131, sertli\u011fi ve miktar\u0131 <strong>dondurma makinesi <span style=\"color: #ff0000;\">\u0130LE<\/span><span style=\"color: #0000ff;\">R<\/span>C<\/strong> Do\u011frudan g\u00f6zlem i\u00e7in ekranda g\u00f6r\u00fcnt\u00fclenebilirler. Ayr\u0131ca tek dokunu\u015fla temizleme, makinenin h\u0131zl\u0131 ve otomatik temizlenmesini sa\u011flar.<\/p>\n<p>Bu <strong>profesyonel dondurma makinesi <\/strong>ile ilgili<strong> <span style=\"color: #ff0000;\">\u0130LE<\/span><span style=\"color: #0000ff;\">R<\/span>C<\/strong> Kal\u0131n PC plastik b\u00f6lme, kaymaz lastik pedler ve y\u00fcksek h\u0131zl\u0131 d\u00f6ner kar\u0131\u015ft\u0131r\u0131c\u0131 ile tasarlanm\u0131\u015ft\u0131r. Enerji tasarrufuna ve g\u00fcr\u00fclt\u00fc seviyesinin d\u00fc\u015f\u00fcr\u00fclmesine yard\u0131mc\u0131 olan, h\u0131zl\u0131 so\u011futmal\u0131, tam bak\u0131r \u00e7ekirdekli birinci s\u0131n\u0131f bir hava kompres\u00f6r\u00fc i\u00e7erir.<\/p>\n<p>taraf\u0131 <strong>dondurma makinesi<\/strong> S\u0131cak ve so\u011fuk d\u00f6n\u00fc\u015f\u00fcm\u00fcn verimlili\u011fini art\u0131ran ve iyi \u0131s\u0131 da\u011f\u0131l\u0131m\u0131 sa\u011flayan bir havaland\u0131rma tasar\u0131m\u0131na sahiptir. Makinenin uzun s\u00fcre kullan\u0131lmas\u0131n\u0131 sa\u011flar<\/p>\n<p>\u00d6zellikle barlar, kafeler, s\u00fctl\u00fc \u00e7ay d\u00fckkanlar\u0131, tatl\u0131 d\u00fckkanlar\u0131, bat\u0131 tarz\u0131 restoranlar, meyve suyu barlar\u0131, oteller, pastaneler vb. i\u00e7in ticari veya ev kullan\u0131m\u0131 i\u00e7in m\u00fckemmeldir.<\/p>\n<p>&nbsp;<\/p>\n<h6><strong>Garanti<span style=\"color: #ff0000;\">\u00a0\u0130LE<\/span><span style=\"color: #0000ff;\">R<\/span>\u00c7 2 YIL<\/strong><\/h6>\n<h6><span style=\"color: #008000;\">Verimli dondurma yapma makinesi, d\u00fc\u015f\u00fck t\u00fcketim 1200w<\/span><\/h6>\n<h6><strong>teknik destek dahil<\/strong><\/h6>\n<table>\n<thead>\n<tr>\n<th><strong>\u00d6zellikler<\/strong><\/th>\n<th><strong>Tan\u0131m<\/strong><\/th>\n<\/tr>\n<\/thead>\n<tbody>\n<tr>\n<td><strong>\u00dcretici numaras\u0131<\/strong><\/td>\n<td>ARCMH01<\/td>\n<\/tr>\n<tr>\n<td><strong>Teknik deste\u011fi olan \u00fclkeler<\/strong><\/td>\n<td><a href=\"https:\/\/distribucionarc.com\/tr\/teknik-servis\/\" target=\"_new\" rel=\"noopener\">Teknik deste\u011fe buradan ba\u015fvurun<\/a><\/td>\n<\/tr>\n<tr>\n<td><strong>A\u011f\u0131rl\u0131k<\/strong><\/td>\n<td>60 kilogram (kg)<\/td>\n<\/tr>\n<tr>\n<td><strong>Makine boyutlar\u0131<\/strong><\/td>\n<td><strong>Y\u00fckseklik<\/strong>: 64cm, <strong>Uzun<\/strong>: 52,5cm, <strong>Geni\u015f<\/strong>: 49cm<\/td>\n<\/tr>\n<tr>\n<td><strong>Renk<\/strong><\/td>\n<td>G\u00fcm\u00fc\u015f<\/td>\n<\/tr>\n<tr>\n<td><strong>G\u00fc\u00e7<\/strong><\/td>\n<td>1200 watt (W)<\/td>\n<\/tr>\n<tr>\n<td><strong>giri\u015f voltaj\u0131<\/strong><\/td>\n<td>220V \u2013 60Hz<\/td>\n<\/tr>\n<tr>\n<td><strong>\u00dcretim kapasitesi<\/strong><\/td>\n<td>Saatte 16 \u2013 20 litre<\/td>\n<\/tr>\n<tr>\n<td><strong>So\u011futucu<\/strong><\/td>\n<td>R404a<\/td>\n<\/tr>\n<tr>\n<td><strong>Mikser boyutu<\/strong><\/td>\n<td>Birim ba\u015f\u0131na 4,3 litre<\/td>\n<\/tr>\n<tr>\n<td><strong>Malzeme<\/strong><\/td>\n<td>Bak\u0131r bile\u015fenli paslanmaz \u00e7elik ve ak\u0131ll\u0131 kontrol LCD paneli<\/td>\n<\/tr>\n<tr>\n<td><strong>Garanti<\/strong><\/td>\n<td>2 y\u0131l<\/td>\n<\/tr>\n<tr>\n<td><strong>Kurulum ara\u00e7lar\u0131<\/strong><\/td>\n<td>Dahil<\/td>\n<\/tr>\n<\/tbody>\n<\/table>\n<div id=\"gtx-trans\">\n<div class=\"gtx-trans-icon\"><\/div>\n<\/div>","protected":false},"excerpt":{"rendered":"<h2>ARC Profesyonel Sert Dondurma Makinesi \u2013 Y\u00fcksek Kapasite ve Garantili Performans<\/h2>\n<p>La <strong>ARC profesyonel sert dondurma yapma makinesi<\/strong> Talepleri kar\u015f\u0131lamak \u00fczere tasarlanm\u0131\u015ft\u0131r <strong>dondurma salonlar\u0131<\/strong>, <strong>restoranlar<\/strong>, Ve <strong>franchise&#039;lar<\/strong> s\u00fcrekli ve kaliteli \u00fcretim gerektirir. Kapasitesi olan <strong>Saatte 16 ila 20 litre<\/strong>Bu ekipman, m\u00fckemmel dokuya sahip bir dondurmay\u0131 ve so\u011futucu ak\u0131\u015fkan sayesinde verimli bir so\u011futma i\u015flemini garanti ederek b\u00fcy\u00fck bir talebi k\u0131sa s\u00fcrede kar\u015f\u0131laman\u0131za olanak tan\u0131r. <strong>R404a<\/strong>.<\/p>\n<h3>Yapabilece\u011finiz \u00fcr\u00fcnler:<\/h3>\n<ul>\n<li><strong>Esnaf dondurma<\/strong>: \u00c7ok \u00e7e\u015fitli tatlar ve k\u0131vamlar.<\/li>\n<li><strong>Gelato ve sorbeler<\/strong>: Hafif ve serinletici tatl\u0131lar i\u00e7in idealdir.<\/li>\n<li><strong>dondurulmu\u015f tatl\u0131lar<\/strong>: Ki\u015fiselle\u015ftirilmi\u015f men\u00fcler i\u00e7in m\u00fckemmeldir.<\/li>\n<\/ul>\n<h3>Uygulanabilece\u011fi sekt\u00f6rler:<\/h3>\n<ul>\n<li><strong>Dondurma salonlar\u0131<\/strong>: H\u0131zl\u0131 ve verimli bir s\u00fcre\u00e7le y\u00fcksek kaliteli dondurma \u00fcretir.<\/li>\n<li><strong>Restoranlar ve kafeler<\/strong>: Tatl\u0131 men\u00fcn\u00fcz\u00fcn bir par\u00e7as\u0131 olarak \u00f6zel dondurma sunun.<\/li>\n<li><strong>Bayilikler<\/strong>: Birden fazla sat\u0131\u015f noktas\u0131nda s\u00fcrekli \u00fcretime ihtiya\u00e7 duyan i\u015fletmeler i\u00e7in idealdir.<\/li>\n<li><strong>Yemek ve etkinlikler<\/strong>: D\u00fc\u011f\u00fcnlerde, partilerde ve kurumsal etkinliklerde taze ve lezzetli dondurmalar servis edin.<\/li>\n<\/ul>","protected":false},"featured_media":1257,"comment_status":"open","ping_status":"closed","template":"","meta":{"wds_primary_product_brand":0,"wds_primary_product_cat":0},"product_brand":[],"product_cat":[56,58],"product_tag":[],"class_list":{"0":"post-1251","1":"product","2":"type-product","3":"status-publish","4":"has-post-thumbnail","6":"product_cat-maquinaria-para-ferias","7":"product_cat-maquinaria-para-heladerias-profesionales","8":"product_shipping_class-hosteleria","10":"first","11":"instock","12":"sale","13":"taxable","14":"shipping-taxable","15":"purchasable","16":"product-type-simple"},"yoast_head":"<!-- This site is optimized with the Yoast SEO Premium plugin v24.9 (Yoast SEO v26.1) - https:\/\/yoast.com\/wordpress\/plugins\/seo\/ -->\n<title>M\u00e1quina para hacer helados 20L - distribuci\u00f3n ARC<\/title>\n<meta name=\"robots\" content=\"index, follow, max-snippet:-1, max-image-preview:large, max-video-preview:-1\" \/>\n<link rel=\"canonical\" href=\"https:\/\/distribucionarc.com\/tr\/urun\/makineden-dondurmaya-20l\/\" \/>\n<meta property=\"og:locale\" content=\"tr_TR\" \/>\n<meta property=\"og:type\" content=\"article\" \/>\n<meta property=\"og:title\" content=\"M\u00e1quina para hacer helados 20L\" \/>\n<meta property=\"og:description\" content=\"M\u00e1quina para hacer helados duros profesional ARC \u2013 Alta capacidad y rendimiento garantizad La m\u00e1quina para hacer helados duros profesional ARC est\u00e1 dise\u00f1ada para cumplir con las exigencias de helader\u00edas, restaurantes, y franquicias que necesitan una producci\u00f3n constante y de alta calidad. Con una capacidad de 16 a 20 litros por hora, este equipo te permitir\u00e1 satisfacer una gran demanda en poco tiempo, garantizando un helado de textura perfecta y un proceso de enfriamiento eficiente gracias al refrigerante R404a. Productos que puedes hacer:   Helados artesanales: Amplia variedad de sabores y consistencias.  Gelato y sorbetes: Ideal para postres ligeros y refrescantes.  Postres helados: Perfectos para men\u00fas personalizados.  Sectores donde se puede implementar:   Helader\u00edas: Produce helados de alta calidad con un proceso r\u00e1pido y eficiente.  Restaurantes y cafeter\u00edas: Ofrece helados artesanales como parte de tu men\u00fa de postres.  Franquicias: Ideal para negocios que necesitan una producci\u00f3n constante en varios puntos de venta.  Catering y eventos: Sirve helados frescos y deliciosos en bodas, fiestas y eventos corporativos.\" \/>\n<meta property=\"og:url\" content=\"https:\/\/distribucionarc.com\/tr\/urun\/makineden-dondurmaya-20l\/\" \/>\n<meta property=\"og:site_name\" content=\"distribuci\u00f3n ARC\" \/>\n<meta property=\"article:modified_time\" content=\"2024-09-08T19:29:04+00:00\" \/>\n<meta property=\"og:image\" content=\"https:\/\/distribucionarc.com\/wp-content\/uploads\/2020\/07\/M\u00e1quina-para-hacer-helados-20L-0.jpg\" \/>\n\t<meta property=\"og:image:width\" content=\"1600\" \/>\n\t<meta property=\"og:image:height\" content=\"1600\" \/>\n\t<meta property=\"og:image:type\" content=\"image\/jpeg\" \/>\n<meta name=\"twitter:card\" content=\"summary_large_image\" \/>\n<meta name=\"twitter:label1\" content=\"Tahmini okuma s\u00fcresi\" \/>\n\t<meta name=\"twitter:data1\" content=\"2 dakika\" \/>\n<script type=\"application\/ld+json\" class=\"yoast-schema-graph\">{\"@context\":\"https:\/\/schema.org\",\"@graph\":[{\"@type\":\"WebPage\",\"@id\":\"https:\/\/distribucionarc.com\/nl\/producto\/maquina-para-hacer-helados-20l\/\",\"url\":\"https:\/\/distribucionarc.com\/nl\/producto\/maquina-para-hacer-helados-20l\/\",\"name\":\"M\u00e1quina para hacer helados 20L - distribuci\u00f3n ARC\",\"isPartOf\":{\"@id\":\"https:\/\/www.distribucionarc.com\/tr\/#website\"},\"primaryImageOfPage\":{\"@id\":\"https:\/\/distribucionarc.com\/nl\/producto\/maquina-para-hacer-helados-20l\/#primaryimage\"},\"image\":{\"@id\":\"https:\/\/distribucionarc.com\/nl\/producto\/maquina-para-hacer-helados-20l\/#primaryimage\"},\"thumbnailUrl\":\"https:\/\/distribucionarc.com\/wp-content\/uploads\/2020\/07\/M\u00e1quina-para-hacer-helados-20L-0.jpg\",\"datePublished\":\"2020-07-20T12:34:21+00:00\",\"dateModified\":\"2024-09-08T19:29:04+00:00\",\"breadcrumb\":{\"@id\":\"https:\/\/distribucionarc.com\/nl\/producto\/maquina-para-hacer-helados-20l\/#breadcrumb\"},\"inLanguage\":\"tr\",\"potentialAction\":[{\"@type\":\"ReadAction\",\"target\":[\"https:\/\/distribucionarc.com\/nl\/producto\/maquina-para-hacer-helados-20l\/\"]}]},{\"@type\":\"ImageObject\",\"inLanguage\":\"tr\",\"@id\":\"https:\/\/distribucionarc.com\/nl\/producto\/maquina-para-hacer-helados-20l\/#primaryimage\",\"url\":\"https:\/\/distribucionarc.com\/wp-content\/uploads\/2020\/07\/M\u00e1quina-para-hacer-helados-20L-0.jpg\",\"contentUrl\":\"https:\/\/distribucionarc.com\/wp-content\/uploads\/2020\/07\/M\u00e1quina-para-hacer-helados-20L-0.jpg\",\"width\":1600,\"height\":1600,\"caption\":\"M\u00e1quina para hacer helados 20L\"},{\"@type\":\"BreadcrumbList\",\"@id\":\"https:\/\/distribucionarc.com\/nl\/producto\/maquina-para-hacer-helados-20l\/#breadcrumb\",\"itemListElement\":[{\"@type\":\"ListItem\",\"position\":1,\"name\":\"Portada\",\"item\":\"https:\/\/www.distribucionarc.com\/tr\/\"},{\"@type\":\"ListItem\",\"position\":2,\"name\":\"Produktai\",\"item\":\"https:\/\/distribucionarc.com\/lt\/parduotuve\/\"},{\"@type\":\"ListItem\",\"position\":3,\"name\":\"M\u00e1quina para hacer helados 20L\"}]},{\"@type\":\"WebSite\",\"@id\":\"https:\/\/www.distribucionarc.com\/tr\/#website\",\"url\":\"https:\/\/www.distribucionarc.com\/tr\/\",\"name\":\"distribuci\u00f3n ARC\",\"description\":\"Empresa especializada en la fabricaci\u00f3n y distribuci\u00f3n de maquinaria industrial, selladoras de latas, Maquinas de hacer pastillas, Maquinas de cortar carne...\",\"publisher\":{\"@id\":\"https:\/\/www.distribucionarc.com\/tr\/#organization\"},\"potentialAction\":[{\"@type\":\"SearchAction\",\"target\":{\"@type\":\"EntryPoint\",\"urlTemplate\":\"https:\/\/www.distribucionarc.com\/tr\/?s={search_term_string}\"},\"query-input\":{\"@type\":\"PropertyValueSpecification\",\"valueRequired\":true,\"valueName\":\"search_term_string\"}}],\"inLanguage\":\"tr\"},{\"@type\":\"Organization\",\"@id\":\"https:\/\/www.distribucionarc.com\/tr\/#organization\",\"name\":\"Distribuci\u00f3n ARC\",\"url\":\"https:\/\/www.distribucionarc.com\/tr\/\",\"logo\":{\"@type\":\"ImageObject\",\"inLanguage\":\"tr\",\"@id\":\"https:\/\/www.distribucionarc.com\/tr\/#\/schema\/logo\/image\/\",\"url\":\"https:\/\/distribucionarc.com\/wp-content\/uploads\/2024\/10\/distribucion-ARC-COLOR-SIN-FONDO-e1732295305345.png\",\"contentUrl\":\"https:\/\/distribucionarc.com\/wp-content\/uploads\/2024\/10\/distribucion-ARC-COLOR-SIN-FONDO-e1732295305345.png\",\"width\":1164,\"height\":558,\"caption\":\"Distribuci\u00f3n ARC\"},\"image\":{\"@id\":\"https:\/\/www.distribucionarc.com\/tr\/#\/schema\/logo\/image\/\"},\"description\":\"Empresa especializada en la fabricaci\u00f3n y distribuci\u00f3n de maquinaria industrial para los sectores alimentario y farmac\u00e9utico. Nos especializamos en: M\u00e1quinas de cortar carne Fabricaci\u00f3n de comprimidos Sistemas de transporte industrial L\u00edneas de embotellado Dosificadores Y mucho m\u00e1s... Ofrecemos soluciones innovadoras y personalizadas para optimizar los procesos productivos de tu empresa.\",\"email\":\"Admistracion@distribucionarc.com\",\"telephone\":\"+34 643496664\",\"legalName\":\"ARC TECH SOLUTIONS\",\"foundingDate\":\"2024-04-09\",\"vatID\":\"B55480172\",\"numberOfEmployees\":{\"@type\":\"QuantitativeValue\",\"minValue\":\"1\",\"maxValue\":\"10\"}}]}<\/script>\n<!-- \/ Yoast SEO Premium plugin. -->","yoast_head_json":{"title":"20L dondurma yapma makinesi - ARC da\u011f\u0131t\u0131m\u0131","robots":{"index":"index","follow":"follow","max-snippet":"max-snippet:-1","max-image-preview":"max-image-preview:large","max-video-preview":"max-video-preview:-1"},"canonical":"https:\/\/distribucionarc.com\/tr\/urun\/makineden-dondurmaya-20l\/","og_locale":"tr_TR","og_type":"article","og_title":"M\u00e1quina para hacer helados 20L","og_description":"M\u00e1quina para hacer helados duros profesional ARC \u2013 Alta capacidad y rendimiento garantizad La m\u00e1quina para hacer helados duros profesional ARC est\u00e1 dise\u00f1ada para cumplir con las exigencias de helader\u00edas, restaurantes, y franquicias que necesitan una producci\u00f3n constante y de alta calidad. Con una capacidad de 16 a 20 litros por hora, este equipo te permitir\u00e1 satisfacer una gran demanda en poco tiempo, garantizando un helado de textura perfecta y un proceso de enfriamiento eficiente gracias al refrigerante R404a. Productos que puedes hacer:   Helados artesanales: Amplia variedad de sabores y consistencias.  Gelato y sorbetes: Ideal para postres ligeros y refrescantes.  Postres helados: Perfectos para men\u00fas personalizados.  Sectores donde se puede implementar:   Helader\u00edas: Produce helados de alta calidad con un proceso r\u00e1pido y eficiente.  Restaurantes y cafeter\u00edas: Ofrece helados artesanales como parte de tu men\u00fa de postres.  Franquicias: Ideal para negocios que necesitan una producci\u00f3n constante en varios puntos de venta.  Catering y eventos: Sirve helados frescos y deliciosos en bodas, fiestas y eventos corporativos.","og_url":"https:\/\/distribucionarc.com\/tr\/urun\/makineden-dondurmaya-20l\/","og_site_name":"distribuci\u00f3n ARC","article_modified_time":"2024-09-08T19:29:04+00:00","og_image":[{"width":1600,"height":1600,"url":"https:\/\/distribucionarc.com\/wp-content\/uploads\/2020\/07\/M\u00e1quina-para-hacer-helados-20L-0.jpg","type":"image\/jpeg"}],"twitter_card":"summary_large_image","twitter_misc":{"Tahmini okuma s\u00fcresi":"2 dakika"},"schema":{"@context":"https:\/\/schema.org","@graph":[{"@type":"WebPage","@id":"https:\/\/distribucionarc.com\/nl\/producto\/maquina-para-hacer-helados-20l\/","url":"https:\/\/distribucionarc.com\/nl\/producto\/maquina-para-hacer-helados-20l\/","name":"20L dondurma yapma makinesi - ARC da\u011f\u0131t\u0131m\u0131","isPartOf":{"@id":"https:\/\/www.distribucionarc.com\/tr\/#website"},"primaryImageOfPage":{"@id":"https:\/\/distribucionarc.com\/nl\/producto\/maquina-para-hacer-helados-20l\/#primaryimage"},"image":{"@id":"https:\/\/distribucionarc.com\/nl\/producto\/maquina-para-hacer-helados-20l\/#primaryimage"},"thumbnailUrl":"https:\/\/distribucionarc.com\/wp-content\/uploads\/2020\/07\/M\u00e1quina-para-hacer-helados-20L-0.jpg","datePublished":"2020-07-20T12:34:21+00:00","dateModified":"2024-09-08T19:29:04+00:00","breadcrumb":{"@id":"https:\/\/distribucionarc.com\/nl\/producto\/maquina-para-hacer-helados-20l\/#breadcrumb"},"inLanguage":"tr","potentialAction":[{"@type":"ReadAction","target":["https:\/\/distribucionarc.com\/nl\/producto\/maquina-para-hacer-helados-20l\/"]}]},{"@type":"ImageObject","inLanguage":"tr","@id":"https:\/\/distribucionarc.com\/nl\/producto\/maquina-para-hacer-helados-20l\/#primaryimage","url":"https:\/\/distribucionarc.com\/wp-content\/uploads\/2020\/07\/M\u00e1quina-para-hacer-helados-20L-0.jpg","contentUrl":"https:\/\/distribucionarc.com\/wp-content\/uploads\/2020\/07\/M\u00e1quina-para-hacer-helados-20L-0.jpg","width":1600,"height":1600,"caption":"M\u00e1quina para hacer helados 20L"},{"@type":"BreadcrumbList","@id":"https:\/\/distribucionarc.com\/nl\/producto\/maquina-para-hacer-helados-20l\/#breadcrumb","itemListElement":[{"@type":"ListItem","position":1,"name":"Portada","item":"https:\/\/www.distribucionarc.com\/tr\/"},{"@type":"ListItem","position":2,"name":"Produktai","item":"https:\/\/distribucionarc.com\/lt\/parduotuve\/"},{"@type":"ListItem","position":3,"name":"M\u00e1quina para hacer helados 20L"}]},{"@type":"WebSite","@id":"https:\/\/www.distribucionarc.com\/tr\/#website","url":"https:\/\/www.distribucionarc.com\/tr\/","name":"ARC da\u011f\u0131t\u0131m\u0131","description":"End\u00fcstriyel makinelerin \u00fcretimi ve da\u011f\u0131t\u0131m\u0131 konusunda uzmanla\u015fm\u0131\u015f \u015firket, kutu m\u00fch\u00fcrleme makineleri, tablet yapma makineleri, et kesme makineleri...","publisher":{"@id":"https:\/\/www.distribucionarc.com\/tr\/#organization"},"potentialAction":[{"@type":"SearchAction","target":{"@type":"EntryPoint","urlTemplate":"https:\/\/www.distribucionarc.com\/tr\/?s={search_term_string}"},"query-input":{"@type":"PropertyValueSpecification","valueRequired":true,"valueName":"search_term_string"}}],"inLanguage":"tr"},{"@type":"Organization","@id":"https:\/\/www.distribucionarc.com\/tr\/#organization","name":"ARC Da\u011f\u0131t\u0131m\u0131","url":"https:\/\/www.distribucionarc.com\/tr\/","logo":{"@type":"ImageObject","inLanguage":"tr","@id":"https:\/\/www.distribucionarc.com\/tr\/#\/schema\/logo\/image\/","url":"https:\/\/distribucionarc.com\/wp-content\/uploads\/2024\/10\/distribucion-ARC-COLOR-SIN-FONDO-e1732295305345.png","contentUrl":"https:\/\/distribucionarc.com\/wp-content\/uploads\/2024\/10\/distribucion-ARC-COLOR-SIN-FONDO-e1732295305345.png","width":1164,"height":558,"caption":"Distribuci\u00f3n ARC"},"image":{"@id":"https:\/\/www.distribucionarc.com\/tr\/#\/schema\/logo\/image\/"},"description":"\u015eirket, g\u0131da ve ila\u00e7 sekt\u00f6rleri i\u00e7in end\u00fcstriyel makine \u00fcretimi ve da\u011f\u0131t\u0131m\u0131 konusunda uzmanla\u015fm\u0131\u015ft\u0131r. Uzmanl\u0131k alanlar\u0131m\u0131z Et kesme makineleri Tablet \u00fcretimi End\u00fcstriyel ta\u015f\u0131ma sistemleri \u015ei\u015feleme hatlar\u0131 Dozajlama makineleri Ve \u00e7ok daha fazlas\u0131... \u015eirketinizin \u00fcretim s\u00fcre\u00e7lerini optimize etmek i\u00e7in yenilik\u00e7i ve \u00f6zelle\u015ftirilmi\u015f \u00e7\u00f6z\u00fcmler sunuyoruz.","email":"Admistracion@distribucionarc.com","telephone":"+34 643496664","legalName":"ARC TECH SOLUTIONS","foundingDate":"2024-04-09","vatID":"B55480172","numberOfEmployees":{"@type":"QuantitativeValue","minValue":"1","maxValue":"10"}}]}},"_links":{"self":[{"href":"https:\/\/distribucionarc.com\/tr\/wp-json\/wp\/v2\/product\/1251","targetHints":{"allow":["GET"]}}],"collection":[{"href":"https:\/\/distribucionarc.com\/tr\/wp-json\/wp\/v2\/product"}],"about":[{"href":"https:\/\/distribucionarc.com\/tr\/wp-json\/wp\/v2\/types\/product"}],"replies":[{"embeddable":true,"href":"https:\/\/distribucionarc.com\/tr\/wp-json\/wp\/v2\/comments?post=1251"}],"version-history":[{"count":0,"href":"https:\/\/distribucionarc.com\/tr\/wp-json\/wp\/v2\/product\/1251\/revisions"}],"wp:featuredmedia":[{"embeddable":true,"href":"https:\/\/distribucionarc.com\/tr\/wp-json\/wp\/v2\/media\/1257"}],"wp:attachment":[{"href":"https:\/\/distribucionarc.com\/tr\/wp-json\/wp\/v2\/media?parent=1251"}],"wp:term":[{"taxonomy":"product_brand","embeddable":true,"href":"https:\/\/distribucionarc.com\/tr\/wp-json\/wp\/v2\/product_brand?post=1251"},{"taxonomy":"product_cat","embeddable":true,"href":"https:\/\/distribucionarc.com\/tr\/wp-json\/wp\/v2\/product_cat?post=1251"},{"taxonomy":"product_tag","embeddable":true,"href":"https:\/\/distribucionarc.com\/tr\/wp-json\/wp\/v2\/product_tag?post=1251"}],"curies":[{"name":"wp","href":"https:\/\/api.w.org\/{rel}","templated":true}]}}