{"id":1263,"date":"2020-07-20T13:17:24","date_gmt":"2020-07-20T13:17:24","guid":{"rendered":"https:\/\/distribucionarc.com\/?post_type=product&#038;p=1263"},"modified":"2024-09-08T22:32:59","modified_gmt":"2024-09-08T22:32:59","slug":"makineden-yumusak-dondurma-12l","status":"publish","type":"product","link":"https:\/\/distribucionarc.com\/tr\/producto\/maquina-para-hacer-helados-suaves-12l\/","title":{"rendered":"12L kremal\u0131 dondurma yapma makinesi"},"content":{"rendered":"<h3>12L kremal\u0131 dondurma yapma makinesi<\/h3>\n<p><strong>Dondurma makinesi<\/strong> ile ilgili <strong><span style=\"color: #ff0000;\">\u0130LE<\/span><span style=\"color: #0000ff;\">R<\/span>C<\/strong> Restoranlarda, kafelerde, dondurma salonlar\u0131nda, dinlenme yerlerinde yayg\u0131n olarak uygulan\u0131r. Fast food. Karma\u015f\u0131k ad\u0131mlar olmadan \u015funlar\u0131 yapabilirsiniz: <strong>h\u0131zl\u0131 bir \u015fekilde dondurma haz\u0131rlay\u0131n<\/strong>, <strong>yo\u011furt<\/strong> herhangi biri <strong>\u015ferbet<\/strong><\/p>\n<p>La <strong><span style=\"color: #ff0000;\">\u0130LE<\/span><span style=\"color: #0000ff;\">R<\/span>CMH02<\/strong> \u00c7ift GMCC kompres\u00f6r, iki adet 6L paslanmaz \u00e7elik hazne, y\u00fcksek enerjili bir radyat\u00f6r ve R410a so\u011futucu ak\u0131\u015fkan ile donat\u0131lm\u0131\u015f olup, \u00f6n so\u011futma i\u015flevine ve 20 L\/H ile 28 L\/H aras\u0131nda de\u011fi\u015fen \u00fcretime sahiptir.<\/p>\n<p>La <strong>dondurma makinesi<\/strong> \u0130ki yerle\u015fik paslanmaz \u00e7elik hazneye sahiptir, bu <strong>dondurma makinesi<\/strong> ile ilgili <strong><span style=\"color: #ff0000;\">\u0130LE<\/span><span style=\"color: #0000ff;\">R<\/span>C<\/strong> \u00c7e\u015fitli tatlara y\u00f6nelik, iki sade tat ve bir kar\u0131\u015f\u0131m tat dahil olmak \u00fczere \u00fc\u00e7 \u00e7e\u015fit dondurma olu\u015fturmak i\u00e7in kullan\u0131labilir.<\/p>\n<p>S\u00fcrekli g\u00f6zlem i\u00e7in LCD dokunmatik ekranda dondurman\u0131n s\u00fcresi, s\u0131cakl\u0131\u011f\u0131, sertli\u011fi ve miktar\u0131 g\u00f6r\u00fcnt\u00fclenebilir. Zevklerinize g\u00f6re serbest\u00e7e mod\u00fclasyon yapabilirsiniz. Ayr\u0131ca tek tu\u015fla temizleme, dondurma makinesinin h\u0131zl\u0131 ve otomatik olarak temizlenmesine olanak tan\u0131r.<\/p>\n<p>\u0130\u00e7indekiler <strong>dondurma makinesi<\/strong> Dondurman\u0131n haz\u0131rlanabilmesi i\u00e7in \u00f6nceden so\u011futulabilirler. <strong>\u00e7abuk haz\u0131rlan<\/strong> makineyi \u00e7al\u0131\u015ft\u0131rd\u0131ktan sonra. Gece boyunca saklama \u00f6zelli\u011fi temizleme s\u0131kl\u0131\u011f\u0131n\u0131 azalt\u0131r ve malzemelerden tasarruf sa\u011flar.<\/p>\n<p>Geli\u015ftirilmi\u015f koni tutucu, d\u0131\u015f tarafa yerle\u015ftirilmi\u015ftir.<strong> dondurma makinesi<\/strong>B\u00f6ylece dondurma k\u00fclahlar\u0131 kolay \u0131slanmaz ve k\u00fclahlar\u0131n lezzeti korunur.<\/p>\n<h6><\/h6>\n<h6><strong>Garanti\u00a0<span style=\"color: #ff0000;\">\u0130LE<\/span><span style=\"color: #0000ff;\">R<\/span>\u00c7 2 YIL<\/strong><\/h6>\n<h6><span style=\"color: #008000;\">Verimli dondurma yapma makinesi, d\u00fc\u015f\u00fck t\u00fcketim 2000w<\/span><\/h6>\n<h6><strong>teknik destek dahil<\/strong><\/h6>\n<p>&nbsp;<\/p>\n<table>\n<thead>\n<tr>\n<th><strong>\u00d6zellikler<\/strong><\/th>\n<th><strong>Tan\u0131m<\/strong><\/th>\n<\/tr>\n<\/thead>\n<tbody>\n<tr>\n<td><strong>\u00dcretici numaras\u0131<\/strong><\/td>\n<td>ARCMH02<\/td>\n<\/tr>\n<tr>\n<td><strong>Teknik deste\u011fi olan \u00fclkeler<\/strong><\/td>\n<td><a href=\"https:\/\/distribucionarc.com\/tr\/teknik-servis\/\" target=\"_new\" rel=\"noopener\">Teknik deste\u011fe buradan ba\u015fvurun<\/a><\/td>\n<\/tr>\n<tr>\n<td><strong>A\u011f\u0131rl\u0131k<\/strong><\/td>\n<td>132 kilogram (kg)<\/td>\n<\/tr>\n<tr>\n<td><strong>Makine boyutlar\u0131<\/strong><\/td>\n<td><strong>Y\u00fckseklik<\/strong>: 149cm, <strong>Uzun<\/strong>: 63cm, <strong>Geni\u015f<\/strong>: 61cm<\/td>\n<\/tr>\n<tr>\n<td><strong>Renk<\/strong><\/td>\n<td>G\u00fcm\u00fc\u015f<\/td>\n<\/tr>\n<tr>\n<td><strong>G\u00fc\u00e7<\/strong><\/td>\n<td>2000 watt (W)<\/td>\n<\/tr>\n<tr>\n<td><strong>giri\u015f voltaj\u0131<\/strong><\/td>\n<td>220V \u2013 60Hz<\/td>\n<\/tr>\n<tr>\n<td><strong>\u00dcretim kapasitesi<\/strong><\/td>\n<td>Saatte 20 \u2013 28 litre (L)<\/td>\n<\/tr>\n<tr>\n<td><strong>So\u011futucu<\/strong><\/td>\n<td>R410a<\/td>\n<\/tr>\n<tr>\n<td><strong>Mevduat boyutu<\/strong><\/td>\n<td>Birim ba\u015f\u0131na 6 litre (L)<\/td>\n<\/tr>\n<tr>\n<td><strong>Malzeme<\/strong><\/td>\n<td>Paslanmaz \u00e7elik, ak\u0131ll\u0131 dokunmatik LCD panel<\/td>\n<\/tr>\n<tr>\n<td><strong>Kurulum ara\u00e7lar\u0131<\/strong><\/td>\n<td>Dahil<\/td>\n<\/tr>\n<tr>\n<td><strong>Garanti<\/strong><\/td>\n<td>2 y\u0131l<\/td>\n<\/tr>\n<\/tbody>\n<\/table>","protected":false},"excerpt":{"rendered":"<h2>ARC yumu\u015fak ve kremal\u0131 dondurma yapma makinesi \u2013 Dondurma salonlar\u0131 ve restoranlar i\u00e7in y\u00fcksek kapasite ve performans<\/h2>\n<p>La <strong>ARC profesyonel yumu\u015fak ve kremsi dondurma yapma makinesi<\/strong> Soft dondurmay\u0131 h\u0131zl\u0131 ve verimli bir \u015fekilde \u00fcretmesi gereken i\u015fletmeler i\u00e7in ideal se\u00e7enektir. Onun yetene\u011fi <strong>Saatte 20 ila 28 litre<\/strong> M\u00fc\u015fterileri memnun etmek i\u00e7in m\u00fckemmel olan y\u00fcksek kaliteli dondurman\u0131n s\u00fcrekli ak\u0131\u015f\u0131n\u0131 sa\u011flar. <strong>dondurma salonlar\u0131<\/strong>, <strong>restoranlar<\/strong> Ve <strong>franchise&#039;lar<\/strong>.<\/p>\n<p>So\u011futma sistemi kullan\u0131r <strong>R410a<\/strong>Dondurman\u0131n ideal kremal\u0131l\u0131\u011f\u0131n\u0131 ve p\u00fcr\u00fczs\u00fczl\u00fc\u011f\u00fcn\u00fc korumas\u0131n\u0131 sa\u011flayan y\u00fcksek verimli bir so\u011futucu ak\u0131\u015fkand\u0131r. Ayr\u0131ca, <strong>ak\u0131ll\u0131 dokunmatik LCD panel<\/strong> Dondurman\u0131n s\u0131cakl\u0131\u011f\u0131n\u0131 ve k\u0131vam\u0131n\u0131 kolayca ayarlaman\u0131z\u0131 sa\u011flayarak i\u015flemi basit ve hassas hale getirir.<\/p>\n<h3>Yap\u0131labilecek \u00fcr\u00fcnler:<\/h3>\n<ul>\n<li><strong>Yumu\u015fak ve kremal\u0131 dondurma<\/strong>: \u0130deal dokuda ve her zaman m\u00fckemmel s\u0131cakl\u0131kta.<\/li>\n<li><strong>Lezzet kombinasyonlu dondurmalar<\/strong>: Bu makine \u00fc\u00e7 farkl\u0131 dondurma \u00e7e\u015fidine kadar servis yapman\u0131za olanak sa\u011flar.<\/li>\n<li><strong>Kar\u0131\u015f\u0131k dondurmalar<\/strong>: Teklifinizi \u00e7e\u015fitlendirmek i\u00e7in m\u00fckemmel olan, tek bir porsiyonda \u00e7e\u015fitli lezzetleri kar\u0131\u015ft\u0131rman\u0131za olanak tan\u0131r.<\/li>\n<\/ul>\n<h3>Uygulanabilece\u011fi sekt\u00f6rler:<\/h3>\n<ul>\n<li><strong>Dondurma salonlar\u0131<\/strong>: Farkl\u0131 tatlara sahip yumu\u015fak dondurmalar\u0131n h\u0131zl\u0131 \u00fcretimi i\u00e7in.<\/li>\n<li><strong>Restoranlar ve franchise&#039;lar<\/strong>: Men\u00fcde ki\u015fiye \u00f6zel dondurulmu\u015f tatl\u0131lar sunmak i\u00e7in idealdir.<\/li>\n<li><strong>Kafeler ve barlar<\/strong>: M\u00fc\u015fterilere taze dondurma servisi yapmak i\u00e7in m\u00fckemmeldir.<\/li>\n<li><strong>Yemek ve etkinlikler<\/strong>: Etkinliklerde \u00e7ok say\u0131da insana hizmet vermek i\u00e7in m\u00fckemmeldir.<\/li>\n<\/ul>","protected":false},"featured_media":6051,"comment_status":"open","ping_status":"closed","template":"","meta":{"wds_primary_product_brand":0,"wds_primary_product_cat":0},"product_brand":[],"product_cat":[56,58],"product_tag":[],"class_list":{"0":"post-1263","1":"product","2":"type-product","3":"status-publish","4":"has-post-thumbnail","6":"product_cat-maquinaria-para-ferias","7":"product_cat-maquinaria-para-heladerias-profesionales","8":"product_shipping_class-hosteleria","10":"first","11":"instock","12":"sale","13":"taxable","14":"shipping-taxable","15":"purchasable","16":"product-type-simple"},"yoast_head":"<!-- This site is optimized with the Yoast SEO Premium plugin v24.9 (Yoast SEO v26.1) - https:\/\/yoast.com\/wordpress\/plugins\/seo\/ -->\n<title>Maquina para hacer helados cremosos 12L - distribuci\u00f3n ARC<\/title>\n<meta name=\"robots\" content=\"index, follow, max-snippet:-1, max-image-preview:large, max-video-preview:-1\" \/>\n<link rel=\"canonical\" href=\"https:\/\/distribucionarc.com\/tr\/urun\/makineden-yumusak-dondurma-12l\/\" \/>\n<meta property=\"og:locale\" content=\"tr_TR\" \/>\n<meta property=\"og:type\" content=\"article\" \/>\n<meta property=\"og:title\" content=\"Maquina para hacer helados cremosos 12L\" \/>\n<meta property=\"og:description\" content=\"M\u00e1quina para hacer helados blandos y cremosos ARC \u2013 Alta capacidad y rendimiento para helader\u00edas y restaurantes La m\u00e1quina para hacer helados blandos y cremosos profesional ARC es la opci\u00f3n ideal para negocios que necesitan producir helados suaves de manera r\u00e1pida y eficiente. Su capacidad de 20 a 28 litros por hora garantiza un flujo constante de helado de alta calidad, perfecto para satisfacer a los clientes en helader\u00edas, restaurantes y franquicias.  El sistema de refrigeraci\u00f3n utiliza R410a, un refrigerante de alta eficiencia, lo que asegura que el helado mantenga su cremosidad y suavidad ideal. Adem\u00e1s, el panel LCD t\u00e1ctil inteligente te permite ajustar de manera f\u00e1cil la temperatura y la consistencia del helado, lo que hace que la operaci\u00f3n sea sencilla y precisa. Productos que se pueden hacer:   Helado suave y cremoso: Con una textura ideal y siempre a la temperatura perfecta.  Helados con combinaciones de sabores: Esta m\u00e1quina permite servir hasta tres sabores diferentes de helado.  Helados mixtos: Permite mezclar varios sabores en una sola porci\u00f3n, lo que es perfecto para diversificar tu oferta.  Sectores donde se puede implementar:   Helader\u00edas: Para la producci\u00f3n r\u00e1pida de helados suaves con diferentes sabores.  Restaurantes y franquicias: Ideal para ofrecer postres helados personalizados en el men\u00fa.  Cafeter\u00edas y bares: Excelente para servir helados frescos a los clientes.  Catering y eventos: Perfecta para atender grandes vol\u00famenes de personas en eventos.\" \/>\n<meta property=\"og:url\" content=\"https:\/\/distribucionarc.com\/tr\/urun\/makineden-yumusak-dondurma-12l\/\" \/>\n<meta property=\"og:site_name\" content=\"distribuci\u00f3n ARC\" \/>\n<meta property=\"article:modified_time\" content=\"2024-09-08T22:32:59+00:00\" \/>\n<meta property=\"og:image\" content=\"https:\/\/distribucionarc.com\/wp-content\/uploads\/2020\/07\/Maquina-para-hacer-helados-cremosos-12L-imagen-producto.jpg\" \/>\n\t<meta property=\"og:image:width\" content=\"1600\" \/>\n\t<meta property=\"og:image:height\" content=\"1600\" \/>\n\t<meta property=\"og:image:type\" content=\"image\/jpeg\" \/>\n<meta name=\"twitter:card\" content=\"summary_large_image\" \/>\n<meta name=\"twitter:label1\" content=\"Tahmini okuma s\u00fcresi\" \/>\n\t<meta name=\"twitter:data1\" content=\"2 dakika\" \/>\n<script type=\"application\/ld+json\" class=\"yoast-schema-graph\">{\"@context\":\"https:\/\/schema.org\",\"@graph\":[{\"@type\":\"WebPage\",\"@id\":\"https:\/\/distribucionarc.com\/hr\/producto\/maquina-para-hacer-helados-suaves-12l\/\",\"url\":\"https:\/\/distribucionarc.com\/hr\/producto\/maquina-para-hacer-helados-suaves-12l\/\",\"name\":\"Maquina para hacer helados cremosos 12L - distribuci\u00f3n ARC\",\"isPartOf\":{\"@id\":\"https:\/\/distribucionarc.com\/de\/#website\"},\"primaryImageOfPage\":{\"@id\":\"https:\/\/distribucionarc.com\/hr\/producto\/maquina-para-hacer-helados-suaves-12l\/#primaryimage\"},\"image\":{\"@id\":\"https:\/\/distribucionarc.com\/hr\/producto\/maquina-para-hacer-helados-suaves-12l\/#primaryimage\"},\"thumbnailUrl\":\"https:\/\/distribucionarc.com\/wp-content\/uploads\/2020\/07\/Maquina-para-hacer-helados-cremosos-12L-imagen-producto.jpg\",\"datePublished\":\"2020-07-20T13:17:24+00:00\",\"dateModified\":\"2024-09-08T22:32:59+00:00\",\"breadcrumb\":{\"@id\":\"https:\/\/distribucionarc.com\/hr\/producto\/maquina-para-hacer-helados-suaves-12l\/#breadcrumb\"},\"inLanguage\":\"tr\",\"potentialAction\":[{\"@type\":\"ReadAction\",\"target\":[\"https:\/\/distribucionarc.com\/hr\/producto\/maquina-para-hacer-helados-suaves-12l\/\"]}]},{\"@type\":\"ImageObject\",\"inLanguage\":\"tr\",\"@id\":\"https:\/\/distribucionarc.com\/hr\/producto\/maquina-para-hacer-helados-suaves-12l\/#primaryimage\",\"url\":\"https:\/\/distribucionarc.com\/wp-content\/uploads\/2020\/07\/Maquina-para-hacer-helados-cremosos-12L-imagen-producto.jpg\",\"contentUrl\":\"https:\/\/distribucionarc.com\/wp-content\/uploads\/2020\/07\/Maquina-para-hacer-helados-cremosos-12L-imagen-producto.jpg\",\"width\":1600,\"height\":1600},{\"@type\":\"BreadcrumbList\",\"@id\":\"https:\/\/distribucionarc.com\/hr\/producto\/maquina-para-hacer-helados-suaves-12l\/#breadcrumb\",\"itemListElement\":[{\"@type\":\"ListItem\",\"position\":1,\"name\":\"Portada\",\"item\":\"https:\/\/distribucionarc.com\/pl\/\"},{\"@type\":\"ListItem\",\"position\":2,\"name\":\"Produkty\",\"item\":\"https:\/\/distribucionarc.com\/pl\/shop\/\"},{\"@type\":\"ListItem\",\"position\":3,\"name\":\"Maquina para hacer helados cremosos 12L\"}]},{\"@type\":\"WebSite\",\"@id\":\"https:\/\/distribucionarc.com\/de\/#website\",\"url\":\"https:\/\/distribucionarc.com\/de\/\",\"name\":\"distribuci\u00f3n ARC\",\"description\":\"Empresa especializada en la fabricaci\u00f3n y distribuci\u00f3n de maquinaria industrial, selladoras de latas, Maquinas de hacer pastillas, Maquinas de cortar carne...\",\"publisher\":{\"@id\":\"https:\/\/distribucionarc.com\/de\/#organization\"},\"potentialAction\":[{\"@type\":\"SearchAction\",\"target\":{\"@type\":\"EntryPoint\",\"urlTemplate\":\"https:\/\/distribucionarc.com\/de\/?s={search_term_string}\"},\"query-input\":{\"@type\":\"PropertyValueSpecification\",\"valueRequired\":true,\"valueName\":\"search_term_string\"}}],\"inLanguage\":\"tr\"},{\"@type\":\"Organization\",\"@id\":\"https:\/\/distribucionarc.com\/de\/#organization\",\"name\":\"Distribuci\u00f3n ARC\",\"url\":\"https:\/\/distribucionarc.com\/de\/\",\"logo\":{\"@type\":\"ImageObject\",\"inLanguage\":\"tr\",\"@id\":\"https:\/\/distribucionarc.com\/de\/#\/schema\/logo\/image\/\",\"url\":\"https:\/\/distribucionarc.com\/wp-content\/uploads\/2024\/10\/distribucion-ARC-COLOR-SIN-FONDO-e1732295305345.png\",\"contentUrl\":\"https:\/\/distribucionarc.com\/wp-content\/uploads\/2024\/10\/distribucion-ARC-COLOR-SIN-FONDO-e1732295305345.png\",\"width\":1164,\"height\":558,\"caption\":\"Distribuci\u00f3n ARC\"},\"image\":{\"@id\":\"https:\/\/distribucionarc.com\/de\/#\/schema\/logo\/image\/\"},\"description\":\"Empresa especializada en la fabricaci\u00f3n y distribuci\u00f3n de maquinaria industrial para los sectores alimentario y farmac\u00e9utico. Nos especializamos en: M\u00e1quinas de cortar carne Fabricaci\u00f3n de comprimidos Sistemas de transporte industrial L\u00edneas de embotellado Dosificadores Y mucho m\u00e1s... Ofrecemos soluciones innovadoras y personalizadas para optimizar los procesos productivos de tu empresa.\",\"email\":\"Admistracion@distribucionarc.com\",\"telephone\":\"+34 643496664\",\"legalName\":\"ARC TECH SOLUTIONS\",\"foundingDate\":\"2024-04-09\",\"vatID\":\"B55480172\",\"numberOfEmployees\":{\"@type\":\"QuantitativeValue\",\"minValue\":\"1\",\"maxValue\":\"10\"}}]}<\/script>\n<!-- \/ Yoast SEO Premium plugin. -->","yoast_head_json":{"title":"12L kremal\u0131 dondurma yapma makinesi - ARC da\u011f\u0131t\u0131m\u0131","robots":{"index":"index","follow":"follow","max-snippet":"max-snippet:-1","max-image-preview":"max-image-preview:large","max-video-preview":"max-video-preview:-1"},"canonical":"https:\/\/distribucionarc.com\/tr\/urun\/makineden-yumusak-dondurma-12l\/","og_locale":"tr_TR","og_type":"article","og_title":"Maquina para hacer helados cremosos 12L","og_description":"M\u00e1quina para hacer helados blandos y cremosos ARC \u2013 Alta capacidad y rendimiento para helader\u00edas y restaurantes La m\u00e1quina para hacer helados blandos y cremosos profesional ARC es la opci\u00f3n ideal para negocios que necesitan producir helados suaves de manera r\u00e1pida y eficiente. Su capacidad de 20 a 28 litros por hora garantiza un flujo constante de helado de alta calidad, perfecto para satisfacer a los clientes en helader\u00edas, restaurantes y franquicias.  El sistema de refrigeraci\u00f3n utiliza R410a, un refrigerante de alta eficiencia, lo que asegura que el helado mantenga su cremosidad y suavidad ideal. Adem\u00e1s, el panel LCD t\u00e1ctil inteligente te permite ajustar de manera f\u00e1cil la temperatura y la consistencia del helado, lo que hace que la operaci\u00f3n sea sencilla y precisa. Productos que se pueden hacer:   Helado suave y cremoso: Con una textura ideal y siempre a la temperatura perfecta.  Helados con combinaciones de sabores: Esta m\u00e1quina permite servir hasta tres sabores diferentes de helado.  Helados mixtos: Permite mezclar varios sabores en una sola porci\u00f3n, lo que es perfecto para diversificar tu oferta.  Sectores donde se puede implementar:   Helader\u00edas: Para la producci\u00f3n r\u00e1pida de helados suaves con diferentes sabores.  Restaurantes y franquicias: Ideal para ofrecer postres helados personalizados en el men\u00fa.  Cafeter\u00edas y bares: Excelente para servir helados frescos a los clientes.  Catering y eventos: Perfecta para atender grandes vol\u00famenes de personas en eventos.","og_url":"https:\/\/distribucionarc.com\/tr\/urun\/makineden-yumusak-dondurma-12l\/","og_site_name":"distribuci\u00f3n ARC","article_modified_time":"2024-09-08T22:32:59+00:00","og_image":[{"width":1600,"height":1600,"url":"https:\/\/distribucionarc.com\/wp-content\/uploads\/2020\/07\/Maquina-para-hacer-helados-cremosos-12L-imagen-producto.jpg","type":"image\/jpeg"}],"twitter_card":"summary_large_image","twitter_misc":{"Tahmini okuma s\u00fcresi":"2 dakika"},"schema":{"@context":"https:\/\/schema.org","@graph":[{"@type":"WebPage","@id":"https:\/\/distribucionarc.com\/hr\/producto\/maquina-para-hacer-helados-suaves-12l\/","url":"https:\/\/distribucionarc.com\/hr\/producto\/maquina-para-hacer-helados-suaves-12l\/","name":"12L kremal\u0131 dondurma yapma makinesi - ARC da\u011f\u0131t\u0131m\u0131","isPartOf":{"@id":"https:\/\/distribucionarc.com\/de\/#website"},"primaryImageOfPage":{"@id":"https:\/\/distribucionarc.com\/hr\/producto\/maquina-para-hacer-helados-suaves-12l\/#primaryimage"},"image":{"@id":"https:\/\/distribucionarc.com\/hr\/producto\/maquina-para-hacer-helados-suaves-12l\/#primaryimage"},"thumbnailUrl":"https:\/\/distribucionarc.com\/wp-content\/uploads\/2020\/07\/Maquina-para-hacer-helados-cremosos-12L-imagen-producto.jpg","datePublished":"2020-07-20T13:17:24+00:00","dateModified":"2024-09-08T22:32:59+00:00","breadcrumb":{"@id":"https:\/\/distribucionarc.com\/hr\/producto\/maquina-para-hacer-helados-suaves-12l\/#breadcrumb"},"inLanguage":"tr","potentialAction":[{"@type":"ReadAction","target":["https:\/\/distribucionarc.com\/hr\/producto\/maquina-para-hacer-helados-suaves-12l\/"]}]},{"@type":"ImageObject","inLanguage":"tr","@id":"https:\/\/distribucionarc.com\/hr\/producto\/maquina-para-hacer-helados-suaves-12l\/#primaryimage","url":"https:\/\/distribucionarc.com\/wp-content\/uploads\/2020\/07\/Maquina-para-hacer-helados-cremosos-12L-imagen-producto.jpg","contentUrl":"https:\/\/distribucionarc.com\/wp-content\/uploads\/2020\/07\/Maquina-para-hacer-helados-cremosos-12L-imagen-producto.jpg","width":1600,"height":1600},{"@type":"BreadcrumbList","@id":"https:\/\/distribucionarc.com\/hr\/producto\/maquina-para-hacer-helados-suaves-12l\/#breadcrumb","itemListElement":[{"@type":"ListItem","position":1,"name":"Portada","item":"https:\/\/distribucionarc.com\/pl\/"},{"@type":"ListItem","position":2,"name":"Produkty","item":"https:\/\/distribucionarc.com\/pl\/shop\/"},{"@type":"ListItem","position":3,"name":"Maquina para hacer helados cremosos 12L"}]},{"@type":"WebSite","@id":"https:\/\/distribucionarc.com\/de\/#website","url":"https:\/\/distribucionarc.com\/de\/","name":"ARC da\u011f\u0131t\u0131m\u0131","description":"End\u00fcstriyel makinelerin \u00fcretimi ve da\u011f\u0131t\u0131m\u0131 konusunda uzmanla\u015fm\u0131\u015f \u015firket, kutu m\u00fch\u00fcrleme makineleri, tablet yapma makineleri, et kesme makineleri...","publisher":{"@id":"https:\/\/distribucionarc.com\/de\/#organization"},"potentialAction":[{"@type":"SearchAction","target":{"@type":"EntryPoint","urlTemplate":"https:\/\/distribucionarc.com\/de\/?s={search_term_string}"},"query-input":{"@type":"PropertyValueSpecification","valueRequired":true,"valueName":"search_term_string"}}],"inLanguage":"tr"},{"@type":"Organization","@id":"https:\/\/distribucionarc.com\/de\/#organization","name":"ARC Da\u011f\u0131t\u0131m\u0131","url":"https:\/\/distribucionarc.com\/de\/","logo":{"@type":"ImageObject","inLanguage":"tr","@id":"https:\/\/distribucionarc.com\/de\/#\/schema\/logo\/image\/","url":"https:\/\/distribucionarc.com\/wp-content\/uploads\/2024\/10\/distribucion-ARC-COLOR-SIN-FONDO-e1732295305345.png","contentUrl":"https:\/\/distribucionarc.com\/wp-content\/uploads\/2024\/10\/distribucion-ARC-COLOR-SIN-FONDO-e1732295305345.png","width":1164,"height":558,"caption":"Distribuci\u00f3n ARC"},"image":{"@id":"https:\/\/distribucionarc.com\/de\/#\/schema\/logo\/image\/"},"description":"\u015eirket, g\u0131da ve ila\u00e7 sekt\u00f6rleri i\u00e7in end\u00fcstriyel makine \u00fcretimi ve da\u011f\u0131t\u0131m\u0131 konusunda uzmanla\u015fm\u0131\u015ft\u0131r. Uzmanl\u0131k alanlar\u0131m\u0131z Et kesme makineleri Tablet \u00fcretimi End\u00fcstriyel ta\u015f\u0131ma sistemleri \u015ei\u015feleme hatlar\u0131 Dozajlama makineleri Ve \u00e7ok daha fazlas\u0131... \u015eirketinizin \u00fcretim s\u00fcre\u00e7lerini optimize etmek i\u00e7in yenilik\u00e7i ve \u00f6zelle\u015ftirilmi\u015f \u00e7\u00f6z\u00fcmler sunuyoruz.","email":"Admistracion@distribucionarc.com","telephone":"+34 643496664","legalName":"ARC TECH SOLUTIONS","foundingDate":"2024-04-09","vatID":"B55480172","numberOfEmployees":{"@type":"QuantitativeValue","minValue":"1","maxValue":"10"}}]}},"_links":{"self":[{"href":"https:\/\/distribucionarc.com\/tr\/wp-json\/wp\/v2\/product\/1263","targetHints":{"allow":["GET"]}}],"collection":[{"href":"https:\/\/distribucionarc.com\/tr\/wp-json\/wp\/v2\/product"}],"about":[{"href":"https:\/\/distribucionarc.com\/tr\/wp-json\/wp\/v2\/types\/product"}],"replies":[{"embeddable":true,"href":"https:\/\/distribucionarc.com\/tr\/wp-json\/wp\/v2\/comments?post=1263"}],"version-history":[{"count":0,"href":"https:\/\/distribucionarc.com\/tr\/wp-json\/wp\/v2\/product\/1263\/revisions"}],"wp:featuredmedia":[{"embeddable":true,"href":"https:\/\/distribucionarc.com\/tr\/wp-json\/wp\/v2\/media\/6051"}],"wp:attachment":[{"href":"https:\/\/distribucionarc.com\/tr\/wp-json\/wp\/v2\/media?parent=1263"}],"wp:term":[{"taxonomy":"product_brand","embeddable":true,"href":"https:\/\/distribucionarc.com\/tr\/wp-json\/wp\/v2\/product_brand?post=1263"},{"taxonomy":"product_cat","embeddable":true,"href":"https:\/\/distribucionarc.com\/tr\/wp-json\/wp\/v2\/product_cat?post=1263"},{"taxonomy":"product_tag","embeddable":true,"href":"https:\/\/distribucionarc.com\/tr\/wp-json\/wp\/v2\/product_tag?post=1263"}],"curies":[{"name":"wp","href":"https:\/\/api.w.org\/{rel}","templated":true}]}}