{"id":1277,"date":"2020-07-20T13:57:02","date_gmt":"2020-07-20T13:57:02","guid":{"rendered":"https:\/\/distribucionarc.com\/?post_type=product&#038;p=1277"},"modified":"2024-09-09T00:05:42","modified_gmt":"2024-09-09T00:05:42","slug":"makineden-yumusak-dondurma-14l","status":"publish","type":"product","link":"https:\/\/distribucionarc.com\/tr\/producto\/maquina-para-hacer-helados-suaves-14l\/","title":{"rendered":"14L kremal\u0131 dondurma yapma makinesi"},"content":{"rendered":"<h3>14L kremal\u0131 dondurma yapma makinesi<\/h3>\n<p><strong>Dondurma makinesi<\/strong>\u00a0ile ilgili<span style=\"color: #ff0000;\">\u00a0<\/span><strong><span style=\"color: #ff0000;\">\u0130LE<\/span><span style=\"color: #0000ff;\">R<\/span>C<\/strong>\u00a0Restoranlarda, kafelerde, dondurma salonlar\u0131nda, dinlenme yerlerinde yayg\u0131n olarak uygulan\u0131r. Fast food. Karma\u015f\u0131k ad\u0131mlar olmadan \u015funlar\u0131 yapabilirsiniz:\u00a0<strong>h\u0131zl\u0131 bir \u015fekilde dondurma haz\u0131rlay\u0131n<\/strong>,\u00a0<strong>yo\u011furt<\/strong>\u00a0herhangi biri\u00a0<strong>\u015ferbet<\/strong><\/p>\n<p>La\u00a0<strong><span style=\"color: #ff0000;\">\u0130LE<\/span><span style=\"color: #0000ff;\">R<\/span>CMH02<\/strong>\u00a0\u00c7ift GMCC kompres\u00f6r, iki adet 6L paslanmaz \u00e7elik hazne, y\u00fcksek enerjili bir radyat\u00f6r ve R410a so\u011futucu ak\u0131\u015fkan ile donat\u0131lm\u0131\u015f olup, \u00f6n so\u011futma i\u015flevine ve 20 L\/H ile 28 L\/H aras\u0131nda de\u011fi\u015fen \u00fcretime sahiptir.<\/p>\n<p>La\u00a0<strong>dondurma makinesi<\/strong>\u00a0\u0130ki yerle\u015fik paslanmaz \u00e7elik hazneye sahiptir, bu\u00a0<strong>dondurma makinesi<\/strong>\u00a0ile ilgili\u00a0<strong><span style=\"color: #ff0000;\">\u0130LE<\/span><span style=\"color: #0000ff;\">R<\/span>C<\/strong>\u00a0\u00c7e\u015fitli tatlara y\u00f6nelik, iki sade tat ve bir kar\u0131\u015f\u0131m tat dahil olmak \u00fczere \u00fc\u00e7 \u00e7e\u015fit dondurma olu\u015fturmak i\u00e7in kullan\u0131labilir.<\/p>\n<p>S\u00fcrekli g\u00f6zlem i\u00e7in dondurman\u0131n s\u00fcresi, s\u0131cakl\u0131\u011f\u0131, sertli\u011fi ve miktar\u0131 ekranda g\u00f6r\u00fcnt\u00fclenebilir. Zevkinize g\u00f6re serbest\u00e7e mod\u00fclasyon yapabilirsiniz. Ayr\u0131ca tek tu\u015fla temizleme, dondurma makinesinin h\u0131zl\u0131 ve otomatik olarak temizlenmesine olanak sa\u011flar.<\/p>\n<p>\u0130\u00e7indekiler\u00a0<strong>dondurma makinesi<\/strong>\u00a0Dondurman\u0131n haz\u0131rlanabilmesi i\u00e7in \u00f6nceden so\u011futulabilirler.\u00a0<strong>\u00e7abuk haz\u0131rlan<\/strong>\u00a0makineyi \u00e7al\u0131\u015ft\u0131rd\u0131ktan sonra. Gece boyunca saklama \u00f6zelli\u011fi temizleme s\u0131kl\u0131\u011f\u0131n\u0131 azalt\u0131r ve malzemelerden tasarruf sa\u011flar.<\/p>\n<p>Geli\u015ftirilmi\u015f koni tutucu, d\u0131\u015f tarafa yerle\u015ftirilmi\u015ftir.<strong>\u00a0dondurma makinesi<\/strong>B\u00f6ylece dondurma k\u00fclahlar\u0131 kolay \u0131slanmaz ve k\u00fclahlar\u0131n lezzeti korunur.<\/p>\n<h6><\/h6>\n<h6><strong>Garanti<span style=\"color: #ff0000;\">\u00a0\u0130LE<\/span><span style=\"color: #0000ff;\">R<\/span>\u00c7 2 YIL<\/strong><\/h6>\n<h6><span style=\"color: #008000;\">Verimli dondurma yapma makinesi, d\u00fc\u015f\u00fck t\u00fcketim 2000w<\/span><\/h6>\n<h6><strong>teknik destek dahil<\/strong><\/h6>\n<table>\n<thead>\n<tr>\n<th><strong>\u00d6zellikler<\/strong><\/th>\n<th><strong>Tan\u0131m<\/strong><\/th>\n<\/tr>\n<\/thead>\n<tbody>\n<tr>\n<td><strong>\u00dcretici numaras\u0131<\/strong><\/td>\n<td>ARCMH03<\/td>\n<\/tr>\n<tr>\n<td><strong>Teknik deste\u011fi olan \u00fclkeler<\/strong><\/td>\n<td><a href=\"https:\/\/distribucionarc.com\/tr\/teknik-servis\/\" target=\"_new\" rel=\"noopener\">Teknik deste\u011fe buradan ba\u015fvurun<\/a><\/td>\n<\/tr>\n<tr>\n<td><strong>A\u011f\u0131rl\u0131k<\/strong><\/td>\n<td>115 kilogram (kg)<\/td>\n<\/tr>\n<tr>\n<td><strong>Makine boyutlar\u0131<\/strong><\/td>\n<td><strong>Y\u00fckseklik<\/strong>: 85cm, <strong>Uzun<\/strong>: 57cm, <strong>Geni\u015f<\/strong>: 87cm<\/td>\n<\/tr>\n<tr>\n<td><strong>Renk<\/strong><\/td>\n<td>G\u00fcm\u00fc\u015f<\/td>\n<\/tr>\n<tr>\n<td><strong>G\u00fc\u00e7<\/strong><\/td>\n<td>2000 watt (W)<\/td>\n<\/tr>\n<tr>\n<td><strong>giri\u015f voltaj\u0131<\/strong><\/td>\n<td>220V \u2013 60Hz<\/td>\n<\/tr>\n<tr>\n<td><strong>\u00dcretim kapasitesi<\/strong><\/td>\n<td>Saatte 20 \u2013 28 litre<\/td>\n<\/tr>\n<tr>\n<td><strong>So\u011futucu<\/strong><\/td>\n<td>R410a<\/td>\n<\/tr>\n<tr>\n<td><strong>Mevduat boyutu<\/strong><\/td>\n<td>Birim ba\u015f\u0131na 7 litre<\/td>\n<\/tr>\n<tr>\n<td><strong>Malzeme<\/strong><\/td>\n<td>Paslanmaz \u00e7elik, ak\u0131ll\u0131 dokunmatik LCD kontrol<\/td>\n<\/tr>\n<tr>\n<td><strong>Garanti<\/strong><\/td>\n<td>2 y\u0131l<\/td>\n<\/tr>\n<tr>\n<td><strong>Kurulum ara\u00e7lar\u0131<\/strong><\/td>\n<td>Dahil<\/td>\n<\/tr>\n<\/tbody>\n<\/table>","protected":false},"excerpt":{"rendered":"<h2>ARC Soft Dondurma Makinesi \u2013 Kompakt, Y\u00fcksek Performansl\u0131 Tezgah \u00dcst\u00fc Dondurma Makinesi<\/h2>\n<p>La <strong>ARC profesyonel yumu\u015fak ve kremsi dondurma yapma makinesi<\/strong> Kompakt ve g\u00fc\u00e7l\u00fc olacak \u015fekilde tasarlanm\u0131\u015ft\u0131r; do\u011frudan tezgah\u0131n \u00fczerine yerle\u015ftirmek i\u00e7in idealdir. <strong>dondurma salonlar\u0131<\/strong>, <strong>kafeler<\/strong> Ve <strong>restoranlar<\/strong> s\u0131n\u0131rl\u0131 alana sahip. Kapasitesi olan <strong>Saatte 20 ila 28 litre<\/strong>Bu makine, y\u00fcksek kaliteli yumu\u015fak dondurma \u00fcretmenize ve b\u00fcy\u00fck talepleri verimli bir \u015fekilde kar\u015f\u0131laman\u0131za olanak tan\u0131r.<\/p>\n<p>senin sayende <strong>so\u011futucu R410a<\/strong>Bu makine, dondurman\u0131n m\u00fckemmel kremal\u0131l\u0131\u011f\u0131n\u0131 ve dokusunu her zaman koruyarak istikrarl\u0131 ve enerji tasarruflu \u00fcretimi garanti eder. Ayr\u0131ca, <strong>ak\u0131ll\u0131 LCD paneli<\/strong> Makinenin kontrol\u00fcn\u00fc kolayla\u015ft\u0131r\u0131r, zaman ve s\u0131cakl\u0131kta hassas ayarlamalara olanak tan\u0131r.<\/p>\n<h3>Yapabilece\u011finiz \u00fcr\u00fcnler:<\/h3>\n<ul>\n<li><strong>yumu\u015fak dondurma<\/strong>: \u0130\u015fletmelerde servis edilen k\u00fclah veya bardaklar i\u00e7in idealdir.<\/li>\n<li><strong>Kar\u0131\u015f\u0131k dondurmalar<\/strong>: \u0130ki farkl\u0131 veya kombine lezzete kadar servis yapman\u0131z\u0131 sa\u011flar.<\/li>\n<li><strong>Dondurmalar ve tatl\u0131lar<\/strong>: Her m\u00fc\u015fteri i\u00e7in ki\u015fiselle\u015ftirilmi\u015f dondurmal\u0131 tatl\u0131lar olu\u015fturmak i\u00e7in idealdir.<\/li>\n<\/ul>\n<h3>Uygulanabilece\u011fi sekt\u00f6rler:<\/h3>\n<ul>\n<li><strong>Dondurma salonlar\u0131 ve kafeler<\/strong>: Yumu\u015fak dondurman\u0131n h\u0131zl\u0131 ve verimli bir \u015fekilde servis edilmesi i\u00e7in \u00f6zeldir.<\/li>\n<li><strong>Restoranlar<\/strong>: Men\u00fcn\u00fcn bir par\u00e7as\u0131 olarak dondurulmu\u015f tatl\u0131lar sunmak i\u00e7in m\u00fckemmeldir.<\/li>\n<li><strong>Bayilikler ve g\u0131da kamyonlar\u0131<\/strong>: Kompakt ancak y\u00fcksek kapasiteli ekipmanlara ihtiya\u00e7 duyan mobil i\u015fletmeler veya franchise&#039;lar i\u00e7in idealdir.<\/li>\n<\/ul>","protected":false},"featured_media":1285,"comment_status":"open","ping_status":"closed","template":"","meta":{"wds_primary_product_brand":0,"wds_primary_product_cat":0},"product_brand":[],"product_cat":[56,58],"product_tag":[],"class_list":{"0":"post-1277","1":"product","2":"type-product","3":"status-publish","4":"has-post-thumbnail","6":"product_cat-maquinaria-para-ferias","7":"product_cat-maquinaria-para-heladerias-profesionales","8":"product_shipping_class-hosteleria","10":"first","11":"instock","12":"sale","13":"taxable","14":"shipping-taxable","15":"purchasable","16":"product-type-simple"},"yoast_head":"<!-- This site is optimized with the Yoast SEO Premium plugin v24.9 (Yoast SEO v26.1) - https:\/\/yoast.com\/wordpress\/plugins\/seo\/ -->\n<title>Maquina para hacer helados cremosos 14L - distribuci\u00f3n ARC<\/title>\n<meta name=\"robots\" content=\"index, follow, max-snippet:-1, max-image-preview:large, max-video-preview:-1\" \/>\n<link rel=\"canonical\" href=\"https:\/\/www.distribucionarc.com\/lt\/producto\/maquina-para-hacer-helados-suaves-14l\/\" \/>\n<meta property=\"og:locale\" content=\"tr_TR\" \/>\n<meta property=\"og:type\" content=\"article\" \/>\n<meta property=\"og:title\" content=\"Maquina para hacer helados cremosos 14L\" \/>\n<meta property=\"og:description\" content=\"M\u00e1quina para hacer helados suaves ARC \u2013 Compacta y de alto rendimiento para mostrador La m\u00e1quina para hacer helados blandos y cremosos profesional ARC est\u00e1 dise\u00f1ada para ser compacta y potente, ideal para ubicarse directamente sobre el mostrador en helader\u00edas, cafeter\u00edas y restaurantes con espacio limitado. Con una capacidad de 20 a 28 litros por hora, esta m\u00e1quina te permite producir helados suaves de alta calidad y satisfacer grandes demandas de manera eficiente.  Gracias a su refrigerante R410a, esta m\u00e1quina garantiza una producci\u00f3n estable y eficiente en t\u00e9rminos de energ\u00eda, manteniendo siempre la cremosidad y textura perfecta del helado. Adem\u00e1s, el panel LCD inteligente facilita el control de la m\u00e1quina, permitiendo ajustes precisos en tiempo y temperatura. Productos que puedes hacer:   Helados suaves: Perfectos para conos o vasos servidos en establecimientos.  Helados mixtos: Permite servir hasta dos sabores diferentes o combinados.  Sundaes y postres: Ideal para crear postres con helado personalizado para cada cliente.  Sectores donde se puede implementar:   Helader\u00edas y cafeter\u00edas: Especial para servir helados suaves de manera r\u00e1pida y eficiente.  Restaurantes: Excelente para ofrecer postres helados como parte del men\u00fa.  Franquicias y food trucks: Ideal para negocios m\u00f3viles o franquicias que necesiten equipos compactos pero de alta capacidad.\" \/>\n<meta property=\"og:url\" content=\"https:\/\/www.distribucionarc.com\/lt\/producto\/maquina-para-hacer-helados-suaves-14l\/\" \/>\n<meta property=\"og:site_name\" content=\"distribuci\u00f3n ARC\" \/>\n<meta property=\"article:modified_time\" content=\"2024-09-09T00:05:42+00:00\" \/>\n<meta property=\"og:image\" content=\"https:\/\/distribucionarc.com\/wp-content\/uploads\/2020\/07\/M\u00e1quina-para-hacer-helados-suaves-14L-1.jpg\" \/>\n\t<meta property=\"og:image:width\" content=\"1600\" \/>\n\t<meta property=\"og:image:height\" content=\"1600\" \/>\n\t<meta property=\"og:image:type\" content=\"image\/jpeg\" \/>\n<meta name=\"twitter:card\" content=\"summary_large_image\" \/>\n<meta name=\"twitter:label1\" content=\"Tahmini okuma s\u00fcresi\" \/>\n\t<meta name=\"twitter:data1\" content=\"2 dakika\" \/>\n<script type=\"application\/ld+json\" class=\"yoast-schema-graph\">{\"@context\":\"https:\/\/schema.org\",\"@graph\":[{\"@type\":\"WebPage\",\"@id\":\"https:\/\/www.distribucionarc.com\/lt\/producto\/maquina-para-hacer-helados-suaves-14l\/\",\"url\":\"https:\/\/www.distribucionarc.com\/lt\/producto\/maquina-para-hacer-helados-suaves-14l\/\",\"name\":\"Maquina para hacer helados cremosos 14L - distribuci\u00f3n ARC\",\"isPartOf\":{\"@id\":\"https:\/\/www.distribucionarc.com\/sl\/#website\"},\"primaryImageOfPage\":{\"@id\":\"https:\/\/www.distribucionarc.com\/lt\/producto\/maquina-para-hacer-helados-suaves-14l\/#primaryimage\"},\"image\":{\"@id\":\"https:\/\/www.distribucionarc.com\/lt\/producto\/maquina-para-hacer-helados-suaves-14l\/#primaryimage\"},\"thumbnailUrl\":\"https:\/\/distribucionarc.com\/wp-content\/uploads\/2020\/07\/M\u00e1quina-para-hacer-helados-suaves-14L-1.jpg\",\"datePublished\":\"2020-07-20T13:57:02+00:00\",\"dateModified\":\"2024-09-09T00:05:42+00:00\",\"breadcrumb\":{\"@id\":\"https:\/\/www.distribucionarc.com\/lt\/producto\/maquina-para-hacer-helados-suaves-14l\/#breadcrumb\"},\"inLanguage\":\"tr\",\"potentialAction\":[{\"@type\":\"ReadAction\",\"target\":[\"https:\/\/www.distribucionarc.com\/lt\/producto\/maquina-para-hacer-helados-suaves-14l\/\"]}]},{\"@type\":\"ImageObject\",\"inLanguage\":\"tr\",\"@id\":\"https:\/\/www.distribucionarc.com\/lt\/producto\/maquina-para-hacer-helados-suaves-14l\/#primaryimage\",\"url\":\"https:\/\/distribucionarc.com\/wp-content\/uploads\/2020\/07\/M\u00e1quina-para-hacer-helados-suaves-14L-1.jpg\",\"contentUrl\":\"https:\/\/distribucionarc.com\/wp-content\/uploads\/2020\/07\/M\u00e1quina-para-hacer-helados-suaves-14L-1.jpg\",\"width\":1600,\"height\":1600,\"caption\":\"Maquina para hacer helados suaves 14L\"},{\"@type\":\"BreadcrumbList\",\"@id\":\"https:\/\/www.distribucionarc.com\/lt\/producto\/maquina-para-hacer-helados-suaves-14l\/#breadcrumb\",\"itemListElement\":[{\"@type\":\"ListItem\",\"position\":1,\"name\":\"Portada\",\"item\":\"https:\/\/www.distribucionarc.com\/\"},{\"@type\":\"ListItem\",\"position\":2,\"name\":\"\u00dcr\u00fcnler\",\"item\":\"https:\/\/www.distribucionarc.com\/tr\/magaza\/\"},{\"@type\":\"ListItem\",\"position\":3,\"name\":\"Maquina para hacer helados cremosos 14L\"}]},{\"@type\":\"WebSite\",\"@id\":\"https:\/\/www.distribucionarc.com\/sl\/#website\",\"url\":\"https:\/\/www.distribucionarc.com\/sl\/\",\"name\":\"distribuci\u00f3n ARC\",\"description\":\"Empresa especializada en la fabricaci\u00f3n y distribuci\u00f3n de maquinaria industrial, selladoras de latas, Maquinas de hacer pastillas, Maquinas de cortar carne...\",\"publisher\":{\"@id\":\"https:\/\/www.distribucionarc.com\/sl\/#organization\"},\"potentialAction\":[{\"@type\":\"SearchAction\",\"target\":{\"@type\":\"EntryPoint\",\"urlTemplate\":\"https:\/\/www.distribucionarc.com\/sl\/?s={search_term_string}\"},\"query-input\":{\"@type\":\"PropertyValueSpecification\",\"valueRequired\":true,\"valueName\":\"search_term_string\"}}],\"inLanguage\":\"tr\"},{\"@type\":\"Organization\",\"@id\":\"https:\/\/www.distribucionarc.com\/sl\/#organization\",\"name\":\"Distribuci\u00f3n ARC\",\"url\":\"https:\/\/www.distribucionarc.com\/sl\/\",\"logo\":{\"@type\":\"ImageObject\",\"inLanguage\":\"tr\",\"@id\":\"https:\/\/www.distribucionarc.com\/sl\/#\/schema\/logo\/image\/\",\"url\":\"https:\/\/distribucionarc.com\/wp-content\/uploads\/2024\/10\/distribucion-ARC-COLOR-SIN-FONDO-e1732295305345.png\",\"contentUrl\":\"https:\/\/distribucionarc.com\/wp-content\/uploads\/2024\/10\/distribucion-ARC-COLOR-SIN-FONDO-e1732295305345.png\",\"width\":1164,\"height\":558,\"caption\":\"Distribuci\u00f3n ARC\"},\"image\":{\"@id\":\"https:\/\/www.distribucionarc.com\/sl\/#\/schema\/logo\/image\/\"},\"description\":\"Empresa especializada en la fabricaci\u00f3n y distribuci\u00f3n de maquinaria industrial para los sectores alimentario y farmac\u00e9utico. Nos especializamos en: M\u00e1quinas de cortar carne Fabricaci\u00f3n de comprimidos Sistemas de transporte industrial L\u00edneas de embotellado Dosificadores Y mucho m\u00e1s... Ofrecemos soluciones innovadoras y personalizadas para optimizar los procesos productivos de tu empresa.\",\"email\":\"Admistracion@distribucionarc.com\",\"telephone\":\"+34 643496664\",\"legalName\":\"ARC TECH SOLUTIONS\",\"foundingDate\":\"2024-04-09\",\"vatID\":\"B55480172\",\"numberOfEmployees\":{\"@type\":\"QuantitativeValue\",\"minValue\":\"1\",\"maxValue\":\"10\"}}]}<\/script>\n<!-- \/ Yoast SEO Premium plugin. -->","yoast_head_json":{"title":"14L kremal\u0131 dondurma yapma makinesi - ARC da\u011f\u0131t\u0131m\u0131","robots":{"index":"index","follow":"follow","max-snippet":"max-snippet:-1","max-image-preview":"max-image-preview:large","max-video-preview":"max-video-preview:-1"},"canonical":"https:\/\/www.distribucionarc.com\/lt\/producto\/maquina-para-hacer-helados-suaves-14l\/","og_locale":"tr_TR","og_type":"article","og_title":"Maquina para hacer helados cremosos 14L","og_description":"M\u00e1quina para hacer helados suaves ARC \u2013 Compacta y de alto rendimiento para mostrador La m\u00e1quina para hacer helados blandos y cremosos profesional ARC est\u00e1 dise\u00f1ada para ser compacta y potente, ideal para ubicarse directamente sobre el mostrador en helader\u00edas, cafeter\u00edas y restaurantes con espacio limitado. Con una capacidad de 20 a 28 litros por hora, esta m\u00e1quina te permite producir helados suaves de alta calidad y satisfacer grandes demandas de manera eficiente.  Gracias a su refrigerante R410a, esta m\u00e1quina garantiza una producci\u00f3n estable y eficiente en t\u00e9rminos de energ\u00eda, manteniendo siempre la cremosidad y textura perfecta del helado. Adem\u00e1s, el panel LCD inteligente facilita el control de la m\u00e1quina, permitiendo ajustes precisos en tiempo y temperatura. Productos que puedes hacer:   Helados suaves: Perfectos para conos o vasos servidos en establecimientos.  Helados mixtos: Permite servir hasta dos sabores diferentes o combinados.  Sundaes y postres: Ideal para crear postres con helado personalizado para cada cliente.  Sectores donde se puede implementar:   Helader\u00edas y cafeter\u00edas: Especial para servir helados suaves de manera r\u00e1pida y eficiente.  Restaurantes: Excelente para ofrecer postres helados como parte del men\u00fa.  Franquicias y food trucks: Ideal para negocios m\u00f3viles o franquicias que necesiten equipos compactos pero de alta capacidad.","og_url":"https:\/\/www.distribucionarc.com\/lt\/producto\/maquina-para-hacer-helados-suaves-14l\/","og_site_name":"distribuci\u00f3n ARC","article_modified_time":"2024-09-09T00:05:42+00:00","og_image":[{"width":1600,"height":1600,"url":"https:\/\/distribucionarc.com\/wp-content\/uploads\/2020\/07\/M\u00e1quina-para-hacer-helados-suaves-14L-1.jpg","type":"image\/jpeg"}],"twitter_card":"summary_large_image","twitter_misc":{"Tahmini okuma s\u00fcresi":"2 dakika"},"schema":{"@context":"https:\/\/schema.org","@graph":[{"@type":"WebPage","@id":"https:\/\/www.distribucionarc.com\/lt\/producto\/maquina-para-hacer-helados-suaves-14l\/","url":"https:\/\/www.distribucionarc.com\/lt\/producto\/maquina-para-hacer-helados-suaves-14l\/","name":"14L kremal\u0131 dondurma yapma makinesi - ARC da\u011f\u0131t\u0131m\u0131","isPartOf":{"@id":"https:\/\/www.distribucionarc.com\/sl\/#website"},"primaryImageOfPage":{"@id":"https:\/\/www.distribucionarc.com\/lt\/producto\/maquina-para-hacer-helados-suaves-14l\/#primaryimage"},"image":{"@id":"https:\/\/www.distribucionarc.com\/lt\/producto\/maquina-para-hacer-helados-suaves-14l\/#primaryimage"},"thumbnailUrl":"https:\/\/distribucionarc.com\/wp-content\/uploads\/2020\/07\/M\u00e1quina-para-hacer-helados-suaves-14L-1.jpg","datePublished":"2020-07-20T13:57:02+00:00","dateModified":"2024-09-09T00:05:42+00:00","breadcrumb":{"@id":"https:\/\/www.distribucionarc.com\/lt\/producto\/maquina-para-hacer-helados-suaves-14l\/#breadcrumb"},"inLanguage":"tr","potentialAction":[{"@type":"ReadAction","target":["https:\/\/www.distribucionarc.com\/lt\/producto\/maquina-para-hacer-helados-suaves-14l\/"]}]},{"@type":"ImageObject","inLanguage":"tr","@id":"https:\/\/www.distribucionarc.com\/lt\/producto\/maquina-para-hacer-helados-suaves-14l\/#primaryimage","url":"https:\/\/distribucionarc.com\/wp-content\/uploads\/2020\/07\/M\u00e1quina-para-hacer-helados-suaves-14L-1.jpg","contentUrl":"https:\/\/distribucionarc.com\/wp-content\/uploads\/2020\/07\/M\u00e1quina-para-hacer-helados-suaves-14L-1.jpg","width":1600,"height":1600,"caption":"Maquina para hacer helados suaves 14L"},{"@type":"BreadcrumbList","@id":"https:\/\/www.distribucionarc.com\/lt\/producto\/maquina-para-hacer-helados-suaves-14l\/#breadcrumb","itemListElement":[{"@type":"ListItem","position":1,"name":"Portada","item":"https:\/\/www.distribucionarc.com\/"},{"@type":"ListItem","position":2,"name":"\u00dcr\u00fcnler","item":"https:\/\/www.distribucionarc.com\/tr\/magaza\/"},{"@type":"ListItem","position":3,"name":"Maquina para hacer helados cremosos 14L"}]},{"@type":"WebSite","@id":"https:\/\/www.distribucionarc.com\/sl\/#website","url":"https:\/\/www.distribucionarc.com\/sl\/","name":"ARC da\u011f\u0131t\u0131m\u0131","description":"End\u00fcstriyel makinelerin \u00fcretimi ve da\u011f\u0131t\u0131m\u0131 konusunda uzmanla\u015fm\u0131\u015f \u015firket, kutu m\u00fch\u00fcrleme makineleri, tablet yapma makineleri, et kesme makineleri...","publisher":{"@id":"https:\/\/www.distribucionarc.com\/sl\/#organization"},"potentialAction":[{"@type":"SearchAction","target":{"@type":"EntryPoint","urlTemplate":"https:\/\/www.distribucionarc.com\/sl\/?s={search_term_string}"},"query-input":{"@type":"PropertyValueSpecification","valueRequired":true,"valueName":"search_term_string"}}],"inLanguage":"tr"},{"@type":"Organization","@id":"https:\/\/www.distribucionarc.com\/sl\/#organization","name":"ARC Da\u011f\u0131t\u0131m\u0131","url":"https:\/\/www.distribucionarc.com\/sl\/","logo":{"@type":"ImageObject","inLanguage":"tr","@id":"https:\/\/www.distribucionarc.com\/sl\/#\/schema\/logo\/image\/","url":"https:\/\/distribucionarc.com\/wp-content\/uploads\/2024\/10\/distribucion-ARC-COLOR-SIN-FONDO-e1732295305345.png","contentUrl":"https:\/\/distribucionarc.com\/wp-content\/uploads\/2024\/10\/distribucion-ARC-COLOR-SIN-FONDO-e1732295305345.png","width":1164,"height":558,"caption":"Distribuci\u00f3n ARC"},"image":{"@id":"https:\/\/www.distribucionarc.com\/sl\/#\/schema\/logo\/image\/"},"description":"\u015eirket, g\u0131da ve ila\u00e7 sekt\u00f6rleri i\u00e7in end\u00fcstriyel makine \u00fcretimi ve da\u011f\u0131t\u0131m\u0131 konusunda uzmanla\u015fm\u0131\u015ft\u0131r. Uzmanl\u0131k alanlar\u0131m\u0131z Et kesme makineleri Tablet \u00fcretimi End\u00fcstriyel ta\u015f\u0131ma sistemleri \u015ei\u015feleme hatlar\u0131 Dozajlama makineleri Ve \u00e7ok daha fazlas\u0131... \u015eirketinizin \u00fcretim s\u00fcre\u00e7lerini optimize etmek i\u00e7in yenilik\u00e7i ve \u00f6zelle\u015ftirilmi\u015f \u00e7\u00f6z\u00fcmler sunuyoruz.","email":"Admistracion@distribucionarc.com","telephone":"+34 643496664","legalName":"ARC TECH SOLUTIONS","foundingDate":"2024-04-09","vatID":"B55480172","numberOfEmployees":{"@type":"QuantitativeValue","minValue":"1","maxValue":"10"}}]}},"_links":{"self":[{"href":"https:\/\/distribucionarc.com\/tr\/wp-json\/wp\/v2\/product\/1277","targetHints":{"allow":["GET"]}}],"collection":[{"href":"https:\/\/distribucionarc.com\/tr\/wp-json\/wp\/v2\/product"}],"about":[{"href":"https:\/\/distribucionarc.com\/tr\/wp-json\/wp\/v2\/types\/product"}],"replies":[{"embeddable":true,"href":"https:\/\/distribucionarc.com\/tr\/wp-json\/wp\/v2\/comments?post=1277"}],"version-history":[{"count":0,"href":"https:\/\/distribucionarc.com\/tr\/wp-json\/wp\/v2\/product\/1277\/revisions"}],"wp:featuredmedia":[{"embeddable":true,"href":"https:\/\/distribucionarc.com\/tr\/wp-json\/wp\/v2\/media\/1285"}],"wp:attachment":[{"href":"https:\/\/distribucionarc.com\/tr\/wp-json\/wp\/v2\/media?parent=1277"}],"wp:term":[{"taxonomy":"product_brand","embeddable":true,"href":"https:\/\/distribucionarc.com\/tr\/wp-json\/wp\/v2\/product_brand?post=1277"},{"taxonomy":"product_cat","embeddable":true,"href":"https:\/\/distribucionarc.com\/tr\/wp-json\/wp\/v2\/product_cat?post=1277"},{"taxonomy":"product_tag","embeddable":true,"href":"https:\/\/distribucionarc.com\/tr\/wp-json\/wp\/v2\/product_tag?post=1277"}],"curies":[{"name":"wp","href":"https:\/\/api.w.org\/{rel}","templated":true}]}}