{"id":1321,"date":"2020-07-23T09:34:42","date_gmt":"2020-07-23T09:34:42","guid":{"rendered":"https:\/\/distribucionarc.com\/?post_type=product&#038;p=1321"},"modified":"2020-09-25T10:55:48","modified_gmt":"2020-09-25T10:55:48","slug":"miodarka-reczna-3m","status":"publish","type":"product","link":"https:\/\/distribucionarc.com\/tr\/producto\/extractor-de-miel-manual-3m\/","title":{"rendered":"3M manuel bal \u00e7\u0131kar\u0131c\u0131"},"content":{"rendered":"<h3><strong>3M manuel bal \u00e7\u0131kar\u0131c\u0131<\/strong><\/h3>\n<p>Bu\u00a0<strong>end\u00fcstriyel makine<\/strong>\u00a0i\u00e7in\u00a0<strong>ar\u0131c\u0131l\u0131k<\/strong>\u00a0Pas ve a\u015f\u0131nmaya kar\u015f\u0131 dayan\u0131kl\u0131l\u0131k i\u00e7in y\u00fcksek kaliteli cilal\u0131 paslanmaz \u00e7elik g\u00f6vde ve ar\u0131 kovan\u0131 \u00e7er\u00e7evesine sahiptir. Kusursuz kaynak yap\u0131s\u0131, makinenin bak\u0131m\u0131n\u0131 ve temizli\u011fini kolayla\u015ft\u0131racakt\u0131r. Kompakt ve size daha fazla denge sa\u011flayacak \u015fekilde tasarland\u0131<\/p>\n<p>ile\u00a0<strong>bal \u00e7\u0131kar\u0131c\u0131\u00a0<\/strong><span style=\"color: #ff0000\"><strong>\u0130LE<\/strong><\/span><span style=\"color: #0000ff\"><strong>R<\/strong><\/span><strong>CEM01,<\/strong>\u00a0Operasyon y\u00f6ntemi basittir, zamandan ve emekten tasarruf sa\u011flar.\u00a0<strong>ar\u0131c\u0131l\u0131k makineleri<\/strong>\u00a0ile ilgili\u00a0<span style=\"color: #ff0000\"><strong>\u0130LE<\/strong><\/span><span style=\"color: #0000ff\"><strong>R<\/strong><\/span><strong>C<\/strong>\u00a0A\u011f\u0131r hizmet i\u00e7in tasarlanm\u0131\u015f olup, al\u00e7ak, orta ve y\u00fcksek derinlikte 3 standart \u00e7er\u00e7eveye kadar ta\u015f\u0131ma kapasitesine sahiptir, \u00e7er\u00e7eve \u00fczerindeki kapal\u0131 ekipman, ortam\u0131n kirlenmemesine yard\u0131mc\u0131 olur.\u00a0<strong>Bal<\/strong>.<br \/>\nEntegre kal\u0131nla\u015ft\u0131r\u0131lm\u0131\u015f kiri\u015f, daha g\u00fc\u00e7l\u00fc ve daha sa\u011flam olan dayan\u0131kl\u0131 al\u00fcminyum ala\u015f\u0131mdan yap\u0131lm\u0131\u015ft\u0131r. Kirlenmeyi \u00f6nlemek i\u00e7in keskin kenarlar yoktur<strong>\u00a0Bal<\/strong>\u00a0ve daha g\u00fcvenli kullan\u0131m sa\u011flar.<br \/>\n\u0130\u015flem s\u0131ras\u0131nda g\u00f6zlenebilmesi i\u00e7in 2 adet \u015feffaf kapa\u011f\u0131 bulunmaktad\u0131r.\u00a0<strong>ekstraksiyon<\/strong>. Kap\u0131\u00a0<strong>bal i\u00e7in tasarland\u0131<\/strong>\u00a0Tank\u0131n alt k\u0131sm\u0131nda bulunan bal\u0131n iste\u011fe ba\u011fl\u0131 olarak akmas\u0131n\u0131 sa\u011flar.<\/p>\n<p>Kullan\u0131m\u0131\u00a0<span style=\"color: #ff0000\"><strong>\u0130LE<\/strong><\/span><span style=\"color: #0000ff\"><strong>R<\/strong><\/span><strong>CEM01<\/strong>\u00a0bu s\u00fcre\u00e7te size yard\u0131mc\u0131 olacak\u00a0<strong>bal yap\u0131m\u0131<\/strong>\u00a0rahatl\u0131\u011f\u0131 ve i\u015fleme kolayl\u0131\u011f\u0131 nedeniyle, yerle\u015ftirmek kadar basit<strong>\u00a0petek<\/strong>\u00a0\u00c7er\u00e7evelerde ve \u00e7ok k\u0131sa s\u00fcrede \u00fcr\u00fcne sahip olursunuz. Hobi i\u00e7in ideal veya\u00a0<strong>k\u00fc\u00e7\u00fck ar\u0131c\u0131<\/strong>.<\/p>\n<h6 style=\"font-weight: inherit\"><strong style=\"font-style: inherit\">Garanti\u00a0<\/strong><span style=\"color: #ff0000\"><strong>\u0130LE<\/strong><\/span><span style=\"color: #0000ff\"><strong>R<\/strong><\/span><strong>\u00c7 2 YIL<\/strong><\/h6>\n<h6 style=\"font-weight: inherit\"><strong style=\"font-style: inherit\">teknik destek dahil<\/strong><\/h6>\n<p>&nbsp;<\/p>\n<p>&nbsp;<\/p>\n<table width=\"100%\">\n<tbody>\n<tr>\n<td>Adam:<\/td>\n<td width=\"50%\">Manuel<\/td>\n<td colspan=\"2\" width=\"327\"><\/td>\n<\/tr>\n<tr>\n<td>Da\u011f\u0131t\u0131m \u00fclkesi:<\/td>\n<td width=\"50%\">\u0130spanya, Almanya, ABD<\/td>\n<td>A\u011f\u0131rl\u0131k:<\/td>\n<td width=\"50%\">13 kg<\/td>\n<\/tr>\n<tr>\n<td>Marka:<\/td>\n<td width=\"50%\">ARK<\/td>\n<td>Y\u00fckseklik:<\/td>\n<td width=\"50%\">85cm<\/td>\n<\/tr>\n<tr>\n<td>Renk:<\/td>\n<td width=\"50%\">G\u00fcm\u00fc\u015f<\/td>\n<td>Uzun:<\/td>\n<td width=\"50%\">\u00a038cm<\/td>\n<\/tr>\n<tr>\n<td>\u00dcr\u00fcn tipi:<\/td>\n<td width=\"50%\">bal \u00e7\u0131kar\u0131c\u0131<\/td>\n<td>Geni\u015f:<\/td>\n<td width=\"50%\">38cm<\/td>\n<\/tr>\n<tr>\n<td>\u00dcretici numaras\u0131:<\/td>\n<td width=\"50%\">ARCEM01<\/td>\n<td>\u00dcretme:<\/td>\n<td width=\"50%\">3 Puan<\/td>\n<\/tr>\n<tr>\n<td>Malzeme:<\/td>\n<td width=\"50%\">paslanmaz \u00e7elik, al\u00fcminyum ala\u015f\u0131m\u0131<\/td>\n<td>Musluk boyutu:<\/td>\n<td width=\"50%\">5cm<\/td>\n<\/tr>\n<tr>\n<td>Namlu boyutlar\u0131:<\/td>\n<td width=\"50%\">38cm \u00c7ap<\/td>\n<td>Garanti:<\/td>\n<td width=\"50%\">2 YIL<\/td>\n<\/tr>\n<tr>\n<td>Namlu y\u00fcksekli\u011fi:<\/td>\n<td width=\"50%\">60cm<\/td>\n<td><\/td>\n<td width=\"50%\"><\/td>\n<\/tr>\n<\/tbody>\n<\/table>","protected":false},"excerpt":{"rendered":"<h2>3M manuel bal \u00e7\u0131kar\u0131c\u0131<\/h2>\n<p>O<strong style=\"font-style: inherit\">\u00a0manuel bal \u00e7\u0131kar\u0131c\u0131<\/strong> ile ilgili <strong><span style=\"color: #ff0000\">\u0130LE<\/span><span style=\"color: #0000ff\">R<\/span>C<\/strong> <span style=\"font-size: 16px\">\u00a03 \u00e7er\u00e7eveyi i\u015fleyecek \u015fekilde tasarlanm\u0131\u015ft\u0131r, son derece dayan\u0131kl\u0131 paslanmaz \u00e7elikten yap\u0131lm\u0131\u015ft\u0131r. Bu\u00a0<\/span><strong style=\"font-style: inherit\">ar\u0131c\u0131l\u0131k makineleri<\/strong><span style=\"font-size: 16px\">\u00a0bir ki\u015fiye sa\u011flan\u0131r<\/span><strong style=\"font-style: inherit\">\u00a0rakipsiz fiyat<\/strong><span style=\"font-size: 16px\">\u00a0Bal \u00fcretiminde g\u00f6sterdikleri \u00f6zen ve en kaliteli malzemelerden dolay\u0131.<\/span><\/p>\n<p>O\u00a0<strong style=\"font-style: inherit\">bok \u00e7\u0131kar\u0131c\u0131<\/strong>lKolay ta\u015f\u0131ma i\u00e7in 2 adet \u015feffaf kapak ve 2 adet yan tutamak ile birlikte gelir. Sap\u0131n alt i\u00e7 k\u0131sm\u0131 konik \u015fekillidir.\u00a0<strong style=\"font-style: inherit\">Bal<\/strong>\u00a0Kilitleme aparat\u0131 ile 2 cm&#039;lik dispenserden bo\u015falt\u0131l\u0131r. O\u00a0<strong style=\"font-style: inherit\">bal \u00e7\u0131kar\u0131c\u0131\u00a0<\/strong>\u00a03 i\u015flemek i\u00e7in tasarlanm\u0131\u015ft\u0131r<strong style=\"font-style: inherit\">\u00a0\u00e7er\u00e7eveler<\/strong>\u00a0d\u00fc\u015f\u00fck, orta ve y\u00fcksek derinlikteki \u00e7er\u00e7eveler i\u00e7in uygundur. Bal ile kirlenmemesi i\u00e7in metal di\u015fliler tamamen i\u00e7 k\u0131s\u0131mdad\u0131r. O\u00a0<strong style=\"font-style: inherit\">bal \u00e7\u0131kar\u0131c\u0131\u00a0<\/strong><span style=\"color: #ff0000\"><strong>\u0130LE<\/strong><\/span><span style=\"color: #0000ff\"><strong>R<\/strong><\/span><strong>CEM01<\/strong>\u00a0\u00c7\u0131kar\u0131lan bal\u0131n n\u00fcfuz etmesini \u00f6nleyen daha al\u00e7ak bir yatakla donat\u0131lm\u0131\u015f piyasadaki birka\u00e7 \u00fcr\u00fcnden biridir. Ayna cilal\u0131 paslanmaz \u00e7elik kaplama, ona \u00e7ok zarif \u00f6zellikler kazand\u0131r\u0131r.<\/p>\n<h6 style=\"font-weight: inherit\"><strong style=\"font-style: inherit\">Garanti\u00a0<\/strong><span style=\"color: #ff0000\"><strong>\u0130LE<\/strong><\/span><span style=\"color: #0000ff\"><strong>R<\/strong><\/span><strong>\u00c7 2 YIL<\/strong><\/h6>\n<h6 style=\"font-weight: inherit\"><strong style=\"font-style: inherit\">teknik destek dahil<\/strong><\/h6>","protected":false},"featured_media":1332,"comment_status":"open","ping_status":"closed","template":"","meta":{"wds_primary_product_brand":0,"wds_primary_product_cat":0},"product_brand":[],"product_cat":[30],"product_tag":[],"class_list":{"0":"post-1321","1":"product","2":"type-product","3":"status-publish","4":"has-post-thumbnail","6":"product_cat-maquinaria-apicola","7":"product_shipping_class-express","9":"first","10":"instock","11":"sale","12":"taxable","13":"shipping-taxable","14":"purchasable","15":"product-type-simple"},"yoast_head":"<!-- This site is optimized with the Yoast SEO Premium plugin v24.9 (Yoast SEO v26.1) - https:\/\/yoast.com\/wordpress\/plugins\/seo\/ -->\n<title>Extractor de miel manual 3M - distribuci\u00f3n ARC<\/title>\n<meta name=\"robots\" content=\"index, follow, max-snippet:-1, max-image-preview:large, max-video-preview:-1\" \/>\n<link rel=\"canonical\" href=\"https:\/\/www.distribucionarc.com\/de\/producto\/extractor-de-miel-manual-3m\/\" \/>\n<meta property=\"og:locale\" content=\"tr_TR\" \/>\n<meta property=\"og:type\" content=\"article\" \/>\n<meta property=\"og:title\" content=\"Extractor de miel manual 3M\" \/>\n<meta property=\"og:description\" content=\"Extractor de miel manual 3M El\u00a0Extractor de miel manual de ARC \u00a0est\u00e1 dise\u00f1ada para procesar 3 marcos, est\u00e1 hecho de acero inoxidable extremadamente duradero. Esta\u00a0maquinaria ap\u00edcola\u00a0se proporciona a un\u00a0precio inmejorable\u00a0por su cuidado en la elaboraci\u00f3n de la miel y sus materiales de primera calidad.  El\u00a0extractor de miel viene con 2 tapas transparentes y 2 asas laterales para facilitar el transporte. La parte inferior interna del tallo tiene forma c\u00f3nica. La\u00a0miel\u00a0se descarga del dispensador de 2 cm con un dispositivo de bloqueo. El\u00a0extractor de miel\u00a0\u00a0est\u00e1 dise\u00f1ado para procesar 3\u00a0marcos\u00a0y es adecuado para marcos de baja, media y alta profundidad. Los engranajes met\u00e1licos son totalmente internos para evitar que se ensucie con la miel. El\u00a0extractor de miel\u00a0ARCEM01\u00a0es uno de los pocos en el mercado equipado con un rodamiento elevado m\u00e1s bajo que impide la penetraci\u00f3n de la miel extra\u00edda. El acabado de acero inoxidable pulido espejo le da unas caracter\u00edsticas muy elegantes. Garant\u00eda\u00a0ARC 2 A\u00d1OS soporte t\u00e9cnico\u00a0incluido\" \/>\n<meta property=\"og:url\" content=\"https:\/\/www.distribucionarc.com\/de\/producto\/extractor-de-miel-manual-3m\/\" \/>\n<meta property=\"og:site_name\" content=\"distribuci\u00f3n ARC\" \/>\n<meta property=\"article:modified_time\" content=\"2020-09-25T10:55:48+00:00\" \/>\n<meta property=\"og:image\" content=\"https:\/\/www.distribucionarc.com\/wp-content\/uploads\/2020\/07\/Extractor-de-miel-manual-3M-2.jpg\" \/>\n\t<meta property=\"og:image:width\" content=\"1600\" \/>\n\t<meta property=\"og:image:height\" content=\"1600\" \/>\n\t<meta property=\"og:image:type\" content=\"image\/jpeg\" \/>\n<meta name=\"twitter:card\" content=\"summary_large_image\" \/>\n<meta name=\"twitter:label1\" content=\"Tahmini okuma s\u00fcresi\" \/>\n\t<meta name=\"twitter:data1\" content=\"2 dakika\" \/>\n<script type=\"application\/ld+json\" class=\"yoast-schema-graph\">{\"@context\":\"https:\/\/schema.org\",\"@graph\":[{\"@type\":\"WebPage\",\"@id\":\"https:\/\/www.distribucionarc.com\/de\/producto\/extractor-de-miel-manual-3m\/\",\"url\":\"https:\/\/www.distribucionarc.com\/de\/producto\/extractor-de-miel-manual-3m\/\",\"name\":\"Extractor de miel manual 3M - distribuci\u00f3n ARC\",\"isPartOf\":{\"@id\":\"https:\/\/distribucionarc.com\/de\/#website\"},\"primaryImageOfPage\":{\"@id\":\"https:\/\/www.distribucionarc.com\/de\/producto\/extractor-de-miel-manual-3m\/#primaryimage\"},\"image\":{\"@id\":\"https:\/\/www.distribucionarc.com\/de\/producto\/extractor-de-miel-manual-3m\/#primaryimage\"},\"thumbnailUrl\":\"https:\/\/distribucionarc.com\/wp-content\/uploads\/2020\/07\/Extractor-de-miel-manual-3M-2.jpg\",\"datePublished\":\"2020-07-23T09:34:42+00:00\",\"dateModified\":\"2020-09-25T10:55:48+00:00\",\"breadcrumb\":{\"@id\":\"https:\/\/www.distribucionarc.com\/de\/producto\/extractor-de-miel-manual-3m\/#breadcrumb\"},\"inLanguage\":\"tr\",\"potentialAction\":[{\"@type\":\"ReadAction\",\"target\":[\"https:\/\/www.distribucionarc.com\/de\/producto\/extractor-de-miel-manual-3m\/\"]}]},{\"@type\":\"ImageObject\",\"inLanguage\":\"tr\",\"@id\":\"https:\/\/www.distribucionarc.com\/de\/producto\/extractor-de-miel-manual-3m\/#primaryimage\",\"url\":\"https:\/\/distribucionarc.com\/wp-content\/uploads\/2020\/07\/Extractor-de-miel-manual-3M-2.jpg\",\"contentUrl\":\"https:\/\/distribucionarc.com\/wp-content\/uploads\/2020\/07\/Extractor-de-miel-manual-3M-2.jpg\",\"width\":1600,\"height\":1600,\"caption\":\"Extractor de miel manual 3M\"},{\"@type\":\"BreadcrumbList\",\"@id\":\"https:\/\/www.distribucionarc.com\/de\/producto\/extractor-de-miel-manual-3m\/#breadcrumb\",\"itemListElement\":[{\"@type\":\"ListItem\",\"position\":1,\"name\":\"Portada\",\"item\":\"https:\/\/distribucionarc.com\/pl\/\"},{\"@type\":\"ListItem\",\"position\":2,\"name\":\"Produkty\",\"item\":\"https:\/\/distribucionarc.com\/pl\/shop\/\"},{\"@type\":\"ListItem\",\"position\":3,\"name\":\"Extractor de miel manual 3M\"}]},{\"@type\":\"WebSite\",\"@id\":\"https:\/\/distribucionarc.com\/de\/#website\",\"url\":\"https:\/\/distribucionarc.com\/de\/\",\"name\":\"distribuci\u00f3n ARC\",\"description\":\"Empresa especializada en la fabricaci\u00f3n y distribuci\u00f3n de maquinaria industrial, selladoras de latas, Maquinas de hacer pastillas, Maquinas de cortar carne...\",\"publisher\":{\"@id\":\"https:\/\/distribucionarc.com\/de\/#organization\"},\"potentialAction\":[{\"@type\":\"SearchAction\",\"target\":{\"@type\":\"EntryPoint\",\"urlTemplate\":\"https:\/\/distribucionarc.com\/de\/?s={search_term_string}\"},\"query-input\":{\"@type\":\"PropertyValueSpecification\",\"valueRequired\":true,\"valueName\":\"search_term_string\"}}],\"inLanguage\":\"tr\"},{\"@type\":\"Organization\",\"@id\":\"https:\/\/distribucionarc.com\/de\/#organization\",\"name\":\"Distribuci\u00f3n ARC\",\"url\":\"https:\/\/distribucionarc.com\/de\/\",\"logo\":{\"@type\":\"ImageObject\",\"inLanguage\":\"tr\",\"@id\":\"https:\/\/distribucionarc.com\/de\/#\/schema\/logo\/image\/\",\"url\":\"https:\/\/distribucionarc.com\/wp-content\/uploads\/2024\/10\/distribucion-ARC-COLOR-SIN-FONDO-e1732295305345.png\",\"contentUrl\":\"https:\/\/distribucionarc.com\/wp-content\/uploads\/2024\/10\/distribucion-ARC-COLOR-SIN-FONDO-e1732295305345.png\",\"width\":1164,\"height\":558,\"caption\":\"Distribuci\u00f3n ARC\"},\"image\":{\"@id\":\"https:\/\/distribucionarc.com\/de\/#\/schema\/logo\/image\/\"},\"description\":\"Empresa especializada en la fabricaci\u00f3n y distribuci\u00f3n de maquinaria industrial para los sectores alimentario y farmac\u00e9utico. Nos especializamos en: M\u00e1quinas de cortar carne Fabricaci\u00f3n de comprimidos Sistemas de transporte industrial L\u00edneas de embotellado Dosificadores Y mucho m\u00e1s... Ofrecemos soluciones innovadoras y personalizadas para optimizar los procesos productivos de tu empresa.\",\"email\":\"Admistracion@distribucionarc.com\",\"telephone\":\"+34 643496664\",\"legalName\":\"ARC TECH SOLUTIONS\",\"foundingDate\":\"2024-04-09\",\"vatID\":\"B55480172\",\"numberOfEmployees\":{\"@type\":\"QuantitativeValue\",\"minValue\":\"1\",\"maxValue\":\"10\"}}]}<\/script>\n<!-- \/ Yoast SEO Premium plugin. -->","yoast_head_json":{"title":"3M manuel bal \u00e7\u0131kar\u0131c\u0131 - ARC da\u011f\u0131t\u0131m\u0131","robots":{"index":"index","follow":"follow","max-snippet":"max-snippet:-1","max-image-preview":"max-image-preview:large","max-video-preview":"max-video-preview:-1"},"canonical":"https:\/\/www.distribucionarc.com\/de\/producto\/extractor-de-miel-manual-3m\/","og_locale":"tr_TR","og_type":"article","og_title":"Extractor de miel manual 3M","og_description":"Extractor de miel manual 3M El\u00a0Extractor de miel manual de ARC \u00a0est\u00e1 dise\u00f1ada para procesar 3 marcos, est\u00e1 hecho de acero inoxidable extremadamente duradero. Esta\u00a0maquinaria ap\u00edcola\u00a0se proporciona a un\u00a0precio inmejorable\u00a0por su cuidado en la elaboraci\u00f3n de la miel y sus materiales de primera calidad.  El\u00a0extractor de miel viene con 2 tapas transparentes y 2 asas laterales para facilitar el transporte. La parte inferior interna del tallo tiene forma c\u00f3nica. La\u00a0miel\u00a0se descarga del dispensador de 2 cm con un dispositivo de bloqueo. El\u00a0extractor de miel\u00a0\u00a0est\u00e1 dise\u00f1ado para procesar 3\u00a0marcos\u00a0y es adecuado para marcos de baja, media y alta profundidad. Los engranajes met\u00e1licos son totalmente internos para evitar que se ensucie con la miel. El\u00a0extractor de miel\u00a0ARCEM01\u00a0es uno de los pocos en el mercado equipado con un rodamiento elevado m\u00e1s bajo que impide la penetraci\u00f3n de la miel extra\u00edda. El acabado de acero inoxidable pulido espejo le da unas caracter\u00edsticas muy elegantes. Garant\u00eda\u00a0ARC 2 A\u00d1OS soporte t\u00e9cnico\u00a0incluido","og_url":"https:\/\/www.distribucionarc.com\/de\/producto\/extractor-de-miel-manual-3m\/","og_site_name":"distribuci\u00f3n ARC","article_modified_time":"2020-09-25T10:55:48+00:00","og_image":[{"width":1600,"height":1600,"url":"https:\/\/www.distribucionarc.com\/wp-content\/uploads\/2020\/07\/Extractor-de-miel-manual-3M-2.jpg","type":"image\/jpeg"}],"twitter_card":"summary_large_image","twitter_misc":{"Tahmini okuma s\u00fcresi":"2 dakika"},"schema":{"@context":"https:\/\/schema.org","@graph":[{"@type":"WebPage","@id":"https:\/\/www.distribucionarc.com\/de\/producto\/extractor-de-miel-manual-3m\/","url":"https:\/\/www.distribucionarc.com\/de\/producto\/extractor-de-miel-manual-3m\/","name":"3M manuel bal \u00e7\u0131kar\u0131c\u0131 - ARC da\u011f\u0131t\u0131m\u0131","isPartOf":{"@id":"https:\/\/distribucionarc.com\/de\/#website"},"primaryImageOfPage":{"@id":"https:\/\/www.distribucionarc.com\/de\/producto\/extractor-de-miel-manual-3m\/#primaryimage"},"image":{"@id":"https:\/\/www.distribucionarc.com\/de\/producto\/extractor-de-miel-manual-3m\/#primaryimage"},"thumbnailUrl":"https:\/\/distribucionarc.com\/wp-content\/uploads\/2020\/07\/Extractor-de-miel-manual-3M-2.jpg","datePublished":"2020-07-23T09:34:42+00:00","dateModified":"2020-09-25T10:55:48+00:00","breadcrumb":{"@id":"https:\/\/www.distribucionarc.com\/de\/producto\/extractor-de-miel-manual-3m\/#breadcrumb"},"inLanguage":"tr","potentialAction":[{"@type":"ReadAction","target":["https:\/\/www.distribucionarc.com\/de\/producto\/extractor-de-miel-manual-3m\/"]}]},{"@type":"ImageObject","inLanguage":"tr","@id":"https:\/\/www.distribucionarc.com\/de\/producto\/extractor-de-miel-manual-3m\/#primaryimage","url":"https:\/\/distribucionarc.com\/wp-content\/uploads\/2020\/07\/Extractor-de-miel-manual-3M-2.jpg","contentUrl":"https:\/\/distribucionarc.com\/wp-content\/uploads\/2020\/07\/Extractor-de-miel-manual-3M-2.jpg","width":1600,"height":1600,"caption":"Extractor de miel manual 3M"},{"@type":"BreadcrumbList","@id":"https:\/\/www.distribucionarc.com\/de\/producto\/extractor-de-miel-manual-3m\/#breadcrumb","itemListElement":[{"@type":"ListItem","position":1,"name":"Portada","item":"https:\/\/distribucionarc.com\/pl\/"},{"@type":"ListItem","position":2,"name":"Produkty","item":"https:\/\/distribucionarc.com\/pl\/shop\/"},{"@type":"ListItem","position":3,"name":"Extractor de miel manual 3M"}]},{"@type":"WebSite","@id":"https:\/\/distribucionarc.com\/de\/#website","url":"https:\/\/distribucionarc.com\/de\/","name":"ARC da\u011f\u0131t\u0131m\u0131","description":"End\u00fcstriyel makinelerin \u00fcretimi ve da\u011f\u0131t\u0131m\u0131 konusunda uzmanla\u015fm\u0131\u015f \u015firket, kutu m\u00fch\u00fcrleme makineleri, tablet yapma makineleri, et kesme makineleri...","publisher":{"@id":"https:\/\/distribucionarc.com\/de\/#organization"},"potentialAction":[{"@type":"SearchAction","target":{"@type":"EntryPoint","urlTemplate":"https:\/\/distribucionarc.com\/de\/?s={search_term_string}"},"query-input":{"@type":"PropertyValueSpecification","valueRequired":true,"valueName":"search_term_string"}}],"inLanguage":"tr"},{"@type":"Organization","@id":"https:\/\/distribucionarc.com\/de\/#organization","name":"ARC Da\u011f\u0131t\u0131m\u0131","url":"https:\/\/distribucionarc.com\/de\/","logo":{"@type":"ImageObject","inLanguage":"tr","@id":"https:\/\/distribucionarc.com\/de\/#\/schema\/logo\/image\/","url":"https:\/\/distribucionarc.com\/wp-content\/uploads\/2024\/10\/distribucion-ARC-COLOR-SIN-FONDO-e1732295305345.png","contentUrl":"https:\/\/distribucionarc.com\/wp-content\/uploads\/2024\/10\/distribucion-ARC-COLOR-SIN-FONDO-e1732295305345.png","width":1164,"height":558,"caption":"Distribuci\u00f3n ARC"},"image":{"@id":"https:\/\/distribucionarc.com\/de\/#\/schema\/logo\/image\/"},"description":"\u015eirket, g\u0131da ve ila\u00e7 sekt\u00f6rleri i\u00e7in end\u00fcstriyel makine \u00fcretimi ve da\u011f\u0131t\u0131m\u0131 konusunda uzmanla\u015fm\u0131\u015ft\u0131r. Uzmanl\u0131k alanlar\u0131m\u0131z Et kesme makineleri Tablet \u00fcretimi End\u00fcstriyel ta\u015f\u0131ma sistemleri \u015ei\u015feleme hatlar\u0131 Dozajlama makineleri Ve \u00e7ok daha fazlas\u0131... \u015eirketinizin \u00fcretim s\u00fcre\u00e7lerini optimize etmek i\u00e7in yenilik\u00e7i ve \u00f6zelle\u015ftirilmi\u015f \u00e7\u00f6z\u00fcmler sunuyoruz.","email":"Admistracion@distribucionarc.com","telephone":"+34 643496664","legalName":"ARC TECH SOLUTIONS","foundingDate":"2024-04-09","vatID":"B55480172","numberOfEmployees":{"@type":"QuantitativeValue","minValue":"1","maxValue":"10"}}]}},"_links":{"self":[{"href":"https:\/\/distribucionarc.com\/tr\/wp-json\/wp\/v2\/product\/1321","targetHints":{"allow":["GET"]}}],"collection":[{"href":"https:\/\/distribucionarc.com\/tr\/wp-json\/wp\/v2\/product"}],"about":[{"href":"https:\/\/distribucionarc.com\/tr\/wp-json\/wp\/v2\/types\/product"}],"replies":[{"embeddable":true,"href":"https:\/\/distribucionarc.com\/tr\/wp-json\/wp\/v2\/comments?post=1321"}],"version-history":[{"count":0,"href":"https:\/\/distribucionarc.com\/tr\/wp-json\/wp\/v2\/product\/1321\/revisions"}],"wp:featuredmedia":[{"embeddable":true,"href":"https:\/\/distribucionarc.com\/tr\/wp-json\/wp\/v2\/media\/1332"}],"wp:attachment":[{"href":"https:\/\/distribucionarc.com\/tr\/wp-json\/wp\/v2\/media?parent=1321"}],"wp:term":[{"taxonomy":"product_brand","embeddable":true,"href":"https:\/\/distribucionarc.com\/tr\/wp-json\/wp\/v2\/product_brand?post=1321"},{"taxonomy":"product_cat","embeddable":true,"href":"https:\/\/distribucionarc.com\/tr\/wp-json\/wp\/v2\/product_cat?post=1321"},{"taxonomy":"product_tag","embeddable":true,"href":"https:\/\/distribucionarc.com\/tr\/wp-json\/wp\/v2\/product_tag?post=1321"}],"curies":[{"name":"wp","href":"https:\/\/api.w.org\/{rel}","templated":true}]}}