{"id":1358,"date":"2020-07-23T12:14:59","date_gmt":"2020-07-23T12:14:59","guid":{"rendered":"https:\/\/distribucionarc.com\/?post_type=product&#038;p=1358"},"modified":"2020-10-09T09:36:51","modified_gmt":"2020-10-09T09:36:51","slug":"elektrikli-sosis-makinesi-15l","status":"publish","type":"product","link":"https:\/\/distribucionarc.com\/tr\/producto\/maquina-para-embutidos-electrica-15l\/","title":{"rendered":"15L elektrikli sosis makinesi"},"content":{"rendered":"<h3><strong>15L elektrikli sosis makinesi<\/strong><\/h3>\n<p>La<b> elektrikli profesyonel sosis makinesi <span style=\"color: #ff0000;\">\u0130LE<\/span><span style=\"color: #0000ff;\">R<\/span>CMPS2<\/b> Y\u00fcksek kaliteli paslanmaz \u00e7elikten yap\u0131lm\u0131\u015ft\u0131r ve en son teknolojiye sahiptir. Namluyu kaideye ba\u011flamak i\u00e7in bir g\u00fcvenlik ba\u011flant\u0131 sistemi ile karakterize edilir, bu nedenle doldurma i\u00e7in k\u0131smen ve temizlik i\u00e7in tamamen kolayca s\u00f6k\u00fclebilir. Piston, a\u015f\u0131r\u0131 hava giri\u015fini \u00f6nlemek ve m\u00fckemmel sosisler olu\u015fturmak i\u00e7in bir pn\u00f6matik valf i\u00e7erir. \u00d6zellikle dayan\u0131kl\u0131 piston contas\u0131, makineyi kolayl\u0131kla doldurman\u0131za olanak tan\u0131r.<\/p>\n<p>T\u00fcm metal di\u015fliler ve piston kolu <b>doldurucu<\/b>\u00a0<strong><span style=\"color: #ff0000;\">\u0130LE<\/span><span style=\"color: #0000ff;\">R<\/span>C<\/strong> Y\u00fcksek bas\u0131nca dayan\u0131kl\u0131, contal\u0131 g\u0131da s\u0131n\u0131f\u0131 piston, \u00fcr\u00fcn\u00fcn piston \u00fczerinden s\u0131zmas\u0131n\u0131 \u00f6nler.<\/p>\n<p>La <strong><span style=\"color: #ff0000;\">\u0130LE<\/span><span style=\"color: #0000ff;\">R<\/span>CMPS2<\/strong> Hava ak\u0131\u015f\u0131n\u0131 azaltmak ve sosislerde hava ceplerinin olu\u015fmas\u0131n\u0131 \u00f6nlemek i\u00e7in hava tahliye valfine sahiptir. Ayak anahtar\u0131yla kontrol edilir<strong> sosis dolgusu<\/strong> Eller serbest \u00e7al\u0131\u015fmaya olanak sa\u011flar. H\u0131zl\u0131 \u00e7\u0131kar\u0131labilir namlu tasar\u0131m\u0131, makinenin temizli\u011fini ve dayan\u0131kl\u0131l\u0131\u011f\u0131n\u0131 kolayla\u015ft\u0131racakt\u0131r.<\/p>\n<p>Verimli motor\u00a0<b>sosis makinesi<\/b> ile ilgili<strong><span style=\"color: #ff0000;\"> \u0130LE<\/span><span style=\"color: #0000ff;\">R<\/span>C<\/strong> \u00dcretimi kolayla\u015ft\u0131r\u0131yorlar <span style=\"color: #008000;\"><strong>Minimum g\u00fc\u00e7 t\u00fcketimi yaln\u0131zca 40 W. <\/strong><\/span>Mutfaklarda, restoranlarda ve bir\u00e7ok g\u0131da i\u015fleme yerinde yayg\u0131n olarak kullan\u0131l\u0131r.<\/p>\n<h6><\/h6>\n<h6>Garanti<strong><span style=\"color: #ff0000;\"> \u0130LE<\/span><span style=\"color: #0000ff;\">R<\/span>\u00c7 2 YIL<\/strong><\/h6>\n<h6><span style=\"color: #008000;\">en verimli motor d\u00fc\u015f\u00fck t\u00fcketim 40 w<\/span><\/h6>\n<h6>teknik destek dahildir.<\/h6>\n<p>&nbsp;<\/p>\n<table role=\"presentation\" width=\"100%\" cellspacing=\"0\" cellpadding=\"0\">\n<tbody>\n<tr>\n<td class=\"attrLabels\">G\u00fc\u00e7:<\/td>\n<td width=\"50.0%\">40W<\/td>\n<\/tr>\n<tr>\n<td class=\"attrLabels\">Gerilim:<\/td>\n<td width=\"50.0%\">220V 50Hz - 60Hz<\/td>\n<td class=\"attrLabels\">A\u011f\u0131rl\u0131k:<\/td>\n<td width=\"50.0%\">31 kg<\/td>\n<\/tr>\n<tr>\n<td class=\"attrLabels\">Da\u011f\u0131t\u0131m \u00fclkesi:<\/td>\n<td width=\"50.0%\">\u0130spanya, Almanya, ABD<\/td>\n<td class=\"attrLabels\">Y\u00fckseklik:<\/td>\n<td width=\"50.0%\">81.10cm<\/td>\n<\/tr>\n<tr>\n<td class=\"attrLabels\">Marka:<\/td>\n<td width=\"50.0%\">ARK<\/td>\n<td class=\"attrLabels\">Uzun:<\/td>\n<td width=\"50.0%\">33.70cm<\/td>\n<\/tr>\n<tr>\n<td class=\"attrLabels\">\u00dcr\u00fcn tipi:<\/td>\n<td width=\"50.0%\">sosis makinesi<\/td>\n<td class=\"attrLabels\">Geni\u015f:<\/td>\n<td width=\"50.0%\">\u00a033cm<\/td>\n<\/tr>\n<tr>\n<td class=\"attrLabels\">\u00dcretici numaras\u0131:<\/td>\n<td width=\"50.0%\">ARCMPS1<\/td>\n<td class=\"attrLabels\">\u00c7ap: huniler<\/td>\n<td width=\"50.0%\">\u00a01,9 cm\/2,5 cm\/3,8 cm\/4,2 cm<\/td>\n<\/tr>\n<tr>\n<td class=\"attrLabels\">Malzeme:<\/td>\n<td width=\"50.0%\">paslanmaz \u00e7elik, kaymaz kau\u00e7uk, tahliye valfi<\/td>\n<td class=\"attrLabels\">Boyut :<\/td>\n<td width=\"50.0%\">15L<\/td>\n<\/tr>\n<tr>\n<td class=\"attrLabels\">H\u0131z:<\/td>\n<td width=\"50.0%\">De\u011fi\u015fken\/\u00e7ift y\u00fcksek<\/td>\n<td class=\"attrLabels\">Renk:<\/td>\n<td width=\"50.0%\">G\u00fcm\u00fc\u015f<\/td>\n<\/tr>\n<tr>\n<td class=\"attrLabels\">Kurulum ara\u00e7lar\u0131:<\/td>\n<td width=\"50.0%\">Evet<\/td>\n<td class=\"attrLabels\">Garanti:<\/td>\n<td width=\"50.0%\">2 YIL<\/td>\n<\/tr>\n<\/tbody>\n<\/table>\n<p>&nbsp;<\/p>","protected":false},"excerpt":{"rendered":"<h2 class=\"product_title entry-title\"><strong>15L elektrikli sosis makinesi\u00a0<\/strong><\/h2>\n<p>La <strong>elektrikli sosis makinesi<\/strong> <strong><span style=\"color: #ff0000;\">\u0130LE<\/span><span style=\"color: #0000ff;\">R<\/span>CMPS2<\/strong> t\u00fcm avantajlar\u0131n\u0131 bir araya getiriyor <strong>elektrikli sosis doldurucu<\/strong> pazar\u0131n. \u0130stedi\u011finiz zaman basit \u00fcretimin ve b\u00fcy\u00fck miktarlarda gurme sosislerin tad\u0131n\u0131 \u00e7\u0131karabilirsiniz. Ticari veya ev kullan\u0131m\u0131 i\u00e7in kullan\u0131labilir.<\/p>\n<p>V\u00fccudu <strong>doldurucu <\/strong>ile ilgili <strong><span style=\"color: #ff0000;\">\u0130LE<\/span><span style=\"color: #0000ff;\">R<\/span>C<\/strong> Paslanmaya dayan\u0131kl\u0131 paslanmaz \u00e7elikten yap\u0131lm\u0131\u015ft\u0131r, bu da onu dayan\u0131kl\u0131 k\u0131lar. Bas\u0131n\u00e7 alt\u0131nda b\u00fck\u00fclmeyen veya e\u011filmeyen sa\u011flam bir \u00e7er\u00e7eve. <strong>sosis doldurucu<\/strong> \u00c7ift y\u00fcksek ve de\u011fi\u015fken h\u0131z y\u00f6netim sistemine sahiptir. Her \u00fcr\u00fcn i\u00e7in en uygun h\u0131za ayarlayabilirsiniz.<\/p>\n<h6>Garanti<strong><span style=\"color: #ff0000;\"> \u0130LE<\/span><span style=\"color: #0000ff;\">R<\/span>\u00c7 2 YIL<\/strong><\/h6>\n<h6><span style=\"color: #008000;\">en verimli motor d\u00fc\u015f\u00fck t\u00fcketim 40 w<\/span><\/h6>\n<h6>teknik destek dahildir.<\/h6>\n<p>&nbsp;<\/p>","protected":false},"featured_media":1366,"comment_status":"open","ping_status":"closed","template":"","meta":{"wds_primary_product_brand":0,"wds_primary_product_cat":0},"product_brand":[],"product_cat":[50],"product_tag":[],"class_list":{"0":"post-1358","1":"product","2":"type-product","3":"status-publish","4":"has-post-thumbnail","6":"product_cat-elaboradoras-de-croquetas-y-albondigas","7":"product_shipping_class-hosteleria","9":"first","10":"instock","11":"sale","12":"taxable","13":"shipping-taxable","14":"purchasable","15":"product-type-simple"},"yoast_head":"<!-- This site is optimized with the Yoast SEO Premium plugin v24.9 (Yoast SEO v26.1) - https:\/\/yoast.com\/wordpress\/plugins\/seo\/ -->\n<title>M\u00e1quina para embutidos el\u00e9ctrica 15L - distribuci\u00f3n ARC<\/title>\n<meta name=\"robots\" content=\"index, follow, max-snippet:-1, max-image-preview:large, max-video-preview:-1\" \/>\n<link rel=\"canonical\" href=\"https:\/\/www.distribucionarc.com\/hr\/producto\/maquina-para-embutidos-electrica-15l\/\" \/>\n<meta property=\"og:locale\" content=\"tr_TR\" \/>\n<meta property=\"og:type\" content=\"article\" \/>\n<meta property=\"og:title\" content=\"M\u00e1quina para embutidos el\u00e9ctrica 15L\" \/>\n<meta property=\"og:description\" content=\"M\u00e1quina para embutidos el\u00e9ctrica 15L\u00a0 La maquina para salchichas el\u00e9ctrica ARCMPS2 combina todas las ventajas del relleno de embutidos el\u00e9ctrico del mercado. Usted puede disfrutar de una producci\u00f3n sencilla y de grandes cantidades de embutidos gourmet en cualquier momento.\u00a0 se puede utilizar para uso comercial o dom\u00e9stico.  El cuerpo de la embutidora de ARC est\u00e1 hecho de acero inoxidable resistente a la oxidaci\u00f3n, por lo que es duradero. Un marco robusto que no se dobla ni se inclina bajo presi\u00f3n. La rellenadora de salchichas tiene un sistema de gesti\u00f3n de velocidad variable y alto dual. La puede ajustar a la velocidad m\u00e1s adecuada para cada producto. Garant\u00eda ARC 2 A\u00d1OS motor m\u00e1s eficiente bajo consumo 40 w soporte t\u00e9cnico\u00a0incluido. &nbsp;\" \/>\n<meta property=\"og:url\" content=\"https:\/\/www.distribucionarc.com\/hr\/producto\/maquina-para-embutidos-electrica-15l\/\" \/>\n<meta property=\"og:site_name\" content=\"distribuci\u00f3n ARC\" \/>\n<meta property=\"article:modified_time\" content=\"2020-10-09T09:36:51+00:00\" \/>\n<meta property=\"og:image\" content=\"https:\/\/distribucionarc.com\/wp-content\/uploads\/2020\/07\/M\u00e1quina-para-embutidos-el\u00e9ctrica-15L-0.jpg\" \/>\n\t<meta property=\"og:image:width\" content=\"1600\" \/>\n\t<meta property=\"og:image:height\" content=\"1600\" \/>\n\t<meta property=\"og:image:type\" content=\"image\/jpeg\" \/>\n<meta name=\"twitter:card\" content=\"summary_large_image\" \/>\n<meta name=\"twitter:label1\" content=\"Tahmini okuma s\u00fcresi\" \/>\n\t<meta name=\"twitter:data1\" content=\"2 dakika\" \/>\n<script type=\"application\/ld+json\" class=\"yoast-schema-graph\">{\"@context\":\"https:\/\/schema.org\",\"@graph\":[{\"@type\":\"WebPage\",\"@id\":\"https:\/\/www.distribucionarc.com\/hr\/producto\/maquina-para-embutidos-electrica-15l\/\",\"url\":\"https:\/\/www.distribucionarc.com\/hr\/producto\/maquina-para-embutidos-electrica-15l\/\",\"name\":\"M\u00e1quina para embutidos el\u00e9ctrica 15L - distribuci\u00f3n ARC\",\"isPartOf\":{\"@id\":\"https:\/\/distribucionarc.com\/pl\/#website\"},\"primaryImageOfPage\":{\"@id\":\"https:\/\/www.distribucionarc.com\/hr\/producto\/maquina-para-embutidos-electrica-15l\/#primaryimage\"},\"image\":{\"@id\":\"https:\/\/www.distribucionarc.com\/hr\/producto\/maquina-para-embutidos-electrica-15l\/#primaryimage\"},\"thumbnailUrl\":\"https:\/\/distribucionarc.com\/wp-content\/uploads\/2020\/07\/M\u00e1quina-para-embutidos-el\u00e9ctrica-15L-0.jpg\",\"datePublished\":\"2020-07-23T12:14:59+00:00\",\"dateModified\":\"2020-10-09T09:36:51+00:00\",\"breadcrumb\":{\"@id\":\"https:\/\/www.distribucionarc.com\/hr\/producto\/maquina-para-embutidos-electrica-15l\/#breadcrumb\"},\"inLanguage\":\"tr\",\"potentialAction\":[{\"@type\":\"ReadAction\",\"target\":[\"https:\/\/www.distribucionarc.com\/hr\/producto\/maquina-para-embutidos-electrica-15l\/\"]}]},{\"@type\":\"ImageObject\",\"inLanguage\":\"tr\",\"@id\":\"https:\/\/www.distribucionarc.com\/hr\/producto\/maquina-para-embutidos-electrica-15l\/#primaryimage\",\"url\":\"https:\/\/distribucionarc.com\/wp-content\/uploads\/2020\/07\/M\u00e1quina-para-embutidos-el\u00e9ctrica-15L-0.jpg\",\"contentUrl\":\"https:\/\/distribucionarc.com\/wp-content\/uploads\/2020\/07\/M\u00e1quina-para-embutidos-el\u00e9ctrica-15L-0.jpg\",\"width\":1600,\"height\":1600,\"caption\":\"sausage stuffer sausage maker sausage stuffer machine sausage maker kit sausage making kit sausage makers sausages stuffer sausage making machine lem sausage stuffer meat stuffer sausage press sausage machine sausage filler sausage kit\"},{\"@type\":\"BreadcrumbList\",\"@id\":\"https:\/\/www.distribucionarc.com\/hr\/producto\/maquina-para-embutidos-electrica-15l\/#breadcrumb\",\"itemListElement\":[{\"@type\":\"ListItem\",\"position\":1,\"name\":\"Portada\",\"item\":\"https:\/\/www.distribucionarc.com\/tr\/\"},{\"@type\":\"ListItem\",\"position\":2,\"name\":\"Izdelki\",\"item\":\"https:\/\/www.distribucionarc.com\/sl\/trgovina\/\"},{\"@type\":\"ListItem\",\"position\":3,\"name\":\"M\u00e1quina para embutidos el\u00e9ctrica 15L\"}]},{\"@type\":\"WebSite\",\"@id\":\"https:\/\/distribucionarc.com\/pl\/#website\",\"url\":\"https:\/\/distribucionarc.com\/pl\/\",\"name\":\"distribuci\u00f3n ARC\",\"description\":\"Empresa especializada en la fabricaci\u00f3n y distribuci\u00f3n de maquinaria industrial, selladoras de latas, Maquinas de hacer pastillas, Maquinas de cortar carne...\",\"publisher\":{\"@id\":\"https:\/\/distribucionarc.com\/pl\/#organization\"},\"potentialAction\":[{\"@type\":\"SearchAction\",\"target\":{\"@type\":\"EntryPoint\",\"urlTemplate\":\"https:\/\/distribucionarc.com\/pl\/?s={search_term_string}\"},\"query-input\":{\"@type\":\"PropertyValueSpecification\",\"valueRequired\":true,\"valueName\":\"search_term_string\"}}],\"inLanguage\":\"tr\"},{\"@type\":\"Organization\",\"@id\":\"https:\/\/distribucionarc.com\/pl\/#organization\",\"name\":\"Distribuci\u00f3n ARC\",\"url\":\"https:\/\/distribucionarc.com\/pl\/\",\"logo\":{\"@type\":\"ImageObject\",\"inLanguage\":\"tr\",\"@id\":\"https:\/\/distribucionarc.com\/pl\/#\/schema\/logo\/image\/\",\"url\":\"https:\/\/distribucionarc.com\/wp-content\/uploads\/2024\/10\/distribucion-ARC-COLOR-SIN-FONDO-e1732295305345.png\",\"contentUrl\":\"https:\/\/distribucionarc.com\/wp-content\/uploads\/2024\/10\/distribucion-ARC-COLOR-SIN-FONDO-e1732295305345.png\",\"width\":1164,\"height\":558,\"caption\":\"Distribuci\u00f3n ARC\"},\"image\":{\"@id\":\"https:\/\/distribucionarc.com\/pl\/#\/schema\/logo\/image\/\"},\"description\":\"Empresa especializada en la fabricaci\u00f3n y distribuci\u00f3n de maquinaria industrial para los sectores alimentario y farmac\u00e9utico. Nos especializamos en: M\u00e1quinas de cortar carne Fabricaci\u00f3n de comprimidos Sistemas de transporte industrial L\u00edneas de embotellado Dosificadores Y mucho m\u00e1s... Ofrecemos soluciones innovadoras y personalizadas para optimizar los procesos productivos de tu empresa.\",\"email\":\"Admistracion@distribucionarc.com\",\"telephone\":\"+34 643496664\",\"legalName\":\"ARC TECH SOLUTIONS\",\"foundingDate\":\"2024-04-09\",\"vatID\":\"B55480172\",\"numberOfEmployees\":{\"@type\":\"QuantitativeValue\",\"minValue\":\"1\",\"maxValue\":\"10\"}}]}<\/script>\n<!-- \/ Yoast SEO Premium plugin. -->","yoast_head_json":{"title":"15L elektrikli sosis makinesi - ARC da\u011f\u0131t\u0131m\u0131","robots":{"index":"index","follow":"follow","max-snippet":"max-snippet:-1","max-image-preview":"max-image-preview:large","max-video-preview":"max-video-preview:-1"},"canonical":"https:\/\/www.distribucionarc.com\/hr\/producto\/maquina-para-embutidos-electrica-15l\/","og_locale":"tr_TR","og_type":"article","og_title":"M\u00e1quina para embutidos el\u00e9ctrica 15L","og_description":"M\u00e1quina para embutidos el\u00e9ctrica 15L\u00a0 La maquina para salchichas el\u00e9ctrica ARCMPS2 combina todas las ventajas del relleno de embutidos el\u00e9ctrico del mercado. Usted puede disfrutar de una producci\u00f3n sencilla y de grandes cantidades de embutidos gourmet en cualquier momento.\u00a0 se puede utilizar para uso comercial o dom\u00e9stico.  El cuerpo de la embutidora de ARC est\u00e1 hecho de acero inoxidable resistente a la oxidaci\u00f3n, por lo que es duradero. Un marco robusto que no se dobla ni se inclina bajo presi\u00f3n. La rellenadora de salchichas tiene un sistema de gesti\u00f3n de velocidad variable y alto dual. La puede ajustar a la velocidad m\u00e1s adecuada para cada producto. Garant\u00eda ARC 2 A\u00d1OS motor m\u00e1s eficiente bajo consumo 40 w soporte t\u00e9cnico\u00a0incluido. &nbsp;","og_url":"https:\/\/www.distribucionarc.com\/hr\/producto\/maquina-para-embutidos-electrica-15l\/","og_site_name":"distribuci\u00f3n ARC","article_modified_time":"2020-10-09T09:36:51+00:00","og_image":[{"width":1600,"height":1600,"url":"https:\/\/distribucionarc.com\/wp-content\/uploads\/2020\/07\/M\u00e1quina-para-embutidos-el\u00e9ctrica-15L-0.jpg","type":"image\/jpeg"}],"twitter_card":"summary_large_image","twitter_misc":{"Tahmini okuma s\u00fcresi":"2 dakika"},"schema":{"@context":"https:\/\/schema.org","@graph":[{"@type":"WebPage","@id":"https:\/\/www.distribucionarc.com\/hr\/producto\/maquina-para-embutidos-electrica-15l\/","url":"https:\/\/www.distribucionarc.com\/hr\/producto\/maquina-para-embutidos-electrica-15l\/","name":"15L elektrikli sosis makinesi - ARC da\u011f\u0131t\u0131m\u0131","isPartOf":{"@id":"https:\/\/distribucionarc.com\/pl\/#website"},"primaryImageOfPage":{"@id":"https:\/\/www.distribucionarc.com\/hr\/producto\/maquina-para-embutidos-electrica-15l\/#primaryimage"},"image":{"@id":"https:\/\/www.distribucionarc.com\/hr\/producto\/maquina-para-embutidos-electrica-15l\/#primaryimage"},"thumbnailUrl":"https:\/\/distribucionarc.com\/wp-content\/uploads\/2020\/07\/M\u00e1quina-para-embutidos-el\u00e9ctrica-15L-0.jpg","datePublished":"2020-07-23T12:14:59+00:00","dateModified":"2020-10-09T09:36:51+00:00","breadcrumb":{"@id":"https:\/\/www.distribucionarc.com\/hr\/producto\/maquina-para-embutidos-electrica-15l\/#breadcrumb"},"inLanguage":"tr","potentialAction":[{"@type":"ReadAction","target":["https:\/\/www.distribucionarc.com\/hr\/producto\/maquina-para-embutidos-electrica-15l\/"]}]},{"@type":"ImageObject","inLanguage":"tr","@id":"https:\/\/www.distribucionarc.com\/hr\/producto\/maquina-para-embutidos-electrica-15l\/#primaryimage","url":"https:\/\/distribucionarc.com\/wp-content\/uploads\/2020\/07\/M\u00e1quina-para-embutidos-el\u00e9ctrica-15L-0.jpg","contentUrl":"https:\/\/distribucionarc.com\/wp-content\/uploads\/2020\/07\/M\u00e1quina-para-embutidos-el\u00e9ctrica-15L-0.jpg","width":1600,"height":1600,"caption":"sausage stuffer sausage maker sausage stuffer machine sausage maker kit sausage making kit sausage makers sausages stuffer sausage making machine lem sausage stuffer meat stuffer sausage press sausage machine sausage filler sausage kit"},{"@type":"BreadcrumbList","@id":"https:\/\/www.distribucionarc.com\/hr\/producto\/maquina-para-embutidos-electrica-15l\/#breadcrumb","itemListElement":[{"@type":"ListItem","position":1,"name":"Portada","item":"https:\/\/www.distribucionarc.com\/tr\/"},{"@type":"ListItem","position":2,"name":"Izdelki","item":"https:\/\/www.distribucionarc.com\/sl\/trgovina\/"},{"@type":"ListItem","position":3,"name":"M\u00e1quina para embutidos el\u00e9ctrica 15L"}]},{"@type":"WebSite","@id":"https:\/\/distribucionarc.com\/pl\/#website","url":"https:\/\/distribucionarc.com\/pl\/","name":"ARC da\u011f\u0131t\u0131m\u0131","description":"End\u00fcstriyel makinelerin \u00fcretimi ve da\u011f\u0131t\u0131m\u0131 konusunda uzmanla\u015fm\u0131\u015f \u015firket, kutu m\u00fch\u00fcrleme makineleri, tablet yapma makineleri, et kesme makineleri...","publisher":{"@id":"https:\/\/distribucionarc.com\/pl\/#organization"},"potentialAction":[{"@type":"SearchAction","target":{"@type":"EntryPoint","urlTemplate":"https:\/\/distribucionarc.com\/pl\/?s={search_term_string}"},"query-input":{"@type":"PropertyValueSpecification","valueRequired":true,"valueName":"search_term_string"}}],"inLanguage":"tr"},{"@type":"Organization","@id":"https:\/\/distribucionarc.com\/pl\/#organization","name":"ARC Da\u011f\u0131t\u0131m\u0131","url":"https:\/\/distribucionarc.com\/pl\/","logo":{"@type":"ImageObject","inLanguage":"tr","@id":"https:\/\/distribucionarc.com\/pl\/#\/schema\/logo\/image\/","url":"https:\/\/distribucionarc.com\/wp-content\/uploads\/2024\/10\/distribucion-ARC-COLOR-SIN-FONDO-e1732295305345.png","contentUrl":"https:\/\/distribucionarc.com\/wp-content\/uploads\/2024\/10\/distribucion-ARC-COLOR-SIN-FONDO-e1732295305345.png","width":1164,"height":558,"caption":"Distribuci\u00f3n ARC"},"image":{"@id":"https:\/\/distribucionarc.com\/pl\/#\/schema\/logo\/image\/"},"description":"\u015eirket, g\u0131da ve ila\u00e7 sekt\u00f6rleri i\u00e7in end\u00fcstriyel makine \u00fcretimi ve da\u011f\u0131t\u0131m\u0131 konusunda uzmanla\u015fm\u0131\u015ft\u0131r. Uzmanl\u0131k alanlar\u0131m\u0131z Et kesme makineleri Tablet \u00fcretimi End\u00fcstriyel ta\u015f\u0131ma sistemleri \u015ei\u015feleme hatlar\u0131 Dozajlama makineleri Ve \u00e7ok daha fazlas\u0131... \u015eirketinizin \u00fcretim s\u00fcre\u00e7lerini optimize etmek i\u00e7in yenilik\u00e7i ve \u00f6zelle\u015ftirilmi\u015f \u00e7\u00f6z\u00fcmler sunuyoruz.","email":"Admistracion@distribucionarc.com","telephone":"+34 643496664","legalName":"ARC TECH SOLUTIONS","foundingDate":"2024-04-09","vatID":"B55480172","numberOfEmployees":{"@type":"QuantitativeValue","minValue":"1","maxValue":"10"}}]}},"_links":{"self":[{"href":"https:\/\/distribucionarc.com\/tr\/wp-json\/wp\/v2\/product\/1358","targetHints":{"allow":["GET"]}}],"collection":[{"href":"https:\/\/distribucionarc.com\/tr\/wp-json\/wp\/v2\/product"}],"about":[{"href":"https:\/\/distribucionarc.com\/tr\/wp-json\/wp\/v2\/types\/product"}],"replies":[{"embeddable":true,"href":"https:\/\/distribucionarc.com\/tr\/wp-json\/wp\/v2\/comments?post=1358"}],"version-history":[{"count":0,"href":"https:\/\/distribucionarc.com\/tr\/wp-json\/wp\/v2\/product\/1358\/revisions"}],"wp:featuredmedia":[{"embeddable":true,"href":"https:\/\/distribucionarc.com\/tr\/wp-json\/wp\/v2\/media\/1366"}],"wp:attachment":[{"href":"https:\/\/distribucionarc.com\/tr\/wp-json\/wp\/v2\/media?parent=1358"}],"wp:term":[{"taxonomy":"product_brand","embeddable":true,"href":"https:\/\/distribucionarc.com\/tr\/wp-json\/wp\/v2\/product_brand?post=1358"},{"taxonomy":"product_cat","embeddable":true,"href":"https:\/\/distribucionarc.com\/tr\/wp-json\/wp\/v2\/product_cat?post=1358"},{"taxonomy":"product_tag","embeddable":true,"href":"https:\/\/distribucionarc.com\/tr\/wp-json\/wp\/v2\/product_tag?post=1358"}],"curies":[{"name":"wp","href":"https:\/\/api.w.org\/{rel}","templated":true}]}}