{"id":1368,"date":"2020-07-23T15:26:48","date_gmt":"2020-07-23T15:26:48","guid":{"rendered":"https:\/\/distribucionarc.com\/?post_type=product&#038;p=1368"},"modified":"2023-05-06T18:01:14","modified_gmt":"2023-05-06T18:01:14","slug":"et-dilimleyici-dilimleyici-profesyonel-500kg","status":"publish","type":"product","link":"https:\/\/distribucionarc.com\/tr\/producto\/cortadora-fileteadora-de-carnes-profesional-500kg\/","title":{"rendered":"Profesyonel et fileto dilimleme makinesi 500Kg"},"content":{"rendered":"<h3>Profesyonel et fileto dilimleme makinesi 500Kg<\/h3>\n<p>ile <strong>profesyonel et dilimleyiciler<\/strong> ile ilgili <strong><span style=\"color: #ff0000;\">\u0130LE<\/span><span style=\"color: #0000ff;\">R<\/span>C<\/strong> \u0130htiyac\u0131n\u0131za uygun bir \u00fcr\u00fcn elde edebileceksiniz, bu makine en k\u0131sa s\u00fcrede kesmeyi kolayla\u015ft\u0131rarak \u00fcr\u00fcnlerinizi daha iyi koruyacakt\u0131r, fileto makinesini m\u00fc\u015fterilerinizin talebine g\u00f6re ayarlayarak e\u015fit ve hassas kesimler elde edebilirsiniz.<\/p>\n<p>La <strong>profesyonel fileto makinesi<\/strong> ile ilgili<strong><span style=\"color: #ff0000;\"> \u0130LE<\/span><span style=\"color: #0000ff;\">R<\/span>C<\/strong> Sertli\u011fini ve sa\u011flaml\u0131\u011f\u0131n\u0131 garanti etmek i\u00e7in tamamen paslanmaz \u00e7elikten yap\u0131lm\u0131\u015ft\u0131r. B\u0131\u00e7aklar, g\u0131da sekt\u00f6r\u00fc i\u00e7in sertli\u011fi 52\u00b0 sertli\u011fe ula\u015fabilen ve uzun s\u00fcre kullan\u0131lmalar\u0131na olanak tan\u0131yan ba\u015fka bir \u00f6zel malzemeyi benimsemi\u015ftir.<\/p>\n<p>Bu <strong>ticari dilimleyici <span style=\"color: #ff0000;\">\u0130LE<\/span><span style=\"color: #0000ff;\">R<\/span>CMFTC1<\/strong> G\u00fcvenli koruma butonu vard\u0131r, makine a\u00e7\u0131\u011fa \u00e7\u0131kt\u0131\u011f\u0131nda otomatik olarak kilitlenir. <strong>Bu profesyonel filetocu<\/strong> ula\u015farak \u00fcretimini art\u0131racak <span style=\"color: #ff0000;\"><b style=\"color: #ff0000;\">\u00fcretmek <\/b><span style=\"color: #ff0000;\"><b>500kg<\/b><\/span><b style=\"color: #ff0000;\"> saat ba\u015f\u0131na,<\/b><\/span> faydalan\u0131rken <span style=\"color: #008000;\"><strong>d\u00fc\u015f\u00fck t\u00fcketimli motor<\/strong><\/span>.<\/p>\n<p>Profesyonel fileto makinesi 0,3 cm&#039;lik serbest bir b\u0131\u00e7a\u011fa sahiptir, bu sayede 0,25&#039;ten 50 cm&#039;ye kadar kesimler yapabilir. Profesyonel dilimleyici, \u015fark\u00fcteriler, barlar, restoranlar, et i\u015fleyicileri, b\u00fcfeler ve oteller i\u00e7in \u00e7ok uygundur.<\/p>\n<h6>Garanti<strong>\u00a0<span style=\"color: #ff0000;\">\u0130LE<\/span><span style=\"color: #0000ff;\">R<\/span>\u00c7 2 YIL<\/strong><\/h6>\n<h6><span style=\"color: #008000;\">en verimli motor d\u00fc\u015f\u00fck t\u00fcketim 1000w<\/span><\/h6>\n<h6>teknik destek dahildir.<\/h6>\n<p>&nbsp;<\/p>\n<p>&nbsp;<\/p>\n<table role=\"presentation\" width=\"100%\" cellspacing=\"0\" cellpadding=\"0\">\n<tbody>\n<tr>\n<td class=\"attrLabels\">G\u00fc\u00e7:<\/td>\n<td width=\"50.0%\">1000W<\/td>\n<\/tr>\n<tr>\n<td class=\"attrLabels\">Gerilim:<\/td>\n<td width=\"50.0%\">110V \u2013 220V 50Hz \u2013 60Hz<\/td>\n<td class=\"attrLabels\">A\u011f\u0131rl\u0131k:<\/td>\n<td width=\"50.0%\">50kg<\/td>\n<\/tr>\n<tr>\n<td class=\"attrLabels\">Da\u011f\u0131t\u0131m \u00fclkesi:<\/td>\n<td width=\"50.0%\">\u0130spanya, Almanya, ABD<\/td>\n<td class=\"attrLabels\">Y\u00fckseklik:<\/td>\n<td width=\"50.0%\">74,5 cm<\/td>\n<\/tr>\n<tr>\n<td class=\"attrLabels\">Marka:<\/td>\n<td width=\"50.0%\">ARK<\/td>\n<td class=\"attrLabels\">Uzun:<\/td>\n<td width=\"50.0%\">12&quot;<\/td>\n<\/tr>\n<tr>\n<td class=\"attrLabels\">\u00dcr\u00fcn tipi:<\/td>\n<td width=\"50.0%\">Profesyonel dilimleyici fileto<\/td>\n<td class=\"attrLabels\">Geni\u015f:<\/td>\n<td width=\"50.0%\">\u00a053cm<\/td>\n<\/tr>\n<tr>\n<td class=\"attrLabels\">\u00dcretici numaras\u0131:<\/td>\n<td width=\"50.0%\">ARCMFTC1<\/td>\n<td class=\"attrLabels\">\u00c7al\u0131\u015fma h\u0131z\u0131:<\/td>\n<td width=\"50.0%\">\u00a0saatte 500 kg<\/td>\n<\/tr>\n<tr>\n<td class=\"attrLabels\">Malzeme:<\/td>\n<td width=\"50.0%\">paslanmaz \u00e7elik, kaymaz tekerlekler,<\/td>\n<td class=\"attrLabels\">Giri\u015f boyutu:<\/td>\n<td width=\"50.0%\">14,5x7 cm<\/td>\n<\/tr>\n<tr>\n<td class=\"attrLabels\">Renk:<\/td>\n<td width=\"50.0%\">G\u00fcm\u00fc\u015f<\/td>\n<td class=\"attrLabels\">\u00dcretme:<\/td>\n<td width=\"50.0%\">360kg<\/td>\n<\/tr>\n<tr>\n<td class=\"attrLabels\">Kurulum ara\u00e7lar\u0131:<\/td>\n<td width=\"50.0%\">Evet<\/td>\n<td class=\"attrLabels\">Garanti:<\/td>\n<td width=\"50.0%\">2 YIL<\/td>\n<\/tr>\n<\/tbody>\n<\/table>\n<p>&nbsp;<\/p>\n<p>&nbsp;<\/p>\n<p>&nbsp;<\/p>","protected":false},"excerpt":{"rendered":"<h2>Profesyonel et fileto dilimleme makinesi 500Kg<\/h2>\n<p>Bu <strong>ticari et dilimleyici<span style=\"color: #ff0000;\"> \u0130LE<\/span><span style=\"color: #0000ff;\">R<\/span>C<\/strong> Restoran sekt\u00f6r\u00fc, et i\u015fleyicileri, b\u00fcfeler, oteller i\u00e7in uygundur. Bu profesyonel kesici ile i\u015fleyerek \u00fcretiminizi art\u0131racaks\u0131n\u0131z. <span style=\"color: #ff0000;\"><strong>saatte 500 kg<\/strong><\/span>.<\/p>\n<p>La <strong>profesyonel fileto makinesi<span style=\"color: #ff0000;\"> \u0130LE<\/span><span style=\"color: #0000ff;\">R<\/span>CMFTC1<\/strong> S\u0131\u011f\u0131r eti, domuz eti, kuzu eti ve di\u011fer etlerin par\u00e7alara ayr\u0131lmas\u0131nda etkilidir. Dilimlenen bu etlerin y\u00fczeyi p\u00fcr\u00fczs\u00fcz ve kal\u0131nl\u0131klar\u0131 ayn\u0131 oldu\u011fundan taze et kalitesinin korunmas\u0131 a\u00e7\u0131s\u0131ndan olduk\u00e7a faydal\u0131d\u0131r. <strong>et dilimleyici<\/strong> Basit ve temiz olacak, serbest\u00e7e d\u00f6nebilecek \u015fekilde tasarlanm\u0131\u015ft\u0131r; B\u0131\u00e7ak \u00fcnitesi daha kolay \u00e7\u0131kar\u0131labilir, temizlenebilir ve ayarlanabilir. G\u0131da sekt\u00f6r\u00fcne y\u00f6nelik en kaliteli paslanmaz \u00e7elikten \u00fcretilmi\u015ftir.<\/p>\n<h6>Garanti<strong>\u00a0<span style=\"color: #ff0000;\">\u0130LE<\/span><span style=\"color: #0000ff;\">R<\/span>\u00c7 2 YIL<\/strong><\/h6>\n<h6><span style=\"color: #008000;\">en verimli motor d\u00fc\u015f\u00fck t\u00fcketim 1000w<\/span><\/h6>\n<h6>teknik destek dahildir.<\/h6>\n<p>&nbsp;<\/p>","protected":false},"featured_media":1374,"comment_status":"open","ping_status":"closed","template":"","meta":{"wds_primary_product_brand":0,"wds_primary_product_cat":0},"product_brand":[],"product_cat":[43],"product_tag":[],"class_list":{"0":"post-1368","1":"product","2":"type-product","3":"status-publish","4":"has-post-thumbnail","6":"product_cat-cortadoras-de-alimentos","7":"product_shipping_class-express","9":"first","10":"instock","11":"sale","12":"taxable","13":"shipping-taxable","14":"purchasable","15":"product-type-simple"},"yoast_head":"<!-- This site is optimized with the Yoast SEO Premium plugin v24.9 (Yoast SEO v26.1) - https:\/\/yoast.com\/wordpress\/plugins\/seo\/ -->\n<title>Cortadora fileteadora de carnes profesional 500Kg - distribuci\u00f3n ARC<\/title>\n<meta name=\"robots\" content=\"index, follow, max-snippet:-1, max-image-preview:large, max-video-preview:-1\" \/>\n<link rel=\"canonical\" href=\"https:\/\/www.distribucionarc.com\/ar\/producto\/cortadora-fileteadora-de-carnes-profesional-500kg\/\" \/>\n<meta property=\"og:locale\" content=\"tr_TR\" \/>\n<meta property=\"og:type\" content=\"article\" \/>\n<meta property=\"og:title\" content=\"Cortadora fileteadora de carnes profesional 500Kg\" \/>\n<meta property=\"og:description\" content=\"Cortadora fileteadora de carnes profesional 500Kg Esta cortadora comercial de carne ARC es el adecuado para la industria de restaurantes, procesadores de carnes, buffet, hoteles. Con esta cortadora profesional aumentara su produccion al poder procesar 500Kg por hora.  La fileteadora profesional ARCMFTC1 es eficaz en el corte de carne de res, cerdo, cordero y otras carnes en trozos. la superficie de estas carnes en rodajas es lisa y el espesor es igual, resulta muy \u00fatil para mantener la calidad de la carne fresca. La cortadora de carne est\u00e1 dise\u00f1ada para ser simple y limpia, libre de girar; la unidad de cuchillo se puede quitar, limpiar y ajustar m\u00e1s f\u00e1cilmente. Fabricada de acero inoxidable de la mejor calidad para el \u00e1mbito alimenticio. Garant\u00eda\u00a0ARC 2 A\u00d1OS motor m\u00e1s eficiente bajo consumo 1000w soporte t\u00e9cnico\u00a0incluido. &nbsp;\" \/>\n<meta property=\"og:url\" content=\"https:\/\/www.distribucionarc.com\/ar\/producto\/cortadora-fileteadora-de-carnes-profesional-500kg\/\" \/>\n<meta property=\"og:site_name\" content=\"distribuci\u00f3n ARC\" \/>\n<meta property=\"article:modified_time\" content=\"2023-05-06T18:01:14+00:00\" \/>\n<meta property=\"og:image\" content=\"https:\/\/www.distribucionarc.com\/wp-content\/uploads\/2020\/07\/Cortadora-fileteadora-de-carnes-profesional-500Kg-0.jpg\" \/>\n\t<meta property=\"og:image:width\" content=\"1600\" \/>\n\t<meta property=\"og:image:height\" content=\"1600\" \/>\n\t<meta property=\"og:image:type\" content=\"image\/jpeg\" \/>\n<meta name=\"twitter:card\" content=\"summary_large_image\" \/>\n<meta name=\"twitter:label1\" content=\"Tahmini okuma s\u00fcresi\" \/>\n\t<meta name=\"twitter:data1\" content=\"1 dakika\" \/>\n<script type=\"application\/ld+json\" class=\"yoast-schema-graph\">{\"@context\":\"https:\/\/schema.org\",\"@graph\":[{\"@type\":\"WebPage\",\"@id\":\"https:\/\/www.distribucionarc.com\/ar\/producto\/cortadora-fileteadora-de-carnes-profesional-500kg\/\",\"url\":\"https:\/\/www.distribucionarc.com\/ar\/producto\/cortadora-fileteadora-de-carnes-profesional-500kg\/\",\"name\":\"Cortadora fileteadora de carnes profesional 500Kg - distribuci\u00f3n ARC\",\"isPartOf\":{\"@id\":\"https:\/\/www.distribucionarc.com\/de\/#website\"},\"primaryImageOfPage\":{\"@id\":\"https:\/\/www.distribucionarc.com\/ar\/producto\/cortadora-fileteadora-de-carnes-profesional-500kg\/#primaryimage\"},\"image\":{\"@id\":\"https:\/\/www.distribucionarc.com\/ar\/producto\/cortadora-fileteadora-de-carnes-profesional-500kg\/#primaryimage\"},\"thumbnailUrl\":\"https:\/\/distribucionarc.com\/wp-content\/uploads\/2020\/07\/Cortadora-fileteadora-de-carnes-profesional-500Kg-0.jpg\",\"datePublished\":\"2020-07-23T15:26:48+00:00\",\"dateModified\":\"2023-05-06T18:01:14+00:00\",\"breadcrumb\":{\"@id\":\"https:\/\/www.distribucionarc.com\/ar\/producto\/cortadora-fileteadora-de-carnes-profesional-500kg\/#breadcrumb\"},\"inLanguage\":\"tr\",\"potentialAction\":[{\"@type\":\"ReadAction\",\"target\":[\"https:\/\/www.distribucionarc.com\/ar\/producto\/cortadora-fileteadora-de-carnes-profesional-500kg\/\"]}]},{\"@type\":\"ImageObject\",\"inLanguage\":\"tr\",\"@id\":\"https:\/\/www.distribucionarc.com\/ar\/producto\/cortadora-fileteadora-de-carnes-profesional-500kg\/#primaryimage\",\"url\":\"https:\/\/distribucionarc.com\/wp-content\/uploads\/2020\/07\/Cortadora-fileteadora-de-carnes-profesional-500Kg-0.jpg\",\"contentUrl\":\"https:\/\/distribucionarc.com\/wp-content\/uploads\/2020\/07\/Cortadora-fileteadora-de-carnes-profesional-500Kg-0.jpg\",\"width\":1600,\"height\":1600,\"caption\":\"Cortadora fileteadora de carnes profesional 500Kg\"},{\"@type\":\"BreadcrumbList\",\"@id\":\"https:\/\/www.distribucionarc.com\/ar\/producto\/cortadora-fileteadora-de-carnes-profesional-500kg\/#breadcrumb\",\"itemListElement\":[{\"@type\":\"ListItem\",\"position\":1,\"name\":\"Portada\",\"item\":\"https:\/\/www.distribucionarc.com\/en\/\"},{\"@type\":\"ListItem\",\"position\":2,\"name\":\"Products\",\"item\":\"https:\/\/www.distribucionarc.com\/en\/shop\/\"},{\"@type\":\"ListItem\",\"position\":3,\"name\":\"Cortadora fileteadora de carnes profesional 500Kg\"}]},{\"@type\":\"WebSite\",\"@id\":\"https:\/\/www.distribucionarc.com\/de\/#website\",\"url\":\"https:\/\/www.distribucionarc.com\/de\/\",\"name\":\"distribuci\u00f3n ARC\",\"description\":\"Empresa especializada en la fabricaci\u00f3n y distribuci\u00f3n de maquinaria industrial, selladoras de latas, Maquinas de hacer pastillas, Maquinas de cortar carne...\",\"publisher\":{\"@id\":\"https:\/\/www.distribucionarc.com\/de\/#organization\"},\"potentialAction\":[{\"@type\":\"SearchAction\",\"target\":{\"@type\":\"EntryPoint\",\"urlTemplate\":\"https:\/\/www.distribucionarc.com\/de\/?s={search_term_string}\"},\"query-input\":{\"@type\":\"PropertyValueSpecification\",\"valueRequired\":true,\"valueName\":\"search_term_string\"}}],\"inLanguage\":\"tr\"},{\"@type\":\"Organization\",\"@id\":\"https:\/\/www.distribucionarc.com\/de\/#organization\",\"name\":\"Distribuci\u00f3n ARC\",\"url\":\"https:\/\/www.distribucionarc.com\/de\/\",\"logo\":{\"@type\":\"ImageObject\",\"inLanguage\":\"tr\",\"@id\":\"https:\/\/www.distribucionarc.com\/de\/#\/schema\/logo\/image\/\",\"url\":\"https:\/\/distribucionarc.com\/wp-content\/uploads\/2024\/10\/distribucion-ARC-COLOR-SIN-FONDO-e1732295305345.png\",\"contentUrl\":\"https:\/\/distribucionarc.com\/wp-content\/uploads\/2024\/10\/distribucion-ARC-COLOR-SIN-FONDO-e1732295305345.png\",\"width\":1164,\"height\":558,\"caption\":\"Distribuci\u00f3n ARC\"},\"image\":{\"@id\":\"https:\/\/www.distribucionarc.com\/de\/#\/schema\/logo\/image\/\"},\"description\":\"Empresa especializada en la fabricaci\u00f3n y distribuci\u00f3n de maquinaria industrial para los sectores alimentario y farmac\u00e9utico. Nos especializamos en: M\u00e1quinas de cortar carne Fabricaci\u00f3n de comprimidos Sistemas de transporte industrial L\u00edneas de embotellado Dosificadores Y mucho m\u00e1s... Ofrecemos soluciones innovadoras y personalizadas para optimizar los procesos productivos de tu empresa.\",\"email\":\"Admistracion@distribucionarc.com\",\"telephone\":\"+34 643496664\",\"legalName\":\"ARC TECH SOLUTIONS\",\"foundingDate\":\"2024-04-09\",\"vatID\":\"B55480172\",\"numberOfEmployees\":{\"@type\":\"QuantitativeValue\",\"minValue\":\"1\",\"maxValue\":\"10\"}}]}<\/script>\n<!-- \/ Yoast SEO Premium plugin. -->","yoast_head_json":{"title":"500Kg profesyonel et fileto dilimleme makinesi - ARC da\u011f\u0131t\u0131m\u0131","robots":{"index":"index","follow":"follow","max-snippet":"max-snippet:-1","max-image-preview":"max-image-preview:large","max-video-preview":"max-video-preview:-1"},"canonical":"https:\/\/www.distribucionarc.com\/ar\/producto\/cortadora-fileteadora-de-carnes-profesional-500kg\/","og_locale":"tr_TR","og_type":"article","og_title":"Cortadora fileteadora de carnes profesional 500Kg","og_description":"Cortadora fileteadora de carnes profesional 500Kg Esta cortadora comercial de carne ARC es el adecuado para la industria de restaurantes, procesadores de carnes, buffet, hoteles. Con esta cortadora profesional aumentara su produccion al poder procesar 500Kg por hora.  La fileteadora profesional ARCMFTC1 es eficaz en el corte de carne de res, cerdo, cordero y otras carnes en trozos. la superficie de estas carnes en rodajas es lisa y el espesor es igual, resulta muy \u00fatil para mantener la calidad de la carne fresca. La cortadora de carne est\u00e1 dise\u00f1ada para ser simple y limpia, libre de girar; la unidad de cuchillo se puede quitar, limpiar y ajustar m\u00e1s f\u00e1cilmente. Fabricada de acero inoxidable de la mejor calidad para el \u00e1mbito alimenticio. Garant\u00eda\u00a0ARC 2 A\u00d1OS motor m\u00e1s eficiente bajo consumo 1000w soporte t\u00e9cnico\u00a0incluido. &nbsp;","og_url":"https:\/\/www.distribucionarc.com\/ar\/producto\/cortadora-fileteadora-de-carnes-profesional-500kg\/","og_site_name":"distribuci\u00f3n ARC","article_modified_time":"2023-05-06T18:01:14+00:00","og_image":[{"width":1600,"height":1600,"url":"https:\/\/www.distribucionarc.com\/wp-content\/uploads\/2020\/07\/Cortadora-fileteadora-de-carnes-profesional-500Kg-0.jpg","type":"image\/jpeg"}],"twitter_card":"summary_large_image","twitter_misc":{"Tahmini okuma s\u00fcresi":"1 dakika"},"schema":{"@context":"https:\/\/schema.org","@graph":[{"@type":"WebPage","@id":"https:\/\/www.distribucionarc.com\/ar\/producto\/cortadora-fileteadora-de-carnes-profesional-500kg\/","url":"https:\/\/www.distribucionarc.com\/ar\/producto\/cortadora-fileteadora-de-carnes-profesional-500kg\/","name":"500Kg profesyonel et fileto dilimleme makinesi - ARC da\u011f\u0131t\u0131m\u0131","isPartOf":{"@id":"https:\/\/www.distribucionarc.com\/de\/#website"},"primaryImageOfPage":{"@id":"https:\/\/www.distribucionarc.com\/ar\/producto\/cortadora-fileteadora-de-carnes-profesional-500kg\/#primaryimage"},"image":{"@id":"https:\/\/www.distribucionarc.com\/ar\/producto\/cortadora-fileteadora-de-carnes-profesional-500kg\/#primaryimage"},"thumbnailUrl":"https:\/\/distribucionarc.com\/wp-content\/uploads\/2020\/07\/Cortadora-fileteadora-de-carnes-profesional-500Kg-0.jpg","datePublished":"2020-07-23T15:26:48+00:00","dateModified":"2023-05-06T18:01:14+00:00","breadcrumb":{"@id":"https:\/\/www.distribucionarc.com\/ar\/producto\/cortadora-fileteadora-de-carnes-profesional-500kg\/#breadcrumb"},"inLanguage":"tr","potentialAction":[{"@type":"ReadAction","target":["https:\/\/www.distribucionarc.com\/ar\/producto\/cortadora-fileteadora-de-carnes-profesional-500kg\/"]}]},{"@type":"ImageObject","inLanguage":"tr","@id":"https:\/\/www.distribucionarc.com\/ar\/producto\/cortadora-fileteadora-de-carnes-profesional-500kg\/#primaryimage","url":"https:\/\/distribucionarc.com\/wp-content\/uploads\/2020\/07\/Cortadora-fileteadora-de-carnes-profesional-500Kg-0.jpg","contentUrl":"https:\/\/distribucionarc.com\/wp-content\/uploads\/2020\/07\/Cortadora-fileteadora-de-carnes-profesional-500Kg-0.jpg","width":1600,"height":1600,"caption":"Cortadora fileteadora de carnes profesional 500Kg"},{"@type":"BreadcrumbList","@id":"https:\/\/www.distribucionarc.com\/ar\/producto\/cortadora-fileteadora-de-carnes-profesional-500kg\/#breadcrumb","itemListElement":[{"@type":"ListItem","position":1,"name":"Portada","item":"https:\/\/www.distribucionarc.com\/en\/"},{"@type":"ListItem","position":2,"name":"Products","item":"https:\/\/www.distribucionarc.com\/en\/shop\/"},{"@type":"ListItem","position":3,"name":"Cortadora fileteadora de carnes profesional 500Kg"}]},{"@type":"WebSite","@id":"https:\/\/www.distribucionarc.com\/de\/#website","url":"https:\/\/www.distribucionarc.com\/de\/","name":"ARC da\u011f\u0131t\u0131m\u0131","description":"End\u00fcstriyel makinelerin \u00fcretimi ve da\u011f\u0131t\u0131m\u0131 konusunda uzmanla\u015fm\u0131\u015f \u015firket, kutu m\u00fch\u00fcrleme makineleri, tablet yapma makineleri, et kesme makineleri...","publisher":{"@id":"https:\/\/www.distribucionarc.com\/de\/#organization"},"potentialAction":[{"@type":"SearchAction","target":{"@type":"EntryPoint","urlTemplate":"https:\/\/www.distribucionarc.com\/de\/?s={search_term_string}"},"query-input":{"@type":"PropertyValueSpecification","valueRequired":true,"valueName":"search_term_string"}}],"inLanguage":"tr"},{"@type":"Organization","@id":"https:\/\/www.distribucionarc.com\/de\/#organization","name":"ARC Da\u011f\u0131t\u0131m\u0131","url":"https:\/\/www.distribucionarc.com\/de\/","logo":{"@type":"ImageObject","inLanguage":"tr","@id":"https:\/\/www.distribucionarc.com\/de\/#\/schema\/logo\/image\/","url":"https:\/\/distribucionarc.com\/wp-content\/uploads\/2024\/10\/distribucion-ARC-COLOR-SIN-FONDO-e1732295305345.png","contentUrl":"https:\/\/distribucionarc.com\/wp-content\/uploads\/2024\/10\/distribucion-ARC-COLOR-SIN-FONDO-e1732295305345.png","width":1164,"height":558,"caption":"Distribuci\u00f3n ARC"},"image":{"@id":"https:\/\/www.distribucionarc.com\/de\/#\/schema\/logo\/image\/"},"description":"\u015eirket, g\u0131da ve ila\u00e7 sekt\u00f6rleri i\u00e7in end\u00fcstriyel makine \u00fcretimi ve da\u011f\u0131t\u0131m\u0131 konusunda uzmanla\u015fm\u0131\u015ft\u0131r. Uzmanl\u0131k alanlar\u0131m\u0131z Et kesme makineleri Tablet \u00fcretimi End\u00fcstriyel ta\u015f\u0131ma sistemleri \u015ei\u015feleme hatlar\u0131 Dozajlama makineleri Ve \u00e7ok daha fazlas\u0131... \u015eirketinizin \u00fcretim s\u00fcre\u00e7lerini optimize etmek i\u00e7in yenilik\u00e7i ve \u00f6zelle\u015ftirilmi\u015f \u00e7\u00f6z\u00fcmler sunuyoruz.","email":"Admistracion@distribucionarc.com","telephone":"+34 643496664","legalName":"ARC TECH SOLUTIONS","foundingDate":"2024-04-09","vatID":"B55480172","numberOfEmployees":{"@type":"QuantitativeValue","minValue":"1","maxValue":"10"}}]}},"_links":{"self":[{"href":"https:\/\/distribucionarc.com\/tr\/wp-json\/wp\/v2\/product\/1368","targetHints":{"allow":["GET"]}}],"collection":[{"href":"https:\/\/distribucionarc.com\/tr\/wp-json\/wp\/v2\/product"}],"about":[{"href":"https:\/\/distribucionarc.com\/tr\/wp-json\/wp\/v2\/types\/product"}],"replies":[{"embeddable":true,"href":"https:\/\/distribucionarc.com\/tr\/wp-json\/wp\/v2\/comments?post=1368"}],"version-history":[{"count":0,"href":"https:\/\/distribucionarc.com\/tr\/wp-json\/wp\/v2\/product\/1368\/revisions"}],"wp:featuredmedia":[{"embeddable":true,"href":"https:\/\/distribucionarc.com\/tr\/wp-json\/wp\/v2\/media\/1374"}],"wp:attachment":[{"href":"https:\/\/distribucionarc.com\/tr\/wp-json\/wp\/v2\/media?parent=1368"}],"wp:term":[{"taxonomy":"product_brand","embeddable":true,"href":"https:\/\/distribucionarc.com\/tr\/wp-json\/wp\/v2\/product_brand?post=1368"},{"taxonomy":"product_cat","embeddable":true,"href":"https:\/\/distribucionarc.com\/tr\/wp-json\/wp\/v2\/product_cat?post=1368"},{"taxonomy":"product_tag","embeddable":true,"href":"https:\/\/distribucionarc.com\/tr\/wp-json\/wp\/v2\/product_tag?post=1368"}],"curies":[{"name":"wp","href":"https:\/\/api.w.org\/{rel}","templated":true}]}}