{"id":1437,"date":"2020-07-24T13:41:07","date_gmt":"2020-07-24T13:41:07","guid":{"rendered":"https:\/\/distribucionarc.com\/?post_type=product&#038;p=1437"},"modified":"2020-09-29T18:46:22","modified_gmt":"2020-09-29T18:46:22","slug":"buz-kupu-makinesi-12-kg","status":"publish","type":"product","link":"https:\/\/distribucionarc.com\/tr\/producto\/maquina-para-cubitos-de-hielo-12-kg\/","title":{"rendered":"Buz k\u00fcp\u00fc makinesi 12 Kg"},"content":{"rendered":"<h3>Buz k\u00fcpleri i\u00e7in buz makinesi 12 Kg<\/h3>\n<p>Bu\u00a0<strong>ta\u015f\u0131nabilir buz k\u00fcp\u00fc makinesi<\/strong>\u00a0ile ilgili<strong>\u00a0<span style=\"color: #ff0000;\">\u0130LE<\/span><span style=\"color: #0000ff;\">R<\/span>C<\/strong>\u00a0Zamana meydan okuyan tasar\u0131m\u0131yla her ortama uyum sa\u011flar. Aileler, kafeler, partiler, restoranlar, barlar, oteller, ma\u011fazalar, plaj barlar\u0131 i\u00e7in idealdir.<\/p>\n<p>ile\u00a0<strong>k\u00fcp makinesi\u00a0<span style=\"color: #ff0000;\">\u0130LE<\/span><span style=\"color: #0000ff;\">R<\/span>CMCH12<\/strong>\u00a0\u00fcretebilir\u00a0<span style=\"color: #0000ff;\"><strong>6-8 dakikada 24 k\u00fcp<\/strong><\/span>\u00a0(ortam s\u0131cakl\u0131\u011f\u0131na ba\u011fl\u0131 olarak) ve\u00a0<span style=\"color: #0000ff;\"><strong>24 saatte 12 kg&#039;a kadar<\/strong><\/span>. Onun\u00a0<span style=\"color: #008000;\"><strong>Motor verimlidir ve enerji tasarrufuna katk\u0131da bulunur<\/strong>.<\/span><\/p>\n<p>\u00c7al\u0131\u015fma ko\u015fullar\u0131n\u0131n kolay y\u00f6netimi,\u00a0<strong>otomatik temizleme fonksiyonu<\/strong>LCD ekrandaki d\u00fc\u011fmeler cihaz\u0131n \u00e7al\u0131\u015fma durumunu g\u00f6sterir.\u00a0<strong>buz makinesi<\/strong>\u00a0ile ilgili\u00a0<strong><span style=\"color: #ff0000;\">\u0130LE<\/span><span style=\"color: #0000ff;\">R<\/span>C<\/strong>\u00a0her zaman. Buz kovas\u0131 doluysa veya su seviyesi \u00e7ok d\u00fc\u015f\u00fckse alarm vererek sizi bilgilendirir.<\/p>\n<p>Tank g\u00f6vdesi 3 katmandan olu\u015fmaktad\u0131r. G\u0131daya uygun kap 2,2 L&#039;ye kadar buz tutar. Y\u00fcksek yo\u011funluklu k\u00f6p\u00fck, \u0131s\u0131 tutma ve yal\u0131t\u0131m g\u00f6revi g\u00f6r\u00fcr.<\/p>\n<p>Bu<strong>\u00a0ta\u015f\u0131nabilir buz makinesi<\/strong>\u00a0Y\u00f6netmeliklere uygun olarak manuel ve otomatik (su borusu makinenin arkas\u0131na ba\u011flan\u0131r) doluma uygundur.<\/p>\n<p>Pratik damlama tepsisinin \u00e7\u0131kar\u0131lmas\u0131 ve temizlenmesi kolayd\u0131r. Donan\u0131ml\u0131 fan, daha h\u0131zl\u0131 \u0131s\u0131 da\u011f\u0131l\u0131m\u0131 ve buz \u00fcretimi i\u00e7in b\u00fcy\u00fck hava hacimleri sa\u011flar.<\/p>\n<h6><strong>Garanti\u00a0<span style=\"color: #ff0000;\">\u0130LE<\/span><span style=\"color: #0000ff;\">R<\/span>\u00c7 2 YIL<\/strong><\/h6>\n<h6><span style=\"color: #008000;\"><strong>Verimli buz k\u00fcp\u00fc makinesi, d\u00fc\u015f\u00fck t\u00fcketim 120w<\/strong><\/span><\/h6>\n<h6><strong>teknik destek dahildir.<\/strong><\/h6>\n<p>&nbsp;<\/p>\n<table role=\"presentation\" width=\"100%\" cellspacing=\"0\" cellpadding=\"0\">\n<tbody>\n<tr>\n<td class=\"attrLabels\">G\u00fc\u00e7:<\/td>\n<td width=\"50.0%\">120W<\/td>\n<\/tr>\n<tr>\n<td class=\"attrLabels\">Gerilim:<\/td>\n<td width=\"50.0%\">220V \u2013 240V, 50Hz \u2013 60Hz<\/td>\n<td class=\"attrLabels\">A\u011f\u0131rl\u0131k:<\/td>\n<td width=\"50.0%\">11,8 kg<\/td>\n<\/tr>\n<tr>\n<td class=\"attrLabels\">Da\u011f\u0131t\u0131m \u00fclkesi:<\/td>\n<td width=\"50.0%\">\u0130spanya, Almanya, ABD<\/td>\n<td class=\"attrLabels\">Y\u00fckseklik:<\/td>\n<td width=\"50.0%\">\u00a036cm<\/td>\n<\/tr>\n<tr>\n<td class=\"attrLabels\">Marka:<\/td>\n<td width=\"50.0%\">ARK<\/td>\n<td class=\"attrLabels\">Uzun:<\/td>\n<td width=\"50.0%\">25cm<\/td>\n<\/tr>\n<tr>\n<td class=\"attrLabels\">\u00dcr\u00fcn tipi:<\/td>\n<td width=\"50.0%\">Buz k\u00fcp\u00fc makinesi<\/td>\n<td class=\"attrLabels\">Geni\u015f:<\/td>\n<td width=\"50.0%\">\u00a033cm<\/td>\n<\/tr>\n<tr>\n<td class=\"attrLabels\">\u00dcretici numaras\u0131:<\/td>\n<td width=\"50.0%\">ARCMCH12<\/td>\n<td class=\"attrLabels\">\u00c7al\u0131\u015fma h\u0131z\u0131:<\/td>\n<td width=\"50.0%\">\u00a024 par\u00e7a i\u00e7in 6 ila 8 dakika<\/td>\n<\/tr>\n<tr>\n<td class=\"attrLabels\">Malzeme:<\/td>\n<td width=\"50.0%\">paslanmaz \u00e7elik, LCD ekran, optimize edilmi\u015f motor<\/td>\n<td class=\"attrLabels\">buz k\u00fcp\u00fc boyutu:<\/td>\n<td width=\"50.0%\">22x22x22mm<\/td>\n<\/tr>\n<tr>\n<td class=\"attrLabels\">Renk:<\/td>\n<td width=\"50.0%\">G\u00fcm\u00fc\u015f<\/td>\n<td class=\"attrLabels\">Depolamak:<\/td>\n<td width=\"50.0%\">1 kg<\/td>\n<\/tr>\n<tr>\n<td class=\"attrLabels\">Kurulum ara\u00e7lar\u0131:<\/td>\n<td width=\"50.0%\">Evet<\/td>\n<td class=\"attrLabels\">Garanti:<\/td>\n<td width=\"50.0%\">2 YIL<\/td>\n<\/tr>\n<\/tbody>\n<\/table>\n<p>&nbsp;<\/p>\n<p>&nbsp;<\/p>","protected":false},"excerpt":{"rendered":"<h2>Buz k\u00fcpleri i\u00e7in buz makinesi 12 Kg<\/h2>\n<p>Buz torbalar\u0131 sat\u0131n alarak daha fazla zaman kaybetmeyin.\u00a0<strong>buz k\u00fcp\u00fc makineleri<\/strong>\u00a0ile ilgili<span style=\"color: #ff0000;\">\u00a0<\/span><strong><span style=\"color: #ff0000;\">\u0130LE<\/span><span style=\"color: #0000ff;\">R<\/span>C;<\/strong> Daha fazla buz \u00fcretilirken depolayarak rezervlerinizi her zaman dolu tutmak i\u00e7in hi\u00e7bir yere gitmenize gerek kalmayacak.<\/p>\n<p>La\u00a0<strong>buz k\u00fcp\u00fc makinesi <span style=\"color: #ff0000;\">\u0130LE<\/span><span style=\"color: #0000ff;\">R<\/span>CMCH12<\/strong>\u00a0kadar \u00fcretir\u00a0<span style=\"color: #0000ff;\"><strong>24 saatte 12 kilo<\/strong><strong>\u00a0Ve<\/strong>\u00a0<strong>6-8 dakikada 24 par\u00e7a buz k\u00fcp\u00fc<\/strong><\/span>. LCD ekran sayesinde i\u015flem basit ve anla\u015f\u0131l\u0131rd\u0131r. \u015eeffaf kapak sizin i\u00e7in iyi bir g\u00f6zlem sa\u011flar.\u00a0<strong>buz makinesi<\/strong>\u00a0ile ilgili\u00a0<strong><span style=\"color: #ff0000;\">\u0130LE<\/span><span style=\"color: #0000ff;\">R<\/span>C<\/strong>\u00a0G\u0131da sekt\u00f6r\u00fc i\u00e7in en iyi kalitede paslanmaz \u00e7elik g\u00f6vdesi ile sa\u011flamd\u0131r.<\/p>\n<h6><strong>Garanti\u00a0<span style=\"color: #ff0000;\">\u0130LE<\/span><span style=\"color: #0000ff;\">R<\/span>\u00c7 2 YIL<\/strong><\/h6>\n<h6><span style=\"color: #008000;\"><strong>Verimli buz k\u00fcp\u00fc makinesi, d\u00fc\u015f\u00fck t\u00fcketim 120w<\/strong><\/span><\/h6>\n<h6><strong>teknik destek dahildir.<\/strong><\/h6>","protected":false},"featured_media":1438,"comment_status":"open","ping_status":"closed","template":"","meta":{"wds_primary_product_brand":0,"wds_primary_product_cat":0},"product_brand":[],"product_cat":[59],"product_tag":[],"class_list":{"0":"post-1437","1":"product","2":"type-product","3":"status-publish","4":"has-post-thumbnail","6":"product_cat-hielo","7":"product_shipping_class-hosteleria","9":"first","10":"instock","11":"sale","12":"taxable","13":"shipping-taxable","14":"purchasable","15":"product-type-simple"},"yoast_head":"<!-- This site is optimized with the Yoast SEO Premium plugin v24.9 (Yoast SEO v26.1) - https:\/\/yoast.com\/wordpress\/plugins\/seo\/ -->\n<title>M\u00e1quina para cubitos de hielo 12 Kg - distribuci\u00f3n ARC<\/title>\n<meta name=\"robots\" content=\"index, follow, max-snippet:-1, max-image-preview:large, max-video-preview:-1\" \/>\n<link rel=\"canonical\" href=\"https:\/\/www.distribucionarc.com\/sk\/producto\/maquina-para-cubitos-de-hielo-12-kg\/\" \/>\n<meta property=\"og:locale\" content=\"tr_TR\" \/>\n<meta property=\"og:type\" content=\"article\" \/>\n<meta property=\"og:title\" content=\"M\u00e1quina para cubitos de hielo 12 Kg\" \/>\n<meta property=\"og:description\" content=\"M\u00e1quina de hielo\u00a0 para cubitos de hielo 12 Kg No pierdas m\u00e1s el tiempo comprando sacos de hielo, con las\u00a0m\u00e1quinas para cubitos de hielo\u00a0de\u00a0ARC; no tendr\u00e1s que ir a ning\u00fan lado para tener tus reservas siempre llenas, al almacenarlo mientras se va fabricando m\u00e1s hielo.  La\u00a0m\u00e1quina de cubitos de hielo ARCMCH12\u00a0produce hasta\u00a012 kg en 24 horas\u00a0y\u00a024 trozos de cubitos de hielo en 6-8 minutos. La operaci\u00f3n es simple y clara a trav\u00e9s de la pantalla LCD. La tapa transparente proporciona una buena observaci\u00f3n para usted. La\u00a0m\u00e1quina de hielo\u00a0de\u00a0ARC\u00a0es robusta con un cuerpo de acero inoxidable de la mejor calidad para el \u00e1mbito alimenticio. Garant\u00eda\u00a0ARC 2 A\u00d1OS Maquina para cubitos de hielo eficiente, bajo consumo 120w soporte t\u00e9cnico\u00a0incluido.\" \/>\n<meta property=\"og:url\" content=\"https:\/\/www.distribucionarc.com\/sk\/producto\/maquina-para-cubitos-de-hielo-12-kg\/\" \/>\n<meta property=\"og:site_name\" content=\"distribuci\u00f3n ARC\" \/>\n<meta property=\"article:modified_time\" content=\"2020-09-29T18:46:22+00:00\" \/>\n<meta property=\"og:image\" content=\"https:\/\/distribucionarc.com\/wp-content\/uploads\/2020\/07\/M\u00e1quina-para-cubitos-de-hielo-12-Kg-0.jpg\" \/>\n\t<meta property=\"og:image:width\" content=\"900\" \/>\n\t<meta property=\"og:image:height\" content=\"900\" \/>\n\t<meta property=\"og:image:type\" content=\"image\/jpeg\" \/>\n<meta name=\"twitter:card\" content=\"summary_large_image\" \/>\n<meta name=\"twitter:label1\" content=\"Tahmini okuma s\u00fcresi\" \/>\n\t<meta name=\"twitter:data1\" content=\"2 dakika\" \/>\n<script type=\"application\/ld+json\" class=\"yoast-schema-graph\">{\"@context\":\"https:\/\/schema.org\",\"@graph\":[{\"@type\":\"WebPage\",\"@id\":\"https:\/\/www.distribucionarc.com\/sk\/producto\/maquina-para-cubitos-de-hielo-12-kg\/\",\"url\":\"https:\/\/www.distribucionarc.com\/sk\/producto\/maquina-para-cubitos-de-hielo-12-kg\/\",\"name\":\"M\u00e1quina para cubitos de hielo 12 Kg - distribuci\u00f3n ARC\",\"isPartOf\":{\"@id\":\"https:\/\/www.distribucionarc.com\/de\/#website\"},\"primaryImageOfPage\":{\"@id\":\"https:\/\/www.distribucionarc.com\/sk\/producto\/maquina-para-cubitos-de-hielo-12-kg\/#primaryimage\"},\"image\":{\"@id\":\"https:\/\/www.distribucionarc.com\/sk\/producto\/maquina-para-cubitos-de-hielo-12-kg\/#primaryimage\"},\"thumbnailUrl\":\"https:\/\/distribucionarc.com\/wp-content\/uploads\/2020\/07\/M\u00e1quina-para-cubitos-de-hielo-12-Kg-0.jpg\",\"datePublished\":\"2020-07-24T13:41:07+00:00\",\"dateModified\":\"2020-09-29T18:46:22+00:00\",\"breadcrumb\":{\"@id\":\"https:\/\/www.distribucionarc.com\/sk\/producto\/maquina-para-cubitos-de-hielo-12-kg\/#breadcrumb\"},\"inLanguage\":\"tr\",\"potentialAction\":[{\"@type\":\"ReadAction\",\"target\":[\"https:\/\/www.distribucionarc.com\/sk\/producto\/maquina-para-cubitos-de-hielo-12-kg\/\"]}]},{\"@type\":\"ImageObject\",\"inLanguage\":\"tr\",\"@id\":\"https:\/\/www.distribucionarc.com\/sk\/producto\/maquina-para-cubitos-de-hielo-12-kg\/#primaryimage\",\"url\":\"https:\/\/distribucionarc.com\/wp-content\/uploads\/2020\/07\/M\u00e1quina-para-cubitos-de-hielo-12-Kg-0.jpg\",\"contentUrl\":\"https:\/\/distribucionarc.com\/wp-content\/uploads\/2020\/07\/M\u00e1quina-para-cubitos-de-hielo-12-Kg-0.jpg\",\"width\":900,\"height\":900,\"caption\":\"M\u00e1quina para cubitos de hielo 12 Kg\"},{\"@type\":\"BreadcrumbList\",\"@id\":\"https:\/\/www.distribucionarc.com\/sk\/producto\/maquina-para-cubitos-de-hielo-12-kg\/#breadcrumb\",\"itemListElement\":[{\"@type\":\"ListItem\",\"position\":1,\"name\":\"Portada\",\"item\":\"https:\/\/www.distribucionarc.com\/en\/\"},{\"@type\":\"ListItem\",\"position\":2,\"name\":\"Products\",\"item\":\"https:\/\/www.distribucionarc.com\/en\/shop\/\"},{\"@type\":\"ListItem\",\"position\":3,\"name\":\"M\u00e1quina para cubitos de hielo 12 Kg\"}]},{\"@type\":\"WebSite\",\"@id\":\"https:\/\/www.distribucionarc.com\/de\/#website\",\"url\":\"https:\/\/www.distribucionarc.com\/de\/\",\"name\":\"distribuci\u00f3n ARC\",\"description\":\"Empresa especializada en la fabricaci\u00f3n y distribuci\u00f3n de maquinaria industrial, selladoras de latas, Maquinas de hacer pastillas, Maquinas de cortar carne...\",\"publisher\":{\"@id\":\"https:\/\/www.distribucionarc.com\/de\/#organization\"},\"potentialAction\":[{\"@type\":\"SearchAction\",\"target\":{\"@type\":\"EntryPoint\",\"urlTemplate\":\"https:\/\/www.distribucionarc.com\/de\/?s={search_term_string}\"},\"query-input\":{\"@type\":\"PropertyValueSpecification\",\"valueRequired\":true,\"valueName\":\"search_term_string\"}}],\"inLanguage\":\"tr\"},{\"@type\":\"Organization\",\"@id\":\"https:\/\/www.distribucionarc.com\/de\/#organization\",\"name\":\"Distribuci\u00f3n ARC\",\"url\":\"https:\/\/www.distribucionarc.com\/de\/\",\"logo\":{\"@type\":\"ImageObject\",\"inLanguage\":\"tr\",\"@id\":\"https:\/\/www.distribucionarc.com\/de\/#\/schema\/logo\/image\/\",\"url\":\"https:\/\/distribucionarc.com\/wp-content\/uploads\/2024\/10\/distribucion-ARC-COLOR-SIN-FONDO-e1732295305345.png\",\"contentUrl\":\"https:\/\/distribucionarc.com\/wp-content\/uploads\/2024\/10\/distribucion-ARC-COLOR-SIN-FONDO-e1732295305345.png\",\"width\":1164,\"height\":558,\"caption\":\"Distribuci\u00f3n ARC\"},\"image\":{\"@id\":\"https:\/\/www.distribucionarc.com\/de\/#\/schema\/logo\/image\/\"},\"description\":\"Empresa especializada en la fabricaci\u00f3n y distribuci\u00f3n de maquinaria industrial para los sectores alimentario y farmac\u00e9utico. Nos especializamos en: M\u00e1quinas de cortar carne Fabricaci\u00f3n de comprimidos Sistemas de transporte industrial L\u00edneas de embotellado Dosificadores Y mucho m\u00e1s... Ofrecemos soluciones innovadoras y personalizadas para optimizar los procesos productivos de tu empresa.\",\"email\":\"Admistracion@distribucionarc.com\",\"telephone\":\"+34 643496664\",\"legalName\":\"ARC TECH SOLUTIONS\",\"foundingDate\":\"2024-04-09\",\"vatID\":\"B55480172\",\"numberOfEmployees\":{\"@type\":\"QuantitativeValue\",\"minValue\":\"1\",\"maxValue\":\"10\"}}]}<\/script>\n<!-- \/ Yoast SEO Premium plugin. -->","yoast_head_json":{"title":"12 Kg buz k\u00fcp\u00fc makinesi - ARC da\u011f\u0131t\u0131m\u0131","robots":{"index":"index","follow":"follow","max-snippet":"max-snippet:-1","max-image-preview":"max-image-preview:large","max-video-preview":"max-video-preview:-1"},"canonical":"https:\/\/www.distribucionarc.com\/sk\/producto\/maquina-para-cubitos-de-hielo-12-kg\/","og_locale":"tr_TR","og_type":"article","og_title":"M\u00e1quina para cubitos de hielo 12 Kg","og_description":"M\u00e1quina de hielo\u00a0 para cubitos de hielo 12 Kg No pierdas m\u00e1s el tiempo comprando sacos de hielo, con las\u00a0m\u00e1quinas para cubitos de hielo\u00a0de\u00a0ARC; no tendr\u00e1s que ir a ning\u00fan lado para tener tus reservas siempre llenas, al almacenarlo mientras se va fabricando m\u00e1s hielo.  La\u00a0m\u00e1quina de cubitos de hielo ARCMCH12\u00a0produce hasta\u00a012 kg en 24 horas\u00a0y\u00a024 trozos de cubitos de hielo en 6-8 minutos. La operaci\u00f3n es simple y clara a trav\u00e9s de la pantalla LCD. La tapa transparente proporciona una buena observaci\u00f3n para usted. La\u00a0m\u00e1quina de hielo\u00a0de\u00a0ARC\u00a0es robusta con un cuerpo de acero inoxidable de la mejor calidad para el \u00e1mbito alimenticio. Garant\u00eda\u00a0ARC 2 A\u00d1OS Maquina para cubitos de hielo eficiente, bajo consumo 120w soporte t\u00e9cnico\u00a0incluido.","og_url":"https:\/\/www.distribucionarc.com\/sk\/producto\/maquina-para-cubitos-de-hielo-12-kg\/","og_site_name":"distribuci\u00f3n ARC","article_modified_time":"2020-09-29T18:46:22+00:00","og_image":[{"width":900,"height":900,"url":"https:\/\/distribucionarc.com\/wp-content\/uploads\/2020\/07\/M\u00e1quina-para-cubitos-de-hielo-12-Kg-0.jpg","type":"image\/jpeg"}],"twitter_card":"summary_large_image","twitter_misc":{"Tahmini okuma s\u00fcresi":"2 dakika"},"schema":{"@context":"https:\/\/schema.org","@graph":[{"@type":"WebPage","@id":"https:\/\/www.distribucionarc.com\/sk\/producto\/maquina-para-cubitos-de-hielo-12-kg\/","url":"https:\/\/www.distribucionarc.com\/sk\/producto\/maquina-para-cubitos-de-hielo-12-kg\/","name":"12 Kg buz k\u00fcp\u00fc makinesi - ARC da\u011f\u0131t\u0131m\u0131","isPartOf":{"@id":"https:\/\/www.distribucionarc.com\/de\/#website"},"primaryImageOfPage":{"@id":"https:\/\/www.distribucionarc.com\/sk\/producto\/maquina-para-cubitos-de-hielo-12-kg\/#primaryimage"},"image":{"@id":"https:\/\/www.distribucionarc.com\/sk\/producto\/maquina-para-cubitos-de-hielo-12-kg\/#primaryimage"},"thumbnailUrl":"https:\/\/distribucionarc.com\/wp-content\/uploads\/2020\/07\/M\u00e1quina-para-cubitos-de-hielo-12-Kg-0.jpg","datePublished":"2020-07-24T13:41:07+00:00","dateModified":"2020-09-29T18:46:22+00:00","breadcrumb":{"@id":"https:\/\/www.distribucionarc.com\/sk\/producto\/maquina-para-cubitos-de-hielo-12-kg\/#breadcrumb"},"inLanguage":"tr","potentialAction":[{"@type":"ReadAction","target":["https:\/\/www.distribucionarc.com\/sk\/producto\/maquina-para-cubitos-de-hielo-12-kg\/"]}]},{"@type":"ImageObject","inLanguage":"tr","@id":"https:\/\/www.distribucionarc.com\/sk\/producto\/maquina-para-cubitos-de-hielo-12-kg\/#primaryimage","url":"https:\/\/distribucionarc.com\/wp-content\/uploads\/2020\/07\/M\u00e1quina-para-cubitos-de-hielo-12-Kg-0.jpg","contentUrl":"https:\/\/distribucionarc.com\/wp-content\/uploads\/2020\/07\/M\u00e1quina-para-cubitos-de-hielo-12-Kg-0.jpg","width":900,"height":900,"caption":"M\u00e1quina para cubitos de hielo 12 Kg"},{"@type":"BreadcrumbList","@id":"https:\/\/www.distribucionarc.com\/sk\/producto\/maquina-para-cubitos-de-hielo-12-kg\/#breadcrumb","itemListElement":[{"@type":"ListItem","position":1,"name":"Portada","item":"https:\/\/www.distribucionarc.com\/en\/"},{"@type":"ListItem","position":2,"name":"Products","item":"https:\/\/www.distribucionarc.com\/en\/shop\/"},{"@type":"ListItem","position":3,"name":"M\u00e1quina para cubitos de hielo 12 Kg"}]},{"@type":"WebSite","@id":"https:\/\/www.distribucionarc.com\/de\/#website","url":"https:\/\/www.distribucionarc.com\/de\/","name":"ARC da\u011f\u0131t\u0131m\u0131","description":"End\u00fcstriyel makinelerin \u00fcretimi ve da\u011f\u0131t\u0131m\u0131 konusunda uzmanla\u015fm\u0131\u015f \u015firket, kutu m\u00fch\u00fcrleme makineleri, tablet yapma makineleri, et kesme makineleri...","publisher":{"@id":"https:\/\/www.distribucionarc.com\/de\/#organization"},"potentialAction":[{"@type":"SearchAction","target":{"@type":"EntryPoint","urlTemplate":"https:\/\/www.distribucionarc.com\/de\/?s={search_term_string}"},"query-input":{"@type":"PropertyValueSpecification","valueRequired":true,"valueName":"search_term_string"}}],"inLanguage":"tr"},{"@type":"Organization","@id":"https:\/\/www.distribucionarc.com\/de\/#organization","name":"ARC Da\u011f\u0131t\u0131m\u0131","url":"https:\/\/www.distribucionarc.com\/de\/","logo":{"@type":"ImageObject","inLanguage":"tr","@id":"https:\/\/www.distribucionarc.com\/de\/#\/schema\/logo\/image\/","url":"https:\/\/distribucionarc.com\/wp-content\/uploads\/2024\/10\/distribucion-ARC-COLOR-SIN-FONDO-e1732295305345.png","contentUrl":"https:\/\/distribucionarc.com\/wp-content\/uploads\/2024\/10\/distribucion-ARC-COLOR-SIN-FONDO-e1732295305345.png","width":1164,"height":558,"caption":"Distribuci\u00f3n ARC"},"image":{"@id":"https:\/\/www.distribucionarc.com\/de\/#\/schema\/logo\/image\/"},"description":"\u015eirket, g\u0131da ve ila\u00e7 sekt\u00f6rleri i\u00e7in end\u00fcstriyel makine \u00fcretimi ve da\u011f\u0131t\u0131m\u0131 konusunda uzmanla\u015fm\u0131\u015ft\u0131r. Uzmanl\u0131k alanlar\u0131m\u0131z Et kesme makineleri Tablet \u00fcretimi End\u00fcstriyel ta\u015f\u0131ma sistemleri \u015ei\u015feleme hatlar\u0131 Dozajlama makineleri Ve \u00e7ok daha fazlas\u0131... \u015eirketinizin \u00fcretim s\u00fcre\u00e7lerini optimize etmek i\u00e7in yenilik\u00e7i ve \u00f6zelle\u015ftirilmi\u015f \u00e7\u00f6z\u00fcmler sunuyoruz.","email":"Admistracion@distribucionarc.com","telephone":"+34 643496664","legalName":"ARC TECH SOLUTIONS","foundingDate":"2024-04-09","vatID":"B55480172","numberOfEmployees":{"@type":"QuantitativeValue","minValue":"1","maxValue":"10"}}]}},"_links":{"self":[{"href":"https:\/\/distribucionarc.com\/tr\/wp-json\/wp\/v2\/product\/1437","targetHints":{"allow":["GET"]}}],"collection":[{"href":"https:\/\/distribucionarc.com\/tr\/wp-json\/wp\/v2\/product"}],"about":[{"href":"https:\/\/distribucionarc.com\/tr\/wp-json\/wp\/v2\/types\/product"}],"replies":[{"embeddable":true,"href":"https:\/\/distribucionarc.com\/tr\/wp-json\/wp\/v2\/comments?post=1437"}],"version-history":[{"count":0,"href":"https:\/\/distribucionarc.com\/tr\/wp-json\/wp\/v2\/product\/1437\/revisions"}],"wp:featuredmedia":[{"embeddable":true,"href":"https:\/\/distribucionarc.com\/tr\/wp-json\/wp\/v2\/media\/1438"}],"wp:attachment":[{"href":"https:\/\/distribucionarc.com\/tr\/wp-json\/wp\/v2\/media?parent=1437"}],"wp:term":[{"taxonomy":"product_brand","embeddable":true,"href":"https:\/\/distribucionarc.com\/tr\/wp-json\/wp\/v2\/product_brand?post=1437"},{"taxonomy":"product_cat","embeddable":true,"href":"https:\/\/distribucionarc.com\/tr\/wp-json\/wp\/v2\/product_cat?post=1437"},{"taxonomy":"product_tag","embeddable":true,"href":"https:\/\/distribucionarc.com\/tr\/wp-json\/wp\/v2\/product_tag?post=1437"}],"curies":[{"name":"wp","href":"https:\/\/api.w.org\/{rel}","templated":true}]}}