{"id":1443,"date":"2020-07-24T14:44:52","date_gmt":"2020-07-24T14:44:52","guid":{"rendered":"https:\/\/distribucionarc.com\/?post_type=product&#038;p=1443"},"modified":"2020-10-09T11:14:42","modified_gmt":"2020-10-09T11:14:42","slug":"profesyonel-sebze-sut-makinesi","status":"publish","type":"product","link":"https:\/\/distribucionarc.com\/tr\/producto\/maquina-profesional-para-leche-vegetal\/","title":{"rendered":"Bitkisel s\u00fct i\u00e7in profesyonel makine"},"content":{"rendered":"<h2>Bitkisel s\u00fct i\u00e7in profesyonel makine<\/h2>\n<p>Enfes ve yumu\u015fak soya s\u00fct\u00fc \u00fcretebileceksiniz, bu <strong>bitkisel s\u00fct i\u00e7in otomatik makine<\/strong> Her t\u00fcrl\u00fc fasulye, f\u0131st\u0131k vb. i\u00e7in uygundur.<\/p>\n<p>V\u00fccudun <strong>soya s\u00fct\u00fc makinesi<span style=\"color: #ff0000;\"> \u0130LE<\/span><span style=\"color: #0000ff;\">R<\/span>C<\/strong> Kal\u0131nla\u015ft\u0131r\u0131lm\u0131\u015f paslanmaz \u00e7elik ve y\u00fcksek g\u0131da s\u0131n\u0131f\u0131 al\u00fcminyum ala\u015f\u0131m\u0131ndan yap\u0131lm\u0131\u015ft\u0131r. Y\u00fcksek h\u0131z i\u00e7in tamamen bak\u0131r motor, 2800 dev\/dak, kolayca a\u015f\u0131r\u0131 \u0131s\u0131nmaz, maksimum performans elde etmek i\u00e7in en iyi se\u00e7imdir. Geleneksel fiziksel ar\u0131tma y\u00f6ntemi, fasulyenin h\u00fccre duvarlar\u0131n\u0131 tahrip etmeyecek, beslenmeyi etkili bir \u015fekilde s\u00fcrd\u00fcrmeyecek ve proteini ekstrakte etmeyecektir.<\/p>\n<p>Kal\u0131nla\u015ft\u0131r\u0131lm\u0131\u015f taban <strong>bitkisel s\u00fct makinesi<\/strong> ile ilgili <strong><span style=\"color: #ff0000;\">\u0130LE<\/span><span style=\"color: #0000ff;\">R<\/span>C<\/strong> Dayan\u0131kl\u0131l\u0131\u011f\u0131 artt\u0131rmak i\u00e7in antikoroziftir. \u0130\u015flem s\u0131ras\u0131nda size daha fazla stabilite sa\u011flamak i\u00e7in b\u00fcy\u00fck lastik ayaklarla tutturulmu\u015ftur. Her iki tarafta bulunan sa\u011flam tokalar, s\u00fct \u00fcr\u00fcn\u00fc olmayan s\u00fct yapma makinesine kolayca ve s\u0131k\u0131 bir \u015fekilde tak\u0131l\u0131r ve kazara d\u00f6k\u00fclmeleri \u00f6nler.<\/p>\n<p>Geli\u015fmi\u015f tasar\u0131m\u0131 <strong>soya fasulyesi makinesi <span style=\"color: #ff0000;\">\u0130LE<\/span><span style=\"color: #0000ff;\">R<\/span>CMLV1<\/strong> Geli\u015ftirilmi\u015f ta\u015flama, \u00e7ift beyaz kum \u00e7arklar\u0131. Demir ve yo\u011fun a\u011f ile filtreleme. At\u0131klar ve lezzetli soya s\u00fct\u00fc, ek bir i\u015fleme gerek kalmadan iki \u00e7\u0131k\u0131\u015fa ayr\u0131l\u0131r.<\/p>\n<p>kadar \u00fcretin <span style=\"color: #0000ff;\"><strong>Saatte 35 kg soya<\/strong><\/span> D\u00fc\u015f\u00fck enerji t\u00fcketimine sahip verimli motorun avantajlar\u0131ndan yararlanman\u0131n yan\u0131 s\u0131ra minimum \u00e7abayla.<\/p>\n<h6><strong>Garanti\u00a0<span style=\"color: #ff0000;\">\u0130LE<\/span><span style=\"color: #0000ff;\">R<\/span>\u00c7 2 YIL<\/strong><\/h6>\n<h6><span style=\"color: #008000;\">Verimli bitkisel s\u00fct i\u00e7in otomatik makine, d\u00fc\u015f\u00fck t\u00fcketim 1000 w<\/span><\/h6>\n<h6><strong>teknik destek dahil<\/strong><\/h6>\n<p>&nbsp;<\/p>\n<p>&nbsp;<\/p>\n<table role=\"presentation\" width=\"100%\" cellspacing=\"0\" cellpadding=\"0\">\n<tbody>\n<tr>\n<td class=\"attrLabels\">Renk:<\/td>\n<td width=\"50.0%\">G\u00fcm\u00fc\u015f<\/td>\n<\/tr>\n<tr>\n<td class=\"attrLabels\">Da\u011f\u0131t\u0131m \u00fclkesi:<\/td>\n<td width=\"50.0%\">\u0130spanya, Almanya, ABD<\/td>\n<td class=\"attrLabels\">A\u011f\u0131rl\u0131k:<\/td>\n<td width=\"50.0%\">35kg<\/td>\n<\/tr>\n<tr>\n<td class=\"attrLabels\">Marka:<\/td>\n<td width=\"50.0%\">ARK<\/td>\n<td class=\"attrLabels\">Y\u00fckseklik:<\/td>\n<td width=\"50.0%\">70cm<\/td>\n<\/tr>\n<tr>\n<td class=\"attrLabels\">Garanti:<\/td>\n<td width=\"50.0%\">2 YIL<\/td>\n<td class=\"attrLabels\">Uzun:<\/td>\n<td width=\"50.0%\">34cm<\/td>\n<\/tr>\n<tr>\n<td class=\"attrLabels\">\u00dcr\u00fcn tipi:<\/td>\n<td width=\"50.0%\">soya s\u00fct\u00fc makinesi<\/td>\n<td class=\"attrLabels\">Geni\u015f:<\/td>\n<td width=\"50.0%\">34cm<\/td>\n<\/tr>\n<tr>\n<td class=\"attrLabels\">\u00dcretici numaras\u0131:<\/td>\n<td width=\"50.0%\">ARCMLV1<\/td>\n<td class=\"attrLabels\">G\u00fc\u00e7:<\/td>\n<td width=\"50.0%\">1000W<\/td>\n<\/tr>\n<tr>\n<td class=\"attrLabels\">Malzeme:<\/td>\n<td width=\"50.0%\">paslanmaz \u00e7elik, y\u00fcksek g\u00fc\u00e7l\u00fc bak\u0131r motor,<\/td>\n<td class=\"attrLabels\">giri\u015f voltaj\u0131<\/td>\n<td width=\"50.0%\">220V \u2013 50Hz110V \u2013 60Hz<\/td>\n<\/tr>\n<tr>\n<td class=\"attrLabels\">\u0130\u015fleme t\u00fcrleri:<\/td>\n<td width=\"50.0%\">so\u011fuk, k\u0131zartmal\u0131 veya k\u0131zartmas\u0131z s\u0131cak<\/td>\n<td class=\"attrLabels\">Motor h\u0131z\u0131:<\/td>\n<td width=\"50.0%\">\u00a02800rpm<\/td>\n<\/tr>\n<tr>\n<td class=\"attrLabels\">Kurulum ara\u00e7lar\u0131:<\/td>\n<td width=\"50.0%\">Evet<\/td>\n<td class=\"attrLabels\">Yetenek:<\/td>\n<td width=\"50.0%\">saatte 35 kg<\/td>\n<\/tr>\n<\/tbody>\n<\/table>\n<p>&nbsp;<\/p>","protected":false},"excerpt":{"rendered":"<h3>Bitkisel s\u00fct i\u00e7in profesyonel makine<\/h3>\n<p>Taze, sa\u011fl\u0131kl\u0131 ve lezzetli s\u00fct! ile <strong>elektrikli rafineri de\u011firmeni<\/strong> ile ilgili<strong>\u00a0<\/strong><span style=\"color: #ff0000;\"><strong>\u0130LE<\/strong><\/span><span style=\"color: #0000ff;\"><strong><span style=\"font-style: inherit; font-weight: inherit;\">R<\/span><\/strong><\/span><strong>C<\/strong>\u00a0Mutfa\u011f\u0131n\u0131z\u0131, kuruyemi\u015flerden, tah\u0131llardan veya tohumlardan hi\u00e7bir katk\u0131 maddesi i\u00e7ermeyen en \u00f6zel sebze i\u00e7ecekleriyle zenginle\u015ftirebilirsiniz.<\/p>\n<p>La <strong>otomatik soya s\u00fct\u00fc makinesi <span style=\"color: #ff0000;\">\u0130LE<\/span><span style=\"color: #0000ff;\">R<\/span>C<\/strong> Eski y\u00f6ntemleri benimser, ancak daha az g\u00fcr\u00fclt\u00fc ve daha fazla \u00fcretimle, bu da etkili bir \u015fekilde beslenmeyi s\u00fcrd\u00fcr\u00fcr ve t\u00fcm proteinleri \u00e7\u0131kar\u0131r. S\u00fct ve at\u0131klar ayr\u0131\u015ft\u0131r\u0131l\u0131r. Soya fasulyesi, siyah fasulye, yer f\u0131st\u0131\u011f\u0131, siyah susam, ceviz, badem, kurt \u00fcz\u00fcm\u00fc vb. gibi \u00e7e\u015fitli malzemeler i\u00e7in uygundur. <strong>soya s\u00fct\u00fc makinesi <span style=\"color: #ff0000;\">\u0130LE<\/span><span style=\"color: #0000ff;\">R<\/span>CMLV1\u00a0 <\/strong>En iyi g\u0131da s\u0131n\u0131f\u0131na sahip, sa\u011flam, paslanmaz \u00e7elik bir g\u00f6vdeye sahiptir.<\/p>\n<div class=\"summary entry-summary\">\n<div class=\"woocommerce-product-details__short-description\"><\/div>\n<\/div>\n<div class=\"woocommerce-tabs wc-tabs-wrapper\">\n<h6><strong>Garanti\u00a0<span style=\"color: #ff0000;\">\u0130LE<\/span><span style=\"color: #0000ff;\">R<\/span>\u00c7 2 YIL<\/strong><\/h6>\n<h6><span style=\"color: #008000;\">Verimli bitkisel s\u00fct i\u00e7in otomatik makine, d\u00fc\u015f\u00fck t\u00fcketim 1000 w<\/span><\/h6>\n<h6><strong>teknik destek dahil<\/strong><\/h6>\n<\/div>","protected":false},"featured_media":1450,"comment_status":"open","ping_status":"closed","template":"","meta":{"wds_primary_product_brand":0,"wds_primary_product_cat":0},"product_brand":[],"product_cat":[55],"product_tag":[],"class_list":{"0":"post-1443","1":"product","2":"type-product","3":"status-publish","4":"has-post-thumbnail","6":"product_cat-extractor-prensa-de-aceites","7":"product_shipping_class-hosteleria","9":"first","10":"instock","11":"sale","12":"taxable","13":"shipping-taxable","14":"purchasable","15":"product-type-simple"},"yoast_head":"<!-- This site is optimized with the Yoast SEO Premium plugin v24.9 (Yoast SEO v26.1) - https:\/\/yoast.com\/wordpress\/plugins\/seo\/ -->\n<title>Maquina profesional para leche vegetal - distribuci\u00f3n ARC<\/title>\n<meta name=\"robots\" content=\"index, follow, max-snippet:-1, max-image-preview:large, max-video-preview:-1\" \/>\n<link rel=\"canonical\" href=\"https:\/\/distribucionarc.com\/tr\/urun\/profesyonel-sebze-sut-makinesi\/\" \/>\n<meta property=\"og:locale\" content=\"tr_TR\" \/>\n<meta property=\"og:type\" content=\"article\" \/>\n<meta property=\"og:title\" content=\"Maquina profesional para leche vegetal\" \/>\n<meta property=\"og:description\" content=\"Maquina profesional para leche vegetal \u00a1Leche fresca, sana y sabrosa! Con el molino refinador el\u00e9ctrico de\u00a0ARC\u00a0puedes enriquecer tu cocina con las mejores bebidas vegetales especiales de frutos secos, granos o semillas sin aditivos.  La m\u00e1quina autom\u00e1tica de leche de soja ARC adopta m\u00e9todos antiguos, pero de menor ruido y mayor producci\u00f3n que a su vez mantienen eficazmente la nutrici\u00f3n y extrae todas las prote\u00ednas. La leche y los residuos est\u00e1n separados. Adecuado para diversos materiales incluyendo soja, frijol negro, cacahuete, s\u00e9samo negro, nuez, almendra, baya de lobo, etc. La m\u00e1quina para leche de soja ARCMLV1\u00a0 tiene un cuerpo robusto de acero inoxidable de la mejor calidad alimentaria.     Garant\u00eda\u00a0ARC 2 A\u00d1OS Maquina automatica para leche vegetal eficiente, bajo consumo 1000 w soporte t\u00e9cnico\u00a0incluido\" \/>\n<meta property=\"og:url\" content=\"https:\/\/distribucionarc.com\/tr\/urun\/profesyonel-sebze-sut-makinesi\/\" \/>\n<meta property=\"og:site_name\" content=\"distribuci\u00f3n ARC\" \/>\n<meta property=\"article:modified_time\" content=\"2020-10-09T11:14:42+00:00\" \/>\n<meta property=\"og:image\" content=\"https:\/\/distribucionarc.com\/wp-content\/uploads\/2020\/07\/M\u00e1quina-profesional-para-leche-vegetal-0.jpg\" \/>\n\t<meta property=\"og:image:width\" content=\"1600\" \/>\n\t<meta property=\"og:image:height\" content=\"1600\" \/>\n\t<meta property=\"og:image:type\" content=\"image\/jpeg\" \/>\n<meta name=\"twitter:card\" content=\"summary_large_image\" \/>\n<meta name=\"twitter:label1\" content=\"Tahmini okuma s\u00fcresi\" \/>\n\t<meta name=\"twitter:data1\" content=\"2 dakika\" \/>\n<script type=\"application\/ld+json\" class=\"yoast-schema-graph\">{\"@context\":\"https:\/\/schema.org\",\"@graph\":[{\"@type\":\"WebPage\",\"@id\":\"https:\/\/distribucionarc.com\/en\/producto\/maquina-profesional-para-leche-vegetal\/\",\"url\":\"https:\/\/distribucionarc.com\/en\/producto\/maquina-profesional-para-leche-vegetal\/\",\"name\":\"Maquina profesional para leche vegetal - distribuci\u00f3n ARC\",\"isPartOf\":{\"@id\":\"https:\/\/www.distribucionarc.com\/de\/#website\"},\"primaryImageOfPage\":{\"@id\":\"https:\/\/distribucionarc.com\/en\/producto\/maquina-profesional-para-leche-vegetal\/#primaryimage\"},\"image\":{\"@id\":\"https:\/\/distribucionarc.com\/en\/producto\/maquina-profesional-para-leche-vegetal\/#primaryimage\"},\"thumbnailUrl\":\"https:\/\/distribucionarc.com\/wp-content\/uploads\/2020\/07\/M\u00e1quina-profesional-para-leche-vegetal-0.jpg\",\"datePublished\":\"2020-07-24T14:44:52+00:00\",\"dateModified\":\"2020-10-09T11:14:42+00:00\",\"breadcrumb\":{\"@id\":\"https:\/\/distribucionarc.com\/en\/producto\/maquina-profesional-para-leche-vegetal\/#breadcrumb\"},\"inLanguage\":\"tr\",\"potentialAction\":[{\"@type\":\"ReadAction\",\"target\":[\"https:\/\/distribucionarc.com\/en\/producto\/maquina-profesional-para-leche-vegetal\/\"]}]},{\"@type\":\"ImageObject\",\"inLanguage\":\"tr\",\"@id\":\"https:\/\/distribucionarc.com\/en\/producto\/maquina-profesional-para-leche-vegetal\/#primaryimage\",\"url\":\"https:\/\/distribucionarc.com\/wp-content\/uploads\/2020\/07\/M\u00e1quina-profesional-para-leche-vegetal-0.jpg\",\"contentUrl\":\"https:\/\/distribucionarc.com\/wp-content\/uploads\/2020\/07\/M\u00e1quina-profesional-para-leche-vegetal-0.jpg\",\"width\":1600,\"height\":1600,\"caption\":\"M\u00e1quina profesional para leche vegetal\"},{\"@type\":\"BreadcrumbList\",\"@id\":\"https:\/\/distribucionarc.com\/en\/producto\/maquina-profesional-para-leche-vegetal\/#breadcrumb\",\"itemListElement\":[{\"@type\":\"ListItem\",\"position\":1,\"name\":\"Portada\",\"item\":\"https:\/\/www.distribucionarc.com\/en\/\"},{\"@type\":\"ListItem\",\"position\":2,\"name\":\"Products\",\"item\":\"https:\/\/www.distribucionarc.com\/en\/shop\/\"},{\"@type\":\"ListItem\",\"position\":3,\"name\":\"Maquina profesional para leche vegetal\"}]},{\"@type\":\"WebSite\",\"@id\":\"https:\/\/www.distribucionarc.com\/de\/#website\",\"url\":\"https:\/\/www.distribucionarc.com\/de\/\",\"name\":\"distribuci\u00f3n ARC\",\"description\":\"Empresa especializada en la fabricaci\u00f3n y distribuci\u00f3n de maquinaria industrial, selladoras de latas, Maquinas de hacer pastillas, Maquinas de cortar carne...\",\"publisher\":{\"@id\":\"https:\/\/www.distribucionarc.com\/de\/#organization\"},\"potentialAction\":[{\"@type\":\"SearchAction\",\"target\":{\"@type\":\"EntryPoint\",\"urlTemplate\":\"https:\/\/www.distribucionarc.com\/de\/?s={search_term_string}\"},\"query-input\":{\"@type\":\"PropertyValueSpecification\",\"valueRequired\":true,\"valueName\":\"search_term_string\"}}],\"inLanguage\":\"tr\"},{\"@type\":\"Organization\",\"@id\":\"https:\/\/www.distribucionarc.com\/de\/#organization\",\"name\":\"Distribuci\u00f3n ARC\",\"url\":\"https:\/\/www.distribucionarc.com\/de\/\",\"logo\":{\"@type\":\"ImageObject\",\"inLanguage\":\"tr\",\"@id\":\"https:\/\/www.distribucionarc.com\/de\/#\/schema\/logo\/image\/\",\"url\":\"https:\/\/distribucionarc.com\/wp-content\/uploads\/2024\/10\/distribucion-ARC-COLOR-SIN-FONDO-e1732295305345.png\",\"contentUrl\":\"https:\/\/distribucionarc.com\/wp-content\/uploads\/2024\/10\/distribucion-ARC-COLOR-SIN-FONDO-e1732295305345.png\",\"width\":1164,\"height\":558,\"caption\":\"Distribuci\u00f3n ARC\"},\"image\":{\"@id\":\"https:\/\/www.distribucionarc.com\/de\/#\/schema\/logo\/image\/\"},\"description\":\"Empresa especializada en la fabricaci\u00f3n y distribuci\u00f3n de maquinaria industrial para los sectores alimentario y farmac\u00e9utico. Nos especializamos en: M\u00e1quinas de cortar carne Fabricaci\u00f3n de comprimidos Sistemas de transporte industrial L\u00edneas de embotellado Dosificadores Y mucho m\u00e1s... Ofrecemos soluciones innovadoras y personalizadas para optimizar los procesos productivos de tu empresa.\",\"email\":\"Admistracion@distribucionarc.com\",\"telephone\":\"+34 643496664\",\"legalName\":\"ARC TECH SOLUTIONS\",\"foundingDate\":\"2024-04-09\",\"vatID\":\"B55480172\",\"numberOfEmployees\":{\"@type\":\"QuantitativeValue\",\"minValue\":\"1\",\"maxValue\":\"10\"}}]}<\/script>\n<!-- \/ Yoast SEO Premium plugin. -->","yoast_head_json":{"title":"Bitkisel s\u00fct i\u00e7in profesyonel makine - ARC da\u011f\u0131t\u0131m\u0131","robots":{"index":"index","follow":"follow","max-snippet":"max-snippet:-1","max-image-preview":"max-image-preview:large","max-video-preview":"max-video-preview:-1"},"canonical":"https:\/\/distribucionarc.com\/tr\/urun\/profesyonel-sebze-sut-makinesi\/","og_locale":"tr_TR","og_type":"article","og_title":"Maquina profesional para leche vegetal","og_description":"Maquina profesional para leche vegetal \u00a1Leche fresca, sana y sabrosa! Con el molino refinador el\u00e9ctrico de\u00a0ARC\u00a0puedes enriquecer tu cocina con las mejores bebidas vegetales especiales de frutos secos, granos o semillas sin aditivos.  La m\u00e1quina autom\u00e1tica de leche de soja ARC adopta m\u00e9todos antiguos, pero de menor ruido y mayor producci\u00f3n que a su vez mantienen eficazmente la nutrici\u00f3n y extrae todas las prote\u00ednas. La leche y los residuos est\u00e1n separados. Adecuado para diversos materiales incluyendo soja, frijol negro, cacahuete, s\u00e9samo negro, nuez, almendra, baya de lobo, etc. La m\u00e1quina para leche de soja ARCMLV1\u00a0 tiene un cuerpo robusto de acero inoxidable de la mejor calidad alimentaria.     Garant\u00eda\u00a0ARC 2 A\u00d1OS Maquina automatica para leche vegetal eficiente, bajo consumo 1000 w soporte t\u00e9cnico\u00a0incluido","og_url":"https:\/\/distribucionarc.com\/tr\/urun\/profesyonel-sebze-sut-makinesi\/","og_site_name":"distribuci\u00f3n ARC","article_modified_time":"2020-10-09T11:14:42+00:00","og_image":[{"width":1600,"height":1600,"url":"https:\/\/distribucionarc.com\/wp-content\/uploads\/2020\/07\/M\u00e1quina-profesional-para-leche-vegetal-0.jpg","type":"image\/jpeg"}],"twitter_card":"summary_large_image","twitter_misc":{"Tahmini okuma s\u00fcresi":"2 dakika"},"schema":{"@context":"https:\/\/schema.org","@graph":[{"@type":"WebPage","@id":"https:\/\/distribucionarc.com\/en\/producto\/maquina-profesional-para-leche-vegetal\/","url":"https:\/\/distribucionarc.com\/en\/producto\/maquina-profesional-para-leche-vegetal\/","name":"Bitkisel s\u00fct i\u00e7in profesyonel makine - ARC da\u011f\u0131t\u0131m\u0131","isPartOf":{"@id":"https:\/\/www.distribucionarc.com\/de\/#website"},"primaryImageOfPage":{"@id":"https:\/\/distribucionarc.com\/en\/producto\/maquina-profesional-para-leche-vegetal\/#primaryimage"},"image":{"@id":"https:\/\/distribucionarc.com\/en\/producto\/maquina-profesional-para-leche-vegetal\/#primaryimage"},"thumbnailUrl":"https:\/\/distribucionarc.com\/wp-content\/uploads\/2020\/07\/M\u00e1quina-profesional-para-leche-vegetal-0.jpg","datePublished":"2020-07-24T14:44:52+00:00","dateModified":"2020-10-09T11:14:42+00:00","breadcrumb":{"@id":"https:\/\/distribucionarc.com\/en\/producto\/maquina-profesional-para-leche-vegetal\/#breadcrumb"},"inLanguage":"tr","potentialAction":[{"@type":"ReadAction","target":["https:\/\/distribucionarc.com\/en\/producto\/maquina-profesional-para-leche-vegetal\/"]}]},{"@type":"ImageObject","inLanguage":"tr","@id":"https:\/\/distribucionarc.com\/en\/producto\/maquina-profesional-para-leche-vegetal\/#primaryimage","url":"https:\/\/distribucionarc.com\/wp-content\/uploads\/2020\/07\/M\u00e1quina-profesional-para-leche-vegetal-0.jpg","contentUrl":"https:\/\/distribucionarc.com\/wp-content\/uploads\/2020\/07\/M\u00e1quina-profesional-para-leche-vegetal-0.jpg","width":1600,"height":1600,"caption":"M\u00e1quina profesional para leche vegetal"},{"@type":"BreadcrumbList","@id":"https:\/\/distribucionarc.com\/en\/producto\/maquina-profesional-para-leche-vegetal\/#breadcrumb","itemListElement":[{"@type":"ListItem","position":1,"name":"Portada","item":"https:\/\/www.distribucionarc.com\/en\/"},{"@type":"ListItem","position":2,"name":"Products","item":"https:\/\/www.distribucionarc.com\/en\/shop\/"},{"@type":"ListItem","position":3,"name":"Maquina profesional para leche vegetal"}]},{"@type":"WebSite","@id":"https:\/\/www.distribucionarc.com\/de\/#website","url":"https:\/\/www.distribucionarc.com\/de\/","name":"ARC da\u011f\u0131t\u0131m\u0131","description":"End\u00fcstriyel makinelerin \u00fcretimi ve da\u011f\u0131t\u0131m\u0131 konusunda uzmanla\u015fm\u0131\u015f \u015firket, kutu m\u00fch\u00fcrleme makineleri, tablet yapma makineleri, et kesme makineleri...","publisher":{"@id":"https:\/\/www.distribucionarc.com\/de\/#organization"},"potentialAction":[{"@type":"SearchAction","target":{"@type":"EntryPoint","urlTemplate":"https:\/\/www.distribucionarc.com\/de\/?s={search_term_string}"},"query-input":{"@type":"PropertyValueSpecification","valueRequired":true,"valueName":"search_term_string"}}],"inLanguage":"tr"},{"@type":"Organization","@id":"https:\/\/www.distribucionarc.com\/de\/#organization","name":"ARC Da\u011f\u0131t\u0131m\u0131","url":"https:\/\/www.distribucionarc.com\/de\/","logo":{"@type":"ImageObject","inLanguage":"tr","@id":"https:\/\/www.distribucionarc.com\/de\/#\/schema\/logo\/image\/","url":"https:\/\/distribucionarc.com\/wp-content\/uploads\/2024\/10\/distribucion-ARC-COLOR-SIN-FONDO-e1732295305345.png","contentUrl":"https:\/\/distribucionarc.com\/wp-content\/uploads\/2024\/10\/distribucion-ARC-COLOR-SIN-FONDO-e1732295305345.png","width":1164,"height":558,"caption":"Distribuci\u00f3n ARC"},"image":{"@id":"https:\/\/www.distribucionarc.com\/de\/#\/schema\/logo\/image\/"},"description":"\u015eirket, g\u0131da ve ila\u00e7 sekt\u00f6rleri i\u00e7in end\u00fcstriyel makine \u00fcretimi ve da\u011f\u0131t\u0131m\u0131 konusunda uzmanla\u015fm\u0131\u015ft\u0131r. Uzmanl\u0131k alanlar\u0131m\u0131z Et kesme makineleri Tablet \u00fcretimi End\u00fcstriyel ta\u015f\u0131ma sistemleri \u015ei\u015feleme hatlar\u0131 Dozajlama makineleri Ve \u00e7ok daha fazlas\u0131... \u015eirketinizin \u00fcretim s\u00fcre\u00e7lerini optimize etmek i\u00e7in yenilik\u00e7i ve \u00f6zelle\u015ftirilmi\u015f \u00e7\u00f6z\u00fcmler sunuyoruz.","email":"Admistracion@distribucionarc.com","telephone":"+34 643496664","legalName":"ARC TECH SOLUTIONS","foundingDate":"2024-04-09","vatID":"B55480172","numberOfEmployees":{"@type":"QuantitativeValue","minValue":"1","maxValue":"10"}}]}},"_links":{"self":[{"href":"https:\/\/distribucionarc.com\/tr\/wp-json\/wp\/v2\/product\/1443","targetHints":{"allow":["GET"]}}],"collection":[{"href":"https:\/\/distribucionarc.com\/tr\/wp-json\/wp\/v2\/product"}],"about":[{"href":"https:\/\/distribucionarc.com\/tr\/wp-json\/wp\/v2\/types\/product"}],"replies":[{"embeddable":true,"href":"https:\/\/distribucionarc.com\/tr\/wp-json\/wp\/v2\/comments?post=1443"}],"version-history":[{"count":0,"href":"https:\/\/distribucionarc.com\/tr\/wp-json\/wp\/v2\/product\/1443\/revisions"}],"wp:featuredmedia":[{"embeddable":true,"href":"https:\/\/distribucionarc.com\/tr\/wp-json\/wp\/v2\/media\/1450"}],"wp:attachment":[{"href":"https:\/\/distribucionarc.com\/tr\/wp-json\/wp\/v2\/media?parent=1443"}],"wp:term":[{"taxonomy":"product_brand","embeddable":true,"href":"https:\/\/distribucionarc.com\/tr\/wp-json\/wp\/v2\/product_brand?post=1443"},{"taxonomy":"product_cat","embeddable":true,"href":"https:\/\/distribucionarc.com\/tr\/wp-json\/wp\/v2\/product_cat?post=1443"},{"taxonomy":"product_tag","embeddable":true,"href":"https:\/\/distribucionarc.com\/tr\/wp-json\/wp\/v2\/product_tag?post=1443"}],"curies":[{"name":"wp","href":"https:\/\/api.w.org\/{rel}","templated":true}]}}