{"id":1474,"date":"2020-07-25T09:37:55","date_gmt":"2020-07-25T09:37:55","guid":{"rendered":"https:\/\/distribucionarc.com\/?post_type=product&#038;p=1474"},"modified":"2023-01-06T16:48:38","modified_gmt":"2023-01-06T16:48:38","slug":"patates-kizartmasi-icin-elektrikli-fritoz-2x10l","status":"publish","type":"product","link":"https:\/\/distribucionarc.com\/tr\/producto\/freidora-electrica-para-pescado-frito-patatas-2x10l\/","title":{"rendered":"K\u0131zarm\u0131\u015f Bal\u0131k, Patates i\u00e7in Elektrikli Frit\u00f6z, 2x10L"},"content":{"rendered":"<h2>K\u0131zarm\u0131\u015f Bal\u0131k, Patates i\u00e7in Elektrikli Frit\u00f6z, 2x10L<\/h2>\n<div class=\"icon-body\">\n<div class=\"icon-text\">\n<p>La <strong>elektrikli frit\u00f6z <span style=\"color: #ff0000;\">\u0130LE<\/span><span style=\"color: #0000ff;\">R<\/span>C<\/strong>\u00a0 Sepet i\u00e7inde kalabilecek yiyecek kal\u0131nt\u0131lar\u0131n\u0131, sepetin alt k\u0131sm\u0131nda, so\u011fuk b\u00f6lge denilen b\u00f6lgede birikerek yanmamas\u0131n\u0131 sa\u011flar. Bu sayede ya\u011f do\u011fal lezzetini korur. Ayr\u0131ca ya\u011f\u0131n bo\u015falt\u0131lmas\u0131 da basittir.<\/p>\n<\/div>\n<\/div>\n<div class=\"icon-body\">\n<div class=\"product_icon_voltage svg-icon\"><span style=\"font-size: 16px;\">Y\u00fcksek performans\u0131 sayesinde<\/span><strong style=\"font-size: 16px;\">\u00a0\u0131s\u0131tma eleman\u0131<\/strong><span style=\"font-size: 16px;\"> \u00e7\u0131kar\u0131labilir<strong> 2500<\/strong><\/span><span style=\"font-size: 16px;\">\u00a0<\/span><strong style=\"font-size: 16px;\">vat<\/strong>, ya\u011f\u0131 <strong style=\"font-size: 16px;\">frit\u00f6z<\/strong> H\u0131zla maksimum 200\u00b0C s\u0131cakl\u0131\u011fa ula\u015f\u0131r. Optimum sonu\u00e7lar i\u00e7in y\u00fcksek hassasiyetli termostat, ya\u011f tank\u0131n\u0131n \u0131s\u0131s\u0131n\u0131 sabit bir s\u0131cakl\u0131kta tutar. Frit\u00f6z ile <strong><span style=\"color: #ff0000;\">\u0130LE<\/span><span style=\"color: #0000ff;\">R<\/span>CFE20<\/strong> Bu s\u0131cakl\u0131\u011fa \u00e7ok h\u0131zl\u0131 ula\u015f\u0131l\u0131r ve ak\u0131ll\u0131 elektronik kart sayesinde ya\u011f \u0131s\u0131nd\u0131\u011f\u0131nda elektrik t\u00fcketimi minimumda tutulur. Ya\u011f\u0131n a\u015f\u0131r\u0131 \u0131s\u0131nmas\u0131 veya \u0131s\u0131tma kafas\u0131n\u0131n \u00e7\u0131kar\u0131lmas\u0131 durumunda, bir sigorta \u00fcnitenin ba\u011flant\u0131s\u0131n\u0131 otomatik olarak keser.<\/div>\n<\/div>\n<div class=\"icon-body\">\n<div class=\"product_icon_durable svg-icon\"><\/div>\n<div class=\"icon-text\">\n<p>Modern tasar\u0131ml\u0131 kapak,\u00a0<strong>uzun \u00f6m\u00fcrl\u00fc paslanmaz \u00e7elik<\/strong>, olduk\u00e7a dayan\u0131kl\u0131d\u0131r ve \u00e7\u0131kar\u0131labilir \u0131s\u0131tma eleman\u0131 sayesinde temizlenmesi kolayd\u0131r. Bug\u00fcn g\u00fc\u00e7l\u00fc bir elektrikli frit\u00f6ze karar verin; m\u00fc\u015fterileriniz ve misafirleriniz size te\u015fekk\u00fcr edecek.<\/p>\n<\/div>\n<h6>Garanti<strong><span style=\"color: #ff0000;\"> \u0130LE<\/span><span style=\"color: #0000ff;\">R<\/span>\u00c7 2 YIL<\/strong><\/h6>\n<h6><span style=\"color: #008000;\">Verimli elektrikli frit\u00f6z, d\u00fc\u015f\u00fck t\u00fcketim 2500w<\/span><\/h6>\n<h6>teknik destek dahildir.<\/h6>\n<\/div>\n<p>&nbsp;<\/p>\n<table role=\"presentation\" width=\"100%\" cellspacing=\"0\" cellpadding=\"0\">\n<tbody>\n<tr>\n<td class=\"attrLabels\">S\u0131cakl\u0131k:<\/td>\n<td width=\"50.0%\">60-200\u00b0C<\/td>\n<\/tr>\n<tr>\n<td class=\"attrLabels\">Da\u011f\u0131t\u0131m \u00fclkesi:<\/td>\n<td width=\"50.0%\">\u0130spanya, Almanya, ABD<\/td>\n<td class=\"attrLabels\">A\u011f\u0131rl\u0131k:<\/td>\n<td width=\"50.0%\">25.kg<\/td>\n<\/tr>\n<tr>\n<td class=\"attrLabels\">Marka:<\/td>\n<td width=\"50.0%\">ARK<\/td>\n<td class=\"attrLabels\">Y\u00fckseklik:<\/td>\n<td width=\"50.0%\">49cm<\/td>\n<\/tr>\n<tr>\n<td class=\"attrLabels\">Renk:<\/td>\n<td width=\"50.0%\">G\u00fcm\u00fc\u015f<\/td>\n<td class=\"attrLabels\">Uzun:<\/td>\n<td width=\"50.0%\">57cm<\/td>\n<\/tr>\n<tr>\n<td class=\"attrLabels\">\u00dcr\u00fcn tipi:<\/td>\n<td width=\"50.0%\">ta\u015f f\u0131r\u0131n<\/td>\n<td class=\"attrLabels\">Geni\u015f:<\/td>\n<td width=\"50.0%\">35cm<\/td>\n<\/tr>\n<tr>\n<td class=\"attrLabels\">\u00dcretici numaras\u0131:<\/td>\n<td width=\"50.0%\">ARCFE20<\/td>\n<td class=\"attrLabels\">G\u00fc\u00e7:<\/td>\n<td width=\"50.0%\">5000W<\/td>\n<\/tr>\n<tr>\n<td class=\"attrLabels\">Malzeme:<\/td>\n<td width=\"50.0%\">paslanmaz \u00e7elik, s\u0131cakl\u0131k kontrol\u00fc<\/td>\n<td class=\"attrLabels\">giri\u015f voltaj\u0131<\/td>\n<td width=\"50.0%\">220V \u2013 50Hz<\/td>\n<\/tr>\n<tr>\n<td class=\"attrLabels\">Litre:<\/td>\n<td width=\"50.0%\">10x2<\/td>\n<td class=\"attrLabels\">Garanti:<\/td>\n<td width=\"50.0%\">2 YIL<\/td>\n<\/tr>\n<tr>\n<td class=\"attrLabels\">Kurulum ara\u00e7lar\u0131:<\/td>\n<td width=\"50.0%\">Evet<\/td>\n<td class=\"attrLabels\"><\/td>\n<td width=\"50.0%\"><\/td>\n<\/tr>\n<\/tbody>\n<\/table>\n<p>&nbsp;<\/p>","protected":false},"excerpt":{"rendered":"<h2>K\u0131zarm\u0131\u015f Bal\u0131k, Patates i\u00e7in Elektrikli Frit\u00f6z, 2x10L<\/h2>\n<div class=\"description-row description-text\">\n<p>La<strong> elektrikli frit\u00f6z<\/strong> ile ilgili <strong><span style=\"color: #ff0000;\">\u0130LE<\/span><span style=\"color: #0000ff;\">R<\/span>C<\/strong> Profesyonel kullan\u0131m i\u00e7in tasarlanm\u0131\u015ft\u0131r. Haz\u0131rlamak istedi\u011finiz yemek t\u00fcr\u00fc ne olursa olsun, konforlu bir \u015fekilde lezzetli k\u0131zartmalar haz\u0131rlaman\u0131za olanak sa\u011flar. Restoran\u0131n\u0131z veya bar\u0131n\u0131z i\u00e7in ideal olup ola\u011fan\u00fcst\u00fc gastronomik deneyimler sunman\u0131za olanak sa\u011flayacakt\u0131r.<\/p>\n<\/div>\n<div class=\"product-icon--wrapper\">\n<div class=\"product--icon\">\n<div class=\"icon-body\">\n<div class=\"product_icon_container svg-icon\"><span style=\"font-size: 16px;\">Bu <strong>frit\u00f6z <span style=\"color: #ff0000;\">\u0130LE<\/span><span style=\"color: #0000ff;\">R<\/span>CFE20<\/strong> Maksimum 10 litreye kadar ya\u011f kapasitesine sahiptir ve <\/span><strong style=\"font-size: 16px;\">toplam hacim 20 litre<\/strong><span style=\"font-size: 16px;\">. \u00d6zellikle haz\u0131rlamak i\u00e7in uygun oldu\u011fundan, \u00e7ok y\u00f6nl\u00fc bir \u015fekilde profesyonelce kullanabilirsiniz.\u00a0<\/span><strong style=\"font-size: 16px;\">bal\u0131k<\/strong><span style=\"font-size: 16px;\">, mezeler veya cipsler.<\/span><\/div>\n<\/div>\n<div><\/div>\n<\/div>\n<\/div>\n<div>\n<h6>Garanti<strong><span style=\"color: #ff0000;\"> \u0130LE<\/span><span style=\"color: #0000ff;\">R<\/span>\u00c7 2 YIL<\/strong><\/h6>\n<h6><span style=\"color: #008000;\">Verimli elektrikli frit\u00f6z, d\u00fc\u015f\u00fck t\u00fcketim 2500w<\/span><\/h6>\n<h6>teknik destek dahildir.<\/h6>\n<\/div>","protected":false},"featured_media":1483,"comment_status":"open","ping_status":"closed","template":"","meta":{"wds_primary_product_brand":0,"wds_primary_product_cat":0},"product_brand":[],"product_cat":[38],"product_tag":[],"class_list":{"0":"post-1474","1":"product","2":"type-product","3":"status-publish","4":"has-post-thumbnail","6":"product_cat-freidoras","7":"product_shipping_class-hosteleria","9":"first","10":"instock","11":"taxable","12":"shipping-taxable","13":"purchasable","14":"product-type-simple"},"yoast_head":"<!-- This site is optimized with the Yoast SEO Premium plugin v24.9 (Yoast SEO v26.1) - https:\/\/yoast.com\/wordpress\/plugins\/seo\/ -->\n<title>Freidora el\u00e9ctrica para pescado frito, patatas, 2x10L - distribuci\u00f3n ARC<\/title>\n<meta name=\"robots\" content=\"index, follow, max-snippet:-1, max-image-preview:large, max-video-preview:-1\" \/>\n<link rel=\"canonical\" href=\"https:\/\/www.distribucionarc.com\/en\/producto\/freidora-electrica-para-pescado-frito-patatas-2x10l\/\" \/>\n<meta property=\"og:locale\" content=\"tr_TR\" \/>\n<meta property=\"og:type\" content=\"article\" \/>\n<meta property=\"og:title\" content=\"Freidora el\u00e9ctrica para pescado frito, patatas, 2x10L\" \/>\n<meta property=\"og:description\" content=\"Freidora el\u00e9ctrica para pescado frito, patatas, 2x10L   La freidora el\u00e9ctrica de ARC est\u00e1 dise\u00f1ada para uso profesional. le permite preparar fritura deliciosa de manera c\u00f3moda independientemente del tipo de platos que desees preparar. Ideal para tu restaurante o bar, te permitir\u00e1 ofrecer extraordinarias experiencias gastron\u00f3micas.      Esta freidora ARCFE20 tiene una capacidad m\u00e1xima de aceite de hasta 10 litros y un volumen total de 20 litros. Podr\u00e1s utilizarla profesionalmente de manera muy vers\u00e1til, siendo especialmente adecuada para preparar\u00a0pescado, aperitivos o patatas fritas.      Garant\u00eda ARC 2 A\u00d1OS Freidora el\u00e9ctrica eficiente, bajo consumo 2500w soporte t\u00e9cnico\u00a0incluido.\" \/>\n<meta property=\"og:url\" content=\"https:\/\/www.distribucionarc.com\/en\/producto\/freidora-electrica-para-pescado-frito-patatas-2x10l\/\" \/>\n<meta property=\"og:site_name\" content=\"distribuci\u00f3n ARC\" \/>\n<meta property=\"article:modified_time\" content=\"2023-01-06T16:48:38+00:00\" \/>\n<meta property=\"og:image\" content=\"https:\/\/distribucionarc.com\/wp-content\/uploads\/2020\/07\/Freidora-el\u00e9ctrica-para-pescado-frito-patatas-2x-10L-0.jpg\" \/>\n\t<meta property=\"og:image:width\" content=\"1600\" \/>\n\t<meta property=\"og:image:height\" content=\"1600\" \/>\n\t<meta property=\"og:image:type\" content=\"image\/jpeg\" \/>\n<meta name=\"twitter:card\" content=\"summary_large_image\" \/>\n<meta name=\"twitter:label1\" content=\"Tahmini okuma s\u00fcresi\" \/>\n\t<meta name=\"twitter:data1\" content=\"1 dakika\" \/>\n<script type=\"application\/ld+json\" class=\"yoast-schema-graph\">{\"@context\":\"https:\/\/schema.org\",\"@graph\":[{\"@type\":\"WebPage\",\"@id\":\"https:\/\/www.distribucionarc.com\/en\/producto\/freidora-electrica-para-pescado-frito-patatas-2x10l\/\",\"url\":\"https:\/\/www.distribucionarc.com\/en\/producto\/freidora-electrica-para-pescado-frito-patatas-2x10l\/\",\"name\":\"Freidora el\u00e9ctrica para pescado frito, patatas, 2x10L - distribuci\u00f3n ARC\",\"isPartOf\":{\"@id\":\"https:\/\/www.distribucionarc.com\/tr\/#website\"},\"primaryImageOfPage\":{\"@id\":\"https:\/\/www.distribucionarc.com\/en\/producto\/freidora-electrica-para-pescado-frito-patatas-2x10l\/#primaryimage\"},\"image\":{\"@id\":\"https:\/\/www.distribucionarc.com\/en\/producto\/freidora-electrica-para-pescado-frito-patatas-2x10l\/#primaryimage\"},\"thumbnailUrl\":\"https:\/\/distribucionarc.com\/wp-content\/uploads\/2020\/07\/Freidora-el\u00e9ctrica-para-pescado-frito-patatas-2x-10L-0.jpg\",\"datePublished\":\"2020-07-25T09:37:55+00:00\",\"dateModified\":\"2023-01-06T16:48:38+00:00\",\"breadcrumb\":{\"@id\":\"https:\/\/www.distribucionarc.com\/en\/producto\/freidora-electrica-para-pescado-frito-patatas-2x10l\/#breadcrumb\"},\"inLanguage\":\"tr\",\"potentialAction\":[{\"@type\":\"ReadAction\",\"target\":[\"https:\/\/www.distribucionarc.com\/en\/producto\/freidora-electrica-para-pescado-frito-patatas-2x10l\/\"]}]},{\"@type\":\"ImageObject\",\"inLanguage\":\"tr\",\"@id\":\"https:\/\/www.distribucionarc.com\/en\/producto\/freidora-electrica-para-pescado-frito-patatas-2x10l\/#primaryimage\",\"url\":\"https:\/\/distribucionarc.com\/wp-content\/uploads\/2020\/07\/Freidora-el\u00e9ctrica-para-pescado-frito-patatas-2x-10L-0.jpg\",\"contentUrl\":\"https:\/\/distribucionarc.com\/wp-content\/uploads\/2020\/07\/Freidora-el\u00e9ctrica-para-pescado-frito-patatas-2x-10L-0.jpg\",\"width\":1600,\"height\":1600,\"caption\":\"Freidora el\u00e9ctrica para pescado frito patatas 2x10L\"},{\"@type\":\"BreadcrumbList\",\"@id\":\"https:\/\/www.distribucionarc.com\/en\/producto\/freidora-electrica-para-pescado-frito-patatas-2x10l\/#breadcrumb\",\"itemListElement\":[{\"@type\":\"ListItem\",\"position\":1,\"name\":\"Portada\",\"item\":\"https:\/\/www.distribucionarc.com\/tr\/\"},{\"@type\":\"ListItem\",\"position\":2,\"name\":\"Produktai\",\"item\":\"https:\/\/distribucionarc.com\/lt\/parduotuve\/\"},{\"@type\":\"ListItem\",\"position\":3,\"name\":\"Freidora el\u00e9ctrica para pescado frito, patatas, 2x10L\"}]},{\"@type\":\"WebSite\",\"@id\":\"https:\/\/www.distribucionarc.com\/tr\/#website\",\"url\":\"https:\/\/www.distribucionarc.com\/tr\/\",\"name\":\"distribuci\u00f3n ARC\",\"description\":\"Empresa especializada en la fabricaci\u00f3n y distribuci\u00f3n de maquinaria industrial, selladoras de latas, Maquinas de hacer pastillas, Maquinas de cortar carne...\",\"publisher\":{\"@id\":\"https:\/\/www.distribucionarc.com\/tr\/#organization\"},\"potentialAction\":[{\"@type\":\"SearchAction\",\"target\":{\"@type\":\"EntryPoint\",\"urlTemplate\":\"https:\/\/www.distribucionarc.com\/tr\/?s={search_term_string}\"},\"query-input\":{\"@type\":\"PropertyValueSpecification\",\"valueRequired\":true,\"valueName\":\"search_term_string\"}}],\"inLanguage\":\"tr\"},{\"@type\":\"Organization\",\"@id\":\"https:\/\/www.distribucionarc.com\/tr\/#organization\",\"name\":\"Distribuci\u00f3n ARC\",\"url\":\"https:\/\/www.distribucionarc.com\/tr\/\",\"logo\":{\"@type\":\"ImageObject\",\"inLanguage\":\"tr\",\"@id\":\"https:\/\/www.distribucionarc.com\/tr\/#\/schema\/logo\/image\/\",\"url\":\"https:\/\/distribucionarc.com\/wp-content\/uploads\/2024\/10\/distribucion-ARC-COLOR-SIN-FONDO-e1732295305345.png\",\"contentUrl\":\"https:\/\/distribucionarc.com\/wp-content\/uploads\/2024\/10\/distribucion-ARC-COLOR-SIN-FONDO-e1732295305345.png\",\"width\":1164,\"height\":558,\"caption\":\"Distribuci\u00f3n ARC\"},\"image\":{\"@id\":\"https:\/\/www.distribucionarc.com\/tr\/#\/schema\/logo\/image\/\"},\"description\":\"Empresa especializada en la fabricaci\u00f3n y distribuci\u00f3n de maquinaria industrial para los sectores alimentario y farmac\u00e9utico. Nos especializamos en: M\u00e1quinas de cortar carne Fabricaci\u00f3n de comprimidos Sistemas de transporte industrial L\u00edneas de embotellado Dosificadores Y mucho m\u00e1s... Ofrecemos soluciones innovadoras y personalizadas para optimizar los procesos productivos de tu empresa.\",\"email\":\"Admistracion@distribucionarc.com\",\"telephone\":\"+34 643496664\",\"legalName\":\"ARC TECH SOLUTIONS\",\"foundingDate\":\"2024-04-09\",\"vatID\":\"B55480172\",\"numberOfEmployees\":{\"@type\":\"QuantitativeValue\",\"minValue\":\"1\",\"maxValue\":\"10\"}}]}<\/script>\n<!-- \/ Yoast SEO Premium plugin. -->","yoast_head_json":{"title":"K\u0131zarm\u0131\u015f bal\u0131k, patates i\u00e7in elektrikli frit\u00f6z, 2x10L - ARC distribution","robots":{"index":"index","follow":"follow","max-snippet":"max-snippet:-1","max-image-preview":"max-image-preview:large","max-video-preview":"max-video-preview:-1"},"canonical":"https:\/\/www.distribucionarc.com\/en\/producto\/freidora-electrica-para-pescado-frito-patatas-2x10l\/","og_locale":"tr_TR","og_type":"article","og_title":"Freidora el\u00e9ctrica para pescado frito, patatas, 2x10L","og_description":"Freidora el\u00e9ctrica para pescado frito, patatas, 2x10L   La freidora el\u00e9ctrica de ARC est\u00e1 dise\u00f1ada para uso profesional. le permite preparar fritura deliciosa de manera c\u00f3moda independientemente del tipo de platos que desees preparar. Ideal para tu restaurante o bar, te permitir\u00e1 ofrecer extraordinarias experiencias gastron\u00f3micas.      Esta freidora ARCFE20 tiene una capacidad m\u00e1xima de aceite de hasta 10 litros y un volumen total de 20 litros. Podr\u00e1s utilizarla profesionalmente de manera muy vers\u00e1til, siendo especialmente adecuada para preparar\u00a0pescado, aperitivos o patatas fritas.      Garant\u00eda ARC 2 A\u00d1OS Freidora el\u00e9ctrica eficiente, bajo consumo 2500w soporte t\u00e9cnico\u00a0incluido.","og_url":"https:\/\/www.distribucionarc.com\/en\/producto\/freidora-electrica-para-pescado-frito-patatas-2x10l\/","og_site_name":"distribuci\u00f3n ARC","article_modified_time":"2023-01-06T16:48:38+00:00","og_image":[{"width":1600,"height":1600,"url":"https:\/\/distribucionarc.com\/wp-content\/uploads\/2020\/07\/Freidora-el\u00e9ctrica-para-pescado-frito-patatas-2x-10L-0.jpg","type":"image\/jpeg"}],"twitter_card":"summary_large_image","twitter_misc":{"Tahmini okuma s\u00fcresi":"1 dakika"},"schema":{"@context":"https:\/\/schema.org","@graph":[{"@type":"WebPage","@id":"https:\/\/www.distribucionarc.com\/en\/producto\/freidora-electrica-para-pescado-frito-patatas-2x10l\/","url":"https:\/\/www.distribucionarc.com\/en\/producto\/freidora-electrica-para-pescado-frito-patatas-2x10l\/","name":"K\u0131zarm\u0131\u015f bal\u0131k, patates i\u00e7in elektrikli frit\u00f6z, 2x10L - ARC distribution","isPartOf":{"@id":"https:\/\/www.distribucionarc.com\/tr\/#website"},"primaryImageOfPage":{"@id":"https:\/\/www.distribucionarc.com\/en\/producto\/freidora-electrica-para-pescado-frito-patatas-2x10l\/#primaryimage"},"image":{"@id":"https:\/\/www.distribucionarc.com\/en\/producto\/freidora-electrica-para-pescado-frito-patatas-2x10l\/#primaryimage"},"thumbnailUrl":"https:\/\/distribucionarc.com\/wp-content\/uploads\/2020\/07\/Freidora-el\u00e9ctrica-para-pescado-frito-patatas-2x-10L-0.jpg","datePublished":"2020-07-25T09:37:55+00:00","dateModified":"2023-01-06T16:48:38+00:00","breadcrumb":{"@id":"https:\/\/www.distribucionarc.com\/en\/producto\/freidora-electrica-para-pescado-frito-patatas-2x10l\/#breadcrumb"},"inLanguage":"tr","potentialAction":[{"@type":"ReadAction","target":["https:\/\/www.distribucionarc.com\/en\/producto\/freidora-electrica-para-pescado-frito-patatas-2x10l\/"]}]},{"@type":"ImageObject","inLanguage":"tr","@id":"https:\/\/www.distribucionarc.com\/en\/producto\/freidora-electrica-para-pescado-frito-patatas-2x10l\/#primaryimage","url":"https:\/\/distribucionarc.com\/wp-content\/uploads\/2020\/07\/Freidora-el\u00e9ctrica-para-pescado-frito-patatas-2x-10L-0.jpg","contentUrl":"https:\/\/distribucionarc.com\/wp-content\/uploads\/2020\/07\/Freidora-el\u00e9ctrica-para-pescado-frito-patatas-2x-10L-0.jpg","width":1600,"height":1600,"caption":"Freidora el\u00e9ctrica para pescado frito patatas 2x10L"},{"@type":"BreadcrumbList","@id":"https:\/\/www.distribucionarc.com\/en\/producto\/freidora-electrica-para-pescado-frito-patatas-2x10l\/#breadcrumb","itemListElement":[{"@type":"ListItem","position":1,"name":"Portada","item":"https:\/\/www.distribucionarc.com\/tr\/"},{"@type":"ListItem","position":2,"name":"Produktai","item":"https:\/\/distribucionarc.com\/lt\/parduotuve\/"},{"@type":"ListItem","position":3,"name":"Freidora el\u00e9ctrica para pescado frito, patatas, 2x10L"}]},{"@type":"WebSite","@id":"https:\/\/www.distribucionarc.com\/tr\/#website","url":"https:\/\/www.distribucionarc.com\/tr\/","name":"ARC da\u011f\u0131t\u0131m\u0131","description":"End\u00fcstriyel makinelerin \u00fcretimi ve da\u011f\u0131t\u0131m\u0131 konusunda uzmanla\u015fm\u0131\u015f \u015firket, kutu m\u00fch\u00fcrleme makineleri, tablet yapma makineleri, et kesme makineleri...","publisher":{"@id":"https:\/\/www.distribucionarc.com\/tr\/#organization"},"potentialAction":[{"@type":"SearchAction","target":{"@type":"EntryPoint","urlTemplate":"https:\/\/www.distribucionarc.com\/tr\/?s={search_term_string}"},"query-input":{"@type":"PropertyValueSpecification","valueRequired":true,"valueName":"search_term_string"}}],"inLanguage":"tr"},{"@type":"Organization","@id":"https:\/\/www.distribucionarc.com\/tr\/#organization","name":"ARC Da\u011f\u0131t\u0131m\u0131","url":"https:\/\/www.distribucionarc.com\/tr\/","logo":{"@type":"ImageObject","inLanguage":"tr","@id":"https:\/\/www.distribucionarc.com\/tr\/#\/schema\/logo\/image\/","url":"https:\/\/distribucionarc.com\/wp-content\/uploads\/2024\/10\/distribucion-ARC-COLOR-SIN-FONDO-e1732295305345.png","contentUrl":"https:\/\/distribucionarc.com\/wp-content\/uploads\/2024\/10\/distribucion-ARC-COLOR-SIN-FONDO-e1732295305345.png","width":1164,"height":558,"caption":"Distribuci\u00f3n ARC"},"image":{"@id":"https:\/\/www.distribucionarc.com\/tr\/#\/schema\/logo\/image\/"},"description":"\u015eirket, g\u0131da ve ila\u00e7 sekt\u00f6rleri i\u00e7in end\u00fcstriyel makine \u00fcretimi ve da\u011f\u0131t\u0131m\u0131 konusunda uzmanla\u015fm\u0131\u015ft\u0131r. Uzmanl\u0131k alanlar\u0131m\u0131z Et kesme makineleri Tablet \u00fcretimi End\u00fcstriyel ta\u015f\u0131ma sistemleri \u015ei\u015feleme hatlar\u0131 Dozajlama makineleri Ve \u00e7ok daha fazlas\u0131... \u015eirketinizin \u00fcretim s\u00fcre\u00e7lerini optimize etmek i\u00e7in yenilik\u00e7i ve \u00f6zelle\u015ftirilmi\u015f \u00e7\u00f6z\u00fcmler sunuyoruz.","email":"Admistracion@distribucionarc.com","telephone":"+34 643496664","legalName":"ARC TECH SOLUTIONS","foundingDate":"2024-04-09","vatID":"B55480172","numberOfEmployees":{"@type":"QuantitativeValue","minValue":"1","maxValue":"10"}}]}},"_links":{"self":[{"href":"https:\/\/distribucionarc.com\/tr\/wp-json\/wp\/v2\/product\/1474","targetHints":{"allow":["GET"]}}],"collection":[{"href":"https:\/\/distribucionarc.com\/tr\/wp-json\/wp\/v2\/product"}],"about":[{"href":"https:\/\/distribucionarc.com\/tr\/wp-json\/wp\/v2\/types\/product"}],"replies":[{"embeddable":true,"href":"https:\/\/distribucionarc.com\/tr\/wp-json\/wp\/v2\/comments?post=1474"}],"version-history":[{"count":0,"href":"https:\/\/distribucionarc.com\/tr\/wp-json\/wp\/v2\/product\/1474\/revisions"}],"wp:featuredmedia":[{"embeddable":true,"href":"https:\/\/distribucionarc.com\/tr\/wp-json\/wp\/v2\/media\/1483"}],"wp:attachment":[{"href":"https:\/\/distribucionarc.com\/tr\/wp-json\/wp\/v2\/media?parent=1474"}],"wp:term":[{"taxonomy":"product_brand","embeddable":true,"href":"https:\/\/distribucionarc.com\/tr\/wp-json\/wp\/v2\/product_brand?post=1474"},{"taxonomy":"product_cat","embeddable":true,"href":"https:\/\/distribucionarc.com\/tr\/wp-json\/wp\/v2\/product_cat?post=1474"},{"taxonomy":"product_tag","embeddable":true,"href":"https:\/\/distribucionarc.com\/tr\/wp-json\/wp\/v2\/product_tag?post=1474"}],"curies":[{"name":"wp","href":"https:\/\/api.w.org\/{rel}","templated":true}]}}