{"id":1495,"date":"2020-07-25T13:22:21","date_gmt":"2020-07-25T13:22:21","guid":{"rendered":"https:\/\/distribucionarc.com\/?post_type=product&#038;p=1495"},"modified":"2020-09-27T10:00:40","modified_gmt":"2020-09-27T10:00:40","slug":"sigara-icen-barbeku-profesyonel","status":"publish","type":"product","link":"https:\/\/distribucionarc.com\/tr\/producto\/ahumador-barbacoa-profesional\/","title":{"rendered":"Profesyonel barbek\u00fc i\u00e7ici"},"content":{"rendered":"<h3>Profesyonel barbek\u00fc i\u00e7ici<\/h3>\n<p>Bu <strong>elektrikli barbek\u00fc<\/strong> ile ilgili<strong><span style=\"color: red;\"> \u0130LE<\/span><span style=\"color: blue;\">R<\/span>C<\/strong> \u00c7ok dayan\u0131kl\u0131 ve en iyi g\u0131da s\u0131n\u0131f\u0131 paslanmaz \u00e7elikten yap\u0131lm\u0131\u015ft\u0131r. Verimli motoru <strong><span style=\"color: green;\">enerji t\u00fcketiminden tasarruf etmenize yard\u0131mc\u0131 olacakt\u0131r.<\/span><\/strong><\/p>\n<p>Bununla <strong>elektrikli sigara i\u00e7en <span style=\"color: red;\">\u0130LE<\/span><span style=\"color: blue;\">R<\/span>CBAP01<\/strong> Yemeklerinize benzersiz bir dokunu\u015f katmak i\u00e7in ayn\u0131 anda hem yemek pi\u015firip hem de t\u00fcts\u00fcleyebilirsiniz, kullan\u0131m\u0131 kolayd\u0131r; Sadece barbek\u00fcy\u00fc ba\u011flay\u0131n, \u0131s\u0131tma eleman\u0131n\u0131 a\u00e7\u0131n, hepsi bu.<\/p>\n<p>A\u00e7abilirsiniz <strong>ARC elektrikli sigara i\u00e7ici<\/strong> Daha s\u00fcrekli kontrol i\u00e7in, \u00fc\u00e7 adet 40 x 25 cm krom raf bol miktarda alan sunarken \u00fc\u00e7 kanca da sosis, jambon vb. asman\u0131za olanak tan\u0131r. \u00c7\u0131kar\u0131labilir damlama tepsisi yo\u011fu\u015fmay\u0131 ve gresi toplayarak temizli\u011fi kolayla\u015ft\u0131r\u0131r. Elektrikli t\u00fcts\u00fcleme cihaz\u0131n\u0131n arka k\u0131sm\u0131nda bulunan havaland\u0131rma kap\u0131s\u0131 sayesinde duman yo\u011funlu\u011fu rahatl\u0131kla ayarlanabilmektedir.<\/p>\n<h6><\/h6>\n<h6><strong>Garanti\u00a0<span style=\"color: #ff0000;\">\u0130LE<\/span><span style=\"color: #0000ff;\">R<\/span>\u00c7 2 YIL<\/strong><\/h6>\n<h6><span style=\"color: #008000;\">Verimli elektrikli barbek\u00fc i\u00e7icisi, d\u00fc\u015f\u00fck t\u00fcketim 1400w<\/span><\/h6>\n<h6><strong>teknik destek dahil<\/strong><\/h6>\n<p>&nbsp;<\/p>\n<table role=\"presentation\" width=\"100%\" cellspacing=\"0\" cellpadding=\"0\">\n<tbody>\n<tr>\n<td class=\"attrLabels\">S\u0131cakl\u0131k:<\/td>\n<td width=\"50.0%\">50-300\u00b0C<\/td>\n<\/tr>\n<tr>\n<td class=\"attrLabels\">Da\u011f\u0131t\u0131m \u00fclkesi:<\/td>\n<td width=\"50.0%\">\u0130spanya, Almanya, ABD<\/td>\n<td class=\"attrLabels\">A\u011f\u0131rl\u0131k:<\/td>\n<td width=\"50.0%\">13,5 kg<\/td>\n<\/tr>\n<tr>\n<td class=\"attrLabels\">Marka:<\/td>\n<td width=\"50.0%\">ARK<\/td>\n<td class=\"attrLabels\">Y\u00fckseklik:<\/td>\n<td width=\"50.0%\">74cm<\/td>\n<\/tr>\n<tr>\n<td class=\"attrLabels\">Renk:<\/td>\n<td width=\"50.0%\">G\u00fcm\u00fc\u015f<\/td>\n<td class=\"attrLabels\">Uzun:<\/td>\n<td width=\"50.0%\">54cm<\/td>\n<\/tr>\n<tr>\n<td class=\"attrLabels\">\u00dcr\u00fcn tipi:<\/td>\n<td width=\"50.0%\">\u00a0elektrikli mutfak kalbur<\/td>\n<td class=\"attrLabels\">Geni\u015f:<\/td>\n<td width=\"50.0%\">45cm<\/td>\n<\/tr>\n<tr>\n<td class=\"attrLabels\">\u00dcretici numaras\u0131:<\/td>\n<td width=\"50.0%\">ARCBAP01<\/td>\n<td class=\"attrLabels\">i\u00e7 boyutlar:<\/td>\n<td width=\"50.0%\">45x57,5x29 cm<\/td>\n<\/tr>\n<tr>\n<td class=\"attrLabels\">Malzeme:<\/td>\n<td width=\"50.0%\">paslanmaz \u00e7elik, \u0131zgara, s\u0131cakl\u0131k kontrol\u00fc<\/td>\n<td class=\"attrLabels\">Giri\u015f voltaj\u0131:<\/td>\n<td width=\"50.0%\">220V \u2013 50Hz<\/td>\n<\/tr>\n<tr>\n<td class=\"attrLabels\">Seviyeler:<\/td>\n<td width=\"50.0%\">3 art\u0131 3 kanca se\u00e7ene\u011fi<\/td>\n<td class=\"attrLabels\">\u00a0G\u00fc\u00e7:<\/td>\n<td width=\"50.0%\">1400W<\/td>\n<\/tr>\n<tr>\n<td class=\"attrLabels\">Demir boyutu:<\/td>\n<td width=\"50.0%\">40x25cm<\/td>\n<td class=\"attrLabels\">Garanti:<\/td>\n<td width=\"50.0%\">2 YIL<\/td>\n<\/tr>\n<\/tbody>\n<\/table>","protected":false},"excerpt":{"rendered":"<h2>Profesyonel barbek\u00fc i\u00e7ici<\/h2>\n<p>Bu<strong> elektrikli barbek\u00fc <\/strong>yemeklerinize ekstra bir lezzet katman\u0131za yard\u0131mc\u0131 olacak,<strong> Elektrikli barbek\u00fc sigara i\u00e7ici <span style=\"color: #ff0000;\">\u0130LE<\/span><span style=\"color: #0000ff;\">R<\/span>C<\/strong> Bal\u0131klar\u0131, etleri, sosisleri, tofular\u0131, sebzeleri vb. nazik\u00e7e k\u0131zartmak i\u00e7in 1400 W g\u00fcce sahiptir.<\/p>\n<p>Haz\u0131rlama ve ate\u015flemenin kolay kullan\u0131m\u0131 <strong>elektrikli sigara i\u00e7en<\/strong> M\u00fc\u015fterilerinizin, otantik bir k\u0131zartman\u0131n pi\u015fmesini ve lezzetini koruyan enfes yemeklerin tad\u0131n\u0131 \u00e7\u0131karabilmesi i\u00e7in zamandan tasarruf etmenize yard\u0131mc\u0131 olacakt\u0131r. En iyi g\u0131da s\u0131n\u0131f\u0131 paslanmaz \u00e7elikten yap\u0131lm\u0131\u015ft\u0131r.  Bu<strong> elektrikli barbek\u00fc<\/strong> <span style=\"color: #ff0000;\"><strong>\u0130LE<\/strong><\/span><span style=\"color: #0000ff;\"><strong>R<\/strong><\/span><strong>CBAP01<\/strong> Bulundu\u011funuz yeri di\u011ferlerinden farkl\u0131 k\u0131lacakt\u0131r. Arkas\u0131nda havaland\u0131rma kap\u0131s\u0131, kap\u0131s\u0131nda 300\u00b0C&#039;ye kadar termometre ve \u00fcst k\u0131sm\u0131nda ta\u015f\u0131ma sap\u0131 bulunmaktad\u0131r.<\/p>\n<h6><strong>Garanti\u00a0<span style=\"color: #ff0000;\">\u0130LE<\/span><span style=\"color: #0000ff;\">R<\/span>\u00c7 2 YIL<\/strong><\/h6>\n<h6><span style=\"color: #008000;\">Verimli elektrikli barbek\u00fc i\u00e7icisi, d\u00fc\u015f\u00fck t\u00fcketim 1400w<\/span><\/h6>\n<h6><strong>teknik destek dahil<\/strong><\/h6>\n<p>&nbsp;<\/p>","protected":false},"featured_media":1499,"comment_status":"open","ping_status":"closed","template":"","meta":{"wds_primary_product_brand":0,"wds_primary_product_cat":0},"product_brand":[],"product_cat":[60],"product_tag":[],"class_list":{"0":"post-1495","1":"product","2":"type-product","3":"status-publish","4":"has-post-thumbnail","6":"product_cat-ahumadores-profesionales","7":"product_shipping_class-hosteleria","9":"first","10":"instock","11":"sale","12":"taxable","13":"shipping-taxable","14":"purchasable","15":"product-type-simple"},"yoast_head":"<!-- This site is optimized with the Yoast SEO Premium plugin v24.9 (Yoast SEO v26.1) - https:\/\/yoast.com\/wordpress\/plugins\/seo\/ -->\n<title>Ahumador barbacoa profesional - distribuci\u00f3n ARC<\/title>\n<meta name=\"robots\" content=\"index, follow, max-snippet:-1, max-image-preview:large, max-video-preview:-1\" \/>\n<link rel=\"canonical\" href=\"https:\/\/distribucionarc.com\/tr\/urun\/sigara-icen-barbeku-profesyonel\/\" \/>\n<meta property=\"og:locale\" content=\"tr_TR\" \/>\n<meta property=\"og:type\" content=\"article\" \/>\n<meta property=\"og:title\" content=\"Ahumador barbacoa profesional\" \/>\n<meta property=\"og:description\" content=\"Ahumador barbacoa profesional Esta barbacoa el\u00e9ctrica le ayudar\u00e1 a darle un punto extra de sabor a su cocina, el Ahumador barbacoa el\u00e9ctrica ARC cuenta con 1400W de potencia para asar suavemente pescados, carnes, embutidos, tofu, verduras, etc.  El f\u00e1cil manejo de preparaci\u00f3n y encendido del ahumador el\u00e9ctrico le ayudar\u00e1 a ahorrar tiempo para que sus clientes disfruten de unos exquisitos platos que conservan la cocci\u00f3n y sabor de un aut\u00e9ntico asado. Hecho del acero inoxidable de la mejor calidad alimentaria. \u00a0Esta barbacoa el\u00e9ctrica ARCBAP01 har\u00e1 que tu local sea diferente de los dem\u00e1s.\u00a0Dispone de puerta de ventilaci\u00f3n en la parte posterior, term\u00f3metro de hasta 300\u00baC en la puerta y asa de transporte en la parte superior Garant\u00eda\u00a0ARC 2 A\u00d1OS Ahumador barbacoa el\u00e9ctrico eficiente, bajo consumo 1400w soporte t\u00e9cnico\u00a0incluido &nbsp;\" \/>\n<meta property=\"og:url\" content=\"https:\/\/distribucionarc.com\/tr\/urun\/sigara-icen-barbeku-profesyonel\/\" \/>\n<meta property=\"og:site_name\" content=\"distribuci\u00f3n ARC\" \/>\n<meta property=\"article:modified_time\" content=\"2020-09-27T10:00:40+00:00\" \/>\n<meta property=\"og:image\" content=\"https:\/\/distribucionarc.com\/wp-content\/uploads\/2020\/07\/Ahumador-barbacoa-profesional-0.jpg\" \/>\n\t<meta property=\"og:image:width\" content=\"1500\" \/>\n\t<meta property=\"og:image:height\" content=\"1500\" \/>\n\t<meta property=\"og:image:type\" content=\"image\/jpeg\" \/>\n<meta name=\"twitter:card\" content=\"summary_large_image\" \/>\n<meta name=\"twitter:label1\" content=\"Tahmini okuma s\u00fcresi\" \/>\n\t<meta name=\"twitter:data1\" content=\"1 dakika\" \/>\n<script type=\"application\/ld+json\" class=\"yoast-schema-graph\">{\"@context\":\"https:\/\/schema.org\",\"@graph\":[{\"@type\":\"WebPage\",\"@id\":\"https:\/\/distribucionarc.com\/lt\/producto\/ahumador-barbacoa-profesional\/\",\"url\":\"https:\/\/distribucionarc.com\/lt\/producto\/ahumador-barbacoa-profesional\/\",\"name\":\"Ahumador barbacoa profesional - distribuci\u00f3n ARC\",\"isPartOf\":{\"@id\":\"https:\/\/distribucionarc.com\/ro\/#website\"},\"primaryImageOfPage\":{\"@id\":\"https:\/\/distribucionarc.com\/lt\/producto\/ahumador-barbacoa-profesional\/#primaryimage\"},\"image\":{\"@id\":\"https:\/\/distribucionarc.com\/lt\/producto\/ahumador-barbacoa-profesional\/#primaryimage\"},\"thumbnailUrl\":\"https:\/\/distribucionarc.com\/wp-content\/uploads\/2020\/07\/Ahumador-barbacoa-profesional-0.jpg\",\"datePublished\":\"2020-07-25T13:22:21+00:00\",\"dateModified\":\"2020-09-27T10:00:40+00:00\",\"breadcrumb\":{\"@id\":\"https:\/\/distribucionarc.com\/lt\/producto\/ahumador-barbacoa-profesional\/#breadcrumb\"},\"inLanguage\":\"tr\",\"potentialAction\":[{\"@type\":\"ReadAction\",\"target\":[\"https:\/\/distribucionarc.com\/lt\/producto\/ahumador-barbacoa-profesional\/\"]}]},{\"@type\":\"ImageObject\",\"inLanguage\":\"tr\",\"@id\":\"https:\/\/distribucionarc.com\/lt\/producto\/ahumador-barbacoa-profesional\/#primaryimage\",\"url\":\"https:\/\/distribucionarc.com\/wp-content\/uploads\/2020\/07\/Ahumador-barbacoa-profesional-0.jpg\",\"contentUrl\":\"https:\/\/distribucionarc.com\/wp-content\/uploads\/2020\/07\/Ahumador-barbacoa-profesional-0.jpg\",\"width\":1500,\"height\":1500,\"caption\":\"Ahumador barbacoa profesional\"},{\"@type\":\"BreadcrumbList\",\"@id\":\"https:\/\/distribucionarc.com\/lt\/producto\/ahumador-barbacoa-profesional\/#breadcrumb\",\"itemListElement\":[{\"@type\":\"ListItem\",\"position\":1,\"name\":\"Portada\",\"item\":\"https:\/\/distribucionarc.com\/ar\/\"},{\"@type\":\"ListItem\",\"position\":2,\"name\":\"Proizvodi\",\"item\":\"https:\/\/www.distribucionarc.com\/hr\/ducan\/\"},{\"@type\":\"ListItem\",\"position\":3,\"name\":\"Ahumador barbacoa profesional\"}]},{\"@type\":\"WebSite\",\"@id\":\"https:\/\/distribucionarc.com\/ro\/#website\",\"url\":\"https:\/\/distribucionarc.com\/ro\/\",\"name\":\"distribuci\u00f3n ARC\",\"description\":\"Empresa especializada en la fabricaci\u00f3n y distribuci\u00f3n de maquinaria industrial, selladoras de latas, Maquinas de hacer pastillas, Maquinas de cortar carne...\",\"publisher\":{\"@id\":\"https:\/\/distribucionarc.com\/ro\/#organization\"},\"potentialAction\":[{\"@type\":\"SearchAction\",\"target\":{\"@type\":\"EntryPoint\",\"urlTemplate\":\"https:\/\/distribucionarc.com\/ro\/?s={search_term_string}\"},\"query-input\":{\"@type\":\"PropertyValueSpecification\",\"valueRequired\":true,\"valueName\":\"search_term_string\"}}],\"inLanguage\":\"tr\"},{\"@type\":\"Organization\",\"@id\":\"https:\/\/distribucionarc.com\/ro\/#organization\",\"name\":\"Distribuci\u00f3n ARC\",\"url\":\"https:\/\/distribucionarc.com\/ro\/\",\"logo\":{\"@type\":\"ImageObject\",\"inLanguage\":\"tr\",\"@id\":\"https:\/\/distribucionarc.com\/ro\/#\/schema\/logo\/image\/\",\"url\":\"https:\/\/distribucionarc.com\/wp-content\/uploads\/2024\/10\/distribucion-ARC-COLOR-SIN-FONDO-e1732295305345.png\",\"contentUrl\":\"https:\/\/distribucionarc.com\/wp-content\/uploads\/2024\/10\/distribucion-ARC-COLOR-SIN-FONDO-e1732295305345.png\",\"width\":1164,\"height\":558,\"caption\":\"Distribuci\u00f3n ARC\"},\"image\":{\"@id\":\"https:\/\/distribucionarc.com\/ro\/#\/schema\/logo\/image\/\"},\"description\":\"Empresa especializada en la fabricaci\u00f3n y distribuci\u00f3n de maquinaria industrial para los sectores alimentario y farmac\u00e9utico. Nos especializamos en: M\u00e1quinas de cortar carne Fabricaci\u00f3n de comprimidos Sistemas de transporte industrial L\u00edneas de embotellado Dosificadores Y mucho m\u00e1s... Ofrecemos soluciones innovadoras y personalizadas para optimizar los procesos productivos de tu empresa.\",\"email\":\"Admistracion@distribucionarc.com\",\"telephone\":\"+34 643496664\",\"legalName\":\"ARC TECH SOLUTIONS\",\"foundingDate\":\"2024-04-09\",\"vatID\":\"B55480172\",\"numberOfEmployees\":{\"@type\":\"QuantitativeValue\",\"minValue\":\"1\",\"maxValue\":\"10\"}}]}<\/script>\n<!-- \/ Yoast SEO Premium plugin. -->","yoast_head_json":{"title":"Profesyonel barbek\u00fc i\u00e7icisi - ARC da\u011f\u0131t\u0131m\u0131","robots":{"index":"index","follow":"follow","max-snippet":"max-snippet:-1","max-image-preview":"max-image-preview:large","max-video-preview":"max-video-preview:-1"},"canonical":"https:\/\/distribucionarc.com\/tr\/urun\/sigara-icen-barbeku-profesyonel\/","og_locale":"tr_TR","og_type":"article","og_title":"Ahumador barbacoa profesional","og_description":"Ahumador barbacoa profesional Esta barbacoa el\u00e9ctrica le ayudar\u00e1 a darle un punto extra de sabor a su cocina, el Ahumador barbacoa el\u00e9ctrica ARC cuenta con 1400W de potencia para asar suavemente pescados, carnes, embutidos, tofu, verduras, etc.  El f\u00e1cil manejo de preparaci\u00f3n y encendido del ahumador el\u00e9ctrico le ayudar\u00e1 a ahorrar tiempo para que sus clientes disfruten de unos exquisitos platos que conservan la cocci\u00f3n y sabor de un aut\u00e9ntico asado. Hecho del acero inoxidable de la mejor calidad alimentaria. \u00a0Esta barbacoa el\u00e9ctrica ARCBAP01 har\u00e1 que tu local sea diferente de los dem\u00e1s.\u00a0Dispone de puerta de ventilaci\u00f3n en la parte posterior, term\u00f3metro de hasta 300\u00baC en la puerta y asa de transporte en la parte superior Garant\u00eda\u00a0ARC 2 A\u00d1OS Ahumador barbacoa el\u00e9ctrico eficiente, bajo consumo 1400w soporte t\u00e9cnico\u00a0incluido &nbsp;","og_url":"https:\/\/distribucionarc.com\/tr\/urun\/sigara-icen-barbeku-profesyonel\/","og_site_name":"distribuci\u00f3n ARC","article_modified_time":"2020-09-27T10:00:40+00:00","og_image":[{"width":1500,"height":1500,"url":"https:\/\/distribucionarc.com\/wp-content\/uploads\/2020\/07\/Ahumador-barbacoa-profesional-0.jpg","type":"image\/jpeg"}],"twitter_card":"summary_large_image","twitter_misc":{"Tahmini okuma s\u00fcresi":"1 dakika"},"schema":{"@context":"https:\/\/schema.org","@graph":[{"@type":"WebPage","@id":"https:\/\/distribucionarc.com\/lt\/producto\/ahumador-barbacoa-profesional\/","url":"https:\/\/distribucionarc.com\/lt\/producto\/ahumador-barbacoa-profesional\/","name":"Profesyonel barbek\u00fc i\u00e7icisi - ARC da\u011f\u0131t\u0131m\u0131","isPartOf":{"@id":"https:\/\/distribucionarc.com\/ro\/#website"},"primaryImageOfPage":{"@id":"https:\/\/distribucionarc.com\/lt\/producto\/ahumador-barbacoa-profesional\/#primaryimage"},"image":{"@id":"https:\/\/distribucionarc.com\/lt\/producto\/ahumador-barbacoa-profesional\/#primaryimage"},"thumbnailUrl":"https:\/\/distribucionarc.com\/wp-content\/uploads\/2020\/07\/Ahumador-barbacoa-profesional-0.jpg","datePublished":"2020-07-25T13:22:21+00:00","dateModified":"2020-09-27T10:00:40+00:00","breadcrumb":{"@id":"https:\/\/distribucionarc.com\/lt\/producto\/ahumador-barbacoa-profesional\/#breadcrumb"},"inLanguage":"tr","potentialAction":[{"@type":"ReadAction","target":["https:\/\/distribucionarc.com\/lt\/producto\/ahumador-barbacoa-profesional\/"]}]},{"@type":"ImageObject","inLanguage":"tr","@id":"https:\/\/distribucionarc.com\/lt\/producto\/ahumador-barbacoa-profesional\/#primaryimage","url":"https:\/\/distribucionarc.com\/wp-content\/uploads\/2020\/07\/Ahumador-barbacoa-profesional-0.jpg","contentUrl":"https:\/\/distribucionarc.com\/wp-content\/uploads\/2020\/07\/Ahumador-barbacoa-profesional-0.jpg","width":1500,"height":1500,"caption":"Ahumador barbacoa profesional"},{"@type":"BreadcrumbList","@id":"https:\/\/distribucionarc.com\/lt\/producto\/ahumador-barbacoa-profesional\/#breadcrumb","itemListElement":[{"@type":"ListItem","position":1,"name":"Portada","item":"https:\/\/distribucionarc.com\/ar\/"},{"@type":"ListItem","position":2,"name":"Proizvodi","item":"https:\/\/www.distribucionarc.com\/hr\/ducan\/"},{"@type":"ListItem","position":3,"name":"Ahumador barbacoa profesional"}]},{"@type":"WebSite","@id":"https:\/\/distribucionarc.com\/ro\/#website","url":"https:\/\/distribucionarc.com\/ro\/","name":"ARC da\u011f\u0131t\u0131m\u0131","description":"End\u00fcstriyel makinelerin \u00fcretimi ve da\u011f\u0131t\u0131m\u0131 konusunda uzmanla\u015fm\u0131\u015f \u015firket, kutu m\u00fch\u00fcrleme makineleri, tablet yapma makineleri, et kesme makineleri...","publisher":{"@id":"https:\/\/distribucionarc.com\/ro\/#organization"},"potentialAction":[{"@type":"SearchAction","target":{"@type":"EntryPoint","urlTemplate":"https:\/\/distribucionarc.com\/ro\/?s={search_term_string}"},"query-input":{"@type":"PropertyValueSpecification","valueRequired":true,"valueName":"search_term_string"}}],"inLanguage":"tr"},{"@type":"Organization","@id":"https:\/\/distribucionarc.com\/ro\/#organization","name":"ARC Da\u011f\u0131t\u0131m\u0131","url":"https:\/\/distribucionarc.com\/ro\/","logo":{"@type":"ImageObject","inLanguage":"tr","@id":"https:\/\/distribucionarc.com\/ro\/#\/schema\/logo\/image\/","url":"https:\/\/distribucionarc.com\/wp-content\/uploads\/2024\/10\/distribucion-ARC-COLOR-SIN-FONDO-e1732295305345.png","contentUrl":"https:\/\/distribucionarc.com\/wp-content\/uploads\/2024\/10\/distribucion-ARC-COLOR-SIN-FONDO-e1732295305345.png","width":1164,"height":558,"caption":"Distribuci\u00f3n ARC"},"image":{"@id":"https:\/\/distribucionarc.com\/ro\/#\/schema\/logo\/image\/"},"description":"\u015eirket, g\u0131da ve ila\u00e7 sekt\u00f6rleri i\u00e7in end\u00fcstriyel makine \u00fcretimi ve da\u011f\u0131t\u0131m\u0131 konusunda uzmanla\u015fm\u0131\u015ft\u0131r. Uzmanl\u0131k alanlar\u0131m\u0131z Et kesme makineleri Tablet \u00fcretimi End\u00fcstriyel ta\u015f\u0131ma sistemleri \u015ei\u015feleme hatlar\u0131 Dozajlama makineleri Ve \u00e7ok daha fazlas\u0131... \u015eirketinizin \u00fcretim s\u00fcre\u00e7lerini optimize etmek i\u00e7in yenilik\u00e7i ve \u00f6zelle\u015ftirilmi\u015f \u00e7\u00f6z\u00fcmler sunuyoruz.","email":"Admistracion@distribucionarc.com","telephone":"+34 643496664","legalName":"ARC TECH SOLUTIONS","foundingDate":"2024-04-09","vatID":"B55480172","numberOfEmployees":{"@type":"QuantitativeValue","minValue":"1","maxValue":"10"}}]}},"_links":{"self":[{"href":"https:\/\/distribucionarc.com\/tr\/wp-json\/wp\/v2\/product\/1495","targetHints":{"allow":["GET"]}}],"collection":[{"href":"https:\/\/distribucionarc.com\/tr\/wp-json\/wp\/v2\/product"}],"about":[{"href":"https:\/\/distribucionarc.com\/tr\/wp-json\/wp\/v2\/types\/product"}],"replies":[{"embeddable":true,"href":"https:\/\/distribucionarc.com\/tr\/wp-json\/wp\/v2\/comments?post=1495"}],"version-history":[{"count":0,"href":"https:\/\/distribucionarc.com\/tr\/wp-json\/wp\/v2\/product\/1495\/revisions"}],"wp:featuredmedia":[{"embeddable":true,"href":"https:\/\/distribucionarc.com\/tr\/wp-json\/wp\/v2\/media\/1499"}],"wp:attachment":[{"href":"https:\/\/distribucionarc.com\/tr\/wp-json\/wp\/v2\/media?parent=1495"}],"wp:term":[{"taxonomy":"product_brand","embeddable":true,"href":"https:\/\/distribucionarc.com\/tr\/wp-json\/wp\/v2\/product_brand?post=1495"},{"taxonomy":"product_cat","embeddable":true,"href":"https:\/\/distribucionarc.com\/tr\/wp-json\/wp\/v2\/product_cat?post=1495"},{"taxonomy":"product_tag","embeddable":true,"href":"https:\/\/distribucionarc.com\/tr\/wp-json\/wp\/v2\/product_tag?post=1495"}],"curies":[{"name":"wp","href":"https:\/\/api.w.org\/{rel}","templated":true}]}}