{"id":1519,"date":"2020-07-25T17:16:23","date_gmt":"2020-07-25T17:16:23","guid":{"rendered":"https:\/\/distribucionarc.com\/?post_type=product&#038;p=1519"},"modified":"2020-09-27T10:08:37","modified_gmt":"2020-09-27T10:08:37","slug":"gaz-barbeku-yemek-icin-6-brulorler","status":"publish","type":"product","link":"https:\/\/distribucionarc.com\/tr\/producto\/barbacoa-de-gas-para-hosteleria-6-quemadores\/","title":{"rendered":"Misafirperverlik i\u00e7in gazl\u0131 barbek\u00fc 6 br\u00fcl\u00f6r"},"content":{"rendered":"<h3>Misafirperverlik i\u00e7in gazl\u0131 barbek\u00fc 6 br\u00fcl\u00f6r<\/h3>\n<p>Las<strong>\u00a0gazl\u0131 barbek\u00fcler\u00a0<span style=\"color: #ff0000;\">\u0130LE<\/span><span style=\"color: #0000ff;\">R<\/span>C<\/strong> Makinenin stabilitesini ve dayan\u0131kl\u0131l\u0131\u011f\u0131n\u0131 sa\u011flamak i\u00e7in en iyi kalitede paslanmaz \u00e7elikten yap\u0131lm\u0131\u015f sa\u011flam bir g\u00f6vdeye sahiptirler. 78 x 27 cm&#039;lik \u0131zgara, g\u0131daya uygun paslanmaz \u00e7elikten yap\u0131lm\u0131\u015ft\u0131r.<\/p>\n<p>Farkl\u0131 par\u00e7alar\u0131 pi\u015firmek i\u00e7in her biri ba\u011f\u0131ms\u0131z olarak kontrol edilen d\u00f6rt br\u00fcl\u00f6re sahiptir. Ocaklar\u0131n yak\u0131c\u0131lar\u0131\u00a0<strong>gazl\u0131 barbek\u00fc<\/strong>\u00a0<strong><span style=\"color: #ff0000;\">\u0130LE<\/span><span style=\"color: #0000ff;\">R<\/span>CB6G<\/strong> \u00dczerlerine ya\u011f d\u00fc\u015f\u00fcp alevi tahrip etmemesi i\u00e7in \u00fczerleri \u00e7elik levha ve cam levha ile kapat\u0131lm\u0131\u015ft\u0131r. Izgaran\u0131n y\u00fcksekli\u011fi farkl\u0131 pi\u015firme noktalar\u0131na g\u00f6re kolayl\u0131kla ayarlanabilir.<\/p>\n<p>La\u00a0<strong>\u0131zgara<\/strong>, br\u00fcl\u00f6r koruyucular\u0131 ve ya\u011f toplama tepsisi, cihaz\u0131n bak\u0131m\u0131n\u0131 kolayla\u015ft\u0131rmak i\u00e7in kolayca s\u00f6k\u00fclebilir.\u00a0<strong>gazl\u0131 barbek\u00fc<\/strong>. Volkanik ta\u015fa g\u00fcvenmeye gerek kalmadan bu\u00a0<strong>gazl\u0131 barbek\u00fc<\/strong>\u00a0\u0130htiya\u00e7lar\u0131n\u0131z\u0131 kar\u015f\u0131layacakt\u0131r.<\/p>\n<h6><\/h6>\n<h6><strong>Garanti\u00a0<span style=\"color: #ff0000;\">\u0130LE<\/span><span style=\"color: #0000ff;\">R<\/span>\u00c7 2 YIL<\/strong><\/h6>\n<h6><strong>teknik destek dahil<\/strong><\/h6>\n<p>&nbsp;<\/p>\n<table width=\"100%\">\n<tbody>\n<tr>\n<td>Marka:<\/td>\n<td width=\"32%\">ARK<\/td>\n<td>A\u011f\u0131rl\u0131k:<\/td>\n<td width=\"30%\">9,7 kg<\/td>\n<\/tr>\n<tr>\n<td>Da\u011f\u0131t\u0131m \u00fclkesi:<\/td>\n<td width=\"32%\">\u0130spanya, Almanya, ABD<\/td>\n<td>Y\u00fckseklik:<\/td>\n<td width=\"30%\">20cm<\/td>\n<\/tr>\n<tr>\n<td>Renk:<\/td>\n<td width=\"32%\">G\u00fcm\u00fc\u015f<\/td>\n<td>Uzun:<\/td>\n<td width=\"30%\">84cm<\/td>\n<\/tr>\n<tr>\n<td>\u00dcr\u00fcn tipi:<\/td>\n<td width=\"32%\">Profesyonel gazl\u0131 barbek\u00fc<\/td>\n<td>Geni\u015f:<\/td>\n<td width=\"30%\">42cm<\/td>\n<\/tr>\n<tr>\n<td>\u00dcretici numaras\u0131:<\/td>\n<td width=\"32%\">ARCB6G<\/td>\n<td>Valf bas\u0131nc\u0131:<\/td>\n<td width=\"30%\">2800Pa<\/td>\n<\/tr>\n<tr>\n<td>Malzeme:<\/td>\n<td width=\"32%\">\u00a0Paslanmaz \u00e7elik, s\u0131cakl\u0131k kontrol\u00fc, cam<\/td>\n<td>Izgara boyutu:<\/td>\n<td width=\"30%\">78x27cm<\/td>\n<\/tr>\n<tr>\n<td>Garanti:<\/td>\n<td width=\"32%\">2 Y\u0131l<\/td>\n<td>Br\u00fcl\u00f6r kapsam\u0131:<\/td>\n<td width=\"30%\">\u00a0Cam\/\u00e7elik<\/td>\n<\/tr>\n<\/tbody>\n<\/table>","protected":false},"excerpt":{"rendered":"<h2>Misafirperverlik i\u00e7in gazl\u0131 barbek\u00fc 6 br\u00fcl\u00f6r<\/h2>\n<p>Las<strong>\u00a0gazl\u0131 barbek\u00fcler<\/strong>\u00a0ile ilgili<span style=\"color: #ff0000;\">\u00a0<\/span><strong><span style=\"color: #ff0000;\">\u0130LE<\/span><span style=\"color: #0000ff;\">R<\/span>C<\/strong>\u00a0Otantik bir tat, g\u00f6rsel efekt ve koku elde etmek i\u00e7in en iyi ve en yenilik\u00e7i malzemelerle \u00fcretilirler.<strong>\u00a0\u0131zgara<\/strong>.<\/p>\n<p>Arad\u0131\u011f\u0131n\u0131z \u015fey karl\u0131l\u0131ksa,\u00a0<strong>gazl\u0131 barbek\u00fcler<\/strong>\u00a0ile ilgili<strong>\u00a0<span style=\"color: #ff0000;\">\u0130LE<\/span><span style=\"color: #0000ff;\">R<\/span>C<\/strong>\u00a0\u0130htiya\u00e7lar\u0131n\u0131z\u0131 kar\u015f\u0131layacaklar. Volkanik ta\u015flar\u0131n bak\u0131m\u0131n\u0131 unutun ve baz\u0131lar\u0131n\u0131 tercih edin\u00a0<strong>verimli br\u00fcl\u00f6rler<\/strong>\u00a0dayan\u0131kl\u0131l\u0131\u011f\u0131n\u0131 sa\u011flamak amac\u0131yla korunmaktad\u0131r.\u00a0<strong>gazl\u0131 \u0131zgara<\/strong>\u00a0ve etlerinizin, bal\u0131klar\u0131n\u0131z\u0131n, sebzelerinizin, tofunuzun vb. m\u00fckemmel \u015fekilde i\u015faretlenmesini sa\u011flar.\u00a0<strong>gazl\u0131 barbek\u00fc\u00a0<span style=\"color: #ff0000;\">\u0130LE<\/span><span style=\"color: #0000ff;\">R<\/span>CB6G<\/strong> Her bir br\u00fcl\u00f6r i\u00e7in ayarlanabilir s\u0131cakl\u0131k kontroll\u00fc alt\u0131 br\u00fcl\u00f6re sahiptir.<\/p>\n<h6><strong>Garanti\u00a0<span style=\"color: #ff0000;\">\u0130LE<\/span><span style=\"color: #0000ff;\">R<\/span>\u00c7 2 YIL<\/strong><\/h6>\n<h6><strong>teknik destek dahil<\/strong><\/h6>","protected":false},"featured_media":1520,"comment_status":"open","ping_status":"closed","template":"","meta":{"wds_primary_product_brand":0,"wds_primary_product_cat":0},"product_brand":[],"product_cat":[39],"product_tag":[],"class_list":{"0":"post-1519","1":"product","2":"type-product","3":"status-publish","4":"has-post-thumbnail","6":"product_cat-plancha-de-cosina","7":"product_shipping_class-hosteleria","9":"first","10":"instock","11":"sale","12":"taxable","13":"shipping-taxable","14":"purchasable","15":"product-type-simple"},"yoast_head":"<!-- This site is optimized with the Yoast SEO Premium plugin v24.9 (Yoast SEO v26.1) - https:\/\/yoast.com\/wordpress\/plugins\/seo\/ -->\n<title>Barbacoa de gas para hosteler\u00eda 6 quemadores - distribuci\u00f3n ARC<\/title>\n<meta name=\"robots\" content=\"index, follow, max-snippet:-1, max-image-preview:large, max-video-preview:-1\" \/>\n<link rel=\"canonical\" href=\"https:\/\/distribucionarc.com\/tr\/urun\/gaz-barbeku-yemek-icin-6-brulorler\/\" \/>\n<meta property=\"og:locale\" content=\"tr_TR\" \/>\n<meta property=\"og:type\" content=\"article\" \/>\n<meta property=\"og:title\" content=\"Barbacoa de gas para hosteler\u00eda 6 quemadores\" \/>\n<meta property=\"og:description\" content=\"Barbacoa de gas para hosteler\u00eda 6 quemadores Las\u00a0barbacoas a gas\u00a0de\u00a0ARC\u00a0est\u00e1n fabricadas con los mejores y m\u00e1s innovadores materiales para obtener un sabor, efecto visual, olor \u00a0de aut\u00e9ntica\u00a0parrilla.  Si lo que buscas es rentabilidad, las\u00a0barbacoas a gas\u00a0de\u00a0ARC\u00a0cumplir\u00e1n con tus necesidades. Olv\u00eddate del mantenimiento de la piedra volc\u00e1nica y apuesta por unos\u00a0quemadores eficientes\u00a0protegidos, para asegurar la durabilidad de la\u00a0parrilla a gas\u00a0y proporcionarte un marcado perfecto de tus carnes, pescados, vegetales, tofu, etc. La\u00a0barbacoa a gas\u00a0ARCB6G dispone de seis quemadores con control de temperatura ajustable para cada quemador. Garant\u00eda\u00a0ARC 2 A\u00d1OS soporte t\u00e9cnico incluido\" \/>\n<meta property=\"og:url\" content=\"https:\/\/distribucionarc.com\/tr\/urun\/gaz-barbeku-yemek-icin-6-brulorler\/\" \/>\n<meta property=\"og:site_name\" content=\"distribuci\u00f3n ARC\" \/>\n<meta property=\"article:modified_time\" content=\"2020-09-27T10:08:37+00:00\" \/>\n<meta property=\"og:image\" content=\"https:\/\/distribucionarc.com\/wp-content\/uploads\/2020\/07\/Barbacoa-de-gas-para-hosteler\u00eda-6-quemadores-0.jpg\" \/>\n\t<meta property=\"og:image:width\" content=\"1000\" \/>\n\t<meta property=\"og:image:height\" content=\"1000\" \/>\n\t<meta property=\"og:image:type\" content=\"image\/jpeg\" \/>\n<meta name=\"twitter:card\" content=\"summary_large_image\" \/>\n<meta name=\"twitter:label1\" content=\"Tahmini okuma s\u00fcresi\" \/>\n\t<meta name=\"twitter:data1\" content=\"1 dakika\" \/>\n<script type=\"application\/ld+json\" class=\"yoast-schema-graph\">{\"@context\":\"https:\/\/schema.org\",\"@graph\":[{\"@type\":\"WebPage\",\"@id\":\"https:\/\/distribucionarc.com\/en\/producto\/barbacoa-de-gas-para-hosteleria-6-quemadores\/\",\"url\":\"https:\/\/distribucionarc.com\/en\/producto\/barbacoa-de-gas-para-hosteleria-6-quemadores\/\",\"name\":\"Barbacoa de gas para hosteler\u00eda 6 quemadores - distribuci\u00f3n ARC\",\"isPartOf\":{\"@id\":\"https:\/\/www.distribucionarc.com\/de\/#website\"},\"primaryImageOfPage\":{\"@id\":\"https:\/\/distribucionarc.com\/en\/producto\/barbacoa-de-gas-para-hosteleria-6-quemadores\/#primaryimage\"},\"image\":{\"@id\":\"https:\/\/distribucionarc.com\/en\/producto\/barbacoa-de-gas-para-hosteleria-6-quemadores\/#primaryimage\"},\"thumbnailUrl\":\"https:\/\/distribucionarc.com\/wp-content\/uploads\/2020\/07\/Barbacoa-de-gas-para-hosteler\u00eda-6-quemadores-0.jpg\",\"datePublished\":\"2020-07-25T17:16:23+00:00\",\"dateModified\":\"2020-09-27T10:08:37+00:00\",\"breadcrumb\":{\"@id\":\"https:\/\/distribucionarc.com\/en\/producto\/barbacoa-de-gas-para-hosteleria-6-quemadores\/#breadcrumb\"},\"inLanguage\":\"tr\",\"potentialAction\":[{\"@type\":\"ReadAction\",\"target\":[\"https:\/\/distribucionarc.com\/en\/producto\/barbacoa-de-gas-para-hosteleria-6-quemadores\/\"]}]},{\"@type\":\"ImageObject\",\"inLanguage\":\"tr\",\"@id\":\"https:\/\/distribucionarc.com\/en\/producto\/barbacoa-de-gas-para-hosteleria-6-quemadores\/#primaryimage\",\"url\":\"https:\/\/distribucionarc.com\/wp-content\/uploads\/2020\/07\/Barbacoa-de-gas-para-hosteler\u00eda-6-quemadores-0.jpg\",\"contentUrl\":\"https:\/\/distribucionarc.com\/wp-content\/uploads\/2020\/07\/Barbacoa-de-gas-para-hosteler\u00eda-6-quemadores-0.jpg\",\"width\":1000,\"height\":1000,\"caption\":\"Barbacoa de gas para hosteler\u00eda 6 quemadores\"},{\"@type\":\"BreadcrumbList\",\"@id\":\"https:\/\/distribucionarc.com\/en\/producto\/barbacoa-de-gas-para-hosteleria-6-quemadores\/#breadcrumb\",\"itemListElement\":[{\"@type\":\"ListItem\",\"position\":1,\"name\":\"Portada\",\"item\":\"https:\/\/www.distribucionarc.com\/en\/\"},{\"@type\":\"ListItem\",\"position\":2,\"name\":\"Products\",\"item\":\"https:\/\/www.distribucionarc.com\/en\/shop\/\"},{\"@type\":\"ListItem\",\"position\":3,\"name\":\"Barbacoa de gas para hosteler\u00eda 6 quemadores\"}]},{\"@type\":\"WebSite\",\"@id\":\"https:\/\/www.distribucionarc.com\/de\/#website\",\"url\":\"https:\/\/www.distribucionarc.com\/de\/\",\"name\":\"distribuci\u00f3n ARC\",\"description\":\"Empresa especializada en la fabricaci\u00f3n y distribuci\u00f3n de maquinaria industrial, selladoras de latas, Maquinas de hacer pastillas, Maquinas de cortar carne...\",\"publisher\":{\"@id\":\"https:\/\/www.distribucionarc.com\/de\/#organization\"},\"potentialAction\":[{\"@type\":\"SearchAction\",\"target\":{\"@type\":\"EntryPoint\",\"urlTemplate\":\"https:\/\/www.distribucionarc.com\/de\/?s={search_term_string}\"},\"query-input\":{\"@type\":\"PropertyValueSpecification\",\"valueRequired\":true,\"valueName\":\"search_term_string\"}}],\"inLanguage\":\"tr\"},{\"@type\":\"Organization\",\"@id\":\"https:\/\/www.distribucionarc.com\/de\/#organization\",\"name\":\"Distribuci\u00f3n ARC\",\"url\":\"https:\/\/www.distribucionarc.com\/de\/\",\"logo\":{\"@type\":\"ImageObject\",\"inLanguage\":\"tr\",\"@id\":\"https:\/\/www.distribucionarc.com\/de\/#\/schema\/logo\/image\/\",\"url\":\"https:\/\/distribucionarc.com\/wp-content\/uploads\/2024\/10\/distribucion-ARC-COLOR-SIN-FONDO-e1732295305345.png\",\"contentUrl\":\"https:\/\/distribucionarc.com\/wp-content\/uploads\/2024\/10\/distribucion-ARC-COLOR-SIN-FONDO-e1732295305345.png\",\"width\":1164,\"height\":558,\"caption\":\"Distribuci\u00f3n ARC\"},\"image\":{\"@id\":\"https:\/\/www.distribucionarc.com\/de\/#\/schema\/logo\/image\/\"},\"description\":\"Empresa especializada en la fabricaci\u00f3n y distribuci\u00f3n de maquinaria industrial para los sectores alimentario y farmac\u00e9utico. Nos especializamos en: M\u00e1quinas de cortar carne Fabricaci\u00f3n de comprimidos Sistemas de transporte industrial L\u00edneas de embotellado Dosificadores Y mucho m\u00e1s... Ofrecemos soluciones innovadoras y personalizadas para optimizar los procesos productivos de tu empresa.\",\"email\":\"Admistracion@distribucionarc.com\",\"telephone\":\"+34 643496664\",\"legalName\":\"ARC TECH SOLUTIONS\",\"foundingDate\":\"2024-04-09\",\"vatID\":\"B55480172\",\"numberOfEmployees\":{\"@type\":\"QuantitativeValue\",\"minValue\":\"1\",\"maxValue\":\"10\"}}]}<\/script>\n<!-- \/ Yoast SEO Premium plugin. -->","yoast_head_json":{"title":"Konaklama i\u00e7in gazl\u0131 barbek\u00fc 6 br\u00fcl\u00f6r - ARC da\u011f\u0131t\u0131m\u0131","robots":{"index":"index","follow":"follow","max-snippet":"max-snippet:-1","max-image-preview":"max-image-preview:large","max-video-preview":"max-video-preview:-1"},"canonical":"https:\/\/distribucionarc.com\/tr\/urun\/gaz-barbeku-yemek-icin-6-brulorler\/","og_locale":"tr_TR","og_type":"article","og_title":"Barbacoa de gas para hosteler\u00eda 6 quemadores","og_description":"Barbacoa de gas para hosteler\u00eda 6 quemadores Las\u00a0barbacoas a gas\u00a0de\u00a0ARC\u00a0est\u00e1n fabricadas con los mejores y m\u00e1s innovadores materiales para obtener un sabor, efecto visual, olor \u00a0de aut\u00e9ntica\u00a0parrilla.  Si lo que buscas es rentabilidad, las\u00a0barbacoas a gas\u00a0de\u00a0ARC\u00a0cumplir\u00e1n con tus necesidades. Olv\u00eddate del mantenimiento de la piedra volc\u00e1nica y apuesta por unos\u00a0quemadores eficientes\u00a0protegidos, para asegurar la durabilidad de la\u00a0parrilla a gas\u00a0y proporcionarte un marcado perfecto de tus carnes, pescados, vegetales, tofu, etc. La\u00a0barbacoa a gas\u00a0ARCB6G dispone de seis quemadores con control de temperatura ajustable para cada quemador. Garant\u00eda\u00a0ARC 2 A\u00d1OS soporte t\u00e9cnico incluido","og_url":"https:\/\/distribucionarc.com\/tr\/urun\/gaz-barbeku-yemek-icin-6-brulorler\/","og_site_name":"distribuci\u00f3n ARC","article_modified_time":"2020-09-27T10:08:37+00:00","og_image":[{"width":1000,"height":1000,"url":"https:\/\/distribucionarc.com\/wp-content\/uploads\/2020\/07\/Barbacoa-de-gas-para-hosteler\u00eda-6-quemadores-0.jpg","type":"image\/jpeg"}],"twitter_card":"summary_large_image","twitter_misc":{"Tahmini okuma s\u00fcresi":"1 dakika"},"schema":{"@context":"https:\/\/schema.org","@graph":[{"@type":"WebPage","@id":"https:\/\/distribucionarc.com\/en\/producto\/barbacoa-de-gas-para-hosteleria-6-quemadores\/","url":"https:\/\/distribucionarc.com\/en\/producto\/barbacoa-de-gas-para-hosteleria-6-quemadores\/","name":"Konaklama i\u00e7in gazl\u0131 barbek\u00fc 6 br\u00fcl\u00f6r - ARC da\u011f\u0131t\u0131m\u0131","isPartOf":{"@id":"https:\/\/www.distribucionarc.com\/de\/#website"},"primaryImageOfPage":{"@id":"https:\/\/distribucionarc.com\/en\/producto\/barbacoa-de-gas-para-hosteleria-6-quemadores\/#primaryimage"},"image":{"@id":"https:\/\/distribucionarc.com\/en\/producto\/barbacoa-de-gas-para-hosteleria-6-quemadores\/#primaryimage"},"thumbnailUrl":"https:\/\/distribucionarc.com\/wp-content\/uploads\/2020\/07\/Barbacoa-de-gas-para-hosteler\u00eda-6-quemadores-0.jpg","datePublished":"2020-07-25T17:16:23+00:00","dateModified":"2020-09-27T10:08:37+00:00","breadcrumb":{"@id":"https:\/\/distribucionarc.com\/en\/producto\/barbacoa-de-gas-para-hosteleria-6-quemadores\/#breadcrumb"},"inLanguage":"tr","potentialAction":[{"@type":"ReadAction","target":["https:\/\/distribucionarc.com\/en\/producto\/barbacoa-de-gas-para-hosteleria-6-quemadores\/"]}]},{"@type":"ImageObject","inLanguage":"tr","@id":"https:\/\/distribucionarc.com\/en\/producto\/barbacoa-de-gas-para-hosteleria-6-quemadores\/#primaryimage","url":"https:\/\/distribucionarc.com\/wp-content\/uploads\/2020\/07\/Barbacoa-de-gas-para-hosteler\u00eda-6-quemadores-0.jpg","contentUrl":"https:\/\/distribucionarc.com\/wp-content\/uploads\/2020\/07\/Barbacoa-de-gas-para-hosteler\u00eda-6-quemadores-0.jpg","width":1000,"height":1000,"caption":"Barbacoa de gas para hosteler\u00eda 6 quemadores"},{"@type":"BreadcrumbList","@id":"https:\/\/distribucionarc.com\/en\/producto\/barbacoa-de-gas-para-hosteleria-6-quemadores\/#breadcrumb","itemListElement":[{"@type":"ListItem","position":1,"name":"Portada","item":"https:\/\/www.distribucionarc.com\/en\/"},{"@type":"ListItem","position":2,"name":"Products","item":"https:\/\/www.distribucionarc.com\/en\/shop\/"},{"@type":"ListItem","position":3,"name":"Barbacoa de gas para hosteler\u00eda 6 quemadores"}]},{"@type":"WebSite","@id":"https:\/\/www.distribucionarc.com\/de\/#website","url":"https:\/\/www.distribucionarc.com\/de\/","name":"ARC da\u011f\u0131t\u0131m\u0131","description":"End\u00fcstriyel makinelerin \u00fcretimi ve da\u011f\u0131t\u0131m\u0131 konusunda uzmanla\u015fm\u0131\u015f \u015firket, kutu m\u00fch\u00fcrleme makineleri, tablet yapma makineleri, et kesme makineleri...","publisher":{"@id":"https:\/\/www.distribucionarc.com\/de\/#organization"},"potentialAction":[{"@type":"SearchAction","target":{"@type":"EntryPoint","urlTemplate":"https:\/\/www.distribucionarc.com\/de\/?s={search_term_string}"},"query-input":{"@type":"PropertyValueSpecification","valueRequired":true,"valueName":"search_term_string"}}],"inLanguage":"tr"},{"@type":"Organization","@id":"https:\/\/www.distribucionarc.com\/de\/#organization","name":"ARC Da\u011f\u0131t\u0131m\u0131","url":"https:\/\/www.distribucionarc.com\/de\/","logo":{"@type":"ImageObject","inLanguage":"tr","@id":"https:\/\/www.distribucionarc.com\/de\/#\/schema\/logo\/image\/","url":"https:\/\/distribucionarc.com\/wp-content\/uploads\/2024\/10\/distribucion-ARC-COLOR-SIN-FONDO-e1732295305345.png","contentUrl":"https:\/\/distribucionarc.com\/wp-content\/uploads\/2024\/10\/distribucion-ARC-COLOR-SIN-FONDO-e1732295305345.png","width":1164,"height":558,"caption":"Distribuci\u00f3n ARC"},"image":{"@id":"https:\/\/www.distribucionarc.com\/de\/#\/schema\/logo\/image\/"},"description":"\u015eirket, g\u0131da ve ila\u00e7 sekt\u00f6rleri i\u00e7in end\u00fcstriyel makine \u00fcretimi ve da\u011f\u0131t\u0131m\u0131 konusunda uzmanla\u015fm\u0131\u015ft\u0131r. Uzmanl\u0131k alanlar\u0131m\u0131z Et kesme makineleri Tablet \u00fcretimi End\u00fcstriyel ta\u015f\u0131ma sistemleri \u015ei\u015feleme hatlar\u0131 Dozajlama makineleri Ve \u00e7ok daha fazlas\u0131... \u015eirketinizin \u00fcretim s\u00fcre\u00e7lerini optimize etmek i\u00e7in yenilik\u00e7i ve \u00f6zelle\u015ftirilmi\u015f \u00e7\u00f6z\u00fcmler sunuyoruz.","email":"Admistracion@distribucionarc.com","telephone":"+34 643496664","legalName":"ARC TECH SOLUTIONS","foundingDate":"2024-04-09","vatID":"B55480172","numberOfEmployees":{"@type":"QuantitativeValue","minValue":"1","maxValue":"10"}}]}},"_links":{"self":[{"href":"https:\/\/distribucionarc.com\/tr\/wp-json\/wp\/v2\/product\/1519","targetHints":{"allow":["GET"]}}],"collection":[{"href":"https:\/\/distribucionarc.com\/tr\/wp-json\/wp\/v2\/product"}],"about":[{"href":"https:\/\/distribucionarc.com\/tr\/wp-json\/wp\/v2\/types\/product"}],"replies":[{"embeddable":true,"href":"https:\/\/distribucionarc.com\/tr\/wp-json\/wp\/v2\/comments?post=1519"}],"version-history":[{"count":0,"href":"https:\/\/distribucionarc.com\/tr\/wp-json\/wp\/v2\/product\/1519\/revisions"}],"wp:featuredmedia":[{"embeddable":true,"href":"https:\/\/distribucionarc.com\/tr\/wp-json\/wp\/v2\/media\/1520"}],"wp:attachment":[{"href":"https:\/\/distribucionarc.com\/tr\/wp-json\/wp\/v2\/media?parent=1519"}],"wp:term":[{"taxonomy":"product_brand","embeddable":true,"href":"https:\/\/distribucionarc.com\/tr\/wp-json\/wp\/v2\/product_brand?post=1519"},{"taxonomy":"product_cat","embeddable":true,"href":"https:\/\/distribucionarc.com\/tr\/wp-json\/wp\/v2\/product_cat?post=1519"},{"taxonomy":"product_tag","embeddable":true,"href":"https:\/\/distribucionarc.com\/tr\/wp-json\/wp\/v2\/product_tag?post=1519"}],"curies":[{"name":"wp","href":"https:\/\/api.w.org\/{rel}","templated":true}]}}