{"id":1556,"date":"2020-07-27T17:47:28","date_gmt":"2020-07-27T17:47:28","guid":{"rendered":"https:\/\/distribucionarc.com\/?post_type=product&#038;p=1556"},"modified":"2020-09-27T10:19:49","modified_gmt":"2020-09-27T10:19:49","slug":"doner-kebap-icin-et-kesici","status":"publish","type":"product","link":"https:\/\/distribucionarc.com\/tr\/producto\/cortador-de-carne-para-kebab-doner\/","title":{"rendered":"D\u00f6ner Kebap Et Kesici"},"content":{"rendered":"<h3>D\u00f6ner Kebap Et Kesici<\/h3>\n<p>La <strong>kebap dilimleyici<\/strong> ile ilgili <strong><span style=\"color: #ff0000;\">\u0130LE<\/span><span style=\"color: #0000ff;\">R<\/span>C<\/strong> Makinenin uzun \u00f6m\u00fcrl\u00fc olmas\u0131n\u0131 sa\u011flamak i\u00e7in temperlenmi\u015f paslanmaz \u00e7elik b\u0131\u00e7aktan olu\u015fur. B\u0131\u00e7ak y\u00fcksek g\u00fcvenlik sa\u011flayacak \u015fekilde korunmaktad\u0131r.<\/p>\n<p>Bu <strong>kebap kesici b\u0131\u00e7ak<\/strong> Basit bir kilit a\u00e7ma vidas\u0131yla kolayca temizlenebilir, kesim kal\u0131nl\u0131\u011f\u0131n\u0131 ayarlayabilirsiniz, b\u0131\u00e7a\u011f\u0131n keskinli\u011fini uzun s\u00fcre koruyacak ta\u015f\u0131 vard\u0131r.<\/p>\n<p>Bu<strong> kebap dilimleyici <span style=\"color: #ff0000;\">\u0130LE<\/span><span style=\"color: #0000ff;\">R<\/span>CCK1<\/strong> <span style=\"color: #008000;\"><strong>daha az enerji t\u00fcketir<\/strong><\/span> Ergonomik tasar\u0131ml\u0131 sap\u0131, piyasadaki di\u011ferlerine g\u00f6re kullan\u0131m\u0131n\u0131n daha rahat olmas\u0131na yard\u0131mc\u0131 olur.<\/p>\n<h6>Garanti<strong><span style=\"color: #ff0000;\">\u00a0\u0130LE<\/span><span style=\"color: #0000ff;\">R<\/span>C<\/strong><\/h6>\n<h6><span style=\"color: #008000;\"><strong>Profesyonel kebap kesici, d\u00fc\u015f\u00fck t\u00fcketim 60w<\/strong><\/span><\/h6>\n<h6>teknik destek dahil<\/h6>\n<p>&nbsp;<\/p>\n<table role=\"presentation\" width=\"100%\" cellspacing=\"0\" cellpadding=\"0\">\n<tbody>\n<tr>\n<td class=\"attrLabels\">Garanti:<\/td>\n<td width=\"50.0%\">ARK 2 YIL<\/td>\n<\/tr>\n<tr>\n<td class=\"attrLabels\">Da\u011f\u0131t\u0131m \u00fclkesi:<\/td>\n<td width=\"50.0%\">\u0130spanya, Almanya, ABD<\/td>\n<td class=\"attrLabels\">A\u011f\u0131rl\u0131k:<\/td>\n<td width=\"50.0%\">1,50 kilo<\/td>\n<\/tr>\n<tr>\n<td class=\"attrLabels\">Marka:<\/td>\n<td width=\"50.0%\">ARK<\/td>\n<td class=\"attrLabels\">Y\u00fckseklik:<\/td>\n<td width=\"50.0%\">\u00a027cm<\/td>\n<\/tr>\n<tr>\n<td class=\"attrLabels\">Renk:<\/td>\n<td width=\"50.0%\">G\u00fcm\u00fc\u015f<\/td>\n<td class=\"attrLabels\">Uzun:<\/td>\n<td width=\"50.0%\">23cm<\/td>\n<\/tr>\n<tr>\n<td class=\"attrLabels\">\u00dcr\u00fcn tipi:<\/td>\n<td width=\"50.0%\">Profesyonel kebap kesici<\/td>\n<td class=\"attrLabels\">Geni\u015f:<\/td>\n<td width=\"50.0%\">18cm<\/td>\n<\/tr>\n<tr>\n<td class=\"attrLabels\">\u00dcretici numaras\u0131:<\/td>\n<td width=\"50.0%\">ARCCK1<\/td>\n<td class=\"attrLabels\">G\u00fc\u00e7:<\/td>\n<td width=\"50.0%\">60W<\/td>\n<\/tr>\n<tr>\n<td class=\"attrLabels\">Malzeme:<\/td>\n<td width=\"50.0%\">paslanmaz \u00e7elik<\/td>\n<td class=\"attrLabels\">giri\u015f voltaj\u0131<\/td>\n<td width=\"50.0%\">220V \u2013 50Hz<\/td>\n<\/tr>\n<tr>\n<td class=\"attrLabels\">kesme t\u00fcrleri:<\/td>\n<td width=\"50.0%\">0 ila 8 mm<\/td>\n<td class=\"attrLabels\">B\u0131\u00e7ak \u00e7ap\u0131:<\/td>\n<td width=\"50.0%\">100 mm<\/td>\n<\/tr>\n<tr>\n<td class=\"attrLabels\">Kurulum ara\u00e7lar\u0131:<\/td>\n<td width=\"50.0%\">Evet<\/td>\n<td class=\"attrLabels\">G\u00fcnl\u00fck kesme kapasitesi:<\/td>\n<td width=\"50.0%\">50 ila 70 kg<\/td>\n<\/tr>\n<\/tbody>\n<\/table>\n<p>&nbsp;<\/p>","protected":false},"excerpt":{"rendered":"<h2>D\u00f6ner Kebap Et Kesici<\/h2>\n<p>La <strong>kebap dilimleyici <span style=\"color: #ff0000;\">\u0130LE<\/span><span style=\"color: #0000ff;\">R<\/span>C<\/strong> Temizlemesi ve bak\u0131m\u0131 kolay olacak \u015fekilde tasarlanm\u0131\u015ft\u0131r: b\u0131\u00e7ak basit bir kilitleme vidas\u0131yla \u00e7\u0131kar\u0131labilir.<\/p>\n<p>Bu <strong>kebap kesici <span style=\"color: #ff0000;\">\u0130LE<\/span><span style=\"color: #0000ff;\">R<\/span>CCK1<\/strong> Y\u00fcksek kaliteli malzemeden \u00fcretilmi\u015f olup her yerde kullanabilece\u011finiz pratik bir a\u011f cihaz\u0131d\u0131r. B\u0131\u00e7ak son derece keskindir, bu nedenle kuzu, tavuk ve dana etini kolayl\u0131kla ve ustal\u0131kla keser. Halka ve vida ayarlanabilir, istedi\u011finiz kal\u0131nl\u0131\u011fa g\u00f6re ayarlayabilirsiniz. Kebap kesici, kullan\u0131\u015fl\u0131 bir b\u0131\u00e7ak korumas\u0131yla g\u00fcvende tutulur ve sap, elinize m\u00fckemmel \u015fekilde oturacak \u015fekilde ergonomik olarak tasarlanm\u0131\u015ft\u0131r.<\/p>\n<h6>Garanti<strong><span style=\"color: #ff0000;\">\u00a0\u0130LE<\/span><span style=\"color: #0000ff;\">R<\/span>C<\/strong><\/h6>\n<h6><span style=\"color: #008000;\"><strong>Profesyonel kebap kesici, d\u00fc\u015f\u00fck t\u00fcketim 60w<\/strong><\/span><\/h6>\n<h6>teknik destek dahil<\/h6>\n<p>&nbsp;<\/p>","protected":false},"featured_media":1563,"comment_status":"open","ping_status":"closed","template":"","meta":{"wds_primary_product_brand":0,"wds_primary_product_cat":0},"product_brand":[],"product_cat":[43],"product_tag":[],"class_list":{"0":"post-1556","1":"product","2":"type-product","3":"status-publish","4":"has-post-thumbnail","6":"product_cat-cortadoras-de-alimentos","7":"product_shipping_class-hosteleria","9":"first","10":"instock","11":"sale","12":"taxable","13":"shipping-taxable","14":"purchasable","15":"product-type-simple"},"yoast_head":"<!-- This site is optimized with the Yoast SEO Premium plugin v24.9 (Yoast SEO v26.1) - https:\/\/yoast.com\/wordpress\/plugins\/seo\/ -->\n<title>Cortador de Carne para Kebab D\u00f6ner - distribuci\u00f3n ARC<\/title>\n<meta name=\"robots\" content=\"index, follow, max-snippet:-1, max-image-preview:large, max-video-preview:-1\" \/>\n<link rel=\"canonical\" href=\"https:\/\/www.distribucionarc.com\/producto\/cortador-de-carne-para-kebab-doner\/\" \/>\n<meta property=\"og:locale\" content=\"tr_TR\" \/>\n<meta property=\"og:type\" content=\"article\" \/>\n<meta property=\"og:title\" content=\"Cortador de Carne para Kebab D\u00f6ner\" \/>\n<meta property=\"og:description\" content=\"Cortador de Carne para Kebab D\u00f6ner La cortadora de kebab ARC est\u00e1 dise\u00f1ada para que sea f\u00e1cil de limpiar y mantener: la hoja se puede quitar con un simple tornillo de bloqueo.  Este cortador de kebab ARCCK1 est\u00e1 hecho de material altamente calificado y es un pr\u00e1ctico dispositivo de red para que pueda usarlo en cualquier lugar. La hoja es s\u00faper afilada, por lo que cortar\u00e1 a trav\u00e9s de cordero, pollo, ternera, con facilidad y finura. El anillo y el tornillo es ajustable, se puede ajustar para el espesor deseado. El cortador de kebab se mantiene seguro con un pr\u00e1ctico protector de la hoja y el mango ha sido dise\u00f1ado ergon\u00f3micamente para que encaje perfectamente en la mano. Garant\u00eda\u00a0ARC Cortador de kebab profesional, bajo consumo 60w soporte t\u00e9cnico\u00a0incluido &nbsp;\" \/>\n<meta property=\"og:url\" content=\"https:\/\/www.distribucionarc.com\/producto\/cortador-de-carne-para-kebab-doner\/\" \/>\n<meta property=\"og:site_name\" content=\"distribuci\u00f3n ARC\" \/>\n<meta property=\"article:modified_time\" content=\"2020-09-27T10:19:49+00:00\" \/>\n<meta property=\"og:image\" content=\"https:\/\/distribucionarc.com\/wp-content\/uploads\/2020\/07\/Cortador-de-Carne-para-Kebab-D\u00f6ner-0.jpg\" \/>\n\t<meta property=\"og:image:width\" content=\"1000\" \/>\n\t<meta property=\"og:image:height\" content=\"1000\" \/>\n\t<meta property=\"og:image:type\" content=\"image\/jpeg\" \/>\n<meta name=\"twitter:card\" content=\"summary_large_image\" \/>\n<meta name=\"twitter:label1\" content=\"Tahmini okuma s\u00fcresi\" \/>\n\t<meta name=\"twitter:data1\" content=\"1 dakika\" \/>\n<script type=\"application\/ld+json\" class=\"yoast-schema-graph\">{\"@context\":\"https:\/\/schema.org\",\"@graph\":[{\"@type\":\"WebPage\",\"@id\":\"https:\/\/www.distribucionarc.com\/producto\/cortador-de-carne-para-kebab-doner\/\",\"url\":\"https:\/\/www.distribucionarc.com\/producto\/cortador-de-carne-para-kebab-doner\/\",\"name\":\"Cortador de Carne para Kebab D\u00f6ner - distribuci\u00f3n ARC\",\"isPartOf\":{\"@id\":\"https:\/\/distribucionarc.com\/sk\/#website\"},\"primaryImageOfPage\":{\"@id\":\"https:\/\/www.distribucionarc.com\/producto\/cortador-de-carne-para-kebab-doner\/#primaryimage\"},\"image\":{\"@id\":\"https:\/\/www.distribucionarc.com\/producto\/cortador-de-carne-para-kebab-doner\/#primaryimage\"},\"thumbnailUrl\":\"https:\/\/distribucionarc.com\/wp-content\/uploads\/2020\/07\/Cortador-de-Carne-para-Kebab-D\u00f6ner-0.jpg\",\"datePublished\":\"2020-07-27T17:47:28+00:00\",\"dateModified\":\"2020-09-27T10:19:49+00:00\",\"breadcrumb\":{\"@id\":\"https:\/\/www.distribucionarc.com\/producto\/cortador-de-carne-para-kebab-doner\/#breadcrumb\"},\"inLanguage\":\"tr\",\"potentialAction\":[{\"@type\":\"ReadAction\",\"target\":[\"https:\/\/www.distribucionarc.com\/producto\/cortador-de-carne-para-kebab-doner\/\"]}]},{\"@type\":\"ImageObject\",\"inLanguage\":\"tr\",\"@id\":\"https:\/\/www.distribucionarc.com\/producto\/cortador-de-carne-para-kebab-doner\/#primaryimage\",\"url\":\"https:\/\/distribucionarc.com\/wp-content\/uploads\/2020\/07\/Cortador-de-Carne-para-Kebab-D\u00f6ner-0.jpg\",\"contentUrl\":\"https:\/\/distribucionarc.com\/wp-content\/uploads\/2020\/07\/Cortador-de-Carne-para-Kebab-D\u00f6ner-0.jpg\",\"width\":1000,\"height\":1000,\"caption\":\"Cortador de carne para kebab doner\"},{\"@type\":\"BreadcrumbList\",\"@id\":\"https:\/\/www.distribucionarc.com\/producto\/cortador-de-carne-para-kebab-doner\/#breadcrumb\",\"itemListElement\":[{\"@type\":\"ListItem\",\"position\":1,\"name\":\"Portada\",\"item\":\"https:\/\/distribucionarc.com\/ro\/\"},{\"@type\":\"ListItem\",\"position\":2,\"name\":\"Produse\",\"item\":\"https:\/\/distribucionarc.com\/ro\/magazin\/\"},{\"@type\":\"ListItem\",\"position\":3,\"name\":\"Cortador de Carne para Kebab D\u00f6ner\"}]},{\"@type\":\"WebSite\",\"@id\":\"https:\/\/distribucionarc.com\/sk\/#website\",\"url\":\"https:\/\/distribucionarc.com\/sk\/\",\"name\":\"distribuci\u00f3n ARC\",\"description\":\"Empresa especializada en la fabricaci\u00f3n y distribuci\u00f3n de maquinaria industrial, selladoras de latas, Maquinas de hacer pastillas, Maquinas de cortar carne...\",\"publisher\":{\"@id\":\"https:\/\/distribucionarc.com\/sk\/#organization\"},\"potentialAction\":[{\"@type\":\"SearchAction\",\"target\":{\"@type\":\"EntryPoint\",\"urlTemplate\":\"https:\/\/distribucionarc.com\/sk\/?s={search_term_string}\"},\"query-input\":{\"@type\":\"PropertyValueSpecification\",\"valueRequired\":true,\"valueName\":\"search_term_string\"}}],\"inLanguage\":\"tr\"},{\"@type\":\"Organization\",\"@id\":\"https:\/\/distribucionarc.com\/sk\/#organization\",\"name\":\"Distribuci\u00f3n ARC\",\"url\":\"https:\/\/distribucionarc.com\/sk\/\",\"logo\":{\"@type\":\"ImageObject\",\"inLanguage\":\"tr\",\"@id\":\"https:\/\/distribucionarc.com\/sk\/#\/schema\/logo\/image\/\",\"url\":\"https:\/\/distribucionarc.com\/wp-content\/uploads\/2024\/10\/distribucion-ARC-COLOR-SIN-FONDO-e1732295305345.png\",\"contentUrl\":\"https:\/\/distribucionarc.com\/wp-content\/uploads\/2024\/10\/distribucion-ARC-COLOR-SIN-FONDO-e1732295305345.png\",\"width\":1164,\"height\":558,\"caption\":\"Distribuci\u00f3n ARC\"},\"image\":{\"@id\":\"https:\/\/distribucionarc.com\/sk\/#\/schema\/logo\/image\/\"},\"description\":\"Empresa especializada en la fabricaci\u00f3n y distribuci\u00f3n de maquinaria industrial para los sectores alimentario y farmac\u00e9utico. Nos especializamos en: M\u00e1quinas de cortar carne Fabricaci\u00f3n de comprimidos Sistemas de transporte industrial L\u00edneas de embotellado Dosificadores Y mucho m\u00e1s... Ofrecemos soluciones innovadoras y personalizadas para optimizar los procesos productivos de tu empresa.\",\"email\":\"Admistracion@distribucionarc.com\",\"telephone\":\"+34 643496664\",\"legalName\":\"ARC TECH SOLUTIONS\",\"foundingDate\":\"2024-04-09\",\"vatID\":\"B55480172\",\"numberOfEmployees\":{\"@type\":\"QuantitativeValue\",\"minValue\":\"1\",\"maxValue\":\"10\"}}]}<\/script>\n<!-- \/ Yoast SEO Premium plugin. -->","yoast_head_json":{"title":"D\u00f6ner Kebap i\u00e7in Et Kesici - ARC da\u011f\u0131t\u0131m\u0131","robots":{"index":"index","follow":"follow","max-snippet":"max-snippet:-1","max-image-preview":"max-image-preview:large","max-video-preview":"max-video-preview:-1"},"canonical":"https:\/\/www.distribucionarc.com\/producto\/cortador-de-carne-para-kebab-doner\/","og_locale":"tr_TR","og_type":"article","og_title":"Cortador de Carne para Kebab D\u00f6ner","og_description":"Cortador de Carne para Kebab D\u00f6ner La cortadora de kebab ARC est\u00e1 dise\u00f1ada para que sea f\u00e1cil de limpiar y mantener: la hoja se puede quitar con un simple tornillo de bloqueo.  Este cortador de kebab ARCCK1 est\u00e1 hecho de material altamente calificado y es un pr\u00e1ctico dispositivo de red para que pueda usarlo en cualquier lugar. La hoja es s\u00faper afilada, por lo que cortar\u00e1 a trav\u00e9s de cordero, pollo, ternera, con facilidad y finura. El anillo y el tornillo es ajustable, se puede ajustar para el espesor deseado. El cortador de kebab se mantiene seguro con un pr\u00e1ctico protector de la hoja y el mango ha sido dise\u00f1ado ergon\u00f3micamente para que encaje perfectamente en la mano. Garant\u00eda\u00a0ARC Cortador de kebab profesional, bajo consumo 60w soporte t\u00e9cnico\u00a0incluido &nbsp;","og_url":"https:\/\/www.distribucionarc.com\/producto\/cortador-de-carne-para-kebab-doner\/","og_site_name":"distribuci\u00f3n ARC","article_modified_time":"2020-09-27T10:19:49+00:00","og_image":[{"width":1000,"height":1000,"url":"https:\/\/distribucionarc.com\/wp-content\/uploads\/2020\/07\/Cortador-de-Carne-para-Kebab-D\u00f6ner-0.jpg","type":"image\/jpeg"}],"twitter_card":"summary_large_image","twitter_misc":{"Tahmini okuma s\u00fcresi":"1 dakika"},"schema":{"@context":"https:\/\/schema.org","@graph":[{"@type":"WebPage","@id":"https:\/\/www.distribucionarc.com\/producto\/cortador-de-carne-para-kebab-doner\/","url":"https:\/\/www.distribucionarc.com\/producto\/cortador-de-carne-para-kebab-doner\/","name":"D\u00f6ner Kebap i\u00e7in Et Kesici - ARC da\u011f\u0131t\u0131m\u0131","isPartOf":{"@id":"https:\/\/distribucionarc.com\/sk\/#website"},"primaryImageOfPage":{"@id":"https:\/\/www.distribucionarc.com\/producto\/cortador-de-carne-para-kebab-doner\/#primaryimage"},"image":{"@id":"https:\/\/www.distribucionarc.com\/producto\/cortador-de-carne-para-kebab-doner\/#primaryimage"},"thumbnailUrl":"https:\/\/distribucionarc.com\/wp-content\/uploads\/2020\/07\/Cortador-de-Carne-para-Kebab-D\u00f6ner-0.jpg","datePublished":"2020-07-27T17:47:28+00:00","dateModified":"2020-09-27T10:19:49+00:00","breadcrumb":{"@id":"https:\/\/www.distribucionarc.com\/producto\/cortador-de-carne-para-kebab-doner\/#breadcrumb"},"inLanguage":"tr","potentialAction":[{"@type":"ReadAction","target":["https:\/\/www.distribucionarc.com\/producto\/cortador-de-carne-para-kebab-doner\/"]}]},{"@type":"ImageObject","inLanguage":"tr","@id":"https:\/\/www.distribucionarc.com\/producto\/cortador-de-carne-para-kebab-doner\/#primaryimage","url":"https:\/\/distribucionarc.com\/wp-content\/uploads\/2020\/07\/Cortador-de-Carne-para-Kebab-D\u00f6ner-0.jpg","contentUrl":"https:\/\/distribucionarc.com\/wp-content\/uploads\/2020\/07\/Cortador-de-Carne-para-Kebab-D\u00f6ner-0.jpg","width":1000,"height":1000,"caption":"Cortador de carne para kebab doner"},{"@type":"BreadcrumbList","@id":"https:\/\/www.distribucionarc.com\/producto\/cortador-de-carne-para-kebab-doner\/#breadcrumb","itemListElement":[{"@type":"ListItem","position":1,"name":"Portada","item":"https:\/\/distribucionarc.com\/ro\/"},{"@type":"ListItem","position":2,"name":"Produse","item":"https:\/\/distribucionarc.com\/ro\/magazin\/"},{"@type":"ListItem","position":3,"name":"Cortador de Carne para Kebab D\u00f6ner"}]},{"@type":"WebSite","@id":"https:\/\/distribucionarc.com\/sk\/#website","url":"https:\/\/distribucionarc.com\/sk\/","name":"ARC da\u011f\u0131t\u0131m\u0131","description":"End\u00fcstriyel makinelerin \u00fcretimi ve da\u011f\u0131t\u0131m\u0131 konusunda uzmanla\u015fm\u0131\u015f \u015firket, kutu m\u00fch\u00fcrleme makineleri, tablet yapma makineleri, et kesme makineleri...","publisher":{"@id":"https:\/\/distribucionarc.com\/sk\/#organization"},"potentialAction":[{"@type":"SearchAction","target":{"@type":"EntryPoint","urlTemplate":"https:\/\/distribucionarc.com\/sk\/?s={search_term_string}"},"query-input":{"@type":"PropertyValueSpecification","valueRequired":true,"valueName":"search_term_string"}}],"inLanguage":"tr"},{"@type":"Organization","@id":"https:\/\/distribucionarc.com\/sk\/#organization","name":"ARC Da\u011f\u0131t\u0131m\u0131","url":"https:\/\/distribucionarc.com\/sk\/","logo":{"@type":"ImageObject","inLanguage":"tr","@id":"https:\/\/distribucionarc.com\/sk\/#\/schema\/logo\/image\/","url":"https:\/\/distribucionarc.com\/wp-content\/uploads\/2024\/10\/distribucion-ARC-COLOR-SIN-FONDO-e1732295305345.png","contentUrl":"https:\/\/distribucionarc.com\/wp-content\/uploads\/2024\/10\/distribucion-ARC-COLOR-SIN-FONDO-e1732295305345.png","width":1164,"height":558,"caption":"Distribuci\u00f3n ARC"},"image":{"@id":"https:\/\/distribucionarc.com\/sk\/#\/schema\/logo\/image\/"},"description":"\u015eirket, g\u0131da ve ila\u00e7 sekt\u00f6rleri i\u00e7in end\u00fcstriyel makine \u00fcretimi ve da\u011f\u0131t\u0131m\u0131 konusunda uzmanla\u015fm\u0131\u015ft\u0131r. Uzmanl\u0131k alanlar\u0131m\u0131z Et kesme makineleri Tablet \u00fcretimi End\u00fcstriyel ta\u015f\u0131ma sistemleri \u015ei\u015feleme hatlar\u0131 Dozajlama makineleri Ve \u00e7ok daha fazlas\u0131... \u015eirketinizin \u00fcretim s\u00fcre\u00e7lerini optimize etmek i\u00e7in yenilik\u00e7i ve \u00f6zelle\u015ftirilmi\u015f \u00e7\u00f6z\u00fcmler sunuyoruz.","email":"Admistracion@distribucionarc.com","telephone":"+34 643496664","legalName":"ARC TECH SOLUTIONS","foundingDate":"2024-04-09","vatID":"B55480172","numberOfEmployees":{"@type":"QuantitativeValue","minValue":"1","maxValue":"10"}}]}},"_links":{"self":[{"href":"https:\/\/distribucionarc.com\/tr\/wp-json\/wp\/v2\/product\/1556","targetHints":{"allow":["GET"]}}],"collection":[{"href":"https:\/\/distribucionarc.com\/tr\/wp-json\/wp\/v2\/product"}],"about":[{"href":"https:\/\/distribucionarc.com\/tr\/wp-json\/wp\/v2\/types\/product"}],"replies":[{"embeddable":true,"href":"https:\/\/distribucionarc.com\/tr\/wp-json\/wp\/v2\/comments?post=1556"}],"version-history":[{"count":0,"href":"https:\/\/distribucionarc.com\/tr\/wp-json\/wp\/v2\/product\/1556\/revisions"}],"wp:featuredmedia":[{"embeddable":true,"href":"https:\/\/distribucionarc.com\/tr\/wp-json\/wp\/v2\/media\/1563"}],"wp:attachment":[{"href":"https:\/\/distribucionarc.com\/tr\/wp-json\/wp\/v2\/media?parent=1556"}],"wp:term":[{"taxonomy":"product_brand","embeddable":true,"href":"https:\/\/distribucionarc.com\/tr\/wp-json\/wp\/v2\/product_brand?post=1556"},{"taxonomy":"product_cat","embeddable":true,"href":"https:\/\/distribucionarc.com\/tr\/wp-json\/wp\/v2\/product_cat?post=1556"},{"taxonomy":"product_tag","embeddable":true,"href":"https:\/\/distribucionarc.com\/tr\/wp-json\/wp\/v2\/product_tag?post=1556"}],"curies":[{"name":"wp","href":"https:\/\/api.w.org\/{rel}","templated":true}]}}